{"id":110079,"date":"2025-04-10T08:06:46","date_gmt":"2025-04-10T08:06:46","guid":{"rendered":"https:\/\/www.lifenatura.com\/produto\/chocolate-negro-70-cacao-con-arandanos-100g-vivani\/"},"modified":"2025-11-24T17:34:54","modified_gmt":"2025-11-24T17:34:54","slug":"chocolate-negro-70-cacao-con-arandanos-100g-vivani","status":"publish","type":"product","link":"https:\/\/www.lifenatura.com\/es\/produto\/chocolate-negro-70-cacao-con-arandanos-100g-vivani\/","title":{"rendered":"Chocolate Negro 70% Cacao con Arandanos 80g &#8211; Vivani"},"content":{"rendered":"<h2 data-start=\"298\" data-end=\"350\"><strong>Chocolate negro al 70% de cacao con arandanos<\/strong><\/h2>\n<p>&nbsp;<\/p>\n<p class=\"\" data-start=\"416\" data-end=\"761\"><strong data-start=\"418\" data-end=\"475\">El Chocolate Negro 70% Cacao con Ar\u00e1ndanos Rojo de Vivani<\/strong> es una deliciosa fusi\u00f3n del intenso sabor del cacao negro ecol\u00f3gico y el dulzor ligeramente \u00e1cido de los ar\u00e1ndanos rojos. Una combinaci\u00f3n armoniosa que ofrece una experiencia sensorial rica, equilibrada y naturalmente afrutada, ideal para quienes disfrutan con sabores sofisticados y originales.<\/p>\n<p class=\"\" data-start=\"763\" data-end=\"1104\">Elaborado con <strong data-start=\"777\" data-end=\"813\">un 70% de cacao ecol\u00f3gico<\/strong>, az\u00facar de ca\u00f1a integral y ar\u00e1ndanos secos suavemente endulzados con sirope de manzana, este chocolate est\u00e1 hecho con ingredientes puros, sin aditivos artificiales, gluten ni lactosa. La textura cremosa del chocolate contrasta perfectamente con los trozos de fruta, haciendo de cada cuadrado un descubrimiento.<\/p>\n<p class=\"\" data-start=\"1106\" data-end=\"1357\"><strong data-start=\"1108\" data-end=\"1118\">Vivani<\/strong> es una marca alemana l\u00edder en el mundo del chocolate ecol\u00f3gico, reconocida por su calidad artesanal, su compromiso con la sostenibilidad y su respeto por el medio ambiente, visibles tambi\u00e9n en sus envases ecol\u00f3gicos y sin pl\u00e1stico.<\/p>\n<h4 class=\"\" data-start=\"1359\" data-end=\"1386\">Principales ventajas:<\/h4>\n<ul data-start=\"1387\" data-end=\"1665\">\n<li class=\"\" data-start=\"1387\" data-end=\"1444\">\n<p class=\"\" data-start=\"1389\" data-end=\"1444\">Rico en antioxidantes naturales procedentes del cacao y los ar\u00e1ndanos rojos<\/p>\n<\/li>\n<li class=\"\" data-start=\"1445\" data-end=\"1517\">\n<p class=\"\" data-start=\"1447\" data-end=\"1517\">Una combinaci\u00f3n de sabores intensos y afrutados, equilibrados de forma natural<\/p>\n<\/li>\n<li class=\"\" data-start=\"1518\" data-end=\"1565\">\n<p class=\"\" data-start=\"1520\" data-end=\"1565\">Ingredientes ecol\u00f3gicos, veganos y sin gluten<\/p>\n<\/li>\n<li class=\"\" data-start=\"1566\" data-end=\"1619\">\n<p class=\"\" data-start=\"1568\" data-end=\"1619\">Sin aromas artificiales, lecitinas ni conservantes<\/p>\n<\/li>\n<li class=\"\" data-start=\"1620\" data-end=\"1665\">\n<p class=\"\" data-start=\"1622\" data-end=\"1665\">Envases sostenibles y respetuosos con el medio ambiente<\/p>\n<\/li>\n<\/ul>\n<h4 class=\"\" data-start=\"1667\" data-end=\"1686\">Adecuado para:<\/h4>\n<ul data-start=\"1687\" data-end=\"1921\">\n<li class=\"\" data-start=\"1687\" data-end=\"1748\">\n<p class=\"\" data-start=\"1689\" data-end=\"1748\">Amantes del chocolate negro con un paladar curioso y exigente<\/p>\n<\/li>\n<li class=\"\" data-start=\"1749\" data-end=\"1805\">\n<p class=\"\" data-start=\"1751\" data-end=\"1805\">Los que buscan sabores diferentes con un toque afrutado<\/p>\n<\/li>\n<li class=\"\" data-start=\"1806\" data-end=\"1865\">\n<p class=\"\" data-start=\"1808\" data-end=\"1865\">Personas que valoran los productos ecol\u00f3gicos y conscientes<\/p>\n<\/li>\n<li class=\"\" data-start=\"1866\" data-end=\"1921\">\n<p class=\"\" data-start=\"1868\" data-end=\"1921\">Ideal para disfrutar solo, como tentempi\u00e9 o como regalo<\/p>\n<\/li>\n<\/ul>\n<p class=\"\" data-start=\"1923\" data-end=\"2028\"><strong data-start=\"1923\" data-end=\"1965\">Chocolate negro al 70% con ar\u00e1ndanos Vivani<\/strong>: placer intenso, natural y afrutado en una combinaci\u00f3n perfecta. La intensidad del cacao con el toque afrutado de los ar\u00e1ndanos rojos ecol\u00f3gicos.<\/p>\n<p data-start=\"1923\" data-end=\"2028\"><strong>PRESENTACI\u00d3N<\/strong><\/p>\n<p data-start=\"1923\" data-end=\"2028\">80g<\/p>\n<p data-start=\"1923\" data-end=\"2028\">\n","protected":false},"excerpt":{"rendered":"<p>Chocolate Negro 70% con Ar\u00e1ndanos Vivani: cacao ecol\u00f3gico y frutos rojos en un equilibrio intenso y afrutado. Sin gluten, vegano y elaborado con ingredientes naturales. [&#8230;]<\/p>\n<p><a class=\"btn btn-secondary understrap-read-more-link\" href=\"https:\/\/www.lifenatura.com\/es\/produto\/chocolate-negro-70-cacao-con-arandanos-100g-vivani\/\">Leer m\u00e1s&#8230;<span class=\"screen-reader-text\"> from Chocolate Negro 70% Cacao con Arandanos 80g &#8211; Vivani<\/span><\/a><\/p>\n","protected":false},"featured_media":109813,"template":"","meta":{"_acf_changed":false},"product_brand":[8277],"product_cat":[7064,7152,7081,7659,7074],"product_tag":[],"class_list":{"0":"post-110079","1":"product","2":"type-product","3":"status-publish","4":"has-post-thumbnail","6":"product_brand-vivani","7":"product_cat-alimentacion-sana","8":"product_cat-cacao","9":"product_cat-chocolate-negro","10":"product_cat-ingrediente-natural-bio","11":"product_cat-productos-alimenticios","12":"pa_caracteristicas-biologico","13":"pa_caracteristicas-vegano","15":"first","16":"outofstock","17":"shipping-taxable","18":"purchasable","19":"product-type-simple","20":"add-to-wishlist-before_image"},"acf":[],"yoast_head":"<!-- This site is optimized with the Yoast SEO Premium plugin v27.1 (Yoast SEO v27.5) - https:\/\/yoast.com\/product\/yoast-seo-premium-wordpress\/ -->\n<title>Chocolate Negro 70% Cacao con Arandanos 80g - Vivani - Na Lifenatura ao Melhor Pre\u00e7o | Envio em 48h<\/title>\n<meta name=\"description\" content=\"Chocolate Negro 70% con Ar\u00e1ndanos Vivani: cacao ecol\u00f3gico y frutos rojos en un equilibrio intenso y afrutado. Sin gluten y vegano.\" \/>\n<meta name=\"robots\" content=\"index, follow, max-snippet:-1, max-image-preview:large, max-video-preview:-1\" \/>\n<link rel=\"canonical\" href=\"https:\/\/www.lifenatura.com\/es\/produto\/chocolate-negro-70-cacao-con-arandanos-100g-vivani\/\" \/>\n<meta property=\"og:locale\" content=\"es_ES\" \/>\n<meta property=\"og:type\" content=\"article\" \/>\n<meta property=\"og:title\" content=\"Chocolate Negro 70% Cacao con Arandanos 80g - Vivani - Na Lifenatura ao Melhor Pre\u00e7o | Envio 48h\" \/>\n<meta property=\"og:description\" content=\"Compre Chocolate Negro 70% Cacao con Arandanos 80g - Vivani com envio r\u00e1pido. Entrega em 48h e portes gr\u00e1tis em compras &gt;35\u20ac. Aproveite j\u00e1 na Lifenatura\" \/>\n<meta property=\"og:url\" content=\"https:\/\/www.lifenatura.com\/es\/produto\/chocolate-negro-70-cacao-con-arandanos-100g-vivani\/\" \/>\n<meta property=\"og:site_name\" content=\"Lifenatura\" \/>\n<meta property=\"article:publisher\" content=\"https:\/\/www.facebook.com\/lifenatura\" \/>\n<meta property=\"article:modified_time\" content=\"2025-11-24T17:34:54+00:00\" \/>\n<meta property=\"og:image\" content=\"https:\/\/www.lifenatura.com\/wp-content\/uploads\/2025\/04\/chocolate-70cacau-arandanos-vivani.jpg\" \/>\n\t<meta property=\"og:image:width\" content=\"1000\" \/>\n\t<meta property=\"og:image:height\" content=\"1000\" \/>\n\t<meta property=\"og:image:type\" content=\"image\/jpeg\" \/>\n<meta name=\"twitter:card\" content=\"summary_large_image\" \/>\n<meta name=\"twitter:label1\" content=\"Precio\" \/>\n\t<meta name=\"twitter:data1\" content=\"3,87&nbsp;&euro;\" \/>\n\t<meta name=\"twitter:label2\" content=\"Disponibilidad\" \/>\n\t<meta name=\"twitter:data2\" content=\"Sin existencias\" \/>\n<script type=\"application\/ld+json\" class=\"yoast-schema-graph\">{\"@context\":\"https:\\\/\\\/schema.org\",\"@graph\":[{\"@type\":\"WebPage\",\"@id\":\"https:\\\/\\\/www.lifenatura.com\\\/es\\\/produto\\\/chocolate-negro-70-cacao-con-arandanos-100g-vivani\\\/\",\"url\":\"https:\\\/\\\/www.lifenatura.com\\\/es\\\/produto\\\/chocolate-negro-70-cacao-con-arandanos-100g-vivani\\\/\",\"name\":\"Chocolate Negro 70% Cacao con Arandanos 80g - Vivani - Na Lifenatura ao Melhor Pre\u00e7o | Envio em 48h\",\"isPartOf\":{\"@id\":\"https:\\\/\\\/www.lifenatura.com\\\/es\\\/#website\"},\"primaryImageOfPage\":{\"@id\":\"https:\\\/\\\/www.lifenatura.com\\\/es\\\/produto\\\/chocolate-negro-70-cacao-con-arandanos-100g-vivani\\\/#primaryimage\"},\"image\":{\"@id\":\"https:\\\/\\\/www.lifenatura.com\\\/es\\\/produto\\\/chocolate-negro-70-cacao-con-arandanos-100g-vivani\\\/#primaryimage\"},\"thumbnailUrl\":\"https:\\\/\\\/www.lifenatura.com\\\/wp-content\\\/uploads\\\/2025\\\/04\\\/chocolate-70cacau-arandanos-vivani.jpg\",\"datePublished\":\"2025-04-10T08:06:46+00:00\",\"dateModified\":\"2025-11-24T17:34:54+00:00\",\"description\":\"Chocolate Negro 70% con Ar\u00e1ndanos Vivani: cacao ecol\u00f3gico y frutos rojos en un equilibrio intenso y afrutado. Sin gluten y vegano.\",\"breadcrumb\":{\"@id\":\"https:\\\/\\\/www.lifenatura.com\\\/es\\\/produto\\\/chocolate-negro-70-cacao-con-arandanos-100g-vivani\\\/#breadcrumb\"},\"inLanguage\":\"es\",\"potentialAction\":[{\"@type\":\"ReadAction\",\"target\":[\"https:\\\/\\\/www.lifenatura.com\\\/es\\\/produto\\\/chocolate-negro-70-cacao-con-arandanos-100g-vivani\\\/\"]}]},{\"@type\":\"ImageObject\",\"inLanguage\":\"es\",\"@id\":\"https:\\\/\\\/www.lifenatura.com\\\/es\\\/produto\\\/chocolate-negro-70-cacao-con-arandanos-100g-vivani\\\/#primaryimage\",\"url\":\"https:\\\/\\\/www.lifenatura.com\\\/wp-content\\\/uploads\\\/2025\\\/04\\\/chocolate-70cacau-arandanos-vivani.jpg\",\"contentUrl\":\"https:\\\/\\\/www.lifenatura.com\\\/wp-content\\\/uploads\\\/2025\\\/04\\\/chocolate-70cacau-arandanos-vivani.jpg\",\"width\":1000,\"height\":1000,\"caption\":\"Chocolate negro Vivani 70% con ar\u00e1ndanos\"},{\"@type\":\"BreadcrumbList\",\"@id\":\"https:\\\/\\\/www.lifenatura.com\\\/es\\\/produto\\\/chocolate-negro-70-cacao-con-arandanos-100g-vivani\\\/#breadcrumb\",\"itemListElement\":[{\"@type\":\"ListItem\",\"position\":1,\"name\":\"In\u00edcio\",\"item\":\"https:\\\/\\\/www.lifenatura.com\\\/es\\\/\"},{\"@type\":\"ListItem\",\"position\":2,\"name\":\"Todos los Productos\",\"item\":\"https:\\\/\\\/www.lifenatura.com\\\/es\\\/tienda\\\/\"},{\"@type\":\"ListItem\",\"position\":3,\"name\":\"Chocolate Negro 70% Cacao con Arandanos 80g &#8211; Vivani\"}]},{\"@type\":\"WebSite\",\"@id\":\"https:\\\/\\\/www.lifenatura.com\\\/es\\\/#website\",\"url\":\"https:\\\/\\\/www.lifenatura.com\\\/es\\\/\",\"name\":\"Lifenatura\",\"description\":\"A Lifenatura \u00e9 uma loja de produtos naturais, cosm\u00e9tica natural e alimenta\u00e7\u00e3o Biol\u00f3gica.\",\"publisher\":{\"@id\":\"https:\\\/\\\/www.lifenatura.com\\\/es\\\/#organization\"},\"potentialAction\":[{\"@type\":\"SearchAction\",\"target\":{\"@type\":\"EntryPoint\",\"urlTemplate\":\"https:\\\/\\\/www.lifenatura.com\\\/es\\\/?s={search_term_string}\"},\"query-input\":{\"@type\":\"PropertyValueSpecification\",\"valueRequired\":true,\"valueName\":\"search_term_string\"}}],\"inLanguage\":\"es\"},{\"@type\":\"Organization\",\"@id\":\"https:\\\/\\\/www.lifenatura.com\\\/es\\\/#organization\",\"name\":\"Lifenatura\",\"url\":\"https:\\\/\\\/www.lifenatura.com\\\/es\\\/\",\"logo\":{\"@type\":\"ImageObject\",\"inLanguage\":\"es\",\"@id\":\"https:\\\/\\\/www.lifenatura.com\\\/es\\\/#\\\/schema\\\/logo\\\/image\\\/\",\"url\":\"https:\\\/\\\/www.lifenatura.com\\\/wp-content\\\/uploads\\\/2021\\\/07\\\/logo.png\",\"contentUrl\":\"https:\\\/\\\/www.lifenatura.com\\\/wp-content\\\/uploads\\\/2021\\\/07\\\/logo.png\",\"width\":175,\"height\":55,\"caption\":\"Lifenatura\"},\"image\":{\"@id\":\"https:\\\/\\\/www.lifenatura.com\\\/es\\\/#\\\/schema\\\/logo\\\/image\\\/\"},\"sameAs\":[\"https:\\\/\\\/www.facebook.com\\\/lifenatura\",\"https:\\\/\\\/www.instagram.com\\\/lifenaturapt\\\/\"],\"hasMerchantReturnPolicy\":{\"@type\":\"MerchantReturnPolicy\",\"merchantReturnLink\":\"https:\\\/\\\/www.lifenatura.com\\\/termos-condicoes-lifenatura\\\/\"}}]}<\/script>\n<meta property=\"product:price:amount\" content=\"3.87\" \/>\n<meta property=\"product:price:currency\" content=\"EUR\" \/>\n<meta property=\"og:availability\" content=\"out of stock\" \/>\n<meta property=\"product:availability\" content=\"out of stock\" \/>\n<meta property=\"product:retailer_item_id\" content=\"4044889002119\" \/>\n<meta property=\"product:condition\" content=\"new\" \/>\n<!-- \/ Yoast SEO Premium plugin. -->","yoast_head_json":{"title":"Chocolate Negro 70% Cacao con Arandanos 80g - Vivani - Na Lifenatura ao Melhor Pre\u00e7o | Envio em 48h","description":"Chocolate Negro 70% con Ar\u00e1ndanos Vivani: cacao ecol\u00f3gico y frutos rojos en un equilibrio intenso y afrutado. Sin gluten y vegano.","robots":{"index":"index","follow":"follow","max-snippet":"max-snippet:-1","max-image-preview":"max-image-preview:large","max-video-preview":"max-video-preview:-1"},"canonical":"https:\/\/www.lifenatura.com\/es\/produto\/chocolate-negro-70-cacao-con-arandanos-100g-vivani\/","og_locale":"es_ES","og_type":"article","og_title":"Chocolate Negro 70% Cacao con Arandanos 80g - Vivani - Na Lifenatura ao Melhor Pre\u00e7o | Envio 48h","og_description":"Compre Chocolate Negro 70% Cacao con Arandanos 80g - Vivani com envio r\u00e1pido. Entrega em 48h e portes gr\u00e1tis em compras >35\u20ac. Aproveite j\u00e1 na Lifenatura","og_url":"https:\/\/www.lifenatura.com\/es\/produto\/chocolate-negro-70-cacao-con-arandanos-100g-vivani\/","og_site_name":"Lifenatura","article_publisher":"https:\/\/www.facebook.com\/lifenatura","article_modified_time":"2025-11-24T17:34:54+00:00","og_image":[{"width":1000,"height":1000,"url":"https:\/\/www.lifenatura.com\/wp-content\/uploads\/2025\/04\/chocolate-70cacau-arandanos-vivani.jpg","type":"image\/jpeg"}],"twitter_card":"summary_large_image","twitter_misc":{"Precio":"3,87&nbsp;&euro;","Disponibilidad":"Sin existencias"},"schema":{"@context":"https:\/\/schema.org","@graph":[{"@type":"WebPage","@id":"https:\/\/www.lifenatura.com\/es\/produto\/chocolate-negro-70-cacao-con-arandanos-100g-vivani\/","url":"https:\/\/www.lifenatura.com\/es\/produto\/chocolate-negro-70-cacao-con-arandanos-100g-vivani\/","name":"Chocolate Negro 70% Cacao con Arandanos 80g - Vivani - Na Lifenatura ao Melhor Pre\u00e7o | Envio em 48h","isPartOf":{"@id":"https:\/\/www.lifenatura.com\/es\/#website"},"primaryImageOfPage":{"@id":"https:\/\/www.lifenatura.com\/es\/produto\/chocolate-negro-70-cacao-con-arandanos-100g-vivani\/#primaryimage"},"image":{"@id":"https:\/\/www.lifenatura.com\/es\/produto\/chocolate-negro-70-cacao-con-arandanos-100g-vivani\/#primaryimage"},"thumbnailUrl":"https:\/\/www.lifenatura.com\/wp-content\/uploads\/2025\/04\/chocolate-70cacau-arandanos-vivani.jpg","datePublished":"2025-04-10T08:06:46+00:00","dateModified":"2025-11-24T17:34:54+00:00","description":"Chocolate Negro 70% con Ar\u00e1ndanos Vivani: cacao ecol\u00f3gico y frutos rojos en un equilibrio intenso y afrutado. Sin gluten y vegano.","breadcrumb":{"@id":"https:\/\/www.lifenatura.com\/es\/produto\/chocolate-negro-70-cacao-con-arandanos-100g-vivani\/#breadcrumb"},"inLanguage":"es","potentialAction":[{"@type":"ReadAction","target":["https:\/\/www.lifenatura.com\/es\/produto\/chocolate-negro-70-cacao-con-arandanos-100g-vivani\/"]}]},{"@type":"ImageObject","inLanguage":"es","@id":"https:\/\/www.lifenatura.com\/es\/produto\/chocolate-negro-70-cacao-con-arandanos-100g-vivani\/#primaryimage","url":"https:\/\/www.lifenatura.com\/wp-content\/uploads\/2025\/04\/chocolate-70cacau-arandanos-vivani.jpg","contentUrl":"https:\/\/www.lifenatura.com\/wp-content\/uploads\/2025\/04\/chocolate-70cacau-arandanos-vivani.jpg","width":1000,"height":1000,"caption":"Chocolate negro Vivani 70% con ar\u00e1ndanos"},{"@type":"BreadcrumbList","@id":"https:\/\/www.lifenatura.com\/es\/produto\/chocolate-negro-70-cacao-con-arandanos-100g-vivani\/#breadcrumb","itemListElement":[{"@type":"ListItem","position":1,"name":"In\u00edcio","item":"https:\/\/www.lifenatura.com\/es\/"},{"@type":"ListItem","position":2,"name":"Todos los Productos","item":"https:\/\/www.lifenatura.com\/es\/tienda\/"},{"@type":"ListItem","position":3,"name":"Chocolate Negro 70% Cacao con Arandanos 80g &#8211; Vivani"}]},{"@type":"WebSite","@id":"https:\/\/www.lifenatura.com\/es\/#website","url":"https:\/\/www.lifenatura.com\/es\/","name":"Lifenatura","description":"A Lifenatura \u00e9 uma loja de produtos naturais, cosm\u00e9tica natural e alimenta\u00e7\u00e3o Biol\u00f3gica.","publisher":{"@id":"https:\/\/www.lifenatura.com\/es\/#organization"},"potentialAction":[{"@type":"SearchAction","target":{"@type":"EntryPoint","urlTemplate":"https:\/\/www.lifenatura.com\/es\/?s={search_term_string}"},"query-input":{"@type":"PropertyValueSpecification","valueRequired":true,"valueName":"search_term_string"}}],"inLanguage":"es"},{"@type":"Organization","@id":"https:\/\/www.lifenatura.com\/es\/#organization","name":"Lifenatura","url":"https:\/\/www.lifenatura.com\/es\/","logo":{"@type":"ImageObject","inLanguage":"es","@id":"https:\/\/www.lifenatura.com\/es\/#\/schema\/logo\/image\/","url":"https:\/\/www.lifenatura.com\/wp-content\/uploads\/2021\/07\/logo.png","contentUrl":"https:\/\/www.lifenatura.com\/wp-content\/uploads\/2021\/07\/logo.png","width":175,"height":55,"caption":"Lifenatura"},"image":{"@id":"https:\/\/www.lifenatura.com\/es\/#\/schema\/logo\/image\/"},"sameAs":["https:\/\/www.facebook.com\/lifenatura","https:\/\/www.instagram.com\/lifenaturapt\/"],"hasMerchantReturnPolicy":{"@type":"MerchantReturnPolicy","merchantReturnLink":"https:\/\/www.lifenatura.com\/termos-condicoes-lifenatura\/"}}]},"product_price_amount":"3.87","product_price_currency":"EUR","og_availability":"out of stock","product_availability":"out of stock","product_retailer_item_id":"4044889002119","product_condition":"new"},"df_price":3.87,"df_sale_price":"","df_regular_price":3.87,"df_image_link":"https:\/\/www.lifenatura.com\/wp-content\/uploads\/2025\/04\/chocolate-70cacau-arandanos-vivani-300x300.jpg","_links":{"self":[{"href":"https:\/\/www.lifenatura.com\/es\/wp-json\/wp\/v2\/product\/110079","targetHints":{"allow":["GET"]}}],"collection":[{"href":"https:\/\/www.lifenatura.com\/es\/wp-json\/wp\/v2\/product"}],"about":[{"href":"https:\/\/www.lifenatura.com\/es\/wp-json\/wp\/v2\/types\/product"}],"wp:featuredmedia":[{"embeddable":true,"href":"https:\/\/www.lifenatura.com\/es\/wp-json\/wp\/v2\/media\/109813"}],"wp:attachment":[{"href":"https:\/\/www.lifenatura.com\/es\/wp-json\/wp\/v2\/media?parent=110079"}],"wp:term":[{"taxonomy":"product_brand","embeddable":true,"href":"https:\/\/www.lifenatura.com\/es\/wp-json\/wp\/v2\/product_brand?post=110079"},{"taxonomy":"product_cat","embeddable":true,"href":"https:\/\/www.lifenatura.com\/es\/wp-json\/wp\/v2\/product_cat?post=110079"},{"taxonomy":"product_tag","embeddable":true,"href":"https:\/\/www.lifenatura.com\/es\/wp-json\/wp\/v2\/product_tag?post=110079"}],"curies":[{"name":"wp","href":"https:\/\/api.w.org\/{rel}","templated":true}]}}