{"id":110077,"date":"2025-04-10T07:37:57","date_gmt":"2025-04-10T07:37:57","guid":{"rendered":"https:\/\/www.lifenatura.com\/produto\/chocolate-100-cacao-con-nibs-de-cacao-80g-vivani\/"},"modified":"2025-05-15T16:48:29","modified_gmt":"2025-05-15T16:48:29","slug":"chocolate-100-cacao-con-nibs-de-cacao-80g-vivani","status":"publish","type":"product","link":"https:\/\/www.lifenatura.com\/es\/produto\/chocolate-100-cacao-con-nibs-de-cacao-80g-vivani\/","title":{"rendered":"Chocolate 100% Cacao con Nibs de Cacao 80g &#8211; Vivani"},"content":{"rendered":"<h2 style=\"text-align: left;\" data-start=\"293\" data-end=\"343\"><strong>Chocolate negro 100% cacao con nibs<\/strong><\/h2>\n<p>&nbsp;<\/p>\n<p class=\"\" data-start=\"399\" data-end=\"800\"><strong data-start=\"401\" data-end=\"456\">El Chocolate Negro 100% Cacao con Nibs de Vivani<\/strong> es un verdadero homenaje al cacao en su forma m\u00e1s pura y aut\u00e9ntica. Sin az\u00facares ni edulcorantes a\u00f1adidos, esta tableta se compone exclusivamente de pasta de cacao, manteca de cacao y crujientes nibs de cacao -peque\u00f1os trozos de habas de cacao fermentadas y tostadas- que realzan a\u00fan m\u00e1s la intensidad y el car\u00e1cter de este chocolate \u00fanico.<\/p>\n<p class=\"\" data-start=\"802\" data-end=\"1079\">Este chocolate es <strong data-start=\"819\" data-end=\"870\">100% ecol\u00f3gico, vegano, sin gluten ni lactosa<\/strong>, y no contiene aditivos artificiales. Es ideal para paladares exigentes que buscan una experiencia sensorial rica y genuina, con un sabor intensamente amargo y una textura sorprendente gracias a los nibs.<\/p>\n<p class=\"\" data-start=\"1081\" data-end=\"1295\">La marca <strong data-start=\"1089\" data-end=\"1099\">Vivani<\/strong>, un referente en el mundo del chocolate ecol\u00f3gico, combina la tradici\u00f3n artesanal con la sostenibilidad, ofreciendo productos de alta calidad en envases ecol\u00f3gicos, sin pl\u00e1stico y con un dise\u00f1o minimalista.<\/p>\n<h4 class=\"\" data-start=\"1297\" data-end=\"1324\">Principales ventajas:<\/h4>\n<ul data-start=\"1325\" data-end=\"1571\">\n<li class=\"\" data-start=\"1325\" data-end=\"1367\">\n<p class=\"\" data-start=\"1327\" data-end=\"1367\">100% cacao: sin az\u00facar, puro e intenso<\/p>\n<\/li>\n<li class=\"\" data-start=\"1368\" data-end=\"1424\">\n<p class=\"\" data-start=\"1370\" data-end=\"1424\">Alto contenido en antioxidantes naturales (flavonoides)<\/p>\n<\/li>\n<li class=\"\" data-start=\"1425\" data-end=\"1453\">\n<p class=\"\" data-start=\"1427\" data-end=\"1453\">Rico en fibra y magnesio<\/p>\n<\/li>\n<li class=\"\" data-start=\"1454\" data-end=\"1517\">\n<p class=\"\" data-start=\"1456\" data-end=\"1517\">Con nibs de cacao que a\u00f1aden textura y valor nutritivo<\/p>\n<\/li>\n<li class=\"\" data-start=\"1518\" data-end=\"1571\">\n<p class=\"\" data-start=\"1520\" data-end=\"1571\">Ecol\u00f3gico, vegano, sin gluten, lactosa ni aditivos<\/p>\n<\/li>\n<\/ul>\n<h4 class=\"\" data-start=\"1573\" data-end=\"1592\">Adecuado para:<\/h4>\n<ul data-start=\"1593\" data-end=\"1821\">\n<li class=\"\" data-start=\"1593\" data-end=\"1642\">\n<p class=\"\" data-start=\"1595\" data-end=\"1642\">Amantes del chocolate extremadamente negro<\/p>\n<\/li>\n<li class=\"\" data-start=\"1643\" data-end=\"1701\">\n<p class=\"\" data-start=\"1645\" data-end=\"1701\">Personas que siguen dietas sin az\u00facar, bajas en carbohidratos o ceto<\/p>\n<\/li>\n<li class=\"\" data-start=\"1702\" data-end=\"1756\">\n<p class=\"\" data-start=\"1704\" data-end=\"1756\">Los que valoran los ingredientes puros y sin procesar<\/p>\n<\/li>\n<li class=\"\" data-start=\"1757\" data-end=\"1821\">\n<p class=\"\" data-start=\"1759\" data-end=\"1821\">Ideal para saborear lentamente o utilizar en recetas gourmet<\/p>\n<\/li>\n<\/ul>\n<p class=\"\" data-start=\"1823\" data-end=\"1942\"><strong data-start=\"1823\" data-end=\"1869\">Chocolate Negro 100% Cacao con Nibs Vivani<\/strong> &#8211; la esencia del cacao, intenso y crujiente, para los verdaderos puristas, La Pureza del Cacao en Estado Puro con una Textura Crujiente.<\/p>\n<p data-start=\"1823\" data-end=\"1942\"><strong>PRESENTACI\u00d3N<\/strong><\/p>\n<p data-start=\"1823\" data-end=\"1942\">80g<\/p>\n<p data-start=\"1823\" data-end=\"1942\">\n","protected":false},"excerpt":{"rendered":"<p class=\"\" data-start=\"1949\" data-end=\"2126\">Chocolate negro con nibs Vivani 100% cacao: puro, sin az\u00facar, ecol\u00f3gico y con una textura crujiente. Ideal para dietas bajas en carbohidratos y amantes del cacao intenso.<\/p>\n<p> [&#8230;]<\/p>\n<p><a class=\"btn btn-secondary understrap-read-more-link\" href=\"https:\/\/www.lifenatura.com\/es\/produto\/chocolate-100-cacao-con-nibs-de-cacao-80g-vivani\/\">Leer m\u00e1s&#8230;<span class=\"screen-reader-text\"> from Chocolate 100% Cacao con Nibs de Cacao 80g &#8211; Vivani<\/span><\/a><\/p>\n","protected":false},"featured_media":109803,"template":"","meta":{"_acf_changed":false},"product_brand":[8277],"product_cat":[7064,7152,7081,7659,7074],"product_tag":[],"class_list":{"0":"post-110077","1":"product","2":"type-product","3":"status-publish","4":"has-post-thumbnail","6":"product_brand-vivani","7":"product_cat-alimentacion-sana","8":"product_cat-cacao","9":"product_cat-chocolate-negro","10":"product_cat-ingrediente-natural-bio","11":"product_cat-productos-alimenticios","12":"pa_caracteristicas-biologico","13":"pa_caracteristicas-sin-azucares-anadidos","14":"pa_caracteristicas-sin-conservantes","15":"pa_caracteristicas-vegano","17":"first","18":"instock","19":"shipping-taxable","20":"purchasable","21":"product-type-simple","22":"add-to-wishlist-before_image"},"acf":[],"yoast_head":"<!-- This site is optimized with the Yoast SEO Premium plugin v27.1 (Yoast SEO v27.5) - https:\/\/yoast.com\/product\/yoast-seo-premium-wordpress\/ -->\n<title>Chocolate 100% Cacao con Nibs de Cacao 80g - Vivani - Na Lifenatura ao Melhor Pre\u00e7o | Envio em 48h<\/title>\n<meta name=\"description\" content=\"Chocolate negro con nibs Vivani 100% sin az\u00facar, eco y con una textura crujiente. Ideal para dietas bajas en carbohidratos y amantes del cacao intenso.\" \/>\n<meta name=\"robots\" content=\"index, follow, max-snippet:-1, max-image-preview:large, max-video-preview:-1\" \/>\n<link rel=\"canonical\" href=\"https:\/\/www.lifenatura.com\/es\/produto\/chocolate-100-cacao-con-nibs-de-cacao-80g-vivani\/\" \/>\n<meta property=\"og:locale\" content=\"es_ES\" \/>\n<meta property=\"og:type\" content=\"article\" \/>\n<meta property=\"og:title\" content=\"Chocolate 100% Cacao con Nibs de Cacao 80g - Vivani - Na Lifenatura ao Melhor Pre\u00e7o | Envio 48h\" \/>\n<meta property=\"og:description\" content=\"Compre Chocolate 100% Cacao con Nibs de Cacao 80g - Vivani com envio r\u00e1pido. Entrega em 48h e portes gr\u00e1tis em compras &gt;35\u20ac. Aproveite j\u00e1 na Lifenatura\" \/>\n<meta property=\"og:url\" content=\"https:\/\/www.lifenatura.com\/es\/produto\/chocolate-100-cacao-con-nibs-de-cacao-80g-vivani\/\" \/>\n<meta property=\"og:site_name\" content=\"Lifenatura\" \/>\n<meta property=\"article:publisher\" content=\"https:\/\/www.facebook.com\/lifenatura\" \/>\n<meta property=\"article:modified_time\" content=\"2025-05-15T16:48:29+00:00\" \/>\n<meta property=\"og:image\" content=\"https:\/\/www.lifenatura.com\/wp-content\/uploads\/2025\/04\/chocolate-100cacau-vivani.jpg\" \/>\n\t<meta property=\"og:image:width\" content=\"1000\" \/>\n\t<meta property=\"og:image:height\" content=\"1000\" \/>\n\t<meta property=\"og:image:type\" content=\"image\/jpeg\" \/>\n<meta name=\"twitter:card\" content=\"summary_large_image\" \/>\n<meta name=\"twitter:label1\" content=\"Precio\" \/>\n\t<meta name=\"twitter:data1\" content=\"4,70&nbsp;&euro;\" \/>\n\t<meta name=\"twitter:label2\" content=\"Disponibilidad\" \/>\n\t<meta name=\"twitter:data2\" content=\"Disponible\" \/>\n<script type=\"application\/ld+json\" class=\"yoast-schema-graph\">{\"@context\":\"https:\\\/\\\/schema.org\",\"@graph\":[{\"@type\":\"WebPage\",\"@id\":\"https:\\\/\\\/www.lifenatura.com\\\/es\\\/produto\\\/chocolate-100-cacao-con-nibs-de-cacao-80g-vivani\\\/\",\"url\":\"https:\\\/\\\/www.lifenatura.com\\\/es\\\/produto\\\/chocolate-100-cacao-con-nibs-de-cacao-80g-vivani\\\/\",\"name\":\"Chocolate 100% Cacao con Nibs de Cacao 80g - Vivani - Na Lifenatura ao Melhor Pre\u00e7o | Envio em 48h\",\"isPartOf\":{\"@id\":\"https:\\\/\\\/www.lifenatura.com\\\/es\\\/#website\"},\"primaryImageOfPage\":{\"@id\":\"https:\\\/\\\/www.lifenatura.com\\\/es\\\/produto\\\/chocolate-100-cacao-con-nibs-de-cacao-80g-vivani\\\/#primaryimage\"},\"image\":{\"@id\":\"https:\\\/\\\/www.lifenatura.com\\\/es\\\/produto\\\/chocolate-100-cacao-con-nibs-de-cacao-80g-vivani\\\/#primaryimage\"},\"thumbnailUrl\":\"https:\\\/\\\/www.lifenatura.com\\\/wp-content\\\/uploads\\\/2025\\\/04\\\/chocolate-100cacau-vivani.jpg\",\"datePublished\":\"2025-04-10T07:37:57+00:00\",\"dateModified\":\"2025-05-15T16:48:29+00:00\",\"description\":\"Chocolate negro con nibs Vivani 100% sin az\u00facar, eco y con una textura crujiente. Ideal para dietas bajas en carbohidratos y amantes del cacao intenso.\",\"breadcrumb\":{\"@id\":\"https:\\\/\\\/www.lifenatura.com\\\/es\\\/produto\\\/chocolate-100-cacao-con-nibs-de-cacao-80g-vivani\\\/#breadcrumb\"},\"inLanguage\":\"es\",\"potentialAction\":[{\"@type\":\"ReadAction\",\"target\":[\"https:\\\/\\\/www.lifenatura.com\\\/es\\\/produto\\\/chocolate-100-cacao-con-nibs-de-cacao-80g-vivani\\\/\"]}]},{\"@type\":\"ImageObject\",\"inLanguage\":\"es\",\"@id\":\"https:\\\/\\\/www.lifenatura.com\\\/es\\\/produto\\\/chocolate-100-cacao-con-nibs-de-cacao-80g-vivani\\\/#primaryimage\",\"url\":\"https:\\\/\\\/www.lifenatura.com\\\/wp-content\\\/uploads\\\/2025\\\/04\\\/chocolate-100cacau-vivani.jpg\",\"contentUrl\":\"https:\\\/\\\/www.lifenatura.com\\\/wp-content\\\/uploads\\\/2025\\\/04\\\/chocolate-100cacau-vivani.jpg\",\"width\":1000,\"height\":1000,\"caption\":\"Chocolate 100% cacao de la marca Vivani\"},{\"@type\":\"BreadcrumbList\",\"@id\":\"https:\\\/\\\/www.lifenatura.com\\\/es\\\/produto\\\/chocolate-100-cacao-con-nibs-de-cacao-80g-vivani\\\/#breadcrumb\",\"itemListElement\":[{\"@type\":\"ListItem\",\"position\":1,\"name\":\"In\u00edcio\",\"item\":\"https:\\\/\\\/www.lifenatura.com\\\/es\\\/\"},{\"@type\":\"ListItem\",\"position\":2,\"name\":\"Todos los Productos\",\"item\":\"https:\\\/\\\/www.lifenatura.com\\\/es\\\/tienda\\\/\"},{\"@type\":\"ListItem\",\"position\":3,\"name\":\"Chocolate 100% Cacao con Nibs de Cacao 80g &#8211; Vivani\"}]},{\"@type\":\"WebSite\",\"@id\":\"https:\\\/\\\/www.lifenatura.com\\\/es\\\/#website\",\"url\":\"https:\\\/\\\/www.lifenatura.com\\\/es\\\/\",\"name\":\"Lifenatura\",\"description\":\"A Lifenatura \u00e9 uma loja de produtos naturais, cosm\u00e9tica natural e alimenta\u00e7\u00e3o Biol\u00f3gica.\",\"publisher\":{\"@id\":\"https:\\\/\\\/www.lifenatura.com\\\/es\\\/#organization\"},\"potentialAction\":[{\"@type\":\"SearchAction\",\"target\":{\"@type\":\"EntryPoint\",\"urlTemplate\":\"https:\\\/\\\/www.lifenatura.com\\\/es\\\/?s={search_term_string}\"},\"query-input\":{\"@type\":\"PropertyValueSpecification\",\"valueRequired\":true,\"valueName\":\"search_term_string\"}}],\"inLanguage\":\"es\"},{\"@type\":\"Organization\",\"@id\":\"https:\\\/\\\/www.lifenatura.com\\\/es\\\/#organization\",\"name\":\"Lifenatura\",\"url\":\"https:\\\/\\\/www.lifenatura.com\\\/es\\\/\",\"logo\":{\"@type\":\"ImageObject\",\"inLanguage\":\"es\",\"@id\":\"https:\\\/\\\/www.lifenatura.com\\\/es\\\/#\\\/schema\\\/logo\\\/image\\\/\",\"url\":\"https:\\\/\\\/www.lifenatura.com\\\/wp-content\\\/uploads\\\/2021\\\/07\\\/logo.png\",\"contentUrl\":\"https:\\\/\\\/www.lifenatura.com\\\/wp-content\\\/uploads\\\/2021\\\/07\\\/logo.png\",\"width\":175,\"height\":55,\"caption\":\"Lifenatura\"},\"image\":{\"@id\":\"https:\\\/\\\/www.lifenatura.com\\\/es\\\/#\\\/schema\\\/logo\\\/image\\\/\"},\"sameAs\":[\"https:\\\/\\\/www.facebook.com\\\/lifenatura\",\"https:\\\/\\\/www.instagram.com\\\/lifenaturapt\\\/\"],\"hasMerchantReturnPolicy\":{\"@type\":\"MerchantReturnPolicy\",\"merchantReturnLink\":\"https:\\\/\\\/www.lifenatura.com\\\/termos-condicoes-lifenatura\\\/\"}}]}<\/script>\n<meta property=\"product:price:amount\" content=\"4.70\" \/>\n<meta property=\"product:price:currency\" content=\"EUR\" \/>\n<meta property=\"og:availability\" content=\"instock\" \/>\n<meta property=\"product:availability\" content=\"instock\" \/>\n<meta property=\"product:retailer_item_id\" content=\"4044889004106\" \/>\n<meta property=\"product:condition\" content=\"new\" \/>\n<!-- \/ Yoast SEO Premium plugin. -->","yoast_head_json":{"title":"Chocolate 100% Cacao con Nibs de Cacao 80g - Vivani - Na Lifenatura ao Melhor Pre\u00e7o | Envio em 48h","description":"Chocolate negro con nibs Vivani 100% sin az\u00facar, eco y con una textura crujiente. Ideal para dietas bajas en carbohidratos y amantes del cacao intenso.","robots":{"index":"index","follow":"follow","max-snippet":"max-snippet:-1","max-image-preview":"max-image-preview:large","max-video-preview":"max-video-preview:-1"},"canonical":"https:\/\/www.lifenatura.com\/es\/produto\/chocolate-100-cacao-con-nibs-de-cacao-80g-vivani\/","og_locale":"es_ES","og_type":"article","og_title":"Chocolate 100% Cacao con Nibs de Cacao 80g - Vivani - Na Lifenatura ao Melhor Pre\u00e7o | Envio 48h","og_description":"Compre Chocolate 100% Cacao con Nibs de Cacao 80g - Vivani com envio r\u00e1pido. Entrega em 48h e portes gr\u00e1tis em compras >35\u20ac. Aproveite j\u00e1 na Lifenatura","og_url":"https:\/\/www.lifenatura.com\/es\/produto\/chocolate-100-cacao-con-nibs-de-cacao-80g-vivani\/","og_site_name":"Lifenatura","article_publisher":"https:\/\/www.facebook.com\/lifenatura","article_modified_time":"2025-05-15T16:48:29+00:00","og_image":[{"width":1000,"height":1000,"url":"https:\/\/www.lifenatura.com\/wp-content\/uploads\/2025\/04\/chocolate-100cacau-vivani.jpg","type":"image\/jpeg"}],"twitter_card":"summary_large_image","twitter_misc":{"Precio":"4,70&nbsp;&euro;","Disponibilidad":"Disponible"},"schema":{"@context":"https:\/\/schema.org","@graph":[{"@type":"WebPage","@id":"https:\/\/www.lifenatura.com\/es\/produto\/chocolate-100-cacao-con-nibs-de-cacao-80g-vivani\/","url":"https:\/\/www.lifenatura.com\/es\/produto\/chocolate-100-cacao-con-nibs-de-cacao-80g-vivani\/","name":"Chocolate 100% Cacao con Nibs de Cacao 80g - Vivani - Na Lifenatura ao Melhor Pre\u00e7o | Envio em 48h","isPartOf":{"@id":"https:\/\/www.lifenatura.com\/es\/#website"},"primaryImageOfPage":{"@id":"https:\/\/www.lifenatura.com\/es\/produto\/chocolate-100-cacao-con-nibs-de-cacao-80g-vivani\/#primaryimage"},"image":{"@id":"https:\/\/www.lifenatura.com\/es\/produto\/chocolate-100-cacao-con-nibs-de-cacao-80g-vivani\/#primaryimage"},"thumbnailUrl":"https:\/\/www.lifenatura.com\/wp-content\/uploads\/2025\/04\/chocolate-100cacau-vivani.jpg","datePublished":"2025-04-10T07:37:57+00:00","dateModified":"2025-05-15T16:48:29+00:00","description":"Chocolate negro con nibs Vivani 100% sin az\u00facar, eco y con una textura crujiente. Ideal para dietas bajas en carbohidratos y amantes del cacao intenso.","breadcrumb":{"@id":"https:\/\/www.lifenatura.com\/es\/produto\/chocolate-100-cacao-con-nibs-de-cacao-80g-vivani\/#breadcrumb"},"inLanguage":"es","potentialAction":[{"@type":"ReadAction","target":["https:\/\/www.lifenatura.com\/es\/produto\/chocolate-100-cacao-con-nibs-de-cacao-80g-vivani\/"]}]},{"@type":"ImageObject","inLanguage":"es","@id":"https:\/\/www.lifenatura.com\/es\/produto\/chocolate-100-cacao-con-nibs-de-cacao-80g-vivani\/#primaryimage","url":"https:\/\/www.lifenatura.com\/wp-content\/uploads\/2025\/04\/chocolate-100cacau-vivani.jpg","contentUrl":"https:\/\/www.lifenatura.com\/wp-content\/uploads\/2025\/04\/chocolate-100cacau-vivani.jpg","width":1000,"height":1000,"caption":"Chocolate 100% cacao de la marca Vivani"},{"@type":"BreadcrumbList","@id":"https:\/\/www.lifenatura.com\/es\/produto\/chocolate-100-cacao-con-nibs-de-cacao-80g-vivani\/#breadcrumb","itemListElement":[{"@type":"ListItem","position":1,"name":"In\u00edcio","item":"https:\/\/www.lifenatura.com\/es\/"},{"@type":"ListItem","position":2,"name":"Todos los Productos","item":"https:\/\/www.lifenatura.com\/es\/tienda\/"},{"@type":"ListItem","position":3,"name":"Chocolate 100% Cacao con Nibs de Cacao 80g &#8211; Vivani"}]},{"@type":"WebSite","@id":"https:\/\/www.lifenatura.com\/es\/#website","url":"https:\/\/www.lifenatura.com\/es\/","name":"Lifenatura","description":"A Lifenatura \u00e9 uma loja de produtos naturais, cosm\u00e9tica natural e alimenta\u00e7\u00e3o Biol\u00f3gica.","publisher":{"@id":"https:\/\/www.lifenatura.com\/es\/#organization"},"potentialAction":[{"@type":"SearchAction","target":{"@type":"EntryPoint","urlTemplate":"https:\/\/www.lifenatura.com\/es\/?s={search_term_string}"},"query-input":{"@type":"PropertyValueSpecification","valueRequired":true,"valueName":"search_term_string"}}],"inLanguage":"es"},{"@type":"Organization","@id":"https:\/\/www.lifenatura.com\/es\/#organization","name":"Lifenatura","url":"https:\/\/www.lifenatura.com\/es\/","logo":{"@type":"ImageObject","inLanguage":"es","@id":"https:\/\/www.lifenatura.com\/es\/#\/schema\/logo\/image\/","url":"https:\/\/www.lifenatura.com\/wp-content\/uploads\/2021\/07\/logo.png","contentUrl":"https:\/\/www.lifenatura.com\/wp-content\/uploads\/2021\/07\/logo.png","width":175,"height":55,"caption":"Lifenatura"},"image":{"@id":"https:\/\/www.lifenatura.com\/es\/#\/schema\/logo\/image\/"},"sameAs":["https:\/\/www.facebook.com\/lifenatura","https:\/\/www.instagram.com\/lifenaturapt\/"],"hasMerchantReturnPolicy":{"@type":"MerchantReturnPolicy","merchantReturnLink":"https:\/\/www.lifenatura.com\/termos-condicoes-lifenatura\/"}}]},"product_price_amount":"4.70","product_price_currency":"EUR","og_availability":"instock","product_availability":"instock","product_retailer_item_id":"4044889004106","product_condition":"new"},"df_price":4.7,"df_sale_price":"","df_regular_price":4.7,"df_image_link":"https:\/\/www.lifenatura.com\/wp-content\/uploads\/2025\/04\/chocolate-100cacau-vivani-300x300.jpg","_links":{"self":[{"href":"https:\/\/www.lifenatura.com\/es\/wp-json\/wp\/v2\/product\/110077","targetHints":{"allow":["GET"]}}],"collection":[{"href":"https:\/\/www.lifenatura.com\/es\/wp-json\/wp\/v2\/product"}],"about":[{"href":"https:\/\/www.lifenatura.com\/es\/wp-json\/wp\/v2\/types\/product"}],"wp:featuredmedia":[{"embeddable":true,"href":"https:\/\/www.lifenatura.com\/es\/wp-json\/wp\/v2\/media\/109803"}],"wp:attachment":[{"href":"https:\/\/www.lifenatura.com\/es\/wp-json\/wp\/v2\/media?parent=110077"}],"wp:term":[{"taxonomy":"product_brand","embeddable":true,"href":"https:\/\/www.lifenatura.com\/es\/wp-json\/wp\/v2\/product_brand?post=110077"},{"taxonomy":"product_cat","embeddable":true,"href":"https:\/\/www.lifenatura.com\/es\/wp-json\/wp\/v2\/product_cat?post=110077"},{"taxonomy":"product_tag","embeddable":true,"href":"https:\/\/www.lifenatura.com\/es\/wp-json\/wp\/v2\/product_tag?post=110077"}],"curies":[{"name":"wp","href":"https:\/\/api.w.org\/{rel}","templated":true}]}}