{"id":109450,"date":"2025-03-24T21:10:57","date_gmt":"2025-03-24T21:10:57","guid":{"rendered":"https:\/\/www.lifenatura.com\/produto\/vitamina-c-no-acida-60-comprimidos-soria-natural\/"},"modified":"2025-04-07T20:45:10","modified_gmt":"2025-04-07T20:45:10","slug":"vitamina-c-no-acida-60-comprimidos-soria-natural","status":"publish","type":"product","link":"https:\/\/www.lifenatura.com\/es\/produto\/vitamina-c-no-acida-60-comprimidos-soria-natural\/","title":{"rendered":"Vitamina C no \u00e1cida 60 Comprimidos &#8211; Soria Natural"},"content":{"rendered":"<h2 style=\"text-align: left;\" data-start=\"0\" data-end=\"103\"><strong>Vitamina C no \u00e1cida de Soria Natural: de liberaci\u00f3n controlada para est\u00f3magos sensibles<\/strong><\/h2>\n<p>&nbsp;<\/p>\n<p class=\"\" data-start=\"127\" data-end=\"284\"><span class=\"relative -mx-px my-[-0.2rem] rounded px-px py-[0.2rem]\">La <strong data-start=\"2\" data-end=\"26\">Vitamina C No \u00c1cida<\/strong> de Soria Natural es un complemento alimenticio especialmente formulado para aportar los beneficios de la vitamina C sin causar molestias g\u00e1stricas, por lo que es ideal para personas con est\u00f3magos sensibles.<\/span><\/p>\n<p class=\"\" data-start=\"127\" data-end=\"284\"><span class=\"relative -mx-px my-[-0.2rem] rounded px-px py-[0.2rem]\">Presentado en comprimidos de liberaci\u00f3n controlada, este producto garantiza una absorci\u00f3n gradual y sostenida de la vitamina C a lo largo del d\u00eda, maximizando su eficacia y biodisponibilidad.<\/span><\/p>\n<p class=\"\" data-start=\"127\" data-end=\"284\"><span class=\"relative -mx-px my-[-0.2rem] rounded px-px py-[0.2rem]\">Cada comprimido contiene 1.000 mg de vitamina C en forma de ascorbato c\u00e1lcico, una forma no \u00e1cida que es suave para el tubo digestivo.<\/span><\/p>\n<p class=\"\" data-start=\"286\" data-end=\"312\"><strong data-start=\"286\" data-end=\"312\">Principales ventajas:<\/strong><\/p>\n<ul data-start=\"314\" data-end=\"905\">\n<li class=\"\" data-start=\"314\" data-end=\"439\">\n<p class=\"\" data-start=\"316\" data-end=\"439\"><strong data-start=\"316\" data-end=\"357\">Refuerzo del sistema inmunitario:<\/strong> <span class=\"relative -mx-px my-[-0.2rem] rounded px-px py-[0.2rem]\">la vitamina C contribuye al funcionamiento normal del sistema inmunitario, ayudando al organismo a defenderse contra los agentes pat\u00f3genos y reduciendo la duraci\u00f3n y gravedad de los resfriados y la gripe.<\/span><\/p>\n<\/li>\n<li class=\"\" data-start=\"441\" data-end=\"557\">\n<p class=\"\" data-start=\"443\" data-end=\"557\"><strong data-start=\"443\" data-end=\"475\">Reducir el cansancio y la fatiga:<\/strong> <span class=\"relative -mx-px my-[-0.2rem] rounded px-px py-[0.2rem]\">Este nutriente desempe\u00f1a un papel crucial en el metabolismo energ\u00e9tico, ayudando a reducir el cansancio y la fatiga, promoviendo una sensaci\u00f3n de vitalidad y bienestar.<\/span><\/p>\n<\/li>\n<li class=\"\" data-start=\"559\" data-end=\"669\">\n<p class=\"\" data-start=\"561\" data-end=\"669\"><strong data-start=\"561\" data-end=\"587\">Formaci\u00f3n de col\u00e1geno:<\/strong> <span class=\"relative -mx-px my-[-0.2rem] rounded px-px py-[0.2rem]\">La vitamina C es esencial para la s\u00edntesis de col\u00e1geno, una prote\u00edna fundamental para la salud y el mantenimiento de la piel, los huesos, los cart\u00edlagos, las enc\u00edas, los dientes y los vasos sangu\u00edneos.<\/span><\/p>\n<\/li>\n<li class=\"\" data-start=\"671\" data-end=\"781\">\n<p class=\"\" data-start=\"673\" data-end=\"781\"><strong data-start=\"673\" data-end=\"695\">Acci\u00f3n antioxidante:<\/strong> <span class=\"relative -mx-px my-[-0.2rem] rounded px-px py-[0.2rem]\">Como antioxidante, la vitamina C protege las c\u00e9lulas contra el estr\u00e9s oxidativo causado por los radicales libres, ayudando a prevenir el envejecimiento prematuro y diversas enfermedades cr\u00f3nicas.<\/span><\/p>\n<\/li>\n<li class=\"\" data-start=\"783\" data-end=\"905\">\n<p class=\"\" data-start=\"785\" data-end=\"905\"><strong data-start=\"785\" data-end=\"819\">Mejora la absorci\u00f3n del hierro:<\/strong> <span class=\"relative -mx-px my-[-0.2rem] rounded px-px py-[0.2rem]\">La vitamina C aumenta la absorci\u00f3n del hierro no hemo (de origen vegetal), ayudando a prevenir y tratar las anemias ferrop\u00e9nicas.<\/span><\/p>\n<\/li>\n<\/ul>\n<p class=\"\" data-start=\"907\" data-end=\"925\"><strong data-start=\"907\" data-end=\"925\">Adecuado para:<\/strong><\/p>\n<ul data-start=\"927\" data-end=\"1424\">\n<li class=\"\" data-start=\"927\" data-end=\"1051\">\n<p class=\"\" data-start=\"929\" data-end=\"1051\"><strong data-start=\"929\" data-end=\"965\">Personas con est\u00f3magos sensibles:<\/strong> <span class=\"relative -mx-px my-[-0.2rem] rounded px-px py-[0.2rem]\">Las personas que experimentan molestias g\u00e1stricas con los suplementos tradicionales de vitamina C encontrar\u00e1n en esta f\u00f3rmula no \u00e1cida una alternativa m\u00e1s suave y tolerable.<\/span><\/p>\n<\/li>\n<li class=\"\" data-start=\"1053\" data-end=\"1164\">\n<p class=\"\" data-start=\"1055\" data-end=\"1164\"><strong data-start=\"1055\" data-end=\"1078\">Refuerzo inmunitario:<\/strong> <span class=\"relative -mx-px my-[-0.2rem] rounded px-px py-[0.2rem]\">Personas que desean reforzar su sistema inmunitario, especialmente durante los cambios estacionales o los periodos de mayor vulnerabilidad a las infecciones.<\/span><\/p>\n<\/li>\n<li class=\"\" data-start=\"1166\" data-end=\"1302\">\n<p class=\"\" data-start=\"1168\" data-end=\"1302\"><strong data-start=\"1168\" data-end=\"1216\">Apoyo a la salud de la piel y el tejido conjuntivo:<\/strong> <span class=\"relative -mx-px my-[-0.2rem] rounded px-px py-[0.2rem]\">Las personas interesadas en promover la salud y elasticidad de la piel, as\u00ed como la integridad de huesos y articulaciones, se benefician del papel de la vitamina C en la formaci\u00f3n de col\u00e1geno.<\/span><\/p>\n<\/li>\n<li class=\"\" data-start=\"1304\" data-end=\"1424\">\n<p class=\"\" data-start=\"1306\" data-end=\"1424\"><strong data-start=\"1306\" data-end=\"1338\">Combate el cansancio y la fatiga:<\/strong> <span class=\"relative -mx-px my-[-0.2rem] rounded px-px py-[0.2rem]\">Personas que buscan reducir la sensaci\u00f3n de cansancio y mejorar los niveles de energ\u00eda en el d\u00eda a d\u00eda.<\/span><\/p>\n<\/li>\n<\/ul>\n<p>Los comprimidos de <b>vitamina C no \u00e1cida<\/b> proporcionan todos los beneficios de esta vitamina sin un impacto \u00e1cido e irritante en el est\u00f3mago.<\/p>\n<p><strong>PRESENTACI\u00d3N<\/strong><\/p>\n<p>60 Comprimidos<\/p>\n<p>&nbsp;<\/p>\n","protected":false},"excerpt":{"rendered":"<p>La Vitamina C No \u00c1cida de Soria Natural es un suplemento de liberaci\u00f3n controlada, ideal para est\u00f3magos sensibles, que refuerza el sistema inmunitario. [&#8230;]<\/p>\n<p><a class=\"btn btn-secondary understrap-read-more-link\" href=\"https:\/\/www.lifenatura.com\/es\/produto\/vitamina-c-no-acida-60-comprimidos-soria-natural\/\">Leer m\u00e1s&#8230;<span class=\"screen-reader-text\"> from Vitamina C no \u00e1cida 60 Comprimidos &#8211; Soria Natural<\/span><\/a><\/p>\n","protected":false},"featured_media":109049,"template":"","meta":{"_acf_changed":false},"product_brand":[8555],"product_cat":[7211,7179,7883,7260],"product_tag":[],"class_list":{"0":"post-109450","1":"product","2":"type-product","3":"status-publish","4":"has-post-thumbnail","6":"product_brand-soria-natural-es","7":"product_cat-reforza-la-inmunidad-salud","8":"product_cat-salud","9":"product_cat-suplementos-alimenticios","10":"product_cat-vitamina-c-salud","11":"pa_dicas-vitaminas-minerales-soria-natural","13":"first","14":"instock","15":"sale","16":"featured","17":"shipping-taxable","18":"purchasable","19":"product-type-simple","20":"add-to-wishlist-before_image"},"acf":[],"yoast_head":"<!-- This site is optimized with the Yoast SEO Premium plugin v27.1 (Yoast SEO v27.5) - https:\/\/yoast.com\/product\/yoast-seo-premium-wordpress\/ -->\n<title>Vitamina C no \u00e1cida 60 Comprimidos - Soria Natural - Na Lifenatura ao Melhor Pre\u00e7o | Envio em 48h<\/title>\n<meta name=\"description\" content=\"La Vitamina C No \u00c1cida de Soria Natural es un suplemento de liberaci\u00f3n controlada, ideal para est\u00f3magos sensibles, que refuerza el sistema inmunitario.\" \/>\n<meta name=\"robots\" content=\"index, follow, max-snippet:-1, max-image-preview:large, max-video-preview:-1\" \/>\n<link rel=\"canonical\" href=\"https:\/\/www.lifenatura.com\/es\/produto\/vitamina-c-no-acida-60-comprimidos-soria-natural\/\" \/>\n<meta property=\"og:locale\" content=\"es_ES\" \/>\n<meta property=\"og:type\" content=\"article\" \/>\n<meta property=\"og:title\" content=\"Vitamina C no \u00e1cida 60 Comprimidos - Soria Natural - Na Lifenatura ao Melhor Pre\u00e7o | Envio 48h\" \/>\n<meta property=\"og:description\" content=\"Compre Vitamina C no \u00e1cida 60 Comprimidos - Soria Natural com envio r\u00e1pido. Entrega em 48h e portes gr\u00e1tis em compras &gt;35\u20ac. Aproveite j\u00e1 na Lifenatura\" \/>\n<meta property=\"og:url\" content=\"https:\/\/www.lifenatura.com\/es\/produto\/vitamina-c-no-acida-60-comprimidos-soria-natural\/\" \/>\n<meta property=\"og:site_name\" content=\"Lifenatura\" \/>\n<meta property=\"article:publisher\" content=\"https:\/\/www.facebook.com\/lifenatura\" \/>\n<meta property=\"article:modified_time\" content=\"2025-04-07T20:45:10+00:00\" \/>\n<meta property=\"og:image\" content=\"https:\/\/www.lifenatura.com\/wp-content\/uploads\/2025\/03\/vitamina-c-nao-acida-soria-natural.jpg\" \/>\n\t<meta property=\"og:image:width\" content=\"1000\" \/>\n\t<meta property=\"og:image:height\" content=\"1000\" \/>\n\t<meta property=\"og:image:type\" content=\"image\/jpeg\" \/>\n<meta name=\"twitter:card\" content=\"summary_large_image\" \/>\n<meta name=\"twitter:label1\" content=\"Precio\" \/>\n\t<meta name=\"twitter:data1\" content=\"15,87&nbsp;&euro;\" \/>\n\t<meta name=\"twitter:label2\" content=\"Disponibilidad\" \/>\n\t<meta name=\"twitter:data2\" content=\"Disponible\" \/>\n<script type=\"application\/ld+json\" class=\"yoast-schema-graph\">{\"@context\":\"https:\\\/\\\/schema.org\",\"@graph\":[{\"@type\":\"WebPage\",\"@id\":\"https:\\\/\\\/www.lifenatura.com\\\/es\\\/produto\\\/vitamina-c-no-acida-60-comprimidos-soria-natural\\\/\",\"url\":\"https:\\\/\\\/www.lifenatura.com\\\/es\\\/produto\\\/vitamina-c-no-acida-60-comprimidos-soria-natural\\\/\",\"name\":\"Vitamina C no \u00e1cida 60 Comprimidos - Soria Natural - Na Lifenatura ao Melhor Pre\u00e7o | Envio em 48h\",\"isPartOf\":{\"@id\":\"https:\\\/\\\/www.lifenatura.com\\\/es\\\/#website\"},\"primaryImageOfPage\":{\"@id\":\"https:\\\/\\\/www.lifenatura.com\\\/es\\\/produto\\\/vitamina-c-no-acida-60-comprimidos-soria-natural\\\/#primaryimage\"},\"image\":{\"@id\":\"https:\\\/\\\/www.lifenatura.com\\\/es\\\/produto\\\/vitamina-c-no-acida-60-comprimidos-soria-natural\\\/#primaryimage\"},\"thumbnailUrl\":\"https:\\\/\\\/www.lifenatura.com\\\/wp-content\\\/uploads\\\/2025\\\/03\\\/vitamina-c-nao-acida-soria-natural.jpg\",\"datePublished\":\"2025-03-24T21:10:57+00:00\",\"dateModified\":\"2025-04-07T20:45:10+00:00\",\"description\":\"La Vitamina C No \u00c1cida de Soria Natural es un suplemento de liberaci\u00f3n controlada, ideal para est\u00f3magos sensibles, que refuerza el sistema inmunitario.\",\"breadcrumb\":{\"@id\":\"https:\\\/\\\/www.lifenatura.com\\\/es\\\/produto\\\/vitamina-c-no-acida-60-comprimidos-soria-natural\\\/#breadcrumb\"},\"inLanguage\":\"es\",\"potentialAction\":[{\"@type\":\"ReadAction\",\"target\":[\"https:\\\/\\\/www.lifenatura.com\\\/es\\\/produto\\\/vitamina-c-no-acida-60-comprimidos-soria-natural\\\/\"]}]},{\"@type\":\"ImageObject\",\"inLanguage\":\"es\",\"@id\":\"https:\\\/\\\/www.lifenatura.com\\\/es\\\/produto\\\/vitamina-c-no-acida-60-comprimidos-soria-natural\\\/#primaryimage\",\"url\":\"https:\\\/\\\/www.lifenatura.com\\\/wp-content\\\/uploads\\\/2025\\\/03\\\/vitamina-c-nao-acida-soria-natural.jpg\",\"contentUrl\":\"https:\\\/\\\/www.lifenatura.com\\\/wp-content\\\/uploads\\\/2025\\\/03\\\/vitamina-c-nao-acida-soria-natural.jpg\",\"width\":1000,\"height\":1000,\"caption\":\"Vitamina C no \u00e1cida de Soria Natural\"},{\"@type\":\"BreadcrumbList\",\"@id\":\"https:\\\/\\\/www.lifenatura.com\\\/es\\\/produto\\\/vitamina-c-no-acida-60-comprimidos-soria-natural\\\/#breadcrumb\",\"itemListElement\":[{\"@type\":\"ListItem\",\"position\":1,\"name\":\"In\u00edcio\",\"item\":\"https:\\\/\\\/www.lifenatura.com\\\/es\\\/\"},{\"@type\":\"ListItem\",\"position\":2,\"name\":\"Todos los Productos\",\"item\":\"https:\\\/\\\/www.lifenatura.com\\\/es\\\/tienda\\\/\"},{\"@type\":\"ListItem\",\"position\":3,\"name\":\"Vitamina C no \u00e1cida 60 Comprimidos &#8211; Soria Natural\"}]},{\"@type\":\"WebSite\",\"@id\":\"https:\\\/\\\/www.lifenatura.com\\\/es\\\/#website\",\"url\":\"https:\\\/\\\/www.lifenatura.com\\\/es\\\/\",\"name\":\"Lifenatura\",\"description\":\"A Lifenatura \u00e9 uma loja de produtos naturais, cosm\u00e9tica natural e alimenta\u00e7\u00e3o Biol\u00f3gica.\",\"publisher\":{\"@id\":\"https:\\\/\\\/www.lifenatura.com\\\/es\\\/#organization\"},\"potentialAction\":[{\"@type\":\"SearchAction\",\"target\":{\"@type\":\"EntryPoint\",\"urlTemplate\":\"https:\\\/\\\/www.lifenatura.com\\\/es\\\/?s={search_term_string}\"},\"query-input\":{\"@type\":\"PropertyValueSpecification\",\"valueRequired\":true,\"valueName\":\"search_term_string\"}}],\"inLanguage\":\"es\"},{\"@type\":\"Organization\",\"@id\":\"https:\\\/\\\/www.lifenatura.com\\\/es\\\/#organization\",\"name\":\"Lifenatura\",\"url\":\"https:\\\/\\\/www.lifenatura.com\\\/es\\\/\",\"logo\":{\"@type\":\"ImageObject\",\"inLanguage\":\"es\",\"@id\":\"https:\\\/\\\/www.lifenatura.com\\\/es\\\/#\\\/schema\\\/logo\\\/image\\\/\",\"url\":\"https:\\\/\\\/www.lifenatura.com\\\/wp-content\\\/uploads\\\/2021\\\/07\\\/logo.png\",\"contentUrl\":\"https:\\\/\\\/www.lifenatura.com\\\/wp-content\\\/uploads\\\/2021\\\/07\\\/logo.png\",\"width\":175,\"height\":55,\"caption\":\"Lifenatura\"},\"image\":{\"@id\":\"https:\\\/\\\/www.lifenatura.com\\\/es\\\/#\\\/schema\\\/logo\\\/image\\\/\"},\"sameAs\":[\"https:\\\/\\\/www.facebook.com\\\/lifenatura\",\"https:\\\/\\\/www.instagram.com\\\/lifenaturapt\\\/\"],\"hasMerchantReturnPolicy\":{\"@type\":\"MerchantReturnPolicy\",\"merchantReturnLink\":\"https:\\\/\\\/www.lifenatura.com\\\/termos-condicoes-lifenatura\\\/\"}}]}<\/script>\n<meta property=\"product:price:amount\" content=\"15.87\" \/>\n<meta property=\"product:price:currency\" content=\"EUR\" \/>\n<meta property=\"og:availability\" content=\"instock\" \/>\n<meta property=\"product:availability\" content=\"instock\" \/>\n<meta property=\"product:retailer_item_id\" content=\"8422947111557\" \/>\n<meta property=\"product:condition\" content=\"new\" \/>\n<!-- \/ Yoast SEO Premium plugin. -->","yoast_head_json":{"title":"Vitamina C no \u00e1cida 60 Comprimidos - Soria Natural - Na Lifenatura ao Melhor Pre\u00e7o | Envio em 48h","description":"La Vitamina C No \u00c1cida de Soria Natural es un suplemento de liberaci\u00f3n controlada, ideal para est\u00f3magos sensibles, que refuerza el sistema inmunitario.","robots":{"index":"index","follow":"follow","max-snippet":"max-snippet:-1","max-image-preview":"max-image-preview:large","max-video-preview":"max-video-preview:-1"},"canonical":"https:\/\/www.lifenatura.com\/es\/produto\/vitamina-c-no-acida-60-comprimidos-soria-natural\/","og_locale":"es_ES","og_type":"article","og_title":"Vitamina C no \u00e1cida 60 Comprimidos - Soria Natural - Na Lifenatura ao Melhor Pre\u00e7o | Envio 48h","og_description":"Compre Vitamina C no \u00e1cida 60 Comprimidos - Soria Natural com envio r\u00e1pido. Entrega em 48h e portes gr\u00e1tis em compras >35\u20ac. Aproveite j\u00e1 na Lifenatura","og_url":"https:\/\/www.lifenatura.com\/es\/produto\/vitamina-c-no-acida-60-comprimidos-soria-natural\/","og_site_name":"Lifenatura","article_publisher":"https:\/\/www.facebook.com\/lifenatura","article_modified_time":"2025-04-07T20:45:10+00:00","og_image":[{"width":1000,"height":1000,"url":"https:\/\/www.lifenatura.com\/wp-content\/uploads\/2025\/03\/vitamina-c-nao-acida-soria-natural.jpg","type":"image\/jpeg"}],"twitter_card":"summary_large_image","twitter_misc":{"Precio":"15,87&nbsp;&euro;","Disponibilidad":"Disponible"},"schema":{"@context":"https:\/\/schema.org","@graph":[{"@type":"WebPage","@id":"https:\/\/www.lifenatura.com\/es\/produto\/vitamina-c-no-acida-60-comprimidos-soria-natural\/","url":"https:\/\/www.lifenatura.com\/es\/produto\/vitamina-c-no-acida-60-comprimidos-soria-natural\/","name":"Vitamina C no \u00e1cida 60 Comprimidos - Soria Natural - Na Lifenatura ao Melhor Pre\u00e7o | Envio em 48h","isPartOf":{"@id":"https:\/\/www.lifenatura.com\/es\/#website"},"primaryImageOfPage":{"@id":"https:\/\/www.lifenatura.com\/es\/produto\/vitamina-c-no-acida-60-comprimidos-soria-natural\/#primaryimage"},"image":{"@id":"https:\/\/www.lifenatura.com\/es\/produto\/vitamina-c-no-acida-60-comprimidos-soria-natural\/#primaryimage"},"thumbnailUrl":"https:\/\/www.lifenatura.com\/wp-content\/uploads\/2025\/03\/vitamina-c-nao-acida-soria-natural.jpg","datePublished":"2025-03-24T21:10:57+00:00","dateModified":"2025-04-07T20:45:10+00:00","description":"La Vitamina C No \u00c1cida de Soria Natural es un suplemento de liberaci\u00f3n controlada, ideal para est\u00f3magos sensibles, que refuerza el sistema inmunitario.","breadcrumb":{"@id":"https:\/\/www.lifenatura.com\/es\/produto\/vitamina-c-no-acida-60-comprimidos-soria-natural\/#breadcrumb"},"inLanguage":"es","potentialAction":[{"@type":"ReadAction","target":["https:\/\/www.lifenatura.com\/es\/produto\/vitamina-c-no-acida-60-comprimidos-soria-natural\/"]}]},{"@type":"ImageObject","inLanguage":"es","@id":"https:\/\/www.lifenatura.com\/es\/produto\/vitamina-c-no-acida-60-comprimidos-soria-natural\/#primaryimage","url":"https:\/\/www.lifenatura.com\/wp-content\/uploads\/2025\/03\/vitamina-c-nao-acida-soria-natural.jpg","contentUrl":"https:\/\/www.lifenatura.com\/wp-content\/uploads\/2025\/03\/vitamina-c-nao-acida-soria-natural.jpg","width":1000,"height":1000,"caption":"Vitamina C no \u00e1cida de Soria Natural"},{"@type":"BreadcrumbList","@id":"https:\/\/www.lifenatura.com\/es\/produto\/vitamina-c-no-acida-60-comprimidos-soria-natural\/#breadcrumb","itemListElement":[{"@type":"ListItem","position":1,"name":"In\u00edcio","item":"https:\/\/www.lifenatura.com\/es\/"},{"@type":"ListItem","position":2,"name":"Todos los Productos","item":"https:\/\/www.lifenatura.com\/es\/tienda\/"},{"@type":"ListItem","position":3,"name":"Vitamina C no \u00e1cida 60 Comprimidos &#8211; Soria Natural"}]},{"@type":"WebSite","@id":"https:\/\/www.lifenatura.com\/es\/#website","url":"https:\/\/www.lifenatura.com\/es\/","name":"Lifenatura","description":"A Lifenatura \u00e9 uma loja de produtos naturais, cosm\u00e9tica natural e alimenta\u00e7\u00e3o Biol\u00f3gica.","publisher":{"@id":"https:\/\/www.lifenatura.com\/es\/#organization"},"potentialAction":[{"@type":"SearchAction","target":{"@type":"EntryPoint","urlTemplate":"https:\/\/www.lifenatura.com\/es\/?s={search_term_string}"},"query-input":{"@type":"PropertyValueSpecification","valueRequired":true,"valueName":"search_term_string"}}],"inLanguage":"es"},{"@type":"Organization","@id":"https:\/\/www.lifenatura.com\/es\/#organization","name":"Lifenatura","url":"https:\/\/www.lifenatura.com\/es\/","logo":{"@type":"ImageObject","inLanguage":"es","@id":"https:\/\/www.lifenatura.com\/es\/#\/schema\/logo\/image\/","url":"https:\/\/www.lifenatura.com\/wp-content\/uploads\/2021\/07\/logo.png","contentUrl":"https:\/\/www.lifenatura.com\/wp-content\/uploads\/2021\/07\/logo.png","width":175,"height":55,"caption":"Lifenatura"},"image":{"@id":"https:\/\/www.lifenatura.com\/es\/#\/schema\/logo\/image\/"},"sameAs":["https:\/\/www.facebook.com\/lifenatura","https:\/\/www.instagram.com\/lifenaturapt\/"],"hasMerchantReturnPolicy":{"@type":"MerchantReturnPolicy","merchantReturnLink":"https:\/\/www.lifenatura.com\/termos-condicoes-lifenatura\/"}}]},"product_price_amount":"15.87","product_price_currency":"EUR","og_availability":"instock","product_availability":"instock","product_retailer_item_id":"8422947111557","product_condition":"new"},"df_price":15.87,"df_sale_price":15.87,"df_regular_price":17.63,"df_image_link":"https:\/\/www.lifenatura.com\/wp-content\/uploads\/2025\/03\/vitamina-c-nao-acida-soria-natural-300x300.jpg","_links":{"self":[{"href":"https:\/\/www.lifenatura.com\/es\/wp-json\/wp\/v2\/product\/109450","targetHints":{"allow":["GET"]}}],"collection":[{"href":"https:\/\/www.lifenatura.com\/es\/wp-json\/wp\/v2\/product"}],"about":[{"href":"https:\/\/www.lifenatura.com\/es\/wp-json\/wp\/v2\/types\/product"}],"wp:featuredmedia":[{"embeddable":true,"href":"https:\/\/www.lifenatura.com\/es\/wp-json\/wp\/v2\/media\/109049"}],"wp:attachment":[{"href":"https:\/\/www.lifenatura.com\/es\/wp-json\/wp\/v2\/media?parent=109450"}],"wp:term":[{"taxonomy":"product_brand","embeddable":true,"href":"https:\/\/www.lifenatura.com\/es\/wp-json\/wp\/v2\/product_brand?post=109450"},{"taxonomy":"product_cat","embeddable":true,"href":"https:\/\/www.lifenatura.com\/es\/wp-json\/wp\/v2\/product_cat?post=109450"},{"taxonomy":"product_tag","embeddable":true,"href":"https:\/\/www.lifenatura.com\/es\/wp-json\/wp\/v2\/product_tag?post=109450"}],"curies":[{"name":"wp","href":"https:\/\/api.w.org\/{rel}","templated":true}]}}