{"id":109442,"date":"2025-03-24T21:46:50","date_gmt":"2025-03-24T21:46:50","guid":{"rendered":"https:\/\/www.lifenatura.com\/produto\/potasio-60-comprimidos-soria-natural\/"},"modified":"2025-04-07T20:51:31","modified_gmt":"2025-04-07T20:51:31","slug":"potasio-60-comprimidos-soria-natural","status":"publish","type":"product","link":"https:\/\/www.lifenatura.com\/es\/produto\/potasio-60-comprimidos-soria-natural\/","title":{"rendered":"Potasio 60 Comprimidos &#8211; Soria Natural"},"content":{"rendered":"<h2 style=\"text-align: left;\"><strong>Potasio Ayuda a regular la actividad muscular<\/strong><\/h2>\n<p>&nbsp;<\/p>\n<p class=\"\" data-start=\"117\" data-end=\"312\"><span class=\"relative -mx-px my-[-0.2rem] rounded px-px py-[0.2rem]\"><strong data-start=\"2\" data-end=\"14\">Potasio<\/strong> de Soria Natural es un complemento alimenticio dise\u00f1ado para proporcionar una dosis adecuada de potasio, un mineral esencial para el buen funcionamiento del organismo.<\/span> <span class=\"relative -mx-px my-[-0.2rem] rounded px-px py-[0.2rem]\">Presentado en comprimidos de liberaci\u00f3n controlada, este producto garantiza una absorci\u00f3n gradual y eficaz, permitiendo que los beneficios del potasio perduren durante todo el d\u00eda.<\/span><\/p>\n<p class=\"\" data-start=\"117\" data-end=\"312\"><span class=\"relative -mx-px my-[-0.2rem] rounded px-px py-[0.2rem]\">Cada frasco contiene 60 comprimidos de 1.400 mg, formulados para apoyar funciones vitales como la actividad muscular, la funci\u00f3n del sistema nervioso y el mantenimiento de una tensi\u00f3n arterial sana.<\/span><\/p>\n<p class=\"\" data-start=\"314\" data-end=\"340\"><strong data-start=\"314\" data-end=\"340\">Principales ventajas:<\/strong><\/p>\n<ul data-start=\"342\" data-end=\"937\">\n<li class=\"\" data-start=\"342\" data-end=\"498\">\n<p class=\"\" data-start=\"344\" data-end=\"498\"><strong data-start=\"344\" data-end=\"378\">Funci\u00f3n muscular normal:<\/strong> <span class=\"relative -mx-px my-[-0.2rem] rounded px-px py-[0.2rem]\">El potasio contribuye a una funci\u00f3n muscular adecuada, siendo esencial para la contracci\u00f3n y relajaci\u00f3n de los m\u00fasculos, lo que es fundamental tanto para las actividades cotidianas como para el rendimiento deportivo.<\/span><\/p>\n<\/li>\n<li class=\"\" data-start=\"500\" data-end=\"653\">\n<p class=\"\" data-start=\"502\" data-end=\"653\"><strong data-start=\"502\" data-end=\"531\">Salud del sistema nervioso:<\/strong> <span class=\"relative -mx-px my-[-0.2rem] rounded px-px py-[0.2rem]\">Este mineral desempe\u00f1a un papel crucial en la transmisi\u00f3n de los impulsos nerviosos, garantizando una comunicaci\u00f3n eficaz entre las c\u00e9lulas nerviosas y favoreciendo el funcionamiento normal del sistema nervioso.<\/span><\/p>\n<\/li>\n<li class=\"\" data-start=\"655\" data-end=\"824\">\n<p class=\"\" data-start=\"657\" data-end=\"824\"><strong data-start=\"657\" data-end=\"698\">Mantener una tensi\u00f3n arterial normal:<\/strong> <span class=\"relative -mx-px my-[-0.2rem] rounded px-px py-[0.2rem]\">El potasio ayuda a regular la tensi\u00f3n arterial equilibrando los efectos del sodio en el organismo y contribuyendo a la salud cardiovascular.<\/span><\/p>\n<\/li>\n<li class=\"\" data-start=\"826\" data-end=\"937\">\n<p class=\"\" data-start=\"828\" data-end=\"937\"><strong data-start=\"828\" data-end=\"851\">Equilibrio h\u00eddrico<\/strong> <span class=\"relative -mx-px my-[-0.2rem] rounded px-px py-[0.2rem]\">: Junto con el sodio, el potasio regula el equilibrio h\u00eddrico dentro y fuera de las c\u00e9lulas, manteniendo una hidrataci\u00f3n y una funci\u00f3n celular adecuadas.<\/span><\/p>\n<\/li>\n<\/ul>\n<p class=\"\" data-start=\"939\" data-end=\"957\"><strong data-start=\"939\" data-end=\"957\">Adecuado para:<\/strong><\/p>\n<ul data-start=\"959\" data-end=\"1461\">\n<li class=\"\" data-start=\"959\" data-end=\"1086\">\n<p class=\"\" data-start=\"961\" data-end=\"1086\"><strong data-start=\"961\" data-end=\"1000\">Personas con dietas desequilibradas<\/strong> <span class=\"relative -mx-px my-[-0.2rem] rounded px-px py-[0.2rem]\">: Las personas cuya dieta es pobre en fruta, verdura y otros alimentos ricos en potasio pueden beneficiarse de este suplemento para alcanzar niveles \u00f3ptimos del mineral.<\/span><\/p>\n<\/li>\n<li class=\"\" data-start=\"1088\" data-end=\"1203\">\n<p class=\"\" data-start=\"1090\" data-end=\"1203\"><strong data-start=\"1090\" data-end=\"1117\">Atletas y deportistas:<\/strong> <span class=\"relative -mx-px my-[-0.2rem] rounded px-px py-[0.2rem]\">Quienes practican una actividad f\u00edsica intensa pueden necesitar una reposici\u00f3n adicional de potasio debido a su p\u00e9rdida a trav\u00e9s del sudor, lo que ayuda a prevenir los calambres y a mejorar el rendimiento muscular.<\/span><\/p>\n<\/li>\n<li class=\"\" data-start=\"1205\" data-end=\"1324\">\n<p class=\"\" data-start=\"1207\" data-end=\"1324\"><strong data-start=\"1207\" data-end=\"1238\">Personas con hipertensi\u00f3n:<\/strong> <span class=\"relative -mx-px my-[-0.2rem] rounded px-px py-[0.2rem]\">Las personas que desean mantener su tensi\u00f3n arterial bajo control pueden utilizar el potasio como aliado para regularla.<\/span><\/p>\n<\/li>\n<li class=\"\" data-start=\"1326\" data-end=\"1461\">\n<p class=\"\" data-start=\"1328\" data-end=\"1461\"><strong data-start=\"1328\" data-end=\"1375\">Personas que necesitan apoyo nervioso:<\/strong> <span class=\"relative -mx-px my-[-0.2rem] rounded px-px py-[0.2rem]\">Personas que desean promover la salud del sistema nervioso y mejorar la funci\u00f3n neuromuscular.<\/span><\/p>\n<\/li>\n<\/ul>\n<p><strong>PRESENTACI\u00d3N<\/strong><\/p>\n<p>60 Comprimidos<\/p>\n<p>&nbsp;<\/p>\n","protected":false},"excerpt":{"rendered":"<p>El Potasio de Soria Natural es un suplemento de liberaci\u00f3n controlada que favorece la funci\u00f3n muscular, el sistema nervioso y mantiene una presi\u00f3n arterial saludable. [&#8230;]<\/p>\n<p><a class=\"btn btn-secondary understrap-read-more-link\" href=\"https:\/\/www.lifenatura.com\/es\/produto\/potasio-60-comprimidos-soria-natural\/\">Leer m\u00e1s&#8230;<span class=\"screen-reader-text\"> from Potasio 60 Comprimidos &#8211; Soria Natural<\/span><\/a><\/p>\n","protected":false},"featured_media":109062,"template":"","meta":{"_acf_changed":false},"product_brand":[8555],"product_cat":[7259,7206,7179,7883],"product_tag":[],"class_list":{"0":"post-109442","1":"product","2":"type-product","3":"status-publish","4":"has-post-thumbnail","6":"product_brand-soria-natural-es","7":"product_cat-vitaminas-y-minerales","8":"product_cat-musculos-salud","9":"product_cat-salud","10":"product_cat-suplementos-alimenticios","11":"pa_dicas-vitaminas-minerales-soria-natural","13":"first","14":"instock","15":"sale","16":"featured","17":"shipping-taxable","18":"purchasable","19":"product-type-simple","20":"add-to-wishlist-before_image"},"acf":[],"yoast_head":"<!-- This site is optimized with the Yoast SEO Premium plugin v27.1 (Yoast SEO v27.5) - https:\/\/yoast.com\/product\/yoast-seo-premium-wordpress\/ -->\n<title>Potasio 60 Comprimidos - Soria Natural - Na Lifenatura ao Melhor Pre\u00e7o | Envio em 48h<\/title>\n<meta name=\"description\" content=\"El Potasio de Soria Natural es un suplemento de liberaci\u00f3n controlada que favorece la funci\u00f3n muscular, el sistema nervioso una presi\u00f3n arterial saludable.\" \/>\n<meta name=\"robots\" content=\"index, follow, max-snippet:-1, max-image-preview:large, max-video-preview:-1\" \/>\n<link rel=\"canonical\" href=\"https:\/\/www.lifenatura.com\/es\/produto\/potasio-60-comprimidos-soria-natural\/\" \/>\n<meta property=\"og:locale\" content=\"es_ES\" \/>\n<meta property=\"og:type\" content=\"article\" \/>\n<meta property=\"og:title\" content=\"Potasio 60 Comprimidos - Soria Natural - Na Lifenatura ao Melhor Pre\u00e7o | Envio 48h\" \/>\n<meta property=\"og:description\" content=\"Compre Potasio 60 Comprimidos - Soria Natural com envio r\u00e1pido. Entrega em 48h e portes gr\u00e1tis em compras &gt;35\u20ac. Aproveite j\u00e1 na Lifenatura\" \/>\n<meta property=\"og:url\" content=\"https:\/\/www.lifenatura.com\/es\/produto\/potasio-60-comprimidos-soria-natural\/\" \/>\n<meta property=\"og:site_name\" content=\"Lifenatura\" \/>\n<meta property=\"article:publisher\" content=\"https:\/\/www.facebook.com\/lifenatura\" \/>\n<meta property=\"article:modified_time\" content=\"2025-04-07T20:51:31+00:00\" \/>\n<meta property=\"og:image\" content=\"https:\/\/www.lifenatura.com\/wp-content\/uploads\/2025\/03\/potasio-comprimidos-soria-natural.jpg\" \/>\n\t<meta property=\"og:image:width\" content=\"1000\" \/>\n\t<meta property=\"og:image:height\" content=\"1000\" \/>\n\t<meta property=\"og:image:type\" content=\"image\/jpeg\" \/>\n<meta name=\"twitter:card\" content=\"summary_large_image\" \/>\n<meta name=\"twitter:label1\" content=\"Precio\" \/>\n\t<meta name=\"twitter:data1\" content=\"11,80&nbsp;&euro;\" \/>\n\t<meta name=\"twitter:label2\" content=\"Disponibilidad\" \/>\n\t<meta name=\"twitter:data2\" content=\"Disponible\" \/>\n<script type=\"application\/ld+json\" class=\"yoast-schema-graph\">{\"@context\":\"https:\\\/\\\/schema.org\",\"@graph\":[{\"@type\":\"WebPage\",\"@id\":\"https:\\\/\\\/www.lifenatura.com\\\/es\\\/produto\\\/potasio-60-comprimidos-soria-natural\\\/\",\"url\":\"https:\\\/\\\/www.lifenatura.com\\\/es\\\/produto\\\/potasio-60-comprimidos-soria-natural\\\/\",\"name\":\"Potasio 60 Comprimidos - Soria Natural - Na Lifenatura ao Melhor Pre\u00e7o | Envio em 48h\",\"isPartOf\":{\"@id\":\"https:\\\/\\\/www.lifenatura.com\\\/es\\\/#website\"},\"primaryImageOfPage\":{\"@id\":\"https:\\\/\\\/www.lifenatura.com\\\/es\\\/produto\\\/potasio-60-comprimidos-soria-natural\\\/#primaryimage\"},\"image\":{\"@id\":\"https:\\\/\\\/www.lifenatura.com\\\/es\\\/produto\\\/potasio-60-comprimidos-soria-natural\\\/#primaryimage\"},\"thumbnailUrl\":\"https:\\\/\\\/www.lifenatura.com\\\/wp-content\\\/uploads\\\/2025\\\/03\\\/potasio-comprimidos-soria-natural.jpg\",\"datePublished\":\"2025-03-24T21:46:50+00:00\",\"dateModified\":\"2025-04-07T20:51:31+00:00\",\"description\":\"El Potasio de Soria Natural es un suplemento de liberaci\u00f3n controlada que favorece la funci\u00f3n muscular, el sistema nervioso una presi\u00f3n arterial saludable.\",\"breadcrumb\":{\"@id\":\"https:\\\/\\\/www.lifenatura.com\\\/es\\\/produto\\\/potasio-60-comprimidos-soria-natural\\\/#breadcrumb\"},\"inLanguage\":\"es\",\"potentialAction\":[{\"@type\":\"ReadAction\",\"target\":[\"https:\\\/\\\/www.lifenatura.com\\\/es\\\/produto\\\/potasio-60-comprimidos-soria-natural\\\/\"]}]},{\"@type\":\"ImageObject\",\"inLanguage\":\"es\",\"@id\":\"https:\\\/\\\/www.lifenatura.com\\\/es\\\/produto\\\/potasio-60-comprimidos-soria-natural\\\/#primaryimage\",\"url\":\"https:\\\/\\\/www.lifenatura.com\\\/wp-content\\\/uploads\\\/2025\\\/03\\\/potasio-comprimidos-soria-natural.jpg\",\"contentUrl\":\"https:\\\/\\\/www.lifenatura.com\\\/wp-content\\\/uploads\\\/2025\\\/03\\\/potasio-comprimidos-soria-natural.jpg\",\"width\":1000,\"height\":1000,\"caption\":\"Soria Pastillas de potasio natural\"},{\"@type\":\"BreadcrumbList\",\"@id\":\"https:\\\/\\\/www.lifenatura.com\\\/es\\\/produto\\\/potasio-60-comprimidos-soria-natural\\\/#breadcrumb\",\"itemListElement\":[{\"@type\":\"ListItem\",\"position\":1,\"name\":\"In\u00edcio\",\"item\":\"https:\\\/\\\/www.lifenatura.com\\\/es\\\/\"},{\"@type\":\"ListItem\",\"position\":2,\"name\":\"Todos los Productos\",\"item\":\"https:\\\/\\\/www.lifenatura.com\\\/es\\\/tienda\\\/\"},{\"@type\":\"ListItem\",\"position\":3,\"name\":\"Potasio 60 Comprimidos &#8211; Soria Natural\"}]},{\"@type\":\"WebSite\",\"@id\":\"https:\\\/\\\/www.lifenatura.com\\\/es\\\/#website\",\"url\":\"https:\\\/\\\/www.lifenatura.com\\\/es\\\/\",\"name\":\"Lifenatura\",\"description\":\"A Lifenatura \u00e9 uma loja de produtos naturais, cosm\u00e9tica natural e alimenta\u00e7\u00e3o Biol\u00f3gica.\",\"publisher\":{\"@id\":\"https:\\\/\\\/www.lifenatura.com\\\/es\\\/#organization\"},\"potentialAction\":[{\"@type\":\"SearchAction\",\"target\":{\"@type\":\"EntryPoint\",\"urlTemplate\":\"https:\\\/\\\/www.lifenatura.com\\\/es\\\/?s={search_term_string}\"},\"query-input\":{\"@type\":\"PropertyValueSpecification\",\"valueRequired\":true,\"valueName\":\"search_term_string\"}}],\"inLanguage\":\"es\"},{\"@type\":\"Organization\",\"@id\":\"https:\\\/\\\/www.lifenatura.com\\\/es\\\/#organization\",\"name\":\"Lifenatura\",\"url\":\"https:\\\/\\\/www.lifenatura.com\\\/es\\\/\",\"logo\":{\"@type\":\"ImageObject\",\"inLanguage\":\"es\",\"@id\":\"https:\\\/\\\/www.lifenatura.com\\\/es\\\/#\\\/schema\\\/logo\\\/image\\\/\",\"url\":\"https:\\\/\\\/www.lifenatura.com\\\/wp-content\\\/uploads\\\/2021\\\/07\\\/logo.png\",\"contentUrl\":\"https:\\\/\\\/www.lifenatura.com\\\/wp-content\\\/uploads\\\/2021\\\/07\\\/logo.png\",\"width\":175,\"height\":55,\"caption\":\"Lifenatura\"},\"image\":{\"@id\":\"https:\\\/\\\/www.lifenatura.com\\\/es\\\/#\\\/schema\\\/logo\\\/image\\\/\"},\"sameAs\":[\"https:\\\/\\\/www.facebook.com\\\/lifenatura\",\"https:\\\/\\\/www.instagram.com\\\/lifenaturapt\\\/\"],\"hasMerchantReturnPolicy\":{\"@type\":\"MerchantReturnPolicy\",\"merchantReturnLink\":\"https:\\\/\\\/www.lifenatura.com\\\/termos-condicoes-lifenatura\\\/\"}}]}<\/script>\n<meta property=\"product:price:amount\" content=\"11.80\" \/>\n<meta property=\"product:price:currency\" content=\"EUR\" \/>\n<meta property=\"og:availability\" content=\"instock\" \/>\n<meta property=\"product:availability\" content=\"instock\" \/>\n<meta property=\"product:retailer_item_id\" content=\"8422947110598\" \/>\n<meta property=\"product:condition\" content=\"new\" \/>\n<!-- \/ Yoast SEO Premium plugin. -->","yoast_head_json":{"title":"Potasio 60 Comprimidos - Soria Natural - Na Lifenatura ao Melhor Pre\u00e7o | Envio em 48h","description":"El Potasio de Soria Natural es un suplemento de liberaci\u00f3n controlada que favorece la funci\u00f3n muscular, el sistema nervioso una presi\u00f3n arterial saludable.","robots":{"index":"index","follow":"follow","max-snippet":"max-snippet:-1","max-image-preview":"max-image-preview:large","max-video-preview":"max-video-preview:-1"},"canonical":"https:\/\/www.lifenatura.com\/es\/produto\/potasio-60-comprimidos-soria-natural\/","og_locale":"es_ES","og_type":"article","og_title":"Potasio 60 Comprimidos - Soria Natural - Na Lifenatura ao Melhor Pre\u00e7o | Envio 48h","og_description":"Compre Potasio 60 Comprimidos - Soria Natural com envio r\u00e1pido. Entrega em 48h e portes gr\u00e1tis em compras >35\u20ac. Aproveite j\u00e1 na Lifenatura","og_url":"https:\/\/www.lifenatura.com\/es\/produto\/potasio-60-comprimidos-soria-natural\/","og_site_name":"Lifenatura","article_publisher":"https:\/\/www.facebook.com\/lifenatura","article_modified_time":"2025-04-07T20:51:31+00:00","og_image":[{"width":1000,"height":1000,"url":"https:\/\/www.lifenatura.com\/wp-content\/uploads\/2025\/03\/potasio-comprimidos-soria-natural.jpg","type":"image\/jpeg"}],"twitter_card":"summary_large_image","twitter_misc":{"Precio":"11,80&nbsp;&euro;","Disponibilidad":"Disponible"},"schema":{"@context":"https:\/\/schema.org","@graph":[{"@type":"WebPage","@id":"https:\/\/www.lifenatura.com\/es\/produto\/potasio-60-comprimidos-soria-natural\/","url":"https:\/\/www.lifenatura.com\/es\/produto\/potasio-60-comprimidos-soria-natural\/","name":"Potasio 60 Comprimidos - Soria Natural - Na Lifenatura ao Melhor Pre\u00e7o | Envio em 48h","isPartOf":{"@id":"https:\/\/www.lifenatura.com\/es\/#website"},"primaryImageOfPage":{"@id":"https:\/\/www.lifenatura.com\/es\/produto\/potasio-60-comprimidos-soria-natural\/#primaryimage"},"image":{"@id":"https:\/\/www.lifenatura.com\/es\/produto\/potasio-60-comprimidos-soria-natural\/#primaryimage"},"thumbnailUrl":"https:\/\/www.lifenatura.com\/wp-content\/uploads\/2025\/03\/potasio-comprimidos-soria-natural.jpg","datePublished":"2025-03-24T21:46:50+00:00","dateModified":"2025-04-07T20:51:31+00:00","description":"El Potasio de Soria Natural es un suplemento de liberaci\u00f3n controlada que favorece la funci\u00f3n muscular, el sistema nervioso una presi\u00f3n arterial saludable.","breadcrumb":{"@id":"https:\/\/www.lifenatura.com\/es\/produto\/potasio-60-comprimidos-soria-natural\/#breadcrumb"},"inLanguage":"es","potentialAction":[{"@type":"ReadAction","target":["https:\/\/www.lifenatura.com\/es\/produto\/potasio-60-comprimidos-soria-natural\/"]}]},{"@type":"ImageObject","inLanguage":"es","@id":"https:\/\/www.lifenatura.com\/es\/produto\/potasio-60-comprimidos-soria-natural\/#primaryimage","url":"https:\/\/www.lifenatura.com\/wp-content\/uploads\/2025\/03\/potasio-comprimidos-soria-natural.jpg","contentUrl":"https:\/\/www.lifenatura.com\/wp-content\/uploads\/2025\/03\/potasio-comprimidos-soria-natural.jpg","width":1000,"height":1000,"caption":"Soria Pastillas de potasio natural"},{"@type":"BreadcrumbList","@id":"https:\/\/www.lifenatura.com\/es\/produto\/potasio-60-comprimidos-soria-natural\/#breadcrumb","itemListElement":[{"@type":"ListItem","position":1,"name":"In\u00edcio","item":"https:\/\/www.lifenatura.com\/es\/"},{"@type":"ListItem","position":2,"name":"Todos los Productos","item":"https:\/\/www.lifenatura.com\/es\/tienda\/"},{"@type":"ListItem","position":3,"name":"Potasio 60 Comprimidos &#8211; Soria Natural"}]},{"@type":"WebSite","@id":"https:\/\/www.lifenatura.com\/es\/#website","url":"https:\/\/www.lifenatura.com\/es\/","name":"Lifenatura","description":"A Lifenatura \u00e9 uma loja de produtos naturais, cosm\u00e9tica natural e alimenta\u00e7\u00e3o Biol\u00f3gica.","publisher":{"@id":"https:\/\/www.lifenatura.com\/es\/#organization"},"potentialAction":[{"@type":"SearchAction","target":{"@type":"EntryPoint","urlTemplate":"https:\/\/www.lifenatura.com\/es\/?s={search_term_string}"},"query-input":{"@type":"PropertyValueSpecification","valueRequired":true,"valueName":"search_term_string"}}],"inLanguage":"es"},{"@type":"Organization","@id":"https:\/\/www.lifenatura.com\/es\/#organization","name":"Lifenatura","url":"https:\/\/www.lifenatura.com\/es\/","logo":{"@type":"ImageObject","inLanguage":"es","@id":"https:\/\/www.lifenatura.com\/es\/#\/schema\/logo\/image\/","url":"https:\/\/www.lifenatura.com\/wp-content\/uploads\/2021\/07\/logo.png","contentUrl":"https:\/\/www.lifenatura.com\/wp-content\/uploads\/2021\/07\/logo.png","width":175,"height":55,"caption":"Lifenatura"},"image":{"@id":"https:\/\/www.lifenatura.com\/es\/#\/schema\/logo\/image\/"},"sameAs":["https:\/\/www.facebook.com\/lifenatura","https:\/\/www.instagram.com\/lifenaturapt\/"],"hasMerchantReturnPolicy":{"@type":"MerchantReturnPolicy","merchantReturnLink":"https:\/\/www.lifenatura.com\/termos-condicoes-lifenatura\/"}}]},"product_price_amount":"11.80","product_price_currency":"EUR","og_availability":"instock","product_availability":"instock","product_retailer_item_id":"8422947110598","product_condition":"new"},"df_price":11.8,"df_sale_price":11.8,"df_regular_price":13.11,"df_image_link":"https:\/\/www.lifenatura.com\/wp-content\/uploads\/2025\/03\/potasio-comprimidos-soria-natural-300x300.jpg","_links":{"self":[{"href":"https:\/\/www.lifenatura.com\/es\/wp-json\/wp\/v2\/product\/109442","targetHints":{"allow":["GET"]}}],"collection":[{"href":"https:\/\/www.lifenatura.com\/es\/wp-json\/wp\/v2\/product"}],"about":[{"href":"https:\/\/www.lifenatura.com\/es\/wp-json\/wp\/v2\/types\/product"}],"wp:featuredmedia":[{"embeddable":true,"href":"https:\/\/www.lifenatura.com\/es\/wp-json\/wp\/v2\/media\/109062"}],"wp:attachment":[{"href":"https:\/\/www.lifenatura.com\/es\/wp-json\/wp\/v2\/media?parent=109442"}],"wp:term":[{"taxonomy":"product_brand","embeddable":true,"href":"https:\/\/www.lifenatura.com\/es\/wp-json\/wp\/v2\/product_brand?post=109442"},{"taxonomy":"product_cat","embeddable":true,"href":"https:\/\/www.lifenatura.com\/es\/wp-json\/wp\/v2\/product_cat?post=109442"},{"taxonomy":"product_tag","embeddable":true,"href":"https:\/\/www.lifenatura.com\/es\/wp-json\/wp\/v2\/product_tag?post=109442"}],"curies":[{"name":"wp","href":"https:\/\/api.w.org\/{rel}","templated":true}]}}