{"id":108859,"date":"2025-03-20T13:52:35","date_gmt":"2025-03-20T13:52:35","guid":{"rendered":"https:\/\/www.lifenatura.com\/produto\/orthomol-tendo-30-sobres\/"},"modified":"2025-04-02T11:44:56","modified_gmt":"2025-04-02T11:44:56","slug":"orthomol-tendo-30-sobres","status":"publish","type":"product","link":"https:\/\/www.lifenatura.com\/es\/produto\/orthomol-tendo-30-sobres\/","title":{"rendered":"Orthomol Tendo 30 sobres"},"content":{"rendered":"<h2 style=\"text-align: left;\" data-start=\"0\" data-end=\"77\"><strong>Orthomol Tendo: Apoyo nutricional para tendones y ligamentos sanos<\/strong><\/h2>\n<p>&nbsp;<\/p>\n<p data-start=\"103\" data-end=\"534\"><strong data-start=\"105\" data-end=\"123\">Orthomol Tendo<\/strong> es un complemento alimenticio dise\u00f1ado para proporcionar un apoyo nutricional espec\u00edfico a tendones y ligamentos, ayudando a mantener su fuerza y flexibilidad. Con una f\u00f3rmula avanzada que combina col\u00e1geno hidrolizado, vitamina C, manganeso, zinc y \u00e1cidos grasos omega-3, este suplemento es ideal para quienes desean reforzar las estructuras de sost\u00e9n del cuerpo, previniendo lesiones y favoreciendo la recuperaci\u00f3n.<\/p>\n<p data-start=\"536\" data-end=\"868\">Los tendones y ligamentos son esenciales para la movilidad y estabilidad de las articulaciones, pero est\u00e1n sujetos a desgaste, sobre todo en deportistas y personas que realizan movimientos repetitivos o de alto impacto. Orthomol Tendo aporta nutrientes esenciales para la regeneraci\u00f3n y el mantenimiento de estos tejidos conjuntivos.<\/p>\n<p data-start=\"870\" data-end=\"898\"><strong data-start=\"870\" data-end=\"896\">Principales ventajas:<\/strong><\/p>\n<ul data-start=\"900\" data-end=\"1719\">\n<li data-start=\"900\" data-end=\"1100\"><strong data-start=\"902\" data-end=\"945\">Fortalece tendones y ligamentos:<\/strong> El col\u00e1geno hidrolizado y la vitamina C contribuyen a la formaci\u00f3n normal de col\u00e1geno, esencial para la estructura y resistencia de los tejidos conjuntivos.<\/li>\n<li data-start=\"1101\" data-end=\"1268\"><strong data-start=\"1103\" data-end=\"1142\">Protecci\u00f3n contra el estr\u00e9s oxidativo:<\/strong> el zinc y el manganeso act\u00faan como antioxidantes, protegiendo los tendones y ligamentos contra el desgaste y la degradaci\u00f3n prematura.<\/li>\n<li data-start=\"1269\" data-end=\"1425\"><strong data-start=\"1271\" data-end=\"1301\">Recuperaci\u00f3n y regeneraci\u00f3n:<\/strong> La combinaci\u00f3n de nutrientes apoya la regeneraci\u00f3n de los tejidos conjuntivos, favoreciendo la recuperaci\u00f3n tras un esfuerzo intenso.<\/li>\n<li data-start=\"1426\" data-end=\"1584\"><strong data-start=\"1428\" data-end=\"1459\">Menor riesgo de lesiones:<\/strong> el suplemento ayuda a mantener la flexibilidad y elasticidad de los tendones, reduciendo la probabilidad de lesiones.<\/li>\n<li data-start=\"1585\" data-end=\"1719\"><strong data-start=\"1587\" data-end=\"1614\">Salud general de las articulaciones:<\/strong> La presencia de \u00e1cidos grasos omega-3 ayuda a reducir la inflamaci\u00f3n, favoreciendo el bienestar articular.<\/li>\n<\/ul>\n<p data-start=\"1721\" data-end=\"1741\"><strong data-start=\"1721\" data-end=\"1739\">Adecuado para:<\/strong><\/p>\n<ul data-start=\"1743\" data-end=\"2168\">\n<li data-start=\"1743\" data-end=\"1836\"><strong data-start=\"1745\" data-end=\"1771\">Deportistas y atletas<\/strong> que quieran fortalecer sus tendones y reducir el riesgo de lesiones.<\/li>\n<li data-start=\"1837\" data-end=\"1957\"><strong data-start=\"1839\" data-end=\"1886\">Personas que realizan movimientos repetitivos<\/strong>, como los trabajadores manuales o quienes se dedican a actividades de impacto.<\/li>\n<li data-start=\"1958\" data-end=\"2082\"><strong data-start=\"1960\" data-end=\"2010\">Personas que se recuperan de lesiones tendinosas<\/strong> y necesitan apoyo nutricional para la regeneraci\u00f3n de los tejidos.<\/li>\n<li data-start=\"2083\" data-end=\"2168\"><strong data-start=\"2085\" data-end=\"2166\">Quienes buscan prevenir el desgaste y mantener la movilidad articular a largo plazo.<\/strong><\/li>\n<\/ul>\n<p>Orthomol tendo contiene los micronutrientes necesarios para el metabolismo y la s\u00edntesis del col\u00e1geno: condroit\u00edn sulfato, glucosamina, \u00e1cido hialur\u00f3nico y col\u00e1geno hidrolizado, as\u00ed como otros micronutrientes esenciales para la formaci\u00f3n normal del tejido conjuntivo, como la vitamina C, la vitamina E y el manganeso.<\/p>\n<p>Tambi\u00e9n contiene \u00e1cidos grasos Omega 3 y enzimas (bromelina y papa\u00edna).<\/p>\n<p><strong>PRESENTACI\u00d3N<\/strong><\/p>\n<p>30 sobres<\/p>\n<p>&nbsp;<\/p>\n","protected":false},"excerpt":{"rendered":"<p>Orthomol Tendo refuerza tendones y ligamentos, favoreciendo la regeneraci\u00f3n, la flexibilidad y la resistencia para un movimiento sin restricciones. [&#8230;]<\/p>\n<p><a class=\"btn btn-secondary understrap-read-more-link\" href=\"https:\/\/www.lifenatura.com\/es\/produto\/orthomol-tendo-30-sobres\/\">Leer m\u00e1s&#8230;<span class=\"screen-reader-text\"> from Orthomol Tendo 30 sobres<\/span><\/a><\/p>\n","protected":false},"featured_media":108834,"template":"","meta":{"_acf_changed":false},"product_brand":[8418],"product_cat":[7205,7713,7659,7179,7883],"product_tag":[],"class_list":{"0":"post-108859","1":"product","2":"type-product","3":"status-publish","4":"has-post-thumbnail","6":"product_brand-orthomol","7":"product_cat-articulaciones","8":"product_cat-glucosamina-es","9":"product_cat-ingrediente-natural-bio","10":"product_cat-salud","11":"product_cat-suplementos-alimenticios","13":"first","14":"instock","15":"shipping-taxable","16":"purchasable","17":"product-type-simple","18":"add-to-wishlist-before_image"},"acf":[],"yoast_head":"<!-- This site is optimized with the Yoast SEO Premium plugin v27.1 (Yoast SEO v27.6) - https:\/\/yoast.com\/product\/yoast-seo-premium-wordpress\/ -->\n<title>Orthomol Tendo 30 sobres - Na Lifenatura ao Melhor Pre\u00e7o | Envio em 48h<\/title>\n<meta name=\"description\" content=\"Orthomol Tendo refuerza tendones y ligamentos, favoreciendo la regeneraci\u00f3n, la flexibilidad y la resistencia para un movimiento sin restricciones.\" \/>\n<meta name=\"robots\" content=\"index, follow, max-snippet:-1, max-image-preview:large, max-video-preview:-1\" \/>\n<link rel=\"canonical\" href=\"https:\/\/www.lifenatura.com\/es\/produto\/orthomol-tendo-30-sobres\/\" \/>\n<meta property=\"og:locale\" content=\"es_ES\" \/>\n<meta property=\"og:type\" content=\"article\" \/>\n<meta property=\"og:title\" content=\"Orthomol Tendo 30 sobres - Na Lifenatura ao Melhor Pre\u00e7o | Envio 48h\" \/>\n<meta property=\"og:description\" content=\"Compre Orthomol Tendo 30 sobres com envio r\u00e1pido. Entrega em 48h e portes gr\u00e1tis em compras &gt;35\u20ac. Aproveite j\u00e1 na Lifenatura\" \/>\n<meta property=\"og:url\" content=\"https:\/\/www.lifenatura.com\/es\/produto\/orthomol-tendo-30-sobres\/\" \/>\n<meta property=\"og:site_name\" content=\"Lifenatura\" \/>\n<meta property=\"article:publisher\" content=\"https:\/\/www.facebook.com\/lifenatura\" \/>\n<meta property=\"article:modified_time\" content=\"2025-04-02T11:44:56+00:00\" \/>\n<meta property=\"og:image\" content=\"https:\/\/www.lifenatura.com\/wp-content\/uploads\/2025\/03\/orthomol-tendo-saquetas.jpg\" \/>\n\t<meta property=\"og:image:width\" content=\"1000\" \/>\n\t<meta property=\"og:image:height\" content=\"1000\" \/>\n\t<meta property=\"og:image:type\" content=\"image\/jpeg\" \/>\n<meta name=\"twitter:card\" content=\"summary_large_image\" \/>\n<meta name=\"twitter:label1\" content=\"Precio\" \/>\n\t<meta name=\"twitter:data1\" content=\"77,23&nbsp;&euro;\" \/>\n\t<meta name=\"twitter:label2\" content=\"Disponibilidad\" \/>\n\t<meta name=\"twitter:data2\" content=\"Disponible\" \/>\n<script type=\"application\/ld+json\" class=\"yoast-schema-graph\">{\"@context\":\"https:\\\/\\\/schema.org\",\"@graph\":[{\"@type\":\"WebPage\",\"@id\":\"https:\\\/\\\/www.lifenatura.com\\\/es\\\/produto\\\/orthomol-tendo-30-sobres\\\/\",\"url\":\"https:\\\/\\\/www.lifenatura.com\\\/es\\\/produto\\\/orthomol-tendo-30-sobres\\\/\",\"name\":\"Orthomol Tendo 30 sobres - Na Lifenatura ao Melhor Pre\u00e7o | Envio em 48h\",\"isPartOf\":{\"@id\":\"https:\\\/\\\/www.lifenatura.com\\\/es\\\/#website\"},\"primaryImageOfPage\":{\"@id\":\"https:\\\/\\\/www.lifenatura.com\\\/es\\\/produto\\\/orthomol-tendo-30-sobres\\\/#primaryimage\"},\"image\":{\"@id\":\"https:\\\/\\\/www.lifenatura.com\\\/es\\\/produto\\\/orthomol-tendo-30-sobres\\\/#primaryimage\"},\"thumbnailUrl\":\"https:\\\/\\\/www.lifenatura.com\\\/wp-content\\\/uploads\\\/2025\\\/03\\\/orthomol-tendo-saquetas.jpg\",\"datePublished\":\"2025-03-20T13:52:35+00:00\",\"dateModified\":\"2025-04-02T11:44:56+00:00\",\"description\":\"Orthomol Tendo refuerza tendones y ligamentos, favoreciendo la regeneraci\u00f3n, la flexibilidad y la resistencia para un movimiento sin restricciones.\",\"breadcrumb\":{\"@id\":\"https:\\\/\\\/www.lifenatura.com\\\/es\\\/produto\\\/orthomol-tendo-30-sobres\\\/#breadcrumb\"},\"inLanguage\":\"es\",\"potentialAction\":[{\"@type\":\"ReadAction\",\"target\":[\"https:\\\/\\\/www.lifenatura.com\\\/es\\\/produto\\\/orthomol-tendo-30-sobres\\\/\"]}]},{\"@type\":\"ImageObject\",\"inLanguage\":\"es\",\"@id\":\"https:\\\/\\\/www.lifenatura.com\\\/es\\\/produto\\\/orthomol-tendo-30-sobres\\\/#primaryimage\",\"url\":\"https:\\\/\\\/www.lifenatura.com\\\/wp-content\\\/uploads\\\/2025\\\/03\\\/orthomol-tendo-saquetas.jpg\",\"contentUrl\":\"https:\\\/\\\/www.lifenatura.com\\\/wp-content\\\/uploads\\\/2025\\\/03\\\/orthomol-tendo-saquetas.jpg\",\"width\":1000,\"height\":1000,\"caption\":\"Orthomol Tendo en sobres\"},{\"@type\":\"BreadcrumbList\",\"@id\":\"https:\\\/\\\/www.lifenatura.com\\\/es\\\/produto\\\/orthomol-tendo-30-sobres\\\/#breadcrumb\",\"itemListElement\":[{\"@type\":\"ListItem\",\"position\":1,\"name\":\"In\u00edcio\",\"item\":\"https:\\\/\\\/www.lifenatura.com\\\/es\\\/\"},{\"@type\":\"ListItem\",\"position\":2,\"name\":\"Todos los Productos\",\"item\":\"https:\\\/\\\/www.lifenatura.com\\\/es\\\/tienda\\\/\"},{\"@type\":\"ListItem\",\"position\":3,\"name\":\"Orthomol Tendo 30 sobres\"}]},{\"@type\":\"WebSite\",\"@id\":\"https:\\\/\\\/www.lifenatura.com\\\/es\\\/#website\",\"url\":\"https:\\\/\\\/www.lifenatura.com\\\/es\\\/\",\"name\":\"Lifenatura\",\"description\":\"A Lifenatura \u00e9 uma loja de produtos naturais, cosm\u00e9tica natural e alimenta\u00e7\u00e3o Biol\u00f3gica.\",\"publisher\":{\"@id\":\"https:\\\/\\\/www.lifenatura.com\\\/es\\\/#organization\"},\"potentialAction\":[{\"@type\":\"SearchAction\",\"target\":{\"@type\":\"EntryPoint\",\"urlTemplate\":\"https:\\\/\\\/www.lifenatura.com\\\/es\\\/?s={search_term_string}\"},\"query-input\":{\"@type\":\"PropertyValueSpecification\",\"valueRequired\":true,\"valueName\":\"search_term_string\"}}],\"inLanguage\":\"es\"},{\"@type\":\"Organization\",\"@id\":\"https:\\\/\\\/www.lifenatura.com\\\/es\\\/#organization\",\"name\":\"Lifenatura\",\"url\":\"https:\\\/\\\/www.lifenatura.com\\\/es\\\/\",\"logo\":{\"@type\":\"ImageObject\",\"inLanguage\":\"es\",\"@id\":\"https:\\\/\\\/www.lifenatura.com\\\/es\\\/#\\\/schema\\\/logo\\\/image\\\/\",\"url\":\"https:\\\/\\\/www.lifenatura.com\\\/wp-content\\\/uploads\\\/2021\\\/07\\\/logo.png\",\"contentUrl\":\"https:\\\/\\\/www.lifenatura.com\\\/wp-content\\\/uploads\\\/2021\\\/07\\\/logo.png\",\"width\":175,\"height\":55,\"caption\":\"Lifenatura\"},\"image\":{\"@id\":\"https:\\\/\\\/www.lifenatura.com\\\/es\\\/#\\\/schema\\\/logo\\\/image\\\/\"},\"sameAs\":[\"https:\\\/\\\/www.facebook.com\\\/lifenatura\",\"https:\\\/\\\/www.instagram.com\\\/lifenaturapt\\\/\"],\"hasMerchantReturnPolicy\":{\"@type\":\"MerchantReturnPolicy\",\"merchantReturnLink\":\"https:\\\/\\\/www.lifenatura.com\\\/termos-condicoes-lifenatura\\\/\"}}]}<\/script>\n<meta property=\"product:price:amount\" content=\"77.23\" \/>\n<meta property=\"product:price:currency\" content=\"EUR\" \/>\n<meta property=\"og:availability\" content=\"instock\" \/>\n<meta property=\"product:availability\" content=\"instock\" \/>\n<meta property=\"product:retailer_item_id\" content=\"8470001684967\" \/>\n<meta property=\"product:condition\" content=\"new\" \/>\n<!-- \/ Yoast SEO Premium plugin. -->","yoast_head_json":{"title":"Orthomol Tendo 30 sobres - Na Lifenatura ao Melhor Pre\u00e7o | Envio em 48h","description":"Orthomol Tendo refuerza tendones y ligamentos, favoreciendo la regeneraci\u00f3n, la flexibilidad y la resistencia para un movimiento sin restricciones.","robots":{"index":"index","follow":"follow","max-snippet":"max-snippet:-1","max-image-preview":"max-image-preview:large","max-video-preview":"max-video-preview:-1"},"canonical":"https:\/\/www.lifenatura.com\/es\/produto\/orthomol-tendo-30-sobres\/","og_locale":"es_ES","og_type":"article","og_title":"Orthomol Tendo 30 sobres - Na Lifenatura ao Melhor Pre\u00e7o | Envio 48h","og_description":"Compre Orthomol Tendo 30 sobres com envio r\u00e1pido. Entrega em 48h e portes gr\u00e1tis em compras >35\u20ac. Aproveite j\u00e1 na Lifenatura","og_url":"https:\/\/www.lifenatura.com\/es\/produto\/orthomol-tendo-30-sobres\/","og_site_name":"Lifenatura","article_publisher":"https:\/\/www.facebook.com\/lifenatura","article_modified_time":"2025-04-02T11:44:56+00:00","og_image":[{"width":1000,"height":1000,"url":"https:\/\/www.lifenatura.com\/wp-content\/uploads\/2025\/03\/orthomol-tendo-saquetas.jpg","type":"image\/jpeg"}],"twitter_card":"summary_large_image","twitter_misc":{"Precio":"77,23&nbsp;&euro;","Disponibilidad":"Disponible"},"schema":{"@context":"https:\/\/schema.org","@graph":[{"@type":"WebPage","@id":"https:\/\/www.lifenatura.com\/es\/produto\/orthomol-tendo-30-sobres\/","url":"https:\/\/www.lifenatura.com\/es\/produto\/orthomol-tendo-30-sobres\/","name":"Orthomol Tendo 30 sobres - Na Lifenatura ao Melhor Pre\u00e7o | Envio em 48h","isPartOf":{"@id":"https:\/\/www.lifenatura.com\/es\/#website"},"primaryImageOfPage":{"@id":"https:\/\/www.lifenatura.com\/es\/produto\/orthomol-tendo-30-sobres\/#primaryimage"},"image":{"@id":"https:\/\/www.lifenatura.com\/es\/produto\/orthomol-tendo-30-sobres\/#primaryimage"},"thumbnailUrl":"https:\/\/www.lifenatura.com\/wp-content\/uploads\/2025\/03\/orthomol-tendo-saquetas.jpg","datePublished":"2025-03-20T13:52:35+00:00","dateModified":"2025-04-02T11:44:56+00:00","description":"Orthomol Tendo refuerza tendones y ligamentos, favoreciendo la regeneraci\u00f3n, la flexibilidad y la resistencia para un movimiento sin restricciones.","breadcrumb":{"@id":"https:\/\/www.lifenatura.com\/es\/produto\/orthomol-tendo-30-sobres\/#breadcrumb"},"inLanguage":"es","potentialAction":[{"@type":"ReadAction","target":["https:\/\/www.lifenatura.com\/es\/produto\/orthomol-tendo-30-sobres\/"]}]},{"@type":"ImageObject","inLanguage":"es","@id":"https:\/\/www.lifenatura.com\/es\/produto\/orthomol-tendo-30-sobres\/#primaryimage","url":"https:\/\/www.lifenatura.com\/wp-content\/uploads\/2025\/03\/orthomol-tendo-saquetas.jpg","contentUrl":"https:\/\/www.lifenatura.com\/wp-content\/uploads\/2025\/03\/orthomol-tendo-saquetas.jpg","width":1000,"height":1000,"caption":"Orthomol Tendo en sobres"},{"@type":"BreadcrumbList","@id":"https:\/\/www.lifenatura.com\/es\/produto\/orthomol-tendo-30-sobres\/#breadcrumb","itemListElement":[{"@type":"ListItem","position":1,"name":"In\u00edcio","item":"https:\/\/www.lifenatura.com\/es\/"},{"@type":"ListItem","position":2,"name":"Todos los Productos","item":"https:\/\/www.lifenatura.com\/es\/tienda\/"},{"@type":"ListItem","position":3,"name":"Orthomol Tendo 30 sobres"}]},{"@type":"WebSite","@id":"https:\/\/www.lifenatura.com\/es\/#website","url":"https:\/\/www.lifenatura.com\/es\/","name":"Lifenatura","description":"A Lifenatura \u00e9 uma loja de produtos naturais, cosm\u00e9tica natural e alimenta\u00e7\u00e3o Biol\u00f3gica.","publisher":{"@id":"https:\/\/www.lifenatura.com\/es\/#organization"},"potentialAction":[{"@type":"SearchAction","target":{"@type":"EntryPoint","urlTemplate":"https:\/\/www.lifenatura.com\/es\/?s={search_term_string}"},"query-input":{"@type":"PropertyValueSpecification","valueRequired":true,"valueName":"search_term_string"}}],"inLanguage":"es"},{"@type":"Organization","@id":"https:\/\/www.lifenatura.com\/es\/#organization","name":"Lifenatura","url":"https:\/\/www.lifenatura.com\/es\/","logo":{"@type":"ImageObject","inLanguage":"es","@id":"https:\/\/www.lifenatura.com\/es\/#\/schema\/logo\/image\/","url":"https:\/\/www.lifenatura.com\/wp-content\/uploads\/2021\/07\/logo.png","contentUrl":"https:\/\/www.lifenatura.com\/wp-content\/uploads\/2021\/07\/logo.png","width":175,"height":55,"caption":"Lifenatura"},"image":{"@id":"https:\/\/www.lifenatura.com\/es\/#\/schema\/logo\/image\/"},"sameAs":["https:\/\/www.facebook.com\/lifenatura","https:\/\/www.instagram.com\/lifenaturapt\/"],"hasMerchantReturnPolicy":{"@type":"MerchantReturnPolicy","merchantReturnLink":"https:\/\/www.lifenatura.com\/termos-condicoes-lifenatura\/"}}]},"product_price_amount":"77.23","product_price_currency":"EUR","og_availability":"instock","product_availability":"instock","product_retailer_item_id":"8470001684967","product_condition":"new"},"df_price":77.23,"df_sale_price":"","df_regular_price":77.23,"df_image_link":"https:\/\/www.lifenatura.com\/wp-content\/uploads\/2025\/03\/orthomol-tendo-saquetas-300x300.jpg","_links":{"self":[{"href":"https:\/\/www.lifenatura.com\/es\/wp-json\/wp\/v2\/product\/108859","targetHints":{"allow":["GET"]}}],"collection":[{"href":"https:\/\/www.lifenatura.com\/es\/wp-json\/wp\/v2\/product"}],"about":[{"href":"https:\/\/www.lifenatura.com\/es\/wp-json\/wp\/v2\/types\/product"}],"wp:featuredmedia":[{"embeddable":true,"href":"https:\/\/www.lifenatura.com\/es\/wp-json\/wp\/v2\/media\/108834"}],"wp:attachment":[{"href":"https:\/\/www.lifenatura.com\/es\/wp-json\/wp\/v2\/media?parent=108859"}],"wp:term":[{"taxonomy":"product_brand","embeddable":true,"href":"https:\/\/www.lifenatura.com\/es\/wp-json\/wp\/v2\/product_brand?post=108859"},{"taxonomy":"product_cat","embeddable":true,"href":"https:\/\/www.lifenatura.com\/es\/wp-json\/wp\/v2\/product_cat?post=108859"},{"taxonomy":"product_tag","embeddable":true,"href":"https:\/\/www.lifenatura.com\/es\/wp-json\/wp\/v2\/product_tag?post=108859"}],"curies":[{"name":"wp","href":"https:\/\/api.w.org\/{rel}","templated":true}]}}