{"id":108852,"date":"2025-03-11T17:54:54","date_gmt":"2025-03-11T17:54:54","guid":{"rendered":"https:\/\/www.lifenatura.com\/produto\/ergyaler-60-capsulas-nutergia\/"},"modified":"2026-04-20T14:36:57","modified_gmt":"2026-04-20T14:36:57","slug":"ergyaler-60-capsulas-nutergia","status":"publish","type":"product","link":"https:\/\/www.lifenatura.com\/es\/produto\/ergyaler-60-capsulas-nutergia\/","title":{"rendered":"ErgyAleR 60 C\u00e1psulas &#8211; Nutergia"},"content":{"rendered":"<h2 style=\"text-align: left;\" data-start=\"0\" data-end=\"73\"><strong>ErgyAleR Nutergia: Apoyo natural para las alergias y la salud respiratoria<\/strong><\/h2>\n<p data-start=\"75\" data-end=\"649\"><br data-start=\"95\" data-end=\"98\" \/><strong data-start=\"100\" data-end=\"130\">ErgyAleR de Nutergia<\/strong> es un complemento alimenticio especialmente formulado para ayudar a aliviar los s\u00edntomas al\u00e9rgicos y promover el bienestar del sistema respiratorio. Con una combinaci\u00f3n \u00fanica de <strong data-start=\"302\" data-end=\"364\">extractos de plantas, oligoelementos y antioxidantes naturales<\/strong>, este suplemento ayuda a reducir la respuesta inflamatoria y favorece el equilibrio del sistema inmunitario.<\/p>\n<p data-start=\"75\" data-end=\"649\">Su f\u00f3rmula contiene ingredientes como la <strong data-start=\"515\" data-end=\"555\">grosella negra, la c\u00farcuma y la quercetina<\/strong>, conocidos por sus propiedades antiinflamatorias y protectoras de las v\u00edas respiratorias.<\/p>\n<p data-start=\"651\" data-end=\"679\"><strong data-start=\"651\" data-end=\"677\">Principales ventajas:<\/strong><\/p>\n<ul data-start=\"680\" data-end=\"1339\">\n<li data-start=\"680\" data-end=\"823\"><strong data-start=\"682\" data-end=\"717\">Reduce los s\u00edntomas al\u00e9rgicos:<\/strong> Ayuda a minimizar la respuesta del organismo a al\u00e9rgenos como el polen, el polvo y el pelo de animales.<\/li>\n<li data-start=\"824\" data-end=\"939\"><strong data-start=\"826\" data-end=\"849\">Salud respiratoria:<\/strong> Favorece una respiraci\u00f3n m\u00e1s libre y c\u00f3moda al reducir la inflamaci\u00f3n de las v\u00edas respiratorias.<\/li>\n<li data-start=\"940\" data-end=\"1070\"><strong data-start=\"942\" data-end=\"974\">Apoyo al sistema inmunitario:<\/strong> Contribuye a un equilibrio inmunitario sano, evitando reacciones excesivas a los al\u00e9rgenos.<\/li>\n<li data-start=\"1071\" data-end=\"1208\"><strong data-start=\"1073\" data-end=\"1115\">Acci\u00f3n antioxidante y antiinflamatoria:<\/strong> la quercetina y la c\u00farcuma ayudan a proteger las c\u00e9lulas del estr\u00e9s oxidativo y la inflamaci\u00f3n.<\/li>\n<li data-start=\"1209\" data-end=\"1339\"><strong data-start=\"1211\" data-end=\"1240\">F\u00f3rmula natural y segura:<\/strong> Sin efectos secundarios indeseables, ideal para quienes buscan un apoyo diario contra las alergias.<\/li>\n<\/ul>\n<p data-start=\"1341\" data-end=\"1361\"><strong data-start=\"1341\" data-end=\"1359\">Adecuado para:<\/strong><\/p>\n<ul data-start=\"1362\" data-end=\"1694\">\n<li data-start=\"1362\" data-end=\"1446\">Personas que sufren alergias estacionales o ambientales y buscan un alivio natural.<\/li>\n<li data-start=\"1447\" data-end=\"1538\">Personas con sensibilidad respiratoria que deseen reforzar su respuesta inmunitaria.<\/li>\n<li data-start=\"1539\" data-end=\"1624\">Cualquier persona que desee reducir la inflamaci\u00f3n y las molestias asociadas a las reacciones al\u00e9rgicas.<\/li>\n<li data-start=\"1625\" data-end=\"1694\">Ideal para complementar un estilo de vida sano y equilibrado.<\/li>\n<\/ul>\n<p>ERGYAleR&#8221; puede recomendarse en caso de molestias estacionales o respiratorias. La presencia de polen, \u00e1caros del polvo o pelo de animales en el ambiente puede molestar a las personas sensibles durante todo el a\u00f1o.<\/p>\n<p data-start=\"1696\" data-end=\"1857\"><strong data-start=\"1696\" data-end=\"1715\">PRESENTACI\u00d3N<\/strong><\/p>\n<p data-start=\"1696\" data-end=\"1857\">60 c\u00e1psulas<\/p>\n<p data-start=\"1696\" data-end=\"1857\">\n","protected":false},"excerpt":{"rendered":"<p>ErgyAIeR Nutergia alivia los s\u00edntomas al\u00e9rgicos, mejora la respiraci\u00f3n y refuerza el sistema inmunitario con extractos de plantas y antioxidantes. [&#8230;]<\/p>\n<p><a class=\"btn btn-secondary understrap-read-more-link\" href=\"https:\/\/www.lifenatura.com\/es\/produto\/ergyaler-60-capsulas-nutergia\/\">Leer m\u00e1s&#8230;<span class=\"screen-reader-text\"> from ErgyAleR 60 C\u00e1psulas &#8211; Nutergia<\/span><\/a><\/p>\n","protected":false},"featured_media":108367,"template":"","meta":{"_acf_changed":false},"product_brand":[8427],"product_cat":[7230,7179,7883],"product_tag":[8726],"class_list":{"0":"post-108852","1":"product","2":"type-product","3":"status-publish","4":"has-post-thumbnail","6":"product_brand-nutergia","7":"product_cat-alergias-respiratorias","8":"product_cat-salud","9":"product_cat-suplementos-alimenticios","10":"product_tag-nutergia","12":"first","13":"instock","14":"sale","15":"featured","16":"shipping-taxable","17":"purchasable","18":"product-type-simple","19":"add-to-wishlist-before_image"},"acf":[],"yoast_head":"<!-- This site is optimized with the Yoast SEO Premium plugin v27.1 (Yoast SEO v27.5) - https:\/\/yoast.com\/product\/yoast-seo-premium-wordpress\/ -->\n<title>ErgyAleR 60 C\u00e1psulas - Nutergia - Na Lifenatura ao Melhor Pre\u00e7o | Envio em 48h<\/title>\n<meta name=\"description\" content=\"ErgyAIeR Nutergia alivia los s\u00edntomas al\u00e9rgicos, mejora la respiraci\u00f3n y refuerza el sistema inmunitario con extractos de plantas y antioxidantes.\" \/>\n<meta name=\"robots\" content=\"index, follow, max-snippet:-1, max-image-preview:large, max-video-preview:-1\" \/>\n<link rel=\"canonical\" href=\"https:\/\/www.lifenatura.com\/es\/produto\/ergyaler-60-capsulas-nutergia\/\" \/>\n<meta property=\"og:locale\" content=\"es_ES\" \/>\n<meta property=\"og:type\" content=\"article\" \/>\n<meta property=\"og:title\" content=\"ErgyAleR 60 C\u00e1psulas - Nutergia - Na Lifenatura ao Melhor Pre\u00e7o | Envio 48h\" \/>\n<meta property=\"og:description\" content=\"Compre ErgyAleR 60 C\u00e1psulas - Nutergia com envio r\u00e1pido. Entrega em 48h e portes gr\u00e1tis em compras &gt;35\u20ac. Aproveite j\u00e1 na Lifenatura\" \/>\n<meta property=\"og:url\" content=\"https:\/\/www.lifenatura.com\/es\/produto\/ergyaler-60-capsulas-nutergia\/\" \/>\n<meta property=\"og:site_name\" content=\"Lifenatura\" \/>\n<meta property=\"article:publisher\" content=\"https:\/\/www.facebook.com\/lifenatura\" \/>\n<meta property=\"article:modified_time\" content=\"2026-04-20T14:36:57+00:00\" \/>\n<meta property=\"og:image\" content=\"https:\/\/www.lifenatura.com\/wp-content\/uploads\/2025\/03\/ergyaler-capsulas-nutergia.jpg\" \/>\n\t<meta property=\"og:image:width\" content=\"1000\" \/>\n\t<meta property=\"og:image:height\" content=\"1000\" \/>\n\t<meta property=\"og:image:type\" content=\"image\/jpeg\" \/>\n<meta name=\"twitter:card\" content=\"summary_large_image\" \/>\n<meta name=\"twitter:label1\" content=\"Precio\" \/>\n\t<meta name=\"twitter:data1\" content=\"15,83&nbsp;&euro;\" \/>\n\t<meta name=\"twitter:label2\" content=\"Disponibilidad\" \/>\n\t<meta name=\"twitter:data2\" content=\"Disponible\" \/>\n<script type=\"application\/ld+json\" class=\"yoast-schema-graph\">{\"@context\":\"https:\\\/\\\/schema.org\",\"@graph\":[{\"@type\":\"WebPage\",\"@id\":\"https:\\\/\\\/www.lifenatura.com\\\/es\\\/produto\\\/ergyaler-60-capsulas-nutergia\\\/\",\"url\":\"https:\\\/\\\/www.lifenatura.com\\\/es\\\/produto\\\/ergyaler-60-capsulas-nutergia\\\/\",\"name\":\"ErgyAleR 60 C\u00e1psulas - Nutergia - Na Lifenatura ao Melhor Pre\u00e7o | Envio em 48h\",\"isPartOf\":{\"@id\":\"https:\\\/\\\/www.lifenatura.com\\\/es\\\/#website\"},\"primaryImageOfPage\":{\"@id\":\"https:\\\/\\\/www.lifenatura.com\\\/es\\\/produto\\\/ergyaler-60-capsulas-nutergia\\\/#primaryimage\"},\"image\":{\"@id\":\"https:\\\/\\\/www.lifenatura.com\\\/es\\\/produto\\\/ergyaler-60-capsulas-nutergia\\\/#primaryimage\"},\"thumbnailUrl\":\"https:\\\/\\\/www.lifenatura.com\\\/wp-content\\\/uploads\\\/2025\\\/03\\\/ergyaler-capsulas-nutergia.jpg\",\"datePublished\":\"2025-03-11T17:54:54+00:00\",\"dateModified\":\"2026-04-20T14:36:57+00:00\",\"description\":\"ErgyAIeR Nutergia alivia los s\u00edntomas al\u00e9rgicos, mejora la respiraci\u00f3n y refuerza el sistema inmunitario con extractos de plantas y antioxidantes.\",\"breadcrumb\":{\"@id\":\"https:\\\/\\\/www.lifenatura.com\\\/es\\\/produto\\\/ergyaler-60-capsulas-nutergia\\\/#breadcrumb\"},\"inLanguage\":\"es\",\"potentialAction\":[{\"@type\":\"ReadAction\",\"target\":[\"https:\\\/\\\/www.lifenatura.com\\\/es\\\/produto\\\/ergyaler-60-capsulas-nutergia\\\/\"]}]},{\"@type\":\"ImageObject\",\"inLanguage\":\"es\",\"@id\":\"https:\\\/\\\/www.lifenatura.com\\\/es\\\/produto\\\/ergyaler-60-capsulas-nutergia\\\/#primaryimage\",\"url\":\"https:\\\/\\\/www.lifenatura.com\\\/wp-content\\\/uploads\\\/2025\\\/03\\\/ergyaler-capsulas-nutergia.jpg\",\"contentUrl\":\"https:\\\/\\\/www.lifenatura.com\\\/wp-content\\\/uploads\\\/2025\\\/03\\\/ergyaler-capsulas-nutergia.jpg\",\"width\":1000,\"height\":1000,\"caption\":\"Ergyaler de Nutergia\"},{\"@type\":\"BreadcrumbList\",\"@id\":\"https:\\\/\\\/www.lifenatura.com\\\/es\\\/produto\\\/ergyaler-60-capsulas-nutergia\\\/#breadcrumb\",\"itemListElement\":[{\"@type\":\"ListItem\",\"position\":1,\"name\":\"In\u00edcio\",\"item\":\"https:\\\/\\\/www.lifenatura.com\\\/es\\\/\"},{\"@type\":\"ListItem\",\"position\":2,\"name\":\"Todos los Productos\",\"item\":\"https:\\\/\\\/www.lifenatura.com\\\/es\\\/tienda\\\/\"},{\"@type\":\"ListItem\",\"position\":3,\"name\":\"ErgyAleR 60 C\u00e1psulas &#8211; Nutergia\"}]},{\"@type\":\"WebSite\",\"@id\":\"https:\\\/\\\/www.lifenatura.com\\\/es\\\/#website\",\"url\":\"https:\\\/\\\/www.lifenatura.com\\\/es\\\/\",\"name\":\"Lifenatura\",\"description\":\"A Lifenatura \u00e9 uma loja de produtos naturais, cosm\u00e9tica natural e alimenta\u00e7\u00e3o Biol\u00f3gica.\",\"publisher\":{\"@id\":\"https:\\\/\\\/www.lifenatura.com\\\/es\\\/#organization\"},\"potentialAction\":[{\"@type\":\"SearchAction\",\"target\":{\"@type\":\"EntryPoint\",\"urlTemplate\":\"https:\\\/\\\/www.lifenatura.com\\\/es\\\/?s={search_term_string}\"},\"query-input\":{\"@type\":\"PropertyValueSpecification\",\"valueRequired\":true,\"valueName\":\"search_term_string\"}}],\"inLanguage\":\"es\"},{\"@type\":\"Organization\",\"@id\":\"https:\\\/\\\/www.lifenatura.com\\\/es\\\/#organization\",\"name\":\"Lifenatura\",\"url\":\"https:\\\/\\\/www.lifenatura.com\\\/es\\\/\",\"logo\":{\"@type\":\"ImageObject\",\"inLanguage\":\"es\",\"@id\":\"https:\\\/\\\/www.lifenatura.com\\\/es\\\/#\\\/schema\\\/logo\\\/image\\\/\",\"url\":\"https:\\\/\\\/www.lifenatura.com\\\/wp-content\\\/uploads\\\/2021\\\/07\\\/logo.png\",\"contentUrl\":\"https:\\\/\\\/www.lifenatura.com\\\/wp-content\\\/uploads\\\/2021\\\/07\\\/logo.png\",\"width\":175,\"height\":55,\"caption\":\"Lifenatura\"},\"image\":{\"@id\":\"https:\\\/\\\/www.lifenatura.com\\\/es\\\/#\\\/schema\\\/logo\\\/image\\\/\"},\"sameAs\":[\"https:\\\/\\\/www.facebook.com\\\/lifenatura\",\"https:\\\/\\\/www.instagram.com\\\/lifenaturapt\\\/\"],\"hasMerchantReturnPolicy\":{\"@type\":\"MerchantReturnPolicy\",\"merchantReturnLink\":\"https:\\\/\\\/www.lifenatura.com\\\/termos-condicoes-lifenatura\\\/\"}}]}<\/script>\n<meta property=\"product:price:amount\" content=\"15.83\" \/>\n<meta property=\"product:price:currency\" content=\"EUR\" \/>\n<meta property=\"og:availability\" content=\"instock\" \/>\n<meta property=\"product:availability\" content=\"instock\" \/>\n<meta property=\"product:retailer_item_id\" content=\"7535740\" \/>\n<meta property=\"product:condition\" content=\"new\" \/>\n<!-- \/ Yoast SEO Premium plugin. -->","yoast_head_json":{"title":"ErgyAleR 60 C\u00e1psulas - Nutergia - Na Lifenatura ao Melhor Pre\u00e7o | Envio em 48h","description":"ErgyAIeR Nutergia alivia los s\u00edntomas al\u00e9rgicos, mejora la respiraci\u00f3n y refuerza el sistema inmunitario con extractos de plantas y antioxidantes.","robots":{"index":"index","follow":"follow","max-snippet":"max-snippet:-1","max-image-preview":"max-image-preview:large","max-video-preview":"max-video-preview:-1"},"canonical":"https:\/\/www.lifenatura.com\/es\/produto\/ergyaler-60-capsulas-nutergia\/","og_locale":"es_ES","og_type":"article","og_title":"ErgyAleR 60 C\u00e1psulas - Nutergia - Na Lifenatura ao Melhor Pre\u00e7o | Envio 48h","og_description":"Compre ErgyAleR 60 C\u00e1psulas - Nutergia com envio r\u00e1pido. Entrega em 48h e portes gr\u00e1tis em compras >35\u20ac. Aproveite j\u00e1 na Lifenatura","og_url":"https:\/\/www.lifenatura.com\/es\/produto\/ergyaler-60-capsulas-nutergia\/","og_site_name":"Lifenatura","article_publisher":"https:\/\/www.facebook.com\/lifenatura","article_modified_time":"2026-04-20T14:36:57+00:00","og_image":[{"width":1000,"height":1000,"url":"https:\/\/www.lifenatura.com\/wp-content\/uploads\/2025\/03\/ergyaler-capsulas-nutergia.jpg","type":"image\/jpeg"}],"twitter_card":"summary_large_image","twitter_misc":{"Precio":"15,83&nbsp;&euro;","Disponibilidad":"Disponible"},"schema":{"@context":"https:\/\/schema.org","@graph":[{"@type":"WebPage","@id":"https:\/\/www.lifenatura.com\/es\/produto\/ergyaler-60-capsulas-nutergia\/","url":"https:\/\/www.lifenatura.com\/es\/produto\/ergyaler-60-capsulas-nutergia\/","name":"ErgyAleR 60 C\u00e1psulas - Nutergia - Na Lifenatura ao Melhor Pre\u00e7o | Envio em 48h","isPartOf":{"@id":"https:\/\/www.lifenatura.com\/es\/#website"},"primaryImageOfPage":{"@id":"https:\/\/www.lifenatura.com\/es\/produto\/ergyaler-60-capsulas-nutergia\/#primaryimage"},"image":{"@id":"https:\/\/www.lifenatura.com\/es\/produto\/ergyaler-60-capsulas-nutergia\/#primaryimage"},"thumbnailUrl":"https:\/\/www.lifenatura.com\/wp-content\/uploads\/2025\/03\/ergyaler-capsulas-nutergia.jpg","datePublished":"2025-03-11T17:54:54+00:00","dateModified":"2026-04-20T14:36:57+00:00","description":"ErgyAIeR Nutergia alivia los s\u00edntomas al\u00e9rgicos, mejora la respiraci\u00f3n y refuerza el sistema inmunitario con extractos de plantas y antioxidantes.","breadcrumb":{"@id":"https:\/\/www.lifenatura.com\/es\/produto\/ergyaler-60-capsulas-nutergia\/#breadcrumb"},"inLanguage":"es","potentialAction":[{"@type":"ReadAction","target":["https:\/\/www.lifenatura.com\/es\/produto\/ergyaler-60-capsulas-nutergia\/"]}]},{"@type":"ImageObject","inLanguage":"es","@id":"https:\/\/www.lifenatura.com\/es\/produto\/ergyaler-60-capsulas-nutergia\/#primaryimage","url":"https:\/\/www.lifenatura.com\/wp-content\/uploads\/2025\/03\/ergyaler-capsulas-nutergia.jpg","contentUrl":"https:\/\/www.lifenatura.com\/wp-content\/uploads\/2025\/03\/ergyaler-capsulas-nutergia.jpg","width":1000,"height":1000,"caption":"Ergyaler de Nutergia"},{"@type":"BreadcrumbList","@id":"https:\/\/www.lifenatura.com\/es\/produto\/ergyaler-60-capsulas-nutergia\/#breadcrumb","itemListElement":[{"@type":"ListItem","position":1,"name":"In\u00edcio","item":"https:\/\/www.lifenatura.com\/es\/"},{"@type":"ListItem","position":2,"name":"Todos los Productos","item":"https:\/\/www.lifenatura.com\/es\/tienda\/"},{"@type":"ListItem","position":3,"name":"ErgyAleR 60 C\u00e1psulas &#8211; Nutergia"}]},{"@type":"WebSite","@id":"https:\/\/www.lifenatura.com\/es\/#website","url":"https:\/\/www.lifenatura.com\/es\/","name":"Lifenatura","description":"A Lifenatura \u00e9 uma loja de produtos naturais, cosm\u00e9tica natural e alimenta\u00e7\u00e3o Biol\u00f3gica.","publisher":{"@id":"https:\/\/www.lifenatura.com\/es\/#organization"},"potentialAction":[{"@type":"SearchAction","target":{"@type":"EntryPoint","urlTemplate":"https:\/\/www.lifenatura.com\/es\/?s={search_term_string}"},"query-input":{"@type":"PropertyValueSpecification","valueRequired":true,"valueName":"search_term_string"}}],"inLanguage":"es"},{"@type":"Organization","@id":"https:\/\/www.lifenatura.com\/es\/#organization","name":"Lifenatura","url":"https:\/\/www.lifenatura.com\/es\/","logo":{"@type":"ImageObject","inLanguage":"es","@id":"https:\/\/www.lifenatura.com\/es\/#\/schema\/logo\/image\/","url":"https:\/\/www.lifenatura.com\/wp-content\/uploads\/2021\/07\/logo.png","contentUrl":"https:\/\/www.lifenatura.com\/wp-content\/uploads\/2021\/07\/logo.png","width":175,"height":55,"caption":"Lifenatura"},"image":{"@id":"https:\/\/www.lifenatura.com\/es\/#\/schema\/logo\/image\/"},"sameAs":["https:\/\/www.facebook.com\/lifenatura","https:\/\/www.instagram.com\/lifenaturapt\/"],"hasMerchantReturnPolicy":{"@type":"MerchantReturnPolicy","merchantReturnLink":"https:\/\/www.lifenatura.com\/termos-condicoes-lifenatura\/"}}]},"product_price_amount":"15.83","product_price_currency":"EUR","og_availability":"instock","product_availability":"instock","product_retailer_item_id":"7535740","product_condition":"new"},"df_price":15.83,"df_sale_price":15.83,"df_regular_price":19.78,"df_image_link":"https:\/\/www.lifenatura.com\/wp-content\/uploads\/2025\/03\/ergyaler-capsulas-nutergia-300x300.jpg","_links":{"self":[{"href":"https:\/\/www.lifenatura.com\/es\/wp-json\/wp\/v2\/product\/108852","targetHints":{"allow":["GET"]}}],"collection":[{"href":"https:\/\/www.lifenatura.com\/es\/wp-json\/wp\/v2\/product"}],"about":[{"href":"https:\/\/www.lifenatura.com\/es\/wp-json\/wp\/v2\/types\/product"}],"wp:featuredmedia":[{"embeddable":true,"href":"https:\/\/www.lifenatura.com\/es\/wp-json\/wp\/v2\/media\/108367"}],"wp:attachment":[{"href":"https:\/\/www.lifenatura.com\/es\/wp-json\/wp\/v2\/media?parent=108852"}],"wp:term":[{"taxonomy":"product_brand","embeddable":true,"href":"https:\/\/www.lifenatura.com\/es\/wp-json\/wp\/v2\/product_brand?post=108852"},{"taxonomy":"product_cat","embeddable":true,"href":"https:\/\/www.lifenatura.com\/es\/wp-json\/wp\/v2\/product_cat?post=108852"},{"taxonomy":"product_tag","embeddable":true,"href":"https:\/\/www.lifenatura.com\/es\/wp-json\/wp\/v2\/product_tag?post=108852"}],"curies":[{"name":"wp","href":"https:\/\/api.w.org\/{rel}","templated":true}]}}