{"id":108850,"date":"2025-03-16T00:00:28","date_gmt":"2025-03-16T00:00:28","guid":{"rendered":"https:\/\/www.lifenatura.com\/produto\/ergynutril-advance-cacao-300g-nutergia\/"},"modified":"2026-04-20T14:36:51","modified_gmt":"2026-04-20T14:36:51","slug":"ergynutril-advance-cacao-300g-nutergia","status":"publish","type":"product","link":"https:\/\/www.lifenatura.com\/es\/produto\/ergynutril-advance-cacao-300g-nutergia\/","title":{"rendered":"Ergynutril Advance Cacao 300g &#8211; Nutergia"},"content":{"rendered":"<h2 style=\"text-align: left;\" data-start=\"0\" data-end=\"94\"><strong>Ergynutril Advance Sabor Chocolate de Nutergia: Suplemento proteico<\/strong><\/h2>\n<p>&nbsp;<\/p>\n<p data-start=\"118\" data-end=\"275\"><span class=\"relative -mx-px my-[-0.2rem] rounded px-px py-[0.2rem]\"><strong data-start=\"2\" data-end=\"40\">Ergynutril Advance Sabor Chocolate<\/strong> de Nutergia es un complemento alimenticio rico en prote\u00ednas especialmente formulado para complementar la dieta diaria y favorecer el mantenimiento y el desarrollo de la masa muscular.<\/span><\/p>\n<p data-start=\"118\" data-end=\"275\"><span class=\"relative -mx-px my-[-0.2rem] rounded px-px py-[0.2rem]\">Este producto utiliza <strong data-start=\"21\" data-end=\"68\">aislado de prote\u00edna de suero<\/strong> de alta calidad, reconocido por su excelente biodisponibilidad y su completo perfil de amino\u00e1cidos esenciales.<\/span> <span class=\"relative -mx-px my-[-0.2rem] rounded px-px py-[0.2rem]\">Con un delicioso sabor a chocolate, es una opci\u00f3n pr\u00e1ctica y sabrosa para enriquecer tu dieta con prote\u00ednas de alto valor biol\u00f3gico.<\/span><\/p>\n<p data-start=\"277\" data-end=\"303\"><strong data-start=\"277\" data-end=\"303\">Principales ventajas:<\/strong><\/p>\n<ul data-start=\"305\" data-end=\"935\">\n<li data-start=\"305\" data-end=\"432\">\n<p data-start=\"307\" data-end=\"432\"><strong data-start=\"307\" data-end=\"350\">Mantener y aumentar la masa muscular:<\/strong> <span class=\"relative -mx-px my-[-0.2rem] rounded px-px py-[0.2rem]\">Las prote\u00ednas contribuyen a conservar y aumentar la masa muscular y son esenciales para los deportistas y las personas activas.<\/span><\/p>\n<\/li>\n<li data-start=\"434\" data-end=\"554\">\n<p data-start=\"436\" data-end=\"554\"><strong data-start=\"436\" data-end=\"472\">Apoyo durante la convalecencia:<\/strong> <span class=\"relative -mx-px my-[-0.2rem] rounded px-px py-[0.2rem]\">Durante los periodos de recuperaci\u00f3n o inmovilizaci\u00f3n, una ingesta adecuada de prote\u00ednas ayuda a preservar la masa muscular y la recuperaci\u00f3n general.<\/span><\/p>\n<\/li>\n<li data-start=\"556\" data-end=\"677\">\n<p data-start=\"558\" data-end=\"677\"><strong data-start=\"558\" data-end=\"595\">Bajo en grasas y az\u00facares:<\/strong> <span class=\"relative -mx-px my-[-0.2rem] rounded px-px py-[0.2rem]\">Con menos de 0,5 g de grasa y 2,4 g de az\u00facares por raci\u00f3n, es adecuado para dietas controladas.<\/span><\/p>\n<\/li>\n<li data-start=\"679\" data-end=\"808\">\n<p data-start=\"681\" data-end=\"808\"><strong data-start=\"681\" data-end=\"722\">Enriquecido con vitaminas y minerales:<\/strong> <span class=\"relative -mx-px my-[-0.2rem] rounded px-px py-[0.2rem]\">Contiene vitaminas del grupo B (B1, B2, B3, B6, B9, B12), magnesio, zinc, yodo y cromo, que favorecen el metabolismo energ\u00e9tico y otras funciones corporales esenciales.<\/span><\/p>\n<\/li>\n<li data-start=\"810\" data-end=\"935\">\n<p data-start=\"812\" data-end=\"935\"><strong data-start=\"812\" data-end=\"849\">F\u00e1cil de preparar y vers\u00e1til: se<\/strong> <span class=\"relative -mx-px my-[-0.2rem] rounded px-px py-[0.2rem]\">puede comer fr\u00edo o caliente, mezclado con agua o leche, adapt\u00e1ndose a las preferencias individuales.<\/span><\/p>\n<\/li>\n<\/ul>\n<p data-start=\"937\" data-end=\"955\"><strong data-start=\"937\" data-end=\"955\">Adecuado para:<\/strong><\/p>\n<ul data-start=\"957\" data-end=\"1483\">\n<li data-start=\"957\" data-end=\"1091\">\n<p data-start=\"959\" data-end=\"1091\"><strong data-start=\"959\" data-end=\"1005\">Deportistas y practicantes de actividad f\u00edsica:<\/strong> <span class=\"relative -mx-px my-[-0.2rem] rounded px-px py-[0.2rem]\">que necesitan un aporte proteico adecuado para apoyar el entrenamiento y la recuperaci\u00f3n muscular.<\/span><\/p>\n<\/li>\n<li data-start=\"1093\" data-end=\"1231\">\n<p data-start=\"1095\" data-end=\"1231\"><strong data-start=\"1095\" data-end=\"1145\">Personas con dietas deficientes en prote\u00ednas:<\/strong> <span class=\"relative -mx-px my-[-0.2rem] rounded px-px py-[0.2rem]\">como ancianos o personas con necesidades nutricionales espec\u00edficas.<\/span><\/p>\n<\/li>\n<li data-start=\"1233\" data-end=\"1363\">\n<p data-start=\"1235\" data-end=\"1363\"><strong data-start=\"1235\" data-end=\"1277\">Durante los programas de control de peso:<\/strong> <span class=\"relative -mx-px my-[-0.2rem] rounded px-px py-[0.2rem]\">Ayuda a mantener la masa muscular mientras se pierde grasa corporal.<\/span><\/p>\n<\/li>\n<li data-start=\"1365\" data-end=\"1483\">\n<p data-start=\"1367\" data-end=\"1483\"><strong data-start=\"1367\" data-end=\"1397\">Personas en recuperaci\u00f3n:<\/strong> <span class=\"relative -mx-px my-[-0.2rem] rounded px-px py-[0.2rem]\">Que necesitan apoyo nutricional adicional para promover la recuperaci\u00f3n y la salud general.<\/span><\/p>\n<\/li>\n<\/ul>\n<p>Destinadas a las personas que desean complementar su dieta, garantizan <strong>un aporte diario suficiente de <\/strong>amino\u00e1cidos y prote\u00ednas, componentes esenciales de los m\u00fasculos y los tejidos.<\/p>\n<p>Consta de 2 productos, <strong>desarrollados cient\u00edficamente <\/strong>a partir de un aislado de prote\u00ednas de suero <strong>no desnaturalizadas <\/strong>(prote\u00edna de trigo), con aromas naturales, sin colorantes ni edulcorantes, para una m\u00e1xima naturalidad.<\/p>\n<p>Ricas en prote\u00ednas<strong>(80% por raci\u00f3n<\/strong>) y con s\u00f3lo 3,3 g\/dosis de hidratos de carbono, las f\u00f3rmulas est\u00e1n reforzadas por la presencia de <strong>6 vitaminas y 5 sales minerales<\/strong>, y enriquecidas con glutamina.<\/p>\n<p><strong>PRESENTACI\u00d3N<\/strong><\/p>\n<p>300g<\/p>\n<p>&nbsp;<\/p>\n","protected":false},"excerpt":{"rendered":"<p>Ergynutril Advance Sabor Chocolate de Nutergia es un suplemento proteico de alta calidad, ideal para el mantenimiento de la masa muscular y el bienestar general. [&#8230;]<\/p>\n<p><a class=\"btn btn-secondary understrap-read-more-link\" href=\"https:\/\/www.lifenatura.com\/es\/produto\/ergynutril-advance-cacao-300g-nutergia\/\">Leer m\u00e1s&#8230;<span class=\"screen-reader-text\"> from Ergynutril Advance Cacao 300g &#8211; Nutergia<\/span><\/a><\/p>\n","protected":false},"featured_media":108559,"template":"","meta":{"_acf_changed":false},"product_brand":[8427],"product_cat":[7293,7176],"product_tag":[8726],"class_list":{"0":"post-108850","1":"product","2":"type-product","3":"status-publish","4":"has-post-thumbnail","6":"product_brand-nutergia","7":"product_cat-nutricion-deportiva","8":"product_cat-proteina-nutricion","9":"product_tag-nutergia","11":"first","12":"instock","13":"sale","14":"featured","15":"shipping-taxable","16":"purchasable","17":"product-type-simple","18":"add-to-wishlist-before_image"},"acf":[],"yoast_head":"<!-- This site is optimized with the Yoast SEO Premium plugin v27.1 (Yoast SEO v27.5) - https:\/\/yoast.com\/product\/yoast-seo-premium-wordpress\/ -->\n<title>Ergynutril Advance Cacao 300g - Nutergia - Na Lifenatura ao Melhor Pre\u00e7o | Envio em 48h<\/title>\n<meta name=\"description\" content=\"Ergynutril Advance Sabor Chocolate de Nutergia es un suplemento proteico de alta calidad, ideal para el mantenimiento de la masa muscular.\" \/>\n<meta name=\"robots\" content=\"index, follow, max-snippet:-1, max-image-preview:large, max-video-preview:-1\" \/>\n<link rel=\"canonical\" href=\"https:\/\/www.lifenatura.com\/es\/produto\/ergynutril-advance-cacao-300g-nutergia\/\" \/>\n<meta property=\"og:locale\" content=\"es_ES\" \/>\n<meta property=\"og:type\" content=\"article\" \/>\n<meta property=\"og:title\" content=\"Ergynutril Advance Cacao 300g - Nutergia - Na Lifenatura ao Melhor Pre\u00e7o | Envio 48h\" \/>\n<meta property=\"og:description\" content=\"Compre Ergynutril Advance Cacao 300g - Nutergia com envio r\u00e1pido. Entrega em 48h e portes gr\u00e1tis em compras &gt;35\u20ac. Aproveite j\u00e1 na Lifenatura\" \/>\n<meta property=\"og:url\" content=\"https:\/\/www.lifenatura.com\/es\/produto\/ergynutril-advance-cacao-300g-nutergia\/\" \/>\n<meta property=\"og:site_name\" content=\"Lifenatura\" \/>\n<meta property=\"article:publisher\" content=\"https:\/\/www.facebook.com\/lifenatura\" \/>\n<meta property=\"article:modified_time\" content=\"2026-04-20T14:36:51+00:00\" \/>\n<meta property=\"og:image\" content=\"https:\/\/www.lifenatura.com\/wp-content\/uploads\/2025\/03\/ergynutril-chocolate-nutergia.jpg\" \/>\n\t<meta property=\"og:image:width\" content=\"1000\" \/>\n\t<meta property=\"og:image:height\" content=\"1000\" \/>\n\t<meta property=\"og:image:type\" content=\"image\/jpeg\" \/>\n<meta name=\"twitter:card\" content=\"summary_large_image\" \/>\n<meta name=\"twitter:label1\" content=\"Precio\" \/>\n\t<meta name=\"twitter:data1\" content=\"22,49&nbsp;&euro;\" \/>\n\t<meta name=\"twitter:label2\" content=\"Disponibilidad\" \/>\n\t<meta name=\"twitter:data2\" content=\"Disponible\" \/>\n<script type=\"application\/ld+json\" class=\"yoast-schema-graph\">{\"@context\":\"https:\\\/\\\/schema.org\",\"@graph\":[{\"@type\":\"WebPage\",\"@id\":\"https:\\\/\\\/www.lifenatura.com\\\/es\\\/produto\\\/ergynutril-advance-cacao-300g-nutergia\\\/\",\"url\":\"https:\\\/\\\/www.lifenatura.com\\\/es\\\/produto\\\/ergynutril-advance-cacao-300g-nutergia\\\/\",\"name\":\"Ergynutril Advance Cacao 300g - Nutergia - Na Lifenatura ao Melhor Pre\u00e7o | Envio em 48h\",\"isPartOf\":{\"@id\":\"https:\\\/\\\/www.lifenatura.com\\\/es\\\/#website\"},\"primaryImageOfPage\":{\"@id\":\"https:\\\/\\\/www.lifenatura.com\\\/es\\\/produto\\\/ergynutril-advance-cacao-300g-nutergia\\\/#primaryimage\"},\"image\":{\"@id\":\"https:\\\/\\\/www.lifenatura.com\\\/es\\\/produto\\\/ergynutril-advance-cacao-300g-nutergia\\\/#primaryimage\"},\"thumbnailUrl\":\"https:\\\/\\\/www.lifenatura.com\\\/wp-content\\\/uploads\\\/2025\\\/03\\\/ergynutril-chocolate-nutergia.jpg\",\"datePublished\":\"2025-03-16T00:00:28+00:00\",\"dateModified\":\"2026-04-20T14:36:51+00:00\",\"description\":\"Ergynutril Advance Sabor Chocolate de Nutergia es un suplemento proteico de alta calidad, ideal para el mantenimiento de la masa muscular.\",\"breadcrumb\":{\"@id\":\"https:\\\/\\\/www.lifenatura.com\\\/es\\\/produto\\\/ergynutril-advance-cacao-300g-nutergia\\\/#breadcrumb\"},\"inLanguage\":\"es\",\"potentialAction\":[{\"@type\":\"ReadAction\",\"target\":[\"https:\\\/\\\/www.lifenatura.com\\\/es\\\/produto\\\/ergynutril-advance-cacao-300g-nutergia\\\/\"]}]},{\"@type\":\"ImageObject\",\"inLanguage\":\"es\",\"@id\":\"https:\\\/\\\/www.lifenatura.com\\\/es\\\/produto\\\/ergynutril-advance-cacao-300g-nutergia\\\/#primaryimage\",\"url\":\"https:\\\/\\\/www.lifenatura.com\\\/wp-content\\\/uploads\\\/2025\\\/03\\\/ergynutril-chocolate-nutergia.jpg\",\"contentUrl\":\"https:\\\/\\\/www.lifenatura.com\\\/wp-content\\\/uploads\\\/2025\\\/03\\\/ergynutril-chocolate-nutergia.jpg\",\"width\":1000,\"height\":1000,\"caption\":\"Nutergia chocolate Ergynutril\"},{\"@type\":\"BreadcrumbList\",\"@id\":\"https:\\\/\\\/www.lifenatura.com\\\/es\\\/produto\\\/ergynutril-advance-cacao-300g-nutergia\\\/#breadcrumb\",\"itemListElement\":[{\"@type\":\"ListItem\",\"position\":1,\"name\":\"In\u00edcio\",\"item\":\"https:\\\/\\\/www.lifenatura.com\\\/es\\\/\"},{\"@type\":\"ListItem\",\"position\":2,\"name\":\"Todos los Productos\",\"item\":\"https:\\\/\\\/www.lifenatura.com\\\/es\\\/tienda\\\/\"},{\"@type\":\"ListItem\",\"position\":3,\"name\":\"Ergynutril Advance Cacao 300g &#8211; Nutergia\"}]},{\"@type\":\"WebSite\",\"@id\":\"https:\\\/\\\/www.lifenatura.com\\\/es\\\/#website\",\"url\":\"https:\\\/\\\/www.lifenatura.com\\\/es\\\/\",\"name\":\"Lifenatura\",\"description\":\"A Lifenatura \u00e9 uma loja de produtos naturais, cosm\u00e9tica natural e alimenta\u00e7\u00e3o Biol\u00f3gica.\",\"publisher\":{\"@id\":\"https:\\\/\\\/www.lifenatura.com\\\/es\\\/#organization\"},\"potentialAction\":[{\"@type\":\"SearchAction\",\"target\":{\"@type\":\"EntryPoint\",\"urlTemplate\":\"https:\\\/\\\/www.lifenatura.com\\\/es\\\/?s={search_term_string}\"},\"query-input\":{\"@type\":\"PropertyValueSpecification\",\"valueRequired\":true,\"valueName\":\"search_term_string\"}}],\"inLanguage\":\"es\"},{\"@type\":\"Organization\",\"@id\":\"https:\\\/\\\/www.lifenatura.com\\\/es\\\/#organization\",\"name\":\"Lifenatura\",\"url\":\"https:\\\/\\\/www.lifenatura.com\\\/es\\\/\",\"logo\":{\"@type\":\"ImageObject\",\"inLanguage\":\"es\",\"@id\":\"https:\\\/\\\/www.lifenatura.com\\\/es\\\/#\\\/schema\\\/logo\\\/image\\\/\",\"url\":\"https:\\\/\\\/www.lifenatura.com\\\/wp-content\\\/uploads\\\/2021\\\/07\\\/logo.png\",\"contentUrl\":\"https:\\\/\\\/www.lifenatura.com\\\/wp-content\\\/uploads\\\/2021\\\/07\\\/logo.png\",\"width\":175,\"height\":55,\"caption\":\"Lifenatura\"},\"image\":{\"@id\":\"https:\\\/\\\/www.lifenatura.com\\\/es\\\/#\\\/schema\\\/logo\\\/image\\\/\"},\"sameAs\":[\"https:\\\/\\\/www.facebook.com\\\/lifenatura\",\"https:\\\/\\\/www.instagram.com\\\/lifenaturapt\\\/\"],\"hasMerchantReturnPolicy\":{\"@type\":\"MerchantReturnPolicy\",\"merchantReturnLink\":\"https:\\\/\\\/www.lifenatura.com\\\/termos-condicoes-lifenatura\\\/\"}}]}<\/script>\n<meta property=\"product:price:amount\" content=\"22.49\" \/>\n<meta property=\"product:price:currency\" content=\"EUR\" \/>\n<meta property=\"og:availability\" content=\"instock\" \/>\n<meta property=\"product:availability\" content=\"instock\" \/>\n<meta property=\"product:retailer_item_id\" content=\"8436031736311\" \/>\n<meta property=\"product:condition\" content=\"new\" \/>\n<!-- \/ Yoast SEO Premium plugin. -->","yoast_head_json":{"title":"Ergynutril Advance Cacao 300g - Nutergia - Na Lifenatura ao Melhor Pre\u00e7o | Envio em 48h","description":"Ergynutril Advance Sabor Chocolate de Nutergia es un suplemento proteico de alta calidad, ideal para el mantenimiento de la masa muscular.","robots":{"index":"index","follow":"follow","max-snippet":"max-snippet:-1","max-image-preview":"max-image-preview:large","max-video-preview":"max-video-preview:-1"},"canonical":"https:\/\/www.lifenatura.com\/es\/produto\/ergynutril-advance-cacao-300g-nutergia\/","og_locale":"es_ES","og_type":"article","og_title":"Ergynutril Advance Cacao 300g - Nutergia - Na Lifenatura ao Melhor Pre\u00e7o | Envio 48h","og_description":"Compre Ergynutril Advance Cacao 300g - Nutergia com envio r\u00e1pido. Entrega em 48h e portes gr\u00e1tis em compras >35\u20ac. Aproveite j\u00e1 na Lifenatura","og_url":"https:\/\/www.lifenatura.com\/es\/produto\/ergynutril-advance-cacao-300g-nutergia\/","og_site_name":"Lifenatura","article_publisher":"https:\/\/www.facebook.com\/lifenatura","article_modified_time":"2026-04-20T14:36:51+00:00","og_image":[{"width":1000,"height":1000,"url":"https:\/\/www.lifenatura.com\/wp-content\/uploads\/2025\/03\/ergynutril-chocolate-nutergia.jpg","type":"image\/jpeg"}],"twitter_card":"summary_large_image","twitter_misc":{"Precio":"22,49&nbsp;&euro;","Disponibilidad":"Disponible"},"schema":{"@context":"https:\/\/schema.org","@graph":[{"@type":"WebPage","@id":"https:\/\/www.lifenatura.com\/es\/produto\/ergynutril-advance-cacao-300g-nutergia\/","url":"https:\/\/www.lifenatura.com\/es\/produto\/ergynutril-advance-cacao-300g-nutergia\/","name":"Ergynutril Advance Cacao 300g - Nutergia - Na Lifenatura ao Melhor Pre\u00e7o | Envio em 48h","isPartOf":{"@id":"https:\/\/www.lifenatura.com\/es\/#website"},"primaryImageOfPage":{"@id":"https:\/\/www.lifenatura.com\/es\/produto\/ergynutril-advance-cacao-300g-nutergia\/#primaryimage"},"image":{"@id":"https:\/\/www.lifenatura.com\/es\/produto\/ergynutril-advance-cacao-300g-nutergia\/#primaryimage"},"thumbnailUrl":"https:\/\/www.lifenatura.com\/wp-content\/uploads\/2025\/03\/ergynutril-chocolate-nutergia.jpg","datePublished":"2025-03-16T00:00:28+00:00","dateModified":"2026-04-20T14:36:51+00:00","description":"Ergynutril Advance Sabor Chocolate de Nutergia es un suplemento proteico de alta calidad, ideal para el mantenimiento de la masa muscular.","breadcrumb":{"@id":"https:\/\/www.lifenatura.com\/es\/produto\/ergynutril-advance-cacao-300g-nutergia\/#breadcrumb"},"inLanguage":"es","potentialAction":[{"@type":"ReadAction","target":["https:\/\/www.lifenatura.com\/es\/produto\/ergynutril-advance-cacao-300g-nutergia\/"]}]},{"@type":"ImageObject","inLanguage":"es","@id":"https:\/\/www.lifenatura.com\/es\/produto\/ergynutril-advance-cacao-300g-nutergia\/#primaryimage","url":"https:\/\/www.lifenatura.com\/wp-content\/uploads\/2025\/03\/ergynutril-chocolate-nutergia.jpg","contentUrl":"https:\/\/www.lifenatura.com\/wp-content\/uploads\/2025\/03\/ergynutril-chocolate-nutergia.jpg","width":1000,"height":1000,"caption":"Nutergia chocolate Ergynutril"},{"@type":"BreadcrumbList","@id":"https:\/\/www.lifenatura.com\/es\/produto\/ergynutril-advance-cacao-300g-nutergia\/#breadcrumb","itemListElement":[{"@type":"ListItem","position":1,"name":"In\u00edcio","item":"https:\/\/www.lifenatura.com\/es\/"},{"@type":"ListItem","position":2,"name":"Todos los Productos","item":"https:\/\/www.lifenatura.com\/es\/tienda\/"},{"@type":"ListItem","position":3,"name":"Ergynutril Advance Cacao 300g &#8211; Nutergia"}]},{"@type":"WebSite","@id":"https:\/\/www.lifenatura.com\/es\/#website","url":"https:\/\/www.lifenatura.com\/es\/","name":"Lifenatura","description":"A Lifenatura \u00e9 uma loja de produtos naturais, cosm\u00e9tica natural e alimenta\u00e7\u00e3o Biol\u00f3gica.","publisher":{"@id":"https:\/\/www.lifenatura.com\/es\/#organization"},"potentialAction":[{"@type":"SearchAction","target":{"@type":"EntryPoint","urlTemplate":"https:\/\/www.lifenatura.com\/es\/?s={search_term_string}"},"query-input":{"@type":"PropertyValueSpecification","valueRequired":true,"valueName":"search_term_string"}}],"inLanguage":"es"},{"@type":"Organization","@id":"https:\/\/www.lifenatura.com\/es\/#organization","name":"Lifenatura","url":"https:\/\/www.lifenatura.com\/es\/","logo":{"@type":"ImageObject","inLanguage":"es","@id":"https:\/\/www.lifenatura.com\/es\/#\/schema\/logo\/image\/","url":"https:\/\/www.lifenatura.com\/wp-content\/uploads\/2021\/07\/logo.png","contentUrl":"https:\/\/www.lifenatura.com\/wp-content\/uploads\/2021\/07\/logo.png","width":175,"height":55,"caption":"Lifenatura"},"image":{"@id":"https:\/\/www.lifenatura.com\/es\/#\/schema\/logo\/image\/"},"sameAs":["https:\/\/www.facebook.com\/lifenatura","https:\/\/www.instagram.com\/lifenaturapt\/"],"hasMerchantReturnPolicy":{"@type":"MerchantReturnPolicy","merchantReturnLink":"https:\/\/www.lifenatura.com\/termos-condicoes-lifenatura\/"}}]},"product_price_amount":"22.49","product_price_currency":"EUR","og_availability":"instock","product_availability":"instock","product_retailer_item_id":"8436031736311","product_condition":"new"},"df_price":22.49,"df_sale_price":22.49,"df_regular_price":28.11,"df_image_link":"https:\/\/www.lifenatura.com\/wp-content\/uploads\/2025\/03\/ergynutril-chocolate-nutergia-300x300.jpg","_links":{"self":[{"href":"https:\/\/www.lifenatura.com\/es\/wp-json\/wp\/v2\/product\/108850","targetHints":{"allow":["GET"]}}],"collection":[{"href":"https:\/\/www.lifenatura.com\/es\/wp-json\/wp\/v2\/product"}],"about":[{"href":"https:\/\/www.lifenatura.com\/es\/wp-json\/wp\/v2\/types\/product"}],"wp:featuredmedia":[{"embeddable":true,"href":"https:\/\/www.lifenatura.com\/es\/wp-json\/wp\/v2\/media\/108559"}],"wp:attachment":[{"href":"https:\/\/www.lifenatura.com\/es\/wp-json\/wp\/v2\/media?parent=108850"}],"wp:term":[{"taxonomy":"product_brand","embeddable":true,"href":"https:\/\/www.lifenatura.com\/es\/wp-json\/wp\/v2\/product_brand?post=108850"},{"taxonomy":"product_cat","embeddable":true,"href":"https:\/\/www.lifenatura.com\/es\/wp-json\/wp\/v2\/product_cat?post=108850"},{"taxonomy":"product_tag","embeddable":true,"href":"https:\/\/www.lifenatura.com\/es\/wp-json\/wp\/v2\/product_tag?post=108850"}],"curies":[{"name":"wp","href":"https:\/\/api.w.org\/{rel}","templated":true}]}}