{"id":108847,"date":"2025-03-13T11:07:33","date_gmt":"2025-03-13T11:07:33","guid":{"rendered":"https:\/\/www.lifenatura.com\/produto\/ergymeno-confort-60-capsulas-nutergia\/"},"modified":"2026-04-04T00:43:59","modified_gmt":"2026-04-04T00:43:59","slug":"ergymeno-confort-60-capsulas-nutergia","status":"publish","type":"product","link":"https:\/\/www.lifenatura.com\/es\/produto\/ergymeno-confort-60-capsulas-nutergia\/","title":{"rendered":"Ergymeno Confort 60 C\u00e1psulas &#8211; Nutergia"},"content":{"rendered":"<h2 style=\"text-align: left;\" data-start=\"0\" data-end=\"68\"><strong>Ergymeno Confort Nutergia: Bienestar y Equilibrio en la Menopausia<\/strong><\/h2>\n<p data-start=\"70\" data-end=\"568\"><br data-start=\"90\" data-end=\"93\" \/><strong data-start=\"95\" data-end=\"133\">Ergymeno Confort de Nutergia<\/strong> es un complemento alimenticio formulado para apoyar la salud y el bienestar de la mujer durante la menopausia. Con una combinaci\u00f3n de <strong data-start=\"260\" data-end=\"303\">extractos de plantas, vitaminas y minerales<\/strong>, este complemento ayuda a reducir los s\u00edntomas asociados a esta fase, como sofocos, sudores nocturnos, irritabilidad y fatiga. Su f\u00f3rmula contiene <strong data-start=\"456\" data-end=\"483\">soja, l\u00fapulo y magnesio<\/strong>, ingredientes esenciales para el equilibrio hormonal y el bienestar diario de la mujer.<\/p>\n<p data-start=\"570\" data-end=\"598\"><strong data-start=\"570\" data-end=\"596\">Principales ventajas:<\/strong><\/p>\n<ul data-start=\"599\" data-end=\"1250\">\n<li data-start=\"599\" data-end=\"743\"><strong data-start=\"601\" data-end=\"632\">Regulaci\u00f3n hormonal natural: la<\/strong> <strong data-start=\"635\" data-end=\"643\">soja<\/strong> y el <strong data-start=\"648\" data-end=\"658\">l\u00fapulo<\/strong> son fuentes naturales de fitoestr\u00f3genos, que ayudan a equilibrar los niveles hormonales.<\/li>\n<li data-start=\"744\" data-end=\"871\"><strong data-start=\"746\" data-end=\"794\">Reduce los sofocos y los sudores nocturnos:<\/strong> Favorece el bienestar de la mujer minimizando las molestias comunes de la menopausia.<\/li>\n<li data-start=\"872\" data-end=\"997\"><strong data-start=\"874\" data-end=\"903\">Apoyo al sistema nervioso:<\/strong> <strong data-start=\"906\" data-end=\"947\">el magnesio y las vitaminas del grupo B<\/strong> ayudan a reducir la fatiga y mejoran el estado de \u00e1nimo.<\/li>\n<li data-start=\"998\" data-end=\"1123\"><strong data-start=\"1000\" data-end=\"1033\">Salud \u00f3sea y cardiovascular:<\/strong> Ayuda a mantener la densidad \u00f3sea y favorece una circulaci\u00f3n sangu\u00ednea sana.<\/li>\n<li data-start=\"1124\" data-end=\"1250\"><strong data-start=\"1126\" data-end=\"1150\">Bienestar emocional:<\/strong> Ayuda a combatir la ansiedad y la irritabilidad, favoreciendo un estado emocional m\u00e1s equilibrado.<\/li>\n<\/ul>\n<p data-start=\"1252\" data-end=\"1272\"><strong data-start=\"1252\" data-end=\"1270\">Adecuado para:<\/strong><\/p>\n<ul data-start=\"1273\" data-end=\"1626\">\n<li data-start=\"1273\" data-end=\"1377\">Mujeres menop\u00e1usicas que desean reducir s\u00edntomas como los sofocos y los cambios de humor.<\/li>\n<li data-start=\"1378\" data-end=\"1452\">Personas que buscan una ayuda natural para el equilibrio hormonal.<\/li>\n<li data-start=\"1453\" data-end=\"1540\">Quienes deseen cuidar su salud \u00f3sea y su bienestar cardiovascular en esta etapa de la vida.<\/li>\n<li data-start=\"1541\" data-end=\"1626\">Ideal para complementar una dieta sana y un estilo de vida equilibrado.<\/li>\n<\/ul>\n<p>Complemento alimenticio <strong>con fitoestr\u00f3genos<\/strong> de origen vegetal (salvia y l\u00fapulo), GABA, vitaminas y minerales para los s\u00edntomas de la menopausia, como sofocos y sudores nocturnos.<\/p>\n<p>Se recomienda para contribuir al equilibrio femenino durante la menopausia, en caso de: <strong>Sofocos <\/strong>y <strong>sudores nocturnos<\/strong><\/p>\n<p><strong>PRESENTACI\u00d3N<\/strong><\/p>\n<p>60 c\u00e1psulas<\/p>\n<p>&nbsp;<\/p>\n","protected":false},"excerpt":{"rendered":"<p>Ergymeno Confort Nutergia favorece el bienestar de las mujeres menop\u00e1usicas, reduce los sofocos y mejora el equilibrio hormonal gracias a la soja, el l\u00fapulo y el magnesio. [&#8230;]<\/p>\n<p><a class=\"btn btn-secondary understrap-read-more-link\" href=\"https:\/\/www.lifenatura.com\/es\/produto\/ergymeno-confort-60-capsulas-nutergia\/\">Leer m\u00e1s&#8230;<span class=\"screen-reader-text\"> from Ergymeno Confort 60 C\u00e1psulas &#8211; Nutergia<\/span><\/a><\/p>\n","protected":false},"featured_media":108450,"template":"","meta":{"_acf_changed":false},"product_brand":[8427],"product_cat":[7243,7179],"product_tag":[],"class_list":{"0":"post-108847","1":"product","2":"type-product","3":"status-publish","4":"has-post-thumbnail","6":"product_brand-nutergia","7":"product_cat-menopausia","8":"product_cat-salud","10":"first","11":"instock","12":"shipping-taxable","13":"purchasable","14":"product-type-simple","15":"add-to-wishlist-before_image"},"acf":[],"yoast_head":"<!-- This site is optimized with the Yoast SEO Premium plugin v27.1 (Yoast SEO v27.3) - https:\/\/yoast.com\/product\/yoast-seo-premium-wordpress\/ -->\n<title>Ergymeno Confort 60 C\u00e1psulas - Nutergia - Lifenatura<\/title>\n<meta name=\"description\" content=\"Ergymeno Confort Nutergia favorece el bienestar de las mujeres menop\u00e1usicas, reduce los sofocos y mejora el equilibrio hormonal gracias a la soja.\" \/>\n<meta name=\"robots\" content=\"index, follow, max-snippet:-1, max-image-preview:large, max-video-preview:-1\" \/>\n<link rel=\"canonical\" href=\"https:\/\/www.lifenatura.com\/es\/produto\/ergymeno-confort-60-capsulas-nutergia\/\" \/>\n<meta property=\"og:locale\" content=\"es_ES\" \/>\n<meta property=\"og:type\" content=\"article\" \/>\n<meta property=\"og:title\" content=\"Ergymeno Confort 60 C\u00e1psulas - Nutergia - Lifenatura\" \/>\n<meta property=\"og:description\" content=\"Compre aqui o seu Ergymeno Confort 60 C\u00e1psulas - Nutergia e a Lifenatura Online envia em 48 H com Portes Gratis &gt;35\u20ac de Pedido.\" \/>\n<meta property=\"og:url\" content=\"https:\/\/www.lifenatura.com\/es\/produto\/ergymeno-confort-60-capsulas-nutergia\/\" \/>\n<meta property=\"og:site_name\" content=\"Lifenatura\" \/>\n<meta property=\"article:publisher\" content=\"https:\/\/www.facebook.com\/lifenatura\" \/>\n<meta property=\"article:modified_time\" content=\"2026-04-04T00:43:59+00:00\" \/>\n<meta property=\"og:image\" content=\"https:\/\/www.lifenatura.com\/wp-content\/uploads\/2025\/03\/ergymeno-confort-nutergia.jpg\" \/>\n\t<meta property=\"og:image:width\" content=\"1000\" \/>\n\t<meta property=\"og:image:height\" content=\"1000\" \/>\n\t<meta property=\"og:image:type\" content=\"image\/jpeg\" \/>\n<meta name=\"twitter:card\" content=\"summary_large_image\" \/>\n<meta name=\"twitter:label1\" content=\"Precio\" \/>\n\t<meta name=\"twitter:data1\" content=\"26,79&nbsp;&euro;\" \/>\n\t<meta name=\"twitter:label2\" content=\"Disponibilidad\" \/>\n\t<meta name=\"twitter:data2\" content=\"Disponible\" \/>\n<meta property=\"product:price:amount\" content=\"26.79\" \/>\n<meta property=\"product:price:currency\" content=\"EUR\" \/>\n<meta property=\"og:availability\" content=\"instock\" \/>\n<meta property=\"product:availability\" content=\"instock\" \/>\n<meta property=\"product:retailer_item_id\" content=\"3664524001607\" \/>\n<meta property=\"product:condition\" content=\"new\" \/>\n<!-- \/ Yoast SEO Premium plugin. -->","yoast_head_json":{"title":"Ergymeno Confort 60 C\u00e1psulas - Nutergia - Lifenatura","description":"Ergymeno Confort Nutergia favorece el bienestar de las mujeres menop\u00e1usicas, reduce los sofocos y mejora el equilibrio hormonal gracias a la soja.","robots":{"index":"index","follow":"follow","max-snippet":"max-snippet:-1","max-image-preview":"max-image-preview:large","max-video-preview":"max-video-preview:-1"},"canonical":"https:\/\/www.lifenatura.com\/es\/produto\/ergymeno-confort-60-capsulas-nutergia\/","og_locale":"es_ES","og_type":"article","og_title":"Ergymeno Confort 60 C\u00e1psulas - Nutergia - Lifenatura","og_description":"Compre aqui o seu Ergymeno Confort 60 C\u00e1psulas - Nutergia e a Lifenatura Online envia em 48 H com Portes Gratis >35\u20ac de Pedido.","og_url":"https:\/\/www.lifenatura.com\/es\/produto\/ergymeno-confort-60-capsulas-nutergia\/","og_site_name":"Lifenatura","article_publisher":"https:\/\/www.facebook.com\/lifenatura","article_modified_time":"2026-04-04T00:43:59+00:00","og_image":[{"width":1000,"height":1000,"url":"https:\/\/www.lifenatura.com\/wp-content\/uploads\/2025\/03\/ergymeno-confort-nutergia.jpg","type":"image\/jpeg"}],"twitter_card":"summary_large_image","twitter_misc":{"Precio":"26,79&nbsp;&euro;","Disponibilidad":"Disponible"},"schema":{"@context":"https:\/\/schema.org","@graph":[{"@type":"WebPage","@id":"https:\/\/www.lifenatura.com\/es\/produto\/ergymeno-confort-60-capsulas-nutergia\/","url":"https:\/\/www.lifenatura.com\/es\/produto\/ergymeno-confort-60-capsulas-nutergia\/","name":"Ergymeno Confort 60 C\u00e1psulas - Nutergia - Lifenatura","isPartOf":{"@id":"https:\/\/www.lifenatura.com\/es\/#website"},"primaryImageOfPage":{"@id":"https:\/\/www.lifenatura.com\/es\/produto\/ergymeno-confort-60-capsulas-nutergia\/#primaryimage"},"image":{"@id":"https:\/\/www.lifenatura.com\/es\/produto\/ergymeno-confort-60-capsulas-nutergia\/#primaryimage"},"thumbnailUrl":"https:\/\/www.lifenatura.com\/wp-content\/uploads\/2025\/03\/ergymeno-confort-nutergia.jpg","datePublished":"2025-03-13T11:07:33+00:00","dateModified":"2026-04-04T00:43:59+00:00","description":"Ergymeno Confort Nutergia favorece el bienestar de las mujeres menop\u00e1usicas, reduce los sofocos y mejora el equilibrio hormonal gracias a la soja.","breadcrumb":{"@id":"https:\/\/www.lifenatura.com\/es\/produto\/ergymeno-confort-60-capsulas-nutergia\/#breadcrumb"},"inLanguage":"es","potentialAction":[{"@type":"ReadAction","target":["https:\/\/www.lifenatura.com\/es\/produto\/ergymeno-confort-60-capsulas-nutergia\/"]}]},{"@type":"ImageObject","inLanguage":"es","@id":"https:\/\/www.lifenatura.com\/es\/produto\/ergymeno-confort-60-capsulas-nutergia\/#primaryimage","url":"https:\/\/www.lifenatura.com\/wp-content\/uploads\/2025\/03\/ergymeno-confort-nutergia.jpg","contentUrl":"https:\/\/www.lifenatura.com\/wp-content\/uploads\/2025\/03\/ergymeno-confort-nutergia.jpg","width":1000,"height":1000,"caption":"Ergymeno confort de Nutergia"},{"@type":"BreadcrumbList","@id":"https:\/\/www.lifenatura.com\/es\/produto\/ergymeno-confort-60-capsulas-nutergia\/#breadcrumb","itemListElement":[{"@type":"ListItem","position":1,"name":"In\u00edcio","item":"https:\/\/www.lifenatura.com\/es\/"},{"@type":"ListItem","position":2,"name":"Todos los Productos","item":"https:\/\/www.lifenatura.com\/es\/tienda\/"},{"@type":"ListItem","position":3,"name":"Ergymeno Confort 60 C\u00e1psulas &#8211; Nutergia"}]},{"@type":"WebSite","@id":"https:\/\/www.lifenatura.com\/es\/#website","url":"https:\/\/www.lifenatura.com\/es\/","name":"Lifenatura","description":"A Lifenatura \u00e9 uma loja de produtos naturais, cosm\u00e9tica natural e alimenta\u00e7\u00e3o Biol\u00f3gica.","publisher":{"@id":"https:\/\/www.lifenatura.com\/es\/#organization"},"potentialAction":[{"@type":"SearchAction","target":{"@type":"EntryPoint","urlTemplate":"https:\/\/www.lifenatura.com\/es\/?s={search_term_string}"},"query-input":{"@type":"PropertyValueSpecification","valueRequired":true,"valueName":"search_term_string"}}],"inLanguage":"es"},{"@type":"Organization","@id":"https:\/\/www.lifenatura.com\/es\/#organization","name":"Lifenatura","url":"https:\/\/www.lifenatura.com\/es\/","logo":{"@type":"ImageObject","inLanguage":"es","@id":"https:\/\/www.lifenatura.com\/es\/#\/schema\/logo\/image\/","url":"https:\/\/www.lifenatura.com\/wp-content\/uploads\/2021\/11\/logo.png","contentUrl":"https:\/\/www.lifenatura.com\/wp-content\/uploads\/2021\/11\/logo.png","width":175,"height":55,"caption":"Lifenatura"},"image":{"@id":"https:\/\/www.lifenatura.com\/es\/#\/schema\/logo\/image\/"},"sameAs":["https:\/\/www.facebook.com\/lifenatura","https:\/\/www.instagram.com\/lifenaturapt\/"]}]},"product_price_amount":"26.79","product_price_currency":"EUR","og_availability":"instock","product_availability":"instock","product_retailer_item_id":"3664524001607","product_condition":"new"},"df_price":26.79,"df_sale_price":24.11,"df_regular_price":26.79,"df_image_link":"https:\/\/www.lifenatura.com\/wp-content\/uploads\/2025\/03\/ergymeno-confort-nutergia-300x300.jpg","_links":{"self":[{"href":"https:\/\/www.lifenatura.com\/es\/wp-json\/wp\/v2\/product\/108847","targetHints":{"allow":["GET"]}}],"collection":[{"href":"https:\/\/www.lifenatura.com\/es\/wp-json\/wp\/v2\/product"}],"about":[{"href":"https:\/\/www.lifenatura.com\/es\/wp-json\/wp\/v2\/types\/product"}],"wp:featuredmedia":[{"embeddable":true,"href":"https:\/\/www.lifenatura.com\/es\/wp-json\/wp\/v2\/media\/108450"}],"wp:attachment":[{"href":"https:\/\/www.lifenatura.com\/es\/wp-json\/wp\/v2\/media?parent=108847"}],"wp:term":[{"taxonomy":"product_brand","embeddable":true,"href":"https:\/\/www.lifenatura.com\/es\/wp-json\/wp\/v2\/product_brand?post=108847"},{"taxonomy":"product_cat","embeddable":true,"href":"https:\/\/www.lifenatura.com\/es\/wp-json\/wp\/v2\/product_cat?post=108847"},{"taxonomy":"product_tag","embeddable":true,"href":"https:\/\/www.lifenatura.com\/es\/wp-json\/wp\/v2\/product_tag?post=108847"}],"curies":[{"name":"wp","href":"https:\/\/api.w.org\/{rel}","templated":true}]}}