{"id":108846,"date":"2025-02-19T17:20:15","date_gmt":"2025-02-19T17:20:15","guid":{"rendered":"https:\/\/www.lifenatura.com\/produto\/corazones-de-acido-folico-natures-plus\/"},"modified":"2025-03-20T14:38:49","modified_gmt":"2025-03-20T14:38:49","slug":"corazones-de-acido-folico-natures-plus","status":"publish","type":"product","link":"https:\/\/www.lifenatura.com\/es\/produto\/corazones-de-acido-folico-natures-plus\/","title":{"rendered":"Acido f\u00f3lico Hearts &#8211; Natures Plus"},"content":{"rendered":"<h3 data-start=\"0\" data-end=\"87\">\u00c1cido F\u00f3lico Natures Plus: Esencial para la salud materna y cardiovascular<\/h3>\n<p data-start=\"89\" data-end=\"742\"><br data-start=\"109\" data-end=\"112\" \/><strong data-start=\"114\" data-end=\"159\">\u00c1cido F\u00f3lico Hearts de Natures Plus<\/strong> son un complemento alimenticio formulado para apoyar la salud celular, cardiovascular y maternal. Esencial para la formaci\u00f3n de gl\u00f3bulos rojos y la s\u00edntesis de ADN, esta forma activa de vitamina B9 es esencial durante el embarazo, ya que ayuda a desarrollar el tubo neural del beb\u00e9.<\/p>\n<p data-start=\"89\" data-end=\"742\">Tambi\u00e9n desempe\u00f1a un papel importante en la regulaci\u00f3n de los niveles de homociste\u00edna, favoreciendo un sistema cardiovascular sano. Presentado en comprimidos masticables con forma de coraz\u00f3n y agradable sabor, es una forma pr\u00e1ctica y deliciosa de garantizar tu ingesta diaria de esta vitamina esencial.<\/p>\n<p data-start=\"744\" data-end=\"772\"><strong data-start=\"744\" data-end=\"770\">Principales ventajas:<\/strong><\/p>\n<ul data-start=\"773\" data-end=\"1353\">\n<li data-start=\"773\" data-end=\"903\"><strong data-start=\"775\" data-end=\"810\">Desarrollo fetal sano:<\/strong> Esencial durante el embarazo para prevenir malformaciones cong\u00e9nitas en el tubo neural del beb\u00e9.<\/li>\n<li data-start=\"904\" data-end=\"1008\"><strong data-start=\"906\" data-end=\"941\">Producci\u00f3n de gl\u00f3bulos rojos:<\/strong> Contribuye a la formaci\u00f3n normal de la sangre, previniendo la anemia.<\/li>\n<li data-start=\"1009\" data-end=\"1130\"><strong data-start=\"1011\" data-end=\"1036\">Salud cardiovascular:<\/strong> Ayuda a regular los niveles de homociste\u00edna, reduciendo el riesgo de problemas cardiovasculares.<\/li>\n<li data-start=\"1131\" data-end=\"1231\"><strong data-start=\"1133\" data-end=\"1155\">Reduce la fatiga:<\/strong> Favorece el metabolismo energ\u00e9tico, ayudando a combatir el cansancio y la fatiga.<\/li>\n<li data-start=\"1232\" data-end=\"1353\"><strong data-start=\"1234\" data-end=\"1252\">F\u00e1cil de consumir:<\/strong> Comprimidos masticables con forma de coraz\u00f3n, ideales para quienes les cuesta tragar c\u00e1psulas.<\/li>\n<\/ul>\n<p data-start=\"1355\" data-end=\"1375\"><strong data-start=\"1355\" data-end=\"1373\">Adecuado para:<\/strong><\/p>\n<ul data-start=\"1376\" data-end=\"1746\">\n<li data-start=\"1376\" data-end=\"1471\">Mujeres embarazadas o en fase de planificaci\u00f3n familiar, para un apoyo nutricional adecuado.<\/li>\n<li data-start=\"1472\" data-end=\"1574\">Personas con deficiencia de \u00e1cido f\u00f3lico que necesitan apoyo en la formaci\u00f3n de gl\u00f3bulos rojos.<\/li>\n<li data-start=\"1575\" data-end=\"1661\">Quienes deseen cuidar su salud cardiovascular y equilibrar sus niveles de homociste\u00edna.<\/li>\n<li data-start=\"1662\" data-end=\"1746\">Personas que buscan un suplemento de \u00e1cido f\u00f3lico pr\u00e1ctico y de sabor agradable.<\/li>\n<\/ul>\n<p>Una combinaci\u00f3n de folato y vitaminas B6 y B12 para una sinergia garantizada. Contribuye al funcionamiento normal del sistema nervioso, la piel, las mucosas y la formaci\u00f3n de gl\u00f3bulos rojos.<\/p>\n<p>Apto para veganos y vegetarianos.<\/p>\n<p><strong>PRESENTACI\u00d3N<\/strong><\/p>\n<p>90 comprimidos<\/p>\n<p>&nbsp;<\/p>\n","protected":false},"excerpt":{"rendered":"<p>Los Corazones de \u00c1cido F\u00f3lico favorecen el embarazo, la salud cardiovascular y la producci\u00f3n de gl\u00f3bulos rojos. Comprimidos con forma de coraz\u00f3n y agradable sabor. [&#8230;]<\/p>\n<p><a class=\"btn btn-secondary understrap-read-more-link\" href=\"https:\/\/www.lifenatura.com\/es\/produto\/corazones-de-acido-folico-natures-plus\/\">Leer m\u00e1s&#8230;<span class=\"screen-reader-text\"> from Acido f\u00f3lico Hearts &#8211; Natures Plus<\/span><\/a><\/p>\n","protected":false},"featured_media":107440,"template":"","meta":{"_acf_changed":false},"product_brand":[8438],"product_cat":[7242,7179,7883,7952],"product_tag":[],"class_list":{"0":"post-108846","1":"product","2":"type-product","3":"status-publish","4":"has-post-thumbnail","6":"product_brand-natures-plus-es","7":"product_cat-embarazo","8":"product_cat-salud","9":"product_cat-suplementos-alimenticios","10":"product_cat-vitamina-b-es","12":"first","13":"instock","14":"shipping-taxable","15":"purchasable","16":"product-type-simple","17":"add-to-wishlist-before_image"},"acf":[],"yoast_head":"<!-- This site is optimized with the Yoast SEO Premium plugin v27.1 (Yoast SEO v27.3) - https:\/\/yoast.com\/product\/yoast-seo-premium-wordpress\/ -->\n<title>Acido f\u00f3lico Hearts - Natures Plus - Lifenatura<\/title>\n<meta name=\"description\" content=\"\u00c1cido F\u00f3lico favorecen el embarazo, la salud cardiovascular y la producci\u00f3n de gl\u00f3bulos rojos. Comprimidos con forma de coraz\u00f3n y agradable sabor.\" \/>\n<meta name=\"robots\" content=\"index, follow, max-snippet:-1, max-image-preview:large, max-video-preview:-1\" \/>\n<link rel=\"canonical\" href=\"https:\/\/www.lifenatura.com\/es\/produto\/corazones-de-acido-folico-natures-plus\/\" \/>\n<meta property=\"og:locale\" content=\"es_ES\" \/>\n<meta property=\"og:type\" content=\"article\" \/>\n<meta property=\"og:title\" content=\"Acido f\u00f3lico Hearts - Natures Plus - Lifenatura\" \/>\n<meta property=\"og:description\" content=\"Compre aqui o seu Acido f\u00f3lico Hearts - Natures Plus e a Lifenatura Online envia em 48 H com Portes Gratis &gt;35\u20ac de Pedido.\" \/>\n<meta property=\"og:url\" content=\"https:\/\/www.lifenatura.com\/es\/produto\/corazones-de-acido-folico-natures-plus\/\" \/>\n<meta property=\"og:site_name\" content=\"Lifenatura\" \/>\n<meta property=\"article:publisher\" content=\"https:\/\/www.facebook.com\/lifenatura\" \/>\n<meta property=\"article:modified_time\" content=\"2025-03-20T14:38:49+00:00\" \/>\n<meta property=\"og:image\" content=\"https:\/\/www.lifenatura.com\/wp-content\/uploads\/2025\/02\/acido-folico-hearts-natures-plus.jpg\" \/>\n\t<meta property=\"og:image:width\" content=\"1000\" \/>\n\t<meta property=\"og:image:height\" content=\"1000\" \/>\n\t<meta property=\"og:image:type\" content=\"image\/jpeg\" \/>\n<meta name=\"twitter:card\" content=\"summary_large_image\" \/>\n<meta name=\"twitter:label1\" content=\"Precio\" \/>\n\t<meta name=\"twitter:data1\" content=\"12,86&nbsp;&euro;\" \/>\n\t<meta name=\"twitter:label2\" content=\"Disponibilidad\" \/>\n\t<meta name=\"twitter:data2\" content=\"Disponible\" \/>\n<meta property=\"product:price:amount\" content=\"12.86\" \/>\n<meta property=\"product:price:currency\" content=\"EUR\" \/>\n<meta property=\"og:availability\" content=\"instock\" \/>\n<meta property=\"product:availability\" content=\"instock\" \/>\n<meta property=\"product:retailer_item_id\" content=\"0097467017917\" \/>\n<meta property=\"product:condition\" content=\"new\" \/>\n<!-- \/ Yoast SEO Premium plugin. -->","yoast_head_json":{"title":"Acido f\u00f3lico Hearts - Natures Plus - Lifenatura","description":"\u00c1cido F\u00f3lico favorecen el embarazo, la salud cardiovascular y la producci\u00f3n de gl\u00f3bulos rojos. Comprimidos con forma de coraz\u00f3n y agradable sabor.","robots":{"index":"index","follow":"follow","max-snippet":"max-snippet:-1","max-image-preview":"max-image-preview:large","max-video-preview":"max-video-preview:-1"},"canonical":"https:\/\/www.lifenatura.com\/es\/produto\/corazones-de-acido-folico-natures-plus\/","og_locale":"es_ES","og_type":"article","og_title":"Acido f\u00f3lico Hearts - Natures Plus - Lifenatura","og_description":"Compre aqui o seu Acido f\u00f3lico Hearts - Natures Plus e a Lifenatura Online envia em 48 H com Portes Gratis >35\u20ac de Pedido.","og_url":"https:\/\/www.lifenatura.com\/es\/produto\/corazones-de-acido-folico-natures-plus\/","og_site_name":"Lifenatura","article_publisher":"https:\/\/www.facebook.com\/lifenatura","article_modified_time":"2025-03-20T14:38:49+00:00","og_image":[{"width":1000,"height":1000,"url":"https:\/\/www.lifenatura.com\/wp-content\/uploads\/2025\/02\/acido-folico-hearts-natures-plus.jpg","type":"image\/jpeg"}],"twitter_card":"summary_large_image","twitter_misc":{"Precio":"12,86&nbsp;&euro;","Disponibilidad":"Disponible"},"schema":{"@context":"https:\/\/schema.org","@graph":[{"@type":"WebPage","@id":"https:\/\/www.lifenatura.com\/es\/produto\/corazones-de-acido-folico-natures-plus\/","url":"https:\/\/www.lifenatura.com\/es\/produto\/corazones-de-acido-folico-natures-plus\/","name":"Acido f\u00f3lico Hearts - Natures Plus - Lifenatura","isPartOf":{"@id":"https:\/\/www.lifenatura.com\/es\/#website"},"primaryImageOfPage":{"@id":"https:\/\/www.lifenatura.com\/es\/produto\/corazones-de-acido-folico-natures-plus\/#primaryimage"},"image":{"@id":"https:\/\/www.lifenatura.com\/es\/produto\/corazones-de-acido-folico-natures-plus\/#primaryimage"},"thumbnailUrl":"https:\/\/www.lifenatura.com\/wp-content\/uploads\/2025\/02\/acido-folico-hearts-natures-plus.jpg","datePublished":"2025-02-19T17:20:15+00:00","dateModified":"2025-03-20T14:38:49+00:00","description":"\u00c1cido F\u00f3lico favorecen el embarazo, la salud cardiovascular y la producci\u00f3n de gl\u00f3bulos rojos. Comprimidos con forma de coraz\u00f3n y agradable sabor.","breadcrumb":{"@id":"https:\/\/www.lifenatura.com\/es\/produto\/corazones-de-acido-folico-natures-plus\/#breadcrumb"},"inLanguage":"es","potentialAction":[{"@type":"ReadAction","target":["https:\/\/www.lifenatura.com\/es\/produto\/corazones-de-acido-folico-natures-plus\/"]}]},{"@type":"ImageObject","inLanguage":"es","@id":"https:\/\/www.lifenatura.com\/es\/produto\/corazones-de-acido-folico-natures-plus\/#primaryimage","url":"https:\/\/www.lifenatura.com\/wp-content\/uploads\/2025\/02\/acido-folico-hearts-natures-plus.jpg","contentUrl":"https:\/\/www.lifenatura.com\/wp-content\/uploads\/2025\/02\/acido-folico-hearts-natures-plus.jpg","width":1000,"height":1000,"caption":"\u00e1cido f\u00f3lico corazones marca natures plus"},{"@type":"BreadcrumbList","@id":"https:\/\/www.lifenatura.com\/es\/produto\/corazones-de-acido-folico-natures-plus\/#breadcrumb","itemListElement":[{"@type":"ListItem","position":1,"name":"In\u00edcio","item":"https:\/\/www.lifenatura.com\/es\/"},{"@type":"ListItem","position":2,"name":"Todos los Productos","item":"https:\/\/www.lifenatura.com\/es\/tienda\/"},{"@type":"ListItem","position":3,"name":"Acido f\u00f3lico Hearts &#8211; Natures Plus"}]},{"@type":"WebSite","@id":"https:\/\/www.lifenatura.com\/es\/#website","url":"https:\/\/www.lifenatura.com\/es\/","name":"Lifenatura","description":"A Lifenatura \u00e9 uma loja de produtos naturais, cosm\u00e9tica natural e alimenta\u00e7\u00e3o Biol\u00f3gica.","publisher":{"@id":"https:\/\/www.lifenatura.com\/es\/#organization"},"potentialAction":[{"@type":"SearchAction","target":{"@type":"EntryPoint","urlTemplate":"https:\/\/www.lifenatura.com\/es\/?s={search_term_string}"},"query-input":{"@type":"PropertyValueSpecification","valueRequired":true,"valueName":"search_term_string"}}],"inLanguage":"es"},{"@type":"Organization","@id":"https:\/\/www.lifenatura.com\/es\/#organization","name":"Lifenatura","url":"https:\/\/www.lifenatura.com\/es\/","logo":{"@type":"ImageObject","inLanguage":"es","@id":"https:\/\/www.lifenatura.com\/es\/#\/schema\/logo\/image\/","url":"https:\/\/www.lifenatura.com\/wp-content\/uploads\/2021\/11\/logo.png","contentUrl":"https:\/\/www.lifenatura.com\/wp-content\/uploads\/2021\/11\/logo.png","width":175,"height":55,"caption":"Lifenatura"},"image":{"@id":"https:\/\/www.lifenatura.com\/es\/#\/schema\/logo\/image\/"},"sameAs":["https:\/\/www.facebook.com\/lifenatura","https:\/\/www.instagram.com\/lifenaturapt\/"]}]},"product_price_amount":"12.86","product_price_currency":"EUR","og_availability":"instock","product_availability":"instock","product_retailer_item_id":"0097467017917","product_condition":"new"},"df_price":12.86,"df_sale_price":"","df_regular_price":12.86,"df_image_link":"https:\/\/www.lifenatura.com\/wp-content\/uploads\/2025\/02\/acido-folico-hearts-natures-plus-300x300.jpg","_links":{"self":[{"href":"https:\/\/www.lifenatura.com\/es\/wp-json\/wp\/v2\/product\/108846","targetHints":{"allow":["GET"]}}],"collection":[{"href":"https:\/\/www.lifenatura.com\/es\/wp-json\/wp\/v2\/product"}],"about":[{"href":"https:\/\/www.lifenatura.com\/es\/wp-json\/wp\/v2\/types\/product"}],"wp:featuredmedia":[{"embeddable":true,"href":"https:\/\/www.lifenatura.com\/es\/wp-json\/wp\/v2\/media\/107440"}],"wp:attachment":[{"href":"https:\/\/www.lifenatura.com\/es\/wp-json\/wp\/v2\/media?parent=108846"}],"wp:term":[{"taxonomy":"product_brand","embeddable":true,"href":"https:\/\/www.lifenatura.com\/es\/wp-json\/wp\/v2\/product_brand?post=108846"},{"taxonomy":"product_cat","embeddable":true,"href":"https:\/\/www.lifenatura.com\/es\/wp-json\/wp\/v2\/product_cat?post=108846"},{"taxonomy":"product_tag","embeddable":true,"href":"https:\/\/www.lifenatura.com\/es\/wp-json\/wp\/v2\/product_tag?post=108846"}],"curies":[{"name":"wp","href":"https:\/\/api.w.org\/{rel}","templated":true}]}}