{"id":108845,"date":"2025-03-19T22:41:00","date_gmt":"2025-03-19T22:41:00","guid":{"rendered":"https:\/\/www.lifenatura.com\/produto\/orthomol-belleza-30-ampollas\/"},"modified":"2025-03-20T15:04:37","modified_gmt":"2025-03-20T15:04:37","slug":"orthomol-belleza-30-ampollas","status":"publish","type":"product","link":"https:\/\/www.lifenatura.com\/es\/produto\/orthomol-belleza-30-ampollas\/","title":{"rendered":"Orthomol Belleza 30 Ampollas"},"content":{"rendered":"<h2 style=\"text-align: left;\" data-start=\"0\" data-end=\"86\"><strong>Orthomol Beauty: Para una belleza radiante desde el interior<\/strong><\/h2>\n<p>&nbsp;<\/p>\n<p data-start=\"110\" data-end=\"267\"><span class=\"relative -mx-px my-[-0.2rem] rounded px-px py-[0.2rem]\"><strong data-start=\"2\" data-end=\"21\">Orthomol Belleza<\/strong> es un complemento alimenticio de primera calidad formulado para promover la salud y vitalidad de la piel, el cabello y las u\u00f1as.<\/span> <span class=\"relative -mx-px my-[-0.2rem] rounded px-px py-[0.2rem]\">Este producto combina col\u00e1geno hidrolizado, \u00e1cido hialur\u00f3nico, coenzima Q10 y un exclusivo complejo fitoactivo, ofreciendo apoyo nutricional para un aspecto joven y radiante.<\/span><\/p>\n<p data-start=\"269\" data-end=\"295\"><strong data-start=\"269\" data-end=\"295\">Principales ventajas:<\/strong><\/p>\n<ul data-start=\"297\" data-end=\"928\">\n<li data-start=\"297\" data-end=\"449\">\n<p data-start=\"299\" data-end=\"449\"><strong data-start=\"299\" data-end=\"329\">Piel sana e hidratada:<\/strong> <span class=\"relative -mx-px my-[-0.2rem] rounded px-px py-[0.2rem]\">El \u00e1cido hialur\u00f3nico de la f\u00f3rmula act\u00faa como un dep\u00f3sito de agua, manteniendo la piel hidratada y el\u00e1stica, lo que contribuye a un aspecto m\u00e1s joven y sano.<\/span><\/p>\n<\/li>\n<li data-start=\"451\" data-end=\"610\">\n<p data-start=\"453\" data-end=\"610\"><strong data-start=\"453\" data-end=\"490\">Fortalecer el pelo y las u\u00f1as:<\/strong> <span class=\"relative -mx-px my-[-0.2rem] rounded px-px py-[0.2rem]\">Nutrientes como la biotina, el zinc y el selenio son esenciales para mantener el pelo fuerte y las u\u00f1as sanas, evitando que se rompan y favoreciendo un crecimiento adecuado.<\/span><\/p>\n<\/li>\n<li data-start=\"612\" data-end=\"762\">\n<p data-start=\"614\" data-end=\"762\"><strong data-start=\"614\" data-end=\"636\">Acci\u00f3n antioxidante:<\/strong> <span class=\"relative -mx-px my-[-0.2rem] rounded px-px py-[0.2rem]\">La coenzima Q10 y los polifenoles del extracto de olivo presentes en el complejo fitoactivo ayudan a neutralizar los radicales libres, protegiendo las c\u00e9lulas contra el estr\u00e9s oxidativo y retrasando los signos del envejecimiento.<\/span><\/p>\n<\/li>\n<li data-start=\"764\" data-end=\"928\">\n<p data-start=\"766\" data-end=\"928\"><strong data-start=\"766\" data-end=\"802\">Apoyo a la producci\u00f3n de<\/strong> <span class=\"relative -mx-px my-[-0.2rem] rounded px-px py-[0.2rem]\">col\u00e1geno<\/span> <strong data-start=\"766\" data-end=\"802\">:<\/strong> El col\u00e1geno hidrolizado proporciona los amino\u00e1cidos necesarios para la s\u00edntesis de nuevas fibras de col\u00e1geno, esenciales para la firmeza y elasticidad de la piel.<\/p>\n<\/li>\n<\/ul>\n<p data-start=\"930\" data-end=\"948\"><strong data-start=\"930\" data-end=\"948\">Adecuado para:<\/strong><\/p>\n<ul data-start=\"950\" data-end=\"1348\">\n<li data-start=\"950\" data-end=\"1090\">\n<p data-start=\"952\" data-end=\"1090\"><strong data-start=\"952\" data-end=\"1004\">Personas que buscan mejorar el aspecto de la piel:<\/strong> <span class=\"relative -mx-px my-[-0.2rem] rounded px-px py-[0.2rem]\">Las personas que desean una piel m\u00e1s hidratada, m\u00e1s firme y con menos signos de envejecimiento pueden beneficiarse de la suplementaci\u00f3n con Orthomol Beauty.<\/span><\/p>\n<\/li>\n<li data-start=\"1092\" data-end=\"1218\">\n<p data-start=\"1094\" data-end=\"1218\"><strong data-start=\"1094\" data-end=\"1132\">Apoyo a la salud del cabello y las u\u00f1as:<\/strong> <span class=\"relative -mx-px my-[-0.2rem] rounded px-px py-[0.2rem]\">Cualquier persona que se enfrente a problemas como la ca\u00edda del cabello, el pelo quebradizo o las u\u00f1as fr\u00e1giles encontrar\u00e1 en este suplemento los nutrientes necesarios para fortalecer y revitalizar estas estructuras.<\/span><\/p>\n<\/li>\n<li data-start=\"1220\" data-end=\"1348\">\n<p data-start=\"1222\" data-end=\"1348\"><strong data-start=\"1222\" data-end=\"1262\">Prevenci\u00f3n del envejecimiento prematuro:<\/strong> <span class=\"relative -mx-px my-[-0.2rem] rounded px-px py-[0.2rem]\">Las personas expuestas a factores que aceleran el envejecimiento, como la contaminaci\u00f3n, el estr\u00e9s y la radiaci\u00f3n UV, pueden utilizar Orthomol Beauty para combatir los efectos de los radicales libres y mantener un aspecto juvenil.<\/span><\/p>\n<\/li>\n<\/ul>\n<p data-start=\"1350\" data-end=\"1369\"><strong>PRESENTACI\u00d3N<\/strong><\/p>\n<p data-start=\"1350\" data-end=\"1369\">30 ampollas<\/p>\n<p data-start=\"1350\" data-end=\"1369\">\n","protected":false},"excerpt":{"rendered":"<p>Orthomol Beauty es un complemento alimenticio que combina col\u00e1geno, \u00e1cido hialur\u00f3nico y coenzima Q10 para favorecer la salud de la piel, el cabello y las u\u00f1as. [&#8230;]<\/p>\n<p><a class=\"btn btn-secondary understrap-read-more-link\" href=\"https:\/\/www.lifenatura.com\/es\/produto\/orthomol-belleza-30-ampollas\/\">Leer m\u00e1s&#8230;<span class=\"screen-reader-text\"> from Orthomol Belleza 30 Ampollas<\/span><\/a><\/p>\n","protected":false},"featured_media":108810,"template":"","meta":{"_acf_changed":false},"product_brand":[8418],"product_cat":[7239,7179,7883],"product_tag":[],"class_list":{"0":"post-108845","1":"product","2":"type-product","3":"status-publish","4":"has-post-thumbnail","6":"product_brand-orthomol","7":"product_cat-cuidado-de-la-piel","8":"product_cat-salud","9":"product_cat-suplementos-alimenticios","11":"first","12":"instock","13":"shipping-taxable","14":"purchasable","15":"product-type-simple","16":"add-to-wishlist-before_image"},"acf":[],"yoast_head":"<!-- This site is optimized with the Yoast SEO Premium plugin v27.1 (Yoast SEO v27.3) - https:\/\/yoast.com\/product\/yoast-seo-premium-wordpress\/ -->\n<title>Orthomol Belleza 30 Ampollas - Lifenatura<\/title>\n<meta name=\"description\" content=\"Orthomol Beauty combina col\u00e1geno, \u00e1cido hialur\u00f3nico y coenzima Q10 para favorecer la salud de la piel, el cabello y las u\u00f1as.\" \/>\n<meta name=\"robots\" content=\"index, follow, max-snippet:-1, max-image-preview:large, max-video-preview:-1\" \/>\n<link rel=\"canonical\" href=\"https:\/\/www.lifenatura.com\/es\/produto\/orthomol-belleza-30-ampollas\/\" \/>\n<meta property=\"og:locale\" content=\"es_ES\" \/>\n<meta property=\"og:type\" content=\"article\" \/>\n<meta property=\"og:title\" content=\"Orthomol Belleza 30 Ampollas - Lifenatura\" \/>\n<meta property=\"og:description\" content=\"Compre aqui o seu Orthomol Belleza 30 Ampollas e a Lifenatura Online envia em 48 H com Portes Gratis &gt;35\u20ac de Pedido.\" \/>\n<meta property=\"og:url\" content=\"https:\/\/www.lifenatura.com\/es\/produto\/orthomol-belleza-30-ampollas\/\" \/>\n<meta property=\"og:site_name\" content=\"Lifenatura\" \/>\n<meta property=\"article:publisher\" content=\"https:\/\/www.facebook.com\/lifenatura\" \/>\n<meta property=\"article:modified_time\" content=\"2025-03-20T15:04:37+00:00\" \/>\n<meta property=\"og:image\" content=\"https:\/\/www.lifenatura.com\/wp-content\/uploads\/2025\/03\/orthomol-beauty-ampolas.jpg\" \/>\n\t<meta property=\"og:image:width\" content=\"1000\" \/>\n\t<meta property=\"og:image:height\" content=\"1000\" \/>\n\t<meta property=\"og:image:type\" content=\"image\/jpeg\" \/>\n<meta name=\"twitter:card\" content=\"summary_large_image\" \/>\n<meta name=\"twitter:label1\" content=\"Precio\" \/>\n\t<meta name=\"twitter:data1\" content=\"96,31&nbsp;&euro;\" \/>\n\t<meta name=\"twitter:label2\" content=\"Disponibilidad\" \/>\n\t<meta name=\"twitter:data2\" content=\"Disponible\" \/>\n<meta property=\"product:price:amount\" content=\"96.31\" \/>\n<meta property=\"product:price:currency\" content=\"EUR\" \/>\n<meta property=\"og:availability\" content=\"instock\" \/>\n<meta property=\"product:availability\" content=\"instock\" \/>\n<meta property=\"product:retailer_item_id\" content=\"8470002067189\" \/>\n<meta property=\"product:condition\" content=\"new\" \/>\n<!-- \/ Yoast SEO Premium plugin. -->","yoast_head_json":{"title":"Orthomol Belleza 30 Ampollas - Lifenatura","description":"Orthomol Beauty combina col\u00e1geno, \u00e1cido hialur\u00f3nico y coenzima Q10 para favorecer la salud de la piel, el cabello y las u\u00f1as.","robots":{"index":"index","follow":"follow","max-snippet":"max-snippet:-1","max-image-preview":"max-image-preview:large","max-video-preview":"max-video-preview:-1"},"canonical":"https:\/\/www.lifenatura.com\/es\/produto\/orthomol-belleza-30-ampollas\/","og_locale":"es_ES","og_type":"article","og_title":"Orthomol Belleza 30 Ampollas - Lifenatura","og_description":"Compre aqui o seu Orthomol Belleza 30 Ampollas e a Lifenatura Online envia em 48 H com Portes Gratis >35\u20ac de Pedido.","og_url":"https:\/\/www.lifenatura.com\/es\/produto\/orthomol-belleza-30-ampollas\/","og_site_name":"Lifenatura","article_publisher":"https:\/\/www.facebook.com\/lifenatura","article_modified_time":"2025-03-20T15:04:37+00:00","og_image":[{"width":1000,"height":1000,"url":"https:\/\/www.lifenatura.com\/wp-content\/uploads\/2025\/03\/orthomol-beauty-ampolas.jpg","type":"image\/jpeg"}],"twitter_card":"summary_large_image","twitter_misc":{"Precio":"96,31&nbsp;&euro;","Disponibilidad":"Disponible"},"schema":{"@context":"https:\/\/schema.org","@graph":[{"@type":"WebPage","@id":"https:\/\/www.lifenatura.com\/es\/produto\/orthomol-belleza-30-ampollas\/","url":"https:\/\/www.lifenatura.com\/es\/produto\/orthomol-belleza-30-ampollas\/","name":"Orthomol Belleza 30 Ampollas - Lifenatura","isPartOf":{"@id":"https:\/\/www.lifenatura.com\/es\/#website"},"primaryImageOfPage":{"@id":"https:\/\/www.lifenatura.com\/es\/produto\/orthomol-belleza-30-ampollas\/#primaryimage"},"image":{"@id":"https:\/\/www.lifenatura.com\/es\/produto\/orthomol-belleza-30-ampollas\/#primaryimage"},"thumbnailUrl":"https:\/\/www.lifenatura.com\/wp-content\/uploads\/2025\/03\/orthomol-beauty-ampolas.jpg","datePublished":"2025-03-19T22:41:00+00:00","dateModified":"2025-03-20T15:04:37+00:00","description":"Orthomol Beauty combina col\u00e1geno, \u00e1cido hialur\u00f3nico y coenzima Q10 para favorecer la salud de la piel, el cabello y las u\u00f1as.","breadcrumb":{"@id":"https:\/\/www.lifenatura.com\/es\/produto\/orthomol-belleza-30-ampollas\/#breadcrumb"},"inLanguage":"es","potentialAction":[{"@type":"ReadAction","target":["https:\/\/www.lifenatura.com\/es\/produto\/orthomol-belleza-30-ampollas\/"]}]},{"@type":"ImageObject","inLanguage":"es","@id":"https:\/\/www.lifenatura.com\/es\/produto\/orthomol-belleza-30-ampollas\/#primaryimage","url":"https:\/\/www.lifenatura.com\/wp-content\/uploads\/2025\/03\/orthomol-beauty-ampolas.jpg","contentUrl":"https:\/\/www.lifenatura.com\/wp-content\/uploads\/2025\/03\/orthomol-beauty-ampolas.jpg","width":1000,"height":1000,"caption":"Ortomol Belleza"},{"@type":"BreadcrumbList","@id":"https:\/\/www.lifenatura.com\/es\/produto\/orthomol-belleza-30-ampollas\/#breadcrumb","itemListElement":[{"@type":"ListItem","position":1,"name":"In\u00edcio","item":"https:\/\/www.lifenatura.com\/es\/"},{"@type":"ListItem","position":2,"name":"Todos los Productos","item":"https:\/\/www.lifenatura.com\/es\/tienda\/"},{"@type":"ListItem","position":3,"name":"Orthomol Belleza 30 Ampollas"}]},{"@type":"WebSite","@id":"https:\/\/www.lifenatura.com\/es\/#website","url":"https:\/\/www.lifenatura.com\/es\/","name":"Lifenatura","description":"A Lifenatura \u00e9 uma loja de produtos naturais, cosm\u00e9tica natural e alimenta\u00e7\u00e3o Biol\u00f3gica.","publisher":{"@id":"https:\/\/www.lifenatura.com\/es\/#organization"},"potentialAction":[{"@type":"SearchAction","target":{"@type":"EntryPoint","urlTemplate":"https:\/\/www.lifenatura.com\/es\/?s={search_term_string}"},"query-input":{"@type":"PropertyValueSpecification","valueRequired":true,"valueName":"search_term_string"}}],"inLanguage":"es"},{"@type":"Organization","@id":"https:\/\/www.lifenatura.com\/es\/#organization","name":"Lifenatura","url":"https:\/\/www.lifenatura.com\/es\/","logo":{"@type":"ImageObject","inLanguage":"es","@id":"https:\/\/www.lifenatura.com\/es\/#\/schema\/logo\/image\/","url":"https:\/\/www.lifenatura.com\/wp-content\/uploads\/2021\/11\/logo.png","contentUrl":"https:\/\/www.lifenatura.com\/wp-content\/uploads\/2021\/11\/logo.png","width":175,"height":55,"caption":"Lifenatura"},"image":{"@id":"https:\/\/www.lifenatura.com\/es\/#\/schema\/logo\/image\/"},"sameAs":["https:\/\/www.facebook.com\/lifenatura","https:\/\/www.instagram.com\/lifenaturapt\/"]}]},"product_price_amount":"96.31","product_price_currency":"EUR","og_availability":"instock","product_availability":"instock","product_retailer_item_id":"8470002067189","product_condition":"new"},"df_price":96.31,"df_sale_price":"","df_regular_price":96.31,"df_image_link":"https:\/\/www.lifenatura.com\/wp-content\/uploads\/2025\/03\/orthomol-beauty-ampolas-300x300.jpg","_links":{"self":[{"href":"https:\/\/www.lifenatura.com\/es\/wp-json\/wp\/v2\/product\/108845","targetHints":{"allow":["GET"]}}],"collection":[{"href":"https:\/\/www.lifenatura.com\/es\/wp-json\/wp\/v2\/product"}],"about":[{"href":"https:\/\/www.lifenatura.com\/es\/wp-json\/wp\/v2\/types\/product"}],"wp:featuredmedia":[{"embeddable":true,"href":"https:\/\/www.lifenatura.com\/es\/wp-json\/wp\/v2\/media\/108810"}],"wp:attachment":[{"href":"https:\/\/www.lifenatura.com\/es\/wp-json\/wp\/v2\/media?parent=108845"}],"wp:term":[{"taxonomy":"product_brand","embeddable":true,"href":"https:\/\/www.lifenatura.com\/es\/wp-json\/wp\/v2\/product_brand?post=108845"},{"taxonomy":"product_cat","embeddable":true,"href":"https:\/\/www.lifenatura.com\/es\/wp-json\/wp\/v2\/product_cat?post=108845"},{"taxonomy":"product_tag","embeddable":true,"href":"https:\/\/www.lifenatura.com\/es\/wp-json\/wp\/v2\/product_tag?post=108845"}],"curies":[{"name":"wp","href":"https:\/\/api.w.org\/{rel}","templated":true}]}}