{"id":108844,"date":"2025-03-19T22:28:43","date_gmt":"2025-03-19T22:28:43","guid":{"rendered":"https:\/\/www.lifenatura.com\/produto\/carteras-orthomol-osteo-30\/"},"modified":"2025-04-02T11:41:25","modified_gmt":"2025-04-02T11:41:25","slug":"carteras-orthomol-osteo-30","status":"publish","type":"product","link":"https:\/\/www.lifenatura.com\/es\/produto\/carteras-orthomol-osteo-30\/","title":{"rendered":"Carteras Orthomol Osteo 30"},"content":{"rendered":"<h2 data-start=\"0\" data-end=\"59\"><strong>Orthomol Osteo: Complemento alimenticio para la salud \u00f3sea<\/strong><\/h2>\n<p>&nbsp;<\/p>\n<p data-start=\"83\" data-end=\"202\"><span class=\"relative -mx-px my-[-0.2rem] rounded px-px py-[0.2rem]\"> <strong data-start=\"2\" data-end=\"20\">Orthomol Osteo<\/strong> es un complemento alimenticio formulado para aportar micronutrientes esenciales que contribuyen al mantenimiento de unos huesos normales.<\/span> <span class=\"relative -mx-px my-[-0.2rem] rounded px-px py-[0.2rem]\">Este producto combina vitaminas y minerales cuidadosamente seleccionados para favorecer la salud \u00f3sea y promover el correcto funcionamiento del sistema esquel\u00e9tico.<\/span><\/p>\n<p data-start=\"204\" data-end=\"230\"><strong data-start=\"204\" data-end=\"230\">Principales ventajas:<\/strong><\/p>\n<ul data-start=\"232\" data-end=\"731\">\n<li data-start=\"232\" data-end=\"386\">\n<p data-start=\"234\" data-end=\"386\"><strong data-start=\"234\" data-end=\"266\">Mantenimiento de unos huesos normales:<\/strong> <span class=\"relative -mx-px my-[-0.2rem] rounded px-px py-[0.2rem]\">Contiene vitamina D y calcio, nutrientes esenciales para mantener unos huesos sanos.<\/span> <span class=\"relative -mx-px my-[-0.2rem] rounded px-px py-[0.2rem]\">La vitamina D contribuye a la absorci\u00f3n y utilizaci\u00f3n del calcio, mientras que el calcio es necesario para la integridad estructural de los huesos.<\/span><\/p>\n<\/li>\n<li data-start=\"388\" data-end=\"498\">\n<p data-start=\"390\" data-end=\"498\"><strong data-start=\"390\" data-end=\"416\">Formaci\u00f3n de col\u00e1geno:<\/strong> <span class=\"relative -mx-px my-[-0.2rem] rounded px-px py-[0.2rem]\">La vitamina C de la f\u00f3rmula contribuye a la formaci\u00f3n normal de col\u00e1geno, que es esencial para el buen funcionamiento de los huesos y para mantener su fuerza y flexibilidad.<\/span><\/p>\n<\/li>\n<li data-start=\"500\" data-end=\"615\">\n<p data-start=\"502\" data-end=\"615\"><strong data-start=\"502\" data-end=\"533\">Metabolismo \u00f3seo sano:<\/strong> <span class=\"relative -mx-px my-[-0.2rem] rounded px-px py-[0.2rem]\">Vitaminas como la K, la B6, la B12 y el \u00e1cido f\u00f3lico, as\u00ed como minerales como el zinc, el cobre y el manganeso, desempe\u00f1an un papel crucial en el metabolismo \u00f3seo, ayudando a regenerar y mantener la densidad \u00f3sea.<\/span><\/p>\n<\/li>\n<li data-start=\"617\" data-end=\"731\">\n<p data-start=\"619\" data-end=\"731\"><strong data-start=\"619\" data-end=\"645\">Equilibrio<\/strong> <span class=\"relative -mx-px my-[-0.2rem] rounded px-px py-[0.2rem]\">\u00e1cido-base<\/span><strong data-start=\"619\" data-end=\"645\">:<\/strong> El citrato pot\u00e1sico de Orthomol Osteo ayuda a mantener el equilibrio \u00e1cido-base del organismo, un factor importante para la salud \u00f3sea a largo plazo.<\/p>\n<\/li>\n<\/ul>\n<p data-start=\"733\" data-end=\"751\"><strong data-start=\"733\" data-end=\"751\">Adecuado para:<\/strong><\/p>\n<ul data-start=\"753\" data-end=\"1315\">\n<li data-start=\"753\" data-end=\"886\">\n<p data-start=\"755\" data-end=\"886\"><strong data-start=\"755\" data-end=\"800\">Personas que necesitan apoyo \u00f3seo:<\/strong> <span class=\"relative -mx-px my-[-0.2rem] rounded px-px py-[0.2rem]\">Personas que desean mantener la salud \u00f3sea, especialmente aquellas con factores de riesgo de disminuci\u00f3n de la densidad \u00f3sea.<\/span><\/p>\n<\/li>\n<li data-start=\"888\" data-end=\"1046\">\n<p data-start=\"890\" data-end=\"1046\"><strong data-start=\"890\" data-end=\"920\">Mujeres posmenop\u00e1usicas:<\/strong> <span class=\"relative -mx-px my-[-0.2rem] rounded px-px py-[0.2rem]\">Durante la menopausia, la disminuci\u00f3n de los niveles hormonales puede afectar a la salud \u00f3sea.<\/span> <span class=\"relative -mx-px my-[-0.2rem] rounded px-px py-[0.2rem]\">Orthomol Osteo ofrece apoyo nutricional para ayudar a mantener la densidad \u00f3sea durante esta fase.<\/span><\/p>\n<\/li>\n<li data-start=\"1048\" data-end=\"1187\">\n<p data-start=\"1050\" data-end=\"1187\"><strong data-start=\"1050\" data-end=\"1061\">Ancianos:<\/strong> <span class=\"relative -mx-px my-[-0.2rem] rounded px-px py-[0.2rem]\">Con el envejecimiento, la densidad \u00f3sea tiende a disminuir.<\/span> <span class=\"relative -mx-px my-[-0.2rem] rounded px-px py-[0.2rem]\">Este suplemento ayuda a mantener la salud \u00f3sea de las personas mayores, favoreciendo la movilidad y la calidad de vida.<\/span><\/p>\n<\/li>\n<li data-start=\"1189\" data-end=\"1315\">\n<p data-start=\"1191\" data-end=\"1315\"><strong data-start=\"1191\" data-end=\"1229\">Personas con dietas restrictivas:<\/strong> <span class=\"relative -mx-px my-[-0.2rem] rounded px-px py-[0.2rem]\">Las personas con dietas que pueden ser deficientes en nutrientes \u00f3seos esenciales pueden beneficiarse de la suplementaci\u00f3n con Orthomol Osteo para garantizar una ingesta adecuada de estos nutrientes.<\/span><\/p>\n<\/li>\n<\/ul>\n<p><strong>PRESENTACI\u00d3N<\/strong><\/p>\n<p>30 sobres<\/p>\n<p>&nbsp;<\/p>\n","protected":false},"excerpt":{"rendered":"<p>Orthomol Osteo es un complemento alimenticio que aporta vitaminas y minerales esenciales para mantener unos huesos sanos, favorecer la salud \u00f3sea [&#8230;]<\/p>\n<p><a class=\"btn btn-secondary understrap-read-more-link\" href=\"https:\/\/www.lifenatura.com\/es\/produto\/carteras-orthomol-osteo-30\/\">Leer m\u00e1s&#8230;<span class=\"screen-reader-text\"> from Carteras Orthomol Osteo 30<\/span><\/a><\/p>\n","protected":false},"featured_media":108807,"template":"","meta":{"_acf_changed":false},"product_brand":[8418],"product_cat":[7207,7179,7883],"product_tag":[],"class_list":{"0":"post-108844","1":"product","2":"type-product","3":"status-publish","4":"has-post-thumbnail","6":"product_brand-orthomol","7":"product_cat-osteoporosis","8":"product_cat-salud","9":"product_cat-suplementos-alimenticios","11":"first","12":"instock","13":"shipping-taxable","14":"purchasable","15":"product-type-simple","16":"add-to-wishlist-before_image"},"acf":[],"yoast_head":"<!-- This site is optimized with the Yoast SEO Premium plugin v27.1 (Yoast SEO v27.5) - https:\/\/yoast.com\/product\/yoast-seo-premium-wordpress\/ -->\n<title>Carteras Orthomol Osteo 30 - Na Lifenatura ao Melhor Pre\u00e7o | Envio em 48h<\/title>\n<meta name=\"description\" content=\"Orthomol Osteo es un complemento alimenticio que aporta vitaminas y minerales para el mantenimiento de unos huesos sanos, favoreciendo la salud \u00f3sea.\" \/>\n<meta name=\"robots\" content=\"index, follow, max-snippet:-1, max-image-preview:large, max-video-preview:-1\" \/>\n<link rel=\"canonical\" href=\"https:\/\/www.lifenatura.com\/es\/produto\/carteras-orthomol-osteo-30\/\" \/>\n<meta property=\"og:locale\" content=\"es_ES\" \/>\n<meta property=\"og:type\" content=\"article\" \/>\n<meta property=\"og:title\" content=\"Carteras Orthomol Osteo 30 - Na Lifenatura ao Melhor Pre\u00e7o | Envio 48h\" \/>\n<meta property=\"og:description\" content=\"Compre Carteras Orthomol Osteo 30 com envio r\u00e1pido. Entrega em 48h e portes gr\u00e1tis em compras &gt;35\u20ac. Aproveite j\u00e1 na Lifenatura\" \/>\n<meta property=\"og:url\" content=\"https:\/\/www.lifenatura.com\/es\/produto\/carteras-orthomol-osteo-30\/\" \/>\n<meta property=\"og:site_name\" content=\"Lifenatura\" \/>\n<meta property=\"article:publisher\" content=\"https:\/\/www.facebook.com\/lifenatura\" \/>\n<meta property=\"article:modified_time\" content=\"2025-04-02T11:41:25+00:00\" \/>\n<meta property=\"og:image\" content=\"https:\/\/www.lifenatura.com\/wp-content\/uploads\/2025\/03\/orthomol-osteo-carteiras.jpg\" \/>\n\t<meta property=\"og:image:width\" content=\"1000\" \/>\n\t<meta property=\"og:image:height\" content=\"1000\" \/>\n\t<meta property=\"og:image:type\" content=\"image\/jpeg\" \/>\n<meta name=\"twitter:card\" content=\"summary_large_image\" \/>\n<meta name=\"twitter:label1\" content=\"Precio\" \/>\n\t<meta name=\"twitter:data1\" content=\"49,17&nbsp;&euro;\" \/>\n\t<meta name=\"twitter:label2\" content=\"Disponibilidad\" \/>\n\t<meta name=\"twitter:data2\" content=\"Disponible\" \/>\n<script type=\"application\/ld+json\" class=\"yoast-schema-graph\">{\"@context\":\"https:\\\/\\\/schema.org\",\"@graph\":[{\"@type\":\"WebPage\",\"@id\":\"https:\\\/\\\/www.lifenatura.com\\\/es\\\/produto\\\/carteras-orthomol-osteo-30\\\/\",\"url\":\"https:\\\/\\\/www.lifenatura.com\\\/es\\\/produto\\\/carteras-orthomol-osteo-30\\\/\",\"name\":\"Carteras Orthomol Osteo 30 - Na Lifenatura ao Melhor Pre\u00e7o | Envio em 48h\",\"isPartOf\":{\"@id\":\"https:\\\/\\\/www.lifenatura.com\\\/es\\\/#website\"},\"primaryImageOfPage\":{\"@id\":\"https:\\\/\\\/www.lifenatura.com\\\/es\\\/produto\\\/carteras-orthomol-osteo-30\\\/#primaryimage\"},\"image\":{\"@id\":\"https:\\\/\\\/www.lifenatura.com\\\/es\\\/produto\\\/carteras-orthomol-osteo-30\\\/#primaryimage\"},\"thumbnailUrl\":\"https:\\\/\\\/www.lifenatura.com\\\/wp-content\\\/uploads\\\/2025\\\/03\\\/orthomol-osteo-carteiras.jpg\",\"datePublished\":\"2025-03-19T22:28:43+00:00\",\"dateModified\":\"2025-04-02T11:41:25+00:00\",\"description\":\"Orthomol Osteo es un complemento alimenticio que aporta vitaminas y minerales para el mantenimiento de unos huesos sanos, favoreciendo la salud \u00f3sea.\",\"breadcrumb\":{\"@id\":\"https:\\\/\\\/www.lifenatura.com\\\/es\\\/produto\\\/carteras-orthomol-osteo-30\\\/#breadcrumb\"},\"inLanguage\":\"es\",\"potentialAction\":[{\"@type\":\"ReadAction\",\"target\":[\"https:\\\/\\\/www.lifenatura.com\\\/es\\\/produto\\\/carteras-orthomol-osteo-30\\\/\"]}]},{\"@type\":\"ImageObject\",\"inLanguage\":\"es\",\"@id\":\"https:\\\/\\\/www.lifenatura.com\\\/es\\\/produto\\\/carteras-orthomol-osteo-30\\\/#primaryimage\",\"url\":\"https:\\\/\\\/www.lifenatura.com\\\/wp-content\\\/uploads\\\/2025\\\/03\\\/orthomol-osteo-carteiras.jpg\",\"contentUrl\":\"https:\\\/\\\/www.lifenatura.com\\\/wp-content\\\/uploads\\\/2025\\\/03\\\/orthomol-osteo-carteiras.jpg\",\"width\":1000,\"height\":1000,\"caption\":\"Orthomol Osteo\"},{\"@type\":\"BreadcrumbList\",\"@id\":\"https:\\\/\\\/www.lifenatura.com\\\/es\\\/produto\\\/carteras-orthomol-osteo-30\\\/#breadcrumb\",\"itemListElement\":[{\"@type\":\"ListItem\",\"position\":1,\"name\":\"In\u00edcio\",\"item\":\"https:\\\/\\\/www.lifenatura.com\\\/es\\\/\"},{\"@type\":\"ListItem\",\"position\":2,\"name\":\"Todos los Productos\",\"item\":\"https:\\\/\\\/www.lifenatura.com\\\/es\\\/tienda\\\/\"},{\"@type\":\"ListItem\",\"position\":3,\"name\":\"Carteras Orthomol Osteo 30\"}]},{\"@type\":\"WebSite\",\"@id\":\"https:\\\/\\\/www.lifenatura.com\\\/es\\\/#website\",\"url\":\"https:\\\/\\\/www.lifenatura.com\\\/es\\\/\",\"name\":\"Lifenatura\",\"description\":\"A Lifenatura \u00e9 uma loja de produtos naturais, cosm\u00e9tica natural e alimenta\u00e7\u00e3o Biol\u00f3gica.\",\"publisher\":{\"@id\":\"https:\\\/\\\/www.lifenatura.com\\\/es\\\/#organization\"},\"potentialAction\":[{\"@type\":\"SearchAction\",\"target\":{\"@type\":\"EntryPoint\",\"urlTemplate\":\"https:\\\/\\\/www.lifenatura.com\\\/es\\\/?s={search_term_string}\"},\"query-input\":{\"@type\":\"PropertyValueSpecification\",\"valueRequired\":true,\"valueName\":\"search_term_string\"}}],\"inLanguage\":\"es\"},{\"@type\":\"Organization\",\"@id\":\"https:\\\/\\\/www.lifenatura.com\\\/es\\\/#organization\",\"name\":\"Lifenatura\",\"url\":\"https:\\\/\\\/www.lifenatura.com\\\/es\\\/\",\"logo\":{\"@type\":\"ImageObject\",\"inLanguage\":\"es\",\"@id\":\"https:\\\/\\\/www.lifenatura.com\\\/es\\\/#\\\/schema\\\/logo\\\/image\\\/\",\"url\":\"https:\\\/\\\/www.lifenatura.com\\\/wp-content\\\/uploads\\\/2021\\\/07\\\/logo.png\",\"contentUrl\":\"https:\\\/\\\/www.lifenatura.com\\\/wp-content\\\/uploads\\\/2021\\\/07\\\/logo.png\",\"width\":175,\"height\":55,\"caption\":\"Lifenatura\"},\"image\":{\"@id\":\"https:\\\/\\\/www.lifenatura.com\\\/es\\\/#\\\/schema\\\/logo\\\/image\\\/\"},\"sameAs\":[\"https:\\\/\\\/www.facebook.com\\\/lifenatura\",\"https:\\\/\\\/www.instagram.com\\\/lifenaturapt\\\/\"],\"hasMerchantReturnPolicy\":{\"@type\":\"MerchantReturnPolicy\",\"merchantReturnLink\":\"https:\\\/\\\/www.lifenatura.com\\\/termos-condicoes-lifenatura\\\/\"}}]}<\/script>\n<meta property=\"product:price:amount\" content=\"49.17\" \/>\n<meta property=\"product:price:currency\" content=\"EUR\" \/>\n<meta property=\"og:availability\" content=\"instock\" \/>\n<meta property=\"product:availability\" content=\"instock\" \/>\n<meta property=\"product:retailer_item_id\" content=\"8470001783974\" \/>\n<meta property=\"product:condition\" content=\"new\" \/>\n<!-- \/ Yoast SEO Premium plugin. -->","yoast_head_json":{"title":"Carteras Orthomol Osteo 30 - Na Lifenatura ao Melhor Pre\u00e7o | Envio em 48h","description":"Orthomol Osteo es un complemento alimenticio que aporta vitaminas y minerales para el mantenimiento de unos huesos sanos, favoreciendo la salud \u00f3sea.","robots":{"index":"index","follow":"follow","max-snippet":"max-snippet:-1","max-image-preview":"max-image-preview:large","max-video-preview":"max-video-preview:-1"},"canonical":"https:\/\/www.lifenatura.com\/es\/produto\/carteras-orthomol-osteo-30\/","og_locale":"es_ES","og_type":"article","og_title":"Carteras Orthomol Osteo 30 - Na Lifenatura ao Melhor Pre\u00e7o | Envio 48h","og_description":"Compre Carteras Orthomol Osteo 30 com envio r\u00e1pido. Entrega em 48h e portes gr\u00e1tis em compras >35\u20ac. Aproveite j\u00e1 na Lifenatura","og_url":"https:\/\/www.lifenatura.com\/es\/produto\/carteras-orthomol-osteo-30\/","og_site_name":"Lifenatura","article_publisher":"https:\/\/www.facebook.com\/lifenatura","article_modified_time":"2025-04-02T11:41:25+00:00","og_image":[{"width":1000,"height":1000,"url":"https:\/\/www.lifenatura.com\/wp-content\/uploads\/2025\/03\/orthomol-osteo-carteiras.jpg","type":"image\/jpeg"}],"twitter_card":"summary_large_image","twitter_misc":{"Precio":"49,17&nbsp;&euro;","Disponibilidad":"Disponible"},"schema":{"@context":"https:\/\/schema.org","@graph":[{"@type":"WebPage","@id":"https:\/\/www.lifenatura.com\/es\/produto\/carteras-orthomol-osteo-30\/","url":"https:\/\/www.lifenatura.com\/es\/produto\/carteras-orthomol-osteo-30\/","name":"Carteras Orthomol Osteo 30 - Na Lifenatura ao Melhor Pre\u00e7o | Envio em 48h","isPartOf":{"@id":"https:\/\/www.lifenatura.com\/es\/#website"},"primaryImageOfPage":{"@id":"https:\/\/www.lifenatura.com\/es\/produto\/carteras-orthomol-osteo-30\/#primaryimage"},"image":{"@id":"https:\/\/www.lifenatura.com\/es\/produto\/carteras-orthomol-osteo-30\/#primaryimage"},"thumbnailUrl":"https:\/\/www.lifenatura.com\/wp-content\/uploads\/2025\/03\/orthomol-osteo-carteiras.jpg","datePublished":"2025-03-19T22:28:43+00:00","dateModified":"2025-04-02T11:41:25+00:00","description":"Orthomol Osteo es un complemento alimenticio que aporta vitaminas y minerales para el mantenimiento de unos huesos sanos, favoreciendo la salud \u00f3sea.","breadcrumb":{"@id":"https:\/\/www.lifenatura.com\/es\/produto\/carteras-orthomol-osteo-30\/#breadcrumb"},"inLanguage":"es","potentialAction":[{"@type":"ReadAction","target":["https:\/\/www.lifenatura.com\/es\/produto\/carteras-orthomol-osteo-30\/"]}]},{"@type":"ImageObject","inLanguage":"es","@id":"https:\/\/www.lifenatura.com\/es\/produto\/carteras-orthomol-osteo-30\/#primaryimage","url":"https:\/\/www.lifenatura.com\/wp-content\/uploads\/2025\/03\/orthomol-osteo-carteiras.jpg","contentUrl":"https:\/\/www.lifenatura.com\/wp-content\/uploads\/2025\/03\/orthomol-osteo-carteiras.jpg","width":1000,"height":1000,"caption":"Orthomol Osteo"},{"@type":"BreadcrumbList","@id":"https:\/\/www.lifenatura.com\/es\/produto\/carteras-orthomol-osteo-30\/#breadcrumb","itemListElement":[{"@type":"ListItem","position":1,"name":"In\u00edcio","item":"https:\/\/www.lifenatura.com\/es\/"},{"@type":"ListItem","position":2,"name":"Todos los Productos","item":"https:\/\/www.lifenatura.com\/es\/tienda\/"},{"@type":"ListItem","position":3,"name":"Carteras Orthomol Osteo 30"}]},{"@type":"WebSite","@id":"https:\/\/www.lifenatura.com\/es\/#website","url":"https:\/\/www.lifenatura.com\/es\/","name":"Lifenatura","description":"A Lifenatura \u00e9 uma loja de produtos naturais, cosm\u00e9tica natural e alimenta\u00e7\u00e3o Biol\u00f3gica.","publisher":{"@id":"https:\/\/www.lifenatura.com\/es\/#organization"},"potentialAction":[{"@type":"SearchAction","target":{"@type":"EntryPoint","urlTemplate":"https:\/\/www.lifenatura.com\/es\/?s={search_term_string}"},"query-input":{"@type":"PropertyValueSpecification","valueRequired":true,"valueName":"search_term_string"}}],"inLanguage":"es"},{"@type":"Organization","@id":"https:\/\/www.lifenatura.com\/es\/#organization","name":"Lifenatura","url":"https:\/\/www.lifenatura.com\/es\/","logo":{"@type":"ImageObject","inLanguage":"es","@id":"https:\/\/www.lifenatura.com\/es\/#\/schema\/logo\/image\/","url":"https:\/\/www.lifenatura.com\/wp-content\/uploads\/2021\/07\/logo.png","contentUrl":"https:\/\/www.lifenatura.com\/wp-content\/uploads\/2021\/07\/logo.png","width":175,"height":55,"caption":"Lifenatura"},"image":{"@id":"https:\/\/www.lifenatura.com\/es\/#\/schema\/logo\/image\/"},"sameAs":["https:\/\/www.facebook.com\/lifenatura","https:\/\/www.instagram.com\/lifenaturapt\/"],"hasMerchantReturnPolicy":{"@type":"MerchantReturnPolicy","merchantReturnLink":"https:\/\/www.lifenatura.com\/termos-condicoes-lifenatura\/"}}]},"product_price_amount":"49.17","product_price_currency":"EUR","og_availability":"instock","product_availability":"instock","product_retailer_item_id":"8470001783974","product_condition":"new"},"df_price":49.17,"df_sale_price":"","df_regular_price":49.17,"df_image_link":"https:\/\/www.lifenatura.com\/wp-content\/uploads\/2025\/03\/orthomol-osteo-carteiras-300x300.jpg","_links":{"self":[{"href":"https:\/\/www.lifenatura.com\/es\/wp-json\/wp\/v2\/product\/108844","targetHints":{"allow":["GET"]}}],"collection":[{"href":"https:\/\/www.lifenatura.com\/es\/wp-json\/wp\/v2\/product"}],"about":[{"href":"https:\/\/www.lifenatura.com\/es\/wp-json\/wp\/v2\/types\/product"}],"wp:featuredmedia":[{"embeddable":true,"href":"https:\/\/www.lifenatura.com\/es\/wp-json\/wp\/v2\/media\/108807"}],"wp:attachment":[{"href":"https:\/\/www.lifenatura.com\/es\/wp-json\/wp\/v2\/media?parent=108844"}],"wp:term":[{"taxonomy":"product_brand","embeddable":true,"href":"https:\/\/www.lifenatura.com\/es\/wp-json\/wp\/v2\/product_brand?post=108844"},{"taxonomy":"product_cat","embeddable":true,"href":"https:\/\/www.lifenatura.com\/es\/wp-json\/wp\/v2\/product_cat?post=108844"},{"taxonomy":"product_tag","embeddable":true,"href":"https:\/\/www.lifenatura.com\/es\/wp-json\/wp\/v2\/product_tag?post=108844"}],"curies":[{"name":"wp","href":"https:\/\/api.w.org\/{rel}","templated":true}]}}