{"id":108843,"date":"2025-03-17T16:20:20","date_gmt":"2025-03-17T16:20:20","guid":{"rendered":"https:\/\/www.lifenatura.com\/produto\/ergysport-stim-60-capsulas-nutergia\/"},"modified":"2026-04-20T14:36:42","modified_gmt":"2026-04-20T14:36:42","slug":"ergysport-stim-60-capsulas-nutergia","status":"publish","type":"product","link":"https:\/\/www.lifenatura.com\/es\/produto\/ergysport-stim-60-capsulas-nutergia\/","title":{"rendered":"Ergysport Stim 60 C\u00e1psulas &#8211; Nutergia"},"content":{"rendered":"<h2 style=\"text-align: left;\" data-start=\"0\" data-end=\"97\"><strong>Ergysport Stim de Nutergia: para el Rendimiento Deportivo y la Protecci\u00f3n Celular<\/strong><\/h2>\n<p>&nbsp;<\/p>\n<p data-start=\"121\" data-end=\"240\"><span class=\"relative -mx-px my-[-0.2rem] rounded px-px py-[0.2rem]\"><strong data-start=\"2\" data-end=\"20\">Ergysport Stim<\/strong> de Nutergia es un complemento alimenticio formulado para ayudar a los deportistas y personas activas a optimizar el rendimiento f\u00edsico y proteger contra el estr\u00e9s oxidativo.<\/span><\/p>\n<p data-start=\"121\" data-end=\"240\"><span class=\"relative -mx-px my-[-0.2rem] rounded px-px py-[0.2rem]\">Este producto combina una selecci\u00f3n de vitaminas, minerales y polifenoles de extractos de frutas para proporcionar un apoyo nutricional completo durante la pr\u00e1ctica deportiva.<\/span><\/p>\n<p data-start=\"242\" data-end=\"268\"><strong data-start=\"242\" data-end=\"268\">Principales ventajas:<\/strong><\/p>\n<ul data-start=\"270\" data-end=\"746\">\n<li data-start=\"270\" data-end=\"393\">\n<p data-start=\"272\" data-end=\"393\"><strong data-start=\"272\" data-end=\"311\">Protecci\u00f3n contra el<\/strong> <span class=\"relative -mx-px my-[-0.2rem] rounded px-px py-[0.2rem]\">estr\u00e9s oxidativo: Ergysport Stim es rico en zinc, vitaminas B2, C y E, nutrientes que desempe\u00f1an un papel crucial en la protecci\u00f3n de las c\u00e9lulas contra el da\u00f1o causado por el estr\u00e9s oxidativo, habitual durante el ejercicio intenso.<\/span><\/p>\n<\/li>\n<li data-start=\"395\" data-end=\"513\">\n<p data-start=\"397\" data-end=\"513\"><strong data-start=\"397\" data-end=\"431\">Apoyo al sistema inmunitario:<\/strong> <span class=\"relative -mx-px my-[-0.2rem] rounded px-px py-[0.2rem]\">La vitamina C de la f\u00f3rmula ayuda a mantener el funcionamiento normal del sistema inmunitario durante y despu\u00e9s del ejercicio f\u00edsico intenso, favoreciendo la recuperaci\u00f3n y previniendo las infecciones.<\/span><\/p>\n<\/li>\n<li data-start=\"515\" data-end=\"628\">\n<p data-start=\"517\" data-end=\"628\"><strong data-start=\"517\" data-end=\"546\">Funci\u00f3n muscular saludable:<\/strong> <span class=\"relative -mx-px my-[-0.2rem] rounded px-px py-[0.2rem]\">La inclusi\u00f3n de vitamina D en el suplemento favorece la funci\u00f3n muscular adecuada, que es esencial para el rendimiento y la prevenci\u00f3n de lesiones.<\/span><\/p>\n<\/li>\n<li data-start=\"630\" data-end=\"746\">\n<p data-start=\"632\" data-end=\"746\"><strong data-start=\"632\" data-end=\"662\">Acci\u00f3n antioxidante natural:<\/strong> <span class=\"relative -mx-px my-[-0.2rem] rounded px-px py-[0.2rem]\">los extractos de manzana y uva aportan polifenoles naturales que act\u00faan como antioxidantes, ayudando a neutralizar los radicales libres producidos durante la actividad f\u00edsica.<\/span><\/p>\n<\/li>\n<\/ul>\n<p data-start=\"748\" data-end=\"766\"><strong data-start=\"748\" data-end=\"766\">Adecuado para:<\/strong><\/p>\n<ul data-start=\"768\" data-end=\"1164\">\n<li data-start=\"768\" data-end=\"888\">\n<p data-start=\"770\" data-end=\"888\"><strong data-start=\"770\" data-end=\"802\">Deportistas de Alto Rendimiento:<\/strong> <span class=\"relative -mx-px my-[-0.2rem] rounded px-px py-[0.2rem]\">Aquellos que buscan optimizar su rendimiento f\u00edsico y necesitan apoyo nutricional para afrontar los retos de un entrenamiento intenso.<\/span><\/p>\n<\/li>\n<li data-start=\"890\" data-end=\"1026\">\n<p data-start=\"892\" data-end=\"1026\"><strong data-start=\"892\" data-end=\"940\">Deportistas regulares:<\/strong> <span class=\"relative -mx-px my-[-0.2rem] rounded px-px py-[0.2rem]\">Aquellos que desean mantener la salud muscular y proteger el organismo contra los efectos del estr\u00e9s oxidativo asociado al ejercicio.<\/span><\/p>\n<\/li>\n<li data-start=\"1028\" data-end=\"1164\">\n<p data-start=\"1030\" data-end=\"1164\"><strong data-start=\"1030\" data-end=\"1078\">Personas que siguen programas de entrenamiento intensivo:<\/strong> <span class=\"relative -mx-px my-[-0.2rem] rounded px-px py-[0.2rem]\">Que buscan un apoyo adicional para el sistema inmunitario y una recuperaci\u00f3n eficaz tras sesiones de entrenamiento extenuantes.<\/span><\/p>\n<\/li>\n<\/ul>\n<p>Es mucho m\u00e1s que un complemento alimenticio, gracias a su complejo de vitaminas, minerales y potentes antioxidantes: Vinitrox\u2122 (extractos de manzana y uva, ricos en polifenoles), m\u00e1s coenzima Q10, especialmente formulados para apoyar la vitalidad y el rendimiento diario.<\/p>\n<p><strong>PRESENTACI\u00d3N<\/strong><\/p>\n<p>60 c\u00e1psulas<\/p>\n<p>&nbsp;<\/p>\n","protected":false},"excerpt":{"rendered":"<p>Ergysport Stim de Nutergia es un suplemento avanzado que combina vitaminas, minerales y polifenoles para favorecer el rendimiento deportivo. [&#8230;]<\/p>\n<p><a class=\"btn btn-secondary understrap-read-more-link\" href=\"https:\/\/www.lifenatura.com\/es\/produto\/ergysport-stim-60-capsulas-nutergia\/\">Leer m\u00e1s&#8230;<span class=\"screen-reader-text\"> from Ergysport Stim 60 C\u00e1psulas &#8211; Nutergia<\/span><\/a><\/p>\n","protected":false},"featured_media":108647,"template":"","meta":{"_acf_changed":false},"product_brand":[8427],"product_cat":[7259,7179,7883],"product_tag":[8726],"class_list":{"0":"post-108843","1":"product","2":"type-product","3":"status-publish","4":"has-post-thumbnail","6":"product_brand-nutergia","7":"product_cat-vitaminas-y-minerales","8":"product_cat-salud","9":"product_cat-suplementos-alimenticios","10":"product_tag-nutergia","12":"first","13":"instock","14":"sale","15":"featured","16":"shipping-taxable","17":"purchasable","18":"product-type-simple","19":"add-to-wishlist-before_image"},"acf":[],"yoast_head":"<!-- This site is optimized with the Yoast SEO Premium plugin v27.1 (Yoast SEO v27.5) - https:\/\/yoast.com\/product\/yoast-seo-premium-wordpress\/ -->\n<title>Ergysport Stim 60 C\u00e1psulas - Nutergia - Na Lifenatura ao Melhor Pre\u00e7o | Envio em 48h<\/title>\n<meta name=\"description\" content=\"Ergysport Stim de Nutergia es un suplemento avanzado que combina vitaminas, minerales y polifenoles para favorecer el rendimiento deportivo.\" \/>\n<meta name=\"robots\" content=\"index, follow, max-snippet:-1, max-image-preview:large, max-video-preview:-1\" \/>\n<link rel=\"canonical\" href=\"https:\/\/www.lifenatura.com\/es\/produto\/ergysport-stim-60-capsulas-nutergia\/\" \/>\n<meta property=\"og:locale\" content=\"es_ES\" \/>\n<meta property=\"og:type\" content=\"article\" \/>\n<meta property=\"og:title\" content=\"Ergysport Stim 60 C\u00e1psulas - Nutergia - Na Lifenatura ao Melhor Pre\u00e7o | Envio 48h\" \/>\n<meta property=\"og:description\" content=\"Compre Ergysport Stim 60 C\u00e1psulas - Nutergia com envio r\u00e1pido. Entrega em 48h e portes gr\u00e1tis em compras &gt;35\u20ac. Aproveite j\u00e1 na Lifenatura\" \/>\n<meta property=\"og:url\" content=\"https:\/\/www.lifenatura.com\/es\/produto\/ergysport-stim-60-capsulas-nutergia\/\" \/>\n<meta property=\"og:site_name\" content=\"Lifenatura\" \/>\n<meta property=\"article:publisher\" content=\"https:\/\/www.facebook.com\/lifenatura\" \/>\n<meta property=\"article:modified_time\" content=\"2026-04-20T14:36:42+00:00\" \/>\n<meta property=\"og:image\" content=\"https:\/\/www.lifenatura.com\/wp-content\/uploads\/2025\/03\/ergysport-stim-nutergia.jpg\" \/>\n\t<meta property=\"og:image:width\" content=\"1000\" \/>\n\t<meta property=\"og:image:height\" content=\"1000\" \/>\n\t<meta property=\"og:image:type\" content=\"image\/jpeg\" \/>\n<meta name=\"twitter:card\" content=\"summary_large_image\" \/>\n<meta name=\"twitter:label1\" content=\"Precio\" \/>\n\t<meta name=\"twitter:data1\" content=\"16,60&nbsp;&euro;\" \/>\n\t<meta name=\"twitter:label2\" content=\"Disponibilidad\" \/>\n\t<meta name=\"twitter:data2\" content=\"Disponible\" \/>\n<script type=\"application\/ld+json\" class=\"yoast-schema-graph\">{\"@context\":\"https:\\\/\\\/schema.org\",\"@graph\":[{\"@type\":\"WebPage\",\"@id\":\"https:\\\/\\\/www.lifenatura.com\\\/es\\\/produto\\\/ergysport-stim-60-capsulas-nutergia\\\/\",\"url\":\"https:\\\/\\\/www.lifenatura.com\\\/es\\\/produto\\\/ergysport-stim-60-capsulas-nutergia\\\/\",\"name\":\"Ergysport Stim 60 C\u00e1psulas - Nutergia - Na Lifenatura ao Melhor Pre\u00e7o | Envio em 48h\",\"isPartOf\":{\"@id\":\"https:\\\/\\\/www.lifenatura.com\\\/es\\\/#website\"},\"primaryImageOfPage\":{\"@id\":\"https:\\\/\\\/www.lifenatura.com\\\/es\\\/produto\\\/ergysport-stim-60-capsulas-nutergia\\\/#primaryimage\"},\"image\":{\"@id\":\"https:\\\/\\\/www.lifenatura.com\\\/es\\\/produto\\\/ergysport-stim-60-capsulas-nutergia\\\/#primaryimage\"},\"thumbnailUrl\":\"https:\\\/\\\/www.lifenatura.com\\\/wp-content\\\/uploads\\\/2025\\\/03\\\/ergysport-stim-nutergia.jpg\",\"datePublished\":\"2025-03-17T16:20:20+00:00\",\"dateModified\":\"2026-04-20T14:36:42+00:00\",\"description\":\"Ergysport Stim de Nutergia es un suplemento avanzado que combina vitaminas, minerales y polifenoles para favorecer el rendimiento deportivo.\",\"breadcrumb\":{\"@id\":\"https:\\\/\\\/www.lifenatura.com\\\/es\\\/produto\\\/ergysport-stim-60-capsulas-nutergia\\\/#breadcrumb\"},\"inLanguage\":\"es\",\"potentialAction\":[{\"@type\":\"ReadAction\",\"target\":[\"https:\\\/\\\/www.lifenatura.com\\\/es\\\/produto\\\/ergysport-stim-60-capsulas-nutergia\\\/\"]}]},{\"@type\":\"ImageObject\",\"inLanguage\":\"es\",\"@id\":\"https:\\\/\\\/www.lifenatura.com\\\/es\\\/produto\\\/ergysport-stim-60-capsulas-nutergia\\\/#primaryimage\",\"url\":\"https:\\\/\\\/www.lifenatura.com\\\/wp-content\\\/uploads\\\/2025\\\/03\\\/ergysport-stim-nutergia.jpg\",\"contentUrl\":\"https:\\\/\\\/www.lifenatura.com\\\/wp-content\\\/uploads\\\/2025\\\/03\\\/ergysport-stim-nutergia.jpg\",\"width\":1000,\"height\":1000,\"caption\":\"Ergyspot stim de la marca Nutergia\"},{\"@type\":\"BreadcrumbList\",\"@id\":\"https:\\\/\\\/www.lifenatura.com\\\/es\\\/produto\\\/ergysport-stim-60-capsulas-nutergia\\\/#breadcrumb\",\"itemListElement\":[{\"@type\":\"ListItem\",\"position\":1,\"name\":\"In\u00edcio\",\"item\":\"https:\\\/\\\/www.lifenatura.com\\\/es\\\/\"},{\"@type\":\"ListItem\",\"position\":2,\"name\":\"Todos los Productos\",\"item\":\"https:\\\/\\\/www.lifenatura.com\\\/es\\\/tienda\\\/\"},{\"@type\":\"ListItem\",\"position\":3,\"name\":\"Ergysport Stim 60 C\u00e1psulas &#8211; Nutergia\"}]},{\"@type\":\"WebSite\",\"@id\":\"https:\\\/\\\/www.lifenatura.com\\\/es\\\/#website\",\"url\":\"https:\\\/\\\/www.lifenatura.com\\\/es\\\/\",\"name\":\"Lifenatura\",\"description\":\"A Lifenatura \u00e9 uma loja de produtos naturais, cosm\u00e9tica natural e alimenta\u00e7\u00e3o Biol\u00f3gica.\",\"publisher\":{\"@id\":\"https:\\\/\\\/www.lifenatura.com\\\/es\\\/#organization\"},\"potentialAction\":[{\"@type\":\"SearchAction\",\"target\":{\"@type\":\"EntryPoint\",\"urlTemplate\":\"https:\\\/\\\/www.lifenatura.com\\\/es\\\/?s={search_term_string}\"},\"query-input\":{\"@type\":\"PropertyValueSpecification\",\"valueRequired\":true,\"valueName\":\"search_term_string\"}}],\"inLanguage\":\"es\"},{\"@type\":\"Organization\",\"@id\":\"https:\\\/\\\/www.lifenatura.com\\\/es\\\/#organization\",\"name\":\"Lifenatura\",\"url\":\"https:\\\/\\\/www.lifenatura.com\\\/es\\\/\",\"logo\":{\"@type\":\"ImageObject\",\"inLanguage\":\"es\",\"@id\":\"https:\\\/\\\/www.lifenatura.com\\\/es\\\/#\\\/schema\\\/logo\\\/image\\\/\",\"url\":\"https:\\\/\\\/www.lifenatura.com\\\/wp-content\\\/uploads\\\/2021\\\/07\\\/logo.png\",\"contentUrl\":\"https:\\\/\\\/www.lifenatura.com\\\/wp-content\\\/uploads\\\/2021\\\/07\\\/logo.png\",\"width\":175,\"height\":55,\"caption\":\"Lifenatura\"},\"image\":{\"@id\":\"https:\\\/\\\/www.lifenatura.com\\\/es\\\/#\\\/schema\\\/logo\\\/image\\\/\"},\"sameAs\":[\"https:\\\/\\\/www.facebook.com\\\/lifenatura\",\"https:\\\/\\\/www.instagram.com\\\/lifenaturapt\\\/\"],\"hasMerchantReturnPolicy\":{\"@type\":\"MerchantReturnPolicy\",\"merchantReturnLink\":\"https:\\\/\\\/www.lifenatura.com\\\/termos-condicoes-lifenatura\\\/\"}}]}<\/script>\n<meta property=\"product:price:amount\" content=\"16.60\" \/>\n<meta property=\"product:price:currency\" content=\"EUR\" \/>\n<meta property=\"og:availability\" content=\"instock\" \/>\n<meta property=\"product:availability\" content=\"instock\" \/>\n<meta property=\"product:retailer_item_id\" content=\"8436031730524\" \/>\n<meta property=\"product:condition\" content=\"new\" \/>\n<!-- \/ Yoast SEO Premium plugin. -->","yoast_head_json":{"title":"Ergysport Stim 60 C\u00e1psulas - Nutergia - Na Lifenatura ao Melhor Pre\u00e7o | Envio em 48h","description":"Ergysport Stim de Nutergia es un suplemento avanzado que combina vitaminas, minerales y polifenoles para favorecer el rendimiento deportivo.","robots":{"index":"index","follow":"follow","max-snippet":"max-snippet:-1","max-image-preview":"max-image-preview:large","max-video-preview":"max-video-preview:-1"},"canonical":"https:\/\/www.lifenatura.com\/es\/produto\/ergysport-stim-60-capsulas-nutergia\/","og_locale":"es_ES","og_type":"article","og_title":"Ergysport Stim 60 C\u00e1psulas - Nutergia - Na Lifenatura ao Melhor Pre\u00e7o | Envio 48h","og_description":"Compre Ergysport Stim 60 C\u00e1psulas - Nutergia com envio r\u00e1pido. Entrega em 48h e portes gr\u00e1tis em compras >35\u20ac. Aproveite j\u00e1 na Lifenatura","og_url":"https:\/\/www.lifenatura.com\/es\/produto\/ergysport-stim-60-capsulas-nutergia\/","og_site_name":"Lifenatura","article_publisher":"https:\/\/www.facebook.com\/lifenatura","article_modified_time":"2026-04-20T14:36:42+00:00","og_image":[{"width":1000,"height":1000,"url":"https:\/\/www.lifenatura.com\/wp-content\/uploads\/2025\/03\/ergysport-stim-nutergia.jpg","type":"image\/jpeg"}],"twitter_card":"summary_large_image","twitter_misc":{"Precio":"16,60&nbsp;&euro;","Disponibilidad":"Disponible"},"schema":{"@context":"https:\/\/schema.org","@graph":[{"@type":"WebPage","@id":"https:\/\/www.lifenatura.com\/es\/produto\/ergysport-stim-60-capsulas-nutergia\/","url":"https:\/\/www.lifenatura.com\/es\/produto\/ergysport-stim-60-capsulas-nutergia\/","name":"Ergysport Stim 60 C\u00e1psulas - Nutergia - Na Lifenatura ao Melhor Pre\u00e7o | Envio em 48h","isPartOf":{"@id":"https:\/\/www.lifenatura.com\/es\/#website"},"primaryImageOfPage":{"@id":"https:\/\/www.lifenatura.com\/es\/produto\/ergysport-stim-60-capsulas-nutergia\/#primaryimage"},"image":{"@id":"https:\/\/www.lifenatura.com\/es\/produto\/ergysport-stim-60-capsulas-nutergia\/#primaryimage"},"thumbnailUrl":"https:\/\/www.lifenatura.com\/wp-content\/uploads\/2025\/03\/ergysport-stim-nutergia.jpg","datePublished":"2025-03-17T16:20:20+00:00","dateModified":"2026-04-20T14:36:42+00:00","description":"Ergysport Stim de Nutergia es un suplemento avanzado que combina vitaminas, minerales y polifenoles para favorecer el rendimiento deportivo.","breadcrumb":{"@id":"https:\/\/www.lifenatura.com\/es\/produto\/ergysport-stim-60-capsulas-nutergia\/#breadcrumb"},"inLanguage":"es","potentialAction":[{"@type":"ReadAction","target":["https:\/\/www.lifenatura.com\/es\/produto\/ergysport-stim-60-capsulas-nutergia\/"]}]},{"@type":"ImageObject","inLanguage":"es","@id":"https:\/\/www.lifenatura.com\/es\/produto\/ergysport-stim-60-capsulas-nutergia\/#primaryimage","url":"https:\/\/www.lifenatura.com\/wp-content\/uploads\/2025\/03\/ergysport-stim-nutergia.jpg","contentUrl":"https:\/\/www.lifenatura.com\/wp-content\/uploads\/2025\/03\/ergysport-stim-nutergia.jpg","width":1000,"height":1000,"caption":"Ergyspot stim de la marca Nutergia"},{"@type":"BreadcrumbList","@id":"https:\/\/www.lifenatura.com\/es\/produto\/ergysport-stim-60-capsulas-nutergia\/#breadcrumb","itemListElement":[{"@type":"ListItem","position":1,"name":"In\u00edcio","item":"https:\/\/www.lifenatura.com\/es\/"},{"@type":"ListItem","position":2,"name":"Todos los Productos","item":"https:\/\/www.lifenatura.com\/es\/tienda\/"},{"@type":"ListItem","position":3,"name":"Ergysport Stim 60 C\u00e1psulas &#8211; Nutergia"}]},{"@type":"WebSite","@id":"https:\/\/www.lifenatura.com\/es\/#website","url":"https:\/\/www.lifenatura.com\/es\/","name":"Lifenatura","description":"A Lifenatura \u00e9 uma loja de produtos naturais, cosm\u00e9tica natural e alimenta\u00e7\u00e3o Biol\u00f3gica.","publisher":{"@id":"https:\/\/www.lifenatura.com\/es\/#organization"},"potentialAction":[{"@type":"SearchAction","target":{"@type":"EntryPoint","urlTemplate":"https:\/\/www.lifenatura.com\/es\/?s={search_term_string}"},"query-input":{"@type":"PropertyValueSpecification","valueRequired":true,"valueName":"search_term_string"}}],"inLanguage":"es"},{"@type":"Organization","@id":"https:\/\/www.lifenatura.com\/es\/#organization","name":"Lifenatura","url":"https:\/\/www.lifenatura.com\/es\/","logo":{"@type":"ImageObject","inLanguage":"es","@id":"https:\/\/www.lifenatura.com\/es\/#\/schema\/logo\/image\/","url":"https:\/\/www.lifenatura.com\/wp-content\/uploads\/2021\/07\/logo.png","contentUrl":"https:\/\/www.lifenatura.com\/wp-content\/uploads\/2021\/07\/logo.png","width":175,"height":55,"caption":"Lifenatura"},"image":{"@id":"https:\/\/www.lifenatura.com\/es\/#\/schema\/logo\/image\/"},"sameAs":["https:\/\/www.facebook.com\/lifenatura","https:\/\/www.instagram.com\/lifenaturapt\/"],"hasMerchantReturnPolicy":{"@type":"MerchantReturnPolicy","merchantReturnLink":"https:\/\/www.lifenatura.com\/termos-condicoes-lifenatura\/"}}]},"product_price_amount":"16.60","product_price_currency":"EUR","og_availability":"instock","product_availability":"instock","product_retailer_item_id":"8436031730524","product_condition":"new"},"df_price":16.6,"df_sale_price":16.6,"df_regular_price":20.75,"df_image_link":"https:\/\/www.lifenatura.com\/wp-content\/uploads\/2025\/03\/ergysport-stim-nutergia-300x300.jpg","_links":{"self":[{"href":"https:\/\/www.lifenatura.com\/es\/wp-json\/wp\/v2\/product\/108843","targetHints":{"allow":["GET"]}}],"collection":[{"href":"https:\/\/www.lifenatura.com\/es\/wp-json\/wp\/v2\/product"}],"about":[{"href":"https:\/\/www.lifenatura.com\/es\/wp-json\/wp\/v2\/types\/product"}],"wp:featuredmedia":[{"embeddable":true,"href":"https:\/\/www.lifenatura.com\/es\/wp-json\/wp\/v2\/media\/108647"}],"wp:attachment":[{"href":"https:\/\/www.lifenatura.com\/es\/wp-json\/wp\/v2\/media?parent=108843"}],"wp:term":[{"taxonomy":"product_brand","embeddable":true,"href":"https:\/\/www.lifenatura.com\/es\/wp-json\/wp\/v2\/product_brand?post=108843"},{"taxonomy":"product_cat","embeddable":true,"href":"https:\/\/www.lifenatura.com\/es\/wp-json\/wp\/v2\/product_cat?post=108843"},{"taxonomy":"product_tag","embeddable":true,"href":"https:\/\/www.lifenatura.com\/es\/wp-json\/wp\/v2\/product_tag?post=108843"}],"curies":[{"name":"wp","href":"https:\/\/api.w.org\/{rel}","templated":true}]}}