{"id":108842,"date":"2025-03-17T14:59:20","date_gmt":"2025-03-17T14:59:20","guid":{"rendered":"https:\/\/www.lifenatura.com\/produto\/ergysport-recup-60-capsulas-nutergia\/"},"modified":"2026-04-20T14:36:43","modified_gmt":"2026-04-20T14:36:43","slug":"ergysport-recup-60-capsulas-nutergia","status":"publish","type":"product","link":"https:\/\/www.lifenatura.com\/es\/produto\/ergysport-recup-60-capsulas-nutergia\/","title":{"rendered":"Ergysport Recup 60 C\u00e1psulas &#8211; Nutergia"},"content":{"rendered":"<h2 style=\"text-align: left;\" data-start=\"0\" data-end=\"81\"><strong>Ergysport R\u00e9cup de Nutergia: Recuperaci\u00f3n muscular eficaz y reducci\u00f3n de calambres<\/strong><\/h2>\n<p>&nbsp;<\/p>\n<p data-start=\"105\" data-end=\"262\"><span class=\"relative -mx-px my-[-0.2rem] rounded px-px py-[0.2rem]\"><strong data-start=\"2\" data-end=\"21\">Ergysport R\u00e9cup<\/strong> de Nutergia es un complemento alimenticio especialmente formulado para ayudar a la recuperaci\u00f3n muscular tras una actividad f\u00edsica intensa o prolongada.<\/span> <span class=\"relative -mx-px my-[-0.2rem] rounded px-px py-[0.2rem]\">Este producto combina minerales en forma de sales desacidificantes, como citratos, carbonatos y bicarbonatos, junto con vitaminas del grupo B, esenciales para el bienestar muscular y la reducci\u00f3n de la fatiga.<\/span><\/p>\n<p data-start=\"105\" data-end=\"262\"><span class=\"relative -mx-px my-[-0.2rem] rounded px-px py-[0.2rem]\">Su composici\u00f3n equilibrada pretende neutralizar los \u00e1cidos producidos durante el esfuerzo f\u00edsico, favoreciendo una recuperaci\u00f3n m\u00e1s r\u00e1pida y eficaz.<\/span><\/p>\n<p data-start=\"264\" data-end=\"290\"><strong data-start=\"264\" data-end=\"290\">Principales ventajas:<\/strong><\/p>\n<ul data-start=\"292\" data-end=\"768\">\n<li data-start=\"292\" data-end=\"418\">\n<p data-start=\"294\" data-end=\"418\"><strong data-start=\"294\" data-end=\"336\">Reduce los calambres y el dolor muscular:<\/strong> <span class=\"relative -mx-px my-[-0.2rem] rounded px-px py-[0.2rem]\">El magnesio de la f\u00f3rmula contribuye al funcionamiento normal de los m\u00fasculos, ayudando a minimizar los calambres y las molestias despu\u00e9s del ejercicio.<\/span><\/p>\n<\/li>\n<li data-start=\"420\" data-end=\"541\">\n<p data-start=\"422\" data-end=\"541\"><strong data-start=\"422\" data-end=\"459\">Mejor recuperaci\u00f3n muscular:<\/strong> <span class=\"relative -mx-px my-[-0.2rem] rounded px-px py-[0.2rem]\">La combinaci\u00f3n de minerales desacidificantes ayuda a eliminar las toxinas \u00e1cidas acumuladas durante el esfuerzo f\u00edsico, facilitando una recuperaci\u00f3n m\u00e1s eficaz.<\/span><\/p>\n<\/li>\n<li data-start=\"543\" data-end=\"652\">\n<p data-start=\"545\" data-end=\"652\"><strong data-start=\"545\" data-end=\"570\">Reduce la fatiga:<\/strong> <span class=\"relative -mx-px my-[-0.2rem] rounded px-px py-[0.2rem]\">Las vitaminas B2, B3, B5 y B6 ayudan a reducir el cansancio y la fatiga, favoreciendo una sensaci\u00f3n de bienestar general despu\u00e9s de la actividad f\u00edsica.<\/span><\/p>\n<\/li>\n<li data-start=\"654\" data-end=\"768\">\n<p data-start=\"656\" data-end=\"768\"><strong data-start=\"656\" data-end=\"682\">Equilibrio<\/strong> <span class=\"relative -mx-px my-[-0.2rem] rounded px-px py-[0.2rem]\">\u00e1cido-base<\/span><strong data-start=\"656\" data-end=\"682\">:<\/strong> Las sales desacidificantes de la f\u00f3rmula ayudan a mantener el equilibrio \u00e1cido-base del organismo, que es esencial para el rendimiento muscular y para prevenir las molestias.<\/p>\n<\/li>\n<\/ul>\n<p data-start=\"770\" data-end=\"788\"><strong data-start=\"770\" data-end=\"788\">Adecuado para:<\/strong><\/p>\n<ul data-start=\"790\" data-end=\"1183\">\n<li data-start=\"790\" data-end=\"905\">\n<p data-start=\"792\" data-end=\"905\"><strong data-start=\"792\" data-end=\"819\">Atletas y deportistas:<\/strong> <span class=\"relative -mx-px my-[-0.2rem] rounded px-px py-[0.2rem]\">buscan una recuperaci\u00f3n muscular eficaz despu\u00e9s de entrenamientos intensos o competiciones, para minimizar los calambres y el dolor muscular.<\/span><\/p>\n<\/li>\n<li data-start=\"907\" data-end=\"1038\">\n<p data-start=\"909\" data-end=\"1038\"><strong data-start=\"909\" data-end=\"952\">Personas con Fatiga F\u00edsica y Nerviosa:<\/strong> <span class=\"relative -mx-px my-[-0.2rem] rounded px-px py-[0.2rem]\">Personas que experimentan un cansancio excesivo y necesitan apoyo nutricional para mejorar la recuperaci\u00f3n y el bienestar general.<\/span><\/p>\n<\/li>\n<li data-start=\"1040\" data-end=\"1183\">\n<p data-start=\"1042\" data-end=\"1183\"><strong data-start=\"1042\" data-end=\"1097\">Personas propensas a sufrir calambres y rigidez muscular:<\/strong> <span class=\"relative -mx-px my-[-0.2rem] rounded px-px py-[0.2rem]\">Personas que sufren con frecuencia calambres o rigidez muscular y buscan una soluci\u00f3n para minimizar estas molestias.<\/span><\/p>\n<\/li>\n<\/ul>\n<p>Ayuda a los deportistas en su recuperaci\u00f3n muscular. Es una f\u00f3rmula cient\u00edficamente dosificada con minerales en forma de sales desacidificantes (citrato, carbonato, bicarbonato) y vitaminas.<\/p>\n<p>Contiene magnesio, que contribuye al funcionamiento normal de los m\u00fasculos (calambres y dolor muscular). Esta f\u00f3rmula completa se ha desarrollado espec\u00edficamente para deportistas, cuyos m\u00fasculos est\u00e1n sometidos a grandes exigencias durante su actividad f\u00edsica.<\/p>\n<p><strong>PRESENTACI\u00d3N<\/strong><\/p>\n<p>60 c\u00e1psulas<\/p>\n<p>&nbsp;<\/p>\n","protected":false},"excerpt":{"rendered":"<p>Ergysport R\u00e9cup de Nutergia ayuda a la recuperaci\u00f3n muscular, reduce los calambres y la fatiga despu\u00e9s del ejercicio intenso, favoreciendo el bienestar y el rendimiento f\u00edsico. [&#8230;]<\/p>\n<p><a class=\"btn btn-secondary understrap-read-more-link\" href=\"https:\/\/www.lifenatura.com\/es\/produto\/ergysport-recup-60-capsulas-nutergia\/\">Leer m\u00e1s&#8230;<span class=\"screen-reader-text\"> from Ergysport Recup 60 C\u00e1psulas &#8211; Nutergia<\/span><\/a><\/p>\n","protected":false},"featured_media":108640,"template":"","meta":{"_acf_changed":false},"product_brand":[8427],"product_cat":[7174,7293],"product_tag":[8726],"class_list":{"0":"post-108842","1":"product","2":"type-product","3":"status-publish","4":"has-post-thumbnail","6":"product_brand-nutergia","7":"product_cat-fuerza-y-recuperacion","8":"product_cat-nutricion-deportiva","9":"product_tag-nutergia","11":"first","12":"instock","13":"sale","14":"featured","15":"shipping-taxable","16":"purchasable","17":"product-type-simple","18":"add-to-wishlist-before_image"},"acf":[],"yoast_head":"<!-- This site is optimized with the Yoast SEO Premium plugin v27.1 (Yoast SEO v27.5) - https:\/\/yoast.com\/product\/yoast-seo-premium-wordpress\/ -->\n<title>Ergysport Recup 60 C\u00e1psulas - Nutergia - Na Lifenatura ao Melhor Pre\u00e7o | Envio em 48h<\/title>\n<meta name=\"description\" content=\"Ergysport R\u00e9cup de Nutergia ayuda a la recuperaci\u00f3n muscular, reduce los calambres y la fatiga despu\u00e9s del ejercicio intenso, favorece el rendimiento f\u00edsico\" \/>\n<meta name=\"robots\" content=\"index, follow, max-snippet:-1, max-image-preview:large, max-video-preview:-1\" \/>\n<link rel=\"canonical\" href=\"https:\/\/www.lifenatura.com\/es\/produto\/ergysport-recup-60-capsulas-nutergia\/\" \/>\n<meta property=\"og:locale\" content=\"es_ES\" \/>\n<meta property=\"og:type\" content=\"article\" \/>\n<meta property=\"og:title\" content=\"Ergysport Recup 60 C\u00e1psulas - Nutergia - Na Lifenatura ao Melhor Pre\u00e7o | Envio 48h\" \/>\n<meta property=\"og:description\" content=\"Compre Ergysport Recup 60 C\u00e1psulas - Nutergia com envio r\u00e1pido. Entrega em 48h e portes gr\u00e1tis em compras &gt;35\u20ac. Aproveite j\u00e1 na Lifenatura\" \/>\n<meta property=\"og:url\" content=\"https:\/\/www.lifenatura.com\/es\/produto\/ergysport-recup-60-capsulas-nutergia\/\" \/>\n<meta property=\"og:site_name\" content=\"Lifenatura\" \/>\n<meta property=\"article:publisher\" content=\"https:\/\/www.facebook.com\/lifenatura\" \/>\n<meta property=\"article:modified_time\" content=\"2026-04-20T14:36:43+00:00\" \/>\n<meta property=\"og:image\" content=\"https:\/\/www.lifenatura.com\/wp-content\/uploads\/2025\/03\/ergysport-recup-nutergia.jpg\" \/>\n\t<meta property=\"og:image:width\" content=\"1000\" \/>\n\t<meta property=\"og:image:height\" content=\"1000\" \/>\n\t<meta property=\"og:image:type\" content=\"image\/jpeg\" \/>\n<meta name=\"twitter:card\" content=\"summary_large_image\" \/>\n<meta name=\"twitter:label1\" content=\"Precio\" \/>\n\t<meta name=\"twitter:data1\" content=\"16,59&nbsp;&euro;\" \/>\n\t<meta name=\"twitter:label2\" content=\"Disponibilidad\" \/>\n\t<meta name=\"twitter:data2\" content=\"Disponible\" \/>\n<script type=\"application\/ld+json\" class=\"yoast-schema-graph\">{\"@context\":\"https:\\\/\\\/schema.org\",\"@graph\":[{\"@type\":\"WebPage\",\"@id\":\"https:\\\/\\\/www.lifenatura.com\\\/es\\\/produto\\\/ergysport-recup-60-capsulas-nutergia\\\/\",\"url\":\"https:\\\/\\\/www.lifenatura.com\\\/es\\\/produto\\\/ergysport-recup-60-capsulas-nutergia\\\/\",\"name\":\"Ergysport Recup 60 C\u00e1psulas - Nutergia - Na Lifenatura ao Melhor Pre\u00e7o | Envio em 48h\",\"isPartOf\":{\"@id\":\"https:\\\/\\\/www.lifenatura.com\\\/es\\\/#website\"},\"primaryImageOfPage\":{\"@id\":\"https:\\\/\\\/www.lifenatura.com\\\/es\\\/produto\\\/ergysport-recup-60-capsulas-nutergia\\\/#primaryimage\"},\"image\":{\"@id\":\"https:\\\/\\\/www.lifenatura.com\\\/es\\\/produto\\\/ergysport-recup-60-capsulas-nutergia\\\/#primaryimage\"},\"thumbnailUrl\":\"https:\\\/\\\/www.lifenatura.com\\\/wp-content\\\/uploads\\\/2025\\\/03\\\/ergysport-recup-nutergia.jpg\",\"datePublished\":\"2025-03-17T14:59:20+00:00\",\"dateModified\":\"2026-04-20T14:36:43+00:00\",\"description\":\"Ergysport R\u00e9cup de Nutergia ayuda a la recuperaci\u00f3n muscular, reduce los calambres y la fatiga despu\u00e9s del ejercicio intenso, favorece el rendimiento f\u00edsico\",\"breadcrumb\":{\"@id\":\"https:\\\/\\\/www.lifenatura.com\\\/es\\\/produto\\\/ergysport-recup-60-capsulas-nutergia\\\/#breadcrumb\"},\"inLanguage\":\"es\",\"potentialAction\":[{\"@type\":\"ReadAction\",\"target\":[\"https:\\\/\\\/www.lifenatura.com\\\/es\\\/produto\\\/ergysport-recup-60-capsulas-nutergia\\\/\"]}]},{\"@type\":\"ImageObject\",\"inLanguage\":\"es\",\"@id\":\"https:\\\/\\\/www.lifenatura.com\\\/es\\\/produto\\\/ergysport-recup-60-capsulas-nutergia\\\/#primaryimage\",\"url\":\"https:\\\/\\\/www.lifenatura.com\\\/wp-content\\\/uploads\\\/2025\\\/03\\\/ergysport-recup-nutergia.jpg\",\"contentUrl\":\"https:\\\/\\\/www.lifenatura.com\\\/wp-content\\\/uploads\\\/2025\\\/03\\\/ergysport-recup-nutergia.jpg\",\"width\":1000,\"height\":1000,\"caption\":\"Ergysport recu de la marca Nutergia\"},{\"@type\":\"BreadcrumbList\",\"@id\":\"https:\\\/\\\/www.lifenatura.com\\\/es\\\/produto\\\/ergysport-recup-60-capsulas-nutergia\\\/#breadcrumb\",\"itemListElement\":[{\"@type\":\"ListItem\",\"position\":1,\"name\":\"In\u00edcio\",\"item\":\"https:\\\/\\\/www.lifenatura.com\\\/es\\\/\"},{\"@type\":\"ListItem\",\"position\":2,\"name\":\"Todos los Productos\",\"item\":\"https:\\\/\\\/www.lifenatura.com\\\/es\\\/tienda\\\/\"},{\"@type\":\"ListItem\",\"position\":3,\"name\":\"Ergysport Recup 60 C\u00e1psulas &#8211; Nutergia\"}]},{\"@type\":\"WebSite\",\"@id\":\"https:\\\/\\\/www.lifenatura.com\\\/es\\\/#website\",\"url\":\"https:\\\/\\\/www.lifenatura.com\\\/es\\\/\",\"name\":\"Lifenatura\",\"description\":\"A Lifenatura \u00e9 uma loja de produtos naturais, cosm\u00e9tica natural e alimenta\u00e7\u00e3o Biol\u00f3gica.\",\"publisher\":{\"@id\":\"https:\\\/\\\/www.lifenatura.com\\\/es\\\/#organization\"},\"potentialAction\":[{\"@type\":\"SearchAction\",\"target\":{\"@type\":\"EntryPoint\",\"urlTemplate\":\"https:\\\/\\\/www.lifenatura.com\\\/es\\\/?s={search_term_string}\"},\"query-input\":{\"@type\":\"PropertyValueSpecification\",\"valueRequired\":true,\"valueName\":\"search_term_string\"}}],\"inLanguage\":\"es\"},{\"@type\":\"Organization\",\"@id\":\"https:\\\/\\\/www.lifenatura.com\\\/es\\\/#organization\",\"name\":\"Lifenatura\",\"url\":\"https:\\\/\\\/www.lifenatura.com\\\/es\\\/\",\"logo\":{\"@type\":\"ImageObject\",\"inLanguage\":\"es\",\"@id\":\"https:\\\/\\\/www.lifenatura.com\\\/es\\\/#\\\/schema\\\/logo\\\/image\\\/\",\"url\":\"https:\\\/\\\/www.lifenatura.com\\\/wp-content\\\/uploads\\\/2021\\\/07\\\/logo.png\",\"contentUrl\":\"https:\\\/\\\/www.lifenatura.com\\\/wp-content\\\/uploads\\\/2021\\\/07\\\/logo.png\",\"width\":175,\"height\":55,\"caption\":\"Lifenatura\"},\"image\":{\"@id\":\"https:\\\/\\\/www.lifenatura.com\\\/es\\\/#\\\/schema\\\/logo\\\/image\\\/\"},\"sameAs\":[\"https:\\\/\\\/www.facebook.com\\\/lifenatura\",\"https:\\\/\\\/www.instagram.com\\\/lifenaturapt\\\/\"],\"hasMerchantReturnPolicy\":{\"@type\":\"MerchantReturnPolicy\",\"merchantReturnLink\":\"https:\\\/\\\/www.lifenatura.com\\\/termos-condicoes-lifenatura\\\/\"}}]}<\/script>\n<meta property=\"product:price:amount\" content=\"16.59\" \/>\n<meta property=\"product:price:currency\" content=\"EUR\" \/>\n<meta property=\"og:availability\" content=\"instock\" \/>\n<meta property=\"product:availability\" content=\"instock\" \/>\n<meta property=\"product:retailer_item_id\" content=\"8436031730517\" \/>\n<meta property=\"product:condition\" content=\"new\" \/>\n<!-- \/ Yoast SEO Premium plugin. -->","yoast_head_json":{"title":"Ergysport Recup 60 C\u00e1psulas - Nutergia - Na Lifenatura ao Melhor Pre\u00e7o | Envio em 48h","description":"Ergysport R\u00e9cup de Nutergia ayuda a la recuperaci\u00f3n muscular, reduce los calambres y la fatiga despu\u00e9s del ejercicio intenso, favorece el rendimiento f\u00edsico","robots":{"index":"index","follow":"follow","max-snippet":"max-snippet:-1","max-image-preview":"max-image-preview:large","max-video-preview":"max-video-preview:-1"},"canonical":"https:\/\/www.lifenatura.com\/es\/produto\/ergysport-recup-60-capsulas-nutergia\/","og_locale":"es_ES","og_type":"article","og_title":"Ergysport Recup 60 C\u00e1psulas - Nutergia - Na Lifenatura ao Melhor Pre\u00e7o | Envio 48h","og_description":"Compre Ergysport Recup 60 C\u00e1psulas - Nutergia com envio r\u00e1pido. Entrega em 48h e portes gr\u00e1tis em compras >35\u20ac. Aproveite j\u00e1 na Lifenatura","og_url":"https:\/\/www.lifenatura.com\/es\/produto\/ergysport-recup-60-capsulas-nutergia\/","og_site_name":"Lifenatura","article_publisher":"https:\/\/www.facebook.com\/lifenatura","article_modified_time":"2026-04-20T14:36:43+00:00","og_image":[{"width":1000,"height":1000,"url":"https:\/\/www.lifenatura.com\/wp-content\/uploads\/2025\/03\/ergysport-recup-nutergia.jpg","type":"image\/jpeg"}],"twitter_card":"summary_large_image","twitter_misc":{"Precio":"16,59&nbsp;&euro;","Disponibilidad":"Disponible"},"schema":{"@context":"https:\/\/schema.org","@graph":[{"@type":"WebPage","@id":"https:\/\/www.lifenatura.com\/es\/produto\/ergysport-recup-60-capsulas-nutergia\/","url":"https:\/\/www.lifenatura.com\/es\/produto\/ergysport-recup-60-capsulas-nutergia\/","name":"Ergysport Recup 60 C\u00e1psulas - Nutergia - Na Lifenatura ao Melhor Pre\u00e7o | Envio em 48h","isPartOf":{"@id":"https:\/\/www.lifenatura.com\/es\/#website"},"primaryImageOfPage":{"@id":"https:\/\/www.lifenatura.com\/es\/produto\/ergysport-recup-60-capsulas-nutergia\/#primaryimage"},"image":{"@id":"https:\/\/www.lifenatura.com\/es\/produto\/ergysport-recup-60-capsulas-nutergia\/#primaryimage"},"thumbnailUrl":"https:\/\/www.lifenatura.com\/wp-content\/uploads\/2025\/03\/ergysport-recup-nutergia.jpg","datePublished":"2025-03-17T14:59:20+00:00","dateModified":"2026-04-20T14:36:43+00:00","description":"Ergysport R\u00e9cup de Nutergia ayuda a la recuperaci\u00f3n muscular, reduce los calambres y la fatiga despu\u00e9s del ejercicio intenso, favorece el rendimiento f\u00edsico","breadcrumb":{"@id":"https:\/\/www.lifenatura.com\/es\/produto\/ergysport-recup-60-capsulas-nutergia\/#breadcrumb"},"inLanguage":"es","potentialAction":[{"@type":"ReadAction","target":["https:\/\/www.lifenatura.com\/es\/produto\/ergysport-recup-60-capsulas-nutergia\/"]}]},{"@type":"ImageObject","inLanguage":"es","@id":"https:\/\/www.lifenatura.com\/es\/produto\/ergysport-recup-60-capsulas-nutergia\/#primaryimage","url":"https:\/\/www.lifenatura.com\/wp-content\/uploads\/2025\/03\/ergysport-recup-nutergia.jpg","contentUrl":"https:\/\/www.lifenatura.com\/wp-content\/uploads\/2025\/03\/ergysport-recup-nutergia.jpg","width":1000,"height":1000,"caption":"Ergysport recu de la marca Nutergia"},{"@type":"BreadcrumbList","@id":"https:\/\/www.lifenatura.com\/es\/produto\/ergysport-recup-60-capsulas-nutergia\/#breadcrumb","itemListElement":[{"@type":"ListItem","position":1,"name":"In\u00edcio","item":"https:\/\/www.lifenatura.com\/es\/"},{"@type":"ListItem","position":2,"name":"Todos los Productos","item":"https:\/\/www.lifenatura.com\/es\/tienda\/"},{"@type":"ListItem","position":3,"name":"Ergysport Recup 60 C\u00e1psulas &#8211; Nutergia"}]},{"@type":"WebSite","@id":"https:\/\/www.lifenatura.com\/es\/#website","url":"https:\/\/www.lifenatura.com\/es\/","name":"Lifenatura","description":"A Lifenatura \u00e9 uma loja de produtos naturais, cosm\u00e9tica natural e alimenta\u00e7\u00e3o Biol\u00f3gica.","publisher":{"@id":"https:\/\/www.lifenatura.com\/es\/#organization"},"potentialAction":[{"@type":"SearchAction","target":{"@type":"EntryPoint","urlTemplate":"https:\/\/www.lifenatura.com\/es\/?s={search_term_string}"},"query-input":{"@type":"PropertyValueSpecification","valueRequired":true,"valueName":"search_term_string"}}],"inLanguage":"es"},{"@type":"Organization","@id":"https:\/\/www.lifenatura.com\/es\/#organization","name":"Lifenatura","url":"https:\/\/www.lifenatura.com\/es\/","logo":{"@type":"ImageObject","inLanguage":"es","@id":"https:\/\/www.lifenatura.com\/es\/#\/schema\/logo\/image\/","url":"https:\/\/www.lifenatura.com\/wp-content\/uploads\/2021\/07\/logo.png","contentUrl":"https:\/\/www.lifenatura.com\/wp-content\/uploads\/2021\/07\/logo.png","width":175,"height":55,"caption":"Lifenatura"},"image":{"@id":"https:\/\/www.lifenatura.com\/es\/#\/schema\/logo\/image\/"},"sameAs":["https:\/\/www.facebook.com\/lifenatura","https:\/\/www.instagram.com\/lifenaturapt\/"],"hasMerchantReturnPolicy":{"@type":"MerchantReturnPolicy","merchantReturnLink":"https:\/\/www.lifenatura.com\/termos-condicoes-lifenatura\/"}}]},"product_price_amount":"16.59","product_price_currency":"EUR","og_availability":"instock","product_availability":"instock","product_retailer_item_id":"8436031730517","product_condition":"new"},"df_price":16.59,"df_sale_price":16.59,"df_regular_price":20.73,"df_image_link":"https:\/\/www.lifenatura.com\/wp-content\/uploads\/2025\/03\/ergysport-recup-nutergia-300x300.jpg","_links":{"self":[{"href":"https:\/\/www.lifenatura.com\/es\/wp-json\/wp\/v2\/product\/108842","targetHints":{"allow":["GET"]}}],"collection":[{"href":"https:\/\/www.lifenatura.com\/es\/wp-json\/wp\/v2\/product"}],"about":[{"href":"https:\/\/www.lifenatura.com\/es\/wp-json\/wp\/v2\/types\/product"}],"wp:featuredmedia":[{"embeddable":true,"href":"https:\/\/www.lifenatura.com\/es\/wp-json\/wp\/v2\/media\/108640"}],"wp:attachment":[{"href":"https:\/\/www.lifenatura.com\/es\/wp-json\/wp\/v2\/media?parent=108842"}],"wp:term":[{"taxonomy":"product_brand","embeddable":true,"href":"https:\/\/www.lifenatura.com\/es\/wp-json\/wp\/v2\/product_brand?post=108842"},{"taxonomy":"product_cat","embeddable":true,"href":"https:\/\/www.lifenatura.com\/es\/wp-json\/wp\/v2\/product_cat?post=108842"},{"taxonomy":"product_tag","embeddable":true,"href":"https:\/\/www.lifenatura.com\/es\/wp-json\/wp\/v2\/product_tag?post=108842"}],"curies":[{"name":"wp","href":"https:\/\/api.w.org\/{rel}","templated":true}]}}