{"id":108841,"date":"2025-03-17T14:51:10","date_gmt":"2025-03-17T14:51:10","guid":{"rendered":"https:\/\/www.lifenatura.com\/produto\/ergysport-oligomax-250ml-nutergia\/"},"modified":"2026-04-20T14:36:44","modified_gmt":"2026-04-20T14:36:44","slug":"ergysport-oligomax-250ml-nutergia","status":"publish","type":"product","link":"https:\/\/www.lifenatura.com\/es\/produto\/ergysport-oligomax-250ml-nutergia\/","title":{"rendered":"Ergysport Oligomax 250ml &#8211; Nutergia"},"content":{"rendered":"<h2 style=\"text-align: left;\" data-start=\"0\" data-end=\"86\"><strong>Ergysport Oligomax de Nutergia: Reposici\u00f3n Mineral para un Rendimiento \u00d3ptimo<\/strong><\/h2>\n<p>&nbsp;<\/p>\n<p data-start=\"110\" data-end=\"305\"><span class=\"relative -mx-px my-[-0.2rem] rounded px-px py-[0.2rem]\"><strong data-start=\"2\" data-end=\"24\">Ergysport Oligomax<\/strong> de Nutergia es un complemento alimenticio dise\u00f1ado para reponer los minerales y oligoelementos perdidos durante la actividad f\u00edsica intensa.<\/span> <span class=\"relative -mx-px my-[-0.2rem] rounded px-px py-[0.2rem]\">Su f\u00f3rmula combina una soluci\u00f3n acuosa de oligoelementos procedentes de agua de mar concentrada sin sodio y extracto estandarizado de lithothamnium, un alga roja rica en minerales.<\/span><\/p>\n<p data-start=\"110\" data-end=\"305\"><span class=\"relative -mx-px my-[-0.2rem] rounded px-px py-[0.2rem]\">Este suplemento est\u00e1 enriquecido con magnesio, zinc, cobre, selenio, cromo y molibdeno, nutrientes esenciales que contribuyen al bienestar general del deportista y optimizan el rendimiento muscular.<\/span><\/p>\n<p data-start=\"110\" data-end=\"305\"><strong data-start=\"307\" data-end=\"333\">Principales ventajas:<\/strong><\/p>\n<ul data-start=\"335\" data-end=\"971\">\n<li data-start=\"335\" data-end=\"454\">\n<p data-start=\"337\" data-end=\"454\"><strong data-start=\"337\" data-end=\"372\">Reponer los minerales perdidos:<\/strong> <span class=\"relative -mx-px my-[-0.2rem] rounded px-px py-[0.2rem]\">Durante el ejercicio f\u00edsico, se produce una p\u00e9rdida importante de minerales a trav\u00e9s del sudor y la orina. El Ergysport Oligomax ayuda a compensar estas p\u00e9rdidas, garantizando el equilibrio mineral necesario para el buen funcionamiento del organismo. <\/span><\/p>\n<\/li>\n<li data-start=\"456\" data-end=\"578\">\n<p data-start=\"458\" data-end=\"578\"><strong data-start=\"458\" data-end=\"496\">Apoyo al metabolismo energ\u00e9tico:<\/strong> <span class=\"relative -mx-px my-[-0.2rem] rounded px-px py-[0.2rem]\">El manganeso y el cobre presentes en la f\u00f3rmula contribuyen al metabolismo energ\u00e9tico normal, que es esencial para la producci\u00f3n de energ\u00eda durante el esfuerzo f\u00edsico.<\/span><\/p>\n<\/li>\n<li data-start=\"580\" data-end=\"700\">\n<p data-start=\"582\" data-end=\"700\"><strong data-start=\"582\" data-end=\"616\">Mantenimiento de la funci\u00f3n muscular:<\/strong> <span class=\"relative -mx-px my-[-0.2rem] rounded px-px py-[0.2rem]\">El magnesio es esencial para la funci\u00f3n muscular normal y ayuda a reducir la fatiga, permitiendo una recuperaci\u00f3n m\u00e1s eficaz despu\u00e9s del ejercicio.<\/span><\/p>\n<\/li>\n<li data-start=\"702\" data-end=\"840\">\n<p data-start=\"704\" data-end=\"840\"><strong data-start=\"704\" data-end=\"754\">Equilibrar el metabolismo de los macronutrientes:<\/strong> <span class=\"relative -mx-px my-[-0.2rem] rounded px-px py-[0.2rem]\">El zinc y el cromo desempe\u00f1an un papel crucial en el metabolismo de los hidratos de carbono, los l\u00edpidos y las prote\u00ednas, ayudando a mantener los niveles normales de az\u00facar en sangre y la s\u00edntesis de prote\u00ednas.<\/span><\/p>\n<\/li>\n<li data-start=\"842\" data-end=\"971\">\n<p data-start=\"844\" data-end=\"971\"><strong data-start=\"844\" data-end=\"885\">Refuerzo del sistema inmunitario:<\/strong> <span class=\"relative -mx-px my-[-0.2rem] rounded px-px py-[0.2rem]\">El zinc contribuye al buen funcionamiento del sistema inmunitario, que es esencial para los deportistas sometidos a entrenamientos intensos y que necesitan unas defensas corporales robustas.<\/span><\/p>\n<\/li>\n<\/ul>\n<p data-start=\"973\" data-end=\"991\"><strong data-start=\"973\" data-end=\"991\">Adecuado para:<\/strong><\/p>\n<ul data-start=\"993\" data-end=\"1364\">\n<li data-start=\"993\" data-end=\"1108\">\n<p data-start=\"995\" data-end=\"1108\"><strong data-start=\"995\" data-end=\"1022\">Atletas y deportistas:<\/strong> <span class=\"relative -mx-px my-[-0.2rem] rounded px-px py-[0.2rem]\">que necesitan reponer los minerales y oligoelementos perdidos durante los entrenamientos intensos o las competiciones, garantizando un rendimiento optimizado y una recuperaci\u00f3n adecuada.<\/span><\/p>\n<\/li>\n<li data-start=\"1110\" data-end=\"1244\">\n<p data-start=\"1112\" data-end=\"1244\"><strong data-start=\"1112\" data-end=\"1158\">Personas con p\u00e9rdidas marcadas de minerales:<\/strong> <span class=\"relative -mx-px my-[-0.2rem] rounded px-px py-[0.2rem]\">Personas que, debido a condiciones espec\u00edficas o a una actividad f\u00edsica intensa, tienen p\u00e9rdidas importantes de minerales a trav\u00e9s del sudor o la orina.<\/span><\/p>\n<\/li>\n<li data-start=\"1246\" data-end=\"1364\">\n<p data-start=\"1248\" data-end=\"1364\"><strong data-start=\"1248\" data-end=\"1278\">Personas sometidas a estr\u00e9s f\u00edsico:<\/strong> <span class=\"relative -mx-px my-[-0.2rem] rounded px-px py-[0.2rem]\">Personas sometidas a altos niveles de estr\u00e9s f\u00edsico y que necesitan apoyo adicional para mantener el equilibrio mineral y el bienestar general.<\/span><\/p>\n<\/li>\n<\/ul>\n<p>El Ergysport Oligomax aporta todos los minerales y oligoelementos esenciales en una forma que el organismo asimila directa y f\u00e1cilmente. Es una bebida que compensa las p\u00e9rdidas de minerales (sudor, orina, estr\u00e9s, etc.) y ayuda durante los periodos de recuperaci\u00f3n. Esta soluci\u00f3n, rica en oligoelementos y electrolitos, est\u00e1 especialmente indicada para los periodos de recuperaci\u00f3n.<\/p>\n<p><strong>PRESENTACI\u00d3N<\/strong><\/p>\n<p>250 ml<\/p>\n<p>&nbsp;<\/p>\n","protected":false},"excerpt":{"rendered":"<p>Ergysport Oligomax de Nutergia repone los minerales esenciales perdidos durante la actividad f\u00edsica, favoreciendo el rendimiento muscular y el bienestar del deportista. [&#8230;]<\/p>\n<p><a class=\"btn btn-secondary understrap-read-more-link\" href=\"https:\/\/www.lifenatura.com\/es\/produto\/ergysport-oligomax-250ml-nutergia\/\">Leer m\u00e1s&#8230;<span class=\"screen-reader-text\"> from Ergysport Oligomax 250ml &#8211; Nutergia<\/span><\/a><\/p>\n","protected":false},"featured_media":108637,"template":"","meta":{"_acf_changed":false},"product_brand":[8427],"product_cat":[7172,7174,7293],"product_tag":[8726],"class_list":{"0":"post-108841","1":"product","2":"type-product","3":"status-publish","4":"has-post-thumbnail","6":"product_brand-nutergia","7":"product_cat-bebida-isotonica-nutricion","8":"product_cat-fuerza-y-recuperacion","9":"product_cat-nutricion-deportiva","10":"product_tag-nutergia","12":"first","13":"instock","14":"sale","15":"featured","16":"shipping-taxable","17":"purchasable","18":"product-type-simple","19":"add-to-wishlist-before_image"},"acf":[],"yoast_head":"<!-- This site is optimized with the Yoast SEO Premium plugin v27.1 (Yoast SEO v27.5) - https:\/\/yoast.com\/product\/yoast-seo-premium-wordpress\/ -->\n<title>Ergysport Oligomax 250ml - Nutergia - Na Lifenatura ao Melhor Pre\u00e7o | Envio em 48h<\/title>\n<meta name=\"description\" content=\"Ergysport Oligomax de Nutergia repone los minerales esenciales perdidos durante la actividad f\u00edsica, favoreciendo el rendimiento muscular.\" \/>\n<meta name=\"robots\" content=\"index, follow, max-snippet:-1, max-image-preview:large, max-video-preview:-1\" \/>\n<link rel=\"canonical\" href=\"https:\/\/www.lifenatura.com\/es\/produto\/ergysport-oligomax-250ml-nutergia\/\" \/>\n<meta property=\"og:locale\" content=\"es_ES\" \/>\n<meta property=\"og:type\" content=\"article\" \/>\n<meta property=\"og:title\" content=\"Ergysport Oligomax 250ml - Nutergia - Na Lifenatura ao Melhor Pre\u00e7o | Envio 48h\" \/>\n<meta property=\"og:description\" content=\"Compre Ergysport Oligomax 250ml - Nutergia com envio r\u00e1pido. Entrega em 48h e portes gr\u00e1tis em compras &gt;35\u20ac. Aproveite j\u00e1 na Lifenatura\" \/>\n<meta property=\"og:url\" content=\"https:\/\/www.lifenatura.com\/es\/produto\/ergysport-oligomax-250ml-nutergia\/\" \/>\n<meta property=\"og:site_name\" content=\"Lifenatura\" \/>\n<meta property=\"article:publisher\" content=\"https:\/\/www.facebook.com\/lifenatura\" \/>\n<meta property=\"article:modified_time\" content=\"2026-04-20T14:36:44+00:00\" \/>\n<meta property=\"og:image\" content=\"https:\/\/www.lifenatura.com\/wp-content\/uploads\/2025\/03\/ergysport-oligomax-nutergia.jpg\" \/>\n\t<meta property=\"og:image:width\" content=\"1000\" \/>\n\t<meta property=\"og:image:height\" content=\"1000\" \/>\n\t<meta property=\"og:image:type\" content=\"image\/jpeg\" \/>\n<meta name=\"twitter:card\" content=\"summary_large_image\" \/>\n<meta name=\"twitter:label1\" content=\"Precio\" \/>\n\t<meta name=\"twitter:data1\" content=\"16,59&nbsp;&euro;\" \/>\n\t<meta name=\"twitter:label2\" content=\"Disponibilidad\" \/>\n\t<meta name=\"twitter:data2\" content=\"Disponible\" \/>\n<script type=\"application\/ld+json\" class=\"yoast-schema-graph\">{\"@context\":\"https:\\\/\\\/schema.org\",\"@graph\":[{\"@type\":\"WebPage\",\"@id\":\"https:\\\/\\\/www.lifenatura.com\\\/es\\\/produto\\\/ergysport-oligomax-250ml-nutergia\\\/\",\"url\":\"https:\\\/\\\/www.lifenatura.com\\\/es\\\/produto\\\/ergysport-oligomax-250ml-nutergia\\\/\",\"name\":\"Ergysport Oligomax 250ml - Nutergia - Na Lifenatura ao Melhor Pre\u00e7o | Envio em 48h\",\"isPartOf\":{\"@id\":\"https:\\\/\\\/www.lifenatura.com\\\/es\\\/#website\"},\"primaryImageOfPage\":{\"@id\":\"https:\\\/\\\/www.lifenatura.com\\\/es\\\/produto\\\/ergysport-oligomax-250ml-nutergia\\\/#primaryimage\"},\"image\":{\"@id\":\"https:\\\/\\\/www.lifenatura.com\\\/es\\\/produto\\\/ergysport-oligomax-250ml-nutergia\\\/#primaryimage\"},\"thumbnailUrl\":\"https:\\\/\\\/www.lifenatura.com\\\/wp-content\\\/uploads\\\/2025\\\/03\\\/ergysport-oligomax-nutergia.jpg\",\"datePublished\":\"2025-03-17T14:51:10+00:00\",\"dateModified\":\"2026-04-20T14:36:44+00:00\",\"description\":\"Ergysport Oligomax de Nutergia repone los minerales esenciales perdidos durante la actividad f\u00edsica, favoreciendo el rendimiento muscular.\",\"breadcrumb\":{\"@id\":\"https:\\\/\\\/www.lifenatura.com\\\/es\\\/produto\\\/ergysport-oligomax-250ml-nutergia\\\/#breadcrumb\"},\"inLanguage\":\"es\",\"potentialAction\":[{\"@type\":\"ReadAction\",\"target\":[\"https:\\\/\\\/www.lifenatura.com\\\/es\\\/produto\\\/ergysport-oligomax-250ml-nutergia\\\/\"]}]},{\"@type\":\"ImageObject\",\"inLanguage\":\"es\",\"@id\":\"https:\\\/\\\/www.lifenatura.com\\\/es\\\/produto\\\/ergysport-oligomax-250ml-nutergia\\\/#primaryimage\",\"url\":\"https:\\\/\\\/www.lifenatura.com\\\/wp-content\\\/uploads\\\/2025\\\/03\\\/ergysport-oligomax-nutergia.jpg\",\"contentUrl\":\"https:\\\/\\\/www.lifenatura.com\\\/wp-content\\\/uploads\\\/2025\\\/03\\\/ergysport-oligomax-nutergia.jpg\",\"width\":1000,\"height\":1000,\"caption\":\"Ergysport Oligomax de Nutergia\"},{\"@type\":\"BreadcrumbList\",\"@id\":\"https:\\\/\\\/www.lifenatura.com\\\/es\\\/produto\\\/ergysport-oligomax-250ml-nutergia\\\/#breadcrumb\",\"itemListElement\":[{\"@type\":\"ListItem\",\"position\":1,\"name\":\"In\u00edcio\",\"item\":\"https:\\\/\\\/www.lifenatura.com\\\/es\\\/\"},{\"@type\":\"ListItem\",\"position\":2,\"name\":\"Todos los Productos\",\"item\":\"https:\\\/\\\/www.lifenatura.com\\\/es\\\/tienda\\\/\"},{\"@type\":\"ListItem\",\"position\":3,\"name\":\"Ergysport Oligomax 250ml &#8211; Nutergia\"}]},{\"@type\":\"WebSite\",\"@id\":\"https:\\\/\\\/www.lifenatura.com\\\/es\\\/#website\",\"url\":\"https:\\\/\\\/www.lifenatura.com\\\/es\\\/\",\"name\":\"Lifenatura\",\"description\":\"A Lifenatura \u00e9 uma loja de produtos naturais, cosm\u00e9tica natural e alimenta\u00e7\u00e3o Biol\u00f3gica.\",\"publisher\":{\"@id\":\"https:\\\/\\\/www.lifenatura.com\\\/es\\\/#organization\"},\"potentialAction\":[{\"@type\":\"SearchAction\",\"target\":{\"@type\":\"EntryPoint\",\"urlTemplate\":\"https:\\\/\\\/www.lifenatura.com\\\/es\\\/?s={search_term_string}\"},\"query-input\":{\"@type\":\"PropertyValueSpecification\",\"valueRequired\":true,\"valueName\":\"search_term_string\"}}],\"inLanguage\":\"es\"},{\"@type\":\"Organization\",\"@id\":\"https:\\\/\\\/www.lifenatura.com\\\/es\\\/#organization\",\"name\":\"Lifenatura\",\"url\":\"https:\\\/\\\/www.lifenatura.com\\\/es\\\/\",\"logo\":{\"@type\":\"ImageObject\",\"inLanguage\":\"es\",\"@id\":\"https:\\\/\\\/www.lifenatura.com\\\/es\\\/#\\\/schema\\\/logo\\\/image\\\/\",\"url\":\"https:\\\/\\\/www.lifenatura.com\\\/wp-content\\\/uploads\\\/2021\\\/07\\\/logo.png\",\"contentUrl\":\"https:\\\/\\\/www.lifenatura.com\\\/wp-content\\\/uploads\\\/2021\\\/07\\\/logo.png\",\"width\":175,\"height\":55,\"caption\":\"Lifenatura\"},\"image\":{\"@id\":\"https:\\\/\\\/www.lifenatura.com\\\/es\\\/#\\\/schema\\\/logo\\\/image\\\/\"},\"sameAs\":[\"https:\\\/\\\/www.facebook.com\\\/lifenatura\",\"https:\\\/\\\/www.instagram.com\\\/lifenaturapt\\\/\"],\"hasMerchantReturnPolicy\":{\"@type\":\"MerchantReturnPolicy\",\"merchantReturnLink\":\"https:\\\/\\\/www.lifenatura.com\\\/termos-condicoes-lifenatura\\\/\"}}]}<\/script>\n<meta property=\"product:price:amount\" content=\"16.59\" \/>\n<meta property=\"product:price:currency\" content=\"EUR\" \/>\n<meta property=\"og:availability\" content=\"instock\" \/>\n<meta property=\"product:availability\" content=\"instock\" \/>\n<meta property=\"product:retailer_item_id\" content=\"8436031730555\" \/>\n<meta property=\"product:condition\" content=\"new\" \/>\n<!-- \/ Yoast SEO Premium plugin. -->","yoast_head_json":{"title":"Ergysport Oligomax 250ml - Nutergia - Na Lifenatura ao Melhor Pre\u00e7o | Envio em 48h","description":"Ergysport Oligomax de Nutergia repone los minerales esenciales perdidos durante la actividad f\u00edsica, favoreciendo el rendimiento muscular.","robots":{"index":"index","follow":"follow","max-snippet":"max-snippet:-1","max-image-preview":"max-image-preview:large","max-video-preview":"max-video-preview:-1"},"canonical":"https:\/\/www.lifenatura.com\/es\/produto\/ergysport-oligomax-250ml-nutergia\/","og_locale":"es_ES","og_type":"article","og_title":"Ergysport Oligomax 250ml - Nutergia - Na Lifenatura ao Melhor Pre\u00e7o | Envio 48h","og_description":"Compre Ergysport Oligomax 250ml - Nutergia com envio r\u00e1pido. Entrega em 48h e portes gr\u00e1tis em compras >35\u20ac. Aproveite j\u00e1 na Lifenatura","og_url":"https:\/\/www.lifenatura.com\/es\/produto\/ergysport-oligomax-250ml-nutergia\/","og_site_name":"Lifenatura","article_publisher":"https:\/\/www.facebook.com\/lifenatura","article_modified_time":"2026-04-20T14:36:44+00:00","og_image":[{"width":1000,"height":1000,"url":"https:\/\/www.lifenatura.com\/wp-content\/uploads\/2025\/03\/ergysport-oligomax-nutergia.jpg","type":"image\/jpeg"}],"twitter_card":"summary_large_image","twitter_misc":{"Precio":"16,59&nbsp;&euro;","Disponibilidad":"Disponible"},"schema":{"@context":"https:\/\/schema.org","@graph":[{"@type":"WebPage","@id":"https:\/\/www.lifenatura.com\/es\/produto\/ergysport-oligomax-250ml-nutergia\/","url":"https:\/\/www.lifenatura.com\/es\/produto\/ergysport-oligomax-250ml-nutergia\/","name":"Ergysport Oligomax 250ml - Nutergia - Na Lifenatura ao Melhor Pre\u00e7o | Envio em 48h","isPartOf":{"@id":"https:\/\/www.lifenatura.com\/es\/#website"},"primaryImageOfPage":{"@id":"https:\/\/www.lifenatura.com\/es\/produto\/ergysport-oligomax-250ml-nutergia\/#primaryimage"},"image":{"@id":"https:\/\/www.lifenatura.com\/es\/produto\/ergysport-oligomax-250ml-nutergia\/#primaryimage"},"thumbnailUrl":"https:\/\/www.lifenatura.com\/wp-content\/uploads\/2025\/03\/ergysport-oligomax-nutergia.jpg","datePublished":"2025-03-17T14:51:10+00:00","dateModified":"2026-04-20T14:36:44+00:00","description":"Ergysport Oligomax de Nutergia repone los minerales esenciales perdidos durante la actividad f\u00edsica, favoreciendo el rendimiento muscular.","breadcrumb":{"@id":"https:\/\/www.lifenatura.com\/es\/produto\/ergysport-oligomax-250ml-nutergia\/#breadcrumb"},"inLanguage":"es","potentialAction":[{"@type":"ReadAction","target":["https:\/\/www.lifenatura.com\/es\/produto\/ergysport-oligomax-250ml-nutergia\/"]}]},{"@type":"ImageObject","inLanguage":"es","@id":"https:\/\/www.lifenatura.com\/es\/produto\/ergysport-oligomax-250ml-nutergia\/#primaryimage","url":"https:\/\/www.lifenatura.com\/wp-content\/uploads\/2025\/03\/ergysport-oligomax-nutergia.jpg","contentUrl":"https:\/\/www.lifenatura.com\/wp-content\/uploads\/2025\/03\/ergysport-oligomax-nutergia.jpg","width":1000,"height":1000,"caption":"Ergysport Oligomax de Nutergia"},{"@type":"BreadcrumbList","@id":"https:\/\/www.lifenatura.com\/es\/produto\/ergysport-oligomax-250ml-nutergia\/#breadcrumb","itemListElement":[{"@type":"ListItem","position":1,"name":"In\u00edcio","item":"https:\/\/www.lifenatura.com\/es\/"},{"@type":"ListItem","position":2,"name":"Todos los Productos","item":"https:\/\/www.lifenatura.com\/es\/tienda\/"},{"@type":"ListItem","position":3,"name":"Ergysport Oligomax 250ml &#8211; Nutergia"}]},{"@type":"WebSite","@id":"https:\/\/www.lifenatura.com\/es\/#website","url":"https:\/\/www.lifenatura.com\/es\/","name":"Lifenatura","description":"A Lifenatura \u00e9 uma loja de produtos naturais, cosm\u00e9tica natural e alimenta\u00e7\u00e3o Biol\u00f3gica.","publisher":{"@id":"https:\/\/www.lifenatura.com\/es\/#organization"},"potentialAction":[{"@type":"SearchAction","target":{"@type":"EntryPoint","urlTemplate":"https:\/\/www.lifenatura.com\/es\/?s={search_term_string}"},"query-input":{"@type":"PropertyValueSpecification","valueRequired":true,"valueName":"search_term_string"}}],"inLanguage":"es"},{"@type":"Organization","@id":"https:\/\/www.lifenatura.com\/es\/#organization","name":"Lifenatura","url":"https:\/\/www.lifenatura.com\/es\/","logo":{"@type":"ImageObject","inLanguage":"es","@id":"https:\/\/www.lifenatura.com\/es\/#\/schema\/logo\/image\/","url":"https:\/\/www.lifenatura.com\/wp-content\/uploads\/2021\/07\/logo.png","contentUrl":"https:\/\/www.lifenatura.com\/wp-content\/uploads\/2021\/07\/logo.png","width":175,"height":55,"caption":"Lifenatura"},"image":{"@id":"https:\/\/www.lifenatura.com\/es\/#\/schema\/logo\/image\/"},"sameAs":["https:\/\/www.facebook.com\/lifenatura","https:\/\/www.instagram.com\/lifenaturapt\/"],"hasMerchantReturnPolicy":{"@type":"MerchantReturnPolicy","merchantReturnLink":"https:\/\/www.lifenatura.com\/termos-condicoes-lifenatura\/"}}]},"product_price_amount":"16.59","product_price_currency":"EUR","og_availability":"instock","product_availability":"instock","product_retailer_item_id":"8436031730555","product_condition":"new"},"df_price":16.59,"df_sale_price":16.59,"df_regular_price":20.73,"df_image_link":"https:\/\/www.lifenatura.com\/wp-content\/uploads\/2025\/03\/ergysport-oligomax-nutergia-300x300.jpg","_links":{"self":[{"href":"https:\/\/www.lifenatura.com\/es\/wp-json\/wp\/v2\/product\/108841","targetHints":{"allow":["GET"]}}],"collection":[{"href":"https:\/\/www.lifenatura.com\/es\/wp-json\/wp\/v2\/product"}],"about":[{"href":"https:\/\/www.lifenatura.com\/es\/wp-json\/wp\/v2\/types\/product"}],"wp:featuredmedia":[{"embeddable":true,"href":"https:\/\/www.lifenatura.com\/es\/wp-json\/wp\/v2\/media\/108637"}],"wp:attachment":[{"href":"https:\/\/www.lifenatura.com\/es\/wp-json\/wp\/v2\/media?parent=108841"}],"wp:term":[{"taxonomy":"product_brand","embeddable":true,"href":"https:\/\/www.lifenatura.com\/es\/wp-json\/wp\/v2\/product_brand?post=108841"},{"taxonomy":"product_cat","embeddable":true,"href":"https:\/\/www.lifenatura.com\/es\/wp-json\/wp\/v2\/product_cat?post=108841"},{"taxonomy":"product_tag","embeddable":true,"href":"https:\/\/www.lifenatura.com\/es\/wp-json\/wp\/v2\/product_tag?post=108841"}],"curies":[{"name":"wp","href":"https:\/\/api.w.org\/{rel}","templated":true}]}}