{"id":108840,"date":"2025-03-19T22:58:46","date_gmt":"2025-03-19T22:58:46","guid":{"rendered":"https:\/\/www.lifenatura.com\/produto\/orthomol-intenso-capilar-60-capsulas\/"},"modified":"2025-03-20T18:37:39","modified_gmt":"2025-03-20T18:37:39","slug":"orthomol-intenso-capilar-60-capsulas","status":"publish","type":"product","link":"https:\/\/www.lifenatura.com\/es\/produto\/orthomol-intenso-capilar-60-capsulas\/","title":{"rendered":"Orthomol Intenso Capilar 60 C\u00e1psulas"},"content":{"rendered":"<h3 data-start=\"0\" data-end=\"81\">Orthomol Hair Intense: Suplemento nutricional para un cabello fuerte y sano<\/h3>\n<p>&nbsp;<\/p>\n<p data-start=\"105\" data-end=\"453\"><strong data-start=\"107\" data-end=\"132\">Orthomol Capilar Intenso<\/strong> es un complemento alimenticio dise\u00f1ado para fortalecer el cabello desde la ra\u00edz, fomentando un crecimiento sano y reduciendo la ca\u00edda. Su f\u00f3rmula innovadora combina nutrientes esenciales, como queratina, col\u00e1geno, biotina, zinc y cobre, que act\u00faan sobre la estructura del cabello, aport\u00e1ndole fuerza, brillo y vitalidad.<\/p>\n<p data-start=\"455\" data-end=\"751\">La exposici\u00f3n diaria a factores como el estr\u00e9s, la contaminaci\u00f3n, la radiaci\u00f3n UV y las deficiencias nutricionales pueden comprometer la salud del cabello, haci\u00e9ndolo m\u00e1s fr\u00e1gil y quebradizo. Orthomol Capilar Intenso ofrece un apoyo nutricional completo para revitalizar el cabello, fortaleci\u00e9ndolo desde el interior.<\/p>\n<p data-start=\"753\" data-end=\"779\"><strong data-start=\"753\" data-end=\"779\">Principales ventajas:<\/strong><\/p>\n<ul data-start=\"781\" data-end=\"1509\">\n<li data-start=\"781\" data-end=\"935\"><strong data-start=\"783\" data-end=\"812\">Fortalecer el cabello: la<\/strong> queratina y el col\u00e1geno son componentes esenciales de la estructura capilar, que dan fuerza y elasticidad a las hebras.<\/li>\n<li data-start=\"936\" data-end=\"1077\"><strong data-start=\"938\" data-end=\"967\">Reducci\u00f3n de la ca\u00edda del cabello:<\/strong> la biotina, combinada con el zinc y el cobre, ayuda a fortalecer las ra\u00edces del cabello y a prevenir su ca\u00edda excesiva.<\/li>\n<li data-start=\"1078\" data-end=\"1213\"><strong data-start=\"1080\" data-end=\"1104\">Brillo y vitalidad:<\/strong> La combinaci\u00f3n de antioxidantes y minerales esenciales favorece un cabello m\u00e1s sano con un brillo natural.<\/li>\n<li data-start=\"1214\" data-end=\"1371\"><strong data-start=\"1216\" data-end=\"1255\">Protecci\u00f3n contra las agresiones externas:<\/strong> Los ingredientes activos ayudan a proteger el cabello de los da\u00f1os causados por el estr\u00e9s medioambiental, la contaminaci\u00f3n y la radiaci\u00f3n UV.<\/li>\n<li data-start=\"1372\" data-end=\"1509\"><strong data-start=\"1374\" data-end=\"1410\">Favorece un crecimiento sano:<\/strong> Estimula la producci\u00f3n natural de queratina y col\u00e1geno, favoreciendo un cabello m\u00e1s grueso y resistente.<\/li>\n<\/ul>\n<p data-start=\"1511\" data-end=\"1529\"><strong data-start=\"1511\" data-end=\"1529\">Adecuado para:<\/strong><\/p>\n<ul data-start=\"1531\" data-end=\"1869\">\n<li data-start=\"1531\" data-end=\"1598\">Personas con p\u00e9rdida excesiva o escasez de cabello.<\/li>\n<li data-start=\"1599\" data-end=\"1693\">Personas que desean fortalecer y revitalizar su cabello, promoviendo un crecimiento sano.<\/li>\n<li data-start=\"1694\" data-end=\"1768\">Cualquiera que busque un complemento de belleza completo para el cabello, la piel y las u\u00f1as.<\/li>\n<li data-start=\"1769\" data-end=\"1869\">Personas expuestas a factores que afectan a la salud capilar, como el estr\u00e9s, la contaminaci\u00f3n y las dietas restrictivas.<\/li>\n<\/ul>\n<p data-start=\"1871\" data-end=\"1890\"><strong>PRESENTACI\u00d3N<\/strong><\/p>\n<p data-start=\"1871\" data-end=\"1890\">60 c\u00e1psulas<\/p>\n<p data-start=\"1871\" data-end=\"1890\">\n","protected":false},"excerpt":{"rendered":"<p>Orthomol Capilar Intenso est\u00e1 formulado con queratina, col\u00e1geno y biotina para fortalecer el cabello, reducir su ca\u00edda y favorecer un crecimiento sano. [&#8230;]<\/p>\n<p><a class=\"btn btn-secondary understrap-read-more-link\" href=\"https:\/\/www.lifenatura.com\/es\/produto\/orthomol-intenso-capilar-60-capsulas\/\">Leer m\u00e1s&#8230;<span class=\"screen-reader-text\"> from Orthomol Intenso Capilar 60 C\u00e1psulas<\/span><\/a><\/p>\n","protected":false},"featured_media":108813,"template":"","meta":{"_acf_changed":false},"product_brand":[8418],"product_cat":[7237,7179,7883],"product_tag":[],"class_list":{"0":"post-108840","1":"product","2":"type-product","3":"status-publish","4":"has-post-thumbnail","6":"product_brand-orthomol","7":"product_cat-pelo-unas","8":"product_cat-salud","9":"product_cat-suplementos-alimenticios","11":"first","12":"outofstock","13":"shipping-taxable","14":"purchasable","15":"product-type-simple","16":"add-to-wishlist-before_image"},"acf":[],"yoast_head":"<!-- This site is optimized with the Yoast SEO Premium plugin v27.1 (Yoast SEO v27.3) - https:\/\/yoast.com\/product\/yoast-seo-premium-wordpress\/ -->\n<title>Orthomol Intenso Capilar 60 C\u00e1psulas - Lifenatura<\/title>\n<meta name=\"description\" content=\"Orthomol Capilar Intenso est\u00e1 formulado con queratina, col\u00e1geno y biotina para fortalecer el cabello, reducir su ca\u00edda y favorecer un crecimiento sano.\" \/>\n<meta name=\"robots\" content=\"index, follow, max-snippet:-1, max-image-preview:large, max-video-preview:-1\" \/>\n<link rel=\"canonical\" href=\"https:\/\/www.lifenatura.com\/es\/produto\/orthomol-intenso-capilar-60-capsulas\/\" \/>\n<meta property=\"og:locale\" content=\"es_ES\" \/>\n<meta property=\"og:type\" content=\"article\" \/>\n<meta property=\"og:title\" content=\"Orthomol Intenso Capilar 60 C\u00e1psulas - Lifenatura\" \/>\n<meta property=\"og:description\" content=\"Compre aqui o seu Orthomol Intenso Capilar 60 C\u00e1psulas e a Lifenatura Online envia em 48 H com Portes Gratis &gt;35\u20ac de Pedido.\" \/>\n<meta property=\"og:url\" content=\"https:\/\/www.lifenatura.com\/es\/produto\/orthomol-intenso-capilar-60-capsulas\/\" \/>\n<meta property=\"og:site_name\" content=\"Lifenatura\" \/>\n<meta property=\"article:publisher\" content=\"https:\/\/www.facebook.com\/lifenatura\" \/>\n<meta property=\"article:modified_time\" content=\"2025-03-20T18:37:39+00:00\" \/>\n<meta property=\"og:image\" content=\"https:\/\/www.lifenatura.com\/wp-content\/uploads\/2025\/03\/orthomol-hair-intense-caps.jpg\" \/>\n\t<meta property=\"og:image:width\" content=\"1000\" \/>\n\t<meta property=\"og:image:height\" content=\"1000\" \/>\n\t<meta property=\"og:image:type\" content=\"image\/jpeg\" \/>\n<meta name=\"twitter:card\" content=\"summary_large_image\" \/>\n<meta name=\"twitter:label1\" content=\"Precio\" \/>\n\t<meta name=\"twitter:data1\" content=\"37,95&nbsp;&euro;\" \/>\n\t<meta name=\"twitter:label2\" content=\"Disponibilidad\" \/>\n\t<meta name=\"twitter:data2\" content=\"Sin existencias\" \/>\n<meta property=\"product:price:amount\" content=\"37.95\" \/>\n<meta property=\"product:price:currency\" content=\"EUR\" \/>\n<meta property=\"og:availability\" content=\"out of stock\" \/>\n<meta property=\"product:availability\" content=\"out of stock\" \/>\n<meta property=\"product:retailer_item_id\" content=\"8470002095311\" \/>\n<meta property=\"product:condition\" content=\"new\" \/>\n<!-- \/ Yoast SEO Premium plugin. -->","yoast_head_json":{"title":"Orthomol Intenso Capilar 60 C\u00e1psulas - Lifenatura","description":"Orthomol Capilar Intenso est\u00e1 formulado con queratina, col\u00e1geno y biotina para fortalecer el cabello, reducir su ca\u00edda y favorecer un crecimiento sano.","robots":{"index":"index","follow":"follow","max-snippet":"max-snippet:-1","max-image-preview":"max-image-preview:large","max-video-preview":"max-video-preview:-1"},"canonical":"https:\/\/www.lifenatura.com\/es\/produto\/orthomol-intenso-capilar-60-capsulas\/","og_locale":"es_ES","og_type":"article","og_title":"Orthomol Intenso Capilar 60 C\u00e1psulas - Lifenatura","og_description":"Compre aqui o seu Orthomol Intenso Capilar 60 C\u00e1psulas e a Lifenatura Online envia em 48 H com Portes Gratis >35\u20ac de Pedido.","og_url":"https:\/\/www.lifenatura.com\/es\/produto\/orthomol-intenso-capilar-60-capsulas\/","og_site_name":"Lifenatura","article_publisher":"https:\/\/www.facebook.com\/lifenatura","article_modified_time":"2025-03-20T18:37:39+00:00","og_image":[{"width":1000,"height":1000,"url":"https:\/\/www.lifenatura.com\/wp-content\/uploads\/2025\/03\/orthomol-hair-intense-caps.jpg","type":"image\/jpeg"}],"twitter_card":"summary_large_image","twitter_misc":{"Precio":"37,95&nbsp;&euro;","Disponibilidad":"Sin existencias"},"schema":{"@context":"https:\/\/schema.org","@graph":[{"@type":"WebPage","@id":"https:\/\/www.lifenatura.com\/es\/produto\/orthomol-intenso-capilar-60-capsulas\/","url":"https:\/\/www.lifenatura.com\/es\/produto\/orthomol-intenso-capilar-60-capsulas\/","name":"Orthomol Intenso Capilar 60 C\u00e1psulas - Lifenatura","isPartOf":{"@id":"https:\/\/www.lifenatura.com\/es\/#website"},"primaryImageOfPage":{"@id":"https:\/\/www.lifenatura.com\/es\/produto\/orthomol-intenso-capilar-60-capsulas\/#primaryimage"},"image":{"@id":"https:\/\/www.lifenatura.com\/es\/produto\/orthomol-intenso-capilar-60-capsulas\/#primaryimage"},"thumbnailUrl":"https:\/\/www.lifenatura.com\/wp-content\/uploads\/2025\/03\/orthomol-hair-intense-caps.jpg","datePublished":"2025-03-19T22:58:46+00:00","dateModified":"2025-03-20T18:37:39+00:00","description":"Orthomol Capilar Intenso est\u00e1 formulado con queratina, col\u00e1geno y biotina para fortalecer el cabello, reducir su ca\u00edda y favorecer un crecimiento sano.","breadcrumb":{"@id":"https:\/\/www.lifenatura.com\/es\/produto\/orthomol-intenso-capilar-60-capsulas\/#breadcrumb"},"inLanguage":"es","potentialAction":[{"@type":"ReadAction","target":["https:\/\/www.lifenatura.com\/es\/produto\/orthomol-intenso-capilar-60-capsulas\/"]}]},{"@type":"ImageObject","inLanguage":"es","@id":"https:\/\/www.lifenatura.com\/es\/produto\/orthomol-intenso-capilar-60-capsulas\/#primaryimage","url":"https:\/\/www.lifenatura.com\/wp-content\/uploads\/2025\/03\/orthomol-hair-intense-caps.jpg","contentUrl":"https:\/\/www.lifenatura.com\/wp-content\/uploads\/2025\/03\/orthomol-hair-intense-caps.jpg","width":1000,"height":1000,"caption":"Orthomol Cabello intenso"},{"@type":"BreadcrumbList","@id":"https:\/\/www.lifenatura.com\/es\/produto\/orthomol-intenso-capilar-60-capsulas\/#breadcrumb","itemListElement":[{"@type":"ListItem","position":1,"name":"In\u00edcio","item":"https:\/\/www.lifenatura.com\/es\/"},{"@type":"ListItem","position":2,"name":"Todos los Productos","item":"https:\/\/www.lifenatura.com\/es\/tienda\/"},{"@type":"ListItem","position":3,"name":"Orthomol Intenso Capilar 60 C\u00e1psulas"}]},{"@type":"WebSite","@id":"https:\/\/www.lifenatura.com\/es\/#website","url":"https:\/\/www.lifenatura.com\/es\/","name":"Lifenatura","description":"A Lifenatura \u00e9 uma loja de produtos naturais, cosm\u00e9tica natural e alimenta\u00e7\u00e3o Biol\u00f3gica.","publisher":{"@id":"https:\/\/www.lifenatura.com\/es\/#organization"},"potentialAction":[{"@type":"SearchAction","target":{"@type":"EntryPoint","urlTemplate":"https:\/\/www.lifenatura.com\/es\/?s={search_term_string}"},"query-input":{"@type":"PropertyValueSpecification","valueRequired":true,"valueName":"search_term_string"}}],"inLanguage":"es"},{"@type":"Organization","@id":"https:\/\/www.lifenatura.com\/es\/#organization","name":"Lifenatura","url":"https:\/\/www.lifenatura.com\/es\/","logo":{"@type":"ImageObject","inLanguage":"es","@id":"https:\/\/www.lifenatura.com\/es\/#\/schema\/logo\/image\/","url":"https:\/\/www.lifenatura.com\/wp-content\/uploads\/2021\/11\/logo.png","contentUrl":"https:\/\/www.lifenatura.com\/wp-content\/uploads\/2021\/11\/logo.png","width":175,"height":55,"caption":"Lifenatura"},"image":{"@id":"https:\/\/www.lifenatura.com\/es\/#\/schema\/logo\/image\/"},"sameAs":["https:\/\/www.facebook.com\/lifenatura","https:\/\/www.instagram.com\/lifenaturapt\/"]}]},"product_price_amount":"37.95","product_price_currency":"EUR","og_availability":"out of stock","product_availability":"out of stock","product_retailer_item_id":"8470002095311","product_condition":"new"},"df_price":37.95,"df_sale_price":"","df_regular_price":37.95,"df_image_link":"https:\/\/www.lifenatura.com\/wp-content\/uploads\/2025\/03\/orthomol-hair-intense-caps-300x300.jpg","_links":{"self":[{"href":"https:\/\/www.lifenatura.com\/es\/wp-json\/wp\/v2\/product\/108840","targetHints":{"allow":["GET"]}}],"collection":[{"href":"https:\/\/www.lifenatura.com\/es\/wp-json\/wp\/v2\/product"}],"about":[{"href":"https:\/\/www.lifenatura.com\/es\/wp-json\/wp\/v2\/types\/product"}],"wp:featuredmedia":[{"embeddable":true,"href":"https:\/\/www.lifenatura.com\/es\/wp-json\/wp\/v2\/media\/108813"}],"wp:attachment":[{"href":"https:\/\/www.lifenatura.com\/es\/wp-json\/wp\/v2\/media?parent=108840"}],"wp:term":[{"taxonomy":"product_brand","embeddable":true,"href":"https:\/\/www.lifenatura.com\/es\/wp-json\/wp\/v2\/product_brand?post=108840"},{"taxonomy":"product_cat","embeddable":true,"href":"https:\/\/www.lifenatura.com\/es\/wp-json\/wp\/v2\/product_cat?post=108840"},{"taxonomy":"product_tag","embeddable":true,"href":"https:\/\/www.lifenatura.com\/es\/wp-json\/wp\/v2\/product_tag?post=108840"}],"curies":[{"name":"wp","href":"https:\/\/api.w.org\/{rel}","templated":true}]}}