{"id":108839,"date":"2025-02-19T17:08:20","date_gmt":"2025-02-19T17:08:20","guid":{"rendered":"https:\/\/www.lifenatura.com\/produto\/acido-folico-800mcg-90-comprimidos-natures-plus\/"},"modified":"2025-03-20T14:28:08","modified_gmt":"2025-03-20T14:28:08","slug":"acido-folico-800mcg-90-comprimidos-natures-plus","status":"publish","type":"product","link":"https:\/\/www.lifenatura.com\/es\/produto\/acido-folico-800mcg-90-comprimidos-natures-plus\/","title":{"rendered":"\u00c1cido f\u00f3lico 800mcg 90 Comprimidos &#8211; Natures Plus"},"content":{"rendered":"<h3 data-start=\"0\" data-end=\"81\">\u00c1cido f\u00f3lico Natures Plus: Esencial para la salud celular y el bienestar general<\/h3>\n<h3 data-start=\"0\" data-end=\"81\"><\/h3>\n<p data-start=\"0\" data-end=\"81\"><strong data-start=\"108\" data-end=\"146\">El \u00c1cido F\u00f3lico de Natures Plus<\/strong> es un complemento alimenticio esencial para la formaci\u00f3n de c\u00e9lulas, el apoyo al sistema nervioso y el mantenimiento de la salud cardiovascular. Tambi\u00e9n conocido como vitamina B9, el \u00e1cido f\u00f3lico es esencial durante el embarazo, ya que contribuye al correcto desarrollo del tubo neural del beb\u00e9.<\/p>\n<p data-start=\"83\" data-end=\"542\">Tambi\u00e9n desempe\u00f1a un papel crucial en la producci\u00f3n de gl\u00f3bulos rojos y en la reducci\u00f3n del cansancio y la fatiga.<\/p>\n<p data-start=\"544\" data-end=\"572\"><strong data-start=\"544\" data-end=\"570\">Principales ventajas:<\/strong><\/p>\n<ul data-start=\"573\" data-end=\"1156\">\n<li data-start=\"573\" data-end=\"724\"><strong data-start=\"575\" data-end=\"617\">Salud materna y desarrollo fetal:<\/strong> Esencial para las mujeres embarazadas o en fase de gestaci\u00f3n, ayuda a la formaci\u00f3n del tubo neural del beb\u00e9.<\/li>\n<li data-start=\"725\" data-end=\"829\"><strong data-start=\"727\" data-end=\"762\">Producci\u00f3n de gl\u00f3bulos rojos:<\/strong> Contribuye a la formaci\u00f3n normal de la sangre, previniendo la anemia.<\/li>\n<li data-start=\"830\" data-end=\"929\"><strong data-start=\"832\" data-end=\"864\">Reduce el cansancio y la fatiga:<\/strong> Favorece el metabolismo energ\u00e9tico y mejora los niveles de energ\u00eda.<\/li>\n<li data-start=\"930\" data-end=\"1043\"><strong data-start=\"932\" data-end=\"957\">Salud cardiovascular:<\/strong> Ayuda a regular los niveles de homociste\u00edna, contribuyendo a la protecci\u00f3n del coraz\u00f3n.<\/li>\n<li data-start=\"1044\" data-end=\"1156\"><strong data-start=\"1046\" data-end=\"1077\">Apoyo al sistema nervioso:<\/strong> Desempe\u00f1a un papel importante en la funci\u00f3n cerebral y el equilibrio emocional.<\/li>\n<\/ul>\n<p data-start=\"1158\" data-end=\"1178\"><strong data-start=\"1158\" data-end=\"1176\">Adecuado para:<\/strong><\/p>\n<ul data-start=\"1179\" data-end=\"1502\">\n<li data-start=\"1179\" data-end=\"1268\">Mujeres embarazadas o que planean quedarse embarazadas, para un desarrollo fetal sano.<\/li>\n<li data-start=\"1269\" data-end=\"1351\">Individuos con deficiencia de \u00e1cido f\u00f3lico, especialmente vegetarianos y veganos.<\/li>\n<li data-start=\"1352\" data-end=\"1417\">Cualquier persona que desee mejorar sus niveles de energ\u00eda y reducir la fatiga.<\/li>\n<li data-start=\"1418\" data-end=\"1502\">Personas que buscan apoyo para la salud cardiovascular y el bienestar general.<\/li>\n<\/ul>\n<p><strong>PRESENTACI\u00d3N <\/strong><\/p>\n<p>90 comprimidos<\/p>\n<p>&nbsp;<\/p>\n","protected":false},"excerpt":{"rendered":"<p>El \u00c1cido F\u00f3lico Natures Plus favorece la salud materna, la formaci\u00f3n de gl\u00f3bulos rojos y la energ\u00eda. Esencial para el embarazo, el metabolismo y el bienestar general. [&#8230;]<\/p>\n<p><a class=\"btn btn-secondary understrap-read-more-link\" href=\"https:\/\/www.lifenatura.com\/es\/produto\/acido-folico-800mcg-90-comprimidos-natures-plus\/\">Leer m\u00e1s&#8230;<span class=\"screen-reader-text\"> from \u00c1cido f\u00f3lico 800mcg 90 Comprimidos &#8211; Natures Plus<\/span><\/a><\/p>\n","protected":false},"featured_media":107436,"template":"","meta":{"_acf_changed":false},"product_brand":[8438],"product_cat":[7242,7179,7883,7952],"product_tag":[],"class_list":{"0":"post-108839","1":"product","2":"type-product","3":"status-publish","4":"has-post-thumbnail","6":"product_brand-natures-plus-es","7":"product_cat-embarazo","8":"product_cat-salud","9":"product_cat-suplementos-alimenticios","10":"product_cat-vitamina-b-es","12":"first","13":"instock","14":"shipping-taxable","15":"purchasable","16":"product-type-simple","17":"add-to-wishlist-before_image"},"acf":[],"yoast_head":"<!-- This site is optimized with the Yoast SEO Premium plugin v27.1 (Yoast SEO v27.3) - https:\/\/yoast.com\/product\/yoast-seo-premium-wordpress\/ -->\n<title>\u00c1cido f\u00f3lico 800mcg 90 Comprimidos - Natures Plus - Lifenatura<\/title>\n<meta name=\"description\" content=\"El \u00c1cido F\u00f3lico de Natures Plus contribuye a la salud materna, la formaci\u00f3n de gl\u00f3bulos rojos y la energ\u00eda. Esencial para el embarazo.\" \/>\n<meta name=\"robots\" content=\"index, follow, max-snippet:-1, max-image-preview:large, max-video-preview:-1\" \/>\n<link rel=\"canonical\" href=\"https:\/\/www.lifenatura.com\/es\/produto\/acido-folico-800mcg-90-comprimidos-natures-plus\/\" \/>\n<meta property=\"og:locale\" content=\"es_ES\" \/>\n<meta property=\"og:type\" content=\"article\" \/>\n<meta property=\"og:title\" content=\"\u00c1cido f\u00f3lico 800mcg 90 Comprimidos - Natures Plus - Lifenatura\" \/>\n<meta property=\"og:description\" content=\"Compre aqui o seu \u00c1cido f\u00f3lico 800mcg 90 Comprimidos - Natures Plus e a Lifenatura Online envia em 48 H com Portes Gratis &gt;35\u20ac de Pedido.\" \/>\n<meta property=\"og:url\" content=\"https:\/\/www.lifenatura.com\/es\/produto\/acido-folico-800mcg-90-comprimidos-natures-plus\/\" \/>\n<meta property=\"og:site_name\" content=\"Lifenatura\" \/>\n<meta property=\"article:publisher\" content=\"https:\/\/www.facebook.com\/lifenatura\" \/>\n<meta property=\"article:modified_time\" content=\"2025-03-20T14:28:08+00:00\" \/>\n<meta property=\"og:image\" content=\"https:\/\/www.lifenatura.com\/wp-content\/uploads\/2025\/02\/acido-folico-natures-plus.jpg\" \/>\n\t<meta property=\"og:image:width\" content=\"1000\" \/>\n\t<meta property=\"og:image:height\" content=\"1000\" \/>\n\t<meta property=\"og:image:type\" content=\"image\/jpeg\" \/>\n<meta name=\"twitter:card\" content=\"summary_large_image\" \/>\n<meta name=\"twitter:label1\" content=\"Precio\" \/>\n\t<meta name=\"twitter:data1\" content=\"13,04&nbsp;&euro;\" \/>\n\t<meta name=\"twitter:label2\" content=\"Disponibilidad\" \/>\n\t<meta name=\"twitter:data2\" content=\"Disponible\" \/>\n<meta property=\"product:price:amount\" content=\"13.04\" \/>\n<meta property=\"product:price:currency\" content=\"EUR\" \/>\n<meta property=\"og:availability\" content=\"instock\" \/>\n<meta property=\"product:availability\" content=\"instock\" \/>\n<meta property=\"product:retailer_item_id\" content=\"0097467017900\" \/>\n<meta property=\"product:condition\" content=\"new\" \/>\n<!-- \/ Yoast SEO Premium plugin. -->","yoast_head_json":{"title":"\u00c1cido f\u00f3lico 800mcg 90 Comprimidos - Natures Plus - Lifenatura","description":"El \u00c1cido F\u00f3lico de Natures Plus contribuye a la salud materna, la formaci\u00f3n de gl\u00f3bulos rojos y la energ\u00eda. Esencial para el embarazo.","robots":{"index":"index","follow":"follow","max-snippet":"max-snippet:-1","max-image-preview":"max-image-preview:large","max-video-preview":"max-video-preview:-1"},"canonical":"https:\/\/www.lifenatura.com\/es\/produto\/acido-folico-800mcg-90-comprimidos-natures-plus\/","og_locale":"es_ES","og_type":"article","og_title":"\u00c1cido f\u00f3lico 800mcg 90 Comprimidos - Natures Plus - Lifenatura","og_description":"Compre aqui o seu \u00c1cido f\u00f3lico 800mcg 90 Comprimidos - Natures Plus e a Lifenatura Online envia em 48 H com Portes Gratis >35\u20ac de Pedido.","og_url":"https:\/\/www.lifenatura.com\/es\/produto\/acido-folico-800mcg-90-comprimidos-natures-plus\/","og_site_name":"Lifenatura","article_publisher":"https:\/\/www.facebook.com\/lifenatura","article_modified_time":"2025-03-20T14:28:08+00:00","og_image":[{"width":1000,"height":1000,"url":"https:\/\/www.lifenatura.com\/wp-content\/uploads\/2025\/02\/acido-folico-natures-plus.jpg","type":"image\/jpeg"}],"twitter_card":"summary_large_image","twitter_misc":{"Precio":"13,04&nbsp;&euro;","Disponibilidad":"Disponible"},"schema":{"@context":"https:\/\/schema.org","@graph":[{"@type":"WebPage","@id":"https:\/\/www.lifenatura.com\/es\/produto\/acido-folico-800mcg-90-comprimidos-natures-plus\/","url":"https:\/\/www.lifenatura.com\/es\/produto\/acido-folico-800mcg-90-comprimidos-natures-plus\/","name":"\u00c1cido f\u00f3lico 800mcg 90 Comprimidos - Natures Plus - Lifenatura","isPartOf":{"@id":"https:\/\/www.lifenatura.com\/es\/#website"},"primaryImageOfPage":{"@id":"https:\/\/www.lifenatura.com\/es\/produto\/acido-folico-800mcg-90-comprimidos-natures-plus\/#primaryimage"},"image":{"@id":"https:\/\/www.lifenatura.com\/es\/produto\/acido-folico-800mcg-90-comprimidos-natures-plus\/#primaryimage"},"thumbnailUrl":"https:\/\/www.lifenatura.com\/wp-content\/uploads\/2025\/02\/acido-folico-natures-plus.jpg","datePublished":"2025-02-19T17:08:20+00:00","dateModified":"2025-03-20T14:28:08+00:00","description":"El \u00c1cido F\u00f3lico de Natures Plus contribuye a la salud materna, la formaci\u00f3n de gl\u00f3bulos rojos y la energ\u00eda. Esencial para el embarazo.","breadcrumb":{"@id":"https:\/\/www.lifenatura.com\/es\/produto\/acido-folico-800mcg-90-comprimidos-natures-plus\/#breadcrumb"},"inLanguage":"es","potentialAction":[{"@type":"ReadAction","target":["https:\/\/www.lifenatura.com\/es\/produto\/acido-folico-800mcg-90-comprimidos-natures-plus\/"]}]},{"@type":"ImageObject","inLanguage":"es","@id":"https:\/\/www.lifenatura.com\/es\/produto\/acido-folico-800mcg-90-comprimidos-natures-plus\/#primaryimage","url":"https:\/\/www.lifenatura.com\/wp-content\/uploads\/2025\/02\/acido-folico-natures-plus.jpg","contentUrl":"https:\/\/www.lifenatura.com\/wp-content\/uploads\/2025\/02\/acido-folico-natures-plus.jpg","width":1000,"height":1000,"caption":"\u00e1cido f\u00f3lico de Natures Plus"},{"@type":"BreadcrumbList","@id":"https:\/\/www.lifenatura.com\/es\/produto\/acido-folico-800mcg-90-comprimidos-natures-plus\/#breadcrumb","itemListElement":[{"@type":"ListItem","position":1,"name":"In\u00edcio","item":"https:\/\/www.lifenatura.com\/es\/"},{"@type":"ListItem","position":2,"name":"Todos los Productos","item":"https:\/\/www.lifenatura.com\/es\/tienda\/"},{"@type":"ListItem","position":3,"name":"\u00c1cido f\u00f3lico 800mcg 90 Comprimidos &#8211; Natures Plus"}]},{"@type":"WebSite","@id":"https:\/\/www.lifenatura.com\/es\/#website","url":"https:\/\/www.lifenatura.com\/es\/","name":"Lifenatura","description":"A Lifenatura \u00e9 uma loja de produtos naturais, cosm\u00e9tica natural e alimenta\u00e7\u00e3o Biol\u00f3gica.","publisher":{"@id":"https:\/\/www.lifenatura.com\/es\/#organization"},"potentialAction":[{"@type":"SearchAction","target":{"@type":"EntryPoint","urlTemplate":"https:\/\/www.lifenatura.com\/es\/?s={search_term_string}"},"query-input":{"@type":"PropertyValueSpecification","valueRequired":true,"valueName":"search_term_string"}}],"inLanguage":"es"},{"@type":"Organization","@id":"https:\/\/www.lifenatura.com\/es\/#organization","name":"Lifenatura","url":"https:\/\/www.lifenatura.com\/es\/","logo":{"@type":"ImageObject","inLanguage":"es","@id":"https:\/\/www.lifenatura.com\/es\/#\/schema\/logo\/image\/","url":"https:\/\/www.lifenatura.com\/wp-content\/uploads\/2021\/11\/logo.png","contentUrl":"https:\/\/www.lifenatura.com\/wp-content\/uploads\/2021\/11\/logo.png","width":175,"height":55,"caption":"Lifenatura"},"image":{"@id":"https:\/\/www.lifenatura.com\/es\/#\/schema\/logo\/image\/"},"sameAs":["https:\/\/www.facebook.com\/lifenatura","https:\/\/www.instagram.com\/lifenaturapt\/"]}]},"product_price_amount":"13.04","product_price_currency":"EUR","og_availability":"instock","product_availability":"instock","product_retailer_item_id":"0097467017900","product_condition":"new"},"df_price":13.04,"df_sale_price":"","df_regular_price":13.04,"df_image_link":"https:\/\/www.lifenatura.com\/wp-content\/uploads\/2025\/02\/acido-folico-natures-plus-300x300.jpg","_links":{"self":[{"href":"https:\/\/www.lifenatura.com\/es\/wp-json\/wp\/v2\/product\/108839","targetHints":{"allow":["GET"]}}],"collection":[{"href":"https:\/\/www.lifenatura.com\/es\/wp-json\/wp\/v2\/product"}],"about":[{"href":"https:\/\/www.lifenatura.com\/es\/wp-json\/wp\/v2\/types\/product"}],"wp:featuredmedia":[{"embeddable":true,"href":"https:\/\/www.lifenatura.com\/es\/wp-json\/wp\/v2\/media\/107436"}],"wp:attachment":[{"href":"https:\/\/www.lifenatura.com\/es\/wp-json\/wp\/v2\/media?parent=108839"}],"wp:term":[{"taxonomy":"product_brand","embeddable":true,"href":"https:\/\/www.lifenatura.com\/es\/wp-json\/wp\/v2\/product_brand?post=108839"},{"taxonomy":"product_cat","embeddable":true,"href":"https:\/\/www.lifenatura.com\/es\/wp-json\/wp\/v2\/product_cat?post=108839"},{"taxonomy":"product_tag","embeddable":true,"href":"https:\/\/www.lifenatura.com\/es\/wp-json\/wp\/v2\/product_tag?post=108839"}],"curies":[{"name":"wp","href":"https:\/\/api.w.org\/{rel}","templated":true}]}}