{"id":108835,"date":"2025-02-07T13:39:35","date_gmt":"2025-02-07T13:39:35","guid":{"rendered":"https:\/\/www.lifenatura.com\/produto\/omega-3-vegano-60-capsulas-blandas-vitalised\/"},"modified":"2025-03-20T14:20:47","modified_gmt":"2025-03-20T14:20:47","slug":"omega-3-vegano-60-capsulas-blandas-vitalised","status":"publish","type":"product","link":"https:\/\/www.lifenatura.com\/es\/produto\/omega-3-vegano-60-capsulas-blandas-vitalised\/","title":{"rendered":"Omega 3 Vegano 60 c\u00e1psulas blandas &#8211; Vitalised"},"content":{"rendered":"<h2 style=\"text-align: left;\"><strong>Omega 3 Vegano Vitalizado: La verdadera alternativa al aceite de pescado<\/strong><\/h2>\n<p>&nbsp;<\/p>\n<p>Omega 3 Vegano de Vitalized es un complemento alimenticio 100% vegetal desarrollado para proporcionar \u00e1cidos grasos esenciales EPA y DHA, fundamentales para la salud cardiovascular, cerebral y ocular.<\/p>\n<p>Extra\u00eddo de microalgas marinas, este Omega 3 es una alternativa sostenible y respetuosa con el medio ambiente a los aceites de pescado tradicionales, que garantiza una gran pureza y biodisponibilidad. Ideal para veganos, vegetarianos y cualquiera que busque un apoyo nutricional superior.<\/p>\n<p><strong>Principales ventajas:<\/strong><\/p>\n<ul>\n<li><strong>Salud cardiovascular:<\/strong> Ayuda a mantener niveles normales de colesterol y presi\u00f3n arterial, favoreciendo el buen funcionamiento del coraz\u00f3n.<\/li>\n<li><strong>Funci\u00f3n cerebral:<\/strong> el DHA favorece la salud cognitiva mejorando la memoria, la concentraci\u00f3n y la claridad mental.<\/li>\n<li><strong>Salud ocular:<\/strong> Ayuda a conservar la visi\u00f3n normal, especialmente en adultos y ancianos.<\/li>\n<li><strong>Antiinflamatorio natural:<\/strong> Los \u00e1cidos grasos omega 3 tienen propiedades antiinflamatorias que contribuyen al bienestar general.<\/li>\n<li><strong>Fuente sostenible:<\/strong> Producido a partir de microalgas, es una opci\u00f3n ecol\u00f3gica y libre de contaminantes marinos.<\/li>\n<\/ul>\n<p><strong>Adecuado para:<\/strong><\/p>\n<ul>\n<li>Veganos y vegetarianos que necesitan una fuente vegetal de Omega 3.<\/li>\n<li>Personas que quieren cuidar su salud cardiovascular, cerebral y ocular.<\/li>\n<li>Personas con dietas restrictivas o que buscan una alternativa sostenible a los aceites de pescado.<\/li>\n<li>Ideal para complementar un estilo de vida sano y equilibrado.<\/li>\n<\/ul>\n<p>Vitalised Omega-3 Vegano ofrece un producto completamente vegetal con el mismo equilibrio de EPA y DHA que el aceite de pescado de alta calidad.<\/p>\n<p><strong>Una verdadera alternativa vegana al aceite de pescado<\/strong><\/p>\n<p>La marca Vitalized aporta una alternativa vegana real y \u00fanica al aceite de pescado, elaborada a partir de algas, con una proporci\u00f3n de EPA y DHA t\u00edpica del aceite de pescado de alta calidad, \u00a11,5:1!<\/p>\n<p>Es m\u00e1s, los estudios demuestran que los \u00e1cidos grasos Omega 3 de las algas tienen la misma biodisponibilidad que los del aceite de pescado de alta calidad. Esto significa que puedes obtener los mismos niveles sangu\u00edneos de EPA y DHA del aceite de algas que del aceite de pescado.<\/p>\n<p><strong>PRESENTACI\u00d3N<\/strong><\/p>\n<p>60 Sofgeles<\/p>\n<p>&nbsp;<\/p>\n","protected":false},"excerpt":{"rendered":"<p>Omega 3 Vegano Vitalizado favorece la salud cardiovascular, cerebral y ocular con \u00e1cidos grasos EPA y DHA procedentes de microalgas, 100% vegetales y sostenibles. [&#8230;]<\/p>\n<p><a class=\"btn btn-secondary understrap-read-more-link\" href=\"https:\/\/www.lifenatura.com\/es\/produto\/omega-3-vegano-60-capsulas-blandas-vitalised\/\">Leer m\u00e1s&#8230;<span class=\"screen-reader-text\"> from Omega 3 Vegano 60 c\u00e1psulas blandas &#8211; Vitalised<\/span><\/a><\/p>\n","protected":false},"featured_media":106925,"template":"","meta":{"_acf_changed":false},"product_brand":[8357],"product_cat":[7222,7659,7755,7179,7883],"product_tag":[],"class_list":{"0":"post-108835","1":"product","2":"type-product","3":"status-publish","4":"has-post-thumbnail","6":"product_brand-vitalized-es","7":"product_cat-colesterol-salud","8":"product_cat-ingrediente-natural-bio","9":"product_cat-omega-3-es","10":"product_cat-salud","11":"product_cat-suplementos-alimenticios","12":"pa_caracteristicas-sin-gluten","13":"pa_caracteristicas-sin-omg","14":"pa_caracteristicas-vegano","16":"first","17":"instock","18":"shipping-taxable","19":"purchasable","20":"product-type-simple","21":"add-to-wishlist-before_image"},"acf":[],"yoast_head":"<!-- This site is optimized with the Yoast SEO Premium plugin v27.1 (Yoast SEO v27.5) - https:\/\/yoast.com\/product\/yoast-seo-premium-wordpress\/ -->\n<title>Omega 3 Vegano 60 c\u00e1psulas blandas - Vitalised - Na Lifenatura ao Melhor Pre\u00e7o | Envio em 48h<\/title>\n<meta name=\"description\" content=\"Omega 3 Vegano Vitalised favorece la salud cardiovascular, cerebral y ocular con \u00e1cidos grasos EPA y DHA procedentes de microalgas, 100% vegetales.\" \/>\n<meta name=\"robots\" content=\"index, follow, max-snippet:-1, max-image-preview:large, max-video-preview:-1\" \/>\n<link rel=\"canonical\" href=\"https:\/\/www.lifenatura.com\/es\/produto\/omega-3-vegano-60-capsulas-blandas-vitalised\/\" \/>\n<meta property=\"og:locale\" content=\"es_ES\" \/>\n<meta property=\"og:type\" content=\"article\" \/>\n<meta property=\"og:title\" content=\"Omega 3 Vegano 60 c\u00e1psulas blandas - Vitalised - Na Lifenatura ao Melhor Pre\u00e7o | Envio 48h\" \/>\n<meta property=\"og:description\" content=\"Compre Omega 3 Vegano 60 c\u00e1psulas blandas - Vitalised com envio r\u00e1pido. Entrega em 48h e portes gr\u00e1tis em compras &gt;35\u20ac. Aproveite j\u00e1 na Lifenatura\" \/>\n<meta property=\"og:url\" content=\"https:\/\/www.lifenatura.com\/es\/produto\/omega-3-vegano-60-capsulas-blandas-vitalised\/\" \/>\n<meta property=\"og:site_name\" content=\"Lifenatura\" \/>\n<meta property=\"article:publisher\" content=\"https:\/\/www.facebook.com\/lifenatura\" \/>\n<meta property=\"article:modified_time\" content=\"2025-03-20T14:20:47+00:00\" \/>\n<meta property=\"og:image\" content=\"https:\/\/www.lifenatura.com\/wp-content\/uploads\/2025\/02\/omega-3-vegan-vitalized.jpg\" \/>\n\t<meta property=\"og:image:width\" content=\"1000\" \/>\n\t<meta property=\"og:image:height\" content=\"1000\" \/>\n\t<meta property=\"og:image:type\" content=\"image\/jpeg\" \/>\n<meta name=\"twitter:card\" content=\"summary_large_image\" \/>\n<meta name=\"twitter:label1\" content=\"Precio\" \/>\n\t<meta name=\"twitter:data1\" content=\"33,90&nbsp;&euro;\" \/>\n\t<meta name=\"twitter:label2\" content=\"Disponibilidad\" \/>\n\t<meta name=\"twitter:data2\" content=\"Disponible\" \/>\n<script type=\"application\/ld+json\" class=\"yoast-schema-graph\">{\"@context\":\"https:\\\/\\\/schema.org\",\"@graph\":[{\"@type\":\"WebPage\",\"@id\":\"https:\\\/\\\/www.lifenatura.com\\\/es\\\/produto\\\/omega-3-vegano-60-capsulas-blandas-vitalised\\\/\",\"url\":\"https:\\\/\\\/www.lifenatura.com\\\/es\\\/produto\\\/omega-3-vegano-60-capsulas-blandas-vitalised\\\/\",\"name\":\"Omega 3 Vegano 60 c\u00e1psulas blandas - Vitalised - Na Lifenatura ao Melhor Pre\u00e7o | Envio em 48h\",\"isPartOf\":{\"@id\":\"https:\\\/\\\/www.lifenatura.com\\\/es\\\/#website\"},\"primaryImageOfPage\":{\"@id\":\"https:\\\/\\\/www.lifenatura.com\\\/es\\\/produto\\\/omega-3-vegano-60-capsulas-blandas-vitalised\\\/#primaryimage\"},\"image\":{\"@id\":\"https:\\\/\\\/www.lifenatura.com\\\/es\\\/produto\\\/omega-3-vegano-60-capsulas-blandas-vitalised\\\/#primaryimage\"},\"thumbnailUrl\":\"https:\\\/\\\/www.lifenatura.com\\\/wp-content\\\/uploads\\\/2025\\\/02\\\/omega-3-vegan-vitalized.jpg\",\"datePublished\":\"2025-02-07T13:39:35+00:00\",\"dateModified\":\"2025-03-20T14:20:47+00:00\",\"description\":\"Omega 3 Vegano Vitalised favorece la salud cardiovascular, cerebral y ocular con \u00e1cidos grasos EPA y DHA procedentes de microalgas, 100% vegetales.\",\"breadcrumb\":{\"@id\":\"https:\\\/\\\/www.lifenatura.com\\\/es\\\/produto\\\/omega-3-vegano-60-capsulas-blandas-vitalised\\\/#breadcrumb\"},\"inLanguage\":\"es\",\"potentialAction\":[{\"@type\":\"ReadAction\",\"target\":[\"https:\\\/\\\/www.lifenatura.com\\\/es\\\/produto\\\/omega-3-vegano-60-capsulas-blandas-vitalised\\\/\"]}]},{\"@type\":\"ImageObject\",\"inLanguage\":\"es\",\"@id\":\"https:\\\/\\\/www.lifenatura.com\\\/es\\\/produto\\\/omega-3-vegano-60-capsulas-blandas-vitalised\\\/#primaryimage\",\"url\":\"https:\\\/\\\/www.lifenatura.com\\\/wp-content\\\/uploads\\\/2025\\\/02\\\/omega-3-vegan-vitalized.jpg\",\"contentUrl\":\"https:\\\/\\\/www.lifenatura.com\\\/wp-content\\\/uploads\\\/2025\\\/02\\\/omega-3-vegan-vitalized.jpg\",\"width\":1000,\"height\":1000,\"caption\":\"Omega 3 de Vitalized\"},{\"@type\":\"BreadcrumbList\",\"@id\":\"https:\\\/\\\/www.lifenatura.com\\\/es\\\/produto\\\/omega-3-vegano-60-capsulas-blandas-vitalised\\\/#breadcrumb\",\"itemListElement\":[{\"@type\":\"ListItem\",\"position\":1,\"name\":\"In\u00edcio\",\"item\":\"https:\\\/\\\/www.lifenatura.com\\\/es\\\/\"},{\"@type\":\"ListItem\",\"position\":2,\"name\":\"Todos los Productos\",\"item\":\"https:\\\/\\\/www.lifenatura.com\\\/es\\\/tienda\\\/\"},{\"@type\":\"ListItem\",\"position\":3,\"name\":\"Omega 3 Vegano 60 c\u00e1psulas blandas &#8211; Vitalised\"}]},{\"@type\":\"WebSite\",\"@id\":\"https:\\\/\\\/www.lifenatura.com\\\/es\\\/#website\",\"url\":\"https:\\\/\\\/www.lifenatura.com\\\/es\\\/\",\"name\":\"Lifenatura\",\"description\":\"A Lifenatura \u00e9 uma loja de produtos naturais, cosm\u00e9tica natural e alimenta\u00e7\u00e3o Biol\u00f3gica.\",\"publisher\":{\"@id\":\"https:\\\/\\\/www.lifenatura.com\\\/es\\\/#organization\"},\"potentialAction\":[{\"@type\":\"SearchAction\",\"target\":{\"@type\":\"EntryPoint\",\"urlTemplate\":\"https:\\\/\\\/www.lifenatura.com\\\/es\\\/?s={search_term_string}\"},\"query-input\":{\"@type\":\"PropertyValueSpecification\",\"valueRequired\":true,\"valueName\":\"search_term_string\"}}],\"inLanguage\":\"es\"},{\"@type\":\"Organization\",\"@id\":\"https:\\\/\\\/www.lifenatura.com\\\/es\\\/#organization\",\"name\":\"Lifenatura\",\"url\":\"https:\\\/\\\/www.lifenatura.com\\\/es\\\/\",\"logo\":{\"@type\":\"ImageObject\",\"inLanguage\":\"es\",\"@id\":\"https:\\\/\\\/www.lifenatura.com\\\/es\\\/#\\\/schema\\\/logo\\\/image\\\/\",\"url\":\"https:\\\/\\\/www.lifenatura.com\\\/wp-content\\\/uploads\\\/2021\\\/07\\\/logo.png\",\"contentUrl\":\"https:\\\/\\\/www.lifenatura.com\\\/wp-content\\\/uploads\\\/2021\\\/07\\\/logo.png\",\"width\":175,\"height\":55,\"caption\":\"Lifenatura\"},\"image\":{\"@id\":\"https:\\\/\\\/www.lifenatura.com\\\/es\\\/#\\\/schema\\\/logo\\\/image\\\/\"},\"sameAs\":[\"https:\\\/\\\/www.facebook.com\\\/lifenatura\",\"https:\\\/\\\/www.instagram.com\\\/lifenaturapt\\\/\"],\"hasMerchantReturnPolicy\":{\"@type\":\"MerchantReturnPolicy\",\"merchantReturnLink\":\"https:\\\/\\\/www.lifenatura.com\\\/termos-condicoes-lifenatura\\\/\"}}]}<\/script>\n<meta property=\"product:price:amount\" content=\"33.90\" \/>\n<meta property=\"product:price:currency\" content=\"EUR\" \/>\n<meta property=\"og:availability\" content=\"instock\" \/>\n<meta property=\"product:availability\" content=\"instock\" \/>\n<meta property=\"product:retailer_item_id\" content=\"8720648297663\" \/>\n<meta property=\"product:condition\" content=\"new\" \/>\n<!-- \/ Yoast SEO Premium plugin. -->","yoast_head_json":{"title":"Omega 3 Vegano 60 c\u00e1psulas blandas - Vitalised - Na Lifenatura ao Melhor Pre\u00e7o | Envio em 48h","description":"Omega 3 Vegano Vitalised favorece la salud cardiovascular, cerebral y ocular con \u00e1cidos grasos EPA y DHA procedentes de microalgas, 100% vegetales.","robots":{"index":"index","follow":"follow","max-snippet":"max-snippet:-1","max-image-preview":"max-image-preview:large","max-video-preview":"max-video-preview:-1"},"canonical":"https:\/\/www.lifenatura.com\/es\/produto\/omega-3-vegano-60-capsulas-blandas-vitalised\/","og_locale":"es_ES","og_type":"article","og_title":"Omega 3 Vegano 60 c\u00e1psulas blandas - Vitalised - Na Lifenatura ao Melhor Pre\u00e7o | Envio 48h","og_description":"Compre Omega 3 Vegano 60 c\u00e1psulas blandas - Vitalised com envio r\u00e1pido. Entrega em 48h e portes gr\u00e1tis em compras >35\u20ac. Aproveite j\u00e1 na Lifenatura","og_url":"https:\/\/www.lifenatura.com\/es\/produto\/omega-3-vegano-60-capsulas-blandas-vitalised\/","og_site_name":"Lifenatura","article_publisher":"https:\/\/www.facebook.com\/lifenatura","article_modified_time":"2025-03-20T14:20:47+00:00","og_image":[{"width":1000,"height":1000,"url":"https:\/\/www.lifenatura.com\/wp-content\/uploads\/2025\/02\/omega-3-vegan-vitalized.jpg","type":"image\/jpeg"}],"twitter_card":"summary_large_image","twitter_misc":{"Precio":"33,90&nbsp;&euro;","Disponibilidad":"Disponible"},"schema":{"@context":"https:\/\/schema.org","@graph":[{"@type":"WebPage","@id":"https:\/\/www.lifenatura.com\/es\/produto\/omega-3-vegano-60-capsulas-blandas-vitalised\/","url":"https:\/\/www.lifenatura.com\/es\/produto\/omega-3-vegano-60-capsulas-blandas-vitalised\/","name":"Omega 3 Vegano 60 c\u00e1psulas blandas - Vitalised - Na Lifenatura ao Melhor Pre\u00e7o | Envio em 48h","isPartOf":{"@id":"https:\/\/www.lifenatura.com\/es\/#website"},"primaryImageOfPage":{"@id":"https:\/\/www.lifenatura.com\/es\/produto\/omega-3-vegano-60-capsulas-blandas-vitalised\/#primaryimage"},"image":{"@id":"https:\/\/www.lifenatura.com\/es\/produto\/omega-3-vegano-60-capsulas-blandas-vitalised\/#primaryimage"},"thumbnailUrl":"https:\/\/www.lifenatura.com\/wp-content\/uploads\/2025\/02\/omega-3-vegan-vitalized.jpg","datePublished":"2025-02-07T13:39:35+00:00","dateModified":"2025-03-20T14:20:47+00:00","description":"Omega 3 Vegano Vitalised favorece la salud cardiovascular, cerebral y ocular con \u00e1cidos grasos EPA y DHA procedentes de microalgas, 100% vegetales.","breadcrumb":{"@id":"https:\/\/www.lifenatura.com\/es\/produto\/omega-3-vegano-60-capsulas-blandas-vitalised\/#breadcrumb"},"inLanguage":"es","potentialAction":[{"@type":"ReadAction","target":["https:\/\/www.lifenatura.com\/es\/produto\/omega-3-vegano-60-capsulas-blandas-vitalised\/"]}]},{"@type":"ImageObject","inLanguage":"es","@id":"https:\/\/www.lifenatura.com\/es\/produto\/omega-3-vegano-60-capsulas-blandas-vitalised\/#primaryimage","url":"https:\/\/www.lifenatura.com\/wp-content\/uploads\/2025\/02\/omega-3-vegan-vitalized.jpg","contentUrl":"https:\/\/www.lifenatura.com\/wp-content\/uploads\/2025\/02\/omega-3-vegan-vitalized.jpg","width":1000,"height":1000,"caption":"Omega 3 de Vitalized"},{"@type":"BreadcrumbList","@id":"https:\/\/www.lifenatura.com\/es\/produto\/omega-3-vegano-60-capsulas-blandas-vitalised\/#breadcrumb","itemListElement":[{"@type":"ListItem","position":1,"name":"In\u00edcio","item":"https:\/\/www.lifenatura.com\/es\/"},{"@type":"ListItem","position":2,"name":"Todos los Productos","item":"https:\/\/www.lifenatura.com\/es\/tienda\/"},{"@type":"ListItem","position":3,"name":"Omega 3 Vegano 60 c\u00e1psulas blandas &#8211; Vitalised"}]},{"@type":"WebSite","@id":"https:\/\/www.lifenatura.com\/es\/#website","url":"https:\/\/www.lifenatura.com\/es\/","name":"Lifenatura","description":"A Lifenatura \u00e9 uma loja de produtos naturais, cosm\u00e9tica natural e alimenta\u00e7\u00e3o Biol\u00f3gica.","publisher":{"@id":"https:\/\/www.lifenatura.com\/es\/#organization"},"potentialAction":[{"@type":"SearchAction","target":{"@type":"EntryPoint","urlTemplate":"https:\/\/www.lifenatura.com\/es\/?s={search_term_string}"},"query-input":{"@type":"PropertyValueSpecification","valueRequired":true,"valueName":"search_term_string"}}],"inLanguage":"es"},{"@type":"Organization","@id":"https:\/\/www.lifenatura.com\/es\/#organization","name":"Lifenatura","url":"https:\/\/www.lifenatura.com\/es\/","logo":{"@type":"ImageObject","inLanguage":"es","@id":"https:\/\/www.lifenatura.com\/es\/#\/schema\/logo\/image\/","url":"https:\/\/www.lifenatura.com\/wp-content\/uploads\/2021\/07\/logo.png","contentUrl":"https:\/\/www.lifenatura.com\/wp-content\/uploads\/2021\/07\/logo.png","width":175,"height":55,"caption":"Lifenatura"},"image":{"@id":"https:\/\/www.lifenatura.com\/es\/#\/schema\/logo\/image\/"},"sameAs":["https:\/\/www.facebook.com\/lifenatura","https:\/\/www.instagram.com\/lifenaturapt\/"],"hasMerchantReturnPolicy":{"@type":"MerchantReturnPolicy","merchantReturnLink":"https:\/\/www.lifenatura.com\/termos-condicoes-lifenatura\/"}}]},"product_price_amount":"33.90","product_price_currency":"EUR","og_availability":"instock","product_availability":"instock","product_retailer_item_id":"8720648297663","product_condition":"new"},"df_price":33.9,"df_sale_price":"","df_regular_price":33.9,"df_image_link":"https:\/\/www.lifenatura.com\/wp-content\/uploads\/2025\/02\/omega-3-vegan-vitalized-300x300.jpg","_links":{"self":[{"href":"https:\/\/www.lifenatura.com\/es\/wp-json\/wp\/v2\/product\/108835","targetHints":{"allow":["GET"]}}],"collection":[{"href":"https:\/\/www.lifenatura.com\/es\/wp-json\/wp\/v2\/product"}],"about":[{"href":"https:\/\/www.lifenatura.com\/es\/wp-json\/wp\/v2\/types\/product"}],"wp:featuredmedia":[{"embeddable":true,"href":"https:\/\/www.lifenatura.com\/es\/wp-json\/wp\/v2\/media\/106925"}],"wp:attachment":[{"href":"https:\/\/www.lifenatura.com\/es\/wp-json\/wp\/v2\/media?parent=108835"}],"wp:term":[{"taxonomy":"product_brand","embeddable":true,"href":"https:\/\/www.lifenatura.com\/es\/wp-json\/wp\/v2\/product_brand?post=108835"},{"taxonomy":"product_cat","embeddable":true,"href":"https:\/\/www.lifenatura.com\/es\/wp-json\/wp\/v2\/product_cat?post=108835"},{"taxonomy":"product_tag","embeddable":true,"href":"https:\/\/www.lifenatura.com\/es\/wp-json\/wp\/v2\/product_tag?post=108835"}],"curies":[{"name":"wp","href":"https:\/\/api.w.org\/{rel}","templated":true}]}}