{"id":106088,"date":"2025-01-20T13:25:53","date_gmt":"2025-01-20T13:25:53","guid":{"rendered":"https:\/\/www.lifenatura.com\/produto\/zeolita-med-detox-200-capsulas\/"},"modified":"2025-01-21T18:15:07","modified_gmt":"2025-01-21T18:15:07","slug":"zeolita-med-detox-200-capsulas","status":"publish","type":"product","link":"https:\/\/www.lifenatura.com\/es\/produto\/zeolita-med-detox-200-capsulas\/","title":{"rendered":"Zeolita Med Detox 200 C\u00e1psulas"},"content":{"rendered":"<h2 style=\"text-align: left;\"><strong>Zeolita Med Detox: Pureza de la Naturaleza para Desintoxicar tu Cuerpo<\/strong><\/h2>\n<p>&nbsp;<\/p>\n<p>Los comprimidos Zeolite Med Detox son un complemento alimenticio natural dise\u00f1ado para ayudar al organismo a eliminar metales pesados, toxinas y otras sustancias nocivas de forma segura y eficaz. Este producto contiene zeolita clinoptilolita, un mineral volc\u00e1nico conocido por su extraordinaria capacidad para absorber y neutralizar las impurezas, favoreciendo un organismo m\u00e1s equilibrado y sano.<\/p>\n<p><strong>Principales ventajas:<\/strong><\/p>\n<ul>\n<li><strong>Eliminaci\u00f3n de toxinas:<\/strong> Ayuda a eliminar los metales pesados y las sustancias t\u00f3xicas acumuladas en el organismo.<\/li>\n<li><strong>Purificaci\u00f3n interna:<\/strong> Promueve un medio interno m\u00e1s limpio y equilibrado, favoreciendo el bienestar general.<\/li>\n<li><strong>Protecci\u00f3n antioxidante:<\/strong> Neutraliza los radicales libres, ayudando a proteger las c\u00e9lulas contra el estr\u00e9s oxidativo.<\/li>\n<li><strong>Salud intestinal:<\/strong> Contribuye al equilibrio de la flora intestinal, favoreciendo una digesti\u00f3n sana.<\/li>\n<li><strong>Efecto revitalizante:<\/strong> Ayuda a reducir la fatiga y mejora los niveles de energ\u00eda.<\/li>\n<\/ul>\n<p><strong>Adecuado para:<\/strong><\/p>\n<ul>\n<li>Personas expuestas a metales pesados y contaminantes, como los fumadores o los que viven en zonas urbanas.<\/li>\n<li>Personas que deseen desintoxicar el organismo y mejorar el equilibrio general.<\/li>\n<li>Cualquier persona que sufra fatiga persistente o molestias relacionadas con el aparato digestivo.<\/li>\n<li>Adecuado para complementar los procesos de limpieza interna de forma natural.<\/li>\n<\/ul>\n<p><strong>La zeolita MED<\/strong> es un producto natural, sometido a pruebas independientes y con certificado CE, elaborado con zeolita clinoptilolita, que es indigerible e insoluble en agua, tiene una gran capacidad de adsorci\u00f3n selectiva y funciones de cribado molecular frente a diversos contaminantes, lo que la hace adecuada para la desintoxicaci\u00f3n.<\/p>\n<h4><strong>\u00bfPor qu\u00e9 desintoxicarse? <\/strong><\/h4>\n<p>Por desgracia, nuestra dieta moderna no s\u00f3lo aporta al organismo sustancias valiosas como vitaminas y minerales, sino que tambi\u00e9n ingiere sustancias que pueden ser perjudiciales para la salud en determinadas cantidades.<\/p>\n<p>Entre estas sustancias est\u00e1n los contaminantes ambientales, como los metales pesados como el plomo, el mercurio, el cromo, el cadmio, el n\u00edquel y el aluminio, que pueden entrar en nuestra dieta a trav\u00e9s de la contaminaci\u00f3n del aire, el agua y el suelo. Estas sustancias tienen la desagradable propiedad de acumularse en la cadena alimentaria.<\/p>\n<p><strong>PRESENTACI\u00d3N<\/strong><\/p>\n<p>200 comprimidos<\/p>\n<p>&nbsp;<\/p>\n","protected":false},"excerpt":{"rendered":"<p>Los comprimidos Zeolite Med Detox eliminan las toxinas y los metales pesados, favoreciendo la desintoxicaci\u00f3n, la protecci\u00f3n celular y el bienestar general. Experimenta la pureza de la zeolita. [&#8230;]<\/p>\n<p><a class=\"btn btn-secondary understrap-read-more-link\" href=\"https:\/\/www.lifenatura.com\/es\/produto\/zeolita-med-detox-200-capsulas\/\">Leer m\u00e1s&#8230;<span class=\"screen-reader-text\"> from Zeolita Med Detox 200 C\u00e1psulas<\/span><\/a><\/p>\n","protected":false},"featured_media":106003,"template":"","meta":{"_acf_changed":false},"product_brand":[8399],"product_cat":[7211,7179,7883],"product_tag":[],"class_list":{"0":"post-106088","1":"product","2":"type-product","3":"status-publish","4":"has-post-thumbnail","6":"product_brand-zeolita-med","7":"product_cat-reforza-la-inmunidad-salud","8":"product_cat-salud","9":"product_cat-suplementos-alimenticios","11":"first","12":"instock","13":"shipping-taxable","14":"purchasable","15":"product-type-simple","16":"add-to-wishlist-before_image"},"acf":[],"yoast_head":"<!-- This site is optimized with the Yoast SEO Premium plugin v27.1 (Yoast SEO v27.3) - https:\/\/yoast.com\/product\/yoast-seo-premium-wordpress\/ -->\n<title>Zeolita Med Detox 200 C\u00e1psulas - Lifenatura<\/title>\n<meta name=\"description\" content=\"Los comprimidos Zeolite Med Detox eliminan las toxinas y los metales pesados, favoreciendo la desintoxicaci\u00f3n, la protecci\u00f3n celular y el bienestar general.\" \/>\n<meta name=\"robots\" content=\"index, follow, max-snippet:-1, max-image-preview:large, max-video-preview:-1\" \/>\n<link rel=\"canonical\" href=\"https:\/\/www.lifenatura.com\/es\/produto\/zeolita-med-detox-200-capsulas\/\" \/>\n<meta property=\"og:locale\" content=\"es_ES\" \/>\n<meta property=\"og:type\" content=\"article\" \/>\n<meta property=\"og:title\" content=\"Zeolita Med Detox 200 C\u00e1psulas - Lifenatura\" \/>\n<meta property=\"og:description\" content=\"Compre aqui o seu Zeolita Med Detox 200 C\u00e1psulas e a Lifenatura Online envia em 48 H com Portes Gratis &gt;35\u20ac de Pedido.\" \/>\n<meta property=\"og:url\" content=\"https:\/\/www.lifenatura.com\/es\/produto\/zeolita-med-detox-200-capsulas\/\" \/>\n<meta property=\"og:site_name\" content=\"Lifenatura\" \/>\n<meta property=\"article:publisher\" content=\"https:\/\/www.facebook.com\/lifenatura\" \/>\n<meta property=\"article:modified_time\" content=\"2025-01-21T18:15:07+00:00\" \/>\n<meta property=\"og:image\" content=\"https:\/\/www.lifenatura.com\/wp-content\/uploads\/2025\/01\/zeolita-med-comprimidos.jpg\" \/>\n\t<meta property=\"og:image:width\" content=\"1000\" \/>\n\t<meta property=\"og:image:height\" content=\"1000\" \/>\n\t<meta property=\"og:image:type\" content=\"image\/jpeg\" \/>\n<meta name=\"twitter:card\" content=\"summary_large_image\" \/>\n<meta name=\"twitter:label1\" content=\"Precio\" \/>\n\t<meta name=\"twitter:data1\" content=\"33,30&nbsp;&euro;\" \/>\n\t<meta name=\"twitter:label2\" content=\"Disponibilidad\" \/>\n\t<meta name=\"twitter:data2\" content=\"Disponible\" \/>\n<meta property=\"product:price:amount\" content=\"33.30\" \/>\n<meta property=\"product:price:currency\" content=\"EUR\" \/>\n<meta property=\"og:availability\" content=\"instock\" \/>\n<meta property=\"product:availability\" content=\"instock\" \/>\n<meta property=\"product:retailer_item_id\" content=\"9120127211958\" \/>\n<meta property=\"product:condition\" content=\"new\" \/>\n<!-- \/ Yoast SEO Premium plugin. -->","yoast_head_json":{"title":"Zeolita Med Detox 200 C\u00e1psulas - Lifenatura","description":"Los comprimidos Zeolite Med Detox eliminan las toxinas y los metales pesados, favoreciendo la desintoxicaci\u00f3n, la protecci\u00f3n celular y el bienestar general.","robots":{"index":"index","follow":"follow","max-snippet":"max-snippet:-1","max-image-preview":"max-image-preview:large","max-video-preview":"max-video-preview:-1"},"canonical":"https:\/\/www.lifenatura.com\/es\/produto\/zeolita-med-detox-200-capsulas\/","og_locale":"es_ES","og_type":"article","og_title":"Zeolita Med Detox 200 C\u00e1psulas - Lifenatura","og_description":"Compre aqui o seu Zeolita Med Detox 200 C\u00e1psulas e a Lifenatura Online envia em 48 H com Portes Gratis >35\u20ac de Pedido.","og_url":"https:\/\/www.lifenatura.com\/es\/produto\/zeolita-med-detox-200-capsulas\/","og_site_name":"Lifenatura","article_publisher":"https:\/\/www.facebook.com\/lifenatura","article_modified_time":"2025-01-21T18:15:07+00:00","og_image":[{"width":1000,"height":1000,"url":"https:\/\/www.lifenatura.com\/wp-content\/uploads\/2025\/01\/zeolita-med-comprimidos.jpg","type":"image\/jpeg"}],"twitter_card":"summary_large_image","twitter_misc":{"Precio":"33,30&nbsp;&euro;","Disponibilidad":"Disponible"},"schema":{"@context":"https:\/\/schema.org","@graph":[{"@type":"WebPage","@id":"https:\/\/www.lifenatura.com\/es\/produto\/zeolita-med-detox-200-capsulas\/","url":"https:\/\/www.lifenatura.com\/es\/produto\/zeolita-med-detox-200-capsulas\/","name":"Zeolita Med Detox 200 C\u00e1psulas - Lifenatura","isPartOf":{"@id":"https:\/\/www.lifenatura.com\/es\/#website"},"primaryImageOfPage":{"@id":"https:\/\/www.lifenatura.com\/es\/produto\/zeolita-med-detox-200-capsulas\/#primaryimage"},"image":{"@id":"https:\/\/www.lifenatura.com\/es\/produto\/zeolita-med-detox-200-capsulas\/#primaryimage"},"thumbnailUrl":"https:\/\/www.lifenatura.com\/wp-content\/uploads\/2025\/01\/zeolita-med-comprimidos.jpg","datePublished":"2025-01-20T13:25:53+00:00","dateModified":"2025-01-21T18:15:07+00:00","description":"Los comprimidos Zeolite Med Detox eliminan las toxinas y los metales pesados, favoreciendo la desintoxicaci\u00f3n, la protecci\u00f3n celular y el bienestar general.","breadcrumb":{"@id":"https:\/\/www.lifenatura.com\/es\/produto\/zeolita-med-detox-200-capsulas\/#breadcrumb"},"inLanguage":"es","potentialAction":[{"@type":"ReadAction","target":["https:\/\/www.lifenatura.com\/es\/produto\/zeolita-med-detox-200-capsulas\/"]}]},{"@type":"ImageObject","inLanguage":"es","@id":"https:\/\/www.lifenatura.com\/es\/produto\/zeolita-med-detox-200-capsulas\/#primaryimage","url":"https:\/\/www.lifenatura.com\/wp-content\/uploads\/2025\/01\/zeolita-med-comprimidos.jpg","contentUrl":"https:\/\/www.lifenatura.com\/wp-content\/uploads\/2025\/01\/zeolita-med-comprimidos.jpg","width":1000,"height":1000,"caption":"Comprimidos desintoxicantes de zeolita"},{"@type":"BreadcrumbList","@id":"https:\/\/www.lifenatura.com\/es\/produto\/zeolita-med-detox-200-capsulas\/#breadcrumb","itemListElement":[{"@type":"ListItem","position":1,"name":"In\u00edcio","item":"https:\/\/www.lifenatura.com\/es\/"},{"@type":"ListItem","position":2,"name":"Todos los Productos","item":"https:\/\/www.lifenatura.com\/es\/tienda\/"},{"@type":"ListItem","position":3,"name":"Zeolita Med Detox 200 C\u00e1psulas"}]},{"@type":"WebSite","@id":"https:\/\/www.lifenatura.com\/es\/#website","url":"https:\/\/www.lifenatura.com\/es\/","name":"Lifenatura","description":"A Lifenatura \u00e9 uma loja de produtos naturais, cosm\u00e9tica natural e alimenta\u00e7\u00e3o Biol\u00f3gica.","publisher":{"@id":"https:\/\/www.lifenatura.com\/es\/#organization"},"potentialAction":[{"@type":"SearchAction","target":{"@type":"EntryPoint","urlTemplate":"https:\/\/www.lifenatura.com\/es\/?s={search_term_string}"},"query-input":{"@type":"PropertyValueSpecification","valueRequired":true,"valueName":"search_term_string"}}],"inLanguage":"es"},{"@type":"Organization","@id":"https:\/\/www.lifenatura.com\/es\/#organization","name":"Lifenatura","url":"https:\/\/www.lifenatura.com\/es\/","logo":{"@type":"ImageObject","inLanguage":"es","@id":"https:\/\/www.lifenatura.com\/es\/#\/schema\/logo\/image\/","url":"https:\/\/www.lifenatura.com\/wp-content\/uploads\/2021\/11\/logo.png","contentUrl":"https:\/\/www.lifenatura.com\/wp-content\/uploads\/2021\/11\/logo.png","width":175,"height":55,"caption":"Lifenatura"},"image":{"@id":"https:\/\/www.lifenatura.com\/es\/#\/schema\/logo\/image\/"},"sameAs":["https:\/\/www.facebook.com\/lifenatura","https:\/\/www.instagram.com\/lifenaturapt\/"]}]},"product_price_amount":"33.30","product_price_currency":"EUR","og_availability":"instock","product_availability":"instock","product_retailer_item_id":"9120127211958","product_condition":"new"},"df_price":33.3,"df_sale_price":"","df_regular_price":33.3,"df_image_link":"https:\/\/www.lifenatura.com\/wp-content\/uploads\/2025\/01\/zeolita-med-comprimidos-300x300.jpg","_links":{"self":[{"href":"https:\/\/www.lifenatura.com\/es\/wp-json\/wp\/v2\/product\/106088","targetHints":{"allow":["GET"]}}],"collection":[{"href":"https:\/\/www.lifenatura.com\/es\/wp-json\/wp\/v2\/product"}],"about":[{"href":"https:\/\/www.lifenatura.com\/es\/wp-json\/wp\/v2\/types\/product"}],"wp:featuredmedia":[{"embeddable":true,"href":"https:\/\/www.lifenatura.com\/es\/wp-json\/wp\/v2\/media\/106003"}],"wp:attachment":[{"href":"https:\/\/www.lifenatura.com\/es\/wp-json\/wp\/v2\/media?parent=106088"}],"wp:term":[{"taxonomy":"product_brand","embeddable":true,"href":"https:\/\/www.lifenatura.com\/es\/wp-json\/wp\/v2\/product_brand?post=106088"},{"taxonomy":"product_cat","embeddable":true,"href":"https:\/\/www.lifenatura.com\/es\/wp-json\/wp\/v2\/product_cat?post=106088"},{"taxonomy":"product_tag","embeddable":true,"href":"https:\/\/www.lifenatura.com\/es\/wp-json\/wp\/v2\/product_tag?post=106088"}],"curies":[{"name":"wp","href":"https:\/\/api.w.org\/{rel}","templated":true}]}}