{"id":106081,"date":"2025-01-20T14:08:00","date_gmt":"2025-01-20T14:08:00","guid":{"rendered":"https:\/\/www.lifenatura.com\/produto\/zeolita-med-detox-polvo-200g\/"},"modified":"2025-01-21T18:16:27","modified_gmt":"2025-01-21T18:16:27","slug":"zeolita-med-detox-polvo-200g","status":"publish","type":"product","link":"https:\/\/www.lifenatura.com\/es\/produto\/zeolita-med-detox-polvo-200g\/","title":{"rendered":"Zeolita Med Detox polvo 200g"},"content":{"rendered":"<h2 style=\"text-align: left;\"><strong>Zeolita Med Polvo Desintoxicante: Desintoxicaci\u00f3n natural y eficaz para tu cuerpo<\/strong><\/h2>\n<p>&nbsp;<\/p>\n<p>Zeolita Med Detox en polvo es un complemento alimenticio natural dise\u00f1ado para desintoxicar el organismo de forma segura y eficaz. Compuesto de zeolita clinoptilolita micronizada, este mineral volc\u00e1nico tiene una estructura \u00fanica que act\u00faa como una &#8220;esponja molecular&#8221;, absorbiendo y eliminando toxinas, metales pesados y otras impurezas.<\/p>\n<p>Su forma en polvo permite un uso vers\u00e1til y una absorci\u00f3n m\u00e1s r\u00e1pida, por lo que es ideal para quienes buscan un aliado en la purificaci\u00f3n del organismo. <strong>La Zeolita Detox en Polvo<\/strong> no digerible puede unirse selectivamente a determinadas sustancias nocivas en el tracto gastrointestinal como una esponja y eliminarlas del organismo de forma natural.<\/p>\n<p>De este modo, las sustancias nocivas ligadas se eliminan de forma natural a trav\u00e9s de los intestinos sin sobrecargar el metabolismo. Esto significa que entran menos toxinas en el organismo.<\/p>\n<p><strong>Principales ventajas:<\/strong><\/p>\n<ul>\n<li><strong>Desintoxicaci\u00f3n profunda:<\/strong> elimina los metales pesados, las toxinas y las sustancias nocivas acumuladas en el organismo.<\/li>\n<li><strong>Equilibrio corporal:<\/strong> Favorece un medio interno m\u00e1s sano y equilibrado.<\/li>\n<li><strong>Acci\u00f3n antioxidante:<\/strong> Ayuda a neutralizar los radicales libres, protegiendo las c\u00e9lulas contra el estr\u00e9s oxidativo.<\/li>\n<li><strong>Salud digestiva:<\/strong> Contribuye al equilibrio de la microbiota intestinal, favoreciendo la digesti\u00f3n.<\/li>\n<li><strong>F\u00e1cil de usar:<\/strong> La presentaci\u00f3n en polvo permite una dosificaci\u00f3n personalizada y es ideal para mezclar con agua u otros l\u00edquidos.<\/li>\n<\/ul>\n<p><strong>Adecuado para:<\/strong><\/p>\n<ul>\n<li>Personas expuestas a contaminantes, metales pesados o con una dieta desequilibrada.<\/li>\n<li>Quienes buscan una soluci\u00f3n natural para desintoxicar el organismo.<\/li>\n<li>Personas que deseen mejorar la salud digestiva y reforzar el equilibrio interno.<\/li>\n<li>Ideal para complementar los planes de desintoxicaci\u00f3n o como parte de un estilo de vida saludable.<\/li>\n<\/ul>\n<p><strong>Polvo desintoxicante de zeolita<\/strong> &#8211; producto m\u00e9dico natural de ingesti\u00f3n para aliviar el organismo ligando y eliminando los metales pesados (plomo, mercurio, cromo, cadmio, aluminio y n\u00edquel).<\/p>\n<h4><strong>\u00bfPor qu\u00e9 desintoxicarse?<\/strong><\/h4>\n<p>Por desgracia, nuestra dieta moderna no s\u00f3lo aporta al organismo sustancias valiosas como vitaminas y minerales, sino que tambi\u00e9n ingiere sustancias que pueden ser perjudiciales para la salud en determinadas cantidades.<\/p>\n<p>Entre estas sustancias est\u00e1n los contaminantes ambientales, como los metales pesados como el plomo, el mercurio, el cromo, el cadmio, el n\u00edquel y el aluminio, que pueden entrar en nuestra dieta a trav\u00e9s de la contaminaci\u00f3n del aire, el agua y el suelo.<\/p>\n<p>Estas sustancias tienen la desagradable propiedad de acumularse en la cadena alimentaria.<\/p>\n<p><strong>PRESENTACI\u00d3N<\/strong><\/p>\n<p>200g<\/p>\n<p>&nbsp;<\/p>\n","protected":false},"excerpt":{"rendered":"<p>El polvo Zeolita Med Detox favorece la desintoxicaci\u00f3n natural, eliminando toxinas y metales pesados. F\u00e1cil de usar, protege las c\u00e9lulas y mejora el bienestar. [&#8230;]<\/p>\n<p><a class=\"btn btn-secondary understrap-read-more-link\" href=\"https:\/\/www.lifenatura.com\/es\/produto\/zeolita-med-detox-polvo-200g\/\">Leer m\u00e1s&#8230;<span class=\"screen-reader-text\"> from Zeolita Med Detox polvo 200g<\/span><\/a><\/p>\n","protected":false},"featured_media":106010,"template":"","meta":{"_acf_changed":false},"product_brand":[8399],"product_cat":[7211,7179,7883],"product_tag":[],"class_list":{"0":"post-106081","1":"product","2":"type-product","3":"status-publish","4":"has-post-thumbnail","6":"product_brand-zeolita-med","7":"product_cat-reforza-la-inmunidad-salud","8":"product_cat-salud","9":"product_cat-suplementos-alimenticios","11":"first","12":"instock","13":"shipping-taxable","14":"purchasable","15":"product-type-simple","16":"add-to-wishlist-before_image"},"acf":[],"yoast_head":"<!-- This site is optimized with the Yoast SEO Premium plugin v27.1 (Yoast SEO v27.3) - https:\/\/yoast.com\/product\/yoast-seo-premium-wordpress\/ -->\n<title>Zeolita Med Detox polvo 200g - Lifenatura<\/title>\n<meta name=\"description\" content=\"Zeolita Med Detox polvo favorece la desintoxicaci\u00f3n natural, eliminando toxinas y metales pesados. F\u00e1cil de usar, protege las c\u00e9lulas y mejora el bienestar.\" \/>\n<meta name=\"robots\" content=\"index, follow, max-snippet:-1, max-image-preview:large, max-video-preview:-1\" \/>\n<link rel=\"canonical\" href=\"https:\/\/www.lifenatura.com\/es\/produto\/zeolita-med-detox-polvo-200g\/\" \/>\n<meta property=\"og:locale\" content=\"es_ES\" \/>\n<meta property=\"og:type\" content=\"article\" \/>\n<meta property=\"og:title\" content=\"Zeolita Med Detox polvo 200g - Lifenatura\" \/>\n<meta property=\"og:description\" content=\"Compre aqui o seu Zeolita Med Detox polvo 200g e a Lifenatura Online envia em 48 H com Portes Gratis &gt;35\u20ac de Pedido.\" \/>\n<meta property=\"og:url\" content=\"https:\/\/www.lifenatura.com\/es\/produto\/zeolita-med-detox-polvo-200g\/\" \/>\n<meta property=\"og:site_name\" content=\"Lifenatura\" \/>\n<meta property=\"article:publisher\" content=\"https:\/\/www.facebook.com\/lifenatura\" \/>\n<meta property=\"article:modified_time\" content=\"2025-01-21T18:16:27+00:00\" \/>\n<meta property=\"og:image\" content=\"https:\/\/www.lifenatura.com\/wp-content\/uploads\/2025\/01\/zeolita-med-po.jpg\" \/>\n\t<meta property=\"og:image:width\" content=\"1000\" \/>\n\t<meta property=\"og:image:height\" content=\"1000\" \/>\n\t<meta property=\"og:image:type\" content=\"image\/jpeg\" \/>\n<meta name=\"twitter:card\" content=\"summary_large_image\" \/>\n<meta name=\"twitter:label1\" content=\"Precio\" \/>\n\t<meta name=\"twitter:data1\" content=\"23,40&nbsp;&euro;\" \/>\n\t<meta name=\"twitter:label2\" content=\"Disponibilidad\" \/>\n\t<meta name=\"twitter:data2\" content=\"Disponible\" \/>\n<meta property=\"product:price:amount\" content=\"23.40\" \/>\n<meta property=\"product:price:currency\" content=\"EUR\" \/>\n<meta property=\"og:availability\" content=\"instock\" \/>\n<meta property=\"product:availability\" content=\"instock\" \/>\n<meta property=\"product:retailer_item_id\" content=\"9120127210029\" \/>\n<meta property=\"product:condition\" content=\"new\" \/>\n<!-- \/ Yoast SEO Premium plugin. -->","yoast_head_json":{"title":"Zeolita Med Detox polvo 200g - Lifenatura","description":"Zeolita Med Detox polvo favorece la desintoxicaci\u00f3n natural, eliminando toxinas y metales pesados. F\u00e1cil de usar, protege las c\u00e9lulas y mejora el bienestar.","robots":{"index":"index","follow":"follow","max-snippet":"max-snippet:-1","max-image-preview":"max-image-preview:large","max-video-preview":"max-video-preview:-1"},"canonical":"https:\/\/www.lifenatura.com\/es\/produto\/zeolita-med-detox-polvo-200g\/","og_locale":"es_ES","og_type":"article","og_title":"Zeolita Med Detox polvo 200g - Lifenatura","og_description":"Compre aqui o seu Zeolita Med Detox polvo 200g e a Lifenatura Online envia em 48 H com Portes Gratis >35\u20ac de Pedido.","og_url":"https:\/\/www.lifenatura.com\/es\/produto\/zeolita-med-detox-polvo-200g\/","og_site_name":"Lifenatura","article_publisher":"https:\/\/www.facebook.com\/lifenatura","article_modified_time":"2025-01-21T18:16:27+00:00","og_image":[{"width":1000,"height":1000,"url":"https:\/\/www.lifenatura.com\/wp-content\/uploads\/2025\/01\/zeolita-med-po.jpg","type":"image\/jpeg"}],"twitter_card":"summary_large_image","twitter_misc":{"Precio":"23,40&nbsp;&euro;","Disponibilidad":"Disponible"},"schema":{"@context":"https:\/\/schema.org","@graph":[{"@type":"WebPage","@id":"https:\/\/www.lifenatura.com\/es\/produto\/zeolita-med-detox-polvo-200g\/","url":"https:\/\/www.lifenatura.com\/es\/produto\/zeolita-med-detox-polvo-200g\/","name":"Zeolita Med Detox polvo 200g - Lifenatura","isPartOf":{"@id":"https:\/\/www.lifenatura.com\/es\/#website"},"primaryImageOfPage":{"@id":"https:\/\/www.lifenatura.com\/es\/produto\/zeolita-med-detox-polvo-200g\/#primaryimage"},"image":{"@id":"https:\/\/www.lifenatura.com\/es\/produto\/zeolita-med-detox-polvo-200g\/#primaryimage"},"thumbnailUrl":"https:\/\/www.lifenatura.com\/wp-content\/uploads\/2025\/01\/zeolita-med-po.jpg","datePublished":"2025-01-20T14:08:00+00:00","dateModified":"2025-01-21T18:16:27+00:00","description":"Zeolita Med Detox polvo favorece la desintoxicaci\u00f3n natural, eliminando toxinas y metales pesados. F\u00e1cil de usar, protege las c\u00e9lulas y mejora el bienestar.","breadcrumb":{"@id":"https:\/\/www.lifenatura.com\/es\/produto\/zeolita-med-detox-polvo-200g\/#breadcrumb"},"inLanguage":"es","potentialAction":[{"@type":"ReadAction","target":["https:\/\/www.lifenatura.com\/es\/produto\/zeolita-med-detox-polvo-200g\/"]}]},{"@type":"ImageObject","inLanguage":"es","@id":"https:\/\/www.lifenatura.com\/es\/produto\/zeolita-med-detox-polvo-200g\/#primaryimage","url":"https:\/\/www.lifenatura.com\/wp-content\/uploads\/2025\/01\/zeolita-med-po.jpg","contentUrl":"https:\/\/www.lifenatura.com\/wp-content\/uploads\/2025\/01\/zeolita-med-po.jpg","width":1000,"height":1000,"caption":"Zeolita en polvo"},{"@type":"BreadcrumbList","@id":"https:\/\/www.lifenatura.com\/es\/produto\/zeolita-med-detox-polvo-200g\/#breadcrumb","itemListElement":[{"@type":"ListItem","position":1,"name":"In\u00edcio","item":"https:\/\/www.lifenatura.com\/es\/"},{"@type":"ListItem","position":2,"name":"Todos los Productos","item":"https:\/\/www.lifenatura.com\/es\/tienda\/"},{"@type":"ListItem","position":3,"name":"Zeolita Med Detox polvo 200g"}]},{"@type":"WebSite","@id":"https:\/\/www.lifenatura.com\/es\/#website","url":"https:\/\/www.lifenatura.com\/es\/","name":"Lifenatura","description":"A Lifenatura \u00e9 uma loja de produtos naturais, cosm\u00e9tica natural e alimenta\u00e7\u00e3o Biol\u00f3gica.","publisher":{"@id":"https:\/\/www.lifenatura.com\/es\/#organization"},"potentialAction":[{"@type":"SearchAction","target":{"@type":"EntryPoint","urlTemplate":"https:\/\/www.lifenatura.com\/es\/?s={search_term_string}"},"query-input":{"@type":"PropertyValueSpecification","valueRequired":true,"valueName":"search_term_string"}}],"inLanguage":"es"},{"@type":"Organization","@id":"https:\/\/www.lifenatura.com\/es\/#organization","name":"Lifenatura","url":"https:\/\/www.lifenatura.com\/es\/","logo":{"@type":"ImageObject","inLanguage":"es","@id":"https:\/\/www.lifenatura.com\/es\/#\/schema\/logo\/image\/","url":"https:\/\/www.lifenatura.com\/wp-content\/uploads\/2021\/11\/logo.png","contentUrl":"https:\/\/www.lifenatura.com\/wp-content\/uploads\/2021\/11\/logo.png","width":175,"height":55,"caption":"Lifenatura"},"image":{"@id":"https:\/\/www.lifenatura.com\/es\/#\/schema\/logo\/image\/"},"sameAs":["https:\/\/www.facebook.com\/lifenatura","https:\/\/www.instagram.com\/lifenaturapt\/"]}]},"product_price_amount":"23.40","product_price_currency":"EUR","og_availability":"instock","product_availability":"instock","product_retailer_item_id":"9120127210029","product_condition":"new"},"df_price":23.4,"df_sale_price":"","df_regular_price":23.4,"df_image_link":"https:\/\/www.lifenatura.com\/wp-content\/uploads\/2025\/01\/zeolita-med-po-300x300.jpg","_links":{"self":[{"href":"https:\/\/www.lifenatura.com\/es\/wp-json\/wp\/v2\/product\/106081","targetHints":{"allow":["GET"]}}],"collection":[{"href":"https:\/\/www.lifenatura.com\/es\/wp-json\/wp\/v2\/product"}],"about":[{"href":"https:\/\/www.lifenatura.com\/es\/wp-json\/wp\/v2\/types\/product"}],"wp:featuredmedia":[{"embeddable":true,"href":"https:\/\/www.lifenatura.com\/es\/wp-json\/wp\/v2\/media\/106010"}],"wp:attachment":[{"href":"https:\/\/www.lifenatura.com\/es\/wp-json\/wp\/v2\/media?parent=106081"}],"wp:term":[{"taxonomy":"product_brand","embeddable":true,"href":"https:\/\/www.lifenatura.com\/es\/wp-json\/wp\/v2\/product_brand?post=106081"},{"taxonomy":"product_cat","embeddable":true,"href":"https:\/\/www.lifenatura.com\/es\/wp-json\/wp\/v2\/product_cat?post=106081"},{"taxonomy":"product_tag","embeddable":true,"href":"https:\/\/www.lifenatura.com\/es\/wp-json\/wp\/v2\/product_tag?post=106081"}],"curies":[{"name":"wp","href":"https:\/\/api.w.org\/{rel}","templated":true}]}}