{"id":105796,"date":"2025-01-16T14:17:12","date_gmt":"2025-01-16T14:17:12","guid":{"rendered":"https:\/\/www.lifenatura.com\/?post_type=product&#038;p=105796"},"modified":"2026-04-21T00:03:55","modified_gmt":"2026-04-21T00:03:55","slug":"adelgaslim-derrete-gorduras-pack-promocion","status":"publish","type":"product","link":"https:\/\/www.lifenatura.com\/es\/produto\/adelgaslim-derrete-gorduras-pack-promocion\/","title":{"rendered":"Adelgaslim Derrete Gorduras Paga 3 Lleva 4"},"content":{"rendered":"<h2 style=\"text-align: left;\"><strong>Adelgaslim Derrite eficazmente las grasas de forma rapida<\/strong><\/h2>\n<p><strong>Ahora con OFERTA Paga 3 Lleva 4<\/strong><\/p>\n<p>Adelgaslim derrite grasa es un suplemento natural que contribuye a la p\u00e9rdida de peso y al funcionamiento normal del metabolismo.<\/p>\n<p>El cromo contribuye al metabolismo normal de los macronutrientes y al mantenimiento de niveles normales de glucosa en la sangre. La alcachofa contribuye al metabolismo normal de los l\u00edpidos y al mantenimiento de la funci\u00f3n hep\u00e1tica normal.<\/p>\n<p>La colina contribuye al metabolismo normal de los l\u00edpidos y al mantenimiento de la funci\u00f3n hep\u00e1tica normal.<\/p>\n<p>El objetivo principal del tratamiento de este suplemento es mejorar las condiciones de salud relacionadas con el sobrepeso y reducir el riesgo de desarrollar futuras enfermedades.<\/p>\n<p>Tiene una f\u00f3rmula rica en fitonutrientes, que aportan energ\u00eda al metabolismo, promoviendo as\u00ed la lip\u00f3lisis y un efecto termog\u00e9nico, resultante de la quema de grasas. Adem\u00e1s, contiene Fiit-NS\u00ae, un extracto patentado con ensayos cl\u00ednicos probados en la p\u00e9rdida de peso, la reducci\u00f3n de la masa grasa, especialmente del torso.<\/p>\n<p><strong>PRESENTACI\u00d3N<\/strong><\/p>\n<p>30 c\u00e1psulas vegetarianas x 4<\/p>\n<p class=\"p1\">Puedes consultar otras <a href=\"https:\/\/www.lifenatura.com\/es\/categoria-produto\/salud\/packs-de-salud\/adelgaslim-packs-salud\/\"><span class=\"s1\">ofertas de la marca Adelgaslim, como Paga 3 Lleva 4<\/span><\/a><\/p>\n<p>&nbsp;<\/p>\n","protected":false},"excerpt":{"rendered":"<p>Adelgaslim Derrite la Grasa con la oferta PAGUE 3 RECIBA 4 es una f\u00f3rmula concentrada que elimina la grasa y acelera el metabolismo. [&#8230;]<\/p>\n<p><a class=\"btn btn-secondary understrap-read-more-link\" href=\"https:\/\/www.lifenatura.com\/es\/produto\/adelgaslim-derrete-gorduras-pack-promocion\/\">Leer m\u00e1s&#8230;<span class=\"screen-reader-text\"> from Adelgaslim Derrete Gorduras Paga 3 Lleva 4<\/span><\/a><\/p>\n","protected":false},"featured_media":105759,"template":"","meta":{"_acf_changed":false},"product_brand":[8280],"product_cat":[7264,7190,7145,7276,7263,7195,7179],"product_tag":[],"class_list":{"0":"post-105796","1":"product","2":"type-product","3":"status-publish","4":"has-post-thumbnail","6":"product_brand-adelgaslim","7":"product_cat-adelgaslim-packs-salud","8":"product_cat-adelgazar","9":"product_cat-alcachofa","10":"product_cat-lleve-3-pago-2","11":"product_cat-packs-de-salud","12":"product_cat-quemagrasas","13":"product_cat-salud","15":"first","16":"instock","17":"sale","18":"shipping-taxable","19":"purchasable","20":"product-type-woosb","21":"add-to-wishlist-before_image"},"acf":[],"yoast_head":"<!-- This site is optimized with the Yoast SEO Premium plugin v27.1 (Yoast SEO v27.5) - https:\/\/yoast.com\/product\/yoast-seo-premium-wordpress\/ -->\n<title>Adelgaslim Derrete Grasa Paga 3 Lleva 4 - Lifenatura<\/title>\n<meta name=\"description\" content=\"Adelgaslim Derrite la Grasa con la oferta PAGUE 3 RECIBA 4 es una f\u00f3rmula concentrada que elimina la grasa y acelera el metabolismo.\" \/>\n<meta name=\"robots\" content=\"index, follow, max-snippet:-1, max-image-preview:large, max-video-preview:-1\" \/>\n<link rel=\"canonical\" href=\"https:\/\/www.lifenatura.com\/es\/produto\/adelgaslim-derrete-gorduras-pack-promocion\/\" \/>\n<meta property=\"og:locale\" content=\"es_ES\" \/>\n<meta property=\"og:type\" content=\"article\" \/>\n<meta property=\"og:title\" content=\"Adelgaslim Derrete Gorduras Paga 3 Lleva 4 - Na Lifenatura ao Melhor Pre\u00e7o | Envio 48h\" \/>\n<meta property=\"og:description\" content=\"Compre Adelgaslim Derrete Gorduras Paga 3 Lleva 4 com envio r\u00e1pido. Entrega em 48h e portes gr\u00e1tis em compras &gt;35\u20ac. Aproveite j\u00e1 na Lifenatura\" \/>\n<meta property=\"og:url\" content=\"https:\/\/www.lifenatura.com\/es\/produto\/adelgaslim-derrete-gorduras-pack-promocion\/\" \/>\n<meta property=\"og:site_name\" content=\"Lifenatura\" \/>\n<meta property=\"article:publisher\" content=\"https:\/\/www.facebook.com\/lifenatura\" \/>\n<meta property=\"article:modified_time\" content=\"2026-04-21T00:03:55+00:00\" \/>\n<meta property=\"og:image\" content=\"https:\/\/www.lifenatura.com\/wp-content\/uploads\/2022\/06\/adelgaslim-derrete-gorduras-p3l4.jpg\" \/>\n\t<meta property=\"og:image:width\" content=\"1000\" \/>\n\t<meta property=\"og:image:height\" content=\"1000\" \/>\n\t<meta property=\"og:image:type\" content=\"image\/jpeg\" \/>\n<meta name=\"twitter:card\" content=\"summary_large_image\" \/>\n<meta name=\"twitter:label1\" content=\"Precio\" \/>\n\t<meta name=\"twitter:data1\" content=\"69,68&nbsp;&euro;\" \/>\n\t<meta name=\"twitter:label2\" content=\"Disponibilidad\" \/>\n\t<meta name=\"twitter:data2\" content=\"Disponible\" \/>\n<script type=\"application\/ld+json\" class=\"yoast-schema-graph\">{\"@context\":\"https:\\\/\\\/schema.org\",\"@graph\":[{\"@type\":\"WebPage\",\"@id\":\"https:\\\/\\\/www.lifenatura.com\\\/es\\\/produto\\\/adelgaslim-derrete-gorduras-pack-promocion\\\/\",\"url\":\"https:\\\/\\\/www.lifenatura.com\\\/es\\\/produto\\\/adelgaslim-derrete-gorduras-pack-promocion\\\/\",\"name\":\"Adelgaslim Derrete Grasa Paga 3 Lleva 4 - Lifenatura\",\"isPartOf\":{\"@id\":\"https:\\\/\\\/www.lifenatura.com\\\/es\\\/#website\"},\"primaryImageOfPage\":{\"@id\":\"https:\\\/\\\/www.lifenatura.com\\\/es\\\/produto\\\/adelgaslim-derrete-gorduras-pack-promocion\\\/#primaryimage\"},\"image\":{\"@id\":\"https:\\\/\\\/www.lifenatura.com\\\/es\\\/produto\\\/adelgaslim-derrete-gorduras-pack-promocion\\\/#primaryimage\"},\"thumbnailUrl\":\"https:\\\/\\\/www.lifenatura.com\\\/wp-content\\\/uploads\\\/2022\\\/06\\\/adelgaslim-derrete-gorduras-p3l4.jpg\",\"datePublished\":\"2025-01-16T14:17:12+00:00\",\"dateModified\":\"2026-04-21T00:03:55+00:00\",\"description\":\"Adelgaslim Derrite la Grasa con la oferta PAGUE 3 RECIBA 4 es una f\u00f3rmula concentrada que elimina la grasa y acelera el metabolismo.\",\"breadcrumb\":{\"@id\":\"https:\\\/\\\/www.lifenatura.com\\\/es\\\/produto\\\/adelgaslim-derrete-gorduras-pack-promocion\\\/#breadcrumb\"},\"inLanguage\":\"es\",\"potentialAction\":[{\"@type\":\"ReadAction\",\"target\":[\"https:\\\/\\\/www.lifenatura.com\\\/es\\\/produto\\\/adelgaslim-derrete-gorduras-pack-promocion\\\/\"]}]},{\"@type\":\"ImageObject\",\"inLanguage\":\"es\",\"@id\":\"https:\\\/\\\/www.lifenatura.com\\\/es\\\/produto\\\/adelgaslim-derrete-gorduras-pack-promocion\\\/#primaryimage\",\"url\":\"https:\\\/\\\/www.lifenatura.com\\\/wp-content\\\/uploads\\\/2022\\\/06\\\/adelgaslim-derrete-gorduras-p3l4.jpg\",\"contentUrl\":\"https:\\\/\\\/www.lifenatura.com\\\/wp-content\\\/uploads\\\/2022\\\/06\\\/adelgaslim-derrete-gorduras-p3l4.jpg\",\"width\":1000,\"height\":1000,\"caption\":\"Adelgaslim derrete gorduras oferta leve 3 pague 4\"},{\"@type\":\"BreadcrumbList\",\"@id\":\"https:\\\/\\\/www.lifenatura.com\\\/es\\\/produto\\\/adelgaslim-derrete-gorduras-pack-promocion\\\/#breadcrumb\",\"itemListElement\":[{\"@type\":\"ListItem\",\"position\":1,\"name\":\"In\u00edcio\",\"item\":\"https:\\\/\\\/www.lifenatura.com\\\/es\\\/\"},{\"@type\":\"ListItem\",\"position\":2,\"name\":\"Todos los Productos\",\"item\":\"https:\\\/\\\/www.lifenatura.com\\\/es\\\/tienda\\\/\"},{\"@type\":\"ListItem\",\"position\":3,\"name\":\"Adelgaslim Derrete Gorduras Paga 3 Lleva 4\"}]},{\"@type\":\"WebSite\",\"@id\":\"https:\\\/\\\/www.lifenatura.com\\\/es\\\/#website\",\"url\":\"https:\\\/\\\/www.lifenatura.com\\\/es\\\/\",\"name\":\"Lifenatura\",\"description\":\"A Lifenatura \u00e9 uma loja de produtos naturais, cosm\u00e9tica natural e alimenta\u00e7\u00e3o Biol\u00f3gica.\",\"publisher\":{\"@id\":\"https:\\\/\\\/www.lifenatura.com\\\/es\\\/#organization\"},\"potentialAction\":[{\"@type\":\"SearchAction\",\"target\":{\"@type\":\"EntryPoint\",\"urlTemplate\":\"https:\\\/\\\/www.lifenatura.com\\\/es\\\/?s={search_term_string}\"},\"query-input\":{\"@type\":\"PropertyValueSpecification\",\"valueRequired\":true,\"valueName\":\"search_term_string\"}}],\"inLanguage\":\"es\"},{\"@type\":\"Organization\",\"@id\":\"https:\\\/\\\/www.lifenatura.com\\\/es\\\/#organization\",\"name\":\"Lifenatura\",\"url\":\"https:\\\/\\\/www.lifenatura.com\\\/es\\\/\",\"logo\":{\"@type\":\"ImageObject\",\"inLanguage\":\"es\",\"@id\":\"https:\\\/\\\/www.lifenatura.com\\\/es\\\/#\\\/schema\\\/logo\\\/image\\\/\",\"url\":\"https:\\\/\\\/www.lifenatura.com\\\/wp-content\\\/uploads\\\/2021\\\/07\\\/logo.png\",\"contentUrl\":\"https:\\\/\\\/www.lifenatura.com\\\/wp-content\\\/uploads\\\/2021\\\/07\\\/logo.png\",\"width\":175,\"height\":55,\"caption\":\"Lifenatura\"},\"image\":{\"@id\":\"https:\\\/\\\/www.lifenatura.com\\\/es\\\/#\\\/schema\\\/logo\\\/image\\\/\"},\"sameAs\":[\"https:\\\/\\\/www.facebook.com\\\/lifenatura\",\"https:\\\/\\\/www.instagram.com\\\/lifenaturapt\\\/\"],\"hasMerchantReturnPolicy\":{\"@type\":\"MerchantReturnPolicy\",\"merchantReturnLink\":\"https:\\\/\\\/www.lifenatura.com\\\/termos-condicoes-lifenatura\\\/\"}}]}<\/script>\n<meta property=\"product:price:amount\" content=\"69.68\" \/>\n<meta property=\"product:price:currency\" content=\"EUR\" \/>\n<meta property=\"og:availability\" content=\"instock\" \/>\n<meta property=\"product:availability\" content=\"instock\" \/>\n<meta property=\"product:retailer_item_id\" content=\"56054811080066\" \/>\n<meta property=\"product:condition\" content=\"new\" \/>\n<!-- \/ Yoast SEO Premium plugin. -->","yoast_head_json":{"title":"Adelgaslim Derrete Grasa Paga 3 Lleva 4 - Lifenatura","description":"Adelgaslim Derrite la Grasa con la oferta PAGUE 3 RECIBA 4 es una f\u00f3rmula concentrada que elimina la grasa y acelera el metabolismo.","robots":{"index":"index","follow":"follow","max-snippet":"max-snippet:-1","max-image-preview":"max-image-preview:large","max-video-preview":"max-video-preview:-1"},"canonical":"https:\/\/www.lifenatura.com\/es\/produto\/adelgaslim-derrete-gorduras-pack-promocion\/","og_locale":"es_ES","og_type":"article","og_title":"Adelgaslim Derrete Gorduras Paga 3 Lleva 4 - Na Lifenatura ao Melhor Pre\u00e7o | Envio 48h","og_description":"Compre Adelgaslim Derrete Gorduras Paga 3 Lleva 4 com envio r\u00e1pido. Entrega em 48h e portes gr\u00e1tis em compras >35\u20ac. Aproveite j\u00e1 na Lifenatura","og_url":"https:\/\/www.lifenatura.com\/es\/produto\/adelgaslim-derrete-gorduras-pack-promocion\/","og_site_name":"Lifenatura","article_publisher":"https:\/\/www.facebook.com\/lifenatura","article_modified_time":"2026-04-21T00:03:55+00:00","og_image":[{"width":1000,"height":1000,"url":"https:\/\/www.lifenatura.com\/wp-content\/uploads\/2022\/06\/adelgaslim-derrete-gorduras-p3l4.jpg","type":"image\/jpeg"}],"twitter_card":"summary_large_image","twitter_misc":{"Precio":"69,68&nbsp;&euro;","Disponibilidad":"Disponible"},"schema":{"@context":"https:\/\/schema.org","@graph":[{"@type":"WebPage","@id":"https:\/\/www.lifenatura.com\/es\/produto\/adelgaslim-derrete-gorduras-pack-promocion\/","url":"https:\/\/www.lifenatura.com\/es\/produto\/adelgaslim-derrete-gorduras-pack-promocion\/","name":"Adelgaslim Derrete Grasa Paga 3 Lleva 4 - Lifenatura","isPartOf":{"@id":"https:\/\/www.lifenatura.com\/es\/#website"},"primaryImageOfPage":{"@id":"https:\/\/www.lifenatura.com\/es\/produto\/adelgaslim-derrete-gorduras-pack-promocion\/#primaryimage"},"image":{"@id":"https:\/\/www.lifenatura.com\/es\/produto\/adelgaslim-derrete-gorduras-pack-promocion\/#primaryimage"},"thumbnailUrl":"https:\/\/www.lifenatura.com\/wp-content\/uploads\/2022\/06\/adelgaslim-derrete-gorduras-p3l4.jpg","datePublished":"2025-01-16T14:17:12+00:00","dateModified":"2026-04-21T00:03:55+00:00","description":"Adelgaslim Derrite la Grasa con la oferta PAGUE 3 RECIBA 4 es una f\u00f3rmula concentrada que elimina la grasa y acelera el metabolismo.","breadcrumb":{"@id":"https:\/\/www.lifenatura.com\/es\/produto\/adelgaslim-derrete-gorduras-pack-promocion\/#breadcrumb"},"inLanguage":"es","potentialAction":[{"@type":"ReadAction","target":["https:\/\/www.lifenatura.com\/es\/produto\/adelgaslim-derrete-gorduras-pack-promocion\/"]}]},{"@type":"ImageObject","inLanguage":"es","@id":"https:\/\/www.lifenatura.com\/es\/produto\/adelgaslim-derrete-gorduras-pack-promocion\/#primaryimage","url":"https:\/\/www.lifenatura.com\/wp-content\/uploads\/2022\/06\/adelgaslim-derrete-gorduras-p3l4.jpg","contentUrl":"https:\/\/www.lifenatura.com\/wp-content\/uploads\/2022\/06\/adelgaslim-derrete-gorduras-p3l4.jpg","width":1000,"height":1000,"caption":"Adelgaslim derrete gorduras oferta leve 3 pague 4"},{"@type":"BreadcrumbList","@id":"https:\/\/www.lifenatura.com\/es\/produto\/adelgaslim-derrete-gorduras-pack-promocion\/#breadcrumb","itemListElement":[{"@type":"ListItem","position":1,"name":"In\u00edcio","item":"https:\/\/www.lifenatura.com\/es\/"},{"@type":"ListItem","position":2,"name":"Todos los Productos","item":"https:\/\/www.lifenatura.com\/es\/tienda\/"},{"@type":"ListItem","position":3,"name":"Adelgaslim Derrete Gorduras Paga 3 Lleva 4"}]},{"@type":"WebSite","@id":"https:\/\/www.lifenatura.com\/es\/#website","url":"https:\/\/www.lifenatura.com\/es\/","name":"Lifenatura","description":"A Lifenatura \u00e9 uma loja de produtos naturais, cosm\u00e9tica natural e alimenta\u00e7\u00e3o Biol\u00f3gica.","publisher":{"@id":"https:\/\/www.lifenatura.com\/es\/#organization"},"potentialAction":[{"@type":"SearchAction","target":{"@type":"EntryPoint","urlTemplate":"https:\/\/www.lifenatura.com\/es\/?s={search_term_string}"},"query-input":{"@type":"PropertyValueSpecification","valueRequired":true,"valueName":"search_term_string"}}],"inLanguage":"es"},{"@type":"Organization","@id":"https:\/\/www.lifenatura.com\/es\/#organization","name":"Lifenatura","url":"https:\/\/www.lifenatura.com\/es\/","logo":{"@type":"ImageObject","inLanguage":"es","@id":"https:\/\/www.lifenatura.com\/es\/#\/schema\/logo\/image\/","url":"https:\/\/www.lifenatura.com\/wp-content\/uploads\/2021\/07\/logo.png","contentUrl":"https:\/\/www.lifenatura.com\/wp-content\/uploads\/2021\/07\/logo.png","width":175,"height":55,"caption":"Lifenatura"},"image":{"@id":"https:\/\/www.lifenatura.com\/es\/#\/schema\/logo\/image\/"},"sameAs":["https:\/\/www.facebook.com\/lifenatura","https:\/\/www.instagram.com\/lifenaturapt\/"],"hasMerchantReturnPolicy":{"@type":"MerchantReturnPolicy","merchantReturnLink":"https:\/\/www.lifenatura.com\/termos-condicoes-lifenatura\/"}}]},"product_price_amount":"69.68","product_price_currency":"EUR","og_availability":"instock","product_availability":"instock","product_retailer_item_id":"56054811080066","product_condition":"new"},"df_price":69.68,"df_sale_price":69.69,"df_regular_price":116.16,"df_image_link":"https:\/\/www.lifenatura.com\/wp-content\/uploads\/2022\/06\/adelgaslim-derrete-gorduras-p3l4-300x300.jpg","_links":{"self":[{"href":"https:\/\/www.lifenatura.com\/es\/wp-json\/wp\/v2\/product\/105796","targetHints":{"allow":["GET"]}}],"collection":[{"href":"https:\/\/www.lifenatura.com\/es\/wp-json\/wp\/v2\/product"}],"about":[{"href":"https:\/\/www.lifenatura.com\/es\/wp-json\/wp\/v2\/types\/product"}],"wp:featuredmedia":[{"embeddable":true,"href":"https:\/\/www.lifenatura.com\/es\/wp-json\/wp\/v2\/media\/105759"}],"wp:attachment":[{"href":"https:\/\/www.lifenatura.com\/es\/wp-json\/wp\/v2\/media?parent=105796"}],"wp:term":[{"taxonomy":"product_brand","embeddable":true,"href":"https:\/\/www.lifenatura.com\/es\/wp-json\/wp\/v2\/product_brand?post=105796"},{"taxonomy":"product_cat","embeddable":true,"href":"https:\/\/www.lifenatura.com\/es\/wp-json\/wp\/v2\/product_cat?post=105796"},{"taxonomy":"product_tag","embeddable":true,"href":"https:\/\/www.lifenatura.com\/es\/wp-json\/wp\/v2\/product_tag?post=105796"}],"curies":[{"name":"wp","href":"https:\/\/api.w.org\/{rel}","templated":true}]}}