{"id":105789,"date":"2025-01-16T13:48:28","date_gmt":"2025-01-16T13:48:28","guid":{"rendered":"https:\/\/www.lifenatura.com\/?post_type=product&#038;p=105789"},"modified":"2026-04-21T00:03:55","modified_gmt":"2026-04-21T00:03:55","slug":"adelgacell-drenaje-celulitico-600ml-dietmed-copia","status":"publish","type":"product","link":"https:\/\/www.lifenatura.com\/es\/produto\/adelgacell-drenaje-celulitico-600ml-dietmed-copia\/","title":{"rendered":"Adelgacell Drenaje Celul\u00edtico Paga 3 Lleva 4"},"content":{"rendered":"<h2 style=\"text-align: left;\"><strong>Adelgacell elimina la celulitis desde el interior<\/strong><\/h2>\n<p><strong>Ahora con OFERTA Paga 3 Lleva 4<\/strong><\/p>\n<p>Adelgacell drena la celulitis presenta una asociaci\u00f3n de plantas con acci\u00f3n drenante, \u00fatil en la lucha contra la celulitis. Elimina la grasa acumulada, teniendo un efecto reductor en la circunferencia del muslo, reduciendo tambi\u00e9n el tejido adiposo.<\/p>\n<p><strong>P\u00c9RDIDA DE PESO<\/strong><\/p>\n<p>El guaran\u00e1, en el contexto de una dieta baja en energ\u00eda, contribuye a la p\u00e9rdida de peso.<\/p>\n<p><strong>CONTRA EL EFECTO PIEL DE NARANJA<\/strong><\/p>\n<p>La vid roja contribuye al mantenimiento de una piel normal.<\/p>\n<p>La celulitis afecta a una media de 8 de cada 10 mujeres. Aparece sobre todo por el sedentarismo, la falta de actividad f\u00edsica y el estr\u00e9s al que muchas mujeres se someten a diario. Adem\u00e1s, la carga gen\u00e9tica tambi\u00e9n tiene una importante contribuci\u00f3n.<\/p>\n<p>La celulitis se forma por la modificaci\u00f3n del tejido adiposo subcut\u00e1neo. Debido a la mala circulaci\u00f3n en este tejido, se acumulan grasas, l\u00edquidos y toxinas, as\u00ed como la p\u00e9rdida de elasticidad de la piel, lo que en conjunto provoca la antiest\u00e9tica alteraci\u00f3n conocida como &#8220;piel de naranja&#8221;.<\/p>\n<p><strong>PRESENTACI\u00d3N<\/strong><\/p>\n<p>600 ml x 4<\/p>\n<p class=\"p1\">Puedes consultar otras <a href=\"https:\/\/www.lifenatura.com\/es\/categoria-produto\/salud\/packs-de-salud\/adelgaslim-packs-salud\/\" target=\"_blank\" rel=\"noopener\">ofertas de la marca Adelgaslim, como Paga 3 Lleva 4<\/a><\/p>\n<p>&nbsp;<\/p>\n","protected":false},"excerpt":{"rendered":"<p>Adelgacell Drain ahora en oferta Paga 3 Consigue 4, con acci\u00f3n drenante, \u00fatil en la lucha contra la celulitis. Elimina la grasa acumulada. [&#8230;]<\/p>\n<p><a class=\"btn btn-secondary understrap-read-more-link\" href=\"https:\/\/www.lifenatura.com\/es\/produto\/adelgacell-drenaje-celulitico-600ml-dietmed-copia\/\">Leer m\u00e1s&#8230;<span class=\"screen-reader-text\"> from Adelgacell Drenaje Celul\u00edtico Paga 3 Lleva 4<\/span><\/a><\/p>\n","protected":false},"featured_media":105740,"template":"","meta":{"_acf_changed":false},"product_brand":[8280],"product_cat":[7264,7190,7192,7157,7156,7722,7163,7659,7263,8048,7179,7159],"product_tag":[],"class_list":{"0":"post-105789","1":"product","2":"type-product","3":"status-publish","4":"has-post-thumbnail","6":"product_brand-adelgaslim","7":"product_cat-adelgaslim-packs-salud","8":"product_cat-adelgazar","9":"product_cat-celulitis","10":"product_cat-centella-asiatica","11":"product_cat-cola-de-caballo","12":"product_cat-guarana-es","13":"product_cat-hinojo","14":"product_cat-ingrediente-natural-bio","15":"product_cat-packs-de-salud","16":"product_cat-paga-3-lleva-4","17":"product_cat-salud","18":"product_cat-te-verde","20":"first","21":"instock","22":"sale","23":"shipping-taxable","24":"purchasable","25":"product-type-woosb","26":"add-to-wishlist-before_image"},"acf":[],"yoast_head":"<!-- This site is optimized with the Yoast SEO Premium plugin v27.1 (Yoast SEO v27.5) - https:\/\/yoast.com\/product\/yoast-seo-premium-wordpress\/ -->\n<title>Adelgacell Drenaje Celul\u00edtico Paga 3 Lleva 4 - Lifenatura<\/title>\n<meta name=\"description\" content=\"Adelgacell Drain ahora en oferta Paga 3 Consigue 4, con acci\u00f3n drenante, \u00fatil en la lucha contra la celulitis. Elimina la grasa acumulada.\" \/>\n<meta name=\"robots\" content=\"index, follow, max-snippet:-1, max-image-preview:large, max-video-preview:-1\" \/>\n<link rel=\"canonical\" href=\"https:\/\/www.lifenatura.com\/es\/produto\/adelgacell-drenaje-celulitico-600ml-dietmed-copia\/\" \/>\n<meta property=\"og:locale\" content=\"es_ES\" \/>\n<meta property=\"og:type\" content=\"article\" \/>\n<meta property=\"og:title\" content=\"Adelgacell Drenaje Celul\u00edtico Paga 3 Lleva 4 - Na Lifenatura ao Melhor Pre\u00e7o | Envio 48h\" \/>\n<meta property=\"og:description\" content=\"Compre Adelgacell Drenaje Celul\u00edtico Paga 3 Lleva 4 com envio r\u00e1pido. Entrega em 48h e portes gr\u00e1tis em compras &gt;35\u20ac. Aproveite j\u00e1 na Lifenatura\" \/>\n<meta property=\"og:url\" content=\"https:\/\/www.lifenatura.com\/es\/produto\/adelgacell-drenaje-celulitico-600ml-dietmed-copia\/\" \/>\n<meta property=\"og:site_name\" content=\"Lifenatura\" \/>\n<meta property=\"article:publisher\" content=\"https:\/\/www.facebook.com\/lifenatura\" \/>\n<meta property=\"article:modified_time\" content=\"2026-04-21T00:03:55+00:00\" \/>\n<meta property=\"og:image\" content=\"https:\/\/www.lifenatura.com\/wp-content\/uploads\/2022\/06\/adelgacell-drain-p3l4.jpg\" \/>\n\t<meta property=\"og:image:width\" content=\"1000\" \/>\n\t<meta property=\"og:image:height\" content=\"1000\" \/>\n\t<meta property=\"og:image:type\" content=\"image\/jpeg\" \/>\n<meta name=\"twitter:card\" content=\"summary_large_image\" \/>\n<meta name=\"twitter:label1\" content=\"Precio\" \/>\n\t<meta name=\"twitter:data1\" content=\"69,92&nbsp;&euro;\" \/>\n\t<meta name=\"twitter:label2\" content=\"Disponibilidad\" \/>\n\t<meta name=\"twitter:data2\" content=\"Disponible\" \/>\n<script type=\"application\/ld+json\" class=\"yoast-schema-graph\">{\"@context\":\"https:\\\/\\\/schema.org\",\"@graph\":[{\"@type\":\"WebPage\",\"@id\":\"https:\\\/\\\/www.lifenatura.com\\\/es\\\/produto\\\/adelgacell-drenaje-celulitico-600ml-dietmed-copia\\\/\",\"url\":\"https:\\\/\\\/www.lifenatura.com\\\/es\\\/produto\\\/adelgacell-drenaje-celulitico-600ml-dietmed-copia\\\/\",\"name\":\"Adelgacell Drenaje Celul\u00edtico Paga 3 Lleva 4 - Lifenatura\",\"isPartOf\":{\"@id\":\"https:\\\/\\\/www.lifenatura.com\\\/es\\\/#website\"},\"primaryImageOfPage\":{\"@id\":\"https:\\\/\\\/www.lifenatura.com\\\/es\\\/produto\\\/adelgacell-drenaje-celulitico-600ml-dietmed-copia\\\/#primaryimage\"},\"image\":{\"@id\":\"https:\\\/\\\/www.lifenatura.com\\\/es\\\/produto\\\/adelgacell-drenaje-celulitico-600ml-dietmed-copia\\\/#primaryimage\"},\"thumbnailUrl\":\"https:\\\/\\\/www.lifenatura.com\\\/wp-content\\\/uploads\\\/2022\\\/06\\\/adelgacell-drain-p3l4.jpg\",\"datePublished\":\"2025-01-16T13:48:28+00:00\",\"dateModified\":\"2026-04-21T00:03:55+00:00\",\"description\":\"Adelgacell Drain ahora en oferta Paga 3 Consigue 4, con acci\u00f3n drenante, \u00fatil en la lucha contra la celulitis. Elimina la grasa acumulada.\",\"breadcrumb\":{\"@id\":\"https:\\\/\\\/www.lifenatura.com\\\/es\\\/produto\\\/adelgacell-drenaje-celulitico-600ml-dietmed-copia\\\/#breadcrumb\"},\"inLanguage\":\"es\",\"potentialAction\":[{\"@type\":\"ReadAction\",\"target\":[\"https:\\\/\\\/www.lifenatura.com\\\/es\\\/produto\\\/adelgacell-drenaje-celulitico-600ml-dietmed-copia\\\/\"]}]},{\"@type\":\"ImageObject\",\"inLanguage\":\"es\",\"@id\":\"https:\\\/\\\/www.lifenatura.com\\\/es\\\/produto\\\/adelgacell-drenaje-celulitico-600ml-dietmed-copia\\\/#primaryimage\",\"url\":\"https:\\\/\\\/www.lifenatura.com\\\/wp-content\\\/uploads\\\/2022\\\/06\\\/adelgacell-drain-p3l4.jpg\",\"contentUrl\":\"https:\\\/\\\/www.lifenatura.com\\\/wp-content\\\/uploads\\\/2022\\\/06\\\/adelgacell-drain-p3l4.jpg\",\"width\":1000,\"height\":1000,\"caption\":\"Adelgacell drain com oferta Pague 3 Leve 4\"},{\"@type\":\"BreadcrumbList\",\"@id\":\"https:\\\/\\\/www.lifenatura.com\\\/es\\\/produto\\\/adelgacell-drenaje-celulitico-600ml-dietmed-copia\\\/#breadcrumb\",\"itemListElement\":[{\"@type\":\"ListItem\",\"position\":1,\"name\":\"In\u00edcio\",\"item\":\"https:\\\/\\\/www.lifenatura.com\\\/es\\\/\"},{\"@type\":\"ListItem\",\"position\":2,\"name\":\"Todos los Productos\",\"item\":\"https:\\\/\\\/www.lifenatura.com\\\/es\\\/tienda\\\/\"},{\"@type\":\"ListItem\",\"position\":3,\"name\":\"Adelgacell Drenaje Celul\u00edtico Paga 3 Lleva 4\"}]},{\"@type\":\"WebSite\",\"@id\":\"https:\\\/\\\/www.lifenatura.com\\\/es\\\/#website\",\"url\":\"https:\\\/\\\/www.lifenatura.com\\\/es\\\/\",\"name\":\"Lifenatura\",\"description\":\"A Lifenatura \u00e9 uma loja de produtos naturais, cosm\u00e9tica natural e alimenta\u00e7\u00e3o Biol\u00f3gica.\",\"publisher\":{\"@id\":\"https:\\\/\\\/www.lifenatura.com\\\/es\\\/#organization\"},\"potentialAction\":[{\"@type\":\"SearchAction\",\"target\":{\"@type\":\"EntryPoint\",\"urlTemplate\":\"https:\\\/\\\/www.lifenatura.com\\\/es\\\/?s={search_term_string}\"},\"query-input\":{\"@type\":\"PropertyValueSpecification\",\"valueRequired\":true,\"valueName\":\"search_term_string\"}}],\"inLanguage\":\"es\"},{\"@type\":\"Organization\",\"@id\":\"https:\\\/\\\/www.lifenatura.com\\\/es\\\/#organization\",\"name\":\"Lifenatura\",\"url\":\"https:\\\/\\\/www.lifenatura.com\\\/es\\\/\",\"logo\":{\"@type\":\"ImageObject\",\"inLanguage\":\"es\",\"@id\":\"https:\\\/\\\/www.lifenatura.com\\\/es\\\/#\\\/schema\\\/logo\\\/image\\\/\",\"url\":\"https:\\\/\\\/www.lifenatura.com\\\/wp-content\\\/uploads\\\/2021\\\/07\\\/logo.png\",\"contentUrl\":\"https:\\\/\\\/www.lifenatura.com\\\/wp-content\\\/uploads\\\/2021\\\/07\\\/logo.png\",\"width\":175,\"height\":55,\"caption\":\"Lifenatura\"},\"image\":{\"@id\":\"https:\\\/\\\/www.lifenatura.com\\\/es\\\/#\\\/schema\\\/logo\\\/image\\\/\"},\"sameAs\":[\"https:\\\/\\\/www.facebook.com\\\/lifenatura\",\"https:\\\/\\\/www.instagram.com\\\/lifenaturapt\\\/\"],\"hasMerchantReturnPolicy\":{\"@type\":\"MerchantReturnPolicy\",\"merchantReturnLink\":\"https:\\\/\\\/www.lifenatura.com\\\/termos-condicoes-lifenatura\\\/\"}}]}<\/script>\n<meta property=\"product:price:amount\" content=\"69.92\" \/>\n<meta property=\"product:price:currency\" content=\"EUR\" \/>\n<meta property=\"og:availability\" content=\"instock\" \/>\n<meta property=\"product:availability\" content=\"instock\" \/>\n<meta property=\"product:retailer_item_id\" content=\"56054811023877\" \/>\n<meta property=\"product:condition\" content=\"new\" \/>\n<!-- \/ Yoast SEO Premium plugin. -->","yoast_head_json":{"title":"Adelgacell Drenaje Celul\u00edtico Paga 3 Lleva 4 - Lifenatura","description":"Adelgacell Drain ahora en oferta Paga 3 Consigue 4, con acci\u00f3n drenante, \u00fatil en la lucha contra la celulitis. Elimina la grasa acumulada.","robots":{"index":"index","follow":"follow","max-snippet":"max-snippet:-1","max-image-preview":"max-image-preview:large","max-video-preview":"max-video-preview:-1"},"canonical":"https:\/\/www.lifenatura.com\/es\/produto\/adelgacell-drenaje-celulitico-600ml-dietmed-copia\/","og_locale":"es_ES","og_type":"article","og_title":"Adelgacell Drenaje Celul\u00edtico Paga 3 Lleva 4 - Na Lifenatura ao Melhor Pre\u00e7o | Envio 48h","og_description":"Compre Adelgacell Drenaje Celul\u00edtico Paga 3 Lleva 4 com envio r\u00e1pido. Entrega em 48h e portes gr\u00e1tis em compras >35\u20ac. Aproveite j\u00e1 na Lifenatura","og_url":"https:\/\/www.lifenatura.com\/es\/produto\/adelgacell-drenaje-celulitico-600ml-dietmed-copia\/","og_site_name":"Lifenatura","article_publisher":"https:\/\/www.facebook.com\/lifenatura","article_modified_time":"2026-04-21T00:03:55+00:00","og_image":[{"width":1000,"height":1000,"url":"https:\/\/www.lifenatura.com\/wp-content\/uploads\/2022\/06\/adelgacell-drain-p3l4.jpg","type":"image\/jpeg"}],"twitter_card":"summary_large_image","twitter_misc":{"Precio":"69,92&nbsp;&euro;","Disponibilidad":"Disponible"},"schema":{"@context":"https:\/\/schema.org","@graph":[{"@type":"WebPage","@id":"https:\/\/www.lifenatura.com\/es\/produto\/adelgacell-drenaje-celulitico-600ml-dietmed-copia\/","url":"https:\/\/www.lifenatura.com\/es\/produto\/adelgacell-drenaje-celulitico-600ml-dietmed-copia\/","name":"Adelgacell Drenaje Celul\u00edtico Paga 3 Lleva 4 - Lifenatura","isPartOf":{"@id":"https:\/\/www.lifenatura.com\/es\/#website"},"primaryImageOfPage":{"@id":"https:\/\/www.lifenatura.com\/es\/produto\/adelgacell-drenaje-celulitico-600ml-dietmed-copia\/#primaryimage"},"image":{"@id":"https:\/\/www.lifenatura.com\/es\/produto\/adelgacell-drenaje-celulitico-600ml-dietmed-copia\/#primaryimage"},"thumbnailUrl":"https:\/\/www.lifenatura.com\/wp-content\/uploads\/2022\/06\/adelgacell-drain-p3l4.jpg","datePublished":"2025-01-16T13:48:28+00:00","dateModified":"2026-04-21T00:03:55+00:00","description":"Adelgacell Drain ahora en oferta Paga 3 Consigue 4, con acci\u00f3n drenante, \u00fatil en la lucha contra la celulitis. Elimina la grasa acumulada.","breadcrumb":{"@id":"https:\/\/www.lifenatura.com\/es\/produto\/adelgacell-drenaje-celulitico-600ml-dietmed-copia\/#breadcrumb"},"inLanguage":"es","potentialAction":[{"@type":"ReadAction","target":["https:\/\/www.lifenatura.com\/es\/produto\/adelgacell-drenaje-celulitico-600ml-dietmed-copia\/"]}]},{"@type":"ImageObject","inLanguage":"es","@id":"https:\/\/www.lifenatura.com\/es\/produto\/adelgacell-drenaje-celulitico-600ml-dietmed-copia\/#primaryimage","url":"https:\/\/www.lifenatura.com\/wp-content\/uploads\/2022\/06\/adelgacell-drain-p3l4.jpg","contentUrl":"https:\/\/www.lifenatura.com\/wp-content\/uploads\/2022\/06\/adelgacell-drain-p3l4.jpg","width":1000,"height":1000,"caption":"Adelgacell drain com oferta Pague 3 Leve 4"},{"@type":"BreadcrumbList","@id":"https:\/\/www.lifenatura.com\/es\/produto\/adelgacell-drenaje-celulitico-600ml-dietmed-copia\/#breadcrumb","itemListElement":[{"@type":"ListItem","position":1,"name":"In\u00edcio","item":"https:\/\/www.lifenatura.com\/es\/"},{"@type":"ListItem","position":2,"name":"Todos los Productos","item":"https:\/\/www.lifenatura.com\/es\/tienda\/"},{"@type":"ListItem","position":3,"name":"Adelgacell Drenaje Celul\u00edtico Paga 3 Lleva 4"}]},{"@type":"WebSite","@id":"https:\/\/www.lifenatura.com\/es\/#website","url":"https:\/\/www.lifenatura.com\/es\/","name":"Lifenatura","description":"A Lifenatura \u00e9 uma loja de produtos naturais, cosm\u00e9tica natural e alimenta\u00e7\u00e3o Biol\u00f3gica.","publisher":{"@id":"https:\/\/www.lifenatura.com\/es\/#organization"},"potentialAction":[{"@type":"SearchAction","target":{"@type":"EntryPoint","urlTemplate":"https:\/\/www.lifenatura.com\/es\/?s={search_term_string}"},"query-input":{"@type":"PropertyValueSpecification","valueRequired":true,"valueName":"search_term_string"}}],"inLanguage":"es"},{"@type":"Organization","@id":"https:\/\/www.lifenatura.com\/es\/#organization","name":"Lifenatura","url":"https:\/\/www.lifenatura.com\/es\/","logo":{"@type":"ImageObject","inLanguage":"es","@id":"https:\/\/www.lifenatura.com\/es\/#\/schema\/logo\/image\/","url":"https:\/\/www.lifenatura.com\/wp-content\/uploads\/2021\/07\/logo.png","contentUrl":"https:\/\/www.lifenatura.com\/wp-content\/uploads\/2021\/07\/logo.png","width":175,"height":55,"caption":"Lifenatura"},"image":{"@id":"https:\/\/www.lifenatura.com\/es\/#\/schema\/logo\/image\/"},"sameAs":["https:\/\/www.facebook.com\/lifenatura","https:\/\/www.instagram.com\/lifenaturapt\/"],"hasMerchantReturnPolicy":{"@type":"MerchantReturnPolicy","merchantReturnLink":"https:\/\/www.lifenatura.com\/termos-condicoes-lifenatura\/"}}]},"product_price_amount":"69.92","product_price_currency":"EUR","og_availability":"instock","product_availability":"instock","product_retailer_item_id":"56054811023877","product_condition":"new"},"df_price":69.92,"df_sale_price":69.93,"df_regular_price":116.56,"df_image_link":"https:\/\/www.lifenatura.com\/wp-content\/uploads\/2022\/06\/adelgacell-drain-p3l4-300x300.jpg","_links":{"self":[{"href":"https:\/\/www.lifenatura.com\/es\/wp-json\/wp\/v2\/product\/105789","targetHints":{"allow":["GET"]}}],"collection":[{"href":"https:\/\/www.lifenatura.com\/es\/wp-json\/wp\/v2\/product"}],"about":[{"href":"https:\/\/www.lifenatura.com\/es\/wp-json\/wp\/v2\/types\/product"}],"wp:featuredmedia":[{"embeddable":true,"href":"https:\/\/www.lifenatura.com\/es\/wp-json\/wp\/v2\/media\/105740"}],"wp:attachment":[{"href":"https:\/\/www.lifenatura.com\/es\/wp-json\/wp\/v2\/media?parent=105789"}],"wp:term":[{"taxonomy":"product_brand","embeddable":true,"href":"https:\/\/www.lifenatura.com\/es\/wp-json\/wp\/v2\/product_brand?post=105789"},{"taxonomy":"product_cat","embeddable":true,"href":"https:\/\/www.lifenatura.com\/es\/wp-json\/wp\/v2\/product_cat?post=105789"},{"taxonomy":"product_tag","embeddable":true,"href":"https:\/\/www.lifenatura.com\/es\/wp-json\/wp\/v2\/product_tag?post=105789"}],"curies":[{"name":"wp","href":"https:\/\/api.w.org\/{rel}","templated":true}]}}