{"id":103930,"date":"2024-11-06T11:40:28","date_gmt":"2024-11-06T11:40:28","guid":{"rendered":"https:\/\/www.lifenatura.com\/produto\/aceite-de-coco-premium-para-cocinar-500ml-dr-goerg\/"},"modified":"2024-12-10T11:03:49","modified_gmt":"2024-12-10T11:03:49","slug":"aceite-de-coco-premium-para-cocinar-500ml-dr-goerg","status":"publish","type":"product","link":"https:\/\/www.lifenatura.com\/es\/produto\/aceite-de-coco-premium-para-cocinar-500ml-dr-goerg\/","title":{"rendered":"Aceite de Coco Premium para cocinar 500ml &#8211; Dr Goerg"},"content":{"rendered":"<h2 style=\"text-align: left;\"><strong>Aceite de coco para cocinar del Dr. Goerg, saludable para tus recetas<\/strong><\/h2>\n<p>&nbsp;<\/p>\n<p><strong>El Aceite de Coco para Cocinar Dr Goerg&#8217;s<\/strong> es la elecci\u00f3n ideal para quienes desean un aceite sano y natural en su cocina. Este aceite se extrae en fr\u00edo de cocos frescos, conservando sus cualidades nutritivas y su caracter\u00edstico sabor tropical.<\/p>\n<p>Procedente de la agricultura ecol\u00f3gica y totalmente libre de aditivos artificiales, el Aceite de Coco Dr Goerg es perfecto para quien desee a\u00f1adir un toque de sabor y salud a sus comidas diarias. Este vers\u00e1til aceite es resistente a las altas temperaturas, por lo que es ideal para cocinar, fre\u00edr, hornear o incluso a\u00f1adir a las bebidas.<\/p>\n<p>Rico en \u00e1cido l\u00e1urico, aporta beneficios que ayudan a mantener un sistema inmunitario sano y una digesti\u00f3n equilibrada. Es una fuente natural de energ\u00eda r\u00e1pida gracias a sus triglic\u00e9ridos de cadena media (TCM), que el organismo metaboliza r\u00e1pidamente, lo que lo convierte en una opci\u00f3n excelente para quienes siguen una dieta cetog\u00e9nica o baja en carbohidratos.<\/p>\n<h4>Principales ventajas:<\/h4>\n<ul>\n<li><strong>Resistente a altas temperaturas:<\/strong> Ideal para cocinar, hornear o fre\u00edr, permanece estable sin oxidarse.<\/li>\n<li><strong>Fuente de energ\u00eda natural:<\/strong> \u00c1cido l\u00e1urico y MCT que ayudan a proporcionar al cuerpo energ\u00eda r\u00e1pida.<\/li>\n<li><strong>Sano y natural:<\/strong> Ecol\u00f3gico, sin aditivos y con propiedades que refuerzan el sistema inmunitario.<\/li>\n<\/ul>\n<h4>Adecuado para:<\/h4>\n<p>Ideal para quienes buscan un aceite natural y sano para cocinar a diario. Especialmente recomendado para las personas que siguen una dieta sana, cetog\u00e9nica o vegetariana.<\/p>\n<p><strong>PRESENTACI\u00d3N<\/strong><\/p>\n<p>500 ml<\/p>\n<p>&nbsp;<\/p>\n","protected":false},"excerpt":{"rendered":"<p>Aceite de coco para cocinar Dr Goerg, ecol\u00f3gico y resistente al calor. Ideal para cocinar, fre\u00edr y hornear, con beneficios para la energ\u00eda y el sistema inmunitario [&#8230;]<\/p>\n<p><a class=\"btn btn-secondary understrap-read-more-link\" href=\"https:\/\/www.lifenatura.com\/es\/produto\/aceite-de-coco-premium-para-cocinar-500ml-dr-goerg\/\">Leer m\u00e1s&#8230;<span class=\"screen-reader-text\"> from Aceite de Coco Premium para cocinar 500ml &#8211; Dr Goerg<\/span><\/a><\/p>\n","protected":false},"featured_media":101758,"template":"","meta":{"_acf_changed":false},"product_brand":[8505],"product_cat":[7094,7064,7074],"product_tag":[],"class_list":{"0":"post-103930","1":"product","2":"type-product","3":"status-publish","4":"has-post-thumbnail","6":"product_brand-dr-goerg","7":"product_cat-aceite-de-coco","8":"product_cat-alimentacion-sana","9":"product_cat-productos-alimenticios","10":"pa_caracteristicas-biologico","11":"pa_caracteristicas-sin-conservantes","12":"pa_caracteristicas-sin-gluten","13":"pa_caracteristicas-sin-lactosa","14":"pa_caracteristicas-vegano","15":"pa_caracteristicas-vegetariano","17":"first","18":"instock","19":"shipping-taxable","20":"purchasable","21":"product-type-simple","22":"add-to-wishlist-before_image"},"acf":[],"yoast_head":"<!-- This site is optimized with the Yoast SEO Premium plugin v27.1 (Yoast SEO v27.5) - https:\/\/yoast.com\/product\/yoast-seo-premium-wordpress\/ -->\n<title>Aceite de Coco Premium para cocinar 500ml - Dr Goerg - Na Lifenatura ao Melhor Pre\u00e7o | Envio em 48h<\/title>\n<meta name=\"description\" content=\"Aceite de coco para cocinar Dr Goerg, ecol\u00f3gico y resistente al calor. Ideal para cocinar, fre\u00edr y hornear, con varios beneficios en el sistema inmunitario.\" \/>\n<meta name=\"robots\" content=\"index, follow, max-snippet:-1, max-image-preview:large, max-video-preview:-1\" \/>\n<link rel=\"canonical\" href=\"https:\/\/www.lifenatura.com\/es\/produto\/aceite-de-coco-premium-para-cocinar-500ml-dr-goerg\/\" \/>\n<meta property=\"og:locale\" content=\"es_ES\" \/>\n<meta property=\"og:type\" content=\"article\" \/>\n<meta property=\"og:title\" content=\"Aceite de Coco Premium para cocinar 500ml - Dr Goerg - Na Lifenatura ao Melhor Pre\u00e7o | Envio 48h\" \/>\n<meta property=\"og:description\" content=\"Compre Aceite de Coco Premium para cocinar 500ml - Dr Goerg com envio r\u00e1pido. Entrega em 48h e portes gr\u00e1tis em compras &gt;35\u20ac. Aproveite j\u00e1 na Lifenatura\" \/>\n<meta property=\"og:url\" content=\"https:\/\/www.lifenatura.com\/es\/produto\/aceite-de-coco-premium-para-cocinar-500ml-dr-goerg\/\" \/>\n<meta property=\"og:site_name\" content=\"Lifenatura\" \/>\n<meta property=\"article:publisher\" content=\"https:\/\/www.facebook.com\/lifenatura\" \/>\n<meta property=\"article:modified_time\" content=\"2024-12-10T11:03:49+00:00\" \/>\n<meta property=\"og:image\" content=\"https:\/\/www.lifenatura.com\/wp-content\/uploads\/2024\/11\/oleo-coco-bio-para-cozinha-dr-goerg.jpg\" \/>\n\t<meta property=\"og:image:width\" content=\"1000\" \/>\n\t<meta property=\"og:image:height\" content=\"1000\" \/>\n\t<meta property=\"og:image:type\" content=\"image\/jpeg\" \/>\n<meta name=\"twitter:card\" content=\"summary_large_image\" \/>\n<meta name=\"twitter:label1\" content=\"Precio\" \/>\n\t<meta name=\"twitter:data1\" content=\"11,55&nbsp;&euro;\" \/>\n\t<meta name=\"twitter:label2\" content=\"Disponibilidad\" \/>\n\t<meta name=\"twitter:data2\" content=\"Disponible\" \/>\n<script type=\"application\/ld+json\" class=\"yoast-schema-graph\">{\"@context\":\"https:\\\/\\\/schema.org\",\"@graph\":[{\"@type\":\"WebPage\",\"@id\":\"https:\\\/\\\/www.lifenatura.com\\\/es\\\/produto\\\/aceite-de-coco-premium-para-cocinar-500ml-dr-goerg\\\/\",\"url\":\"https:\\\/\\\/www.lifenatura.com\\\/es\\\/produto\\\/aceite-de-coco-premium-para-cocinar-500ml-dr-goerg\\\/\",\"name\":\"Aceite de Coco Premium para cocinar 500ml - Dr Goerg - Na Lifenatura ao Melhor Pre\u00e7o | Envio em 48h\",\"isPartOf\":{\"@id\":\"https:\\\/\\\/www.lifenatura.com\\\/es\\\/#website\"},\"primaryImageOfPage\":{\"@id\":\"https:\\\/\\\/www.lifenatura.com\\\/es\\\/produto\\\/aceite-de-coco-premium-para-cocinar-500ml-dr-goerg\\\/#primaryimage\"},\"image\":{\"@id\":\"https:\\\/\\\/www.lifenatura.com\\\/es\\\/produto\\\/aceite-de-coco-premium-para-cocinar-500ml-dr-goerg\\\/#primaryimage\"},\"thumbnailUrl\":\"https:\\\/\\\/www.lifenatura.com\\\/wp-content\\\/uploads\\\/2024\\\/11\\\/oleo-coco-bio-para-cozinha-dr-goerg.jpg\",\"datePublished\":\"2024-11-06T11:40:28+00:00\",\"dateModified\":\"2024-12-10T11:03:49+00:00\",\"description\":\"Aceite de coco para cocinar Dr Goerg, ecol\u00f3gico y resistente al calor. Ideal para cocinar, fre\u00edr y hornear, con varios beneficios en el sistema inmunitario.\",\"breadcrumb\":{\"@id\":\"https:\\\/\\\/www.lifenatura.com\\\/es\\\/produto\\\/aceite-de-coco-premium-para-cocinar-500ml-dr-goerg\\\/#breadcrumb\"},\"inLanguage\":\"es\",\"potentialAction\":[{\"@type\":\"ReadAction\",\"target\":[\"https:\\\/\\\/www.lifenatura.com\\\/es\\\/produto\\\/aceite-de-coco-premium-para-cocinar-500ml-dr-goerg\\\/\"]}]},{\"@type\":\"ImageObject\",\"inLanguage\":\"es\",\"@id\":\"https:\\\/\\\/www.lifenatura.com\\\/es\\\/produto\\\/aceite-de-coco-premium-para-cocinar-500ml-dr-goerg\\\/#primaryimage\",\"url\":\"https:\\\/\\\/www.lifenatura.com\\\/wp-content\\\/uploads\\\/2024\\\/11\\\/oleo-coco-bio-para-cozinha-dr-goerg.jpg\",\"contentUrl\":\"https:\\\/\\\/www.lifenatura.com\\\/wp-content\\\/uploads\\\/2024\\\/11\\\/oleo-coco-bio-para-cozinha-dr-goerg.jpg\",\"width\":1000,\"height\":1000,\"caption\":\"Aceite de coco Dr Goerg para cocinar\"},{\"@type\":\"BreadcrumbList\",\"@id\":\"https:\\\/\\\/www.lifenatura.com\\\/es\\\/produto\\\/aceite-de-coco-premium-para-cocinar-500ml-dr-goerg\\\/#breadcrumb\",\"itemListElement\":[{\"@type\":\"ListItem\",\"position\":1,\"name\":\"In\u00edcio\",\"item\":\"https:\\\/\\\/www.lifenatura.com\\\/es\\\/\"},{\"@type\":\"ListItem\",\"position\":2,\"name\":\"Todos los Productos\",\"item\":\"https:\\\/\\\/www.lifenatura.com\\\/es\\\/tienda\\\/\"},{\"@type\":\"ListItem\",\"position\":3,\"name\":\"Aceite de Coco Premium para cocinar 500ml &#8211; Dr Goerg\"}]},{\"@type\":\"WebSite\",\"@id\":\"https:\\\/\\\/www.lifenatura.com\\\/es\\\/#website\",\"url\":\"https:\\\/\\\/www.lifenatura.com\\\/es\\\/\",\"name\":\"Lifenatura\",\"description\":\"A Lifenatura \u00e9 uma loja de produtos naturais, cosm\u00e9tica natural e alimenta\u00e7\u00e3o Biol\u00f3gica.\",\"publisher\":{\"@id\":\"https:\\\/\\\/www.lifenatura.com\\\/es\\\/#organization\"},\"potentialAction\":[{\"@type\":\"SearchAction\",\"target\":{\"@type\":\"EntryPoint\",\"urlTemplate\":\"https:\\\/\\\/www.lifenatura.com\\\/es\\\/?s={search_term_string}\"},\"query-input\":{\"@type\":\"PropertyValueSpecification\",\"valueRequired\":true,\"valueName\":\"search_term_string\"}}],\"inLanguage\":\"es\"},{\"@type\":\"Organization\",\"@id\":\"https:\\\/\\\/www.lifenatura.com\\\/es\\\/#organization\",\"name\":\"Lifenatura\",\"url\":\"https:\\\/\\\/www.lifenatura.com\\\/es\\\/\",\"logo\":{\"@type\":\"ImageObject\",\"inLanguage\":\"es\",\"@id\":\"https:\\\/\\\/www.lifenatura.com\\\/es\\\/#\\\/schema\\\/logo\\\/image\\\/\",\"url\":\"https:\\\/\\\/www.lifenatura.com\\\/wp-content\\\/uploads\\\/2021\\\/07\\\/logo.png\",\"contentUrl\":\"https:\\\/\\\/www.lifenatura.com\\\/wp-content\\\/uploads\\\/2021\\\/07\\\/logo.png\",\"width\":175,\"height\":55,\"caption\":\"Lifenatura\"},\"image\":{\"@id\":\"https:\\\/\\\/www.lifenatura.com\\\/es\\\/#\\\/schema\\\/logo\\\/image\\\/\"},\"sameAs\":[\"https:\\\/\\\/www.facebook.com\\\/lifenatura\",\"https:\\\/\\\/www.instagram.com\\\/lifenaturapt\\\/\"],\"hasMerchantReturnPolicy\":{\"@type\":\"MerchantReturnPolicy\",\"merchantReturnLink\":\"https:\\\/\\\/www.lifenatura.com\\\/termos-condicoes-lifenatura\\\/\"}}]}<\/script>\n<meta property=\"product:price:amount\" content=\"11.55\" \/>\n<meta property=\"product:price:currency\" content=\"EUR\" \/>\n<meta property=\"og:availability\" content=\"instock\" \/>\n<meta property=\"product:availability\" content=\"instock\" \/>\n<meta property=\"product:retailer_item_id\" content=\"4260213391128\" \/>\n<meta property=\"product:condition\" content=\"new\" \/>\n<!-- \/ Yoast SEO Premium plugin. -->","yoast_head_json":{"title":"Aceite de Coco Premium para cocinar 500ml - Dr Goerg - Na Lifenatura ao Melhor Pre\u00e7o | Envio em 48h","description":"Aceite de coco para cocinar Dr Goerg, ecol\u00f3gico y resistente al calor. Ideal para cocinar, fre\u00edr y hornear, con varios beneficios en el sistema inmunitario.","robots":{"index":"index","follow":"follow","max-snippet":"max-snippet:-1","max-image-preview":"max-image-preview:large","max-video-preview":"max-video-preview:-1"},"canonical":"https:\/\/www.lifenatura.com\/es\/produto\/aceite-de-coco-premium-para-cocinar-500ml-dr-goerg\/","og_locale":"es_ES","og_type":"article","og_title":"Aceite de Coco Premium para cocinar 500ml - Dr Goerg - Na Lifenatura ao Melhor Pre\u00e7o | Envio 48h","og_description":"Compre Aceite de Coco Premium para cocinar 500ml - Dr Goerg com envio r\u00e1pido. Entrega em 48h e portes gr\u00e1tis em compras >35\u20ac. Aproveite j\u00e1 na Lifenatura","og_url":"https:\/\/www.lifenatura.com\/es\/produto\/aceite-de-coco-premium-para-cocinar-500ml-dr-goerg\/","og_site_name":"Lifenatura","article_publisher":"https:\/\/www.facebook.com\/lifenatura","article_modified_time":"2024-12-10T11:03:49+00:00","og_image":[{"width":1000,"height":1000,"url":"https:\/\/www.lifenatura.com\/wp-content\/uploads\/2024\/11\/oleo-coco-bio-para-cozinha-dr-goerg.jpg","type":"image\/jpeg"}],"twitter_card":"summary_large_image","twitter_misc":{"Precio":"11,55&nbsp;&euro;","Disponibilidad":"Disponible"},"schema":{"@context":"https:\/\/schema.org","@graph":[{"@type":"WebPage","@id":"https:\/\/www.lifenatura.com\/es\/produto\/aceite-de-coco-premium-para-cocinar-500ml-dr-goerg\/","url":"https:\/\/www.lifenatura.com\/es\/produto\/aceite-de-coco-premium-para-cocinar-500ml-dr-goerg\/","name":"Aceite de Coco Premium para cocinar 500ml - Dr Goerg - Na Lifenatura ao Melhor Pre\u00e7o | Envio em 48h","isPartOf":{"@id":"https:\/\/www.lifenatura.com\/es\/#website"},"primaryImageOfPage":{"@id":"https:\/\/www.lifenatura.com\/es\/produto\/aceite-de-coco-premium-para-cocinar-500ml-dr-goerg\/#primaryimage"},"image":{"@id":"https:\/\/www.lifenatura.com\/es\/produto\/aceite-de-coco-premium-para-cocinar-500ml-dr-goerg\/#primaryimage"},"thumbnailUrl":"https:\/\/www.lifenatura.com\/wp-content\/uploads\/2024\/11\/oleo-coco-bio-para-cozinha-dr-goerg.jpg","datePublished":"2024-11-06T11:40:28+00:00","dateModified":"2024-12-10T11:03:49+00:00","description":"Aceite de coco para cocinar Dr Goerg, ecol\u00f3gico y resistente al calor. Ideal para cocinar, fre\u00edr y hornear, con varios beneficios en el sistema inmunitario.","breadcrumb":{"@id":"https:\/\/www.lifenatura.com\/es\/produto\/aceite-de-coco-premium-para-cocinar-500ml-dr-goerg\/#breadcrumb"},"inLanguage":"es","potentialAction":[{"@type":"ReadAction","target":["https:\/\/www.lifenatura.com\/es\/produto\/aceite-de-coco-premium-para-cocinar-500ml-dr-goerg\/"]}]},{"@type":"ImageObject","inLanguage":"es","@id":"https:\/\/www.lifenatura.com\/es\/produto\/aceite-de-coco-premium-para-cocinar-500ml-dr-goerg\/#primaryimage","url":"https:\/\/www.lifenatura.com\/wp-content\/uploads\/2024\/11\/oleo-coco-bio-para-cozinha-dr-goerg.jpg","contentUrl":"https:\/\/www.lifenatura.com\/wp-content\/uploads\/2024\/11\/oleo-coco-bio-para-cozinha-dr-goerg.jpg","width":1000,"height":1000,"caption":"Aceite de coco Dr Goerg para cocinar"},{"@type":"BreadcrumbList","@id":"https:\/\/www.lifenatura.com\/es\/produto\/aceite-de-coco-premium-para-cocinar-500ml-dr-goerg\/#breadcrumb","itemListElement":[{"@type":"ListItem","position":1,"name":"In\u00edcio","item":"https:\/\/www.lifenatura.com\/es\/"},{"@type":"ListItem","position":2,"name":"Todos los Productos","item":"https:\/\/www.lifenatura.com\/es\/tienda\/"},{"@type":"ListItem","position":3,"name":"Aceite de Coco Premium para cocinar 500ml &#8211; Dr Goerg"}]},{"@type":"WebSite","@id":"https:\/\/www.lifenatura.com\/es\/#website","url":"https:\/\/www.lifenatura.com\/es\/","name":"Lifenatura","description":"A Lifenatura \u00e9 uma loja de produtos naturais, cosm\u00e9tica natural e alimenta\u00e7\u00e3o Biol\u00f3gica.","publisher":{"@id":"https:\/\/www.lifenatura.com\/es\/#organization"},"potentialAction":[{"@type":"SearchAction","target":{"@type":"EntryPoint","urlTemplate":"https:\/\/www.lifenatura.com\/es\/?s={search_term_string}"},"query-input":{"@type":"PropertyValueSpecification","valueRequired":true,"valueName":"search_term_string"}}],"inLanguage":"es"},{"@type":"Organization","@id":"https:\/\/www.lifenatura.com\/es\/#organization","name":"Lifenatura","url":"https:\/\/www.lifenatura.com\/es\/","logo":{"@type":"ImageObject","inLanguage":"es","@id":"https:\/\/www.lifenatura.com\/es\/#\/schema\/logo\/image\/","url":"https:\/\/www.lifenatura.com\/wp-content\/uploads\/2021\/07\/logo.png","contentUrl":"https:\/\/www.lifenatura.com\/wp-content\/uploads\/2021\/07\/logo.png","width":175,"height":55,"caption":"Lifenatura"},"image":{"@id":"https:\/\/www.lifenatura.com\/es\/#\/schema\/logo\/image\/"},"sameAs":["https:\/\/www.facebook.com\/lifenatura","https:\/\/www.instagram.com\/lifenaturapt\/"],"hasMerchantReturnPolicy":{"@type":"MerchantReturnPolicy","merchantReturnLink":"https:\/\/www.lifenatura.com\/termos-condicoes-lifenatura\/"}}]},"product_price_amount":"11.55","product_price_currency":"EUR","og_availability":"instock","product_availability":"instock","product_retailer_item_id":"4260213391128","product_condition":"new"},"df_price":11.55,"df_sale_price":"","df_regular_price":11.55,"df_image_link":"https:\/\/www.lifenatura.com\/wp-content\/uploads\/2024\/11\/oleo-coco-bio-para-cozinha-dr-goerg-300x300.jpg","_links":{"self":[{"href":"https:\/\/www.lifenatura.com\/es\/wp-json\/wp\/v2\/product\/103930","targetHints":{"allow":["GET"]}}],"collection":[{"href":"https:\/\/www.lifenatura.com\/es\/wp-json\/wp\/v2\/product"}],"about":[{"href":"https:\/\/www.lifenatura.com\/es\/wp-json\/wp\/v2\/types\/product"}],"wp:featuredmedia":[{"embeddable":true,"href":"https:\/\/www.lifenatura.com\/es\/wp-json\/wp\/v2\/media\/101758"}],"wp:attachment":[{"href":"https:\/\/www.lifenatura.com\/es\/wp-json\/wp\/v2\/media?parent=103930"}],"wp:term":[{"taxonomy":"product_brand","embeddable":true,"href":"https:\/\/www.lifenatura.com\/es\/wp-json\/wp\/v2\/product_brand?post=103930"},{"taxonomy":"product_cat","embeddable":true,"href":"https:\/\/www.lifenatura.com\/es\/wp-json\/wp\/v2\/product_cat?post=103930"},{"taxonomy":"product_tag","embeddable":true,"href":"https:\/\/www.lifenatura.com\/es\/wp-json\/wp\/v2\/product_tag?post=103930"}],"curies":[{"name":"wp","href":"https:\/\/api.w.org\/{rel}","templated":true}]}}