{"id":103926,"date":"2024-11-06T07:15:42","date_gmt":"2024-11-06T07:15:42","guid":{"rendered":"https:\/\/www.lifenatura.com\/produto\/aceite-de-coco-virgen-extra-400ml-dr-goerg\/"},"modified":"2024-12-10T10:59:27","modified_gmt":"2024-12-10T10:59:27","slug":"aceite-de-coco-virgen-extra-400ml-dr-goerg","status":"publish","type":"product","link":"https:\/\/www.lifenatura.com\/es\/produto\/aceite-de-coco-virgen-extra-400ml-dr-goerg\/","title":{"rendered":"Aceite de coco virgen extra 400ml &#8211; Dr Goerg"},"content":{"rendered":"<h2 style=\"text-align: left;\"><strong>Aceite de coco virgen extra Dr Goerg &#8211; Pureza y calidad superior<\/strong><\/h2>\n<p>&nbsp;<\/p>\n<p><strong>El Aceite de Coco Virgen Extra Dr Goerg<\/strong> es un producto de primera calidad extra\u00eddo de la pulpa fresca de cocos ecol\u00f3gicos. Mediante un proceso de prensado en fr\u00edo, este aceite mantiene intactas sus propiedades naturales, proporcionando un sabor y aroma suaves y frescos, caracter\u00edsticos de los cocos frescos.<\/p>\n<p>Ideal para consumo directo, para cocinar o incluso como parte de tu rutina de cuidado de la piel y el cabello, este aceite es una opci\u00f3n vers\u00e1til y saludable para muchos fines. Rico en \u00e1cidos grasos de cadena media, especialmente \u00e1cido l\u00e1urico, el aceite de coco Dr Goerg es conocido por sus m\u00faltiples beneficios para la salud.<\/p>\n<p>Estos \u00e1cidos grasos se digieren f\u00e1cilmente, convirti\u00e9ndose en energ\u00eda r\u00e1pida y favoreciendo un metabolismo sano. Adem\u00e1s, el aceite de coco es naturalmente antibacteriano y antif\u00fangico, lo que lo hace excelente para el cuidado externo de la piel y el cabello, manteni\u00e9ndolos hidratados y protegidos.<\/p>\n<h4>Principales ventajas:<\/h4>\n<ul>\n<li><strong>Energ\u00eda y metabolismo:<\/strong> El \u00e1cido l\u00e1urico proporciona una fuente r\u00e1pida de energ\u00eda y contribuye a un metabolismo sano.<\/li>\n<li><strong>Cuidado de la piel y el cabello:<\/strong> Excelente hidratante y protector, ayuda a mantener la piel suave y el cabello nutrido.<\/li>\n<li><strong>Antibacteriano natural:<\/strong> Favorece el sistema inmunitario y es ideal para uso t\u00f3pico.<\/li>\n<\/ul>\n<h4>Adecuado para:<\/h4>\n<p>Adecuado para quienes buscan una fuente de energ\u00eda natural, sana y f\u00e1cil de digerir. Ideal para quienes desean un producto de calidad para cocinar o cuidar la piel y el cabello con un aceite puro y ecol\u00f3gico.<\/p>\n<p><strong>PRESENTACI\u00d3N<\/strong><\/p>\n<p>400 ml<\/p>\n<p>&nbsp;<\/p>\n","protected":false},"excerpt":{"rendered":"<p>Aceite de Coco Virgen Extra Dr Goerg, 100% puro y ecol\u00f3gico, ideal para cocinar y rico en \u00e1cidos grasos saludables para una vida equilibrada. [&#8230;]<\/p>\n<p><a class=\"btn btn-secondary understrap-read-more-link\" href=\"https:\/\/www.lifenatura.com\/es\/produto\/aceite-de-coco-virgen-extra-400ml-dr-goerg\/\">Leer m\u00e1s&#8230;<span class=\"screen-reader-text\"> from Aceite de coco virgen extra 400ml &#8211; Dr Goerg<\/span><\/a><\/p>\n","protected":false},"featured_media":101740,"template":"","meta":{"_acf_changed":false},"product_brand":[8505],"product_cat":[7094,7064,7074],"product_tag":[],"class_list":{"0":"post-103926","1":"product","2":"type-product","3":"status-publish","4":"has-post-thumbnail","6":"product_brand-dr-goerg","7":"product_cat-aceite-de-coco","8":"product_cat-alimentacion-sana","9":"product_cat-productos-alimenticios","10":"pa_caracteristicas-biologico","11":"pa_caracteristicas-sin-conservantes","12":"pa_caracteristicas-sin-gluten","13":"pa_caracteristicas-sin-lactosa","14":"pa_caracteristicas-vegano","15":"pa_caracteristicas-vegetariano","17":"first","18":"instock","19":"shipping-taxable","20":"purchasable","21":"product-type-simple","22":"add-to-wishlist-before_image"},"acf":[],"yoast_head":"<!-- This site is optimized with the Yoast SEO Premium plugin v27.1 (Yoast SEO v27.5) - https:\/\/yoast.com\/product\/yoast-seo-premium-wordpress\/ -->\n<title>Aceite de coco virgen extra 400ml - Dr Goerg - Na Lifenatura ao Melhor Pre\u00e7o | Envio em 48h<\/title>\n<meta name=\"description\" content=\"Aceite de Coco Virgen Extra Dr Goerg, 100% puro y ecol\u00f3gico, ideal para cocinar y rico en \u00e1cidos grasos saludables para una vida equilibrada.\" \/>\n<meta name=\"robots\" content=\"index, follow, max-snippet:-1, max-image-preview:large, max-video-preview:-1\" \/>\n<link rel=\"canonical\" href=\"https:\/\/www.lifenatura.com\/es\/produto\/aceite-de-coco-virgen-extra-400ml-dr-goerg\/\" \/>\n<meta property=\"og:locale\" content=\"es_ES\" \/>\n<meta property=\"og:type\" content=\"article\" \/>\n<meta property=\"og:title\" content=\"Aceite de coco virgen extra 400ml - Dr Goerg - Na Lifenatura ao Melhor Pre\u00e7o | Envio 48h\" \/>\n<meta property=\"og:description\" content=\"Compre Aceite de coco virgen extra 400ml - Dr Goerg com envio r\u00e1pido. Entrega em 48h e portes gr\u00e1tis em compras &gt;35\u20ac. Aproveite j\u00e1 na Lifenatura\" \/>\n<meta property=\"og:url\" content=\"https:\/\/www.lifenatura.com\/es\/produto\/aceite-de-coco-virgen-extra-400ml-dr-goerg\/\" \/>\n<meta property=\"og:site_name\" content=\"Lifenatura\" \/>\n<meta property=\"article:publisher\" content=\"https:\/\/www.facebook.com\/lifenatura\" \/>\n<meta property=\"article:modified_time\" content=\"2024-12-10T10:59:27+00:00\" \/>\n<meta property=\"og:image\" content=\"https:\/\/www.lifenatura.com\/wp-content\/uploads\/2024\/11\/oleo-de-coco-virgem-extra-de-goerg.jpg\" \/>\n\t<meta property=\"og:image:width\" content=\"1000\" \/>\n\t<meta property=\"og:image:height\" content=\"1000\" \/>\n\t<meta property=\"og:image:type\" content=\"image\/jpeg\" \/>\n<meta name=\"twitter:card\" content=\"summary_large_image\" \/>\n<meta name=\"twitter:label1\" content=\"Precio\" \/>\n\t<meta name=\"twitter:data1\" content=\"11,17&nbsp;&euro;\" \/>\n\t<meta name=\"twitter:label2\" content=\"Disponibilidad\" \/>\n\t<meta name=\"twitter:data2\" content=\"Disponible\" \/>\n<script type=\"application\/ld+json\" class=\"yoast-schema-graph\">{\"@context\":\"https:\\\/\\\/schema.org\",\"@graph\":[{\"@type\":\"WebPage\",\"@id\":\"https:\\\/\\\/www.lifenatura.com\\\/es\\\/produto\\\/aceite-de-coco-virgen-extra-400ml-dr-goerg\\\/\",\"url\":\"https:\\\/\\\/www.lifenatura.com\\\/es\\\/produto\\\/aceite-de-coco-virgen-extra-400ml-dr-goerg\\\/\",\"name\":\"Aceite de coco virgen extra 400ml - Dr Goerg - Na Lifenatura ao Melhor Pre\u00e7o | Envio em 48h\",\"isPartOf\":{\"@id\":\"https:\\\/\\\/www.lifenatura.com\\\/es\\\/#website\"},\"primaryImageOfPage\":{\"@id\":\"https:\\\/\\\/www.lifenatura.com\\\/es\\\/produto\\\/aceite-de-coco-virgen-extra-400ml-dr-goerg\\\/#primaryimage\"},\"image\":{\"@id\":\"https:\\\/\\\/www.lifenatura.com\\\/es\\\/produto\\\/aceite-de-coco-virgen-extra-400ml-dr-goerg\\\/#primaryimage\"},\"thumbnailUrl\":\"https:\\\/\\\/www.lifenatura.com\\\/wp-content\\\/uploads\\\/2024\\\/11\\\/oleo-de-coco-virgem-extra-de-goerg.jpg\",\"datePublished\":\"2024-11-06T07:15:42+00:00\",\"dateModified\":\"2024-12-10T10:59:27+00:00\",\"description\":\"Aceite de Coco Virgen Extra Dr Goerg, 100% puro y ecol\u00f3gico, ideal para cocinar y rico en \u00e1cidos grasos saludables para una vida equilibrada.\",\"breadcrumb\":{\"@id\":\"https:\\\/\\\/www.lifenatura.com\\\/es\\\/produto\\\/aceite-de-coco-virgen-extra-400ml-dr-goerg\\\/#breadcrumb\"},\"inLanguage\":\"es\",\"potentialAction\":[{\"@type\":\"ReadAction\",\"target\":[\"https:\\\/\\\/www.lifenatura.com\\\/es\\\/produto\\\/aceite-de-coco-virgen-extra-400ml-dr-goerg\\\/\"]}]},{\"@type\":\"ImageObject\",\"inLanguage\":\"es\",\"@id\":\"https:\\\/\\\/www.lifenatura.com\\\/es\\\/produto\\\/aceite-de-coco-virgen-extra-400ml-dr-goerg\\\/#primaryimage\",\"url\":\"https:\\\/\\\/www.lifenatura.com\\\/wp-content\\\/uploads\\\/2024\\\/11\\\/oleo-de-coco-virgem-extra-de-goerg.jpg\",\"contentUrl\":\"https:\\\/\\\/www.lifenatura.com\\\/wp-content\\\/uploads\\\/2024\\\/11\\\/oleo-de-coco-virgem-extra-de-goerg.jpg\",\"width\":1000,\"height\":1000,\"caption\":\"dr goerg aceite de coco virgen extra\"},{\"@type\":\"BreadcrumbList\",\"@id\":\"https:\\\/\\\/www.lifenatura.com\\\/es\\\/produto\\\/aceite-de-coco-virgen-extra-400ml-dr-goerg\\\/#breadcrumb\",\"itemListElement\":[{\"@type\":\"ListItem\",\"position\":1,\"name\":\"In\u00edcio\",\"item\":\"https:\\\/\\\/www.lifenatura.com\\\/es\\\/\"},{\"@type\":\"ListItem\",\"position\":2,\"name\":\"Todos los Productos\",\"item\":\"https:\\\/\\\/www.lifenatura.com\\\/es\\\/tienda\\\/\"},{\"@type\":\"ListItem\",\"position\":3,\"name\":\"Aceite de coco virgen extra 400ml &#8211; Dr Goerg\"}]},{\"@type\":\"WebSite\",\"@id\":\"https:\\\/\\\/www.lifenatura.com\\\/es\\\/#website\",\"url\":\"https:\\\/\\\/www.lifenatura.com\\\/es\\\/\",\"name\":\"Lifenatura\",\"description\":\"A Lifenatura \u00e9 uma loja de produtos naturais, cosm\u00e9tica natural e alimenta\u00e7\u00e3o Biol\u00f3gica.\",\"publisher\":{\"@id\":\"https:\\\/\\\/www.lifenatura.com\\\/es\\\/#organization\"},\"potentialAction\":[{\"@type\":\"SearchAction\",\"target\":{\"@type\":\"EntryPoint\",\"urlTemplate\":\"https:\\\/\\\/www.lifenatura.com\\\/es\\\/?s={search_term_string}\"},\"query-input\":{\"@type\":\"PropertyValueSpecification\",\"valueRequired\":true,\"valueName\":\"search_term_string\"}}],\"inLanguage\":\"es\"},{\"@type\":\"Organization\",\"@id\":\"https:\\\/\\\/www.lifenatura.com\\\/es\\\/#organization\",\"name\":\"Lifenatura\",\"url\":\"https:\\\/\\\/www.lifenatura.com\\\/es\\\/\",\"logo\":{\"@type\":\"ImageObject\",\"inLanguage\":\"es\",\"@id\":\"https:\\\/\\\/www.lifenatura.com\\\/es\\\/#\\\/schema\\\/logo\\\/image\\\/\",\"url\":\"https:\\\/\\\/www.lifenatura.com\\\/wp-content\\\/uploads\\\/2021\\\/07\\\/logo.png\",\"contentUrl\":\"https:\\\/\\\/www.lifenatura.com\\\/wp-content\\\/uploads\\\/2021\\\/07\\\/logo.png\",\"width\":175,\"height\":55,\"caption\":\"Lifenatura\"},\"image\":{\"@id\":\"https:\\\/\\\/www.lifenatura.com\\\/es\\\/#\\\/schema\\\/logo\\\/image\\\/\"},\"sameAs\":[\"https:\\\/\\\/www.facebook.com\\\/lifenatura\",\"https:\\\/\\\/www.instagram.com\\\/lifenaturapt\\\/\"],\"hasMerchantReturnPolicy\":{\"@type\":\"MerchantReturnPolicy\",\"merchantReturnLink\":\"https:\\\/\\\/www.lifenatura.com\\\/termos-condicoes-lifenatura\\\/\"}}]}<\/script>\n<meta property=\"product:price:amount\" content=\"11.17\" \/>\n<meta property=\"product:price:currency\" content=\"EUR\" \/>\n<meta property=\"og:availability\" content=\"instock\" \/>\n<meta property=\"product:availability\" content=\"instock\" \/>\n<meta property=\"product:retailer_item_id\" content=\"4260213393245\" \/>\n<meta property=\"product:condition\" content=\"new\" \/>\n<!-- \/ Yoast SEO Premium plugin. -->","yoast_head_json":{"title":"Aceite de coco virgen extra 400ml - Dr Goerg - Na Lifenatura ao Melhor Pre\u00e7o | Envio em 48h","description":"Aceite de Coco Virgen Extra Dr Goerg, 100% puro y ecol\u00f3gico, ideal para cocinar y rico en \u00e1cidos grasos saludables para una vida equilibrada.","robots":{"index":"index","follow":"follow","max-snippet":"max-snippet:-1","max-image-preview":"max-image-preview:large","max-video-preview":"max-video-preview:-1"},"canonical":"https:\/\/www.lifenatura.com\/es\/produto\/aceite-de-coco-virgen-extra-400ml-dr-goerg\/","og_locale":"es_ES","og_type":"article","og_title":"Aceite de coco virgen extra 400ml - Dr Goerg - Na Lifenatura ao Melhor Pre\u00e7o | Envio 48h","og_description":"Compre Aceite de coco virgen extra 400ml - Dr Goerg com envio r\u00e1pido. Entrega em 48h e portes gr\u00e1tis em compras >35\u20ac. Aproveite j\u00e1 na Lifenatura","og_url":"https:\/\/www.lifenatura.com\/es\/produto\/aceite-de-coco-virgen-extra-400ml-dr-goerg\/","og_site_name":"Lifenatura","article_publisher":"https:\/\/www.facebook.com\/lifenatura","article_modified_time":"2024-12-10T10:59:27+00:00","og_image":[{"width":1000,"height":1000,"url":"https:\/\/www.lifenatura.com\/wp-content\/uploads\/2024\/11\/oleo-de-coco-virgem-extra-de-goerg.jpg","type":"image\/jpeg"}],"twitter_card":"summary_large_image","twitter_misc":{"Precio":"11,17&nbsp;&euro;","Disponibilidad":"Disponible"},"schema":{"@context":"https:\/\/schema.org","@graph":[{"@type":"WebPage","@id":"https:\/\/www.lifenatura.com\/es\/produto\/aceite-de-coco-virgen-extra-400ml-dr-goerg\/","url":"https:\/\/www.lifenatura.com\/es\/produto\/aceite-de-coco-virgen-extra-400ml-dr-goerg\/","name":"Aceite de coco virgen extra 400ml - Dr Goerg - Na Lifenatura ao Melhor Pre\u00e7o | Envio em 48h","isPartOf":{"@id":"https:\/\/www.lifenatura.com\/es\/#website"},"primaryImageOfPage":{"@id":"https:\/\/www.lifenatura.com\/es\/produto\/aceite-de-coco-virgen-extra-400ml-dr-goerg\/#primaryimage"},"image":{"@id":"https:\/\/www.lifenatura.com\/es\/produto\/aceite-de-coco-virgen-extra-400ml-dr-goerg\/#primaryimage"},"thumbnailUrl":"https:\/\/www.lifenatura.com\/wp-content\/uploads\/2024\/11\/oleo-de-coco-virgem-extra-de-goerg.jpg","datePublished":"2024-11-06T07:15:42+00:00","dateModified":"2024-12-10T10:59:27+00:00","description":"Aceite de Coco Virgen Extra Dr Goerg, 100% puro y ecol\u00f3gico, ideal para cocinar y rico en \u00e1cidos grasos saludables para una vida equilibrada.","breadcrumb":{"@id":"https:\/\/www.lifenatura.com\/es\/produto\/aceite-de-coco-virgen-extra-400ml-dr-goerg\/#breadcrumb"},"inLanguage":"es","potentialAction":[{"@type":"ReadAction","target":["https:\/\/www.lifenatura.com\/es\/produto\/aceite-de-coco-virgen-extra-400ml-dr-goerg\/"]}]},{"@type":"ImageObject","inLanguage":"es","@id":"https:\/\/www.lifenatura.com\/es\/produto\/aceite-de-coco-virgen-extra-400ml-dr-goerg\/#primaryimage","url":"https:\/\/www.lifenatura.com\/wp-content\/uploads\/2024\/11\/oleo-de-coco-virgem-extra-de-goerg.jpg","contentUrl":"https:\/\/www.lifenatura.com\/wp-content\/uploads\/2024\/11\/oleo-de-coco-virgem-extra-de-goerg.jpg","width":1000,"height":1000,"caption":"dr goerg aceite de coco virgen extra"},{"@type":"BreadcrumbList","@id":"https:\/\/www.lifenatura.com\/es\/produto\/aceite-de-coco-virgen-extra-400ml-dr-goerg\/#breadcrumb","itemListElement":[{"@type":"ListItem","position":1,"name":"In\u00edcio","item":"https:\/\/www.lifenatura.com\/es\/"},{"@type":"ListItem","position":2,"name":"Todos los Productos","item":"https:\/\/www.lifenatura.com\/es\/tienda\/"},{"@type":"ListItem","position":3,"name":"Aceite de coco virgen extra 400ml &#8211; Dr Goerg"}]},{"@type":"WebSite","@id":"https:\/\/www.lifenatura.com\/es\/#website","url":"https:\/\/www.lifenatura.com\/es\/","name":"Lifenatura","description":"A Lifenatura \u00e9 uma loja de produtos naturais, cosm\u00e9tica natural e alimenta\u00e7\u00e3o Biol\u00f3gica.","publisher":{"@id":"https:\/\/www.lifenatura.com\/es\/#organization"},"potentialAction":[{"@type":"SearchAction","target":{"@type":"EntryPoint","urlTemplate":"https:\/\/www.lifenatura.com\/es\/?s={search_term_string}"},"query-input":{"@type":"PropertyValueSpecification","valueRequired":true,"valueName":"search_term_string"}}],"inLanguage":"es"},{"@type":"Organization","@id":"https:\/\/www.lifenatura.com\/es\/#organization","name":"Lifenatura","url":"https:\/\/www.lifenatura.com\/es\/","logo":{"@type":"ImageObject","inLanguage":"es","@id":"https:\/\/www.lifenatura.com\/es\/#\/schema\/logo\/image\/","url":"https:\/\/www.lifenatura.com\/wp-content\/uploads\/2021\/07\/logo.png","contentUrl":"https:\/\/www.lifenatura.com\/wp-content\/uploads\/2021\/07\/logo.png","width":175,"height":55,"caption":"Lifenatura"},"image":{"@id":"https:\/\/www.lifenatura.com\/es\/#\/schema\/logo\/image\/"},"sameAs":["https:\/\/www.facebook.com\/lifenatura","https:\/\/www.instagram.com\/lifenaturapt\/"],"hasMerchantReturnPolicy":{"@type":"MerchantReturnPolicy","merchantReturnLink":"https:\/\/www.lifenatura.com\/termos-condicoes-lifenatura\/"}}]},"product_price_amount":"11.17","product_price_currency":"EUR","og_availability":"instock","product_availability":"instock","product_retailer_item_id":"4260213393245","product_condition":"new"},"df_price":11.17,"df_sale_price":"","df_regular_price":11.17,"df_image_link":"https:\/\/www.lifenatura.com\/wp-content\/uploads\/2024\/11\/oleo-de-coco-virgem-extra-de-goerg-300x300.jpg","_links":{"self":[{"href":"https:\/\/www.lifenatura.com\/es\/wp-json\/wp\/v2\/product\/103926","targetHints":{"allow":["GET"]}}],"collection":[{"href":"https:\/\/www.lifenatura.com\/es\/wp-json\/wp\/v2\/product"}],"about":[{"href":"https:\/\/www.lifenatura.com\/es\/wp-json\/wp\/v2\/types\/product"}],"wp:featuredmedia":[{"embeddable":true,"href":"https:\/\/www.lifenatura.com\/es\/wp-json\/wp\/v2\/media\/101740"}],"wp:attachment":[{"href":"https:\/\/www.lifenatura.com\/es\/wp-json\/wp\/v2\/media?parent=103926"}],"wp:term":[{"taxonomy":"product_brand","embeddable":true,"href":"https:\/\/www.lifenatura.com\/es\/wp-json\/wp\/v2\/product_brand?post=103926"},{"taxonomy":"product_cat","embeddable":true,"href":"https:\/\/www.lifenatura.com\/es\/wp-json\/wp\/v2\/product_cat?post=103926"},{"taxonomy":"product_tag","embeddable":true,"href":"https:\/\/www.lifenatura.com\/es\/wp-json\/wp\/v2\/product_tag?post=103926"}],"curies":[{"name":"wp","href":"https:\/\/api.w.org\/{rel}","templated":true}]}}