{"id":103923,"date":"2024-11-05T15:41:07","date_gmt":"2024-11-05T15:41:07","guid":{"rendered":"https:\/\/www.lifenatura.com\/produto\/semillas-de-chia-ecologicas-500g-biogra\/"},"modified":"2024-12-10T10:29:22","modified_gmt":"2024-12-10T10:29:22","slug":"semillas-de-chia-ecologicas-500g-biogra","status":"publish","type":"product","link":"https:\/\/www.lifenatura.com\/es\/produto\/semillas-de-chia-ecologicas-500g-biogra\/","title":{"rendered":"Semillas de Ch\u00eda Ecol\u00f3gicas 500g &#8211; Biogr\u00e1"},"content":{"rendered":"<h2 style=\"text-align: left;\"><strong>Semillas de Ch\u00eda Biogr\u00e1 Fuente esencial de antioxidantes<\/strong><\/h2>\n<p>&nbsp;<\/p>\n<p><strong>Las semillas de ch\u00eda Biogr\u00e1<\/strong> son un superalimento repleto de nutrientes que favorece el bienestar y una dieta equilibrada. Ricas en fibra, prote\u00ednas, vitaminas y minerales, estas semillas constituyen una excelente adici\u00f3n a cualquier dieta, ofreciendo una fuente natural de energ\u00eda y ayudando a mantener la salud digestiva y cardiovascular.<\/p>\n<p>Con un sabor suave y vers\u00e1til, las semillas de ch\u00eda pueden a\u00f1adirse a una gran variedad de platos, desde batidos y yogures hasta ensaladas y recetas de reposter\u00eda. El consumo regular de semillas de ch\u00eda ayuda a mejorar la digesti\u00f3n gracias a su alto contenido en fibra, que favorece la saciedad y ayuda a mantener el buen funcionamiento del aparato digestivo.<\/p>\n<p>Adem\u00e1s, sus propiedades antioxidantes contribuyen a la protecci\u00f3n celular, mientras que su alto contenido en \u00e1cidos grasos omega-3 favorece la salud cardiovascular al ayudar a controlar los niveles de colesterol.<\/p>\n<h4>Principales ventajas:<\/h4>\n<ul>\n<li><strong>Rico en fibra y omega-3:<\/strong> ayuda a mejorar la digesti\u00f3n y la salud del coraz\u00f3n, favoreciendo el equilibrio del colesterol.<\/li>\n<li><strong>Fuente de energ\u00eda y nutrientes esenciales:<\/strong> Contiene prote\u00ednas, vitaminas y minerales para potenciar la vitalidad del organismo.<\/li>\n<li><strong>Vers\u00e1til en la cocina:<\/strong> ideal para a\u00f1adir a una gran variedad de platos, desde postres a ensaladas.<\/li>\n<\/ul>\n<h4>Adecuado para:<\/h4>\n<p>Adecuadas para todas las edades, especialmente para quienes buscan mejorar la salud digestiva, obtener energ\u00eda natural y complementar su dieta con nutrientes esenciales. Las semillas de ch\u00eda est\u00e1n llenas de vitaminas, minerales y \u00e1cidos grasos que nos aportan muchos beneficios.<\/p>\n<p>Son ideales para deportistas y mujeres y una opci\u00f3n totalmente saludable para la vida cotidiana. Estas nutritivas semillas pueden incorporarse a cualquier alimento sin alterar su sabor. En sopas, ensaladas, yogures, cereales, incluso puedes hacer tus propias recetas tradicionales como magdalenas, pasteles o pudding de ch\u00eda.<\/p>\n<p><strong>PRESENTACI\u00d3N<\/strong><\/p>\n<p>500g<\/p>\n<p>&nbsp;<\/p>\n","protected":false},"excerpt":{"rendered":"<p>500 g de semillas de ch\u00eda Biogr\u00e1 son ricas en fibra y Omega 3, potentes antioxidantes que se pueden mezclar con ensaladas u otros alimentos. [&#8230;]<\/p>\n<p><a class=\"btn btn-secondary understrap-read-more-link\" href=\"https:\/\/www.lifenatura.com\/es\/produto\/semillas-de-chia-ecologicas-500g-biogra\/\">Leer m\u00e1s&#8230;<span class=\"screen-reader-text\"> from Semillas de Ch\u00eda Ecol\u00f3gicas 500g &#8211; Biogr\u00e1<\/span><\/a><\/p>\n","protected":false},"featured_media":101704,"template":"","meta":{"_acf_changed":false},"product_brand":[8531],"product_cat":[7064,7074,7099],"product_tag":[],"class_list":{"0":"post-103923","1":"product","2":"type-product","3":"status-publish","4":"has-post-thumbnail","6":"product_brand-biogra","7":"product_cat-alimentacion-sana","8":"product_cat-productos-alimenticios","9":"product_cat-semillas","10":"pa_caracteristicas-biologico","11":"pa_caracteristicas-sin-azucares-anadidos","12":"pa_caracteristicas-sin-gluten","13":"pa_caracteristicas-sin-lactosa","14":"pa_caracteristicas-vegano","15":"pa_caracteristicas-vegetariano","17":"first","18":"instock","19":"shipping-taxable","20":"purchasable","21":"product-type-simple","22":"add-to-wishlist-before_image"},"acf":[],"yoast_head":"<!-- This site is optimized with the Yoast SEO Premium plugin v27.1 (Yoast SEO v27.5) - https:\/\/yoast.com\/product\/yoast-seo-premium-wordpress\/ -->\n<title>Semillas de Ch\u00eda Ecol\u00f3gicas 500g - Biogr\u00e1 - Na Lifenatura ao Melhor Pre\u00e7o | Envio em 48h<\/title>\n<meta name=\"description\" content=\"500 g de semillas de ch\u00eda Biogr\u00e1 son ricas en fibra y Omega 3, potentes antioxidantes que se pueden mezclar con ensaladas u otros alimentos.\" \/>\n<meta name=\"robots\" content=\"index, follow, max-snippet:-1, max-image-preview:large, max-video-preview:-1\" \/>\n<link rel=\"canonical\" href=\"https:\/\/www.lifenatura.com\/es\/produto\/semillas-de-chia-ecologicas-500g-biogra\/\" \/>\n<meta property=\"og:locale\" content=\"es_ES\" \/>\n<meta property=\"og:type\" content=\"article\" \/>\n<meta property=\"og:title\" content=\"Semillas de Ch\u00eda Ecol\u00f3gicas 500g - Biogr\u00e1 - Na Lifenatura ao Melhor Pre\u00e7o | Envio 48h\" \/>\n<meta property=\"og:description\" content=\"Compre Semillas de Ch\u00eda Ecol\u00f3gicas 500g - Biogr\u00e1 com envio r\u00e1pido. Entrega em 48h e portes gr\u00e1tis em compras &gt;35\u20ac. Aproveite j\u00e1 na Lifenatura\" \/>\n<meta property=\"og:url\" content=\"https:\/\/www.lifenatura.com\/es\/produto\/semillas-de-chia-ecologicas-500g-biogra\/\" \/>\n<meta property=\"og:site_name\" content=\"Lifenatura\" \/>\n<meta property=\"article:publisher\" content=\"https:\/\/www.facebook.com\/lifenatura\" \/>\n<meta property=\"article:modified_time\" content=\"2024-12-10T10:29:22+00:00\" \/>\n<meta property=\"og:image\" content=\"https:\/\/www.lifenatura.com\/wp-content\/uploads\/2024\/11\/sementes-chia-500g-biogra.jpg\" \/>\n\t<meta property=\"og:image:width\" content=\"1000\" \/>\n\t<meta property=\"og:image:height\" content=\"1000\" \/>\n\t<meta property=\"og:image:type\" content=\"image\/jpeg\" \/>\n<meta name=\"twitter:card\" content=\"summary_large_image\" \/>\n<meta name=\"twitter:label1\" content=\"Precio\" \/>\n\t<meta name=\"twitter:data1\" content=\"6,24&nbsp;&euro;\" \/>\n\t<meta name=\"twitter:label2\" content=\"Disponibilidad\" \/>\n\t<meta name=\"twitter:data2\" content=\"Disponible\" \/>\n<script type=\"application\/ld+json\" class=\"yoast-schema-graph\">{\"@context\":\"https:\\\/\\\/schema.org\",\"@graph\":[{\"@type\":\"WebPage\",\"@id\":\"https:\\\/\\\/www.lifenatura.com\\\/es\\\/produto\\\/semillas-de-chia-ecologicas-500g-biogra\\\/\",\"url\":\"https:\\\/\\\/www.lifenatura.com\\\/es\\\/produto\\\/semillas-de-chia-ecologicas-500g-biogra\\\/\",\"name\":\"Semillas de Ch\u00eda Ecol\u00f3gicas 500g - Biogr\u00e1 - Na Lifenatura ao Melhor Pre\u00e7o | Envio em 48h\",\"isPartOf\":{\"@id\":\"https:\\\/\\\/www.lifenatura.com\\\/es\\\/#website\"},\"primaryImageOfPage\":{\"@id\":\"https:\\\/\\\/www.lifenatura.com\\\/es\\\/produto\\\/semillas-de-chia-ecologicas-500g-biogra\\\/#primaryimage\"},\"image\":{\"@id\":\"https:\\\/\\\/www.lifenatura.com\\\/es\\\/produto\\\/semillas-de-chia-ecologicas-500g-biogra\\\/#primaryimage\"},\"thumbnailUrl\":\"https:\\\/\\\/www.lifenatura.com\\\/wp-content\\\/uploads\\\/2024\\\/11\\\/sementes-chia-500g-biogra.jpg\",\"datePublished\":\"2024-11-05T15:41:07+00:00\",\"dateModified\":\"2024-12-10T10:29:22+00:00\",\"description\":\"500 g de semillas de ch\u00eda Biogr\u00e1 son ricas en fibra y Omega 3, potentes antioxidantes que se pueden mezclar con ensaladas u otros alimentos.\",\"breadcrumb\":{\"@id\":\"https:\\\/\\\/www.lifenatura.com\\\/es\\\/produto\\\/semillas-de-chia-ecologicas-500g-biogra\\\/#breadcrumb\"},\"inLanguage\":\"es\",\"potentialAction\":[{\"@type\":\"ReadAction\",\"target\":[\"https:\\\/\\\/www.lifenatura.com\\\/es\\\/produto\\\/semillas-de-chia-ecologicas-500g-biogra\\\/\"]}]},{\"@type\":\"ImageObject\",\"inLanguage\":\"es\",\"@id\":\"https:\\\/\\\/www.lifenatura.com\\\/es\\\/produto\\\/semillas-de-chia-ecologicas-500g-biogra\\\/#primaryimage\",\"url\":\"https:\\\/\\\/www.lifenatura.com\\\/wp-content\\\/uploads\\\/2024\\\/11\\\/sementes-chia-500g-biogra.jpg\",\"contentUrl\":\"https:\\\/\\\/www.lifenatura.com\\\/wp-content\\\/uploads\\\/2024\\\/11\\\/sementes-chia-500g-biogra.jpg\",\"width\":1000,\"height\":1000,\"caption\":\"marca biogr\u00e1 500 g de semillas de ch\u00eda\"},{\"@type\":\"BreadcrumbList\",\"@id\":\"https:\\\/\\\/www.lifenatura.com\\\/es\\\/produto\\\/semillas-de-chia-ecologicas-500g-biogra\\\/#breadcrumb\",\"itemListElement\":[{\"@type\":\"ListItem\",\"position\":1,\"name\":\"In\u00edcio\",\"item\":\"https:\\\/\\\/www.lifenatura.com\\\/es\\\/\"},{\"@type\":\"ListItem\",\"position\":2,\"name\":\"Todos los Productos\",\"item\":\"https:\\\/\\\/www.lifenatura.com\\\/es\\\/tienda\\\/\"},{\"@type\":\"ListItem\",\"position\":3,\"name\":\"Semillas de Ch\u00eda Ecol\u00f3gicas 500g &#8211; Biogr\u00e1\"}]},{\"@type\":\"WebSite\",\"@id\":\"https:\\\/\\\/www.lifenatura.com\\\/es\\\/#website\",\"url\":\"https:\\\/\\\/www.lifenatura.com\\\/es\\\/\",\"name\":\"Lifenatura\",\"description\":\"A Lifenatura \u00e9 uma loja de produtos naturais, cosm\u00e9tica natural e alimenta\u00e7\u00e3o Biol\u00f3gica.\",\"publisher\":{\"@id\":\"https:\\\/\\\/www.lifenatura.com\\\/es\\\/#organization\"},\"potentialAction\":[{\"@type\":\"SearchAction\",\"target\":{\"@type\":\"EntryPoint\",\"urlTemplate\":\"https:\\\/\\\/www.lifenatura.com\\\/es\\\/?s={search_term_string}\"},\"query-input\":{\"@type\":\"PropertyValueSpecification\",\"valueRequired\":true,\"valueName\":\"search_term_string\"}}],\"inLanguage\":\"es\"},{\"@type\":\"Organization\",\"@id\":\"https:\\\/\\\/www.lifenatura.com\\\/es\\\/#organization\",\"name\":\"Lifenatura\",\"url\":\"https:\\\/\\\/www.lifenatura.com\\\/es\\\/\",\"logo\":{\"@type\":\"ImageObject\",\"inLanguage\":\"es\",\"@id\":\"https:\\\/\\\/www.lifenatura.com\\\/es\\\/#\\\/schema\\\/logo\\\/image\\\/\",\"url\":\"https:\\\/\\\/www.lifenatura.com\\\/wp-content\\\/uploads\\\/2021\\\/07\\\/logo.png\",\"contentUrl\":\"https:\\\/\\\/www.lifenatura.com\\\/wp-content\\\/uploads\\\/2021\\\/07\\\/logo.png\",\"width\":175,\"height\":55,\"caption\":\"Lifenatura\"},\"image\":{\"@id\":\"https:\\\/\\\/www.lifenatura.com\\\/es\\\/#\\\/schema\\\/logo\\\/image\\\/\"},\"sameAs\":[\"https:\\\/\\\/www.facebook.com\\\/lifenatura\",\"https:\\\/\\\/www.instagram.com\\\/lifenaturapt\\\/\"],\"hasMerchantReturnPolicy\":{\"@type\":\"MerchantReturnPolicy\",\"merchantReturnLink\":\"https:\\\/\\\/www.lifenatura.com\\\/termos-condicoes-lifenatura\\\/\"}}]}<\/script>\n<meta property=\"product:price:amount\" content=\"6.24\" \/>\n<meta property=\"product:price:currency\" content=\"EUR\" \/>\n<meta property=\"og:availability\" content=\"instock\" \/>\n<meta property=\"product:availability\" content=\"instock\" \/>\n<meta property=\"product:retailer_item_id\" content=\"8426904174265\" \/>\n<meta property=\"product:condition\" content=\"new\" \/>\n<!-- \/ Yoast SEO Premium plugin. -->","yoast_head_json":{"title":"Semillas de Ch\u00eda Ecol\u00f3gicas 500g - Biogr\u00e1 - Na Lifenatura ao Melhor Pre\u00e7o | Envio em 48h","description":"500 g de semillas de ch\u00eda Biogr\u00e1 son ricas en fibra y Omega 3, potentes antioxidantes que se pueden mezclar con ensaladas u otros alimentos.","robots":{"index":"index","follow":"follow","max-snippet":"max-snippet:-1","max-image-preview":"max-image-preview:large","max-video-preview":"max-video-preview:-1"},"canonical":"https:\/\/www.lifenatura.com\/es\/produto\/semillas-de-chia-ecologicas-500g-biogra\/","og_locale":"es_ES","og_type":"article","og_title":"Semillas de Ch\u00eda Ecol\u00f3gicas 500g - Biogr\u00e1 - Na Lifenatura ao Melhor Pre\u00e7o | Envio 48h","og_description":"Compre Semillas de Ch\u00eda Ecol\u00f3gicas 500g - Biogr\u00e1 com envio r\u00e1pido. Entrega em 48h e portes gr\u00e1tis em compras >35\u20ac. Aproveite j\u00e1 na Lifenatura","og_url":"https:\/\/www.lifenatura.com\/es\/produto\/semillas-de-chia-ecologicas-500g-biogra\/","og_site_name":"Lifenatura","article_publisher":"https:\/\/www.facebook.com\/lifenatura","article_modified_time":"2024-12-10T10:29:22+00:00","og_image":[{"width":1000,"height":1000,"url":"https:\/\/www.lifenatura.com\/wp-content\/uploads\/2024\/11\/sementes-chia-500g-biogra.jpg","type":"image\/jpeg"}],"twitter_card":"summary_large_image","twitter_misc":{"Precio":"6,24&nbsp;&euro;","Disponibilidad":"Disponible"},"schema":{"@context":"https:\/\/schema.org","@graph":[{"@type":"WebPage","@id":"https:\/\/www.lifenatura.com\/es\/produto\/semillas-de-chia-ecologicas-500g-biogra\/","url":"https:\/\/www.lifenatura.com\/es\/produto\/semillas-de-chia-ecologicas-500g-biogra\/","name":"Semillas de Ch\u00eda Ecol\u00f3gicas 500g - Biogr\u00e1 - Na Lifenatura ao Melhor Pre\u00e7o | Envio em 48h","isPartOf":{"@id":"https:\/\/www.lifenatura.com\/es\/#website"},"primaryImageOfPage":{"@id":"https:\/\/www.lifenatura.com\/es\/produto\/semillas-de-chia-ecologicas-500g-biogra\/#primaryimage"},"image":{"@id":"https:\/\/www.lifenatura.com\/es\/produto\/semillas-de-chia-ecologicas-500g-biogra\/#primaryimage"},"thumbnailUrl":"https:\/\/www.lifenatura.com\/wp-content\/uploads\/2024\/11\/sementes-chia-500g-biogra.jpg","datePublished":"2024-11-05T15:41:07+00:00","dateModified":"2024-12-10T10:29:22+00:00","description":"500 g de semillas de ch\u00eda Biogr\u00e1 son ricas en fibra y Omega 3, potentes antioxidantes que se pueden mezclar con ensaladas u otros alimentos.","breadcrumb":{"@id":"https:\/\/www.lifenatura.com\/es\/produto\/semillas-de-chia-ecologicas-500g-biogra\/#breadcrumb"},"inLanguage":"es","potentialAction":[{"@type":"ReadAction","target":["https:\/\/www.lifenatura.com\/es\/produto\/semillas-de-chia-ecologicas-500g-biogra\/"]}]},{"@type":"ImageObject","inLanguage":"es","@id":"https:\/\/www.lifenatura.com\/es\/produto\/semillas-de-chia-ecologicas-500g-biogra\/#primaryimage","url":"https:\/\/www.lifenatura.com\/wp-content\/uploads\/2024\/11\/sementes-chia-500g-biogra.jpg","contentUrl":"https:\/\/www.lifenatura.com\/wp-content\/uploads\/2024\/11\/sementes-chia-500g-biogra.jpg","width":1000,"height":1000,"caption":"marca biogr\u00e1 500 g de semillas de ch\u00eda"},{"@type":"BreadcrumbList","@id":"https:\/\/www.lifenatura.com\/es\/produto\/semillas-de-chia-ecologicas-500g-biogra\/#breadcrumb","itemListElement":[{"@type":"ListItem","position":1,"name":"In\u00edcio","item":"https:\/\/www.lifenatura.com\/es\/"},{"@type":"ListItem","position":2,"name":"Todos los Productos","item":"https:\/\/www.lifenatura.com\/es\/tienda\/"},{"@type":"ListItem","position":3,"name":"Semillas de Ch\u00eda Ecol\u00f3gicas 500g &#8211; Biogr\u00e1"}]},{"@type":"WebSite","@id":"https:\/\/www.lifenatura.com\/es\/#website","url":"https:\/\/www.lifenatura.com\/es\/","name":"Lifenatura","description":"A Lifenatura \u00e9 uma loja de produtos naturais, cosm\u00e9tica natural e alimenta\u00e7\u00e3o Biol\u00f3gica.","publisher":{"@id":"https:\/\/www.lifenatura.com\/es\/#organization"},"potentialAction":[{"@type":"SearchAction","target":{"@type":"EntryPoint","urlTemplate":"https:\/\/www.lifenatura.com\/es\/?s={search_term_string}"},"query-input":{"@type":"PropertyValueSpecification","valueRequired":true,"valueName":"search_term_string"}}],"inLanguage":"es"},{"@type":"Organization","@id":"https:\/\/www.lifenatura.com\/es\/#organization","name":"Lifenatura","url":"https:\/\/www.lifenatura.com\/es\/","logo":{"@type":"ImageObject","inLanguage":"es","@id":"https:\/\/www.lifenatura.com\/es\/#\/schema\/logo\/image\/","url":"https:\/\/www.lifenatura.com\/wp-content\/uploads\/2021\/07\/logo.png","contentUrl":"https:\/\/www.lifenatura.com\/wp-content\/uploads\/2021\/07\/logo.png","width":175,"height":55,"caption":"Lifenatura"},"image":{"@id":"https:\/\/www.lifenatura.com\/es\/#\/schema\/logo\/image\/"},"sameAs":["https:\/\/www.facebook.com\/lifenatura","https:\/\/www.instagram.com\/lifenaturapt\/"],"hasMerchantReturnPolicy":{"@type":"MerchantReturnPolicy","merchantReturnLink":"https:\/\/www.lifenatura.com\/termos-condicoes-lifenatura\/"}}]},"product_price_amount":"6.24","product_price_currency":"EUR","og_availability":"instock","product_availability":"instock","product_retailer_item_id":"8426904174265","product_condition":"new"},"df_price":6.24,"df_sale_price":"","df_regular_price":6.24,"df_image_link":"https:\/\/www.lifenatura.com\/wp-content\/uploads\/2024\/11\/sementes-chia-500g-biogra-300x300.jpg","_links":{"self":[{"href":"https:\/\/www.lifenatura.com\/es\/wp-json\/wp\/v2\/product\/103923","targetHints":{"allow":["GET"]}}],"collection":[{"href":"https:\/\/www.lifenatura.com\/es\/wp-json\/wp\/v2\/product"}],"about":[{"href":"https:\/\/www.lifenatura.com\/es\/wp-json\/wp\/v2\/types\/product"}],"wp:featuredmedia":[{"embeddable":true,"href":"https:\/\/www.lifenatura.com\/es\/wp-json\/wp\/v2\/media\/101704"}],"wp:attachment":[{"href":"https:\/\/www.lifenatura.com\/es\/wp-json\/wp\/v2\/media?parent=103923"}],"wp:term":[{"taxonomy":"product_brand","embeddable":true,"href":"https:\/\/www.lifenatura.com\/es\/wp-json\/wp\/v2\/product_brand?post=103923"},{"taxonomy":"product_cat","embeddable":true,"href":"https:\/\/www.lifenatura.com\/es\/wp-json\/wp\/v2\/product_cat?post=103923"},{"taxonomy":"product_tag","embeddable":true,"href":"https:\/\/www.lifenatura.com\/es\/wp-json\/wp\/v2\/product_tag?post=103923"}],"curies":[{"name":"wp","href":"https:\/\/api.w.org\/{rel}","templated":true}]}}