{"id":103922,"date":"2024-11-05T18:39:41","date_gmt":"2024-11-05T18:39:41","guid":{"rendered":"https:\/\/www.lifenatura.com\/produto\/semillas-de-calabaza-ecologicas-500g-biocop\/"},"modified":"2024-12-10T10:47:33","modified_gmt":"2024-12-10T10:47:33","slug":"semillas-de-calabaza-ecologicas-500g-biocop","status":"publish","type":"product","link":"https:\/\/www.lifenatura.com\/es\/produto\/semillas-de-calabaza-ecologicas-500g-biocop\/","title":{"rendered":"Semillas de calabaza ecol\u00f3gicas 500g &#8211; Biocop"},"content":{"rendered":"<h2 style=\"text-align: left;\"><strong>Semillas de calabaza Biocop &#8211; Nutrici\u00f3n esencial y vers\u00e1til<\/strong><\/h2>\n<p>&nbsp;<\/p>\n<p><strong>Las semillas de calabaza Biocop<\/strong> son una opci\u00f3n excelente para quien busque un tentempi\u00e9 sano o un ingrediente nutritivo para enriquecer sus recetas. Estas semillas, ricas en prote\u00ednas, fibra, minerales y \u00e1cidos grasos esenciales, son ideales para a\u00f1adir a ensaladas, yogures, sopas o incluso para comer directamente. Su textura crujiente y agradable sabor las convierten en un alimento vers\u00e1til y delicioso.<\/p>\n<p>Conocidas por sus beneficios para la salud, las pipas de calabaza son una fuente importante de magnesio, zinc y hierro, que contribuyen al funcionamiento normal de los sistemas nervioso, inmunitario y muscular. Adem\u00e1s, su alto contenido en antioxidantes ayuda a combatir los radicales libres, promoviendo una piel sana y reduciendo el envejecimiento celular.<\/p>\n<p>El consumo regular de semillas de calabaza se asocia con el fomento de una buena digesti\u00f3n, el control del colesterol y la salud de la pr\u00f3stata, especialmente relevante para los hombres.<\/p>\n<h4>Principales ventajas:<\/h4>\n<ul>\n<li><strong>Ricas en nutrientes esenciales:<\/strong> Aportan magnesio, zinc y hierro, esenciales para los sistemas inmunitario y muscular.<\/li>\n<li><strong>Alta concentraci\u00f3n de antioxidantes:<\/strong> Protegen las c\u00e9lulas contra el envejecimiento prematuro y favorecen una piel sana.<\/li>\n<li><strong>Vers\u00e1til y delicioso:<\/strong> perfecto para a\u00f1adirlo a varias recetas o comerlo como tentempi\u00e9.<\/li>\n<\/ul>\n<h4>Adecuado para:<\/h4>\n<p>Adecuado para personas que buscan mejorar su ingesta de prote\u00ednas vegetales y nutrientes esenciales, as\u00ed como para quienes desean mantener una dieta equilibrada y variada. Tambi\u00e9n es ideal para los hombres que desean mejorar la salud de la pr\u00f3stata.<\/p>\n<p><strong>\u00bfPor qu\u00e9 comer semillas de calabaza ecol\u00f3gicas?<\/strong><\/p>\n<p>Las semillas de calabaza ecol\u00f3gicas Biocop son un suplemento que puede ayudar al buen funcionamiento de la pr\u00f3stata.<\/p>\n<p><strong>PRESENTACI\u00d3N<\/strong><\/p>\n<p>500g<\/p>\n<p>&nbsp;<\/p>\n","protected":false},"excerpt":{"rendered":"<p>Semillas de calabaza Biocop, ricas en magnesio, zinc y antioxidantes esenciales, estas semillas son ideales para aperitivos o recetas. [&#8230;]<\/p>\n<p><a class=\"btn btn-secondary understrap-read-more-link\" href=\"https:\/\/www.lifenatura.com\/es\/produto\/semillas-de-calabaza-ecologicas-500g-biocop\/\">Leer m\u00e1s&#8230;<span class=\"screen-reader-text\"> from Semillas de calabaza ecol\u00f3gicas 500g &#8211; Biocop<\/span><\/a><\/p>\n","protected":false},"featured_media":101723,"template":"","meta":{"_acf_changed":false},"product_brand":[8363],"product_cat":[7064,7074,7099],"product_tag":[],"class_list":{"0":"post-103922","1":"product","2":"type-product","3":"status-publish","4":"has-post-thumbnail","6":"product_brand-biocop","7":"product_cat-alimentacion-sana","8":"product_cat-productos-alimenticios","9":"product_cat-semillas","10":"pa_caracteristicas-biologico","12":"first","13":"instock","14":"shipping-taxable","15":"purchasable","16":"product-type-simple","17":"add-to-wishlist-before_image"},"acf":[],"yoast_head":"<!-- This site is optimized with the Yoast SEO Premium plugin v27.1 (Yoast SEO v27.4) - https:\/\/yoast.com\/product\/yoast-seo-premium-wordpress\/ -->\n<title>Semillas de calabaza ecol\u00f3gicas 500g - Biocop - Na Lifenatura ao Melhor Pre\u00e7o | Envio em 48h<\/title>\n<meta name=\"description\" content=\"Semillas de calabaza Biocop, ricas en magnesio, zinc y antioxidantes esenciales, estas semillas son ideales para aperitivos o recetas.\" \/>\n<meta name=\"robots\" content=\"index, follow, max-snippet:-1, max-image-preview:large, max-video-preview:-1\" \/>\n<link rel=\"canonical\" href=\"https:\/\/www.lifenatura.com\/es\/produto\/semillas-de-calabaza-ecologicas-500g-biocop\/\" \/>\n<meta property=\"og:locale\" content=\"es_ES\" \/>\n<meta property=\"og:type\" content=\"article\" \/>\n<meta property=\"og:title\" content=\"Semillas de calabaza ecol\u00f3gicas 500g - Biocop - Na Lifenatura ao Melhor Pre\u00e7o | Envio 48h\" \/>\n<meta property=\"og:description\" content=\"Compre Semillas de calabaza ecol\u00f3gicas 500g - Biocop com envio r\u00e1pido. Entrega em 48h e portes gr\u00e1tis em compras &gt;35\u20ac. Aproveite j\u00e1 na Lifenatura\" \/>\n<meta property=\"og:url\" content=\"https:\/\/www.lifenatura.com\/es\/produto\/semillas-de-calabaza-ecologicas-500g-biocop\/\" \/>\n<meta property=\"og:site_name\" content=\"Lifenatura\" \/>\n<meta property=\"article:publisher\" content=\"https:\/\/www.facebook.com\/lifenatura\" \/>\n<meta property=\"article:modified_time\" content=\"2024-12-10T10:47:33+00:00\" \/>\n<meta property=\"og:image\" content=\"https:\/\/www.lifenatura.com\/wp-content\/uploads\/2024\/11\/sementes-abobora-biocop.jpg\" \/>\n\t<meta property=\"og:image:width\" content=\"1000\" \/>\n\t<meta property=\"og:image:height\" content=\"1000\" \/>\n\t<meta property=\"og:image:type\" content=\"image\/jpeg\" \/>\n<meta name=\"twitter:card\" content=\"summary_large_image\" \/>\n<meta name=\"twitter:label1\" content=\"Precio\" \/>\n\t<meta name=\"twitter:data1\" content=\"8,33&nbsp;&euro;\" \/>\n\t<meta name=\"twitter:label2\" content=\"Disponibilidad\" \/>\n\t<meta name=\"twitter:data2\" content=\"Disponible\" \/>\n<script type=\"application\/ld+json\" class=\"yoast-schema-graph\">{\"@context\":\"https:\\\/\\\/schema.org\",\"@graph\":[{\"@type\":\"WebPage\",\"@id\":\"https:\\\/\\\/www.lifenatura.com\\\/es\\\/produto\\\/semillas-de-calabaza-ecologicas-500g-biocop\\\/\",\"url\":\"https:\\\/\\\/www.lifenatura.com\\\/es\\\/produto\\\/semillas-de-calabaza-ecologicas-500g-biocop\\\/\",\"name\":\"Semillas de calabaza ecol\u00f3gicas 500g - Biocop - Na Lifenatura ao Melhor Pre\u00e7o | Envio em 48h\",\"isPartOf\":{\"@id\":\"https:\\\/\\\/www.lifenatura.com\\\/es\\\/#website\"},\"primaryImageOfPage\":{\"@id\":\"https:\\\/\\\/www.lifenatura.com\\\/es\\\/produto\\\/semillas-de-calabaza-ecologicas-500g-biocop\\\/#primaryimage\"},\"image\":{\"@id\":\"https:\\\/\\\/www.lifenatura.com\\\/es\\\/produto\\\/semillas-de-calabaza-ecologicas-500g-biocop\\\/#primaryimage\"},\"thumbnailUrl\":\"https:\\\/\\\/www.lifenatura.com\\\/wp-content\\\/uploads\\\/2024\\\/11\\\/sementes-abobora-biocop.jpg\",\"datePublished\":\"2024-11-05T18:39:41+00:00\",\"dateModified\":\"2024-12-10T10:47:33+00:00\",\"description\":\"Semillas de calabaza Biocop, ricas en magnesio, zinc y antioxidantes esenciales, estas semillas son ideales para aperitivos o recetas.\",\"breadcrumb\":{\"@id\":\"https:\\\/\\\/www.lifenatura.com\\\/es\\\/produto\\\/semillas-de-calabaza-ecologicas-500g-biocop\\\/#breadcrumb\"},\"inLanguage\":\"es\",\"potentialAction\":[{\"@type\":\"ReadAction\",\"target\":[\"https:\\\/\\\/www.lifenatura.com\\\/es\\\/produto\\\/semillas-de-calabaza-ecologicas-500g-biocop\\\/\"]}]},{\"@type\":\"ImageObject\",\"inLanguage\":\"es\",\"@id\":\"https:\\\/\\\/www.lifenatura.com\\\/es\\\/produto\\\/semillas-de-calabaza-ecologicas-500g-biocop\\\/#primaryimage\",\"url\":\"https:\\\/\\\/www.lifenatura.com\\\/wp-content\\\/uploads\\\/2024\\\/11\\\/sementes-abobora-biocop.jpg\",\"contentUrl\":\"https:\\\/\\\/www.lifenatura.com\\\/wp-content\\\/uploads\\\/2024\\\/11\\\/sementes-abobora-biocop.jpg\",\"width\":1000,\"height\":1000,\"caption\":\"Semillas de calabaza Biocop\"},{\"@type\":\"BreadcrumbList\",\"@id\":\"https:\\\/\\\/www.lifenatura.com\\\/es\\\/produto\\\/semillas-de-calabaza-ecologicas-500g-biocop\\\/#breadcrumb\",\"itemListElement\":[{\"@type\":\"ListItem\",\"position\":1,\"name\":\"In\u00edcio\",\"item\":\"https:\\\/\\\/www.lifenatura.com\\\/es\\\/\"},{\"@type\":\"ListItem\",\"position\":2,\"name\":\"Todos los Productos\",\"item\":\"https:\\\/\\\/www.lifenatura.com\\\/es\\\/tienda\\\/\"},{\"@type\":\"ListItem\",\"position\":3,\"name\":\"Semillas de calabaza ecol\u00f3gicas 500g &#8211; Biocop\"}]},{\"@type\":\"WebSite\",\"@id\":\"https:\\\/\\\/www.lifenatura.com\\\/es\\\/#website\",\"url\":\"https:\\\/\\\/www.lifenatura.com\\\/es\\\/\",\"name\":\"Lifenatura\",\"description\":\"A Lifenatura \u00e9 uma loja de produtos naturais, cosm\u00e9tica natural e alimenta\u00e7\u00e3o Biol\u00f3gica.\",\"publisher\":{\"@id\":\"https:\\\/\\\/www.lifenatura.com\\\/es\\\/#organization\"},\"potentialAction\":[{\"@type\":\"SearchAction\",\"target\":{\"@type\":\"EntryPoint\",\"urlTemplate\":\"https:\\\/\\\/www.lifenatura.com\\\/es\\\/?s={search_term_string}\"},\"query-input\":{\"@type\":\"PropertyValueSpecification\",\"valueRequired\":true,\"valueName\":\"search_term_string\"}}],\"inLanguage\":\"es\"},{\"@type\":\"Organization\",\"@id\":\"https:\\\/\\\/www.lifenatura.com\\\/es\\\/#organization\",\"name\":\"Lifenatura\",\"url\":\"https:\\\/\\\/www.lifenatura.com\\\/es\\\/\",\"logo\":{\"@type\":\"ImageObject\",\"inLanguage\":\"es\",\"@id\":\"https:\\\/\\\/www.lifenatura.com\\\/es\\\/#\\\/schema\\\/logo\\\/image\\\/\",\"url\":\"https:\\\/\\\/www.lifenatura.com\\\/wp-content\\\/uploads\\\/2021\\\/07\\\/logo.png\",\"contentUrl\":\"https:\\\/\\\/www.lifenatura.com\\\/wp-content\\\/uploads\\\/2021\\\/07\\\/logo.png\",\"width\":175,\"height\":55,\"caption\":\"Lifenatura\"},\"image\":{\"@id\":\"https:\\\/\\\/www.lifenatura.com\\\/es\\\/#\\\/schema\\\/logo\\\/image\\\/\"},\"sameAs\":[\"https:\\\/\\\/www.facebook.com\\\/lifenatura\",\"https:\\\/\\\/www.instagram.com\\\/lifenaturapt\\\/\"],\"hasMerchantReturnPolicy\":{\"@type\":\"MerchantReturnPolicy\",\"merchantReturnLink\":\"https:\\\/\\\/www.lifenatura.com\\\/termos-condicoes-lifenatura\\\/\"}}]}<\/script>\n<meta property=\"product:price:amount\" content=\"8.33\" \/>\n<meta property=\"product:price:currency\" content=\"EUR\" \/>\n<meta property=\"og:availability\" content=\"instock\" \/>\n<meta property=\"product:availability\" content=\"instock\" \/>\n<meta property=\"product:retailer_item_id\" content=\"8423903040010\" \/>\n<meta property=\"product:condition\" content=\"new\" \/>\n<!-- \/ Yoast SEO Premium plugin. -->","yoast_head_json":{"title":"Semillas de calabaza ecol\u00f3gicas 500g - Biocop - Na Lifenatura ao Melhor Pre\u00e7o | Envio em 48h","description":"Semillas de calabaza Biocop, ricas en magnesio, zinc y antioxidantes esenciales, estas semillas son ideales para aperitivos o recetas.","robots":{"index":"index","follow":"follow","max-snippet":"max-snippet:-1","max-image-preview":"max-image-preview:large","max-video-preview":"max-video-preview:-1"},"canonical":"https:\/\/www.lifenatura.com\/es\/produto\/semillas-de-calabaza-ecologicas-500g-biocop\/","og_locale":"es_ES","og_type":"article","og_title":"Semillas de calabaza ecol\u00f3gicas 500g - Biocop - Na Lifenatura ao Melhor Pre\u00e7o | Envio 48h","og_description":"Compre Semillas de calabaza ecol\u00f3gicas 500g - Biocop com envio r\u00e1pido. Entrega em 48h e portes gr\u00e1tis em compras >35\u20ac. Aproveite j\u00e1 na Lifenatura","og_url":"https:\/\/www.lifenatura.com\/es\/produto\/semillas-de-calabaza-ecologicas-500g-biocop\/","og_site_name":"Lifenatura","article_publisher":"https:\/\/www.facebook.com\/lifenatura","article_modified_time":"2024-12-10T10:47:33+00:00","og_image":[{"width":1000,"height":1000,"url":"https:\/\/www.lifenatura.com\/wp-content\/uploads\/2024\/11\/sementes-abobora-biocop.jpg","type":"image\/jpeg"}],"twitter_card":"summary_large_image","twitter_misc":{"Precio":"8,33&nbsp;&euro;","Disponibilidad":"Disponible"},"schema":{"@context":"https:\/\/schema.org","@graph":[{"@type":"WebPage","@id":"https:\/\/www.lifenatura.com\/es\/produto\/semillas-de-calabaza-ecologicas-500g-biocop\/","url":"https:\/\/www.lifenatura.com\/es\/produto\/semillas-de-calabaza-ecologicas-500g-biocop\/","name":"Semillas de calabaza ecol\u00f3gicas 500g - Biocop - Na Lifenatura ao Melhor Pre\u00e7o | Envio em 48h","isPartOf":{"@id":"https:\/\/www.lifenatura.com\/es\/#website"},"primaryImageOfPage":{"@id":"https:\/\/www.lifenatura.com\/es\/produto\/semillas-de-calabaza-ecologicas-500g-biocop\/#primaryimage"},"image":{"@id":"https:\/\/www.lifenatura.com\/es\/produto\/semillas-de-calabaza-ecologicas-500g-biocop\/#primaryimage"},"thumbnailUrl":"https:\/\/www.lifenatura.com\/wp-content\/uploads\/2024\/11\/sementes-abobora-biocop.jpg","datePublished":"2024-11-05T18:39:41+00:00","dateModified":"2024-12-10T10:47:33+00:00","description":"Semillas de calabaza Biocop, ricas en magnesio, zinc y antioxidantes esenciales, estas semillas son ideales para aperitivos o recetas.","breadcrumb":{"@id":"https:\/\/www.lifenatura.com\/es\/produto\/semillas-de-calabaza-ecologicas-500g-biocop\/#breadcrumb"},"inLanguage":"es","potentialAction":[{"@type":"ReadAction","target":["https:\/\/www.lifenatura.com\/es\/produto\/semillas-de-calabaza-ecologicas-500g-biocop\/"]}]},{"@type":"ImageObject","inLanguage":"es","@id":"https:\/\/www.lifenatura.com\/es\/produto\/semillas-de-calabaza-ecologicas-500g-biocop\/#primaryimage","url":"https:\/\/www.lifenatura.com\/wp-content\/uploads\/2024\/11\/sementes-abobora-biocop.jpg","contentUrl":"https:\/\/www.lifenatura.com\/wp-content\/uploads\/2024\/11\/sementes-abobora-biocop.jpg","width":1000,"height":1000,"caption":"Semillas de calabaza Biocop"},{"@type":"BreadcrumbList","@id":"https:\/\/www.lifenatura.com\/es\/produto\/semillas-de-calabaza-ecologicas-500g-biocop\/#breadcrumb","itemListElement":[{"@type":"ListItem","position":1,"name":"In\u00edcio","item":"https:\/\/www.lifenatura.com\/es\/"},{"@type":"ListItem","position":2,"name":"Todos los Productos","item":"https:\/\/www.lifenatura.com\/es\/tienda\/"},{"@type":"ListItem","position":3,"name":"Semillas de calabaza ecol\u00f3gicas 500g &#8211; Biocop"}]},{"@type":"WebSite","@id":"https:\/\/www.lifenatura.com\/es\/#website","url":"https:\/\/www.lifenatura.com\/es\/","name":"Lifenatura","description":"A Lifenatura \u00e9 uma loja de produtos naturais, cosm\u00e9tica natural e alimenta\u00e7\u00e3o Biol\u00f3gica.","publisher":{"@id":"https:\/\/www.lifenatura.com\/es\/#organization"},"potentialAction":[{"@type":"SearchAction","target":{"@type":"EntryPoint","urlTemplate":"https:\/\/www.lifenatura.com\/es\/?s={search_term_string}"},"query-input":{"@type":"PropertyValueSpecification","valueRequired":true,"valueName":"search_term_string"}}],"inLanguage":"es"},{"@type":"Organization","@id":"https:\/\/www.lifenatura.com\/es\/#organization","name":"Lifenatura","url":"https:\/\/www.lifenatura.com\/es\/","logo":{"@type":"ImageObject","inLanguage":"es","@id":"https:\/\/www.lifenatura.com\/es\/#\/schema\/logo\/image\/","url":"https:\/\/www.lifenatura.com\/wp-content\/uploads\/2021\/07\/logo.png","contentUrl":"https:\/\/www.lifenatura.com\/wp-content\/uploads\/2021\/07\/logo.png","width":175,"height":55,"caption":"Lifenatura"},"image":{"@id":"https:\/\/www.lifenatura.com\/es\/#\/schema\/logo\/image\/"},"sameAs":["https:\/\/www.facebook.com\/lifenatura","https:\/\/www.instagram.com\/lifenaturapt\/"],"hasMerchantReturnPolicy":{"@type":"MerchantReturnPolicy","merchantReturnLink":"https:\/\/www.lifenatura.com\/termos-condicoes-lifenatura\/"}}]},"product_price_amount":"8.33","product_price_currency":"EUR","og_availability":"instock","product_availability":"instock","product_retailer_item_id":"8423903040010","product_condition":"new"},"df_price":8.33,"df_sale_price":"","df_regular_price":8.33,"df_image_link":"https:\/\/www.lifenatura.com\/wp-content\/uploads\/2024\/11\/sementes-abobora-biocop-300x300.jpg","_links":{"self":[{"href":"https:\/\/www.lifenatura.com\/es\/wp-json\/wp\/v2\/product\/103922","targetHints":{"allow":["GET"]}}],"collection":[{"href":"https:\/\/www.lifenatura.com\/es\/wp-json\/wp\/v2\/product"}],"about":[{"href":"https:\/\/www.lifenatura.com\/es\/wp-json\/wp\/v2\/types\/product"}],"wp:featuredmedia":[{"embeddable":true,"href":"https:\/\/www.lifenatura.com\/es\/wp-json\/wp\/v2\/media\/101723"}],"wp:attachment":[{"href":"https:\/\/www.lifenatura.com\/es\/wp-json\/wp\/v2\/media?parent=103922"}],"wp:term":[{"taxonomy":"product_brand","embeddable":true,"href":"https:\/\/www.lifenatura.com\/es\/wp-json\/wp\/v2\/product_brand?post=103922"},{"taxonomy":"product_cat","embeddable":true,"href":"https:\/\/www.lifenatura.com\/es\/wp-json\/wp\/v2\/product_cat?post=103922"},{"taxonomy":"product_tag","embeddable":true,"href":"https:\/\/www.lifenatura.com\/es\/wp-json\/wp\/v2\/product_tag?post=103922"}],"curies":[{"name":"wp","href":"https:\/\/api.w.org\/{rel}","templated":true}]}}