{"id":103917,"date":"2024-11-06T13:53:35","date_gmt":"2024-11-06T13:53:35","guid":{"rendered":"https:\/\/www.lifenatura.com\/produto\/garbanzos-500g-el-granero\/"},"modified":"2025-01-20T23:54:41","modified_gmt":"2025-01-20T23:54:41","slug":"garbanzos-500g-el-granero","status":"publish","type":"product","link":"https:\/\/www.lifenatura.com\/es\/produto\/garbanzos-500g-el-granero\/","title":{"rendered":"Garbanzos 500g &#8211; El Granero"},"content":{"rendered":"<h2><strong>Garbanzos El Granero, ricos en nutrientes<\/strong><\/h2>\n<p>&nbsp;<\/p>\n<p><strong>Los Garbanzos Pa\u00eds de El Granero<\/strong> son una excelente fuente de prote\u00ednas vegetales y fibra, cultivados de forma sostenible y ecol\u00f3gica para garantizar un producto sano y sin aditivos. Este cereal es ideal para a\u00f1adirlo a una dieta equilibrada y es una opci\u00f3n popular en las dietas vegetarianas y veganas por su versatilidad y valor nutritivo.<\/p>\n<p>Los garbanzos son una base perfecta para platos como ensaladas, guisos, sopas o el cl\u00e1sico hummus, lo que te permite crear comidas sabrosas y nutritivas. Los garbanzos son naturalmente ricos en fibra, que contribuye al buen funcionamiento del aparato digestivo y favorece la sensaci\u00f3n de saciedad.<\/p>\n<p>Tambi\u00e9n es una fuente natural de hierro, magnesio, f\u00f3sforo y vitaminas del grupo B, nutrientes esenciales para la salud y el bienestar. Con un \u00edndice gluc\u00e9mico bajo, los garbanzos tambi\u00e9n ayudan a controlar los niveles de az\u00facar en sangre, lo que los convierte en una gran elecci\u00f3n para quienes buscan una dieta sana y equilibrada.<\/p>\n<h4>Principales ventajas:<\/h4>\n<ul>\n<li><strong>Rico en nutrientes esenciales:<\/strong> aporta prote\u00ednas, fibra, hierro y vitaminas del grupo B.<\/li>\n<li><strong>Vers\u00e1til y sabroso:<\/strong> Ideal para una gran variedad de recetas, desde ensaladas hasta guisos y hummus.<\/li>\n<li><strong>Cultivo ecol\u00f3gico y sostenible:<\/strong> Sin aditivos, fomentando una alimentaci\u00f3n sana y ecol\u00f3gica.<\/li>\n<\/ul>\n<h4>Adecuado para:<\/h4>\n<p>Adecuado para vegetarianos, veganos y cualquiera que desee a\u00f1adir prote\u00ednas vegetales y fibra a su dieta. Perfecto para una alimentaci\u00f3n sana y sostenible.<\/p>\n<p><strong>PRESENTACI\u00d3N<\/strong><\/p>\n<p>500g<\/p>\n<p>&nbsp;<\/p>\n","protected":false},"excerpt":{"rendered":"<p>Garbanzos ecol\u00f3gicos de la marca El Granero, ideales para veganos y para cualquiera que desee a\u00f1adir prote\u00ednas vegetales y fibra a su dieta. [&#8230;]<\/p>\n<p><a class=\"btn btn-secondary understrap-read-more-link\" href=\"https:\/\/www.lifenatura.com\/es\/produto\/garbanzos-500g-el-granero\/\">Leer m\u00e1s&#8230;<span class=\"screen-reader-text\"> from Garbanzos 500g &#8211; El Granero<\/span><\/a><\/p>\n","protected":false},"featured_media":101781,"template":"","meta":{"_acf_changed":false},"product_brand":[8494],"product_cat":[7064,7089,7074],"product_tag":[],"class_list":{"0":"post-103917","1":"product","2":"type-product","3":"status-publish","4":"has-post-thumbnail","6":"product_brand-el-granero","7":"product_cat-alimentacion-sana","8":"product_cat-leguminosas-bio","9":"product_cat-productos-alimenticios","10":"pa_caracteristicas-biologico","11":"pa_caracteristicas-sin-lactosa","12":"pa_caracteristicas-vegano","13":"pa_caracteristicas-vegetariano","15":"first","16":"instock","17":"shipping-taxable","18":"purchasable","19":"product-type-simple","20":"add-to-wishlist-before_image"},"acf":[],"yoast_head":"<!-- This site is optimized with the Yoast SEO Premium plugin v27.1 (Yoast SEO v27.5) - https:\/\/yoast.com\/product\/yoast-seo-premium-wordpress\/ -->\n<title>Garbanzos 500g - El Granero - Na Lifenatura ao Melhor Pre\u00e7o | Envio em 48h<\/title>\n<meta name=\"description\" content=\"Garbanzos ecol\u00f3gicos de la marca El Granero, ideales para veganos y cualquiera que desee a\u00f1adir prote\u00ednas vegetales y fibra a su dieta.\" \/>\n<meta name=\"robots\" content=\"index, follow, max-snippet:-1, max-image-preview:large, max-video-preview:-1\" \/>\n<link rel=\"canonical\" href=\"https:\/\/www.lifenatura.com\/es\/produto\/garbanzos-500g-el-granero\/\" \/>\n<meta property=\"og:locale\" content=\"es_ES\" \/>\n<meta property=\"og:type\" content=\"article\" \/>\n<meta property=\"og:title\" content=\"Garbanzos 500g - El Granero - Na Lifenatura ao Melhor Pre\u00e7o | Envio 48h\" \/>\n<meta property=\"og:description\" content=\"Compre Garbanzos 500g - El Granero com envio r\u00e1pido. Entrega em 48h e portes gr\u00e1tis em compras &gt;35\u20ac. Aproveite j\u00e1 na Lifenatura\" \/>\n<meta property=\"og:url\" content=\"https:\/\/www.lifenatura.com\/es\/produto\/garbanzos-500g-el-granero\/\" \/>\n<meta property=\"og:site_name\" content=\"Lifenatura\" \/>\n<meta property=\"article:publisher\" content=\"https:\/\/www.facebook.com\/lifenatura\" \/>\n<meta property=\"article:modified_time\" content=\"2025-01-20T23:54:41+00:00\" \/>\n<meta property=\"og:image\" content=\"https:\/\/www.lifenatura.com\/wp-content\/uploads\/2024\/11\/grao-bico-bio-el-granero.jpg\" \/>\n\t<meta property=\"og:image:width\" content=\"1000\" \/>\n\t<meta property=\"og:image:height\" content=\"1000\" \/>\n\t<meta property=\"og:image:type\" content=\"image\/jpeg\" \/>\n<meta name=\"twitter:card\" content=\"summary_large_image\" \/>\n<meta name=\"twitter:label1\" content=\"Precio\" \/>\n\t<meta name=\"twitter:data1\" content=\"4,48&nbsp;&euro;\" \/>\n\t<meta name=\"twitter:label2\" content=\"Disponibilidad\" \/>\n\t<meta name=\"twitter:data2\" content=\"Disponible\" \/>\n<script type=\"application\/ld+json\" class=\"yoast-schema-graph\">{\"@context\":\"https:\\\/\\\/schema.org\",\"@graph\":[{\"@type\":\"WebPage\",\"@id\":\"https:\\\/\\\/www.lifenatura.com\\\/es\\\/produto\\\/garbanzos-500g-el-granero\\\/\",\"url\":\"https:\\\/\\\/www.lifenatura.com\\\/es\\\/produto\\\/garbanzos-500g-el-granero\\\/\",\"name\":\"Garbanzos 500g - El Granero - Na Lifenatura ao Melhor Pre\u00e7o | Envio em 48h\",\"isPartOf\":{\"@id\":\"https:\\\/\\\/www.lifenatura.com\\\/es\\\/#website\"},\"primaryImageOfPage\":{\"@id\":\"https:\\\/\\\/www.lifenatura.com\\\/es\\\/produto\\\/garbanzos-500g-el-granero\\\/#primaryimage\"},\"image\":{\"@id\":\"https:\\\/\\\/www.lifenatura.com\\\/es\\\/produto\\\/garbanzos-500g-el-granero\\\/#primaryimage\"},\"thumbnailUrl\":\"https:\\\/\\\/www.lifenatura.com\\\/wp-content\\\/uploads\\\/2024\\\/11\\\/grao-bico-bio-el-granero.jpg\",\"datePublished\":\"2024-11-06T13:53:35+00:00\",\"dateModified\":\"2025-01-20T23:54:41+00:00\",\"description\":\"Garbanzos ecol\u00f3gicos de la marca El Granero, ideales para veganos y cualquiera que desee a\u00f1adir prote\u00ednas vegetales y fibra a su dieta.\",\"breadcrumb\":{\"@id\":\"https:\\\/\\\/www.lifenatura.com\\\/es\\\/produto\\\/garbanzos-500g-el-granero\\\/#breadcrumb\"},\"inLanguage\":\"es\",\"potentialAction\":[{\"@type\":\"ReadAction\",\"target\":[\"https:\\\/\\\/www.lifenatura.com\\\/es\\\/produto\\\/garbanzos-500g-el-granero\\\/\"]}]},{\"@type\":\"ImageObject\",\"inLanguage\":\"es\",\"@id\":\"https:\\\/\\\/www.lifenatura.com\\\/es\\\/produto\\\/garbanzos-500g-el-granero\\\/#primaryimage\",\"url\":\"https:\\\/\\\/www.lifenatura.com\\\/wp-content\\\/uploads\\\/2024\\\/11\\\/grao-bico-bio-el-granero.jpg\",\"contentUrl\":\"https:\\\/\\\/www.lifenatura.com\\\/wp-content\\\/uploads\\\/2024\\\/11\\\/grao-bico-bio-el-granero.jpg\",\"width\":1000,\"height\":1000,\"caption\":\"Garbanzos de la marca el Granero\"},{\"@type\":\"BreadcrumbList\",\"@id\":\"https:\\\/\\\/www.lifenatura.com\\\/es\\\/produto\\\/garbanzos-500g-el-granero\\\/#breadcrumb\",\"itemListElement\":[{\"@type\":\"ListItem\",\"position\":1,\"name\":\"In\u00edcio\",\"item\":\"https:\\\/\\\/www.lifenatura.com\\\/es\\\/\"},{\"@type\":\"ListItem\",\"position\":2,\"name\":\"Todos los Productos\",\"item\":\"https:\\\/\\\/www.lifenatura.com\\\/es\\\/tienda\\\/\"},{\"@type\":\"ListItem\",\"position\":3,\"name\":\"Garbanzos 500g &#8211; El Granero\"}]},{\"@type\":\"WebSite\",\"@id\":\"https:\\\/\\\/www.lifenatura.com\\\/es\\\/#website\",\"url\":\"https:\\\/\\\/www.lifenatura.com\\\/es\\\/\",\"name\":\"Lifenatura\",\"description\":\"A Lifenatura \u00e9 uma loja de produtos naturais, cosm\u00e9tica natural e alimenta\u00e7\u00e3o Biol\u00f3gica.\",\"publisher\":{\"@id\":\"https:\\\/\\\/www.lifenatura.com\\\/es\\\/#organization\"},\"potentialAction\":[{\"@type\":\"SearchAction\",\"target\":{\"@type\":\"EntryPoint\",\"urlTemplate\":\"https:\\\/\\\/www.lifenatura.com\\\/es\\\/?s={search_term_string}\"},\"query-input\":{\"@type\":\"PropertyValueSpecification\",\"valueRequired\":true,\"valueName\":\"search_term_string\"}}],\"inLanguage\":\"es\"},{\"@type\":\"Organization\",\"@id\":\"https:\\\/\\\/www.lifenatura.com\\\/es\\\/#organization\",\"name\":\"Lifenatura\",\"url\":\"https:\\\/\\\/www.lifenatura.com\\\/es\\\/\",\"logo\":{\"@type\":\"ImageObject\",\"inLanguage\":\"es\",\"@id\":\"https:\\\/\\\/www.lifenatura.com\\\/es\\\/#\\\/schema\\\/logo\\\/image\\\/\",\"url\":\"https:\\\/\\\/www.lifenatura.com\\\/wp-content\\\/uploads\\\/2021\\\/07\\\/logo.png\",\"contentUrl\":\"https:\\\/\\\/www.lifenatura.com\\\/wp-content\\\/uploads\\\/2021\\\/07\\\/logo.png\",\"width\":175,\"height\":55,\"caption\":\"Lifenatura\"},\"image\":{\"@id\":\"https:\\\/\\\/www.lifenatura.com\\\/es\\\/#\\\/schema\\\/logo\\\/image\\\/\"},\"sameAs\":[\"https:\\\/\\\/www.facebook.com\\\/lifenatura\",\"https:\\\/\\\/www.instagram.com\\\/lifenaturapt\\\/\"],\"hasMerchantReturnPolicy\":{\"@type\":\"MerchantReturnPolicy\",\"merchantReturnLink\":\"https:\\\/\\\/www.lifenatura.com\\\/termos-condicoes-lifenatura\\\/\"}}]}<\/script>\n<meta property=\"product:price:amount\" content=\"4.48\" \/>\n<meta property=\"product:price:currency\" content=\"EUR\" \/>\n<meta property=\"og:availability\" content=\"instock\" \/>\n<meta property=\"product:availability\" content=\"instock\" \/>\n<meta property=\"product:retailer_item_id\" content=\"8422584018035\" \/>\n<meta property=\"product:condition\" content=\"new\" \/>\n<!-- \/ Yoast SEO Premium plugin. -->","yoast_head_json":{"title":"Garbanzos 500g - El Granero - Na Lifenatura ao Melhor Pre\u00e7o | Envio em 48h","description":"Garbanzos ecol\u00f3gicos de la marca El Granero, ideales para veganos y cualquiera que desee a\u00f1adir prote\u00ednas vegetales y fibra a su dieta.","robots":{"index":"index","follow":"follow","max-snippet":"max-snippet:-1","max-image-preview":"max-image-preview:large","max-video-preview":"max-video-preview:-1"},"canonical":"https:\/\/www.lifenatura.com\/es\/produto\/garbanzos-500g-el-granero\/","og_locale":"es_ES","og_type":"article","og_title":"Garbanzos 500g - El Granero - Na Lifenatura ao Melhor Pre\u00e7o | Envio 48h","og_description":"Compre Garbanzos 500g - El Granero com envio r\u00e1pido. Entrega em 48h e portes gr\u00e1tis em compras >35\u20ac. Aproveite j\u00e1 na Lifenatura","og_url":"https:\/\/www.lifenatura.com\/es\/produto\/garbanzos-500g-el-granero\/","og_site_name":"Lifenatura","article_publisher":"https:\/\/www.facebook.com\/lifenatura","article_modified_time":"2025-01-20T23:54:41+00:00","og_image":[{"width":1000,"height":1000,"url":"https:\/\/www.lifenatura.com\/wp-content\/uploads\/2024\/11\/grao-bico-bio-el-granero.jpg","type":"image\/jpeg"}],"twitter_card":"summary_large_image","twitter_misc":{"Precio":"4,48&nbsp;&euro;","Disponibilidad":"Disponible"},"schema":{"@context":"https:\/\/schema.org","@graph":[{"@type":"WebPage","@id":"https:\/\/www.lifenatura.com\/es\/produto\/garbanzos-500g-el-granero\/","url":"https:\/\/www.lifenatura.com\/es\/produto\/garbanzos-500g-el-granero\/","name":"Garbanzos 500g - El Granero - Na Lifenatura ao Melhor Pre\u00e7o | Envio em 48h","isPartOf":{"@id":"https:\/\/www.lifenatura.com\/es\/#website"},"primaryImageOfPage":{"@id":"https:\/\/www.lifenatura.com\/es\/produto\/garbanzos-500g-el-granero\/#primaryimage"},"image":{"@id":"https:\/\/www.lifenatura.com\/es\/produto\/garbanzos-500g-el-granero\/#primaryimage"},"thumbnailUrl":"https:\/\/www.lifenatura.com\/wp-content\/uploads\/2024\/11\/grao-bico-bio-el-granero.jpg","datePublished":"2024-11-06T13:53:35+00:00","dateModified":"2025-01-20T23:54:41+00:00","description":"Garbanzos ecol\u00f3gicos de la marca El Granero, ideales para veganos y cualquiera que desee a\u00f1adir prote\u00ednas vegetales y fibra a su dieta.","breadcrumb":{"@id":"https:\/\/www.lifenatura.com\/es\/produto\/garbanzos-500g-el-granero\/#breadcrumb"},"inLanguage":"es","potentialAction":[{"@type":"ReadAction","target":["https:\/\/www.lifenatura.com\/es\/produto\/garbanzos-500g-el-granero\/"]}]},{"@type":"ImageObject","inLanguage":"es","@id":"https:\/\/www.lifenatura.com\/es\/produto\/garbanzos-500g-el-granero\/#primaryimage","url":"https:\/\/www.lifenatura.com\/wp-content\/uploads\/2024\/11\/grao-bico-bio-el-granero.jpg","contentUrl":"https:\/\/www.lifenatura.com\/wp-content\/uploads\/2024\/11\/grao-bico-bio-el-granero.jpg","width":1000,"height":1000,"caption":"Garbanzos de la marca el Granero"},{"@type":"BreadcrumbList","@id":"https:\/\/www.lifenatura.com\/es\/produto\/garbanzos-500g-el-granero\/#breadcrumb","itemListElement":[{"@type":"ListItem","position":1,"name":"In\u00edcio","item":"https:\/\/www.lifenatura.com\/es\/"},{"@type":"ListItem","position":2,"name":"Todos los Productos","item":"https:\/\/www.lifenatura.com\/es\/tienda\/"},{"@type":"ListItem","position":3,"name":"Garbanzos 500g &#8211; El Granero"}]},{"@type":"WebSite","@id":"https:\/\/www.lifenatura.com\/es\/#website","url":"https:\/\/www.lifenatura.com\/es\/","name":"Lifenatura","description":"A Lifenatura \u00e9 uma loja de produtos naturais, cosm\u00e9tica natural e alimenta\u00e7\u00e3o Biol\u00f3gica.","publisher":{"@id":"https:\/\/www.lifenatura.com\/es\/#organization"},"potentialAction":[{"@type":"SearchAction","target":{"@type":"EntryPoint","urlTemplate":"https:\/\/www.lifenatura.com\/es\/?s={search_term_string}"},"query-input":{"@type":"PropertyValueSpecification","valueRequired":true,"valueName":"search_term_string"}}],"inLanguage":"es"},{"@type":"Organization","@id":"https:\/\/www.lifenatura.com\/es\/#organization","name":"Lifenatura","url":"https:\/\/www.lifenatura.com\/es\/","logo":{"@type":"ImageObject","inLanguage":"es","@id":"https:\/\/www.lifenatura.com\/es\/#\/schema\/logo\/image\/","url":"https:\/\/www.lifenatura.com\/wp-content\/uploads\/2021\/07\/logo.png","contentUrl":"https:\/\/www.lifenatura.com\/wp-content\/uploads\/2021\/07\/logo.png","width":175,"height":55,"caption":"Lifenatura"},"image":{"@id":"https:\/\/www.lifenatura.com\/es\/#\/schema\/logo\/image\/"},"sameAs":["https:\/\/www.facebook.com\/lifenatura","https:\/\/www.instagram.com\/lifenaturapt\/"],"hasMerchantReturnPolicy":{"@type":"MerchantReturnPolicy","merchantReturnLink":"https:\/\/www.lifenatura.com\/termos-condicoes-lifenatura\/"}}]},"product_price_amount":"4.48","product_price_currency":"EUR","og_availability":"instock","product_availability":"instock","product_retailer_item_id":"8422584018035","product_condition":"new"},"df_price":4.48,"df_sale_price":"","df_regular_price":4.48,"df_image_link":"https:\/\/www.lifenatura.com\/wp-content\/uploads\/2024\/11\/grao-bico-bio-el-granero-300x300.jpg","_links":{"self":[{"href":"https:\/\/www.lifenatura.com\/es\/wp-json\/wp\/v2\/product\/103917","targetHints":{"allow":["GET"]}}],"collection":[{"href":"https:\/\/www.lifenatura.com\/es\/wp-json\/wp\/v2\/product"}],"about":[{"href":"https:\/\/www.lifenatura.com\/es\/wp-json\/wp\/v2\/types\/product"}],"wp:featuredmedia":[{"embeddable":true,"href":"https:\/\/www.lifenatura.com\/es\/wp-json\/wp\/v2\/media\/101781"}],"wp:attachment":[{"href":"https:\/\/www.lifenatura.com\/es\/wp-json\/wp\/v2\/media?parent=103917"}],"wp:term":[{"taxonomy":"product_brand","embeddable":true,"href":"https:\/\/www.lifenatura.com\/es\/wp-json\/wp\/v2\/product_brand?post=103917"},{"taxonomy":"product_cat","embeddable":true,"href":"https:\/\/www.lifenatura.com\/es\/wp-json\/wp\/v2\/product_cat?post=103917"},{"taxonomy":"product_tag","embeddable":true,"href":"https:\/\/www.lifenatura.com\/es\/wp-json\/wp\/v2\/product_tag?post=103917"}],"curies":[{"name":"wp","href":"https:\/\/api.w.org\/{rel}","templated":true}]}}