{"id":103916,"date":"2024-11-12T15:03:49","date_gmt":"2024-11-12T15:03:49","guid":{"rendered":"https:\/\/www.lifenatura.com\/produto\/datil-deshuesado-bio-200g-biogra\/"},"modified":"2026-02-11T14:50:10","modified_gmt":"2026-02-11T14:50:10","slug":"datil-deshuesado-bio-200g-biogra","status":"publish","type":"product","link":"https:\/\/www.lifenatura.com\/es\/produto\/datil-deshuesado-bio-200g-biogra\/","title":{"rendered":"D\u00e1til Deshuesado Bio 230g &#8211; Biogr\u00e1"},"content":{"rendered":"<h2 style=\"text-align: left;\"><strong>D\u00e1til deshuesado Biogr\u00e1 &#8211; Dulce natural y vers\u00e1til<\/strong><\/h2>\n<p>&nbsp;<\/p>\n<p><strong>Los d\u00e1tiles deshuesados Biogr\u00e1<\/strong> son una opci\u00f3n nutritiva y naturalmente dulce para una dieta equilibrada. Esta fruta deshidratada y sin hueso ofrece comodidad y sabor en cada bocado, lo que la convierte en una alternativa excelente para quienes buscan un tentempi\u00e9 saludable o un ingrediente vers\u00e1til en recetas de postres y platos variados.<\/p>\n<p>Los d\u00e1tiles Biogr\u00e1 se seleccionan rigurosamente para garantizar una textura suave y un sabor aut\u00e9ntico, sin necesidad de edulcorantes artificiales. Conocidos por su alto contenido en fibra, los d\u00e1tiles ayudan a regular el tr\u00e1nsito intestinal, promoviendo la sensaci\u00f3n de saciedad y facilitando la digesti\u00f3n.<\/p>\n<p>Tambi\u00e9n son ricos en antioxidantes, que protegen las c\u00e9lulas del organismo contra los radicales libres y ayudan a reforzar el sistema inmunitario. Adem\u00e1s, los d\u00e1tiles son una fuente natural de energ\u00eda y son ideales para consumir antes o despu\u00e9s de la actividad f\u00edsica, ofreciendo un impulso energ\u00e9tico sano y natural.<\/p>\n<h4>Principales ventajas:<\/h4>\n<ul>\n<li><strong>Fuente de energ\u00eda natural:<\/strong> Rico en az\u00facares naturales, ideal para un tentempi\u00e9 r\u00e1pido y sano.<\/li>\n<li><strong>Rico en fibra:<\/strong> ayuda a regular el sistema digestivo y favorece la saciedad.<\/li>\n<li><strong>Antioxidantes naturales:<\/strong> ayudan a proteger las c\u00e9lulas y refuerzan el sistema inmunitario.<\/li>\n<\/ul>\n<h4>Adecuado para:<\/h4>\n<p>Estos d\u00e1tiles deshuesados son adecuados para quienes buscan una fuente de energ\u00eda r\u00e1pida y natural, y son perfectos para deportistas, estudiantes o cualquiera que necesite un impulso de energ\u00eda saludable. Tambi\u00e9n son una gran opci\u00f3n para quienes siguen una dieta basada en alimentos naturales y quieren evitar los az\u00facares refinados.<\/p>\n<p><b><strong>Los d\u00e1tiles destacan por ser una fruta tan nutritiva como energizante<\/strong><\/b>que aporta un buen n\u00famero de propiedades cien por cien extraordinarias.<\/p>\n<p>Este <b><strong>tentempi\u00e9 saludable aporta una gran variedad de minerales<\/strong><\/b> (como hierro y magnesio), as\u00ed como vitaminas (principalmente de los grupos B y A). Debido a los minerales que contiene, es un alimento adecuado tanto para vegetarianos como para personas que padecen anemia.<\/p>\n<p>Adem\u00e1s, al ser rica en magnesio, ayuda a combatir el estr\u00e9s, el cansancio y la fatiga. Previene la aparici\u00f3n de la hipertensi\u00f3n, por su contenido en vitamina A, y estimula al mismo tiempo las distintas funciones del cerebro.<\/p>\n<p><strong>PRESENTACI\u00d3N<\/strong><\/p>\n<p>230g<\/p>\n<p>&nbsp;<\/p>\n","protected":false},"excerpt":{"rendered":"<p>D\u00e1til deshuesado Biogr\u00e1, fruto seco naturalmente dulce, rico en fibra y antioxidantes. Ideal para aperitivos saludables y recetas naturales. [&#8230;]<\/p>\n<p><a class=\"btn btn-secondary understrap-read-more-link\" href=\"https:\/\/www.lifenatura.com\/es\/produto\/datil-deshuesado-bio-200g-biogra\/\">Leer m\u00e1s&#8230;<span class=\"screen-reader-text\"> from D\u00e1til Deshuesado Bio 230g &#8211; Biogr\u00e1<\/span><\/a><\/p>\n","protected":false},"featured_media":102053,"template":"","meta":{"_acf_changed":false},"product_brand":[8531],"product_cat":[7064,7086,7074],"product_tag":[],"class_list":{"0":"post-103916","1":"product","2":"type-product","3":"status-publish","4":"has-post-thumbnail","6":"product_brand-biogra","7":"product_cat-alimentacion-sana","8":"product_cat-frutos-secos-naturales","9":"product_cat-productos-alimenticios","10":"pa_caracteristicas-biologico","11":"pa_caracteristicas-sin-lactosa","12":"pa_caracteristicas-vegano","13":"pa_caracteristicas-vegetariano","15":"first","16":"instock","17":"shipping-taxable","18":"purchasable","19":"product-type-simple","20":"add-to-wishlist-before_image"},"acf":[],"yoast_head":"<!-- This site is optimized with the Yoast SEO Premium plugin v27.1 (Yoast SEO v27.5) - https:\/\/yoast.com\/product\/yoast-seo-premium-wordpress\/ -->\n<title>D\u00e1til Deshuesado Bio 230g - Biogr\u00e1 - Na Lifenatura ao Melhor Pre\u00e7o | Envio em 48h<\/title>\n<meta name=\"description\" content=\"D\u00e1til deshuesado Biogr\u00e1, fruto seco naturalmente dulce, rico en fibra y antioxidantes. Ideal para aperitivos saludables y recetas naturales.\" \/>\n<meta name=\"robots\" content=\"index, follow, max-snippet:-1, max-image-preview:large, max-video-preview:-1\" \/>\n<link rel=\"canonical\" href=\"https:\/\/www.lifenatura.com\/es\/produto\/datil-deshuesado-bio-200g-biogra\/\" \/>\n<meta property=\"og:locale\" content=\"es_ES\" \/>\n<meta property=\"og:type\" content=\"article\" \/>\n<meta property=\"og:title\" content=\"D\u00e1til Deshuesado Bio 230g - Biogr\u00e1 - Na Lifenatura ao Melhor Pre\u00e7o | Envio 48h\" \/>\n<meta property=\"og:description\" content=\"Compre D\u00e1til Deshuesado Bio 230g - Biogr\u00e1 com envio r\u00e1pido. Entrega em 48h e portes gr\u00e1tis em compras &gt;35\u20ac. Aproveite j\u00e1 na Lifenatura\" \/>\n<meta property=\"og:url\" content=\"https:\/\/www.lifenatura.com\/es\/produto\/datil-deshuesado-bio-200g-biogra\/\" \/>\n<meta property=\"og:site_name\" content=\"Lifenatura\" \/>\n<meta property=\"article:publisher\" content=\"https:\/\/www.facebook.com\/lifenatura\" \/>\n<meta property=\"article:modified_time\" content=\"2026-02-11T14:50:10+00:00\" \/>\n<meta property=\"og:image\" content=\"https:\/\/www.lifenatura.com\/wp-content\/uploads\/2024\/11\/tamara-biogra.jpg\" \/>\n\t<meta property=\"og:image:width\" content=\"1000\" \/>\n\t<meta property=\"og:image:height\" content=\"1000\" \/>\n\t<meta property=\"og:image:type\" content=\"image\/jpeg\" \/>\n<meta name=\"twitter:card\" content=\"summary_large_image\" \/>\n<meta name=\"twitter:label1\" content=\"Precio\" \/>\n\t<meta name=\"twitter:data1\" content=\"5,10&nbsp;&euro;\" \/>\n\t<meta name=\"twitter:label2\" content=\"Disponibilidad\" \/>\n\t<meta name=\"twitter:data2\" content=\"Disponible\" \/>\n<script type=\"application\/ld+json\" class=\"yoast-schema-graph\">{\"@context\":\"https:\\\/\\\/schema.org\",\"@graph\":[{\"@type\":\"WebPage\",\"@id\":\"https:\\\/\\\/www.lifenatura.com\\\/es\\\/produto\\\/datil-deshuesado-bio-200g-biogra\\\/\",\"url\":\"https:\\\/\\\/www.lifenatura.com\\\/es\\\/produto\\\/datil-deshuesado-bio-200g-biogra\\\/\",\"name\":\"D\u00e1til Deshuesado Bio 230g - Biogr\u00e1 - Na Lifenatura ao Melhor Pre\u00e7o | Envio em 48h\",\"isPartOf\":{\"@id\":\"https:\\\/\\\/www.lifenatura.com\\\/es\\\/#website\"},\"primaryImageOfPage\":{\"@id\":\"https:\\\/\\\/www.lifenatura.com\\\/es\\\/produto\\\/datil-deshuesado-bio-200g-biogra\\\/#primaryimage\"},\"image\":{\"@id\":\"https:\\\/\\\/www.lifenatura.com\\\/es\\\/produto\\\/datil-deshuesado-bio-200g-biogra\\\/#primaryimage\"},\"thumbnailUrl\":\"https:\\\/\\\/www.lifenatura.com\\\/wp-content\\\/uploads\\\/2024\\\/11\\\/tamara-biogra.jpg\",\"datePublished\":\"2024-11-12T15:03:49+00:00\",\"dateModified\":\"2026-02-11T14:50:10+00:00\",\"description\":\"D\u00e1til deshuesado Biogr\u00e1, fruto seco naturalmente dulce, rico en fibra y antioxidantes. Ideal para aperitivos saludables y recetas naturales.\",\"breadcrumb\":{\"@id\":\"https:\\\/\\\/www.lifenatura.com\\\/es\\\/produto\\\/datil-deshuesado-bio-200g-biogra\\\/#breadcrumb\"},\"inLanguage\":\"es\",\"potentialAction\":[{\"@type\":\"ReadAction\",\"target\":[\"https:\\\/\\\/www.lifenatura.com\\\/es\\\/produto\\\/datil-deshuesado-bio-200g-biogra\\\/\"]}]},{\"@type\":\"ImageObject\",\"inLanguage\":\"es\",\"@id\":\"https:\\\/\\\/www.lifenatura.com\\\/es\\\/produto\\\/datil-deshuesado-bio-200g-biogra\\\/#primaryimage\",\"url\":\"https:\\\/\\\/www.lifenatura.com\\\/wp-content\\\/uploads\\\/2024\\\/11\\\/tamara-biogra.jpg\",\"contentUrl\":\"https:\\\/\\\/www.lifenatura.com\\\/wp-content\\\/uploads\\\/2024\\\/11\\\/tamara-biogra.jpg\",\"width\":1000,\"height\":1000,\"caption\":\"Fechas de Biogr\u00e1\"},{\"@type\":\"BreadcrumbList\",\"@id\":\"https:\\\/\\\/www.lifenatura.com\\\/es\\\/produto\\\/datil-deshuesado-bio-200g-biogra\\\/#breadcrumb\",\"itemListElement\":[{\"@type\":\"ListItem\",\"position\":1,\"name\":\"In\u00edcio\",\"item\":\"https:\\\/\\\/www.lifenatura.com\\\/es\\\/\"},{\"@type\":\"ListItem\",\"position\":2,\"name\":\"Todos los Productos\",\"item\":\"https:\\\/\\\/www.lifenatura.com\\\/es\\\/tienda\\\/\"},{\"@type\":\"ListItem\",\"position\":3,\"name\":\"D\u00e1til Deshuesado Bio 230g &#8211; Biogr\u00e1\"}]},{\"@type\":\"WebSite\",\"@id\":\"https:\\\/\\\/www.lifenatura.com\\\/es\\\/#website\",\"url\":\"https:\\\/\\\/www.lifenatura.com\\\/es\\\/\",\"name\":\"Lifenatura\",\"description\":\"A Lifenatura \u00e9 uma loja de produtos naturais, cosm\u00e9tica natural e alimenta\u00e7\u00e3o Biol\u00f3gica.\",\"publisher\":{\"@id\":\"https:\\\/\\\/www.lifenatura.com\\\/es\\\/#organization\"},\"potentialAction\":[{\"@type\":\"SearchAction\",\"target\":{\"@type\":\"EntryPoint\",\"urlTemplate\":\"https:\\\/\\\/www.lifenatura.com\\\/es\\\/?s={search_term_string}\"},\"query-input\":{\"@type\":\"PropertyValueSpecification\",\"valueRequired\":true,\"valueName\":\"search_term_string\"}}],\"inLanguage\":\"es\"},{\"@type\":\"Organization\",\"@id\":\"https:\\\/\\\/www.lifenatura.com\\\/es\\\/#organization\",\"name\":\"Lifenatura\",\"url\":\"https:\\\/\\\/www.lifenatura.com\\\/es\\\/\",\"logo\":{\"@type\":\"ImageObject\",\"inLanguage\":\"es\",\"@id\":\"https:\\\/\\\/www.lifenatura.com\\\/es\\\/#\\\/schema\\\/logo\\\/image\\\/\",\"url\":\"https:\\\/\\\/www.lifenatura.com\\\/wp-content\\\/uploads\\\/2021\\\/07\\\/logo.png\",\"contentUrl\":\"https:\\\/\\\/www.lifenatura.com\\\/wp-content\\\/uploads\\\/2021\\\/07\\\/logo.png\",\"width\":175,\"height\":55,\"caption\":\"Lifenatura\"},\"image\":{\"@id\":\"https:\\\/\\\/www.lifenatura.com\\\/es\\\/#\\\/schema\\\/logo\\\/image\\\/\"},\"sameAs\":[\"https:\\\/\\\/www.facebook.com\\\/lifenatura\",\"https:\\\/\\\/www.instagram.com\\\/lifenaturapt\\\/\"],\"hasMerchantReturnPolicy\":{\"@type\":\"MerchantReturnPolicy\",\"merchantReturnLink\":\"https:\\\/\\\/www.lifenatura.com\\\/termos-condicoes-lifenatura\\\/\"}}]}<\/script>\n<meta property=\"product:price:amount\" content=\"5.10\" \/>\n<meta property=\"product:price:currency\" content=\"EUR\" \/>\n<meta property=\"og:availability\" content=\"instock\" \/>\n<meta property=\"product:availability\" content=\"instock\" \/>\n<meta property=\"product:retailer_item_id\" content=\"8426904171004\" \/>\n<meta property=\"product:condition\" content=\"new\" \/>\n<!-- \/ Yoast SEO Premium plugin. -->","yoast_head_json":{"title":"D\u00e1til Deshuesado Bio 230g - Biogr\u00e1 - Na Lifenatura ao Melhor Pre\u00e7o | Envio em 48h","description":"D\u00e1til deshuesado Biogr\u00e1, fruto seco naturalmente dulce, rico en fibra y antioxidantes. Ideal para aperitivos saludables y recetas naturales.","robots":{"index":"index","follow":"follow","max-snippet":"max-snippet:-1","max-image-preview":"max-image-preview:large","max-video-preview":"max-video-preview:-1"},"canonical":"https:\/\/www.lifenatura.com\/es\/produto\/datil-deshuesado-bio-200g-biogra\/","og_locale":"es_ES","og_type":"article","og_title":"D\u00e1til Deshuesado Bio 230g - Biogr\u00e1 - Na Lifenatura ao Melhor Pre\u00e7o | Envio 48h","og_description":"Compre D\u00e1til Deshuesado Bio 230g - Biogr\u00e1 com envio r\u00e1pido. Entrega em 48h e portes gr\u00e1tis em compras >35\u20ac. Aproveite j\u00e1 na Lifenatura","og_url":"https:\/\/www.lifenatura.com\/es\/produto\/datil-deshuesado-bio-200g-biogra\/","og_site_name":"Lifenatura","article_publisher":"https:\/\/www.facebook.com\/lifenatura","article_modified_time":"2026-02-11T14:50:10+00:00","og_image":[{"width":1000,"height":1000,"url":"https:\/\/www.lifenatura.com\/wp-content\/uploads\/2024\/11\/tamara-biogra.jpg","type":"image\/jpeg"}],"twitter_card":"summary_large_image","twitter_misc":{"Precio":"5,10&nbsp;&euro;","Disponibilidad":"Disponible"},"schema":{"@context":"https:\/\/schema.org","@graph":[{"@type":"WebPage","@id":"https:\/\/www.lifenatura.com\/es\/produto\/datil-deshuesado-bio-200g-biogra\/","url":"https:\/\/www.lifenatura.com\/es\/produto\/datil-deshuesado-bio-200g-biogra\/","name":"D\u00e1til Deshuesado Bio 230g - Biogr\u00e1 - Na Lifenatura ao Melhor Pre\u00e7o | Envio em 48h","isPartOf":{"@id":"https:\/\/www.lifenatura.com\/es\/#website"},"primaryImageOfPage":{"@id":"https:\/\/www.lifenatura.com\/es\/produto\/datil-deshuesado-bio-200g-biogra\/#primaryimage"},"image":{"@id":"https:\/\/www.lifenatura.com\/es\/produto\/datil-deshuesado-bio-200g-biogra\/#primaryimage"},"thumbnailUrl":"https:\/\/www.lifenatura.com\/wp-content\/uploads\/2024\/11\/tamara-biogra.jpg","datePublished":"2024-11-12T15:03:49+00:00","dateModified":"2026-02-11T14:50:10+00:00","description":"D\u00e1til deshuesado Biogr\u00e1, fruto seco naturalmente dulce, rico en fibra y antioxidantes. Ideal para aperitivos saludables y recetas naturales.","breadcrumb":{"@id":"https:\/\/www.lifenatura.com\/es\/produto\/datil-deshuesado-bio-200g-biogra\/#breadcrumb"},"inLanguage":"es","potentialAction":[{"@type":"ReadAction","target":["https:\/\/www.lifenatura.com\/es\/produto\/datil-deshuesado-bio-200g-biogra\/"]}]},{"@type":"ImageObject","inLanguage":"es","@id":"https:\/\/www.lifenatura.com\/es\/produto\/datil-deshuesado-bio-200g-biogra\/#primaryimage","url":"https:\/\/www.lifenatura.com\/wp-content\/uploads\/2024\/11\/tamara-biogra.jpg","contentUrl":"https:\/\/www.lifenatura.com\/wp-content\/uploads\/2024\/11\/tamara-biogra.jpg","width":1000,"height":1000,"caption":"Fechas de Biogr\u00e1"},{"@type":"BreadcrumbList","@id":"https:\/\/www.lifenatura.com\/es\/produto\/datil-deshuesado-bio-200g-biogra\/#breadcrumb","itemListElement":[{"@type":"ListItem","position":1,"name":"In\u00edcio","item":"https:\/\/www.lifenatura.com\/es\/"},{"@type":"ListItem","position":2,"name":"Todos los Productos","item":"https:\/\/www.lifenatura.com\/es\/tienda\/"},{"@type":"ListItem","position":3,"name":"D\u00e1til Deshuesado Bio 230g &#8211; Biogr\u00e1"}]},{"@type":"WebSite","@id":"https:\/\/www.lifenatura.com\/es\/#website","url":"https:\/\/www.lifenatura.com\/es\/","name":"Lifenatura","description":"A Lifenatura \u00e9 uma loja de produtos naturais, cosm\u00e9tica natural e alimenta\u00e7\u00e3o Biol\u00f3gica.","publisher":{"@id":"https:\/\/www.lifenatura.com\/es\/#organization"},"potentialAction":[{"@type":"SearchAction","target":{"@type":"EntryPoint","urlTemplate":"https:\/\/www.lifenatura.com\/es\/?s={search_term_string}"},"query-input":{"@type":"PropertyValueSpecification","valueRequired":true,"valueName":"search_term_string"}}],"inLanguage":"es"},{"@type":"Organization","@id":"https:\/\/www.lifenatura.com\/es\/#organization","name":"Lifenatura","url":"https:\/\/www.lifenatura.com\/es\/","logo":{"@type":"ImageObject","inLanguage":"es","@id":"https:\/\/www.lifenatura.com\/es\/#\/schema\/logo\/image\/","url":"https:\/\/www.lifenatura.com\/wp-content\/uploads\/2021\/07\/logo.png","contentUrl":"https:\/\/www.lifenatura.com\/wp-content\/uploads\/2021\/07\/logo.png","width":175,"height":55,"caption":"Lifenatura"},"image":{"@id":"https:\/\/www.lifenatura.com\/es\/#\/schema\/logo\/image\/"},"sameAs":["https:\/\/www.facebook.com\/lifenatura","https:\/\/www.instagram.com\/lifenaturapt\/"],"hasMerchantReturnPolicy":{"@type":"MerchantReturnPolicy","merchantReturnLink":"https:\/\/www.lifenatura.com\/termos-condicoes-lifenatura\/"}}]},"product_price_amount":"5.10","product_price_currency":"EUR","og_availability":"instock","product_availability":"instock","product_retailer_item_id":"8426904171004","product_condition":"new"},"df_price":5.1,"df_sale_price":"","df_regular_price":5.1,"df_image_link":"https:\/\/www.lifenatura.com\/wp-content\/uploads\/2024\/11\/tamara-biogra-300x300.jpg","_links":{"self":[{"href":"https:\/\/www.lifenatura.com\/es\/wp-json\/wp\/v2\/product\/103916","targetHints":{"allow":["GET"]}}],"collection":[{"href":"https:\/\/www.lifenatura.com\/es\/wp-json\/wp\/v2\/product"}],"about":[{"href":"https:\/\/www.lifenatura.com\/es\/wp-json\/wp\/v2\/types\/product"}],"wp:featuredmedia":[{"embeddable":true,"href":"https:\/\/www.lifenatura.com\/es\/wp-json\/wp\/v2\/media\/102053"}],"wp:attachment":[{"href":"https:\/\/www.lifenatura.com\/es\/wp-json\/wp\/v2\/media?parent=103916"}],"wp:term":[{"taxonomy":"product_brand","embeddable":true,"href":"https:\/\/www.lifenatura.com\/es\/wp-json\/wp\/v2\/product_brand?post=103916"},{"taxonomy":"product_cat","embeddable":true,"href":"https:\/\/www.lifenatura.com\/es\/wp-json\/wp\/v2\/product_cat?post=103916"},{"taxonomy":"product_tag","embeddable":true,"href":"https:\/\/www.lifenatura.com\/es\/wp-json\/wp\/v2\/product_tag?post=103916"}],"curies":[{"name":"wp","href":"https:\/\/api.w.org\/{rel}","templated":true}]}}