{"id":103913,"date":"2024-11-06T13:30:32","date_gmt":"2024-11-06T13:30:32","guid":{"rendered":"https:\/\/www.lifenatura.com\/produto\/aceite-de-coco-virgen-bio-400ml-naturgreen\/"},"modified":"2025-01-20T21:38:48","modified_gmt":"2025-01-20T21:38:48","slug":"aceite-de-coco-virgen-bio-400ml-naturgreen","status":"publish","type":"product","link":"https:\/\/www.lifenatura.com\/es\/produto\/aceite-de-coco-virgen-bio-400ml-naturgreen\/","title":{"rendered":"Aceite de Coco Virgen Bio 400ml &#8211; NaturGreen"},"content":{"rendered":"<h2 style=\"text-align: left;\"><strong>Naturgreen Aceite de Coco Bio Virgen &#8211; Pureza y versatilidad para tu cocina<\/strong><\/h2>\n<p>&nbsp;<\/p>\n<p><strong>El Aceite de Coco Bio Virgen de Naturgreen<\/strong> es un producto de alta calidad, extra\u00eddo de cocos frescos de origen ecol\u00f3gico y procesado en fr\u00edo para garantizar la conservaci\u00f3n de los nutrientes naturales. Con su sabor suave y ex\u00f3tico, este aceite es una opci\u00f3n vers\u00e1til para cocinar, fre\u00edr o incluso incluir en recetas de postres.<\/p>\n<p>Su textura cremosa y agradable aroma lo convierten en una opci\u00f3n ideal para quienes buscan un sustituto saludable de los aceites convencionales. Adem\u00e1s de sus caracter\u00edsticas culinarias, el Aceite de Coco Virgen Bio es conocido por sus beneficios para la salud.<\/p>\n<p>Rico en \u00e1cidos grasos de cadena media (MCT), se metaboliza f\u00e1cilmente, proporcionando energ\u00eda r\u00e1pida y ayudando a saciar el apetito. Su uso regular puede favorecer el metabolismo, mejorar el sistema inmunitario y contribuir a la salud de la piel y el cabello, lo que lo convierte en un aliado esencial tanto en la cocina como en la rutina de belleza.<\/p>\n<h4>Principales ventajas:<\/h4>\n<ul>\n<li><strong>Energ\u00eda natural:<\/strong> Los MCT presentes en el aceite son una fuente de energ\u00eda r\u00e1pida y eficaz.<\/li>\n<li><strong>Versatilidad:<\/strong> Ideal para uso culinario y para el cuidado de la piel y el cabello.<\/li>\n<li><strong>Ecol\u00f3gico y puro:<\/strong> Sin conservantes ni aditivos, ofrece la calidad natural y saludable que te mereces.<\/li>\n<\/ul>\n<h4>Adecuado para:<\/h4>\n<p>Adecuado para quienes desean un aceite vers\u00e1til y nutritivo, ideal para dietas bajas en carbohidratos, entusiastas del deporte y quienes buscan alternativas saludables en el cuidado de la belleza.<\/p>\n<p><strong>PRESENTACI\u00d3N<\/strong><\/p>\n<p>400 ml<\/p>\n<p>&nbsp;<\/p>\n","protected":false},"excerpt":{"rendered":"<p>El Aceite de Coco Bio Virgen Naturgreen, una opci\u00f3n vers\u00e1til para cocinar, fre\u00edr o incluso incluir en recetas de postres, con una textura cremosa y un agradable aroma. [&#8230;]<\/p>\n<p><a class=\"btn btn-secondary understrap-read-more-link\" href=\"https:\/\/www.lifenatura.com\/es\/produto\/aceite-de-coco-virgen-bio-400ml-naturgreen\/\">Leer m\u00e1s&#8230;<span class=\"screen-reader-text\"> from Aceite de Coco Virgen Bio 400ml &#8211; NaturGreen<\/span><\/a><\/p>\n","protected":false},"featured_media":101775,"template":"","meta":{"_acf_changed":false},"product_brand":[8344],"product_cat":[7094,7064,7074],"product_tag":[],"class_list":{"0":"post-103913","1":"product","2":"type-product","3":"status-publish","4":"has-post-thumbnail","6":"product_brand-naturgreen-es","7":"product_cat-aceite-de-coco","8":"product_cat-alimentacion-sana","9":"product_cat-productos-alimenticios","10":"pa_caracteristicas-biologico","11":"pa_caracteristicas-sin-azucares-anadidos","12":"pa_caracteristicas-sin-gluten","13":"pa_caracteristicas-sin-lactosa","14":"pa_caracteristicas-vegano","15":"pa_caracteristicas-vegetariano","17":"first","18":"instock","19":"shipping-taxable","20":"purchasable","21":"product-type-simple","22":"add-to-wishlist-before_image"},"acf":[],"yoast_head":"<!-- This site is optimized with the Yoast SEO Premium plugin v27.1 (Yoast SEO v27.5) - https:\/\/yoast.com\/product\/yoast-seo-premium-wordpress\/ -->\n<title>Aceite de Coco Virgen Bio 400ml - NaturGreen - Na Lifenatura ao Melhor Pre\u00e7o | Envio em 48h<\/title>\n<meta name=\"description\" content=\"El Aceite de Coco Bio Virgen Naturgreen, una opci\u00f3n vers\u00e1til para cocinar, fre\u00edr o incluso incluir en recetas de postres, con una textura cremosa.\" \/>\n<meta name=\"robots\" content=\"index, follow, max-snippet:-1, max-image-preview:large, max-video-preview:-1\" \/>\n<link rel=\"canonical\" href=\"https:\/\/www.lifenatura.com\/es\/produto\/aceite-de-coco-virgen-bio-400ml-naturgreen\/\" \/>\n<meta property=\"og:locale\" content=\"es_ES\" \/>\n<meta property=\"og:type\" content=\"article\" \/>\n<meta property=\"og:title\" content=\"Aceite de Coco Virgen Bio 400ml - NaturGreen - Na Lifenatura ao Melhor Pre\u00e7o | Envio 48h\" \/>\n<meta property=\"og:description\" content=\"Compre Aceite de Coco Virgen Bio 400ml - NaturGreen com envio r\u00e1pido. Entrega em 48h e portes gr\u00e1tis em compras &gt;35\u20ac. Aproveite j\u00e1 na Lifenatura\" \/>\n<meta property=\"og:url\" content=\"https:\/\/www.lifenatura.com\/es\/produto\/aceite-de-coco-virgen-bio-400ml-naturgreen\/\" \/>\n<meta property=\"og:site_name\" content=\"Lifenatura\" \/>\n<meta property=\"article:publisher\" content=\"https:\/\/www.facebook.com\/lifenatura\" \/>\n<meta property=\"article:modified_time\" content=\"2025-01-20T21:38:48+00:00\" \/>\n<meta property=\"og:image\" content=\"https:\/\/www.lifenatura.com\/wp-content\/uploads\/2024\/11\/oleo-de-coco-400ml-naturgreen.jpg\" \/>\n\t<meta property=\"og:image:width\" content=\"1000\" \/>\n\t<meta property=\"og:image:height\" content=\"1000\" \/>\n\t<meta property=\"og:image:type\" content=\"image\/jpeg\" \/>\n<meta name=\"twitter:card\" content=\"summary_large_image\" \/>\n<meta name=\"twitter:label1\" content=\"Precio\" \/>\n\t<meta name=\"twitter:data1\" content=\"8,84&nbsp;&euro;\" \/>\n\t<meta name=\"twitter:label2\" content=\"Disponibilidad\" \/>\n\t<meta name=\"twitter:data2\" content=\"Disponible\" \/>\n<script type=\"application\/ld+json\" class=\"yoast-schema-graph\">{\"@context\":\"https:\\\/\\\/schema.org\",\"@graph\":[{\"@type\":\"WebPage\",\"@id\":\"https:\\\/\\\/www.lifenatura.com\\\/es\\\/produto\\\/aceite-de-coco-virgen-bio-400ml-naturgreen\\\/\",\"url\":\"https:\\\/\\\/www.lifenatura.com\\\/es\\\/produto\\\/aceite-de-coco-virgen-bio-400ml-naturgreen\\\/\",\"name\":\"Aceite de Coco Virgen Bio 400ml - NaturGreen - Na Lifenatura ao Melhor Pre\u00e7o | Envio em 48h\",\"isPartOf\":{\"@id\":\"https:\\\/\\\/www.lifenatura.com\\\/es\\\/#website\"},\"primaryImageOfPage\":{\"@id\":\"https:\\\/\\\/www.lifenatura.com\\\/es\\\/produto\\\/aceite-de-coco-virgen-bio-400ml-naturgreen\\\/#primaryimage\"},\"image\":{\"@id\":\"https:\\\/\\\/www.lifenatura.com\\\/es\\\/produto\\\/aceite-de-coco-virgen-bio-400ml-naturgreen\\\/#primaryimage\"},\"thumbnailUrl\":\"https:\\\/\\\/www.lifenatura.com\\\/wp-content\\\/uploads\\\/2024\\\/11\\\/oleo-de-coco-400ml-naturgreen.jpg\",\"datePublished\":\"2024-11-06T13:30:32+00:00\",\"dateModified\":\"2025-01-20T21:38:48+00:00\",\"description\":\"El Aceite de Coco Bio Virgen Naturgreen, una opci\u00f3n vers\u00e1til para cocinar, fre\u00edr o incluso incluir en recetas de postres, con una textura cremosa.\",\"breadcrumb\":{\"@id\":\"https:\\\/\\\/www.lifenatura.com\\\/es\\\/produto\\\/aceite-de-coco-virgen-bio-400ml-naturgreen\\\/#breadcrumb\"},\"inLanguage\":\"es\",\"potentialAction\":[{\"@type\":\"ReadAction\",\"target\":[\"https:\\\/\\\/www.lifenatura.com\\\/es\\\/produto\\\/aceite-de-coco-virgen-bio-400ml-naturgreen\\\/\"]}]},{\"@type\":\"ImageObject\",\"inLanguage\":\"es\",\"@id\":\"https:\\\/\\\/www.lifenatura.com\\\/es\\\/produto\\\/aceite-de-coco-virgen-bio-400ml-naturgreen\\\/#primaryimage\",\"url\":\"https:\\\/\\\/www.lifenatura.com\\\/wp-content\\\/uploads\\\/2024\\\/11\\\/oleo-de-coco-400ml-naturgreen.jpg\",\"contentUrl\":\"https:\\\/\\\/www.lifenatura.com\\\/wp-content\\\/uploads\\\/2024\\\/11\\\/oleo-de-coco-400ml-naturgreen.jpg\",\"width\":1000,\"height\":1000,\"caption\":\"400 ml de aceite de coco naturgreen\"},{\"@type\":\"BreadcrumbList\",\"@id\":\"https:\\\/\\\/www.lifenatura.com\\\/es\\\/produto\\\/aceite-de-coco-virgen-bio-400ml-naturgreen\\\/#breadcrumb\",\"itemListElement\":[{\"@type\":\"ListItem\",\"position\":1,\"name\":\"In\u00edcio\",\"item\":\"https:\\\/\\\/www.lifenatura.com\\\/es\\\/\"},{\"@type\":\"ListItem\",\"position\":2,\"name\":\"Todos los Productos\",\"item\":\"https:\\\/\\\/www.lifenatura.com\\\/es\\\/tienda\\\/\"},{\"@type\":\"ListItem\",\"position\":3,\"name\":\"Aceite de Coco Virgen Bio 400ml &#8211; NaturGreen\"}]},{\"@type\":\"WebSite\",\"@id\":\"https:\\\/\\\/www.lifenatura.com\\\/es\\\/#website\",\"url\":\"https:\\\/\\\/www.lifenatura.com\\\/es\\\/\",\"name\":\"Lifenatura\",\"description\":\"A Lifenatura \u00e9 uma loja de produtos naturais, cosm\u00e9tica natural e alimenta\u00e7\u00e3o Biol\u00f3gica.\",\"publisher\":{\"@id\":\"https:\\\/\\\/www.lifenatura.com\\\/es\\\/#organization\"},\"potentialAction\":[{\"@type\":\"SearchAction\",\"target\":{\"@type\":\"EntryPoint\",\"urlTemplate\":\"https:\\\/\\\/www.lifenatura.com\\\/es\\\/?s={search_term_string}\"},\"query-input\":{\"@type\":\"PropertyValueSpecification\",\"valueRequired\":true,\"valueName\":\"search_term_string\"}}],\"inLanguage\":\"es\"},{\"@type\":\"Organization\",\"@id\":\"https:\\\/\\\/www.lifenatura.com\\\/es\\\/#organization\",\"name\":\"Lifenatura\",\"url\":\"https:\\\/\\\/www.lifenatura.com\\\/es\\\/\",\"logo\":{\"@type\":\"ImageObject\",\"inLanguage\":\"es\",\"@id\":\"https:\\\/\\\/www.lifenatura.com\\\/es\\\/#\\\/schema\\\/logo\\\/image\\\/\",\"url\":\"https:\\\/\\\/www.lifenatura.com\\\/wp-content\\\/uploads\\\/2021\\\/07\\\/logo.png\",\"contentUrl\":\"https:\\\/\\\/www.lifenatura.com\\\/wp-content\\\/uploads\\\/2021\\\/07\\\/logo.png\",\"width\":175,\"height\":55,\"caption\":\"Lifenatura\"},\"image\":{\"@id\":\"https:\\\/\\\/www.lifenatura.com\\\/es\\\/#\\\/schema\\\/logo\\\/image\\\/\"},\"sameAs\":[\"https:\\\/\\\/www.facebook.com\\\/lifenatura\",\"https:\\\/\\\/www.instagram.com\\\/lifenaturapt\\\/\"],\"hasMerchantReturnPolicy\":{\"@type\":\"MerchantReturnPolicy\",\"merchantReturnLink\":\"https:\\\/\\\/www.lifenatura.com\\\/termos-condicoes-lifenatura\\\/\"}}]}<\/script>\n<meta property=\"product:price:amount\" content=\"8.84\" \/>\n<meta property=\"product:price:currency\" content=\"EUR\" \/>\n<meta property=\"og:availability\" content=\"instock\" \/>\n<meta property=\"product:availability\" content=\"instock\" \/>\n<meta property=\"product:retailer_item_id\" content=\"8436542190640\" \/>\n<meta property=\"product:condition\" content=\"new\" \/>\n<!-- \/ Yoast SEO Premium plugin. -->","yoast_head_json":{"title":"Aceite de Coco Virgen Bio 400ml - NaturGreen - Na Lifenatura ao Melhor Pre\u00e7o | Envio em 48h","description":"El Aceite de Coco Bio Virgen Naturgreen, una opci\u00f3n vers\u00e1til para cocinar, fre\u00edr o incluso incluir en recetas de postres, con una textura cremosa.","robots":{"index":"index","follow":"follow","max-snippet":"max-snippet:-1","max-image-preview":"max-image-preview:large","max-video-preview":"max-video-preview:-1"},"canonical":"https:\/\/www.lifenatura.com\/es\/produto\/aceite-de-coco-virgen-bio-400ml-naturgreen\/","og_locale":"es_ES","og_type":"article","og_title":"Aceite de Coco Virgen Bio 400ml - NaturGreen - Na Lifenatura ao Melhor Pre\u00e7o | Envio 48h","og_description":"Compre Aceite de Coco Virgen Bio 400ml - NaturGreen com envio r\u00e1pido. Entrega em 48h e portes gr\u00e1tis em compras >35\u20ac. Aproveite j\u00e1 na Lifenatura","og_url":"https:\/\/www.lifenatura.com\/es\/produto\/aceite-de-coco-virgen-bio-400ml-naturgreen\/","og_site_name":"Lifenatura","article_publisher":"https:\/\/www.facebook.com\/lifenatura","article_modified_time":"2025-01-20T21:38:48+00:00","og_image":[{"width":1000,"height":1000,"url":"https:\/\/www.lifenatura.com\/wp-content\/uploads\/2024\/11\/oleo-de-coco-400ml-naturgreen.jpg","type":"image\/jpeg"}],"twitter_card":"summary_large_image","twitter_misc":{"Precio":"8,84&nbsp;&euro;","Disponibilidad":"Disponible"},"schema":{"@context":"https:\/\/schema.org","@graph":[{"@type":"WebPage","@id":"https:\/\/www.lifenatura.com\/es\/produto\/aceite-de-coco-virgen-bio-400ml-naturgreen\/","url":"https:\/\/www.lifenatura.com\/es\/produto\/aceite-de-coco-virgen-bio-400ml-naturgreen\/","name":"Aceite de Coco Virgen Bio 400ml - NaturGreen - Na Lifenatura ao Melhor Pre\u00e7o | Envio em 48h","isPartOf":{"@id":"https:\/\/www.lifenatura.com\/es\/#website"},"primaryImageOfPage":{"@id":"https:\/\/www.lifenatura.com\/es\/produto\/aceite-de-coco-virgen-bio-400ml-naturgreen\/#primaryimage"},"image":{"@id":"https:\/\/www.lifenatura.com\/es\/produto\/aceite-de-coco-virgen-bio-400ml-naturgreen\/#primaryimage"},"thumbnailUrl":"https:\/\/www.lifenatura.com\/wp-content\/uploads\/2024\/11\/oleo-de-coco-400ml-naturgreen.jpg","datePublished":"2024-11-06T13:30:32+00:00","dateModified":"2025-01-20T21:38:48+00:00","description":"El Aceite de Coco Bio Virgen Naturgreen, una opci\u00f3n vers\u00e1til para cocinar, fre\u00edr o incluso incluir en recetas de postres, con una textura cremosa.","breadcrumb":{"@id":"https:\/\/www.lifenatura.com\/es\/produto\/aceite-de-coco-virgen-bio-400ml-naturgreen\/#breadcrumb"},"inLanguage":"es","potentialAction":[{"@type":"ReadAction","target":["https:\/\/www.lifenatura.com\/es\/produto\/aceite-de-coco-virgen-bio-400ml-naturgreen\/"]}]},{"@type":"ImageObject","inLanguage":"es","@id":"https:\/\/www.lifenatura.com\/es\/produto\/aceite-de-coco-virgen-bio-400ml-naturgreen\/#primaryimage","url":"https:\/\/www.lifenatura.com\/wp-content\/uploads\/2024\/11\/oleo-de-coco-400ml-naturgreen.jpg","contentUrl":"https:\/\/www.lifenatura.com\/wp-content\/uploads\/2024\/11\/oleo-de-coco-400ml-naturgreen.jpg","width":1000,"height":1000,"caption":"400 ml de aceite de coco naturgreen"},{"@type":"BreadcrumbList","@id":"https:\/\/www.lifenatura.com\/es\/produto\/aceite-de-coco-virgen-bio-400ml-naturgreen\/#breadcrumb","itemListElement":[{"@type":"ListItem","position":1,"name":"In\u00edcio","item":"https:\/\/www.lifenatura.com\/es\/"},{"@type":"ListItem","position":2,"name":"Todos los Productos","item":"https:\/\/www.lifenatura.com\/es\/tienda\/"},{"@type":"ListItem","position":3,"name":"Aceite de Coco Virgen Bio 400ml &#8211; NaturGreen"}]},{"@type":"WebSite","@id":"https:\/\/www.lifenatura.com\/es\/#website","url":"https:\/\/www.lifenatura.com\/es\/","name":"Lifenatura","description":"A Lifenatura \u00e9 uma loja de produtos naturais, cosm\u00e9tica natural e alimenta\u00e7\u00e3o Biol\u00f3gica.","publisher":{"@id":"https:\/\/www.lifenatura.com\/es\/#organization"},"potentialAction":[{"@type":"SearchAction","target":{"@type":"EntryPoint","urlTemplate":"https:\/\/www.lifenatura.com\/es\/?s={search_term_string}"},"query-input":{"@type":"PropertyValueSpecification","valueRequired":true,"valueName":"search_term_string"}}],"inLanguage":"es"},{"@type":"Organization","@id":"https:\/\/www.lifenatura.com\/es\/#organization","name":"Lifenatura","url":"https:\/\/www.lifenatura.com\/es\/","logo":{"@type":"ImageObject","inLanguage":"es","@id":"https:\/\/www.lifenatura.com\/es\/#\/schema\/logo\/image\/","url":"https:\/\/www.lifenatura.com\/wp-content\/uploads\/2021\/07\/logo.png","contentUrl":"https:\/\/www.lifenatura.com\/wp-content\/uploads\/2021\/07\/logo.png","width":175,"height":55,"caption":"Lifenatura"},"image":{"@id":"https:\/\/www.lifenatura.com\/es\/#\/schema\/logo\/image\/"},"sameAs":["https:\/\/www.facebook.com\/lifenatura","https:\/\/www.instagram.com\/lifenaturapt\/"],"hasMerchantReturnPolicy":{"@type":"MerchantReturnPolicy","merchantReturnLink":"https:\/\/www.lifenatura.com\/termos-condicoes-lifenatura\/"}}]},"product_price_amount":"8.84","product_price_currency":"EUR","og_availability":"instock","product_availability":"instock","product_retailer_item_id":"8436542190640","product_condition":"new"},"df_price":8.84,"df_sale_price":"","df_regular_price":8.84,"df_image_link":"https:\/\/www.lifenatura.com\/wp-content\/uploads\/2024\/11\/oleo-de-coco-400ml-naturgreen-300x300.jpg","_links":{"self":[{"href":"https:\/\/www.lifenatura.com\/es\/wp-json\/wp\/v2\/product\/103913","targetHints":{"allow":["GET"]}}],"collection":[{"href":"https:\/\/www.lifenatura.com\/es\/wp-json\/wp\/v2\/product"}],"about":[{"href":"https:\/\/www.lifenatura.com\/es\/wp-json\/wp\/v2\/types\/product"}],"wp:featuredmedia":[{"embeddable":true,"href":"https:\/\/www.lifenatura.com\/es\/wp-json\/wp\/v2\/media\/101775"}],"wp:attachment":[{"href":"https:\/\/www.lifenatura.com\/es\/wp-json\/wp\/v2\/media?parent=103913"}],"wp:term":[{"taxonomy":"product_brand","embeddable":true,"href":"https:\/\/www.lifenatura.com\/es\/wp-json\/wp\/v2\/product_brand?post=103913"},{"taxonomy":"product_cat","embeddable":true,"href":"https:\/\/www.lifenatura.com\/es\/wp-json\/wp\/v2\/product_cat?post=103913"},{"taxonomy":"product_tag","embeddable":true,"href":"https:\/\/www.lifenatura.com\/es\/wp-json\/wp\/v2\/product_tag?post=103913"}],"curies":[{"name":"wp","href":"https:\/\/api.w.org\/{rel}","templated":true}]}}