{"id":103910,"date":"2024-11-06T13:12:33","date_gmt":"2024-11-06T13:12:33","guid":{"rendered":"https:\/\/www.lifenatura.com\/produto\/aceite-de-coco-mct-500ml-naturgreen\/"},"modified":"2024-12-10T10:52:23","modified_gmt":"2024-12-10T10:52:23","slug":"aceite-de-coco-mct-500ml-naturgreen","status":"publish","type":"product","link":"https:\/\/www.lifenatura.com\/es\/produto\/aceite-de-coco-mct-500ml-naturgreen\/","title":{"rendered":"Aceite de coco MCT 500ml &#8211; NaturGreen"},"content":{"rendered":"<h2 style=\"text-align: left;\"><strong>Naturgreen Aceite de Coco Bio MCT &#8211; Energ\u00eda natural y vers\u00e1til para tu d\u00eda a d\u00eda<\/strong><\/h2>\n<p>&nbsp;<\/p>\n<p><strong>El Aceite de Coco MCT Bio de Naturgreen<\/strong> es un producto de primera calidad, extra\u00eddo de cocos de cultivo ecol\u00f3gico y especialmente formulado para ofrecer los beneficios de los triglic\u00e9ridos de cadena media (MCT). Estos \u00e1cidos grasos, f\u00e1cilmente absorbidos y transformados en energ\u00eda por el organismo, son ideales para quienes buscan un impulso energ\u00e9tico r\u00e1pido y saludable.<\/p>\n<p>Este aceite es una excelente adici\u00f3n a batidos, caf\u00e9s o licuados, garantizando una textura suave y una fuente prolongada de energ\u00eda a lo largo del d\u00eda. Compuesto principalmente de MCT, el Aceite de Coco MCT Bio ayuda a promover el metabolismo y la saciedad, por lo que es una opci\u00f3n perfecta para las dietas cetog\u00e9nicas y bajas en carbohidratos.<\/p>\n<p>Este aceite es ecol\u00f3gico, puro y sin aditivos, lo que garantiza una calidad superior y todos los beneficios de un producto natural.<\/p>\n<h4>Principales ventajas:<\/h4>\n<ul>\n<li><strong>Fuente de energ\u00eda r\u00e1pida y sostenible:<\/strong> Los MCT se convierten r\u00e1pidamente en energ\u00eda, ayudando al rendimiento f\u00edsico y mental.<\/li>\n<li><strong>Apoyo al metabolismo:<\/strong> Favorece la saciedad y contribuye a un metabolismo activo, por lo que es ideal para quienes buscan mantener un peso equilibrado.<\/li>\n<li><strong>Ecol\u00f3gico y puro:<\/strong> Producido sin aditivos ni conservantes, para una calidad aut\u00e9ntica y un sabor natural.<\/li>\n<\/ul>\n<h4>Adecuado para:<\/h4>\n<p>Ideal para quienes siguen una dieta cetog\u00e9nica, los entusiastas del deporte o cualquiera que busque una fuente de energ\u00eda natural y duradera. Tambi\u00e9n es una opci\u00f3n saludable para quienes buscan un suplemento de f\u00e1cil digesti\u00f3n. El aceite de coco MCT Bio de NaturGreen en formato de 500 ml es un complemento alimenticio muy apreciado por sus beneficios energ\u00e9ticos. Ayuda a mejorar el rendimiento f\u00edsico y mental. Los MCT (triglic\u00e9ridos de cadena media) son un tipo de grasa que el organismo utiliza r\u00e1pidamente como fuente de energ\u00eda. Por eso es ideal para deportistas, personas activas y quienes siguen dietas bajas en carbohidratos, como la dieta cetog\u00e9nica.<\/p>\n<p><strong>PRESENTACI\u00d3N<\/strong><\/p>\n<p>500 ml<\/p>\n<p>&nbsp;<\/p>\n","protected":false},"excerpt":{"rendered":"<p>Aceite de Coco Bio MCT Naturgreen &#8211; energ\u00eda r\u00e1pida y natural, ideal para dietas cetog\u00e9nicas y bajas en carbohidratos. Producto puro y ecol\u00f3gico [&#8230;]<\/p>\n<p><a class=\"btn btn-secondary understrap-read-more-link\" href=\"https:\/\/www.lifenatura.com\/es\/produto\/aceite-de-coco-mct-500ml-naturgreen\/\">Leer m\u00e1s&#8230;<span class=\"screen-reader-text\"> from Aceite de coco MCT 500ml &#8211; NaturGreen<\/span><\/a><\/p>\n","protected":false},"featured_media":101766,"template":"","meta":{"_acf_changed":false},"product_brand":[8344],"product_cat":[7094,7064,7074],"product_tag":[],"class_list":{"0":"post-103910","1":"product","2":"type-product","3":"status-publish","4":"has-post-thumbnail","6":"product_brand-naturgreen-es","7":"product_cat-aceite-de-coco","8":"product_cat-alimentacion-sana","9":"product_cat-productos-alimenticios","10":"pa_caracteristicas-biologico","11":"pa_caracteristicas-sin-conservantes","12":"pa_caracteristicas-sin-gluten","13":"pa_caracteristicas-sin-lactosa","15":"first","16":"instock","17":"shipping-taxable","18":"purchasable","19":"product-type-simple","20":"add-to-wishlist-before_image"},"acf":[],"yoast_head":"<!-- This site is optimized with the Yoast SEO Premium plugin v27.1 (Yoast SEO v27.5) - https:\/\/yoast.com\/product\/yoast-seo-premium-wordpress\/ -->\n<title>Aceite de coco MCT 500ml - NaturGreen - Na Lifenatura ao Melhor Pre\u00e7o | Envio em 48h<\/title>\n<meta name=\"description\" content=\"Aceite de Coco Bio MCT Naturgreen, energ\u00eda r\u00e1pida y natural, ideal para dietas cetog\u00e9nicas y bajas en carbohidratos. Producto ecol\u00f3gico puro.\" \/>\n<meta name=\"robots\" content=\"index, follow, max-snippet:-1, max-image-preview:large, max-video-preview:-1\" \/>\n<link rel=\"canonical\" href=\"https:\/\/www.lifenatura.com\/es\/produto\/aceite-de-coco-mct-500ml-naturgreen\/\" \/>\n<meta property=\"og:locale\" content=\"es_ES\" \/>\n<meta property=\"og:type\" content=\"article\" \/>\n<meta property=\"og:title\" content=\"Aceite de coco MCT 500ml - NaturGreen - Na Lifenatura ao Melhor Pre\u00e7o | Envio 48h\" \/>\n<meta property=\"og:description\" content=\"Compre Aceite de coco MCT 500ml - NaturGreen com envio r\u00e1pido. Entrega em 48h e portes gr\u00e1tis em compras &gt;35\u20ac. Aproveite j\u00e1 na Lifenatura\" \/>\n<meta property=\"og:url\" content=\"https:\/\/www.lifenatura.com\/es\/produto\/aceite-de-coco-mct-500ml-naturgreen\/\" \/>\n<meta property=\"og:site_name\" content=\"Lifenatura\" \/>\n<meta property=\"article:publisher\" content=\"https:\/\/www.facebook.com\/lifenatura\" \/>\n<meta property=\"article:modified_time\" content=\"2024-12-10T10:52:23+00:00\" \/>\n<meta property=\"og:image\" content=\"https:\/\/www.lifenatura.com\/wp-content\/uploads\/2024\/11\/oleo-coco-mct-naturgreen.jpg\" \/>\n\t<meta property=\"og:image:width\" content=\"1000\" \/>\n\t<meta property=\"og:image:height\" content=\"1000\" \/>\n\t<meta property=\"og:image:type\" content=\"image\/jpeg\" \/>\n<meta name=\"twitter:card\" content=\"summary_large_image\" \/>\n<meta name=\"twitter:label1\" content=\"Precio\" \/>\n\t<meta name=\"twitter:data1\" content=\"22,31&nbsp;&euro;\" \/>\n\t<meta name=\"twitter:label2\" content=\"Disponibilidad\" \/>\n\t<meta name=\"twitter:data2\" content=\"Disponible\" \/>\n<script type=\"application\/ld+json\" class=\"yoast-schema-graph\">{\"@context\":\"https:\\\/\\\/schema.org\",\"@graph\":[{\"@type\":\"WebPage\",\"@id\":\"https:\\\/\\\/www.lifenatura.com\\\/es\\\/produto\\\/aceite-de-coco-mct-500ml-naturgreen\\\/\",\"url\":\"https:\\\/\\\/www.lifenatura.com\\\/es\\\/produto\\\/aceite-de-coco-mct-500ml-naturgreen\\\/\",\"name\":\"Aceite de coco MCT 500ml - NaturGreen - Na Lifenatura ao Melhor Pre\u00e7o | Envio em 48h\",\"isPartOf\":{\"@id\":\"https:\\\/\\\/www.lifenatura.com\\\/es\\\/#website\"},\"primaryImageOfPage\":{\"@id\":\"https:\\\/\\\/www.lifenatura.com\\\/es\\\/produto\\\/aceite-de-coco-mct-500ml-naturgreen\\\/#primaryimage\"},\"image\":{\"@id\":\"https:\\\/\\\/www.lifenatura.com\\\/es\\\/produto\\\/aceite-de-coco-mct-500ml-naturgreen\\\/#primaryimage\"},\"thumbnailUrl\":\"https:\\\/\\\/www.lifenatura.com\\\/wp-content\\\/uploads\\\/2024\\\/11\\\/oleo-coco-mct-naturgreen.jpg\",\"datePublished\":\"2024-11-06T13:12:33+00:00\",\"dateModified\":\"2024-12-10T10:52:23+00:00\",\"description\":\"Aceite de Coco Bio MCT Naturgreen, energ\u00eda r\u00e1pida y natural, ideal para dietas cetog\u00e9nicas y bajas en carbohidratos. Producto ecol\u00f3gico puro.\",\"breadcrumb\":{\"@id\":\"https:\\\/\\\/www.lifenatura.com\\\/es\\\/produto\\\/aceite-de-coco-mct-500ml-naturgreen\\\/#breadcrumb\"},\"inLanguage\":\"es\",\"potentialAction\":[{\"@type\":\"ReadAction\",\"target\":[\"https:\\\/\\\/www.lifenatura.com\\\/es\\\/produto\\\/aceite-de-coco-mct-500ml-naturgreen\\\/\"]}]},{\"@type\":\"ImageObject\",\"inLanguage\":\"es\",\"@id\":\"https:\\\/\\\/www.lifenatura.com\\\/es\\\/produto\\\/aceite-de-coco-mct-500ml-naturgreen\\\/#primaryimage\",\"url\":\"https:\\\/\\\/www.lifenatura.com\\\/wp-content\\\/uploads\\\/2024\\\/11\\\/oleo-coco-mct-naturgreen.jpg\",\"contentUrl\":\"https:\\\/\\\/www.lifenatura.com\\\/wp-content\\\/uploads\\\/2024\\\/11\\\/oleo-coco-mct-naturgreen.jpg\",\"width\":1000,\"height\":1000,\"caption\":\"Aceite de coco MCT Naturgreen\"},{\"@type\":\"BreadcrumbList\",\"@id\":\"https:\\\/\\\/www.lifenatura.com\\\/es\\\/produto\\\/aceite-de-coco-mct-500ml-naturgreen\\\/#breadcrumb\",\"itemListElement\":[{\"@type\":\"ListItem\",\"position\":1,\"name\":\"In\u00edcio\",\"item\":\"https:\\\/\\\/www.lifenatura.com\\\/es\\\/\"},{\"@type\":\"ListItem\",\"position\":2,\"name\":\"Todos los Productos\",\"item\":\"https:\\\/\\\/www.lifenatura.com\\\/es\\\/tienda\\\/\"},{\"@type\":\"ListItem\",\"position\":3,\"name\":\"Aceite de coco MCT 500ml &#8211; NaturGreen\"}]},{\"@type\":\"WebSite\",\"@id\":\"https:\\\/\\\/www.lifenatura.com\\\/es\\\/#website\",\"url\":\"https:\\\/\\\/www.lifenatura.com\\\/es\\\/\",\"name\":\"Lifenatura\",\"description\":\"A Lifenatura \u00e9 uma loja de produtos naturais, cosm\u00e9tica natural e alimenta\u00e7\u00e3o Biol\u00f3gica.\",\"publisher\":{\"@id\":\"https:\\\/\\\/www.lifenatura.com\\\/es\\\/#organization\"},\"potentialAction\":[{\"@type\":\"SearchAction\",\"target\":{\"@type\":\"EntryPoint\",\"urlTemplate\":\"https:\\\/\\\/www.lifenatura.com\\\/es\\\/?s={search_term_string}\"},\"query-input\":{\"@type\":\"PropertyValueSpecification\",\"valueRequired\":true,\"valueName\":\"search_term_string\"}}],\"inLanguage\":\"es\"},{\"@type\":\"Organization\",\"@id\":\"https:\\\/\\\/www.lifenatura.com\\\/es\\\/#organization\",\"name\":\"Lifenatura\",\"url\":\"https:\\\/\\\/www.lifenatura.com\\\/es\\\/\",\"logo\":{\"@type\":\"ImageObject\",\"inLanguage\":\"es\",\"@id\":\"https:\\\/\\\/www.lifenatura.com\\\/es\\\/#\\\/schema\\\/logo\\\/image\\\/\",\"url\":\"https:\\\/\\\/www.lifenatura.com\\\/wp-content\\\/uploads\\\/2021\\\/07\\\/logo.png\",\"contentUrl\":\"https:\\\/\\\/www.lifenatura.com\\\/wp-content\\\/uploads\\\/2021\\\/07\\\/logo.png\",\"width\":175,\"height\":55,\"caption\":\"Lifenatura\"},\"image\":{\"@id\":\"https:\\\/\\\/www.lifenatura.com\\\/es\\\/#\\\/schema\\\/logo\\\/image\\\/\"},\"sameAs\":[\"https:\\\/\\\/www.facebook.com\\\/lifenatura\",\"https:\\\/\\\/www.instagram.com\\\/lifenaturapt\\\/\"],\"hasMerchantReturnPolicy\":{\"@type\":\"MerchantReturnPolicy\",\"merchantReturnLink\":\"https:\\\/\\\/www.lifenatura.com\\\/termos-condicoes-lifenatura\\\/\"}}]}<\/script>\n<meta property=\"product:price:amount\" content=\"22.31\" \/>\n<meta property=\"product:price:currency\" content=\"EUR\" \/>\n<meta property=\"og:availability\" content=\"instock\" \/>\n<meta property=\"product:availability\" content=\"instock\" \/>\n<meta property=\"product:retailer_item_id\" content=\"8436542196352\" \/>\n<meta property=\"product:condition\" content=\"new\" \/>\n<!-- \/ Yoast SEO Premium plugin. -->","yoast_head_json":{"title":"Aceite de coco MCT 500ml - NaturGreen - Na Lifenatura ao Melhor Pre\u00e7o | Envio em 48h","description":"Aceite de Coco Bio MCT Naturgreen, energ\u00eda r\u00e1pida y natural, ideal para dietas cetog\u00e9nicas y bajas en carbohidratos. Producto ecol\u00f3gico puro.","robots":{"index":"index","follow":"follow","max-snippet":"max-snippet:-1","max-image-preview":"max-image-preview:large","max-video-preview":"max-video-preview:-1"},"canonical":"https:\/\/www.lifenatura.com\/es\/produto\/aceite-de-coco-mct-500ml-naturgreen\/","og_locale":"es_ES","og_type":"article","og_title":"Aceite de coco MCT 500ml - NaturGreen - Na Lifenatura ao Melhor Pre\u00e7o | Envio 48h","og_description":"Compre Aceite de coco MCT 500ml - NaturGreen com envio r\u00e1pido. Entrega em 48h e portes gr\u00e1tis em compras >35\u20ac. Aproveite j\u00e1 na Lifenatura","og_url":"https:\/\/www.lifenatura.com\/es\/produto\/aceite-de-coco-mct-500ml-naturgreen\/","og_site_name":"Lifenatura","article_publisher":"https:\/\/www.facebook.com\/lifenatura","article_modified_time":"2024-12-10T10:52:23+00:00","og_image":[{"width":1000,"height":1000,"url":"https:\/\/www.lifenatura.com\/wp-content\/uploads\/2024\/11\/oleo-coco-mct-naturgreen.jpg","type":"image\/jpeg"}],"twitter_card":"summary_large_image","twitter_misc":{"Precio":"22,31&nbsp;&euro;","Disponibilidad":"Disponible"},"schema":{"@context":"https:\/\/schema.org","@graph":[{"@type":"WebPage","@id":"https:\/\/www.lifenatura.com\/es\/produto\/aceite-de-coco-mct-500ml-naturgreen\/","url":"https:\/\/www.lifenatura.com\/es\/produto\/aceite-de-coco-mct-500ml-naturgreen\/","name":"Aceite de coco MCT 500ml - NaturGreen - Na Lifenatura ao Melhor Pre\u00e7o | Envio em 48h","isPartOf":{"@id":"https:\/\/www.lifenatura.com\/es\/#website"},"primaryImageOfPage":{"@id":"https:\/\/www.lifenatura.com\/es\/produto\/aceite-de-coco-mct-500ml-naturgreen\/#primaryimage"},"image":{"@id":"https:\/\/www.lifenatura.com\/es\/produto\/aceite-de-coco-mct-500ml-naturgreen\/#primaryimage"},"thumbnailUrl":"https:\/\/www.lifenatura.com\/wp-content\/uploads\/2024\/11\/oleo-coco-mct-naturgreen.jpg","datePublished":"2024-11-06T13:12:33+00:00","dateModified":"2024-12-10T10:52:23+00:00","description":"Aceite de Coco Bio MCT Naturgreen, energ\u00eda r\u00e1pida y natural, ideal para dietas cetog\u00e9nicas y bajas en carbohidratos. Producto ecol\u00f3gico puro.","breadcrumb":{"@id":"https:\/\/www.lifenatura.com\/es\/produto\/aceite-de-coco-mct-500ml-naturgreen\/#breadcrumb"},"inLanguage":"es","potentialAction":[{"@type":"ReadAction","target":["https:\/\/www.lifenatura.com\/es\/produto\/aceite-de-coco-mct-500ml-naturgreen\/"]}]},{"@type":"ImageObject","inLanguage":"es","@id":"https:\/\/www.lifenatura.com\/es\/produto\/aceite-de-coco-mct-500ml-naturgreen\/#primaryimage","url":"https:\/\/www.lifenatura.com\/wp-content\/uploads\/2024\/11\/oleo-coco-mct-naturgreen.jpg","contentUrl":"https:\/\/www.lifenatura.com\/wp-content\/uploads\/2024\/11\/oleo-coco-mct-naturgreen.jpg","width":1000,"height":1000,"caption":"Aceite de coco MCT Naturgreen"},{"@type":"BreadcrumbList","@id":"https:\/\/www.lifenatura.com\/es\/produto\/aceite-de-coco-mct-500ml-naturgreen\/#breadcrumb","itemListElement":[{"@type":"ListItem","position":1,"name":"In\u00edcio","item":"https:\/\/www.lifenatura.com\/es\/"},{"@type":"ListItem","position":2,"name":"Todos los Productos","item":"https:\/\/www.lifenatura.com\/es\/tienda\/"},{"@type":"ListItem","position":3,"name":"Aceite de coco MCT 500ml &#8211; NaturGreen"}]},{"@type":"WebSite","@id":"https:\/\/www.lifenatura.com\/es\/#website","url":"https:\/\/www.lifenatura.com\/es\/","name":"Lifenatura","description":"A Lifenatura \u00e9 uma loja de produtos naturais, cosm\u00e9tica natural e alimenta\u00e7\u00e3o Biol\u00f3gica.","publisher":{"@id":"https:\/\/www.lifenatura.com\/es\/#organization"},"potentialAction":[{"@type":"SearchAction","target":{"@type":"EntryPoint","urlTemplate":"https:\/\/www.lifenatura.com\/es\/?s={search_term_string}"},"query-input":{"@type":"PropertyValueSpecification","valueRequired":true,"valueName":"search_term_string"}}],"inLanguage":"es"},{"@type":"Organization","@id":"https:\/\/www.lifenatura.com\/es\/#organization","name":"Lifenatura","url":"https:\/\/www.lifenatura.com\/es\/","logo":{"@type":"ImageObject","inLanguage":"es","@id":"https:\/\/www.lifenatura.com\/es\/#\/schema\/logo\/image\/","url":"https:\/\/www.lifenatura.com\/wp-content\/uploads\/2021\/07\/logo.png","contentUrl":"https:\/\/www.lifenatura.com\/wp-content\/uploads\/2021\/07\/logo.png","width":175,"height":55,"caption":"Lifenatura"},"image":{"@id":"https:\/\/www.lifenatura.com\/es\/#\/schema\/logo\/image\/"},"sameAs":["https:\/\/www.facebook.com\/lifenatura","https:\/\/www.instagram.com\/lifenaturapt\/"],"hasMerchantReturnPolicy":{"@type":"MerchantReturnPolicy","merchantReturnLink":"https:\/\/www.lifenatura.com\/termos-condicoes-lifenatura\/"}}]},"product_price_amount":"22.31","product_price_currency":"EUR","og_availability":"instock","product_availability":"instock","product_retailer_item_id":"8436542196352","product_condition":"new"},"df_price":22.31,"df_sale_price":"","df_regular_price":22.31,"df_image_link":"https:\/\/www.lifenatura.com\/wp-content\/uploads\/2024\/11\/oleo-coco-mct-naturgreen-300x300.jpg","_links":{"self":[{"href":"https:\/\/www.lifenatura.com\/es\/wp-json\/wp\/v2\/product\/103910","targetHints":{"allow":["GET"]}}],"collection":[{"href":"https:\/\/www.lifenatura.com\/es\/wp-json\/wp\/v2\/product"}],"about":[{"href":"https:\/\/www.lifenatura.com\/es\/wp-json\/wp\/v2\/types\/product"}],"wp:featuredmedia":[{"embeddable":true,"href":"https:\/\/www.lifenatura.com\/es\/wp-json\/wp\/v2\/media\/101766"}],"wp:attachment":[{"href":"https:\/\/www.lifenatura.com\/es\/wp-json\/wp\/v2\/media?parent=103910"}],"wp:term":[{"taxonomy":"product_brand","embeddable":true,"href":"https:\/\/www.lifenatura.com\/es\/wp-json\/wp\/v2\/product_brand?post=103910"},{"taxonomy":"product_cat","embeddable":true,"href":"https:\/\/www.lifenatura.com\/es\/wp-json\/wp\/v2\/product_cat?post=103910"},{"taxonomy":"product_tag","embeddable":true,"href":"https:\/\/www.lifenatura.com\/es\/wp-json\/wp\/v2\/product_tag?post=103910"}],"curies":[{"name":"wp","href":"https:\/\/api.w.org\/{rel}","templated":true}]}}