{"id":103909,"date":"2024-11-06T14:11:00","date_gmt":"2024-11-06T14:11:00","guid":{"rendered":"https:\/\/www.lifenatura.com\/produto\/soja-de-grano-grueso-250g-int-salim\/"},"modified":"2025-01-20T23:53:31","modified_gmt":"2025-01-20T23:53:31","slug":"soja-de-grano-grueso-250g-int-salim","status":"publish","type":"product","link":"https:\/\/www.lifenatura.com\/es\/produto\/soja-de-grano-grueso-250g-int-salim\/","title":{"rendered":"Soja de grano grueso 250g &#8211; INT Salim"},"content":{"rendered":"<h2><strong>INT Salim Soja de grano grueso &#8211; Prote\u00edna vegetal para preparaciones vers\u00e1tiles<\/strong><\/h2>\n<p>&nbsp;<\/p>\n<p><strong>La Soja Granulada Gruesa INT Salim&#8217;s<\/strong> es una excelente alternativa a la carne, rica en prote\u00ednas vegetales e ideal para quienes siguen una dieta vegetariana o vegana o simplemente quieren reducir su consumo de productos animales.<\/p>\n<p>Producida a partir de habas de soja seleccionadas, esta opci\u00f3n vers\u00e1til se adapta a una gran variedad de recetas, desde alb\u00f3ndigas y hamburguesas vegetales hasta rellenos, estofados y bolo\u00f1esa, ofreciendo una textura y consistencia similares a la carne picada.<\/p>\n<p>Este producto es una fuente completa de prote\u00ednas, que aporta los amino\u00e1cidos esenciales para el organismo, adem\u00e1s de ser naturalmente bajo en grasa y no contener colesterol. La soja de grano grueso es tambi\u00e9n una fuente de fibra, que contribuye a una digesti\u00f3n sana y favorece la sensaci\u00f3n de saciedad.<\/p>\n<p>Tambi\u00e9n es rica en vitaminas del grupo B y minerales como el hierro, el calcio y el magnesio, elementos esenciales para la salud de los huesos, los m\u00fasculos y el sistema inmunitario.<\/p>\n<h4>Principales ventajas:<\/h4>\n<ul>\n<li><strong>Rico en prote\u00ednas y amino\u00e1cidos esenciales:<\/strong> Ideal para sustituir a la carne en platos y comidas.<\/li>\n<li><strong>Vers\u00e1til y nutritivo:<\/strong> Puede utilizarse en diversas preparaciones culinarias, garantizando sabor y textura.<\/li>\n<li><strong>Fuente de fibra y minerales importantes:<\/strong> Favorece la salud digestiva y contribuye a una dieta equilibrada.<\/li>\n<\/ul>\n<h4>Adecuado para:<\/h4>\n<p>Adecuado para vegetarianos, veganos y personas que quieren reducir su consumo de carne sin comprometer su ingesta de prote\u00ednas. Es ideal para quienes buscan una alternativa sana y sostenible.<\/p>\n<p><strong>PRESENTACI\u00d3N<\/strong><\/p>\n<p>250g<\/p>\n<p>&nbsp;<\/p>\n","protected":false},"excerpt":{"rendered":"<p>INT Salim Soja Granulada Gruesa, un sustituto vegetal rico en prote\u00ednas y fibra, perfecto para recetas vegetarianas y veganas. [&#8230;]<\/p>\n<p><a class=\"btn btn-secondary understrap-read-more-link\" href=\"https:\/\/www.lifenatura.com\/es\/produto\/soja-de-grano-grueso-250g-int-salim\/\">Leer m\u00e1s&#8230;<span class=\"screen-reader-text\"> from Soja de grano grueso 250g &#8211; INT Salim<\/span><\/a><\/p>\n","protected":false},"featured_media":101784,"template":"","meta":{"_acf_changed":false},"product_brand":[8469],"product_cat":[7064,7089,7074],"product_tag":[],"class_list":{"0":"post-103909","1":"product","2":"type-product","3":"status-publish","4":"has-post-thumbnail","6":"product_brand-int-salim","7":"product_cat-alimentacion-sana","8":"product_cat-leguminosas-bio","9":"product_cat-productos-alimenticios","11":"first","12":"instock","13":"shipping-taxable","14":"purchasable","15":"product-type-simple","16":"add-to-wishlist-before_image"},"acf":[],"yoast_head":"<!-- This site is optimized with the Yoast SEO Premium plugin v27.1 (Yoast SEO v27.5) - https:\/\/yoast.com\/product\/yoast-seo-premium-wordpress\/ -->\n<title>Soja de grano grueso 250g - INT Salim - Na Lifenatura ao Melhor Pre\u00e7o | Envio em 48h<\/title>\n<meta name=\"description\" content=\"INT Salim Soja Granulada Gruesa, un sustituto vegetal rico en prote\u00ednas y fibra, perfecto para recetas vegetarianas y veganas.\" \/>\n<meta name=\"robots\" content=\"index, follow, max-snippet:-1, max-image-preview:large, max-video-preview:-1\" \/>\n<link rel=\"canonical\" href=\"https:\/\/www.lifenatura.com\/es\/produto\/soja-de-grano-grueso-250g-int-salim\/\" \/>\n<meta property=\"og:locale\" content=\"es_ES\" \/>\n<meta property=\"og:type\" content=\"article\" \/>\n<meta property=\"og:title\" content=\"Soja de grano grueso 250g - INT Salim - Na Lifenatura ao Melhor Pre\u00e7o | Envio 48h\" \/>\n<meta property=\"og:description\" content=\"Compre Soja de grano grueso 250g - INT Salim com envio r\u00e1pido. Entrega em 48h e portes gr\u00e1tis em compras &gt;35\u20ac. Aproveite j\u00e1 na Lifenatura\" \/>\n<meta property=\"og:url\" content=\"https:\/\/www.lifenatura.com\/es\/produto\/soja-de-grano-grueso-250g-int-salim\/\" \/>\n<meta property=\"og:site_name\" content=\"Lifenatura\" \/>\n<meta property=\"article:publisher\" content=\"https:\/\/www.facebook.com\/lifenatura\" \/>\n<meta property=\"article:modified_time\" content=\"2025-01-20T23:53:31+00:00\" \/>\n<meta property=\"og:image\" content=\"https:\/\/www.lifenatura.com\/wp-content\/uploads\/2024\/11\/soja-granulada-grossa-int-salim.jpg\" \/>\n\t<meta property=\"og:image:width\" content=\"1000\" \/>\n\t<meta property=\"og:image:height\" content=\"1000\" \/>\n\t<meta property=\"og:image:type\" content=\"image\/jpeg\" \/>\n<meta name=\"twitter:card\" content=\"summary_large_image\" \/>\n<meta name=\"twitter:label1\" content=\"Precio\" \/>\n\t<meta name=\"twitter:data1\" content=\"2,85&nbsp;&euro;\" \/>\n\t<meta name=\"twitter:label2\" content=\"Disponibilidad\" \/>\n\t<meta name=\"twitter:data2\" content=\"Disponible\" \/>\n<script type=\"application\/ld+json\" class=\"yoast-schema-graph\">{\"@context\":\"https:\\\/\\\/schema.org\",\"@graph\":[{\"@type\":\"WebPage\",\"@id\":\"https:\\\/\\\/www.lifenatura.com\\\/es\\\/produto\\\/soja-de-grano-grueso-250g-int-salim\\\/\",\"url\":\"https:\\\/\\\/www.lifenatura.com\\\/es\\\/produto\\\/soja-de-grano-grueso-250g-int-salim\\\/\",\"name\":\"Soja de grano grueso 250g - INT Salim - Na Lifenatura ao Melhor Pre\u00e7o | Envio em 48h\",\"isPartOf\":{\"@id\":\"https:\\\/\\\/www.lifenatura.com\\\/es\\\/#website\"},\"primaryImageOfPage\":{\"@id\":\"https:\\\/\\\/www.lifenatura.com\\\/es\\\/produto\\\/soja-de-grano-grueso-250g-int-salim\\\/#primaryimage\"},\"image\":{\"@id\":\"https:\\\/\\\/www.lifenatura.com\\\/es\\\/produto\\\/soja-de-grano-grueso-250g-int-salim\\\/#primaryimage\"},\"thumbnailUrl\":\"https:\\\/\\\/www.lifenatura.com\\\/wp-content\\\/uploads\\\/2024\\\/11\\\/soja-granulada-grossa-int-salim.jpg\",\"datePublished\":\"2024-11-06T14:11:00+00:00\",\"dateModified\":\"2025-01-20T23:53:31+00:00\",\"description\":\"INT Salim Soja Granulada Gruesa, un sustituto vegetal rico en prote\u00ednas y fibra, perfecto para recetas vegetarianas y veganas.\",\"breadcrumb\":{\"@id\":\"https:\\\/\\\/www.lifenatura.com\\\/es\\\/produto\\\/soja-de-grano-grueso-250g-int-salim\\\/#breadcrumb\"},\"inLanguage\":\"es\",\"potentialAction\":[{\"@type\":\"ReadAction\",\"target\":[\"https:\\\/\\\/www.lifenatura.com\\\/es\\\/produto\\\/soja-de-grano-grueso-250g-int-salim\\\/\"]}]},{\"@type\":\"ImageObject\",\"inLanguage\":\"es\",\"@id\":\"https:\\\/\\\/www.lifenatura.com\\\/es\\\/produto\\\/soja-de-grano-grueso-250g-int-salim\\\/#primaryimage\",\"url\":\"https:\\\/\\\/www.lifenatura.com\\\/wp-content\\\/uploads\\\/2024\\\/11\\\/soja-granulada-grossa-int-salim.jpg\",\"contentUrl\":\"https:\\\/\\\/www.lifenatura.com\\\/wp-content\\\/uploads\\\/2024\\\/11\\\/soja-granulada-grossa-int-salim.jpg\",\"width\":1000,\"height\":1000,\"caption\":\"int salim soja de grano grueso\"},{\"@type\":\"BreadcrumbList\",\"@id\":\"https:\\\/\\\/www.lifenatura.com\\\/es\\\/produto\\\/soja-de-grano-grueso-250g-int-salim\\\/#breadcrumb\",\"itemListElement\":[{\"@type\":\"ListItem\",\"position\":1,\"name\":\"In\u00edcio\",\"item\":\"https:\\\/\\\/www.lifenatura.com\\\/es\\\/\"},{\"@type\":\"ListItem\",\"position\":2,\"name\":\"Todos los Productos\",\"item\":\"https:\\\/\\\/www.lifenatura.com\\\/es\\\/tienda\\\/\"},{\"@type\":\"ListItem\",\"position\":3,\"name\":\"Soja de grano grueso 250g &#8211; INT Salim\"}]},{\"@type\":\"WebSite\",\"@id\":\"https:\\\/\\\/www.lifenatura.com\\\/es\\\/#website\",\"url\":\"https:\\\/\\\/www.lifenatura.com\\\/es\\\/\",\"name\":\"Lifenatura\",\"description\":\"A Lifenatura \u00e9 uma loja de produtos naturais, cosm\u00e9tica natural e alimenta\u00e7\u00e3o Biol\u00f3gica.\",\"publisher\":{\"@id\":\"https:\\\/\\\/www.lifenatura.com\\\/es\\\/#organization\"},\"potentialAction\":[{\"@type\":\"SearchAction\",\"target\":{\"@type\":\"EntryPoint\",\"urlTemplate\":\"https:\\\/\\\/www.lifenatura.com\\\/es\\\/?s={search_term_string}\"},\"query-input\":{\"@type\":\"PropertyValueSpecification\",\"valueRequired\":true,\"valueName\":\"search_term_string\"}}],\"inLanguage\":\"es\"},{\"@type\":\"Organization\",\"@id\":\"https:\\\/\\\/www.lifenatura.com\\\/es\\\/#organization\",\"name\":\"Lifenatura\",\"url\":\"https:\\\/\\\/www.lifenatura.com\\\/es\\\/\",\"logo\":{\"@type\":\"ImageObject\",\"inLanguage\":\"es\",\"@id\":\"https:\\\/\\\/www.lifenatura.com\\\/es\\\/#\\\/schema\\\/logo\\\/image\\\/\",\"url\":\"https:\\\/\\\/www.lifenatura.com\\\/wp-content\\\/uploads\\\/2021\\\/07\\\/logo.png\",\"contentUrl\":\"https:\\\/\\\/www.lifenatura.com\\\/wp-content\\\/uploads\\\/2021\\\/07\\\/logo.png\",\"width\":175,\"height\":55,\"caption\":\"Lifenatura\"},\"image\":{\"@id\":\"https:\\\/\\\/www.lifenatura.com\\\/es\\\/#\\\/schema\\\/logo\\\/image\\\/\"},\"sameAs\":[\"https:\\\/\\\/www.facebook.com\\\/lifenatura\",\"https:\\\/\\\/www.instagram.com\\\/lifenaturapt\\\/\"],\"hasMerchantReturnPolicy\":{\"@type\":\"MerchantReturnPolicy\",\"merchantReturnLink\":\"https:\\\/\\\/www.lifenatura.com\\\/termos-condicoes-lifenatura\\\/\"}}]}<\/script>\n<meta property=\"product:price:amount\" content=\"2.85\" \/>\n<meta property=\"product:price:currency\" content=\"EUR\" \/>\n<meta property=\"og:availability\" content=\"instock\" \/>\n<meta property=\"product:availability\" content=\"instock\" \/>\n<meta property=\"product:retailer_item_id\" content=\"8426633500052\" \/>\n<meta property=\"product:condition\" content=\"new\" \/>\n<!-- \/ Yoast SEO Premium plugin. -->","yoast_head_json":{"title":"Soja de grano grueso 250g - INT Salim - Na Lifenatura ao Melhor Pre\u00e7o | Envio em 48h","description":"INT Salim Soja Granulada Gruesa, un sustituto vegetal rico en prote\u00ednas y fibra, perfecto para recetas vegetarianas y veganas.","robots":{"index":"index","follow":"follow","max-snippet":"max-snippet:-1","max-image-preview":"max-image-preview:large","max-video-preview":"max-video-preview:-1"},"canonical":"https:\/\/www.lifenatura.com\/es\/produto\/soja-de-grano-grueso-250g-int-salim\/","og_locale":"es_ES","og_type":"article","og_title":"Soja de grano grueso 250g - INT Salim - Na Lifenatura ao Melhor Pre\u00e7o | Envio 48h","og_description":"Compre Soja de grano grueso 250g - INT Salim com envio r\u00e1pido. Entrega em 48h e portes gr\u00e1tis em compras >35\u20ac. Aproveite j\u00e1 na Lifenatura","og_url":"https:\/\/www.lifenatura.com\/es\/produto\/soja-de-grano-grueso-250g-int-salim\/","og_site_name":"Lifenatura","article_publisher":"https:\/\/www.facebook.com\/lifenatura","article_modified_time":"2025-01-20T23:53:31+00:00","og_image":[{"width":1000,"height":1000,"url":"https:\/\/www.lifenatura.com\/wp-content\/uploads\/2024\/11\/soja-granulada-grossa-int-salim.jpg","type":"image\/jpeg"}],"twitter_card":"summary_large_image","twitter_misc":{"Precio":"2,85&nbsp;&euro;","Disponibilidad":"Disponible"},"schema":{"@context":"https:\/\/schema.org","@graph":[{"@type":"WebPage","@id":"https:\/\/www.lifenatura.com\/es\/produto\/soja-de-grano-grueso-250g-int-salim\/","url":"https:\/\/www.lifenatura.com\/es\/produto\/soja-de-grano-grueso-250g-int-salim\/","name":"Soja de grano grueso 250g - INT Salim - Na Lifenatura ao Melhor Pre\u00e7o | Envio em 48h","isPartOf":{"@id":"https:\/\/www.lifenatura.com\/es\/#website"},"primaryImageOfPage":{"@id":"https:\/\/www.lifenatura.com\/es\/produto\/soja-de-grano-grueso-250g-int-salim\/#primaryimage"},"image":{"@id":"https:\/\/www.lifenatura.com\/es\/produto\/soja-de-grano-grueso-250g-int-salim\/#primaryimage"},"thumbnailUrl":"https:\/\/www.lifenatura.com\/wp-content\/uploads\/2024\/11\/soja-granulada-grossa-int-salim.jpg","datePublished":"2024-11-06T14:11:00+00:00","dateModified":"2025-01-20T23:53:31+00:00","description":"INT Salim Soja Granulada Gruesa, un sustituto vegetal rico en prote\u00ednas y fibra, perfecto para recetas vegetarianas y veganas.","breadcrumb":{"@id":"https:\/\/www.lifenatura.com\/es\/produto\/soja-de-grano-grueso-250g-int-salim\/#breadcrumb"},"inLanguage":"es","potentialAction":[{"@type":"ReadAction","target":["https:\/\/www.lifenatura.com\/es\/produto\/soja-de-grano-grueso-250g-int-salim\/"]}]},{"@type":"ImageObject","inLanguage":"es","@id":"https:\/\/www.lifenatura.com\/es\/produto\/soja-de-grano-grueso-250g-int-salim\/#primaryimage","url":"https:\/\/www.lifenatura.com\/wp-content\/uploads\/2024\/11\/soja-granulada-grossa-int-salim.jpg","contentUrl":"https:\/\/www.lifenatura.com\/wp-content\/uploads\/2024\/11\/soja-granulada-grossa-int-salim.jpg","width":1000,"height":1000,"caption":"int salim soja de grano grueso"},{"@type":"BreadcrumbList","@id":"https:\/\/www.lifenatura.com\/es\/produto\/soja-de-grano-grueso-250g-int-salim\/#breadcrumb","itemListElement":[{"@type":"ListItem","position":1,"name":"In\u00edcio","item":"https:\/\/www.lifenatura.com\/es\/"},{"@type":"ListItem","position":2,"name":"Todos los Productos","item":"https:\/\/www.lifenatura.com\/es\/tienda\/"},{"@type":"ListItem","position":3,"name":"Soja de grano grueso 250g &#8211; INT Salim"}]},{"@type":"WebSite","@id":"https:\/\/www.lifenatura.com\/es\/#website","url":"https:\/\/www.lifenatura.com\/es\/","name":"Lifenatura","description":"A Lifenatura \u00e9 uma loja de produtos naturais, cosm\u00e9tica natural e alimenta\u00e7\u00e3o Biol\u00f3gica.","publisher":{"@id":"https:\/\/www.lifenatura.com\/es\/#organization"},"potentialAction":[{"@type":"SearchAction","target":{"@type":"EntryPoint","urlTemplate":"https:\/\/www.lifenatura.com\/es\/?s={search_term_string}"},"query-input":{"@type":"PropertyValueSpecification","valueRequired":true,"valueName":"search_term_string"}}],"inLanguage":"es"},{"@type":"Organization","@id":"https:\/\/www.lifenatura.com\/es\/#organization","name":"Lifenatura","url":"https:\/\/www.lifenatura.com\/es\/","logo":{"@type":"ImageObject","inLanguage":"es","@id":"https:\/\/www.lifenatura.com\/es\/#\/schema\/logo\/image\/","url":"https:\/\/www.lifenatura.com\/wp-content\/uploads\/2021\/07\/logo.png","contentUrl":"https:\/\/www.lifenatura.com\/wp-content\/uploads\/2021\/07\/logo.png","width":175,"height":55,"caption":"Lifenatura"},"image":{"@id":"https:\/\/www.lifenatura.com\/es\/#\/schema\/logo\/image\/"},"sameAs":["https:\/\/www.facebook.com\/lifenatura","https:\/\/www.instagram.com\/lifenaturapt\/"],"hasMerchantReturnPolicy":{"@type":"MerchantReturnPolicy","merchantReturnLink":"https:\/\/www.lifenatura.com\/termos-condicoes-lifenatura\/"}}]},"product_price_amount":"2.85","product_price_currency":"EUR","og_availability":"instock","product_availability":"instock","product_retailer_item_id":"8426633500052","product_condition":"new"},"df_price":2.85,"df_sale_price":"","df_regular_price":2.85,"df_image_link":"https:\/\/www.lifenatura.com\/wp-content\/uploads\/2024\/11\/soja-granulada-grossa-int-salim-300x300.jpg","_links":{"self":[{"href":"https:\/\/www.lifenatura.com\/es\/wp-json\/wp\/v2\/product\/103909","targetHints":{"allow":["GET"]}}],"collection":[{"href":"https:\/\/www.lifenatura.com\/es\/wp-json\/wp\/v2\/product"}],"about":[{"href":"https:\/\/www.lifenatura.com\/es\/wp-json\/wp\/v2\/types\/product"}],"wp:featuredmedia":[{"embeddable":true,"href":"https:\/\/www.lifenatura.com\/es\/wp-json\/wp\/v2\/media\/101784"}],"wp:attachment":[{"href":"https:\/\/www.lifenatura.com\/es\/wp-json\/wp\/v2\/media?parent=103909"}],"wp:term":[{"taxonomy":"product_brand","embeddable":true,"href":"https:\/\/www.lifenatura.com\/es\/wp-json\/wp\/v2\/product_brand?post=103909"},{"taxonomy":"product_cat","embeddable":true,"href":"https:\/\/www.lifenatura.com\/es\/wp-json\/wp\/v2\/product_cat?post=103909"},{"taxonomy":"product_tag","embeddable":true,"href":"https:\/\/www.lifenatura.com\/es\/wp-json\/wp\/v2\/product_tag?post=103909"}],"curies":[{"name":"wp","href":"https:\/\/api.w.org\/{rel}","templated":true}]}}