{"id":103903,"date":"2024-11-12T14:19:52","date_gmt":"2024-11-12T14:19:52","guid":{"rendered":"https:\/\/www.lifenatura.com\/produto\/galletas-de-maiz-bio-120g-biocop\/"},"modified":"2025-01-20T21:56:35","modified_gmt":"2025-01-20T21:56:35","slug":"galletas-de-maiz-bio-120g-biocop","status":"publish","type":"product","link":"https:\/\/www.lifenatura.com\/es\/produto\/galletas-de-maiz-bio-120g-biocop\/","title":{"rendered":"Galletas de Ma\u00edz Bio 120g &#8211; Biocop"},"content":{"rendered":"<h2><strong>Tortitas de ma\u00edz Biocop &#8211; Crujientes, sanas y sin gluten<\/strong><\/h2>\n<p>&nbsp;<\/p>\n<p>Las <strong>Galletas de Ma\u00edz Biocop<\/strong> son una opci\u00f3n sana y pr\u00e1ctica para tentempi\u00e9s y comidas ligeras. Elaboradas con ma\u00edz ecol\u00f3gico, estas galletas no contienen gluten por naturaleza, por lo que son ideales para los intolerantes al gluten o los que prefieren una dieta m\u00e1s ligera y sana.<\/p>\n<p>De textura crujiente y sabor neutro, pueden comerse solas o acompa\u00f1adas de ingredientes como pat\u00e9s, quesos, verduras y frutas para crear combinaciones sabrosas y equilibradas. Estas galettes son una fuente de hidratos de carbono complejos, lo que ayuda a aportar energ\u00eda gradualmente, manteniendo la saciedad durante m\u00e1s tiempo. El ma\u00edz es un cereal naturalmente rico en fibra y minerales como el magnesio y el f\u00f3sforo, esenciales para el buen funcionamiento del organismo.<\/p>\n<p>Adem\u00e1s, son bajos en grasas y calor\u00edas, lo que los convierte en una opci\u00f3n excelente para quienes buscan mantener un estilo de vida equilibrado sin renunciar a la comida sabrosa.<\/p>\n<h4>Principales ventajas:<\/h4>\n<ul>\n<li><strong>Sin gluten:<\/strong> Apto para cel\u00edacos y personas con intolerancia al gluten.<\/li>\n<li><strong>Bajo en calor\u00edas y grasas:<\/strong> ideal para una dieta ligera y equilibrada.<\/li>\n<li><strong>Ricos en fibra y minerales:<\/strong> Contribuyen a una buena funci\u00f3n digestiva y aportan nutrientes esenciales.<\/li>\n<\/ul>\n<h4>Adecuado para:<\/h4>\n<p>Las Frituras de Ma\u00edz Biocop son adecuadas para todas las edades, especialmente para quienes buscan un tentempi\u00e9 sano, ligero y sin gluten, perfecto para un estilo de vida activo y equilibrado.<\/p>\n<p><strong>PRESENTACI\u00d3N<\/strong><\/p>\n<p>120g<\/p>\n<p>&nbsp;<\/p>\n","protected":false},"excerpt":{"rendered":"<p>Galletas de ma\u00edz Biocop &#8211; crujientes y sin gluten, elaboradas con ma\u00edz ecol\u00f3gico. Ideales para aperitivos ligeros y saludables, ricos en fibra y bajos en calor\u00edas. [&#8230;]<\/p>\n<p><a class=\"btn btn-secondary understrap-read-more-link\" href=\"https:\/\/www.lifenatura.com\/es\/produto\/galletas-de-maiz-bio-120g-biocop\/\">Leer m\u00e1s&#8230;<span class=\"screen-reader-text\"> from Galletas de Ma\u00edz Bio 120g &#8211; Biocop<\/span><\/a><\/p>\n","protected":false},"featured_media":102045,"template":"","meta":{"_acf_changed":false},"product_brand":[8363],"product_cat":[7064,7079,7074],"product_tag":[],"class_list":{"0":"post-103903","1":"product","2":"type-product","3":"status-publish","4":"has-post-thumbnail","6":"product_brand-biocop","7":"product_cat-alimentacion-sana","8":"product_cat-galletas","9":"product_cat-productos-alimenticios","10":"pa_caracteristicas-biologico","11":"pa_caracteristicas-sin-gluten","13":"first","14":"instock","15":"shipping-taxable","16":"purchasable","17":"product-type-simple","18":"add-to-wishlist-before_image"},"acf":[],"yoast_head":"<!-- This site is optimized with the Yoast SEO Premium plugin v27.1 (Yoast SEO v27.5) - https:\/\/yoast.com\/product\/yoast-seo-premium-wordpress\/ -->\n<title>Galletas de Ma\u00edz Bio 120g - Biocop - Na Lifenatura ao Melhor Pre\u00e7o | Envio em 48h<\/title>\n<meta name=\"description\" content=\"Galletas de ma\u00edz Biocop, crujientes y sin gluten, elaboradas con ma\u00edz ecol\u00f3gico. Ideales para aperitivos saludables, ricos en fibra y bajos en calor\u00edas.\" \/>\n<meta name=\"robots\" content=\"index, follow, max-snippet:-1, max-image-preview:large, max-video-preview:-1\" \/>\n<link rel=\"canonical\" href=\"https:\/\/www.lifenatura.com\/es\/produto\/galletas-de-maiz-bio-120g-biocop\/\" \/>\n<meta property=\"og:locale\" content=\"es_ES\" \/>\n<meta property=\"og:type\" content=\"article\" \/>\n<meta property=\"og:title\" content=\"Galletas de Ma\u00edz Bio 120g - Biocop - Na Lifenatura ao Melhor Pre\u00e7o | Envio 48h\" \/>\n<meta property=\"og:description\" content=\"Compre Galletas de Ma\u00edz Bio 120g - Biocop com envio r\u00e1pido. Entrega em 48h e portes gr\u00e1tis em compras &gt;35\u20ac. Aproveite j\u00e1 na Lifenatura\" \/>\n<meta property=\"og:url\" content=\"https:\/\/www.lifenatura.com\/es\/produto\/galletas-de-maiz-bio-120g-biocop\/\" \/>\n<meta property=\"og:site_name\" content=\"Lifenatura\" \/>\n<meta property=\"article:publisher\" content=\"https:\/\/www.facebook.com\/lifenatura\" \/>\n<meta property=\"article:modified_time\" content=\"2025-01-20T21:56:35+00:00\" \/>\n<meta property=\"og:image\" content=\"https:\/\/www.lifenatura.com\/wp-content\/uploads\/2024\/11\/galetes-milho-biocop.jpg\" \/>\n\t<meta property=\"og:image:width\" content=\"1000\" \/>\n\t<meta property=\"og:image:height\" content=\"1000\" \/>\n\t<meta property=\"og:image:type\" content=\"image\/jpeg\" \/>\n<meta name=\"twitter:card\" content=\"summary_large_image\" \/>\n<meta name=\"twitter:label1\" content=\"Precio\" \/>\n\t<meta name=\"twitter:data1\" content=\"2,01&nbsp;&euro;\" \/>\n\t<meta name=\"twitter:label2\" content=\"Disponibilidad\" \/>\n\t<meta name=\"twitter:data2\" content=\"Disponible\" \/>\n<script type=\"application\/ld+json\" class=\"yoast-schema-graph\">{\"@context\":\"https:\\\/\\\/schema.org\",\"@graph\":[{\"@type\":\"WebPage\",\"@id\":\"https:\\\/\\\/www.lifenatura.com\\\/es\\\/produto\\\/galletas-de-maiz-bio-120g-biocop\\\/\",\"url\":\"https:\\\/\\\/www.lifenatura.com\\\/es\\\/produto\\\/galletas-de-maiz-bio-120g-biocop\\\/\",\"name\":\"Galletas de Ma\u00edz Bio 120g - Biocop - Na Lifenatura ao Melhor Pre\u00e7o | Envio em 48h\",\"isPartOf\":{\"@id\":\"https:\\\/\\\/www.lifenatura.com\\\/es\\\/#website\"},\"primaryImageOfPage\":{\"@id\":\"https:\\\/\\\/www.lifenatura.com\\\/es\\\/produto\\\/galletas-de-maiz-bio-120g-biocop\\\/#primaryimage\"},\"image\":{\"@id\":\"https:\\\/\\\/www.lifenatura.com\\\/es\\\/produto\\\/galletas-de-maiz-bio-120g-biocop\\\/#primaryimage\"},\"thumbnailUrl\":\"https:\\\/\\\/www.lifenatura.com\\\/wp-content\\\/uploads\\\/2024\\\/11\\\/galetes-milho-biocop.jpg\",\"datePublished\":\"2024-11-12T14:19:52+00:00\",\"dateModified\":\"2025-01-20T21:56:35+00:00\",\"description\":\"Galletas de ma\u00edz Biocop, crujientes y sin gluten, elaboradas con ma\u00edz ecol\u00f3gico. Ideales para aperitivos saludables, ricos en fibra y bajos en calor\u00edas.\",\"breadcrumb\":{\"@id\":\"https:\\\/\\\/www.lifenatura.com\\\/es\\\/produto\\\/galletas-de-maiz-bio-120g-biocop\\\/#breadcrumb\"},\"inLanguage\":\"es\",\"potentialAction\":[{\"@type\":\"ReadAction\",\"target\":[\"https:\\\/\\\/www.lifenatura.com\\\/es\\\/produto\\\/galletas-de-maiz-bio-120g-biocop\\\/\"]}]},{\"@type\":\"ImageObject\",\"inLanguage\":\"es\",\"@id\":\"https:\\\/\\\/www.lifenatura.com\\\/es\\\/produto\\\/galletas-de-maiz-bio-120g-biocop\\\/#primaryimage\",\"url\":\"https:\\\/\\\/www.lifenatura.com\\\/wp-content\\\/uploads\\\/2024\\\/11\\\/galetes-milho-biocop.jpg\",\"contentUrl\":\"https:\\\/\\\/www.lifenatura.com\\\/wp-content\\\/uploads\\\/2024\\\/11\\\/galetes-milho-biocop.jpg\",\"width\":1000,\"height\":1000,\"caption\":\"Hojas de ma\u00edz marca Biocop\"},{\"@type\":\"BreadcrumbList\",\"@id\":\"https:\\\/\\\/www.lifenatura.com\\\/es\\\/produto\\\/galletas-de-maiz-bio-120g-biocop\\\/#breadcrumb\",\"itemListElement\":[{\"@type\":\"ListItem\",\"position\":1,\"name\":\"In\u00edcio\",\"item\":\"https:\\\/\\\/www.lifenatura.com\\\/es\\\/\"},{\"@type\":\"ListItem\",\"position\":2,\"name\":\"Todos los Productos\",\"item\":\"https:\\\/\\\/www.lifenatura.com\\\/es\\\/tienda\\\/\"},{\"@type\":\"ListItem\",\"position\":3,\"name\":\"Galletas de Ma\u00edz Bio 120g &#8211; Biocop\"}]},{\"@type\":\"WebSite\",\"@id\":\"https:\\\/\\\/www.lifenatura.com\\\/es\\\/#website\",\"url\":\"https:\\\/\\\/www.lifenatura.com\\\/es\\\/\",\"name\":\"Lifenatura\",\"description\":\"A Lifenatura \u00e9 uma loja de produtos naturais, cosm\u00e9tica natural e alimenta\u00e7\u00e3o Biol\u00f3gica.\",\"publisher\":{\"@id\":\"https:\\\/\\\/www.lifenatura.com\\\/es\\\/#organization\"},\"potentialAction\":[{\"@type\":\"SearchAction\",\"target\":{\"@type\":\"EntryPoint\",\"urlTemplate\":\"https:\\\/\\\/www.lifenatura.com\\\/es\\\/?s={search_term_string}\"},\"query-input\":{\"@type\":\"PropertyValueSpecification\",\"valueRequired\":true,\"valueName\":\"search_term_string\"}}],\"inLanguage\":\"es\"},{\"@type\":\"Organization\",\"@id\":\"https:\\\/\\\/www.lifenatura.com\\\/es\\\/#organization\",\"name\":\"Lifenatura\",\"url\":\"https:\\\/\\\/www.lifenatura.com\\\/es\\\/\",\"logo\":{\"@type\":\"ImageObject\",\"inLanguage\":\"es\",\"@id\":\"https:\\\/\\\/www.lifenatura.com\\\/es\\\/#\\\/schema\\\/logo\\\/image\\\/\",\"url\":\"https:\\\/\\\/www.lifenatura.com\\\/wp-content\\\/uploads\\\/2021\\\/07\\\/logo.png\",\"contentUrl\":\"https:\\\/\\\/www.lifenatura.com\\\/wp-content\\\/uploads\\\/2021\\\/07\\\/logo.png\",\"width\":175,\"height\":55,\"caption\":\"Lifenatura\"},\"image\":{\"@id\":\"https:\\\/\\\/www.lifenatura.com\\\/es\\\/#\\\/schema\\\/logo\\\/image\\\/\"},\"sameAs\":[\"https:\\\/\\\/www.facebook.com\\\/lifenatura\",\"https:\\\/\\\/www.instagram.com\\\/lifenaturapt\\\/\"],\"hasMerchantReturnPolicy\":{\"@type\":\"MerchantReturnPolicy\",\"merchantReturnLink\":\"https:\\\/\\\/www.lifenatura.com\\\/termos-condicoes-lifenatura\\\/\"}}]}<\/script>\n<meta property=\"product:price:amount\" content=\"2.01\" \/>\n<meta property=\"product:price:currency\" content=\"EUR\" \/>\n<meta property=\"og:availability\" content=\"instock\" \/>\n<meta property=\"product:availability\" content=\"instock\" \/>\n<meta property=\"product:retailer_item_id\" content=\"8423903038727\" \/>\n<meta property=\"product:condition\" content=\"new\" \/>\n<!-- \/ Yoast SEO Premium plugin. -->","yoast_head_json":{"title":"Galletas de Ma\u00edz Bio 120g - Biocop - Na Lifenatura ao Melhor Pre\u00e7o | Envio em 48h","description":"Galletas de ma\u00edz Biocop, crujientes y sin gluten, elaboradas con ma\u00edz ecol\u00f3gico. Ideales para aperitivos saludables, ricos en fibra y bajos en calor\u00edas.","robots":{"index":"index","follow":"follow","max-snippet":"max-snippet:-1","max-image-preview":"max-image-preview:large","max-video-preview":"max-video-preview:-1"},"canonical":"https:\/\/www.lifenatura.com\/es\/produto\/galletas-de-maiz-bio-120g-biocop\/","og_locale":"es_ES","og_type":"article","og_title":"Galletas de Ma\u00edz Bio 120g - Biocop - Na Lifenatura ao Melhor Pre\u00e7o | Envio 48h","og_description":"Compre Galletas de Ma\u00edz Bio 120g - Biocop com envio r\u00e1pido. Entrega em 48h e portes gr\u00e1tis em compras >35\u20ac. Aproveite j\u00e1 na Lifenatura","og_url":"https:\/\/www.lifenatura.com\/es\/produto\/galletas-de-maiz-bio-120g-biocop\/","og_site_name":"Lifenatura","article_publisher":"https:\/\/www.facebook.com\/lifenatura","article_modified_time":"2025-01-20T21:56:35+00:00","og_image":[{"width":1000,"height":1000,"url":"https:\/\/www.lifenatura.com\/wp-content\/uploads\/2024\/11\/galetes-milho-biocop.jpg","type":"image\/jpeg"}],"twitter_card":"summary_large_image","twitter_misc":{"Precio":"2,01&nbsp;&euro;","Disponibilidad":"Disponible"},"schema":{"@context":"https:\/\/schema.org","@graph":[{"@type":"WebPage","@id":"https:\/\/www.lifenatura.com\/es\/produto\/galletas-de-maiz-bio-120g-biocop\/","url":"https:\/\/www.lifenatura.com\/es\/produto\/galletas-de-maiz-bio-120g-biocop\/","name":"Galletas de Ma\u00edz Bio 120g - Biocop - Na Lifenatura ao Melhor Pre\u00e7o | Envio em 48h","isPartOf":{"@id":"https:\/\/www.lifenatura.com\/es\/#website"},"primaryImageOfPage":{"@id":"https:\/\/www.lifenatura.com\/es\/produto\/galletas-de-maiz-bio-120g-biocop\/#primaryimage"},"image":{"@id":"https:\/\/www.lifenatura.com\/es\/produto\/galletas-de-maiz-bio-120g-biocop\/#primaryimage"},"thumbnailUrl":"https:\/\/www.lifenatura.com\/wp-content\/uploads\/2024\/11\/galetes-milho-biocop.jpg","datePublished":"2024-11-12T14:19:52+00:00","dateModified":"2025-01-20T21:56:35+00:00","description":"Galletas de ma\u00edz Biocop, crujientes y sin gluten, elaboradas con ma\u00edz ecol\u00f3gico. Ideales para aperitivos saludables, ricos en fibra y bajos en calor\u00edas.","breadcrumb":{"@id":"https:\/\/www.lifenatura.com\/es\/produto\/galletas-de-maiz-bio-120g-biocop\/#breadcrumb"},"inLanguage":"es","potentialAction":[{"@type":"ReadAction","target":["https:\/\/www.lifenatura.com\/es\/produto\/galletas-de-maiz-bio-120g-biocop\/"]}]},{"@type":"ImageObject","inLanguage":"es","@id":"https:\/\/www.lifenatura.com\/es\/produto\/galletas-de-maiz-bio-120g-biocop\/#primaryimage","url":"https:\/\/www.lifenatura.com\/wp-content\/uploads\/2024\/11\/galetes-milho-biocop.jpg","contentUrl":"https:\/\/www.lifenatura.com\/wp-content\/uploads\/2024\/11\/galetes-milho-biocop.jpg","width":1000,"height":1000,"caption":"Hojas de ma\u00edz marca Biocop"},{"@type":"BreadcrumbList","@id":"https:\/\/www.lifenatura.com\/es\/produto\/galletas-de-maiz-bio-120g-biocop\/#breadcrumb","itemListElement":[{"@type":"ListItem","position":1,"name":"In\u00edcio","item":"https:\/\/www.lifenatura.com\/es\/"},{"@type":"ListItem","position":2,"name":"Todos los Productos","item":"https:\/\/www.lifenatura.com\/es\/tienda\/"},{"@type":"ListItem","position":3,"name":"Galletas de Ma\u00edz Bio 120g &#8211; Biocop"}]},{"@type":"WebSite","@id":"https:\/\/www.lifenatura.com\/es\/#website","url":"https:\/\/www.lifenatura.com\/es\/","name":"Lifenatura","description":"A Lifenatura \u00e9 uma loja de produtos naturais, cosm\u00e9tica natural e alimenta\u00e7\u00e3o Biol\u00f3gica.","publisher":{"@id":"https:\/\/www.lifenatura.com\/es\/#organization"},"potentialAction":[{"@type":"SearchAction","target":{"@type":"EntryPoint","urlTemplate":"https:\/\/www.lifenatura.com\/es\/?s={search_term_string}"},"query-input":{"@type":"PropertyValueSpecification","valueRequired":true,"valueName":"search_term_string"}}],"inLanguage":"es"},{"@type":"Organization","@id":"https:\/\/www.lifenatura.com\/es\/#organization","name":"Lifenatura","url":"https:\/\/www.lifenatura.com\/es\/","logo":{"@type":"ImageObject","inLanguage":"es","@id":"https:\/\/www.lifenatura.com\/es\/#\/schema\/logo\/image\/","url":"https:\/\/www.lifenatura.com\/wp-content\/uploads\/2021\/07\/logo.png","contentUrl":"https:\/\/www.lifenatura.com\/wp-content\/uploads\/2021\/07\/logo.png","width":175,"height":55,"caption":"Lifenatura"},"image":{"@id":"https:\/\/www.lifenatura.com\/es\/#\/schema\/logo\/image\/"},"sameAs":["https:\/\/www.facebook.com\/lifenatura","https:\/\/www.instagram.com\/lifenaturapt\/"],"hasMerchantReturnPolicy":{"@type":"MerchantReturnPolicy","merchantReturnLink":"https:\/\/www.lifenatura.com\/termos-condicoes-lifenatura\/"}}]},"product_price_amount":"2.01","product_price_currency":"EUR","og_availability":"instock","product_availability":"instock","product_retailer_item_id":"8423903038727","product_condition":"new"},"df_price":2.01,"df_sale_price":"","df_regular_price":2.01,"df_image_link":"https:\/\/www.lifenatura.com\/wp-content\/uploads\/2024\/11\/galetes-milho-biocop-300x300.jpg","_links":{"self":[{"href":"https:\/\/www.lifenatura.com\/es\/wp-json\/wp\/v2\/product\/103903","targetHints":{"allow":["GET"]}}],"collection":[{"href":"https:\/\/www.lifenatura.com\/es\/wp-json\/wp\/v2\/product"}],"about":[{"href":"https:\/\/www.lifenatura.com\/es\/wp-json\/wp\/v2\/types\/product"}],"wp:featuredmedia":[{"embeddable":true,"href":"https:\/\/www.lifenatura.com\/es\/wp-json\/wp\/v2\/media\/102045"}],"wp:attachment":[{"href":"https:\/\/www.lifenatura.com\/es\/wp-json\/wp\/v2\/media?parent=103903"}],"wp:term":[{"taxonomy":"product_brand","embeddable":true,"href":"https:\/\/www.lifenatura.com\/es\/wp-json\/wp\/v2\/product_brand?post=103903"},{"taxonomy":"product_cat","embeddable":true,"href":"https:\/\/www.lifenatura.com\/es\/wp-json\/wp\/v2\/product_cat?post=103903"},{"taxonomy":"product_tag","embeddable":true,"href":"https:\/\/www.lifenatura.com\/es\/wp-json\/wp\/v2\/product_tag?post=103903"}],"curies":[{"name":"wp","href":"https:\/\/api.w.org\/{rel}","templated":true}]}}