{"id":101399,"date":"2024-10-28T14:54:15","date_gmt":"2024-10-28T14:54:15","guid":{"rendered":"https:\/\/www.lifenatura.com\/produto\/salsa-de-soja-tamari-500mg-biocop\/"},"modified":"2024-11-10T22:26:43","modified_gmt":"2024-11-10T22:26:43","slug":"salsa-de-soja-tamari-500mg-biocop","status":"publish","type":"product","link":"https:\/\/www.lifenatura.com\/es\/produto\/salsa-de-soja-tamari-500mg-biocop\/","title":{"rendered":"Salsa de soja Tamari 500mg &#8211; Biocop"},"content":{"rendered":"<h2 style=\"text-align: left;\"><strong>Salsa de soja Tamari Biocop un sabor aut\u00e9ntico<\/strong><\/h2>\n<p>&nbsp;<\/p>\n<p><strong>La salsa de soja tamari de Biocop<\/strong> es un condimento tradicional japon\u00e9s elaborado a partir de la fermentaci\u00f3n natural de las habas de soja. Con un sabor rico y profundo, esta salsa tamari es una opci\u00f3n excelente para realzar e intensificar el sabor de diversos platos, como salteados, adobos, salsas y sopas.<\/p>\n<p>Este producto destaca por su pureza, al estar elaborado \u00fanicamente con soja fermentada, sin adici\u00f3n de trigo, lo que lo hace naturalmente sin gluten. Es un producto adecuado tanto para los aficionados a la cocina japonesa como para los que buscan alternativas saludables a los condimentos convencionales.<\/p>\n<p>La fermentaci\u00f3n natural aporta al Tamari Biocop una serie de nutrientes beneficiosos y probi\u00f3ticos, que favorecen la digesti\u00f3n y contribuyen al equilibrio de la flora intestinal.<\/p>\n<p>Su sabor salado pero equilibrado permite utilizarlo en peque\u00f1as cantidades, a\u00f1adiendo un toque distintivo y sofisticado sin excederse en el contenido de sodio, lo que lo convierte en una excelente opci\u00f3n para quienes buscan opciones de sabor saludables.<\/p>\n<h4>Principales ventajas:<\/h4>\n<ul>\n<li><strong>Rico en amino\u00e1cidos naturales:<\/strong> Proporciona nutrientes esenciales resultantes de la fermentaci\u00f3n de la soja.<\/li>\n<li><strong>Sin gluten y vegana:<\/strong> Ideal para dietas sin gluten y veganas y una alternativa vers\u00e1til a la salsa de soja tradicional.<\/li>\n<li><strong>Favorece la digesti\u00f3n:<\/strong> Gracias a los probi\u00f3ticos naturales procedentes de la fermentaci\u00f3n, favorece una digesti\u00f3n saludable.<\/li>\n<\/ul>\n<h4>Adecuado para:<\/h4>\n<p>Adecuada para personas con restricciones veganas y vegetarianas, as\u00ed como para los amantes de la cocina asi\u00e1tica y de los condimentos naturales y saludables. Salsa de soja tamari sin trigo. Sabor fuerte e intenso, ideal para acompa\u00f1ar carnes y pescados. Este alimento fermentado favorece la absorci\u00f3n de nutrientes y una buena digesti\u00f3n.<\/p>\n<p><strong>PRESENTACI\u00d3N<\/strong><\/p>\n<p>500g<\/p>\n<p>&nbsp;<\/p>\n","protected":false},"excerpt":{"rendered":"<p>Salsa de soja Tamari Biocop, rica en amino\u00e1cidos e ideal para realzar los platos. Con una fuerte influencia japonesa, es ideal para el sushi y los woks de carne. [&#8230;]<\/p>\n<p><a class=\"btn btn-secondary understrap-read-more-link\" href=\"https:\/\/www.lifenatura.com\/es\/produto\/salsa-de-soja-tamari-500mg-biocop\/\">Leer m\u00e1s&#8230;<span class=\"screen-reader-text\"> from Salsa de soja Tamari 500mg &#8211; Biocop<\/span><\/a><\/p>\n","protected":false},"featured_media":101223,"template":"","meta":{"_acf_changed":false},"product_brand":[8363],"product_cat":[7064,7074,7093],"product_tag":[],"class_list":{"0":"post-101399","1":"product","2":"type-product","3":"status-publish","4":"has-post-thumbnail","6":"product_brand-biocop","7":"product_cat-alimentacion-sana","8":"product_cat-productos-alimenticios","9":"product_cat-salsas-saludables","10":"pa_caracteristicas-biologico","12":"first","13":"instock","14":"shipping-taxable","15":"purchasable","16":"product-type-simple","17":"add-to-wishlist-before_image"},"acf":[],"yoast_head":"<!-- This site is optimized with the Yoast SEO Premium plugin v27.1 (Yoast SEO v27.5) - https:\/\/yoast.com\/product\/yoast-seo-premium-wordpress\/ -->\n<title>Salsa de soja Tamari 500mg - Biocop - Na Lifenatura ao Melhor Pre\u00e7o | Envio em 48h<\/title>\n<meta name=\"description\" content=\"Salsa de soja Tamari Biocop, ideal para realzar los platos. Con una fuerte influencia japonesa, es ideal para el sushi y los woks de carne.\" \/>\n<meta name=\"robots\" content=\"index, follow, max-snippet:-1, max-image-preview:large, max-video-preview:-1\" \/>\n<link rel=\"canonical\" href=\"https:\/\/www.lifenatura.com\/es\/produto\/salsa-de-soja-tamari-500mg-biocop\/\" \/>\n<meta property=\"og:locale\" content=\"es_ES\" \/>\n<meta property=\"og:type\" content=\"article\" \/>\n<meta property=\"og:title\" content=\"Salsa de soja Tamari 500mg - Biocop - Na Lifenatura ao Melhor Pre\u00e7o | Envio 48h\" \/>\n<meta property=\"og:description\" content=\"Compre Salsa de soja Tamari 500mg - Biocop com envio r\u00e1pido. Entrega em 48h e portes gr\u00e1tis em compras &gt;35\u20ac. Aproveite j\u00e1 na Lifenatura\" \/>\n<meta property=\"og:url\" content=\"https:\/\/www.lifenatura.com\/es\/produto\/salsa-de-soja-tamari-500mg-biocop\/\" \/>\n<meta property=\"og:site_name\" content=\"Lifenatura\" \/>\n<meta property=\"article:publisher\" content=\"https:\/\/www.facebook.com\/lifenatura\" \/>\n<meta property=\"article:modified_time\" content=\"2024-11-10T22:26:43+00:00\" \/>\n<meta property=\"og:image\" content=\"https:\/\/www.lifenatura.com\/wp-content\/uploads\/2024\/10\/tamari-soja-500ml-biocop.jpg\" \/>\n\t<meta property=\"og:image:width\" content=\"1000\" \/>\n\t<meta property=\"og:image:height\" content=\"1000\" \/>\n\t<meta property=\"og:image:type\" content=\"image\/jpeg\" \/>\n<meta name=\"twitter:card\" content=\"summary_large_image\" \/>\n<meta name=\"twitter:label1\" content=\"Precio\" \/>\n\t<meta name=\"twitter:data1\" content=\"12,80&nbsp;&euro;\" \/>\n\t<meta name=\"twitter:label2\" content=\"Disponibilidad\" \/>\n\t<meta name=\"twitter:data2\" content=\"Disponible\" \/>\n<script type=\"application\/ld+json\" class=\"yoast-schema-graph\">{\"@context\":\"https:\\\/\\\/schema.org\",\"@graph\":[{\"@type\":\"WebPage\",\"@id\":\"https:\\\/\\\/www.lifenatura.com\\\/es\\\/produto\\\/salsa-de-soja-tamari-500mg-biocop\\\/\",\"url\":\"https:\\\/\\\/www.lifenatura.com\\\/es\\\/produto\\\/salsa-de-soja-tamari-500mg-biocop\\\/\",\"name\":\"Salsa de soja Tamari 500mg - Biocop - Na Lifenatura ao Melhor Pre\u00e7o | Envio em 48h\",\"isPartOf\":{\"@id\":\"https:\\\/\\\/www.lifenatura.com\\\/es\\\/#website\"},\"primaryImageOfPage\":{\"@id\":\"https:\\\/\\\/www.lifenatura.com\\\/es\\\/produto\\\/salsa-de-soja-tamari-500mg-biocop\\\/#primaryimage\"},\"image\":{\"@id\":\"https:\\\/\\\/www.lifenatura.com\\\/es\\\/produto\\\/salsa-de-soja-tamari-500mg-biocop\\\/#primaryimage\"},\"thumbnailUrl\":\"https:\\\/\\\/www.lifenatura.com\\\/wp-content\\\/uploads\\\/2024\\\/10\\\/tamari-soja-500ml-biocop.jpg\",\"datePublished\":\"2024-10-28T14:54:15+00:00\",\"dateModified\":\"2024-11-10T22:26:43+00:00\",\"description\":\"Salsa de soja Tamari Biocop, ideal para realzar los platos. Con una fuerte influencia japonesa, es ideal para el sushi y los woks de carne.\",\"breadcrumb\":{\"@id\":\"https:\\\/\\\/www.lifenatura.com\\\/es\\\/produto\\\/salsa-de-soja-tamari-500mg-biocop\\\/#breadcrumb\"},\"inLanguage\":\"es\",\"potentialAction\":[{\"@type\":\"ReadAction\",\"target\":[\"https:\\\/\\\/www.lifenatura.com\\\/es\\\/produto\\\/salsa-de-soja-tamari-500mg-biocop\\\/\"]}]},{\"@type\":\"ImageObject\",\"inLanguage\":\"es\",\"@id\":\"https:\\\/\\\/www.lifenatura.com\\\/es\\\/produto\\\/salsa-de-soja-tamari-500mg-biocop\\\/#primaryimage\",\"url\":\"https:\\\/\\\/www.lifenatura.com\\\/wp-content\\\/uploads\\\/2024\\\/10\\\/tamari-soja-500ml-biocop.jpg\",\"contentUrl\":\"https:\\\/\\\/www.lifenatura.com\\\/wp-content\\\/uploads\\\/2024\\\/10\\\/tamari-soja-500ml-biocop.jpg\",\"width\":1000,\"height\":1000,\"caption\":\"salsa de soja tamari de Biocop\"},{\"@type\":\"BreadcrumbList\",\"@id\":\"https:\\\/\\\/www.lifenatura.com\\\/es\\\/produto\\\/salsa-de-soja-tamari-500mg-biocop\\\/#breadcrumb\",\"itemListElement\":[{\"@type\":\"ListItem\",\"position\":1,\"name\":\"In\u00edcio\",\"item\":\"https:\\\/\\\/www.lifenatura.com\\\/es\\\/\"},{\"@type\":\"ListItem\",\"position\":2,\"name\":\"Todos los Productos\",\"item\":\"https:\\\/\\\/www.lifenatura.com\\\/es\\\/tienda\\\/\"},{\"@type\":\"ListItem\",\"position\":3,\"name\":\"Salsa de soja Tamari 500mg &#8211; Biocop\"}]},{\"@type\":\"WebSite\",\"@id\":\"https:\\\/\\\/www.lifenatura.com\\\/es\\\/#website\",\"url\":\"https:\\\/\\\/www.lifenatura.com\\\/es\\\/\",\"name\":\"Lifenatura\",\"description\":\"A Lifenatura \u00e9 uma loja de produtos naturais, cosm\u00e9tica natural e alimenta\u00e7\u00e3o Biol\u00f3gica.\",\"publisher\":{\"@id\":\"https:\\\/\\\/www.lifenatura.com\\\/es\\\/#organization\"},\"potentialAction\":[{\"@type\":\"SearchAction\",\"target\":{\"@type\":\"EntryPoint\",\"urlTemplate\":\"https:\\\/\\\/www.lifenatura.com\\\/es\\\/?s={search_term_string}\"},\"query-input\":{\"@type\":\"PropertyValueSpecification\",\"valueRequired\":true,\"valueName\":\"search_term_string\"}}],\"inLanguage\":\"es\"},{\"@type\":\"Organization\",\"@id\":\"https:\\\/\\\/www.lifenatura.com\\\/es\\\/#organization\",\"name\":\"Lifenatura\",\"url\":\"https:\\\/\\\/www.lifenatura.com\\\/es\\\/\",\"logo\":{\"@type\":\"ImageObject\",\"inLanguage\":\"es\",\"@id\":\"https:\\\/\\\/www.lifenatura.com\\\/es\\\/#\\\/schema\\\/logo\\\/image\\\/\",\"url\":\"https:\\\/\\\/www.lifenatura.com\\\/wp-content\\\/uploads\\\/2021\\\/07\\\/logo.png\",\"contentUrl\":\"https:\\\/\\\/www.lifenatura.com\\\/wp-content\\\/uploads\\\/2021\\\/07\\\/logo.png\",\"width\":175,\"height\":55,\"caption\":\"Lifenatura\"},\"image\":{\"@id\":\"https:\\\/\\\/www.lifenatura.com\\\/es\\\/#\\\/schema\\\/logo\\\/image\\\/\"},\"sameAs\":[\"https:\\\/\\\/www.facebook.com\\\/lifenatura\",\"https:\\\/\\\/www.instagram.com\\\/lifenaturapt\\\/\"],\"hasMerchantReturnPolicy\":{\"@type\":\"MerchantReturnPolicy\",\"merchantReturnLink\":\"https:\\\/\\\/www.lifenatura.com\\\/termos-condicoes-lifenatura\\\/\"}}]}<\/script>\n<meta property=\"product:price:amount\" content=\"12.80\" \/>\n<meta property=\"product:price:currency\" content=\"EUR\" \/>\n<meta property=\"og:availability\" content=\"instock\" \/>\n<meta property=\"product:availability\" content=\"instock\" \/>\n<meta property=\"product:retailer_item_id\" content=\"8423903041888\" \/>\n<meta property=\"product:condition\" content=\"new\" \/>\n<!-- \/ Yoast SEO Premium plugin. -->","yoast_head_json":{"title":"Salsa de soja Tamari 500mg - Biocop - Na Lifenatura ao Melhor Pre\u00e7o | Envio em 48h","description":"Salsa de soja Tamari Biocop, ideal para realzar los platos. Con una fuerte influencia japonesa, es ideal para el sushi y los woks de carne.","robots":{"index":"index","follow":"follow","max-snippet":"max-snippet:-1","max-image-preview":"max-image-preview:large","max-video-preview":"max-video-preview:-1"},"canonical":"https:\/\/www.lifenatura.com\/es\/produto\/salsa-de-soja-tamari-500mg-biocop\/","og_locale":"es_ES","og_type":"article","og_title":"Salsa de soja Tamari 500mg - Biocop - Na Lifenatura ao Melhor Pre\u00e7o | Envio 48h","og_description":"Compre Salsa de soja Tamari 500mg - Biocop com envio r\u00e1pido. Entrega em 48h e portes gr\u00e1tis em compras >35\u20ac. Aproveite j\u00e1 na Lifenatura","og_url":"https:\/\/www.lifenatura.com\/es\/produto\/salsa-de-soja-tamari-500mg-biocop\/","og_site_name":"Lifenatura","article_publisher":"https:\/\/www.facebook.com\/lifenatura","article_modified_time":"2024-11-10T22:26:43+00:00","og_image":[{"width":1000,"height":1000,"url":"https:\/\/www.lifenatura.com\/wp-content\/uploads\/2024\/10\/tamari-soja-500ml-biocop.jpg","type":"image\/jpeg"}],"twitter_card":"summary_large_image","twitter_misc":{"Precio":"12,80&nbsp;&euro;","Disponibilidad":"Disponible"},"schema":{"@context":"https:\/\/schema.org","@graph":[{"@type":"WebPage","@id":"https:\/\/www.lifenatura.com\/es\/produto\/salsa-de-soja-tamari-500mg-biocop\/","url":"https:\/\/www.lifenatura.com\/es\/produto\/salsa-de-soja-tamari-500mg-biocop\/","name":"Salsa de soja Tamari 500mg - Biocop - Na Lifenatura ao Melhor Pre\u00e7o | Envio em 48h","isPartOf":{"@id":"https:\/\/www.lifenatura.com\/es\/#website"},"primaryImageOfPage":{"@id":"https:\/\/www.lifenatura.com\/es\/produto\/salsa-de-soja-tamari-500mg-biocop\/#primaryimage"},"image":{"@id":"https:\/\/www.lifenatura.com\/es\/produto\/salsa-de-soja-tamari-500mg-biocop\/#primaryimage"},"thumbnailUrl":"https:\/\/www.lifenatura.com\/wp-content\/uploads\/2024\/10\/tamari-soja-500ml-biocop.jpg","datePublished":"2024-10-28T14:54:15+00:00","dateModified":"2024-11-10T22:26:43+00:00","description":"Salsa de soja Tamari Biocop, ideal para realzar los platos. Con una fuerte influencia japonesa, es ideal para el sushi y los woks de carne.","breadcrumb":{"@id":"https:\/\/www.lifenatura.com\/es\/produto\/salsa-de-soja-tamari-500mg-biocop\/#breadcrumb"},"inLanguage":"es","potentialAction":[{"@type":"ReadAction","target":["https:\/\/www.lifenatura.com\/es\/produto\/salsa-de-soja-tamari-500mg-biocop\/"]}]},{"@type":"ImageObject","inLanguage":"es","@id":"https:\/\/www.lifenatura.com\/es\/produto\/salsa-de-soja-tamari-500mg-biocop\/#primaryimage","url":"https:\/\/www.lifenatura.com\/wp-content\/uploads\/2024\/10\/tamari-soja-500ml-biocop.jpg","contentUrl":"https:\/\/www.lifenatura.com\/wp-content\/uploads\/2024\/10\/tamari-soja-500ml-biocop.jpg","width":1000,"height":1000,"caption":"salsa de soja tamari de Biocop"},{"@type":"BreadcrumbList","@id":"https:\/\/www.lifenatura.com\/es\/produto\/salsa-de-soja-tamari-500mg-biocop\/#breadcrumb","itemListElement":[{"@type":"ListItem","position":1,"name":"In\u00edcio","item":"https:\/\/www.lifenatura.com\/es\/"},{"@type":"ListItem","position":2,"name":"Todos los Productos","item":"https:\/\/www.lifenatura.com\/es\/tienda\/"},{"@type":"ListItem","position":3,"name":"Salsa de soja Tamari 500mg &#8211; Biocop"}]},{"@type":"WebSite","@id":"https:\/\/www.lifenatura.com\/es\/#website","url":"https:\/\/www.lifenatura.com\/es\/","name":"Lifenatura","description":"A Lifenatura \u00e9 uma loja de produtos naturais, cosm\u00e9tica natural e alimenta\u00e7\u00e3o Biol\u00f3gica.","publisher":{"@id":"https:\/\/www.lifenatura.com\/es\/#organization"},"potentialAction":[{"@type":"SearchAction","target":{"@type":"EntryPoint","urlTemplate":"https:\/\/www.lifenatura.com\/es\/?s={search_term_string}"},"query-input":{"@type":"PropertyValueSpecification","valueRequired":true,"valueName":"search_term_string"}}],"inLanguage":"es"},{"@type":"Organization","@id":"https:\/\/www.lifenatura.com\/es\/#organization","name":"Lifenatura","url":"https:\/\/www.lifenatura.com\/es\/","logo":{"@type":"ImageObject","inLanguage":"es","@id":"https:\/\/www.lifenatura.com\/es\/#\/schema\/logo\/image\/","url":"https:\/\/www.lifenatura.com\/wp-content\/uploads\/2021\/07\/logo.png","contentUrl":"https:\/\/www.lifenatura.com\/wp-content\/uploads\/2021\/07\/logo.png","width":175,"height":55,"caption":"Lifenatura"},"image":{"@id":"https:\/\/www.lifenatura.com\/es\/#\/schema\/logo\/image\/"},"sameAs":["https:\/\/www.facebook.com\/lifenatura","https:\/\/www.instagram.com\/lifenaturapt\/"],"hasMerchantReturnPolicy":{"@type":"MerchantReturnPolicy","merchantReturnLink":"https:\/\/www.lifenatura.com\/termos-condicoes-lifenatura\/"}}]},"product_price_amount":"12.80","product_price_currency":"EUR","og_availability":"instock","product_availability":"instock","product_retailer_item_id":"8423903041888","product_condition":"new"},"df_price":12.8,"df_sale_price":"","df_regular_price":12.8,"df_image_link":"https:\/\/www.lifenatura.com\/wp-content\/uploads\/2024\/10\/tamari-soja-500ml-biocop-300x300.jpg","_links":{"self":[{"href":"https:\/\/www.lifenatura.com\/es\/wp-json\/wp\/v2\/product\/101399","targetHints":{"allow":["GET"]}}],"collection":[{"href":"https:\/\/www.lifenatura.com\/es\/wp-json\/wp\/v2\/product"}],"about":[{"href":"https:\/\/www.lifenatura.com\/es\/wp-json\/wp\/v2\/types\/product"}],"wp:featuredmedia":[{"embeddable":true,"href":"https:\/\/www.lifenatura.com\/es\/wp-json\/wp\/v2\/media\/101223"}],"wp:attachment":[{"href":"https:\/\/www.lifenatura.com\/es\/wp-json\/wp\/v2\/media?parent=101399"}],"wp:term":[{"taxonomy":"product_brand","embeddable":true,"href":"https:\/\/www.lifenatura.com\/es\/wp-json\/wp\/v2\/product_brand?post=101399"},{"taxonomy":"product_cat","embeddable":true,"href":"https:\/\/www.lifenatura.com\/es\/wp-json\/wp\/v2\/product_cat?post=101399"},{"taxonomy":"product_tag","embeddable":true,"href":"https:\/\/www.lifenatura.com\/es\/wp-json\/wp\/v2\/product_tag?post=101399"}],"curies":[{"name":"wp","href":"https:\/\/api.w.org\/{rel}","templated":true}]}}