{"id":101391,"date":"2024-10-25T13:47:54","date_gmt":"2024-10-25T13:47:54","guid":{"rendered":"https:\/\/www.lifenatura.com\/produto\/lentejas-rojas-ecologicas-500g-eco-salim\/"},"modified":"2024-11-05T17:27:54","modified_gmt":"2024-11-05T17:27:54","slug":"lentejas-rojas-ecologicas-500g-eco-salim","status":"publish","type":"product","link":"https:\/\/www.lifenatura.com\/es\/produto\/lentejas-rojas-ecologicas-500g-eco-salim\/","title":{"rendered":"Lentejas rojas ecol\u00f3gicas 500g &#8211; Eco Salim"},"content":{"rendered":"<h2 style=\"text-align: left;\"><strong>Lentejas rojas Eco Salim &#8211; Nutrici\u00f3n sana y f\u00e1cil de preparar<\/strong><\/h2>\n<p>&nbsp;<\/p>\n<p><strong>Las Lentejas Rojas Eco Salim<\/strong> son la elecci\u00f3n perfecta para quien busque alimentos de alta calidad, f\u00e1ciles de preparar y con grandes beneficios para la salud. De origen ecol\u00f3gico, estas lentejas se cultivan sin aditivos qu\u00edmicos, preservando su sabor natural y sus propiedades nutritivas.<\/p>\n<p>De color vibrante y textura suave, las lentejas rojas se vuelven cremosas al cocerlas, ideales para sopas, pur\u00e9s y currys, ofreciendo una base nutritiva para una gran variedad de platos. Las lentejas rojas destacan por su alto contenido en prote\u00ednas vegetales y fibra, esenciales para una dieta equilibrada. Tambi\u00e9n contienen minerales como hierro, potasio y folato, que favorecen la salud cardiovascular, refuerzan el sistema inmunitario y ayudan a mantener estables los niveles de energ\u00eda.<\/p>\n<p>Su bajo contenido en grasa y su alta digestibilidad las convierten en una opci\u00f3n excelente para quienes buscan una dieta ligera y nutritiva. Se cocinan r\u00e1pidamente, sin necesidad de remojo, lo que las hace pr\u00e1cticas para las comidas cotidianas.<\/p>\n<h4>Principales ventajas:<\/h4>\n<ul>\n<li><strong>Ricos en prote\u00ednas y fibra:<\/strong> Contribuyen a la salud muscular y digestiva y favorecen la saciedad.<\/li>\n<li><strong>Fuente de minerales esenciales: el<\/strong> hierro y el folato ayudan a combatir la fatiga y refuerzan el sistema inmunitario.<\/li>\n<li><strong>R\u00e1pido y f\u00e1cil de cocinar:<\/strong> Ideal para platos r\u00e1pidos y nutritivos sin necesidad de preparaci\u00f3n previa.<\/li>\n<\/ul>\n<h4>Adecuado para:<\/h4>\n<p>Las Lentejas Rojas Eco Salim est\u00e1n recomendadas para veganos, vegetarianos y cualquiera que desee aumentar su ingesta de prote\u00ednas y minerales de origen vegetal de forma pr\u00e1ctica y sabrosa.<\/p>\n<p><strong>PRESENTACI\u00d3N<\/strong><\/p>\n<p>500g<\/p>\n<p>&nbsp;<\/p>\n","protected":false},"excerpt":{"rendered":"<p>Las Lentejas Rojas Eco Salim son una fuente ecol\u00f3gica de prote\u00ednas, fibra y minerales esenciales. R\u00e1pidas de cocinar, ideales para comidas sanas. [&#8230;]<\/p>\n<p><a class=\"btn btn-secondary understrap-read-more-link\" href=\"https:\/\/www.lifenatura.com\/es\/produto\/lentejas-rojas-ecologicas-500g-eco-salim\/\">Leer m\u00e1s&#8230;<span class=\"screen-reader-text\"> from Lentejas rojas ecol\u00f3gicas 500g &#8211; Eco Salim<\/span><\/a><\/p>\n","protected":false},"featured_media":101037,"template":"","meta":{"_acf_changed":false},"product_brand":[8497],"product_cat":[7064,7089,7074],"product_tag":[],"class_list":{"0":"post-101391","1":"product","2":"type-product","3":"status-publish","4":"has-post-thumbnail","6":"product_brand-eco-salim","7":"product_cat-alimentacion-sana","8":"product_cat-leguminosas-bio","9":"product_cat-productos-alimenticios","10":"pa_caracteristicas-biologico","11":"pa_caracteristicas-vegano","12":"pa_caracteristicas-vegetariano","14":"first","15":"instock","16":"shipping-taxable","17":"purchasable","18":"product-type-simple","19":"add-to-wishlist-before_image"},"acf":[],"yoast_head":"<!-- This site is optimized with the Yoast SEO Premium plugin v27.1 (Yoast SEO v27.5) - https:\/\/yoast.com\/product\/yoast-seo-premium-wordpress\/ -->\n<title>Lentejas rojas ecol\u00f3gicas 500g - Eco Salim - Na Lifenatura ao Melhor Pre\u00e7o | Envio em 48h<\/title>\n<meta name=\"description\" content=\"Las Lentejas Rojas Eco Salim son una fuente ecol\u00f3gica de prote\u00ednas, fibra y minerales esenciales. R\u00e1pidas de cocinar, ideales para comidas sanas.\" \/>\n<meta name=\"robots\" content=\"index, follow, max-snippet:-1, max-image-preview:large, max-video-preview:-1\" \/>\n<link rel=\"canonical\" href=\"https:\/\/www.lifenatura.com\/es\/produto\/lentejas-rojas-ecologicas-500g-eco-salim\/\" \/>\n<meta property=\"og:locale\" content=\"es_ES\" \/>\n<meta property=\"og:type\" content=\"article\" \/>\n<meta property=\"og:title\" content=\"Lentejas rojas ecol\u00f3gicas 500g - Eco Salim - Na Lifenatura ao Melhor Pre\u00e7o | Envio 48h\" \/>\n<meta property=\"og:description\" content=\"Compre Lentejas rojas ecol\u00f3gicas 500g - Eco Salim com envio r\u00e1pido. Entrega em 48h e portes gr\u00e1tis em compras &gt;35\u20ac. Aproveite j\u00e1 na Lifenatura\" \/>\n<meta property=\"og:url\" content=\"https:\/\/www.lifenatura.com\/es\/produto\/lentejas-rojas-ecologicas-500g-eco-salim\/\" \/>\n<meta property=\"og:site_name\" content=\"Lifenatura\" \/>\n<meta property=\"article:publisher\" content=\"https:\/\/www.facebook.com\/lifenatura\" \/>\n<meta property=\"article:modified_time\" content=\"2024-11-05T17:27:54+00:00\" \/>\n<meta property=\"og:image\" content=\"https:\/\/www.lifenatura.com\/wp-content\/uploads\/2024\/10\/lentilha-vermelha-bio-eco-salim.jpg\" \/>\n\t<meta property=\"og:image:width\" content=\"1000\" \/>\n\t<meta property=\"og:image:height\" content=\"1000\" \/>\n\t<meta property=\"og:image:type\" content=\"image\/jpeg\" \/>\n<meta name=\"twitter:card\" content=\"summary_large_image\" \/>\n<meta name=\"twitter:label1\" content=\"Precio\" \/>\n\t<meta name=\"twitter:data1\" content=\"3,87&nbsp;&euro;\" \/>\n\t<meta name=\"twitter:label2\" content=\"Disponibilidad\" \/>\n\t<meta name=\"twitter:data2\" content=\"Disponible\" \/>\n<script type=\"application\/ld+json\" class=\"yoast-schema-graph\">{\"@context\":\"https:\\\/\\\/schema.org\",\"@graph\":[{\"@type\":\"WebPage\",\"@id\":\"https:\\\/\\\/www.lifenatura.com\\\/es\\\/produto\\\/lentejas-rojas-ecologicas-500g-eco-salim\\\/\",\"url\":\"https:\\\/\\\/www.lifenatura.com\\\/es\\\/produto\\\/lentejas-rojas-ecologicas-500g-eco-salim\\\/\",\"name\":\"Lentejas rojas ecol\u00f3gicas 500g - Eco Salim - Na Lifenatura ao Melhor Pre\u00e7o | Envio em 48h\",\"isPartOf\":{\"@id\":\"https:\\\/\\\/www.lifenatura.com\\\/es\\\/#website\"},\"primaryImageOfPage\":{\"@id\":\"https:\\\/\\\/www.lifenatura.com\\\/es\\\/produto\\\/lentejas-rojas-ecologicas-500g-eco-salim\\\/#primaryimage\"},\"image\":{\"@id\":\"https:\\\/\\\/www.lifenatura.com\\\/es\\\/produto\\\/lentejas-rojas-ecologicas-500g-eco-salim\\\/#primaryimage\"},\"thumbnailUrl\":\"https:\\\/\\\/www.lifenatura.com\\\/wp-content\\\/uploads\\\/2024\\\/10\\\/lentilha-vermelha-bio-eco-salim.jpg\",\"datePublished\":\"2024-10-25T13:47:54+00:00\",\"dateModified\":\"2024-11-05T17:27:54+00:00\",\"description\":\"Las Lentejas Rojas Eco Salim son una fuente ecol\u00f3gica de prote\u00ednas, fibra y minerales esenciales. R\u00e1pidas de cocinar, ideales para comidas sanas.\",\"breadcrumb\":{\"@id\":\"https:\\\/\\\/www.lifenatura.com\\\/es\\\/produto\\\/lentejas-rojas-ecologicas-500g-eco-salim\\\/#breadcrumb\"},\"inLanguage\":\"es\",\"potentialAction\":[{\"@type\":\"ReadAction\",\"target\":[\"https:\\\/\\\/www.lifenatura.com\\\/es\\\/produto\\\/lentejas-rojas-ecologicas-500g-eco-salim\\\/\"]}]},{\"@type\":\"ImageObject\",\"inLanguage\":\"es\",\"@id\":\"https:\\\/\\\/www.lifenatura.com\\\/es\\\/produto\\\/lentejas-rojas-ecologicas-500g-eco-salim\\\/#primaryimage\",\"url\":\"https:\\\/\\\/www.lifenatura.com\\\/wp-content\\\/uploads\\\/2024\\\/10\\\/lentilha-vermelha-bio-eco-salim.jpg\",\"contentUrl\":\"https:\\\/\\\/www.lifenatura.com\\\/wp-content\\\/uploads\\\/2024\\\/10\\\/lentilha-vermelha-bio-eco-salim.jpg\",\"width\":1000,\"height\":1000,\"caption\":\"Lentejas rojas ecol\u00f3gicas Eco Salim\"},{\"@type\":\"BreadcrumbList\",\"@id\":\"https:\\\/\\\/www.lifenatura.com\\\/es\\\/produto\\\/lentejas-rojas-ecologicas-500g-eco-salim\\\/#breadcrumb\",\"itemListElement\":[{\"@type\":\"ListItem\",\"position\":1,\"name\":\"In\u00edcio\",\"item\":\"https:\\\/\\\/www.lifenatura.com\\\/es\\\/\"},{\"@type\":\"ListItem\",\"position\":2,\"name\":\"Todos los Productos\",\"item\":\"https:\\\/\\\/www.lifenatura.com\\\/es\\\/tienda\\\/\"},{\"@type\":\"ListItem\",\"position\":3,\"name\":\"Lentejas rojas ecol\u00f3gicas 500g &#8211; Eco Salim\"}]},{\"@type\":\"WebSite\",\"@id\":\"https:\\\/\\\/www.lifenatura.com\\\/es\\\/#website\",\"url\":\"https:\\\/\\\/www.lifenatura.com\\\/es\\\/\",\"name\":\"Lifenatura\",\"description\":\"A Lifenatura \u00e9 uma loja de produtos naturais, cosm\u00e9tica natural e alimenta\u00e7\u00e3o Biol\u00f3gica.\",\"publisher\":{\"@id\":\"https:\\\/\\\/www.lifenatura.com\\\/es\\\/#organization\"},\"potentialAction\":[{\"@type\":\"SearchAction\",\"target\":{\"@type\":\"EntryPoint\",\"urlTemplate\":\"https:\\\/\\\/www.lifenatura.com\\\/es\\\/?s={search_term_string}\"},\"query-input\":{\"@type\":\"PropertyValueSpecification\",\"valueRequired\":true,\"valueName\":\"search_term_string\"}}],\"inLanguage\":\"es\"},{\"@type\":\"Organization\",\"@id\":\"https:\\\/\\\/www.lifenatura.com\\\/es\\\/#organization\",\"name\":\"Lifenatura\",\"url\":\"https:\\\/\\\/www.lifenatura.com\\\/es\\\/\",\"logo\":{\"@type\":\"ImageObject\",\"inLanguage\":\"es\",\"@id\":\"https:\\\/\\\/www.lifenatura.com\\\/es\\\/#\\\/schema\\\/logo\\\/image\\\/\",\"url\":\"https:\\\/\\\/www.lifenatura.com\\\/wp-content\\\/uploads\\\/2021\\\/07\\\/logo.png\",\"contentUrl\":\"https:\\\/\\\/www.lifenatura.com\\\/wp-content\\\/uploads\\\/2021\\\/07\\\/logo.png\",\"width\":175,\"height\":55,\"caption\":\"Lifenatura\"},\"image\":{\"@id\":\"https:\\\/\\\/www.lifenatura.com\\\/es\\\/#\\\/schema\\\/logo\\\/image\\\/\"},\"sameAs\":[\"https:\\\/\\\/www.facebook.com\\\/lifenatura\",\"https:\\\/\\\/www.instagram.com\\\/lifenaturapt\\\/\"],\"hasMerchantReturnPolicy\":{\"@type\":\"MerchantReturnPolicy\",\"merchantReturnLink\":\"https:\\\/\\\/www.lifenatura.com\\\/termos-condicoes-lifenatura\\\/\"}}]}<\/script>\n<meta property=\"product:price:amount\" content=\"3.87\" \/>\n<meta property=\"product:price:currency\" content=\"EUR\" \/>\n<meta property=\"og:availability\" content=\"instock\" \/>\n<meta property=\"product:availability\" content=\"instock\" \/>\n<meta property=\"product:retailer_item_id\" content=\"8426633000507\" \/>\n<meta property=\"product:condition\" content=\"new\" \/>\n<!-- \/ Yoast SEO Premium plugin. -->","yoast_head_json":{"title":"Lentejas rojas ecol\u00f3gicas 500g - Eco Salim - Na Lifenatura ao Melhor Pre\u00e7o | Envio em 48h","description":"Las Lentejas Rojas Eco Salim son una fuente ecol\u00f3gica de prote\u00ednas, fibra y minerales esenciales. R\u00e1pidas de cocinar, ideales para comidas sanas.","robots":{"index":"index","follow":"follow","max-snippet":"max-snippet:-1","max-image-preview":"max-image-preview:large","max-video-preview":"max-video-preview:-1"},"canonical":"https:\/\/www.lifenatura.com\/es\/produto\/lentejas-rojas-ecologicas-500g-eco-salim\/","og_locale":"es_ES","og_type":"article","og_title":"Lentejas rojas ecol\u00f3gicas 500g - Eco Salim - Na Lifenatura ao Melhor Pre\u00e7o | Envio 48h","og_description":"Compre Lentejas rojas ecol\u00f3gicas 500g - Eco Salim com envio r\u00e1pido. Entrega em 48h e portes gr\u00e1tis em compras >35\u20ac. Aproveite j\u00e1 na Lifenatura","og_url":"https:\/\/www.lifenatura.com\/es\/produto\/lentejas-rojas-ecologicas-500g-eco-salim\/","og_site_name":"Lifenatura","article_publisher":"https:\/\/www.facebook.com\/lifenatura","article_modified_time":"2024-11-05T17:27:54+00:00","og_image":[{"width":1000,"height":1000,"url":"https:\/\/www.lifenatura.com\/wp-content\/uploads\/2024\/10\/lentilha-vermelha-bio-eco-salim.jpg","type":"image\/jpeg"}],"twitter_card":"summary_large_image","twitter_misc":{"Precio":"3,87&nbsp;&euro;","Disponibilidad":"Disponible"},"schema":{"@context":"https:\/\/schema.org","@graph":[{"@type":"WebPage","@id":"https:\/\/www.lifenatura.com\/es\/produto\/lentejas-rojas-ecologicas-500g-eco-salim\/","url":"https:\/\/www.lifenatura.com\/es\/produto\/lentejas-rojas-ecologicas-500g-eco-salim\/","name":"Lentejas rojas ecol\u00f3gicas 500g - Eco Salim - Na Lifenatura ao Melhor Pre\u00e7o | Envio em 48h","isPartOf":{"@id":"https:\/\/www.lifenatura.com\/es\/#website"},"primaryImageOfPage":{"@id":"https:\/\/www.lifenatura.com\/es\/produto\/lentejas-rojas-ecologicas-500g-eco-salim\/#primaryimage"},"image":{"@id":"https:\/\/www.lifenatura.com\/es\/produto\/lentejas-rojas-ecologicas-500g-eco-salim\/#primaryimage"},"thumbnailUrl":"https:\/\/www.lifenatura.com\/wp-content\/uploads\/2024\/10\/lentilha-vermelha-bio-eco-salim.jpg","datePublished":"2024-10-25T13:47:54+00:00","dateModified":"2024-11-05T17:27:54+00:00","description":"Las Lentejas Rojas Eco Salim son una fuente ecol\u00f3gica de prote\u00ednas, fibra y minerales esenciales. R\u00e1pidas de cocinar, ideales para comidas sanas.","breadcrumb":{"@id":"https:\/\/www.lifenatura.com\/es\/produto\/lentejas-rojas-ecologicas-500g-eco-salim\/#breadcrumb"},"inLanguage":"es","potentialAction":[{"@type":"ReadAction","target":["https:\/\/www.lifenatura.com\/es\/produto\/lentejas-rojas-ecologicas-500g-eco-salim\/"]}]},{"@type":"ImageObject","inLanguage":"es","@id":"https:\/\/www.lifenatura.com\/es\/produto\/lentejas-rojas-ecologicas-500g-eco-salim\/#primaryimage","url":"https:\/\/www.lifenatura.com\/wp-content\/uploads\/2024\/10\/lentilha-vermelha-bio-eco-salim.jpg","contentUrl":"https:\/\/www.lifenatura.com\/wp-content\/uploads\/2024\/10\/lentilha-vermelha-bio-eco-salim.jpg","width":1000,"height":1000,"caption":"Lentejas rojas ecol\u00f3gicas Eco Salim"},{"@type":"BreadcrumbList","@id":"https:\/\/www.lifenatura.com\/es\/produto\/lentejas-rojas-ecologicas-500g-eco-salim\/#breadcrumb","itemListElement":[{"@type":"ListItem","position":1,"name":"In\u00edcio","item":"https:\/\/www.lifenatura.com\/es\/"},{"@type":"ListItem","position":2,"name":"Todos los Productos","item":"https:\/\/www.lifenatura.com\/es\/tienda\/"},{"@type":"ListItem","position":3,"name":"Lentejas rojas ecol\u00f3gicas 500g &#8211; Eco Salim"}]},{"@type":"WebSite","@id":"https:\/\/www.lifenatura.com\/es\/#website","url":"https:\/\/www.lifenatura.com\/es\/","name":"Lifenatura","description":"A Lifenatura \u00e9 uma loja de produtos naturais, cosm\u00e9tica natural e alimenta\u00e7\u00e3o Biol\u00f3gica.","publisher":{"@id":"https:\/\/www.lifenatura.com\/es\/#organization"},"potentialAction":[{"@type":"SearchAction","target":{"@type":"EntryPoint","urlTemplate":"https:\/\/www.lifenatura.com\/es\/?s={search_term_string}"},"query-input":{"@type":"PropertyValueSpecification","valueRequired":true,"valueName":"search_term_string"}}],"inLanguage":"es"},{"@type":"Organization","@id":"https:\/\/www.lifenatura.com\/es\/#organization","name":"Lifenatura","url":"https:\/\/www.lifenatura.com\/es\/","logo":{"@type":"ImageObject","inLanguage":"es","@id":"https:\/\/www.lifenatura.com\/es\/#\/schema\/logo\/image\/","url":"https:\/\/www.lifenatura.com\/wp-content\/uploads\/2021\/07\/logo.png","contentUrl":"https:\/\/www.lifenatura.com\/wp-content\/uploads\/2021\/07\/logo.png","width":175,"height":55,"caption":"Lifenatura"},"image":{"@id":"https:\/\/www.lifenatura.com\/es\/#\/schema\/logo\/image\/"},"sameAs":["https:\/\/www.facebook.com\/lifenatura","https:\/\/www.instagram.com\/lifenaturapt\/"],"hasMerchantReturnPolicy":{"@type":"MerchantReturnPolicy","merchantReturnLink":"https:\/\/www.lifenatura.com\/termos-condicoes-lifenatura\/"}}]},"product_price_amount":"3.87","product_price_currency":"EUR","og_availability":"instock","product_availability":"instock","product_retailer_item_id":"8426633000507","product_condition":"new"},"df_price":3.87,"df_sale_price":"","df_regular_price":3.87,"df_image_link":"https:\/\/www.lifenatura.com\/wp-content\/uploads\/2024\/10\/lentilha-vermelha-bio-eco-salim-300x300.jpg","_links":{"self":[{"href":"https:\/\/www.lifenatura.com\/es\/wp-json\/wp\/v2\/product\/101391","targetHints":{"allow":["GET"]}}],"collection":[{"href":"https:\/\/www.lifenatura.com\/es\/wp-json\/wp\/v2\/product"}],"about":[{"href":"https:\/\/www.lifenatura.com\/es\/wp-json\/wp\/v2\/types\/product"}],"wp:featuredmedia":[{"embeddable":true,"href":"https:\/\/www.lifenatura.com\/es\/wp-json\/wp\/v2\/media\/101037"}],"wp:attachment":[{"href":"https:\/\/www.lifenatura.com\/es\/wp-json\/wp\/v2\/media?parent=101391"}],"wp:term":[{"taxonomy":"product_brand","embeddable":true,"href":"https:\/\/www.lifenatura.com\/es\/wp-json\/wp\/v2\/product_brand?post=101391"},{"taxonomy":"product_cat","embeddable":true,"href":"https:\/\/www.lifenatura.com\/es\/wp-json\/wp\/v2\/product_cat?post=101391"},{"taxonomy":"product_tag","embeddable":true,"href":"https:\/\/www.lifenatura.com\/es\/wp-json\/wp\/v2\/product_tag?post=101391"}],"curies":[{"name":"wp","href":"https:\/\/api.w.org\/{rel}","templated":true}]}}