{"id":101390,"date":"2024-10-25T17:08:15","date_gmt":"2024-10-25T17:08:15","guid":{"rendered":"https:\/\/www.lifenatura.com\/produto\/levadura-de-cerveza-400mg-500-comprimidos-el-granero\/"},"modified":"2024-11-14T15:20:49","modified_gmt":"2024-11-14T15:20:49","slug":"levadura-de-cerveza-400mg-500-comprimidos-el-granero","status":"publish","type":"product","link":"https:\/\/www.lifenatura.com\/es\/produto\/levadura-de-cerveza-400mg-500-comprimidos-el-granero\/","title":{"rendered":"Levadura de cerveza 400mg 500 comprimidos &#8211; El Granero"},"content":{"rendered":"<h2><strong>La Levadura de Cerveza El Granero nutre la piel, el cabello y las u\u00f1as<\/strong><\/h2>\n<p>&nbsp;<\/p>\n<p><strong>La levadura de cerveza en comprimidos de la marca El Granero<\/strong> es un complemento alimenticio pr\u00e1ctico y f\u00e1cil de tomar, dise\u00f1ado para aportar nutrientes esenciales de forma c\u00f3moda y r\u00e1pida. Esta levadura es conocida por su rico perfil nutricional, que contiene vitaminas del grupo B, prote\u00ednas, fibras y minerales que contribuyen al equilibrio del organismo y al bienestar general.<\/p>\n<p>Cada comprimido ofrece una dosis equilibrada de prote\u00ednas vegetales de f\u00e1cil absorci\u00f3n, as\u00ed como vitaminas B1, B2, B3, B5 y B6, que ayudan a transformar los alimentos en energ\u00eda, favoreciendo el metabolismo y apoyando el sistema nervioso.<\/p>\n<p>La levadura de cerveza tambi\u00e9n contiene minerales esenciales como el zinc y el selenio, reconocidos por su papel en el mantenimiento de una piel, cabello y u\u00f1as sanos. Tambi\u00e9n es una gran fuente de fibra, que contribuye a una digesti\u00f3n equilibrada y a la salud intestinal.<\/p>\n<h4>Principales beneficios de la levadura de cerveza:<\/h4>\n<ul>\n<li><strong>Practicidad y comodidad:<\/strong> En formato tableta, es f\u00e1cil de tomar todos los d\u00edas, ideal para una rutina ajetreada.<\/li>\n<li><strong>Rico en vitaminas y minerales esenciales:<\/strong> refuerza el sistema inmunitario y contribuye a la salud de la piel y el cabello.<\/li>\n<li><strong>Fuente de prote\u00ednas y fibra natural:<\/strong> favorece la saciedad y el equilibrio digestivo.<\/li>\n<\/ul>\n<h4>Adecuado para:<\/h4>\n<p>Este suplemento es adecuado para adultos y adolescentes que deseen reforzar su dieta con un suplemento natural, sin necesidad de mezclas ni preparados. Es ideal para veganos, vegetarianos y cualquiera que desee reforzar su salud con nutrientes esenciales.<\/p>\n<p><strong>PRESENTACI\u00d3N<\/strong><\/p>\n<p>500 comprimidos<\/p>\n<p>&nbsp;<\/p>\n","protected":false},"excerpt":{"rendered":"<p>Los comprimidos de levadura de cerveza son un suplemento completo y pr\u00e1ctico con vitaminas del grupo B, prote\u00ednas y minerales. Ideales para el bienestar y la vitalidad diarios. [&#8230;]<\/p>\n<p><a class=\"btn btn-secondary understrap-read-more-link\" href=\"https:\/\/www.lifenatura.com\/es\/produto\/levadura-de-cerveza-400mg-500-comprimidos-el-granero\/\">Leer m\u00e1s&#8230;<span class=\"screen-reader-text\"> from Levadura de cerveza 400mg 500 comprimidos &#8211; El Granero<\/span><\/a><\/p>\n","protected":false},"featured_media":101060,"template":"","meta":{"_acf_changed":false},"product_brand":[8494],"product_cat":[7659,7166,7237,7179],"product_tag":[],"class_list":{"0":"post-101390","1":"product","2":"type-product","3":"status-publish","4":"has-post-thumbnail","6":"product_brand-el-granero","7":"product_cat-ingrediente-natural-bio","8":"product_cat-levadura-de-cerveza","9":"product_cat-pelo-unas","10":"product_cat-salud","12":"first","13":"instock","14":"shipping-taxable","15":"purchasable","16":"product-type-simple","17":"add-to-wishlist-before_image"},"acf":[],"yoast_head":"<!-- This site is optimized with the Yoast SEO Premium plugin v27.1 (Yoast SEO v27.5) - https:\/\/yoast.com\/product\/yoast-seo-premium-wordpress\/ -->\n<title>Levadura de cerveza 400mg 500 comprimidos - El Granero - Na Lifenatura ao Melhor Pre\u00e7o | Envio em 48h<\/title>\n<meta name=\"description\" content=\"Levadura de cerveza son un suplemento completo con vitaminas del grupo B, prote\u00ednas y minerales. Ideales para el bienestar y la vitalidad diarios.\" \/>\n<meta name=\"robots\" content=\"index, follow, max-snippet:-1, max-image-preview:large, max-video-preview:-1\" \/>\n<link rel=\"canonical\" href=\"https:\/\/www.lifenatura.com\/es\/produto\/levadura-de-cerveza-400mg-500-comprimidos-el-granero\/\" \/>\n<meta property=\"og:locale\" content=\"es_ES\" \/>\n<meta property=\"og:type\" content=\"article\" \/>\n<meta property=\"og:title\" content=\"Levadura de cerveza 400mg 500 comprimidos - El Granero - Na Lifenatura ao Melhor Pre\u00e7o | Envio 48h\" \/>\n<meta property=\"og:description\" content=\"Compre Levadura de cerveza 400mg 500 comprimidos - El Granero com envio r\u00e1pido. Entrega em 48h e portes gr\u00e1tis em compras &gt;35\u20ac. Aproveite j\u00e1 na Lifenatura\" \/>\n<meta property=\"og:url\" content=\"https:\/\/www.lifenatura.com\/es\/produto\/levadura-de-cerveza-400mg-500-comprimidos-el-granero\/\" \/>\n<meta property=\"og:site_name\" content=\"Lifenatura\" \/>\n<meta property=\"article:publisher\" content=\"https:\/\/www.facebook.com\/lifenatura\" \/>\n<meta property=\"article:modified_time\" content=\"2024-11-14T15:20:49+00:00\" \/>\n<meta property=\"og:image\" content=\"https:\/\/www.lifenatura.com\/wp-content\/uploads\/2024\/10\/levedura-cerveja-400mg-el-granero.jpg\" \/>\n\t<meta property=\"og:image:width\" content=\"1000\" \/>\n\t<meta property=\"og:image:height\" content=\"1000\" \/>\n\t<meta property=\"og:image:type\" content=\"image\/jpeg\" \/>\n<meta name=\"twitter:card\" content=\"summary_large_image\" \/>\n<meta name=\"twitter:label1\" content=\"Precio\" \/>\n\t<meta name=\"twitter:data1\" content=\"11,58&nbsp;&euro;\" \/>\n\t<meta name=\"twitter:label2\" content=\"Disponibilidad\" \/>\n\t<meta name=\"twitter:data2\" content=\"Disponible\" \/>\n<script type=\"application\/ld+json\" class=\"yoast-schema-graph\">{\"@context\":\"https:\\\/\\\/schema.org\",\"@graph\":[{\"@type\":\"WebPage\",\"@id\":\"https:\\\/\\\/www.lifenatura.com\\\/es\\\/produto\\\/levadura-de-cerveza-400mg-500-comprimidos-el-granero\\\/\",\"url\":\"https:\\\/\\\/www.lifenatura.com\\\/es\\\/produto\\\/levadura-de-cerveza-400mg-500-comprimidos-el-granero\\\/\",\"name\":\"Levadura de cerveza 400mg 500 comprimidos - El Granero - Na Lifenatura ao Melhor Pre\u00e7o | Envio em 48h\",\"isPartOf\":{\"@id\":\"https:\\\/\\\/www.lifenatura.com\\\/es\\\/#website\"},\"primaryImageOfPage\":{\"@id\":\"https:\\\/\\\/www.lifenatura.com\\\/es\\\/produto\\\/levadura-de-cerveza-400mg-500-comprimidos-el-granero\\\/#primaryimage\"},\"image\":{\"@id\":\"https:\\\/\\\/www.lifenatura.com\\\/es\\\/produto\\\/levadura-de-cerveza-400mg-500-comprimidos-el-granero\\\/#primaryimage\"},\"thumbnailUrl\":\"https:\\\/\\\/www.lifenatura.com\\\/wp-content\\\/uploads\\\/2024\\\/10\\\/levedura-cerveja-400mg-el-granero.jpg\",\"datePublished\":\"2024-10-25T17:08:15+00:00\",\"dateModified\":\"2024-11-14T15:20:49+00:00\",\"description\":\"Levadura de cerveza son un suplemento completo con vitaminas del grupo B, prote\u00ednas y minerales. Ideales para el bienestar y la vitalidad diarios.\",\"breadcrumb\":{\"@id\":\"https:\\\/\\\/www.lifenatura.com\\\/es\\\/produto\\\/levadura-de-cerveza-400mg-500-comprimidos-el-granero\\\/#breadcrumb\"},\"inLanguage\":\"es\",\"potentialAction\":[{\"@type\":\"ReadAction\",\"target\":[\"https:\\\/\\\/www.lifenatura.com\\\/es\\\/produto\\\/levadura-de-cerveza-400mg-500-comprimidos-el-granero\\\/\"]}]},{\"@type\":\"ImageObject\",\"inLanguage\":\"es\",\"@id\":\"https:\\\/\\\/www.lifenatura.com\\\/es\\\/produto\\\/levadura-de-cerveza-400mg-500-comprimidos-el-granero\\\/#primaryimage\",\"url\":\"https:\\\/\\\/www.lifenatura.com\\\/wp-content\\\/uploads\\\/2024\\\/10\\\/levedura-cerveja-400mg-el-granero.jpg\",\"contentUrl\":\"https:\\\/\\\/www.lifenatura.com\\\/wp-content\\\/uploads\\\/2024\\\/10\\\/levedura-cerveja-400mg-el-granero.jpg\",\"width\":1000,\"height\":1000,\"caption\":\"Captura de pantalla\"},{\"@type\":\"BreadcrumbList\",\"@id\":\"https:\\\/\\\/www.lifenatura.com\\\/es\\\/produto\\\/levadura-de-cerveza-400mg-500-comprimidos-el-granero\\\/#breadcrumb\",\"itemListElement\":[{\"@type\":\"ListItem\",\"position\":1,\"name\":\"In\u00edcio\",\"item\":\"https:\\\/\\\/www.lifenatura.com\\\/es\\\/\"},{\"@type\":\"ListItem\",\"position\":2,\"name\":\"Todos los Productos\",\"item\":\"https:\\\/\\\/www.lifenatura.com\\\/es\\\/tienda\\\/\"},{\"@type\":\"ListItem\",\"position\":3,\"name\":\"Levadura de cerveza 400mg 500 comprimidos &#8211; El Granero\"}]},{\"@type\":\"WebSite\",\"@id\":\"https:\\\/\\\/www.lifenatura.com\\\/es\\\/#website\",\"url\":\"https:\\\/\\\/www.lifenatura.com\\\/es\\\/\",\"name\":\"Lifenatura\",\"description\":\"A Lifenatura \u00e9 uma loja de produtos naturais, cosm\u00e9tica natural e alimenta\u00e7\u00e3o Biol\u00f3gica.\",\"publisher\":{\"@id\":\"https:\\\/\\\/www.lifenatura.com\\\/es\\\/#organization\"},\"potentialAction\":[{\"@type\":\"SearchAction\",\"target\":{\"@type\":\"EntryPoint\",\"urlTemplate\":\"https:\\\/\\\/www.lifenatura.com\\\/es\\\/?s={search_term_string}\"},\"query-input\":{\"@type\":\"PropertyValueSpecification\",\"valueRequired\":true,\"valueName\":\"search_term_string\"}}],\"inLanguage\":\"es\"},{\"@type\":\"Organization\",\"@id\":\"https:\\\/\\\/www.lifenatura.com\\\/es\\\/#organization\",\"name\":\"Lifenatura\",\"url\":\"https:\\\/\\\/www.lifenatura.com\\\/es\\\/\",\"logo\":{\"@type\":\"ImageObject\",\"inLanguage\":\"es\",\"@id\":\"https:\\\/\\\/www.lifenatura.com\\\/es\\\/#\\\/schema\\\/logo\\\/image\\\/\",\"url\":\"https:\\\/\\\/www.lifenatura.com\\\/wp-content\\\/uploads\\\/2021\\\/07\\\/logo.png\",\"contentUrl\":\"https:\\\/\\\/www.lifenatura.com\\\/wp-content\\\/uploads\\\/2021\\\/07\\\/logo.png\",\"width\":175,\"height\":55,\"caption\":\"Lifenatura\"},\"image\":{\"@id\":\"https:\\\/\\\/www.lifenatura.com\\\/es\\\/#\\\/schema\\\/logo\\\/image\\\/\"},\"sameAs\":[\"https:\\\/\\\/www.facebook.com\\\/lifenatura\",\"https:\\\/\\\/www.instagram.com\\\/lifenaturapt\\\/\"],\"hasMerchantReturnPolicy\":{\"@type\":\"MerchantReturnPolicy\",\"merchantReturnLink\":\"https:\\\/\\\/www.lifenatura.com\\\/termos-condicoes-lifenatura\\\/\"}}]}<\/script>\n<meta property=\"product:price:amount\" content=\"11.58\" \/>\n<meta property=\"product:price:currency\" content=\"EUR\" \/>\n<meta property=\"og:availability\" content=\"instock\" \/>\n<meta property=\"product:availability\" content=\"instock\" \/>\n<meta property=\"product:retailer_item_id\" content=\"8422584031058\" \/>\n<meta property=\"product:condition\" content=\"new\" \/>\n<!-- \/ Yoast SEO Premium plugin. -->","yoast_head_json":{"title":"Levadura de cerveza 400mg 500 comprimidos - El Granero - Na Lifenatura ao Melhor Pre\u00e7o | Envio em 48h","description":"Levadura de cerveza son un suplemento completo con vitaminas del grupo B, prote\u00ednas y minerales. Ideales para el bienestar y la vitalidad diarios.","robots":{"index":"index","follow":"follow","max-snippet":"max-snippet:-1","max-image-preview":"max-image-preview:large","max-video-preview":"max-video-preview:-1"},"canonical":"https:\/\/www.lifenatura.com\/es\/produto\/levadura-de-cerveza-400mg-500-comprimidos-el-granero\/","og_locale":"es_ES","og_type":"article","og_title":"Levadura de cerveza 400mg 500 comprimidos - El Granero - Na Lifenatura ao Melhor Pre\u00e7o | Envio 48h","og_description":"Compre Levadura de cerveza 400mg 500 comprimidos - El Granero com envio r\u00e1pido. Entrega em 48h e portes gr\u00e1tis em compras >35\u20ac. Aproveite j\u00e1 na Lifenatura","og_url":"https:\/\/www.lifenatura.com\/es\/produto\/levadura-de-cerveza-400mg-500-comprimidos-el-granero\/","og_site_name":"Lifenatura","article_publisher":"https:\/\/www.facebook.com\/lifenatura","article_modified_time":"2024-11-14T15:20:49+00:00","og_image":[{"width":1000,"height":1000,"url":"https:\/\/www.lifenatura.com\/wp-content\/uploads\/2024\/10\/levedura-cerveja-400mg-el-granero.jpg","type":"image\/jpeg"}],"twitter_card":"summary_large_image","twitter_misc":{"Precio":"11,58&nbsp;&euro;","Disponibilidad":"Disponible"},"schema":{"@context":"https:\/\/schema.org","@graph":[{"@type":"WebPage","@id":"https:\/\/www.lifenatura.com\/es\/produto\/levadura-de-cerveza-400mg-500-comprimidos-el-granero\/","url":"https:\/\/www.lifenatura.com\/es\/produto\/levadura-de-cerveza-400mg-500-comprimidos-el-granero\/","name":"Levadura de cerveza 400mg 500 comprimidos - El Granero - Na Lifenatura ao Melhor Pre\u00e7o | Envio em 48h","isPartOf":{"@id":"https:\/\/www.lifenatura.com\/es\/#website"},"primaryImageOfPage":{"@id":"https:\/\/www.lifenatura.com\/es\/produto\/levadura-de-cerveza-400mg-500-comprimidos-el-granero\/#primaryimage"},"image":{"@id":"https:\/\/www.lifenatura.com\/es\/produto\/levadura-de-cerveza-400mg-500-comprimidos-el-granero\/#primaryimage"},"thumbnailUrl":"https:\/\/www.lifenatura.com\/wp-content\/uploads\/2024\/10\/levedura-cerveja-400mg-el-granero.jpg","datePublished":"2024-10-25T17:08:15+00:00","dateModified":"2024-11-14T15:20:49+00:00","description":"Levadura de cerveza son un suplemento completo con vitaminas del grupo B, prote\u00ednas y minerales. Ideales para el bienestar y la vitalidad diarios.","breadcrumb":{"@id":"https:\/\/www.lifenatura.com\/es\/produto\/levadura-de-cerveza-400mg-500-comprimidos-el-granero\/#breadcrumb"},"inLanguage":"es","potentialAction":[{"@type":"ReadAction","target":["https:\/\/www.lifenatura.com\/es\/produto\/levadura-de-cerveza-400mg-500-comprimidos-el-granero\/"]}]},{"@type":"ImageObject","inLanguage":"es","@id":"https:\/\/www.lifenatura.com\/es\/produto\/levadura-de-cerveza-400mg-500-comprimidos-el-granero\/#primaryimage","url":"https:\/\/www.lifenatura.com\/wp-content\/uploads\/2024\/10\/levedura-cerveja-400mg-el-granero.jpg","contentUrl":"https:\/\/www.lifenatura.com\/wp-content\/uploads\/2024\/10\/levedura-cerveja-400mg-el-granero.jpg","width":1000,"height":1000,"caption":"Captura de pantalla"},{"@type":"BreadcrumbList","@id":"https:\/\/www.lifenatura.com\/es\/produto\/levadura-de-cerveza-400mg-500-comprimidos-el-granero\/#breadcrumb","itemListElement":[{"@type":"ListItem","position":1,"name":"In\u00edcio","item":"https:\/\/www.lifenatura.com\/es\/"},{"@type":"ListItem","position":2,"name":"Todos los Productos","item":"https:\/\/www.lifenatura.com\/es\/tienda\/"},{"@type":"ListItem","position":3,"name":"Levadura de cerveza 400mg 500 comprimidos &#8211; El Granero"}]},{"@type":"WebSite","@id":"https:\/\/www.lifenatura.com\/es\/#website","url":"https:\/\/www.lifenatura.com\/es\/","name":"Lifenatura","description":"A Lifenatura \u00e9 uma loja de produtos naturais, cosm\u00e9tica natural e alimenta\u00e7\u00e3o Biol\u00f3gica.","publisher":{"@id":"https:\/\/www.lifenatura.com\/es\/#organization"},"potentialAction":[{"@type":"SearchAction","target":{"@type":"EntryPoint","urlTemplate":"https:\/\/www.lifenatura.com\/es\/?s={search_term_string}"},"query-input":{"@type":"PropertyValueSpecification","valueRequired":true,"valueName":"search_term_string"}}],"inLanguage":"es"},{"@type":"Organization","@id":"https:\/\/www.lifenatura.com\/es\/#organization","name":"Lifenatura","url":"https:\/\/www.lifenatura.com\/es\/","logo":{"@type":"ImageObject","inLanguage":"es","@id":"https:\/\/www.lifenatura.com\/es\/#\/schema\/logo\/image\/","url":"https:\/\/www.lifenatura.com\/wp-content\/uploads\/2021\/07\/logo.png","contentUrl":"https:\/\/www.lifenatura.com\/wp-content\/uploads\/2021\/07\/logo.png","width":175,"height":55,"caption":"Lifenatura"},"image":{"@id":"https:\/\/www.lifenatura.com\/es\/#\/schema\/logo\/image\/"},"sameAs":["https:\/\/www.facebook.com\/lifenatura","https:\/\/www.instagram.com\/lifenaturapt\/"],"hasMerchantReturnPolicy":{"@type":"MerchantReturnPolicy","merchantReturnLink":"https:\/\/www.lifenatura.com\/termos-condicoes-lifenatura\/"}}]},"product_price_amount":"11.58","product_price_currency":"EUR","og_availability":"instock","product_availability":"instock","product_retailer_item_id":"8422584031058","product_condition":"new"},"df_price":11.58,"df_sale_price":"","df_regular_price":11.58,"df_image_link":"https:\/\/www.lifenatura.com\/wp-content\/uploads\/2024\/10\/levedura-cerveja-400mg-el-granero-300x300.jpg","_links":{"self":[{"href":"https:\/\/www.lifenatura.com\/es\/wp-json\/wp\/v2\/product\/101390","targetHints":{"allow":["GET"]}}],"collection":[{"href":"https:\/\/www.lifenatura.com\/es\/wp-json\/wp\/v2\/product"}],"about":[{"href":"https:\/\/www.lifenatura.com\/es\/wp-json\/wp\/v2\/types\/product"}],"wp:featuredmedia":[{"embeddable":true,"href":"https:\/\/www.lifenatura.com\/es\/wp-json\/wp\/v2\/media\/101060"}],"wp:attachment":[{"href":"https:\/\/www.lifenatura.com\/es\/wp-json\/wp\/v2\/media?parent=101390"}],"wp:term":[{"taxonomy":"product_brand","embeddable":true,"href":"https:\/\/www.lifenatura.com\/es\/wp-json\/wp\/v2\/product_brand?post=101390"},{"taxonomy":"product_cat","embeddable":true,"href":"https:\/\/www.lifenatura.com\/es\/wp-json\/wp\/v2\/product_cat?post=101390"},{"taxonomy":"product_tag","embeddable":true,"href":"https:\/\/www.lifenatura.com\/es\/wp-json\/wp\/v2\/product_tag?post=101390"}],"curies":[{"name":"wp","href":"https:\/\/api.w.org\/{rel}","templated":true}]}}