{"id":101379,"date":"2024-10-29T11:35:04","date_gmt":"2024-10-29T11:35:04","guid":{"rendered":"https:\/\/www.lifenatura.com\/produto\/mantequilla-ghee-de-ternera-ecologica-450-g-vegetalia\/"},"modified":"2024-11-10T22:21:21","modified_gmt":"2024-11-10T22:21:21","slug":"mantequilla-ghee-de-ternera-ecologica-450-g-vegetalia","status":"publish","type":"product","link":"https:\/\/www.lifenatura.com\/es\/produto\/mantequilla-ghee-de-ternera-ecologica-450-g-vegetalia\/","title":{"rendered":"Mantequilla ghee de ternera ecol\u00f3gica 450 g &#8211; Vegetalia"},"content":{"rendered":"<h2><strong>Ghee mantequilla clarificada, una grasa saludable<\/strong><\/h2>\n<p>&nbsp;<\/p>\n<p><strong>La Mantequilla Ghee de Vaca de Vegetalia<\/strong> es un producto tradicional, muy utilizado en la medicina ayurv\u00e9dica y conocido por sus propiedades puras y sus beneficios \u00fanicos para la salud. Esta mantequilla clarificada se obtiene mediante un proceso artesanal de eliminaci\u00f3n de impurezas y lactosa, que da como resultado un producto con un alto contenido en \u00e1cidos grasos saludables, sin lactosa y con un sabor rico y suave.<\/p>\n<p>Vegetalia, reconocida por su compromiso con los productos de calidad, garantiza un ghee de pureza excepcional, adecuado para cocinar a altas temperaturas y para enriquecer recetas con un toque tradicional. La mantequilla ghee es conocida por su estabilidad a altas temperaturas, lo que la convierte en una alternativa saludable para cocinar, asar u hornear.<\/p>\n<p>Rica en vitaminas A, D, E y K, esta mantequilla ayuda a fortalecer el sistema inmunitario y contribuye a la salud de la vista, la piel y los huesos. Tambi\u00e9n contiene butirato, un \u00e1cido graso que facilita la digesti\u00f3n y reduce la inflamaci\u00f3n intestinal, favoreciendo el equilibrio digestivo.<\/p>\n<h4>Principales ventajas:<\/h4>\n<ul>\n<li><strong>Estabilidad a altas temperaturas:<\/strong> Ideal para cocinar, mantiene su composici\u00f3n saludable incluso a altas temperaturas.<\/li>\n<li><strong>Rico en vitaminas esenciales:<\/strong> A, D, E y K, fundamentales para el bienestar general.<\/li>\n<li><strong>Ayuda digestiva:<\/strong> Contiene butirato, que favorece la salud intestinal y digestiva.<\/li>\n<\/ul>\n<h4>Adecuado para:<\/h4>\n<p>La Mantequilla Vegetalia Beef Ghee es ideal para quienes buscan alternativas saludables a la mantequilla convencional, especialmente indicada para las personas intolerantes a la lactosa y para quienes desean mejorar su salud digestiva sin renunciar al aut\u00e9ntico sabor.<\/p>\n<p><strong>PRESENTACI\u00d3N<\/strong><\/p>\n<p>450g<\/p>\n<p>&nbsp;<\/p>\n","protected":false},"excerpt":{"rendered":"<p>La Mantequilla Vegetalia Beef Ghee es ideal para quienes buscan alternativas sanas a la mantequilla convencional, ricas en nutrientes esenciales. [&#8230;]<\/p>\n<p><a class=\"btn btn-secondary understrap-read-more-link\" href=\"https:\/\/www.lifenatura.com\/es\/produto\/mantequilla-ghee-de-ternera-ecologica-450-g-vegetalia\/\">Leer m\u00e1s&#8230;<span class=\"screen-reader-text\"> from Mantequilla ghee de ternera ecol\u00f3gica 450 g &#8211; Vegetalia<\/span><\/a><\/p>\n","protected":false},"featured_media":101289,"template":"","meta":{"_acf_changed":false},"product_brand":[8388],"product_cat":[7064,7091,7074],"product_tag":[],"class_list":{"0":"post-101379","1":"product","2":"type-product","3":"status-publish","4":"has-post-thumbnail","6":"product_brand-vegetalia","7":"product_cat-alimentacion-sana","8":"product_cat-mantequillas","9":"product_cat-productos-alimenticios","10":"pa_caracteristicas-biologico","11":"pa_caracteristicas-vegetariano","13":"first","14":"instock","15":"shipping-taxable","16":"purchasable","17":"product-type-simple","18":"add-to-wishlist-before_image"},"acf":[],"yoast_head":"<!-- This site is optimized with the Yoast SEO Premium plugin v27.1 (Yoast SEO v27.5) - https:\/\/yoast.com\/product\/yoast-seo-premium-wordpress\/ -->\n<title>Mantequilla ghee de ternera ecol\u00f3gica 450 g - Vegetalia - Na Lifenatura ao Melhor Pre\u00e7o | Envio em 48h<\/title>\n<meta name=\"description\" content=\"La Mantequilla Vegetalia Beef Ghee es ideal para quienes buscan alternativas sanas a la mantequilla convencional, ricas en nutrientes esenciales.\" \/>\n<meta name=\"robots\" content=\"index, follow, max-snippet:-1, max-image-preview:large, max-video-preview:-1\" \/>\n<link rel=\"canonical\" href=\"https:\/\/www.lifenatura.com\/es\/produto\/mantequilla-ghee-de-ternera-ecologica-450-g-vegetalia\/\" \/>\n<meta property=\"og:locale\" content=\"es_ES\" \/>\n<meta property=\"og:type\" content=\"article\" \/>\n<meta property=\"og:title\" content=\"Mantequilla ghee de ternera ecol\u00f3gica 450 g - Vegetalia - Na Lifenatura ao Melhor Pre\u00e7o | Envio 48h\" \/>\n<meta property=\"og:description\" content=\"Compre Mantequilla ghee de ternera ecol\u00f3gica 450 g - Vegetalia com envio r\u00e1pido. Entrega em 48h e portes gr\u00e1tis em compras &gt;35\u20ac. Aproveite j\u00e1 na Lifenatura\" \/>\n<meta property=\"og:url\" content=\"https:\/\/www.lifenatura.com\/es\/produto\/mantequilla-ghee-de-ternera-ecologica-450-g-vegetalia\/\" \/>\n<meta property=\"og:site_name\" content=\"Lifenatura\" \/>\n<meta property=\"article:publisher\" content=\"https:\/\/www.facebook.com\/lifenatura\" \/>\n<meta property=\"article:modified_time\" content=\"2024-11-10T22:21:21+00:00\" \/>\n<meta property=\"og:image\" content=\"https:\/\/www.lifenatura.com\/wp-content\/uploads\/2024\/10\/manteiga-ghee-450g-vegetalia.jpg\" \/>\n\t<meta property=\"og:image:width\" content=\"1000\" \/>\n\t<meta property=\"og:image:height\" content=\"1000\" \/>\n\t<meta property=\"og:image:type\" content=\"image\/jpeg\" \/>\n<meta name=\"twitter:card\" content=\"summary_large_image\" \/>\n<meta name=\"twitter:label1\" content=\"Precio\" \/>\n\t<meta name=\"twitter:data1\" content=\"18,53&nbsp;&euro;\" \/>\n\t<meta name=\"twitter:label2\" content=\"Disponibilidad\" \/>\n\t<meta name=\"twitter:data2\" content=\"Disponible\" \/>\n<script type=\"application\/ld+json\" class=\"yoast-schema-graph\">{\"@context\":\"https:\\\/\\\/schema.org\",\"@graph\":[{\"@type\":\"WebPage\",\"@id\":\"https:\\\/\\\/www.lifenatura.com\\\/es\\\/produto\\\/mantequilla-ghee-de-ternera-ecologica-450-g-vegetalia\\\/\",\"url\":\"https:\\\/\\\/www.lifenatura.com\\\/es\\\/produto\\\/mantequilla-ghee-de-ternera-ecologica-450-g-vegetalia\\\/\",\"name\":\"Mantequilla ghee de ternera ecol\u00f3gica 450 g - Vegetalia - Na Lifenatura ao Melhor Pre\u00e7o | Envio em 48h\",\"isPartOf\":{\"@id\":\"https:\\\/\\\/www.lifenatura.com\\\/es\\\/#website\"},\"primaryImageOfPage\":{\"@id\":\"https:\\\/\\\/www.lifenatura.com\\\/es\\\/produto\\\/mantequilla-ghee-de-ternera-ecologica-450-g-vegetalia\\\/#primaryimage\"},\"image\":{\"@id\":\"https:\\\/\\\/www.lifenatura.com\\\/es\\\/produto\\\/mantequilla-ghee-de-ternera-ecologica-450-g-vegetalia\\\/#primaryimage\"},\"thumbnailUrl\":\"https:\\\/\\\/www.lifenatura.com\\\/wp-content\\\/uploads\\\/2024\\\/10\\\/manteiga-ghee-450g-vegetalia.jpg\",\"datePublished\":\"2024-10-29T11:35:04+00:00\",\"dateModified\":\"2024-11-10T22:21:21+00:00\",\"description\":\"La Mantequilla Vegetalia Beef Ghee es ideal para quienes buscan alternativas sanas a la mantequilla convencional, ricas en nutrientes esenciales.\",\"breadcrumb\":{\"@id\":\"https:\\\/\\\/www.lifenatura.com\\\/es\\\/produto\\\/mantequilla-ghee-de-ternera-ecologica-450-g-vegetalia\\\/#breadcrumb\"},\"inLanguage\":\"es\",\"potentialAction\":[{\"@type\":\"ReadAction\",\"target\":[\"https:\\\/\\\/www.lifenatura.com\\\/es\\\/produto\\\/mantequilla-ghee-de-ternera-ecologica-450-g-vegetalia\\\/\"]}]},{\"@type\":\"ImageObject\",\"inLanguage\":\"es\",\"@id\":\"https:\\\/\\\/www.lifenatura.com\\\/es\\\/produto\\\/mantequilla-ghee-de-ternera-ecologica-450-g-vegetalia\\\/#primaryimage\",\"url\":\"https:\\\/\\\/www.lifenatura.com\\\/wp-content\\\/uploads\\\/2024\\\/10\\\/manteiga-ghee-450g-vegetalia.jpg\",\"contentUrl\":\"https:\\\/\\\/www.lifenatura.com\\\/wp-content\\\/uploads\\\/2024\\\/10\\\/manteiga-ghee-450g-vegetalia.jpg\",\"width\":1000,\"height\":1000,\"caption\":\"450 g de mantequilla ghee de vaca de la marca vegetalia\"},{\"@type\":\"BreadcrumbList\",\"@id\":\"https:\\\/\\\/www.lifenatura.com\\\/es\\\/produto\\\/mantequilla-ghee-de-ternera-ecologica-450-g-vegetalia\\\/#breadcrumb\",\"itemListElement\":[{\"@type\":\"ListItem\",\"position\":1,\"name\":\"In\u00edcio\",\"item\":\"https:\\\/\\\/www.lifenatura.com\\\/es\\\/\"},{\"@type\":\"ListItem\",\"position\":2,\"name\":\"Todos los Productos\",\"item\":\"https:\\\/\\\/www.lifenatura.com\\\/es\\\/tienda\\\/\"},{\"@type\":\"ListItem\",\"position\":3,\"name\":\"Mantequilla ghee de ternera ecol\u00f3gica 450 g &#8211; Vegetalia\"}]},{\"@type\":\"WebSite\",\"@id\":\"https:\\\/\\\/www.lifenatura.com\\\/es\\\/#website\",\"url\":\"https:\\\/\\\/www.lifenatura.com\\\/es\\\/\",\"name\":\"Lifenatura\",\"description\":\"A Lifenatura \u00e9 uma loja de produtos naturais, cosm\u00e9tica natural e alimenta\u00e7\u00e3o Biol\u00f3gica.\",\"publisher\":{\"@id\":\"https:\\\/\\\/www.lifenatura.com\\\/es\\\/#organization\"},\"potentialAction\":[{\"@type\":\"SearchAction\",\"target\":{\"@type\":\"EntryPoint\",\"urlTemplate\":\"https:\\\/\\\/www.lifenatura.com\\\/es\\\/?s={search_term_string}\"},\"query-input\":{\"@type\":\"PropertyValueSpecification\",\"valueRequired\":true,\"valueName\":\"search_term_string\"}}],\"inLanguage\":\"es\"},{\"@type\":\"Organization\",\"@id\":\"https:\\\/\\\/www.lifenatura.com\\\/es\\\/#organization\",\"name\":\"Lifenatura\",\"url\":\"https:\\\/\\\/www.lifenatura.com\\\/es\\\/\",\"logo\":{\"@type\":\"ImageObject\",\"inLanguage\":\"es\",\"@id\":\"https:\\\/\\\/www.lifenatura.com\\\/es\\\/#\\\/schema\\\/logo\\\/image\\\/\",\"url\":\"https:\\\/\\\/www.lifenatura.com\\\/wp-content\\\/uploads\\\/2021\\\/07\\\/logo.png\",\"contentUrl\":\"https:\\\/\\\/www.lifenatura.com\\\/wp-content\\\/uploads\\\/2021\\\/07\\\/logo.png\",\"width\":175,\"height\":55,\"caption\":\"Lifenatura\"},\"image\":{\"@id\":\"https:\\\/\\\/www.lifenatura.com\\\/es\\\/#\\\/schema\\\/logo\\\/image\\\/\"},\"sameAs\":[\"https:\\\/\\\/www.facebook.com\\\/lifenatura\",\"https:\\\/\\\/www.instagram.com\\\/lifenaturapt\\\/\"],\"hasMerchantReturnPolicy\":{\"@type\":\"MerchantReturnPolicy\",\"merchantReturnLink\":\"https:\\\/\\\/www.lifenatura.com\\\/termos-condicoes-lifenatura\\\/\"}}]}<\/script>\n<meta property=\"product:price:amount\" content=\"18.53\" \/>\n<meta property=\"product:price:currency\" content=\"EUR\" \/>\n<meta property=\"og:availability\" content=\"instock\" \/>\n<meta property=\"product:availability\" content=\"instock\" \/>\n<meta property=\"product:retailer_item_id\" content=\"8422791009123\" \/>\n<meta property=\"product:condition\" content=\"new\" \/>\n<!-- \/ Yoast SEO Premium plugin. -->","yoast_head_json":{"title":"Mantequilla ghee de ternera ecol\u00f3gica 450 g - Vegetalia - Na Lifenatura ao Melhor Pre\u00e7o | Envio em 48h","description":"La Mantequilla Vegetalia Beef Ghee es ideal para quienes buscan alternativas sanas a la mantequilla convencional, ricas en nutrientes esenciales.","robots":{"index":"index","follow":"follow","max-snippet":"max-snippet:-1","max-image-preview":"max-image-preview:large","max-video-preview":"max-video-preview:-1"},"canonical":"https:\/\/www.lifenatura.com\/es\/produto\/mantequilla-ghee-de-ternera-ecologica-450-g-vegetalia\/","og_locale":"es_ES","og_type":"article","og_title":"Mantequilla ghee de ternera ecol\u00f3gica 450 g - Vegetalia - Na Lifenatura ao Melhor Pre\u00e7o | Envio 48h","og_description":"Compre Mantequilla ghee de ternera ecol\u00f3gica 450 g - Vegetalia com envio r\u00e1pido. Entrega em 48h e portes gr\u00e1tis em compras >35\u20ac. Aproveite j\u00e1 na Lifenatura","og_url":"https:\/\/www.lifenatura.com\/es\/produto\/mantequilla-ghee-de-ternera-ecologica-450-g-vegetalia\/","og_site_name":"Lifenatura","article_publisher":"https:\/\/www.facebook.com\/lifenatura","article_modified_time":"2024-11-10T22:21:21+00:00","og_image":[{"width":1000,"height":1000,"url":"https:\/\/www.lifenatura.com\/wp-content\/uploads\/2024\/10\/manteiga-ghee-450g-vegetalia.jpg","type":"image\/jpeg"}],"twitter_card":"summary_large_image","twitter_misc":{"Precio":"18,53&nbsp;&euro;","Disponibilidad":"Disponible"},"schema":{"@context":"https:\/\/schema.org","@graph":[{"@type":"WebPage","@id":"https:\/\/www.lifenatura.com\/es\/produto\/mantequilla-ghee-de-ternera-ecologica-450-g-vegetalia\/","url":"https:\/\/www.lifenatura.com\/es\/produto\/mantequilla-ghee-de-ternera-ecologica-450-g-vegetalia\/","name":"Mantequilla ghee de ternera ecol\u00f3gica 450 g - Vegetalia - Na Lifenatura ao Melhor Pre\u00e7o | Envio em 48h","isPartOf":{"@id":"https:\/\/www.lifenatura.com\/es\/#website"},"primaryImageOfPage":{"@id":"https:\/\/www.lifenatura.com\/es\/produto\/mantequilla-ghee-de-ternera-ecologica-450-g-vegetalia\/#primaryimage"},"image":{"@id":"https:\/\/www.lifenatura.com\/es\/produto\/mantequilla-ghee-de-ternera-ecologica-450-g-vegetalia\/#primaryimage"},"thumbnailUrl":"https:\/\/www.lifenatura.com\/wp-content\/uploads\/2024\/10\/manteiga-ghee-450g-vegetalia.jpg","datePublished":"2024-10-29T11:35:04+00:00","dateModified":"2024-11-10T22:21:21+00:00","description":"La Mantequilla Vegetalia Beef Ghee es ideal para quienes buscan alternativas sanas a la mantequilla convencional, ricas en nutrientes esenciales.","breadcrumb":{"@id":"https:\/\/www.lifenatura.com\/es\/produto\/mantequilla-ghee-de-ternera-ecologica-450-g-vegetalia\/#breadcrumb"},"inLanguage":"es","potentialAction":[{"@type":"ReadAction","target":["https:\/\/www.lifenatura.com\/es\/produto\/mantequilla-ghee-de-ternera-ecologica-450-g-vegetalia\/"]}]},{"@type":"ImageObject","inLanguage":"es","@id":"https:\/\/www.lifenatura.com\/es\/produto\/mantequilla-ghee-de-ternera-ecologica-450-g-vegetalia\/#primaryimage","url":"https:\/\/www.lifenatura.com\/wp-content\/uploads\/2024\/10\/manteiga-ghee-450g-vegetalia.jpg","contentUrl":"https:\/\/www.lifenatura.com\/wp-content\/uploads\/2024\/10\/manteiga-ghee-450g-vegetalia.jpg","width":1000,"height":1000,"caption":"450 g de mantequilla ghee de vaca de la marca vegetalia"},{"@type":"BreadcrumbList","@id":"https:\/\/www.lifenatura.com\/es\/produto\/mantequilla-ghee-de-ternera-ecologica-450-g-vegetalia\/#breadcrumb","itemListElement":[{"@type":"ListItem","position":1,"name":"In\u00edcio","item":"https:\/\/www.lifenatura.com\/es\/"},{"@type":"ListItem","position":2,"name":"Todos los Productos","item":"https:\/\/www.lifenatura.com\/es\/tienda\/"},{"@type":"ListItem","position":3,"name":"Mantequilla ghee de ternera ecol\u00f3gica 450 g &#8211; Vegetalia"}]},{"@type":"WebSite","@id":"https:\/\/www.lifenatura.com\/es\/#website","url":"https:\/\/www.lifenatura.com\/es\/","name":"Lifenatura","description":"A Lifenatura \u00e9 uma loja de produtos naturais, cosm\u00e9tica natural e alimenta\u00e7\u00e3o Biol\u00f3gica.","publisher":{"@id":"https:\/\/www.lifenatura.com\/es\/#organization"},"potentialAction":[{"@type":"SearchAction","target":{"@type":"EntryPoint","urlTemplate":"https:\/\/www.lifenatura.com\/es\/?s={search_term_string}"},"query-input":{"@type":"PropertyValueSpecification","valueRequired":true,"valueName":"search_term_string"}}],"inLanguage":"es"},{"@type":"Organization","@id":"https:\/\/www.lifenatura.com\/es\/#organization","name":"Lifenatura","url":"https:\/\/www.lifenatura.com\/es\/","logo":{"@type":"ImageObject","inLanguage":"es","@id":"https:\/\/www.lifenatura.com\/es\/#\/schema\/logo\/image\/","url":"https:\/\/www.lifenatura.com\/wp-content\/uploads\/2021\/07\/logo.png","contentUrl":"https:\/\/www.lifenatura.com\/wp-content\/uploads\/2021\/07\/logo.png","width":175,"height":55,"caption":"Lifenatura"},"image":{"@id":"https:\/\/www.lifenatura.com\/es\/#\/schema\/logo\/image\/"},"sameAs":["https:\/\/www.facebook.com\/lifenatura","https:\/\/www.instagram.com\/lifenaturapt\/"],"hasMerchantReturnPolicy":{"@type":"MerchantReturnPolicy","merchantReturnLink":"https:\/\/www.lifenatura.com\/termos-condicoes-lifenatura\/"}}]},"product_price_amount":"18.53","product_price_currency":"EUR","og_availability":"instock","product_availability":"instock","product_retailer_item_id":"8422791009123","product_condition":"new"},"df_price":18.53,"df_sale_price":"","df_regular_price":18.53,"df_image_link":"https:\/\/www.lifenatura.com\/wp-content\/uploads\/2024\/10\/manteiga-ghee-450g-vegetalia-300x300.jpg","_links":{"self":[{"href":"https:\/\/www.lifenatura.com\/es\/wp-json\/wp\/v2\/product\/101379","targetHints":{"allow":["GET"]}}],"collection":[{"href":"https:\/\/www.lifenatura.com\/es\/wp-json\/wp\/v2\/product"}],"about":[{"href":"https:\/\/www.lifenatura.com\/es\/wp-json\/wp\/v2\/types\/product"}],"wp:featuredmedia":[{"embeddable":true,"href":"https:\/\/www.lifenatura.com\/es\/wp-json\/wp\/v2\/media\/101289"}],"wp:attachment":[{"href":"https:\/\/www.lifenatura.com\/es\/wp-json\/wp\/v2\/media?parent=101379"}],"wp:term":[{"taxonomy":"product_brand","embeddable":true,"href":"https:\/\/www.lifenatura.com\/es\/wp-json\/wp\/v2\/product_brand?post=101379"},{"taxonomy":"product_cat","embeddable":true,"href":"https:\/\/www.lifenatura.com\/es\/wp-json\/wp\/v2\/product_cat?post=101379"},{"taxonomy":"product_tag","embeddable":true,"href":"https:\/\/www.lifenatura.com\/es\/wp-json\/wp\/v2\/product_tag?post=101379"}],"curies":[{"name":"wp","href":"https:\/\/api.w.org\/{rel}","templated":true}]}}