{"id":101378,"date":"2024-10-29T14:09:44","date_gmt":"2024-10-29T14:09:44","guid":{"rendered":"https:\/\/www.lifenatura.com\/produto\/100-trigo-sarraceno-ecologico-magdalena-180g-biocop\/"},"modified":"2024-11-10T22:16:49","modified_gmt":"2024-11-10T22:16:49","slug":"100-trigo-sarraceno-ecologico-magdalena-180g-biocop","status":"publish","type":"product","link":"https:\/\/www.lifenatura.com\/es\/produto\/100-trigo-sarraceno-ecologico-magdalena-180g-biocop\/","title":{"rendered":"100% Trigo sarraceno ecol\u00f3gico Magdalena 180g &#8211; Biocop"},"content":{"rendered":"<h2 style=\"text-align: left;\"><strong>Magdalenas de trigo sarraceno biocop &#8211; Sabor aut\u00e9ntico y nutrici\u00f3n sana<\/strong><\/h2>\n<p>&nbsp;<\/p>\n<p>Las magdalenas <strong>de trigo sarraceno de Biocop<\/strong> son una deliciosa y nutritiva opci\u00f3n de reposter\u00eda elaborada con ingredientes ecol\u00f3gicos que pueden contener gluten debido a la contaminaci\u00f3n. Utilizando trigo sarraceno como base, estas magdalenas ofrecen un sabor \u00fanico y ligeramente dulce, ideal para el desayuno, la merienda o un momento de descanso.<\/p>\n<p>La textura suave y los ingredientes ligeros hacen de estas magdalenas una sabrosa elecci\u00f3n para toda la familia. Estas magdalenas se preparan con trigo sarraceno, un cereal naturalmente sin gluten conocido por su rico perfil nutricional, que incluye prote\u00ednas de alta calidad, fibra y minerales esenciales como el magnesio y el f\u00f3sforo.<\/p>\n<p>Adem\u00e1s, el trigo sarraceno tiene un \u00edndice gluc\u00e9mico bajo, lo que ayuda a mantener estables los niveles de energ\u00eda a lo largo del d\u00eda, lo que las convierte en una alternativa saludable a los productos convencionales. Sin aditivos artificiales ni conservantes, son una opci\u00f3n aut\u00e9ntica y equilibrada.<\/p>\n<h4>Principales ventajas:<\/h4>\n<ul>\n<li><strong>Rico en nutrientes:<\/strong> Contiene prote\u00ednas, fibra y minerales esenciales.<\/li>\n<li><strong>Bajo \u00edndice gluc\u00e9mico:<\/strong> Promueve la energ\u00eda sostenida y contribuye al control gluc\u00e9mico.<\/li>\n<\/ul>\n<h4>Adecuado para:<\/h4>\n<p>Ideal para quienes siguen una dieta sin gluten o buscan alternativas nutritivas a la reposter\u00eda tradicional, incluidos ni\u00f1os y adultos que valoran los alimentos naturales y ecol\u00f3gicos.<\/p>\n<p><strong>PRESENTACI\u00d3N<\/strong><\/p>\n<p>180g<\/p>\n<p>&nbsp;<\/p>\n","protected":false},"excerpt":{"rendered":"<p>Pasas de trigo sarraceno Biocop, ricas en nutrientes y con un \u00edndice gluc\u00e9mico bajo, ideales para quienes buscan una opci\u00f3n de reposter\u00eda sana. [&#8230;]<\/p>\n<p><a class=\"btn btn-secondary understrap-read-more-link\" href=\"https:\/\/www.lifenatura.com\/es\/produto\/100-trigo-sarraceno-ecologico-magdalena-180g-biocop\/\">Leer m\u00e1s&#8230;<span class=\"screen-reader-text\"> from 100% Trigo sarraceno ecol\u00f3gico Magdalena 180g &#8211; Biocop<\/span><\/a><\/p>\n","protected":false},"featured_media":101310,"template":"","meta":{"_acf_changed":false},"product_brand":[8363],"product_cat":[7064,7079,7659,7074,7791],"product_tag":[],"class_list":{"0":"post-101378","1":"product","2":"type-product","3":"status-publish","4":"has-post-thumbnail","6":"product_brand-biocop","7":"product_cat-alimentacion-sana","8":"product_cat-galletas","9":"product_cat-ingrediente-natural-bio","10":"product_cat-productos-alimenticios","11":"product_cat-trigo-sarraceno-es","12":"pa_caracteristicas-biologico","14":"first","15":"instock","16":"shipping-taxable","17":"purchasable","18":"product-type-simple","19":"add-to-wishlist-before_image"},"acf":[],"yoast_head":"<!-- This site is optimized with the Yoast SEO Premium plugin v27.1 (Yoast SEO v27.5) - https:\/\/yoast.com\/product\/yoast-seo-premium-wordpress\/ -->\n<title>100% Trigo sarraceno ecol\u00f3gico Magdalena 180g - Biocop - Na Lifenatura ao Melhor Pre\u00e7o | Envio em 48h<\/title>\n<meta name=\"description\" content=\"Compre 100% Trigo sarraceno ecol\u00f3gico Magdalena 180g - Biocop com envio r\u00e1pido. Entrega em 48h e portes gr\u00e1tis em compras &gt;35\u20ac. Aproveite j\u00e1 na Lifenatura\" \/>\n<meta name=\"robots\" content=\"index, follow, max-snippet:-1, max-image-preview:large, max-video-preview:-1\" \/>\n<link rel=\"canonical\" href=\"https:\/\/www.lifenatura.com\/es\/produto\/100-trigo-sarraceno-ecologico-magdalena-180g-biocop\/\" \/>\n<meta property=\"og:locale\" content=\"es_ES\" \/>\n<meta property=\"og:type\" content=\"article\" \/>\n<meta property=\"og:title\" content=\"100% Trigo sarraceno ecol\u00f3gico Magdalena 180g - Biocop - Na Lifenatura ao Melhor Pre\u00e7o | Envio 48h\" \/>\n<meta property=\"og:description\" content=\"Compre 100% Trigo sarraceno ecol\u00f3gico Magdalena 180g - Biocop com envio r\u00e1pido. Entrega em 48h e portes gr\u00e1tis em compras &gt;35\u20ac. Aproveite j\u00e1 na Lifenatura\" \/>\n<meta property=\"og:url\" content=\"https:\/\/www.lifenatura.com\/es\/produto\/100-trigo-sarraceno-ecologico-magdalena-180g-biocop\/\" \/>\n<meta property=\"og:site_name\" content=\"Lifenatura\" \/>\n<meta property=\"article:publisher\" content=\"https:\/\/www.facebook.com\/lifenatura\" \/>\n<meta property=\"article:modified_time\" content=\"2024-11-10T22:16:49+00:00\" \/>\n<meta property=\"og:image\" content=\"https:\/\/www.lifenatura.com\/wp-content\/uploads\/2024\/10\/madalenas-trigo-sarraceno-biocop.jpg\" \/>\n\t<meta property=\"og:image:width\" content=\"1000\" \/>\n\t<meta property=\"og:image:height\" content=\"1000\" \/>\n\t<meta property=\"og:image:type\" content=\"image\/jpeg\" \/>\n<meta name=\"twitter:card\" content=\"summary_large_image\" \/>\n<meta name=\"twitter:label1\" content=\"Precio\" \/>\n\t<meta name=\"twitter:data1\" content=\"4,48&nbsp;&euro;\" \/>\n\t<meta name=\"twitter:label2\" content=\"Disponibilidad\" \/>\n\t<meta name=\"twitter:data2\" content=\"Disponible\" \/>\n<script type=\"application\/ld+json\" class=\"yoast-schema-graph\">{\"@context\":\"https:\\\/\\\/schema.org\",\"@graph\":[{\"@type\":\"WebPage\",\"@id\":\"https:\\\/\\\/www.lifenatura.com\\\/es\\\/produto\\\/100-trigo-sarraceno-ecologico-magdalena-180g-biocop\\\/\",\"url\":\"https:\\\/\\\/www.lifenatura.com\\\/es\\\/produto\\\/100-trigo-sarraceno-ecologico-magdalena-180g-biocop\\\/\",\"name\":\"100% Trigo sarraceno ecol\u00f3gico Magdalena 180g - Biocop - Na Lifenatura ao Melhor Pre\u00e7o | Envio em 48h\",\"isPartOf\":{\"@id\":\"https:\\\/\\\/www.lifenatura.com\\\/es\\\/#website\"},\"primaryImageOfPage\":{\"@id\":\"https:\\\/\\\/www.lifenatura.com\\\/es\\\/produto\\\/100-trigo-sarraceno-ecologico-magdalena-180g-biocop\\\/#primaryimage\"},\"image\":{\"@id\":\"https:\\\/\\\/www.lifenatura.com\\\/es\\\/produto\\\/100-trigo-sarraceno-ecologico-magdalena-180g-biocop\\\/#primaryimage\"},\"thumbnailUrl\":\"https:\\\/\\\/www.lifenatura.com\\\/wp-content\\\/uploads\\\/2024\\\/10\\\/madalenas-trigo-sarraceno-biocop.jpg\",\"datePublished\":\"2024-10-29T14:09:44+00:00\",\"dateModified\":\"2024-11-10T22:16:49+00:00\",\"description\":\"Compre 100% Trigo sarraceno ecol\u00f3gico Magdalena 180g - Biocop com envio r\u00e1pido. Entrega em 48h e portes gr\u00e1tis em compras >35\u20ac. Aproveite j\u00e1 na Lifenatura\",\"breadcrumb\":{\"@id\":\"https:\\\/\\\/www.lifenatura.com\\\/es\\\/produto\\\/100-trigo-sarraceno-ecologico-magdalena-180g-biocop\\\/#breadcrumb\"},\"inLanguage\":\"es\",\"potentialAction\":[{\"@type\":\"ReadAction\",\"target\":[\"https:\\\/\\\/www.lifenatura.com\\\/es\\\/produto\\\/100-trigo-sarraceno-ecologico-magdalena-180g-biocop\\\/\"]}]},{\"@type\":\"ImageObject\",\"inLanguage\":\"es\",\"@id\":\"https:\\\/\\\/www.lifenatura.com\\\/es\\\/produto\\\/100-trigo-sarraceno-ecologico-magdalena-180g-biocop\\\/#primaryimage\",\"url\":\"https:\\\/\\\/www.lifenatura.com\\\/wp-content\\\/uploads\\\/2024\\\/10\\\/madalenas-trigo-sarraceno-biocop.jpg\",\"contentUrl\":\"https:\\\/\\\/www.lifenatura.com\\\/wp-content\\\/uploads\\\/2024\\\/10\\\/madalenas-trigo-sarraceno-biocop.jpg\",\"width\":1000,\"height\":1000,\"caption\":\"magdalenas de trigo sarraceno de la marca biocop\"},{\"@type\":\"BreadcrumbList\",\"@id\":\"https:\\\/\\\/www.lifenatura.com\\\/es\\\/produto\\\/100-trigo-sarraceno-ecologico-magdalena-180g-biocop\\\/#breadcrumb\",\"itemListElement\":[{\"@type\":\"ListItem\",\"position\":1,\"name\":\"In\u00edcio\",\"item\":\"https:\\\/\\\/www.lifenatura.com\\\/es\\\/\"},{\"@type\":\"ListItem\",\"position\":2,\"name\":\"Todos los Productos\",\"item\":\"https:\\\/\\\/www.lifenatura.com\\\/es\\\/tienda\\\/\"},{\"@type\":\"ListItem\",\"position\":3,\"name\":\"100% Trigo sarraceno ecol\u00f3gico Magdalena 180g &#8211; Biocop\"}]},{\"@type\":\"WebSite\",\"@id\":\"https:\\\/\\\/www.lifenatura.com\\\/es\\\/#website\",\"url\":\"https:\\\/\\\/www.lifenatura.com\\\/es\\\/\",\"name\":\"Lifenatura\",\"description\":\"A Lifenatura \u00e9 uma loja de produtos naturais, cosm\u00e9tica natural e alimenta\u00e7\u00e3o Biol\u00f3gica.\",\"publisher\":{\"@id\":\"https:\\\/\\\/www.lifenatura.com\\\/es\\\/#organization\"},\"potentialAction\":[{\"@type\":\"SearchAction\",\"target\":{\"@type\":\"EntryPoint\",\"urlTemplate\":\"https:\\\/\\\/www.lifenatura.com\\\/es\\\/?s={search_term_string}\"},\"query-input\":{\"@type\":\"PropertyValueSpecification\",\"valueRequired\":true,\"valueName\":\"search_term_string\"}}],\"inLanguage\":\"es\"},{\"@type\":\"Organization\",\"@id\":\"https:\\\/\\\/www.lifenatura.com\\\/es\\\/#organization\",\"name\":\"Lifenatura\",\"url\":\"https:\\\/\\\/www.lifenatura.com\\\/es\\\/\",\"logo\":{\"@type\":\"ImageObject\",\"inLanguage\":\"es\",\"@id\":\"https:\\\/\\\/www.lifenatura.com\\\/es\\\/#\\\/schema\\\/logo\\\/image\\\/\",\"url\":\"https:\\\/\\\/www.lifenatura.com\\\/wp-content\\\/uploads\\\/2021\\\/07\\\/logo.png\",\"contentUrl\":\"https:\\\/\\\/www.lifenatura.com\\\/wp-content\\\/uploads\\\/2021\\\/07\\\/logo.png\",\"width\":175,\"height\":55,\"caption\":\"Lifenatura\"},\"image\":{\"@id\":\"https:\\\/\\\/www.lifenatura.com\\\/es\\\/#\\\/schema\\\/logo\\\/image\\\/\"},\"sameAs\":[\"https:\\\/\\\/www.facebook.com\\\/lifenatura\",\"https:\\\/\\\/www.instagram.com\\\/lifenaturapt\\\/\"],\"hasMerchantReturnPolicy\":{\"@type\":\"MerchantReturnPolicy\",\"merchantReturnLink\":\"https:\\\/\\\/www.lifenatura.com\\\/termos-condicoes-lifenatura\\\/\"}}]}<\/script>\n<meta property=\"product:price:amount\" content=\"4.48\" \/>\n<meta property=\"product:price:currency\" content=\"EUR\" \/>\n<meta property=\"og:availability\" content=\"instock\" \/>\n<meta property=\"product:availability\" content=\"instock\" \/>\n<meta property=\"product:retailer_item_id\" content=\"8423903068373\" \/>\n<meta property=\"product:condition\" content=\"new\" \/>\n<!-- \/ Yoast SEO Premium plugin. -->","yoast_head_json":{"title":"100% Trigo sarraceno ecol\u00f3gico Magdalena 180g - Biocop - Na Lifenatura ao Melhor Pre\u00e7o | Envio em 48h","description":"Compre 100% Trigo sarraceno ecol\u00f3gico Magdalena 180g - Biocop com envio r\u00e1pido. Entrega em 48h e portes gr\u00e1tis em compras >35\u20ac. Aproveite j\u00e1 na Lifenatura","robots":{"index":"index","follow":"follow","max-snippet":"max-snippet:-1","max-image-preview":"max-image-preview:large","max-video-preview":"max-video-preview:-1"},"canonical":"https:\/\/www.lifenatura.com\/es\/produto\/100-trigo-sarraceno-ecologico-magdalena-180g-biocop\/","og_locale":"es_ES","og_type":"article","og_title":"100% Trigo sarraceno ecol\u00f3gico Magdalena 180g - Biocop - Na Lifenatura ao Melhor Pre\u00e7o | Envio 48h","og_description":"Compre 100% Trigo sarraceno ecol\u00f3gico Magdalena 180g - Biocop com envio r\u00e1pido. Entrega em 48h e portes gr\u00e1tis em compras >35\u20ac. Aproveite j\u00e1 na Lifenatura","og_url":"https:\/\/www.lifenatura.com\/es\/produto\/100-trigo-sarraceno-ecologico-magdalena-180g-biocop\/","og_site_name":"Lifenatura","article_publisher":"https:\/\/www.facebook.com\/lifenatura","article_modified_time":"2024-11-10T22:16:49+00:00","og_image":[{"width":1000,"height":1000,"url":"https:\/\/www.lifenatura.com\/wp-content\/uploads\/2024\/10\/madalenas-trigo-sarraceno-biocop.jpg","type":"image\/jpeg"}],"twitter_card":"summary_large_image","twitter_misc":{"Precio":"4,48&nbsp;&euro;","Disponibilidad":"Disponible"},"schema":{"@context":"https:\/\/schema.org","@graph":[{"@type":"WebPage","@id":"https:\/\/www.lifenatura.com\/es\/produto\/100-trigo-sarraceno-ecologico-magdalena-180g-biocop\/","url":"https:\/\/www.lifenatura.com\/es\/produto\/100-trigo-sarraceno-ecologico-magdalena-180g-biocop\/","name":"100% Trigo sarraceno ecol\u00f3gico Magdalena 180g - Biocop - Na Lifenatura ao Melhor Pre\u00e7o | Envio em 48h","isPartOf":{"@id":"https:\/\/www.lifenatura.com\/es\/#website"},"primaryImageOfPage":{"@id":"https:\/\/www.lifenatura.com\/es\/produto\/100-trigo-sarraceno-ecologico-magdalena-180g-biocop\/#primaryimage"},"image":{"@id":"https:\/\/www.lifenatura.com\/es\/produto\/100-trigo-sarraceno-ecologico-magdalena-180g-biocop\/#primaryimage"},"thumbnailUrl":"https:\/\/www.lifenatura.com\/wp-content\/uploads\/2024\/10\/madalenas-trigo-sarraceno-biocop.jpg","datePublished":"2024-10-29T14:09:44+00:00","dateModified":"2024-11-10T22:16:49+00:00","description":"Compre 100% Trigo sarraceno ecol\u00f3gico Magdalena 180g - Biocop com envio r\u00e1pido. Entrega em 48h e portes gr\u00e1tis em compras >35\u20ac. Aproveite j\u00e1 na Lifenatura","breadcrumb":{"@id":"https:\/\/www.lifenatura.com\/es\/produto\/100-trigo-sarraceno-ecologico-magdalena-180g-biocop\/#breadcrumb"},"inLanguage":"es","potentialAction":[{"@type":"ReadAction","target":["https:\/\/www.lifenatura.com\/es\/produto\/100-trigo-sarraceno-ecologico-magdalena-180g-biocop\/"]}]},{"@type":"ImageObject","inLanguage":"es","@id":"https:\/\/www.lifenatura.com\/es\/produto\/100-trigo-sarraceno-ecologico-magdalena-180g-biocop\/#primaryimage","url":"https:\/\/www.lifenatura.com\/wp-content\/uploads\/2024\/10\/madalenas-trigo-sarraceno-biocop.jpg","contentUrl":"https:\/\/www.lifenatura.com\/wp-content\/uploads\/2024\/10\/madalenas-trigo-sarraceno-biocop.jpg","width":1000,"height":1000,"caption":"magdalenas de trigo sarraceno de la marca biocop"},{"@type":"BreadcrumbList","@id":"https:\/\/www.lifenatura.com\/es\/produto\/100-trigo-sarraceno-ecologico-magdalena-180g-biocop\/#breadcrumb","itemListElement":[{"@type":"ListItem","position":1,"name":"In\u00edcio","item":"https:\/\/www.lifenatura.com\/es\/"},{"@type":"ListItem","position":2,"name":"Todos los Productos","item":"https:\/\/www.lifenatura.com\/es\/tienda\/"},{"@type":"ListItem","position":3,"name":"100% Trigo sarraceno ecol\u00f3gico Magdalena 180g &#8211; Biocop"}]},{"@type":"WebSite","@id":"https:\/\/www.lifenatura.com\/es\/#website","url":"https:\/\/www.lifenatura.com\/es\/","name":"Lifenatura","description":"A Lifenatura \u00e9 uma loja de produtos naturais, cosm\u00e9tica natural e alimenta\u00e7\u00e3o Biol\u00f3gica.","publisher":{"@id":"https:\/\/www.lifenatura.com\/es\/#organization"},"potentialAction":[{"@type":"SearchAction","target":{"@type":"EntryPoint","urlTemplate":"https:\/\/www.lifenatura.com\/es\/?s={search_term_string}"},"query-input":{"@type":"PropertyValueSpecification","valueRequired":true,"valueName":"search_term_string"}}],"inLanguage":"es"},{"@type":"Organization","@id":"https:\/\/www.lifenatura.com\/es\/#organization","name":"Lifenatura","url":"https:\/\/www.lifenatura.com\/es\/","logo":{"@type":"ImageObject","inLanguage":"es","@id":"https:\/\/www.lifenatura.com\/es\/#\/schema\/logo\/image\/","url":"https:\/\/www.lifenatura.com\/wp-content\/uploads\/2021\/07\/logo.png","contentUrl":"https:\/\/www.lifenatura.com\/wp-content\/uploads\/2021\/07\/logo.png","width":175,"height":55,"caption":"Lifenatura"},"image":{"@id":"https:\/\/www.lifenatura.com\/es\/#\/schema\/logo\/image\/"},"sameAs":["https:\/\/www.facebook.com\/lifenatura","https:\/\/www.instagram.com\/lifenaturapt\/"],"hasMerchantReturnPolicy":{"@type":"MerchantReturnPolicy","merchantReturnLink":"https:\/\/www.lifenatura.com\/termos-condicoes-lifenatura\/"}}]},"product_price_amount":"4.48","product_price_currency":"EUR","og_availability":"instock","product_availability":"instock","product_retailer_item_id":"8423903068373","product_condition":"new"},"df_price":4.48,"df_sale_price":"","df_regular_price":4.48,"df_image_link":"https:\/\/www.lifenatura.com\/wp-content\/uploads\/2024\/10\/madalenas-trigo-sarraceno-biocop-300x300.jpg","_links":{"self":[{"href":"https:\/\/www.lifenatura.com\/es\/wp-json\/wp\/v2\/product\/101378","targetHints":{"allow":["GET"]}}],"collection":[{"href":"https:\/\/www.lifenatura.com\/es\/wp-json\/wp\/v2\/product"}],"about":[{"href":"https:\/\/www.lifenatura.com\/es\/wp-json\/wp\/v2\/types\/product"}],"wp:featuredmedia":[{"embeddable":true,"href":"https:\/\/www.lifenatura.com\/es\/wp-json\/wp\/v2\/media\/101310"}],"wp:attachment":[{"href":"https:\/\/www.lifenatura.com\/es\/wp-json\/wp\/v2\/media?parent=101378"}],"wp:term":[{"taxonomy":"product_brand","embeddable":true,"href":"https:\/\/www.lifenatura.com\/es\/wp-json\/wp\/v2\/product_brand?post=101378"},{"taxonomy":"product_cat","embeddable":true,"href":"https:\/\/www.lifenatura.com\/es\/wp-json\/wp\/v2\/product_cat?post=101378"},{"taxonomy":"product_tag","embeddable":true,"href":"https:\/\/www.lifenatura.com\/es\/wp-json\/wp\/v2\/product_tag?post=101378"}],"curies":[{"name":"wp","href":"https:\/\/api.w.org\/{rel}","templated":true}]}}