{"id":100832,"date":"2024-10-16T14:37:09","date_gmt":"2024-10-16T14:37:09","guid":{"rendered":"https:\/\/www.lifenatura.com\/produto\/echinacea-raiz-50g-dietica\/"},"modified":"2024-11-04T17:08:26","modified_gmt":"2024-11-04T17:08:26","slug":"echinacea-raiz-50g-dietica","status":"publish","type":"product","link":"https:\/\/www.lifenatura.com\/es\/produto\/echinacea-raiz-50g-dietica\/","title":{"rendered":"Echinacea Ra\u00edz 50g &#8211; Di\u00e9tica"},"content":{"rendered":"<h2 style=\"text-align: left;\"><strong>Ra\u00edz Dioica de Equin\u00e1cea &#8211; Refuerzo Natural del Sistema Inmunitario<\/strong><\/h2>\n<p>&nbsp;<\/p>\n<p><strong>Echinacea Root de Di\u00e9tica<\/strong> es un complemento natural a base de extracto de ra\u00edz de equin\u00e1cea, una planta medicinal ampliamente reconocida por sus propiedades inmunoestimulantes. Este producto es ideal para quienes buscan reforzar el sistema inmunitario de forma natural y eficaz, especialmente en \u00e9pocas de mayor necesidad, como los cambios estacionales o los momentos de mayor exposici\u00f3n a agentes externos.<\/p>\n<p>La equin\u00e1cea act\u00faa como refuerzo del sistema inmunitario, ayudando al organismo a resistir mejor las infecciones, incluidas las de las v\u00edas respiratorias altas. Rica en antioxidantes, esta planta tambi\u00e9n ofrece protecci\u00f3n contra los da\u00f1os causados por los radicales libres, favoreciendo una respuesta m\u00e1s r\u00e1pida y eficaz del organismo contra las amenazas externas. Adem\u00e1s, puede ayudar a la recuperaci\u00f3n y reducir la intensidad de los s\u00edntomas del resfriado y la gripe.<\/p>\n<p>Este suplemento es adecuado para adultos que desean reforzar sus defensas de forma segura y eficaz. La ra\u00edz de equin\u00e1cea es una opci\u00f3n ideal para las personas que prefieren prevenir problemas de salud y mantener el bienestar durante todo el a\u00f1o, o para quienes necesitan un est\u00edmulo extra durante los meses m\u00e1s fr\u00edos.<\/p>\n<p><strong>Principales ventajas:<\/strong><\/p>\n<ul>\n<li><strong>Refuerza el sistema inmunitario:<\/strong> Ayuda a prevenir las infecciones y contribuye a una respuesta inmunitaria eficaz.<\/li>\n<li><strong>Rico en antioxidantes:<\/strong> Combate los radicales libres, favoreciendo una mejor protecci\u00f3n celular.<\/li>\n<li><strong>Ayuda a la recuperaci\u00f3n:<\/strong> Reduce los s\u00edntomas y la duraci\u00f3n de los resfriados y la gripe.<\/li>\n<\/ul>\n<p><strong>Adecuado para:<\/strong><\/p>\n<p>La ra\u00edz de equin\u00e1cea es adecuada para los adultos que buscan un refuerzo natural del sistema inmunitario, sobre todo en periodos de mayor vulnerabilidad o para la prevenci\u00f3n durante todo el a\u00f1o.<\/p>\n<p><strong>PRESENTACI\u00d3N<\/strong><\/p>\n<p>50g<\/p>\n<p>&nbsp;<\/p>\n","protected":false},"excerpt":{"rendered":"<p>Ra\u00edz Dioica de Equin\u00e1cea para un refuerzo inmunitario natural, ayuda a prevenir las infecciones y favorece una r\u00e1pida recuperaci\u00f3n. [&#8230;]<\/p>\n<p><a class=\"btn btn-secondary understrap-read-more-link\" href=\"https:\/\/www.lifenatura.com\/es\/produto\/echinacea-raiz-50g-dietica\/\">Leer m\u00e1s&#8230;<span class=\"screen-reader-text\"> from Echinacea Ra\u00edz 50g &#8211; Di\u00e9tica<\/span><\/a><\/p>\n","protected":false},"featured_media":100573,"template":"","meta":{"_acf_changed":false},"product_brand":[8325],"product_cat":[7064,7071],"product_tag":[],"class_list":{"0":"post-100832","1":"product","2":"type-product","3":"status-publish","4":"has-post-thumbnail","6":"product_brand-dietica-es","7":"product_cat-alimentacion-sana","8":"product_cat-tes-y-infusiones","10":"first","11":"instock","12":"shipping-taxable","13":"purchasable","14":"product-type-simple","15":"add-to-wishlist-before_image"},"acf":[],"yoast_head":"<!-- This site is optimized with the Yoast SEO Premium plugin v27.1 (Yoast SEO v27.5) - https:\/\/yoast.com\/product\/yoast-seo-premium-wordpress\/ -->\n<title>Echinacea Ra\u00edz 50g - Di\u00e9tica - Na Lifenatura ao Melhor Pre\u00e7o | Envio em 48h<\/title>\n<meta name=\"description\" content=\"Ra\u00edz Dioica de Equin\u00e1cea para un refuerzo inmunitario natural, ayuda a prevenir las infecciones y favorece una r\u00e1pida recuperaci\u00f3n.\" \/>\n<meta name=\"robots\" content=\"index, follow, max-snippet:-1, max-image-preview:large, max-video-preview:-1\" \/>\n<link rel=\"canonical\" href=\"https:\/\/www.lifenatura.com\/es\/produto\/echinacea-raiz-50g-dietica\/\" \/>\n<meta property=\"og:locale\" content=\"es_ES\" \/>\n<meta property=\"og:type\" content=\"article\" \/>\n<meta property=\"og:title\" content=\"Echinacea Ra\u00edz 50g - Di\u00e9tica - Na Lifenatura ao Melhor Pre\u00e7o | Envio 48h\" \/>\n<meta property=\"og:description\" content=\"Compre Echinacea Ra\u00edz 50g - Di\u00e9tica com envio r\u00e1pido. Entrega em 48h e portes gr\u00e1tis em compras &gt;35\u20ac. Aproveite j\u00e1 na Lifenatura\" \/>\n<meta property=\"og:url\" content=\"https:\/\/www.lifenatura.com\/es\/produto\/echinacea-raiz-50g-dietica\/\" \/>\n<meta property=\"og:site_name\" content=\"Lifenatura\" \/>\n<meta property=\"article:publisher\" content=\"https:\/\/www.facebook.com\/lifenatura\" \/>\n<meta property=\"article:modified_time\" content=\"2024-11-04T17:08:26+00:00\" \/>\n<meta property=\"og:image\" content=\"https:\/\/www.lifenatura.com\/wp-content\/uploads\/2024\/10\/equinaceia-raiz-dietica.jpg\" \/>\n\t<meta property=\"og:image:width\" content=\"1000\" \/>\n\t<meta property=\"og:image:height\" content=\"1000\" \/>\n\t<meta property=\"og:image:type\" content=\"image\/jpeg\" \/>\n<meta name=\"twitter:card\" content=\"summary_large_image\" \/>\n<meta name=\"twitter:label1\" content=\"Precio\" \/>\n\t<meta name=\"twitter:data1\" content=\"5,64&nbsp;&euro;\" \/>\n\t<meta name=\"twitter:label2\" content=\"Disponibilidad\" \/>\n\t<meta name=\"twitter:data2\" content=\"Disponible\" \/>\n<script type=\"application\/ld+json\" class=\"yoast-schema-graph\">{\"@context\":\"https:\\\/\\\/schema.org\",\"@graph\":[{\"@type\":\"WebPage\",\"@id\":\"https:\\\/\\\/www.lifenatura.com\\\/es\\\/produto\\\/echinacea-raiz-50g-dietica\\\/\",\"url\":\"https:\\\/\\\/www.lifenatura.com\\\/es\\\/produto\\\/echinacea-raiz-50g-dietica\\\/\",\"name\":\"Echinacea Ra\u00edz 50g - Di\u00e9tica - Na Lifenatura ao Melhor Pre\u00e7o | Envio em 48h\",\"isPartOf\":{\"@id\":\"https:\\\/\\\/www.lifenatura.com\\\/es\\\/#website\"},\"primaryImageOfPage\":{\"@id\":\"https:\\\/\\\/www.lifenatura.com\\\/es\\\/produto\\\/echinacea-raiz-50g-dietica\\\/#primaryimage\"},\"image\":{\"@id\":\"https:\\\/\\\/www.lifenatura.com\\\/es\\\/produto\\\/echinacea-raiz-50g-dietica\\\/#primaryimage\"},\"thumbnailUrl\":\"https:\\\/\\\/www.lifenatura.com\\\/wp-content\\\/uploads\\\/2024\\\/10\\\/equinaceia-raiz-dietica.jpg\",\"datePublished\":\"2024-10-16T14:37:09+00:00\",\"dateModified\":\"2024-11-04T17:08:26+00:00\",\"description\":\"Ra\u00edz Dioica de Equin\u00e1cea para un refuerzo inmunitario natural, ayuda a prevenir las infecciones y favorece una r\u00e1pida recuperaci\u00f3n.\",\"breadcrumb\":{\"@id\":\"https:\\\/\\\/www.lifenatura.com\\\/es\\\/produto\\\/echinacea-raiz-50g-dietica\\\/#breadcrumb\"},\"inLanguage\":\"es\",\"potentialAction\":[{\"@type\":\"ReadAction\",\"target\":[\"https:\\\/\\\/www.lifenatura.com\\\/es\\\/produto\\\/echinacea-raiz-50g-dietica\\\/\"]}]},{\"@type\":\"ImageObject\",\"inLanguage\":\"es\",\"@id\":\"https:\\\/\\\/www.lifenatura.com\\\/es\\\/produto\\\/echinacea-raiz-50g-dietica\\\/#primaryimage\",\"url\":\"https:\\\/\\\/www.lifenatura.com\\\/wp-content\\\/uploads\\\/2024\\\/10\\\/equinaceia-raiz-dietica.jpg\",\"contentUrl\":\"https:\\\/\\\/www.lifenatura.com\\\/wp-content\\\/uploads\\\/2024\\\/10\\\/equinaceia-raiz-dietica.jpg\",\"width\":1000,\"height\":1000,\"caption\":\"ra\u00edz de equin\u00e1cea de la marca diet\u00e9tica\"},{\"@type\":\"BreadcrumbList\",\"@id\":\"https:\\\/\\\/www.lifenatura.com\\\/es\\\/produto\\\/echinacea-raiz-50g-dietica\\\/#breadcrumb\",\"itemListElement\":[{\"@type\":\"ListItem\",\"position\":1,\"name\":\"In\u00edcio\",\"item\":\"https:\\\/\\\/www.lifenatura.com\\\/es\\\/\"},{\"@type\":\"ListItem\",\"position\":2,\"name\":\"Todos los Productos\",\"item\":\"https:\\\/\\\/www.lifenatura.com\\\/es\\\/tienda\\\/\"},{\"@type\":\"ListItem\",\"position\":3,\"name\":\"Echinacea Ra\u00edz 50g &#8211; Di\u00e9tica\"}]},{\"@type\":\"WebSite\",\"@id\":\"https:\\\/\\\/www.lifenatura.com\\\/es\\\/#website\",\"url\":\"https:\\\/\\\/www.lifenatura.com\\\/es\\\/\",\"name\":\"Lifenatura\",\"description\":\"A Lifenatura \u00e9 uma loja de produtos naturais, cosm\u00e9tica natural e alimenta\u00e7\u00e3o Biol\u00f3gica.\",\"publisher\":{\"@id\":\"https:\\\/\\\/www.lifenatura.com\\\/es\\\/#organization\"},\"potentialAction\":[{\"@type\":\"SearchAction\",\"target\":{\"@type\":\"EntryPoint\",\"urlTemplate\":\"https:\\\/\\\/www.lifenatura.com\\\/es\\\/?s={search_term_string}\"},\"query-input\":{\"@type\":\"PropertyValueSpecification\",\"valueRequired\":true,\"valueName\":\"search_term_string\"}}],\"inLanguage\":\"es\"},{\"@type\":\"Organization\",\"@id\":\"https:\\\/\\\/www.lifenatura.com\\\/es\\\/#organization\",\"name\":\"Lifenatura\",\"url\":\"https:\\\/\\\/www.lifenatura.com\\\/es\\\/\",\"logo\":{\"@type\":\"ImageObject\",\"inLanguage\":\"es\",\"@id\":\"https:\\\/\\\/www.lifenatura.com\\\/es\\\/#\\\/schema\\\/logo\\\/image\\\/\",\"url\":\"https:\\\/\\\/www.lifenatura.com\\\/wp-content\\\/uploads\\\/2021\\\/07\\\/logo.png\",\"contentUrl\":\"https:\\\/\\\/www.lifenatura.com\\\/wp-content\\\/uploads\\\/2021\\\/07\\\/logo.png\",\"width\":175,\"height\":55,\"caption\":\"Lifenatura\"},\"image\":{\"@id\":\"https:\\\/\\\/www.lifenatura.com\\\/es\\\/#\\\/schema\\\/logo\\\/image\\\/\"},\"sameAs\":[\"https:\\\/\\\/www.facebook.com\\\/lifenatura\",\"https:\\\/\\\/www.instagram.com\\\/lifenaturapt\\\/\"],\"hasMerchantReturnPolicy\":{\"@type\":\"MerchantReturnPolicy\",\"merchantReturnLink\":\"https:\\\/\\\/www.lifenatura.com\\\/termos-condicoes-lifenatura\\\/\"}}]}<\/script>\n<meta property=\"product:price:amount\" content=\"5.64\" \/>\n<meta property=\"product:price:currency\" content=\"EUR\" \/>\n<meta property=\"og:availability\" content=\"instock\" \/>\n<meta property=\"product:availability\" content=\"instock\" \/>\n<meta property=\"product:retailer_item_id\" content=\"5605024052049\" \/>\n<meta property=\"product:condition\" content=\"new\" \/>\n<!-- \/ Yoast SEO Premium plugin. -->","yoast_head_json":{"title":"Echinacea Ra\u00edz 50g - Di\u00e9tica - Na Lifenatura ao Melhor Pre\u00e7o | Envio em 48h","description":"Ra\u00edz Dioica de Equin\u00e1cea para un refuerzo inmunitario natural, ayuda a prevenir las infecciones y favorece una r\u00e1pida recuperaci\u00f3n.","robots":{"index":"index","follow":"follow","max-snippet":"max-snippet:-1","max-image-preview":"max-image-preview:large","max-video-preview":"max-video-preview:-1"},"canonical":"https:\/\/www.lifenatura.com\/es\/produto\/echinacea-raiz-50g-dietica\/","og_locale":"es_ES","og_type":"article","og_title":"Echinacea Ra\u00edz 50g - Di\u00e9tica - Na Lifenatura ao Melhor Pre\u00e7o | Envio 48h","og_description":"Compre Echinacea Ra\u00edz 50g - Di\u00e9tica com envio r\u00e1pido. Entrega em 48h e portes gr\u00e1tis em compras >35\u20ac. Aproveite j\u00e1 na Lifenatura","og_url":"https:\/\/www.lifenatura.com\/es\/produto\/echinacea-raiz-50g-dietica\/","og_site_name":"Lifenatura","article_publisher":"https:\/\/www.facebook.com\/lifenatura","article_modified_time":"2024-11-04T17:08:26+00:00","og_image":[{"width":1000,"height":1000,"url":"https:\/\/www.lifenatura.com\/wp-content\/uploads\/2024\/10\/equinaceia-raiz-dietica.jpg","type":"image\/jpeg"}],"twitter_card":"summary_large_image","twitter_misc":{"Precio":"5,64&nbsp;&euro;","Disponibilidad":"Disponible"},"schema":{"@context":"https:\/\/schema.org","@graph":[{"@type":"WebPage","@id":"https:\/\/www.lifenatura.com\/es\/produto\/echinacea-raiz-50g-dietica\/","url":"https:\/\/www.lifenatura.com\/es\/produto\/echinacea-raiz-50g-dietica\/","name":"Echinacea Ra\u00edz 50g - Di\u00e9tica - Na Lifenatura ao Melhor Pre\u00e7o | Envio em 48h","isPartOf":{"@id":"https:\/\/www.lifenatura.com\/es\/#website"},"primaryImageOfPage":{"@id":"https:\/\/www.lifenatura.com\/es\/produto\/echinacea-raiz-50g-dietica\/#primaryimage"},"image":{"@id":"https:\/\/www.lifenatura.com\/es\/produto\/echinacea-raiz-50g-dietica\/#primaryimage"},"thumbnailUrl":"https:\/\/www.lifenatura.com\/wp-content\/uploads\/2024\/10\/equinaceia-raiz-dietica.jpg","datePublished":"2024-10-16T14:37:09+00:00","dateModified":"2024-11-04T17:08:26+00:00","description":"Ra\u00edz Dioica de Equin\u00e1cea para un refuerzo inmunitario natural, ayuda a prevenir las infecciones y favorece una r\u00e1pida recuperaci\u00f3n.","breadcrumb":{"@id":"https:\/\/www.lifenatura.com\/es\/produto\/echinacea-raiz-50g-dietica\/#breadcrumb"},"inLanguage":"es","potentialAction":[{"@type":"ReadAction","target":["https:\/\/www.lifenatura.com\/es\/produto\/echinacea-raiz-50g-dietica\/"]}]},{"@type":"ImageObject","inLanguage":"es","@id":"https:\/\/www.lifenatura.com\/es\/produto\/echinacea-raiz-50g-dietica\/#primaryimage","url":"https:\/\/www.lifenatura.com\/wp-content\/uploads\/2024\/10\/equinaceia-raiz-dietica.jpg","contentUrl":"https:\/\/www.lifenatura.com\/wp-content\/uploads\/2024\/10\/equinaceia-raiz-dietica.jpg","width":1000,"height":1000,"caption":"ra\u00edz de equin\u00e1cea de la marca diet\u00e9tica"},{"@type":"BreadcrumbList","@id":"https:\/\/www.lifenatura.com\/es\/produto\/echinacea-raiz-50g-dietica\/#breadcrumb","itemListElement":[{"@type":"ListItem","position":1,"name":"In\u00edcio","item":"https:\/\/www.lifenatura.com\/es\/"},{"@type":"ListItem","position":2,"name":"Todos los Productos","item":"https:\/\/www.lifenatura.com\/es\/tienda\/"},{"@type":"ListItem","position":3,"name":"Echinacea Ra\u00edz 50g &#8211; Di\u00e9tica"}]},{"@type":"WebSite","@id":"https:\/\/www.lifenatura.com\/es\/#website","url":"https:\/\/www.lifenatura.com\/es\/","name":"Lifenatura","description":"A Lifenatura \u00e9 uma loja de produtos naturais, cosm\u00e9tica natural e alimenta\u00e7\u00e3o Biol\u00f3gica.","publisher":{"@id":"https:\/\/www.lifenatura.com\/es\/#organization"},"potentialAction":[{"@type":"SearchAction","target":{"@type":"EntryPoint","urlTemplate":"https:\/\/www.lifenatura.com\/es\/?s={search_term_string}"},"query-input":{"@type":"PropertyValueSpecification","valueRequired":true,"valueName":"search_term_string"}}],"inLanguage":"es"},{"@type":"Organization","@id":"https:\/\/www.lifenatura.com\/es\/#organization","name":"Lifenatura","url":"https:\/\/www.lifenatura.com\/es\/","logo":{"@type":"ImageObject","inLanguage":"es","@id":"https:\/\/www.lifenatura.com\/es\/#\/schema\/logo\/image\/","url":"https:\/\/www.lifenatura.com\/wp-content\/uploads\/2021\/07\/logo.png","contentUrl":"https:\/\/www.lifenatura.com\/wp-content\/uploads\/2021\/07\/logo.png","width":175,"height":55,"caption":"Lifenatura"},"image":{"@id":"https:\/\/www.lifenatura.com\/es\/#\/schema\/logo\/image\/"},"sameAs":["https:\/\/www.facebook.com\/lifenatura","https:\/\/www.instagram.com\/lifenaturapt\/"],"hasMerchantReturnPolicy":{"@type":"MerchantReturnPolicy","merchantReturnLink":"https:\/\/www.lifenatura.com\/termos-condicoes-lifenatura\/"}}]},"product_price_amount":"5.64","product_price_currency":"EUR","og_availability":"instock","product_availability":"instock","product_retailer_item_id":"5605024052049","product_condition":"new"},"df_price":5.64,"df_sale_price":"","df_regular_price":5.64,"df_image_link":"https:\/\/www.lifenatura.com\/wp-content\/uploads\/2024\/10\/equinaceia-raiz-dietica-300x300.jpg","_links":{"self":[{"href":"https:\/\/www.lifenatura.com\/es\/wp-json\/wp\/v2\/product\/100832","targetHints":{"allow":["GET"]}}],"collection":[{"href":"https:\/\/www.lifenatura.com\/es\/wp-json\/wp\/v2\/product"}],"about":[{"href":"https:\/\/www.lifenatura.com\/es\/wp-json\/wp\/v2\/types\/product"}],"wp:featuredmedia":[{"embeddable":true,"href":"https:\/\/www.lifenatura.com\/es\/wp-json\/wp\/v2\/media\/100573"}],"wp:attachment":[{"href":"https:\/\/www.lifenatura.com\/es\/wp-json\/wp\/v2\/media?parent=100832"}],"wp:term":[{"taxonomy":"product_brand","embeddable":true,"href":"https:\/\/www.lifenatura.com\/es\/wp-json\/wp\/v2\/product_brand?post=100832"},{"taxonomy":"product_cat","embeddable":true,"href":"https:\/\/www.lifenatura.com\/es\/wp-json\/wp\/v2\/product_cat?post=100832"},{"taxonomy":"product_tag","embeddable":true,"href":"https:\/\/www.lifenatura.com\/es\/wp-json\/wp\/v2\/product_tag?post=100832"}],"curies":[{"name":"wp","href":"https:\/\/api.w.org\/{rel}","templated":true}]}}