{"id":100819,"date":"2024-10-14T22:13:30","date_gmt":"2024-10-14T22:13:30","guid":{"rendered":"https:\/\/www.lifenatura.com\/produto\/mijo-descascarillado-500g-biogra\/"},"modified":"2024-10-27T23:10:12","modified_gmt":"2024-10-27T23:10:12","slug":"mijo-descascarillado-500g-biogra","status":"publish","type":"product","link":"https:\/\/www.lifenatura.com\/es\/produto\/mijo-descascarillado-500g-biogra\/","title":{"rendered":"Mijo descascarillado 500g &#8211; Biogr\u00e1"},"content":{"rendered":"<h2 style=\"text-align: left;\"><strong>Mijo descascarillado Biogr\u00e1 &#8211; Cereal completo para una dieta sana<\/strong><\/h2>\n<p>&nbsp;<\/p>\n<p><strong>El Mijo descascarillado Biogr\u00e1<\/strong> es un cereal integral ideal para quienes desean a\u00f1adir m\u00e1s nutrientes y sabor a sus comidas diarias. Este alimento naturalmente sin gluten es conocido por su s\u00f3lido perfil nutricional, que contiene prote\u00ednas vegetales, fibra y minerales esenciales como el magnesio y el f\u00f3sforo, importantes para la salud \u00f3sea y el buen funcionamiento del organismo.<\/p>\n<p>Gracias a su f\u00e1cil digesti\u00f3n, el mijo es una gran opci\u00f3n para quienes padecen intolerancia al gluten o buscan diversificar su dieta con alternativas ligeras y nutritivas. Tambi\u00e9n es rico en vitaminas del grupo B, cruciales para la producci\u00f3n de energ\u00eda y el apoyo al sistema nervioso, lo que lo convierte en un excelente aliado para una dieta equilibrada. Este cereal tambi\u00e9n es muy vers\u00e1til en la cocina, ya que sirve tanto para preparaciones dulces como saladas.<\/p>\n<p>Puede utilizarse en ensaladas, como acompa\u00f1amiento de platos principales, en sopas e incluso en postres, aportando un sabor suave y una textura agradable que se adapta f\u00e1cilmente a cualquier receta.<\/p>\n<p><strong>Principales ventajas:<\/strong><\/p>\n<ul>\n<li><strong>Alto valor nutritivo:<\/strong> Rico en prote\u00ednas, fibra y minerales esenciales para una buena salud.<\/li>\n<li><strong>F\u00e1cilmente digerible:<\/strong> ideal para personas con intolerancias alimentarias.<\/li>\n<li><strong>Vers\u00e1til y sabrosa:<\/strong> Puede utilizarse en una gran variedad de platos, enriqueciendo la dieta con nutrientes y sabor.<\/li>\n<\/ul>\n<p><strong>Adecuado para:<\/strong><\/p>\n<p>El mijo descascarillado Biogr\u00e1 es adecuado para cel\u00edacos, vegetarianos y cualquier persona que busque una dieta sana, diversa y rica en nutrientes. Es un cereal rico en minerales, especialmente hierro, por lo que es adecuado y recomendable para embarazadas y personas con anemia. A pesar de pertenecer al grupo de los cereales, tiene un alto contenido en prote\u00ednas y fibra, con 10 amino\u00e1cidos esenciales.<\/p>\n<p><strong>PRESENTACI\u00d3N<\/strong><\/p>\n<p>500g<\/p>\n<p>&nbsp;<\/p>\n","protected":false},"excerpt":{"rendered":"<p>El Mijo descascarillado Biogr\u00e1 es un cereal integral, sin gluten y f\u00e1cil de digerir. Rico en prote\u00ednas, fibra y minerales, perfecto para una dieta equilibrada. [&#8230;]<\/p>\n<p><a class=\"btn btn-secondary understrap-read-more-link\" href=\"https:\/\/www.lifenatura.com\/es\/produto\/mijo-descascarillado-500g-biogra\/\">Leer m\u00e1s&#8230;<span class=\"screen-reader-text\"> from Mijo descascarillado 500g &#8211; Biogr\u00e1<\/span><\/a><\/p>\n","protected":false},"featured_media":100470,"template":"","meta":{"_acf_changed":false},"product_brand":[8531],"product_cat":[7064,7080,7074],"product_tag":[],"class_list":{"0":"post-100819","1":"product","2":"type-product","3":"status-publish","4":"has-post-thumbnail","6":"product_brand-biogra","7":"product_cat-alimentacion-sana","8":"product_cat-cereales","9":"product_cat-productos-alimenticios","10":"pa_caracteristicas-biologico","11":"pa_caracteristicas-sin-lactosa","12":"pa_caracteristicas-vegano","14":"first","15":"instock","16":"shipping-taxable","17":"purchasable","18":"product-type-simple","19":"add-to-wishlist-before_image"},"acf":[],"yoast_head":"<!-- This site is optimized with the Yoast SEO Premium plugin v27.1 (Yoast SEO v27.5) - https:\/\/yoast.com\/product\/yoast-seo-premium-wordpress\/ -->\n<title>Mijo descascarillado 500g - Biogr\u00e1 - Na Lifenatura ao Melhor Pre\u00e7o | Envio em 48h<\/title>\n<meta name=\"description\" content=\"Compre Mijo descascarillado 500g - Biogr\u00e1 com envio r\u00e1pido. Entrega em 48h e portes gr\u00e1tis em compras &gt;35\u20ac. Aproveite j\u00e1 na Lifenatura\" \/>\n<meta name=\"robots\" content=\"index, follow, max-snippet:-1, max-image-preview:large, max-video-preview:-1\" \/>\n<link rel=\"canonical\" href=\"https:\/\/www.lifenatura.com\/es\/produto\/mijo-descascarillado-500g-biogra\/\" \/>\n<meta property=\"og:locale\" content=\"es_ES\" \/>\n<meta property=\"og:type\" content=\"article\" \/>\n<meta property=\"og:title\" content=\"Mijo descascarillado 500g - Biogr\u00e1 - Na Lifenatura ao Melhor Pre\u00e7o | Envio 48h\" \/>\n<meta property=\"og:description\" content=\"Compre Mijo descascarillado 500g - Biogr\u00e1 com envio r\u00e1pido. Entrega em 48h e portes gr\u00e1tis em compras &gt;35\u20ac. Aproveite j\u00e1 na Lifenatura\" \/>\n<meta property=\"og:url\" content=\"https:\/\/www.lifenatura.com\/es\/produto\/mijo-descascarillado-500g-biogra\/\" \/>\n<meta property=\"og:site_name\" content=\"Lifenatura\" \/>\n<meta property=\"article:publisher\" content=\"https:\/\/www.facebook.com\/lifenatura\" \/>\n<meta property=\"article:modified_time\" content=\"2024-10-27T23:10:12+00:00\" \/>\n<meta property=\"og:image\" content=\"https:\/\/www.lifenatura.com\/wp-content\/uploads\/2024\/10\/millet-descascado-biogra.jpg\" \/>\n\t<meta property=\"og:image:width\" content=\"1000\" \/>\n\t<meta property=\"og:image:height\" content=\"1000\" \/>\n\t<meta property=\"og:image:type\" content=\"image\/jpeg\" \/>\n<meta name=\"twitter:card\" content=\"summary_large_image\" \/>\n<meta name=\"twitter:label1\" content=\"Precio\" \/>\n\t<meta name=\"twitter:data1\" content=\"3,62&nbsp;&euro;\" \/>\n\t<meta name=\"twitter:label2\" content=\"Disponibilidad\" \/>\n\t<meta name=\"twitter:data2\" content=\"Disponible\" \/>\n<script type=\"application\/ld+json\" class=\"yoast-schema-graph\">{\"@context\":\"https:\\\/\\\/schema.org\",\"@graph\":[{\"@type\":\"WebPage\",\"@id\":\"https:\\\/\\\/www.lifenatura.com\\\/es\\\/produto\\\/mijo-descascarillado-500g-biogra\\\/\",\"url\":\"https:\\\/\\\/www.lifenatura.com\\\/es\\\/produto\\\/mijo-descascarillado-500g-biogra\\\/\",\"name\":\"Mijo descascarillado 500g - Biogr\u00e1 - Na Lifenatura ao Melhor Pre\u00e7o | Envio em 48h\",\"isPartOf\":{\"@id\":\"https:\\\/\\\/www.lifenatura.com\\\/es\\\/#website\"},\"primaryImageOfPage\":{\"@id\":\"https:\\\/\\\/www.lifenatura.com\\\/es\\\/produto\\\/mijo-descascarillado-500g-biogra\\\/#primaryimage\"},\"image\":{\"@id\":\"https:\\\/\\\/www.lifenatura.com\\\/es\\\/produto\\\/mijo-descascarillado-500g-biogra\\\/#primaryimage\"},\"thumbnailUrl\":\"https:\\\/\\\/www.lifenatura.com\\\/wp-content\\\/uploads\\\/2024\\\/10\\\/millet-descascado-biogra.jpg\",\"datePublished\":\"2024-10-14T22:13:30+00:00\",\"dateModified\":\"2024-10-27T23:10:12+00:00\",\"description\":\"Compre Mijo descascarillado 500g - Biogr\u00e1 com envio r\u00e1pido. Entrega em 48h e portes gr\u00e1tis em compras >35\u20ac. Aproveite j\u00e1 na Lifenatura\",\"breadcrumb\":{\"@id\":\"https:\\\/\\\/www.lifenatura.com\\\/es\\\/produto\\\/mijo-descascarillado-500g-biogra\\\/#breadcrumb\"},\"inLanguage\":\"es\",\"potentialAction\":[{\"@type\":\"ReadAction\",\"target\":[\"https:\\\/\\\/www.lifenatura.com\\\/es\\\/produto\\\/mijo-descascarillado-500g-biogra\\\/\"]}]},{\"@type\":\"ImageObject\",\"inLanguage\":\"es\",\"@id\":\"https:\\\/\\\/www.lifenatura.com\\\/es\\\/produto\\\/mijo-descascarillado-500g-biogra\\\/#primaryimage\",\"url\":\"https:\\\/\\\/www.lifenatura.com\\\/wp-content\\\/uploads\\\/2024\\\/10\\\/millet-descascado-biogra.jpg\",\"contentUrl\":\"https:\\\/\\\/www.lifenatura.com\\\/wp-content\\\/uploads\\\/2024\\\/10\\\/millet-descascado-biogra.jpg\",\"width\":1000,\"height\":1000,\"caption\":\"Mijo descascarillado marca Biogr\u00e1\"},{\"@type\":\"BreadcrumbList\",\"@id\":\"https:\\\/\\\/www.lifenatura.com\\\/es\\\/produto\\\/mijo-descascarillado-500g-biogra\\\/#breadcrumb\",\"itemListElement\":[{\"@type\":\"ListItem\",\"position\":1,\"name\":\"In\u00edcio\",\"item\":\"https:\\\/\\\/www.lifenatura.com\\\/es\\\/\"},{\"@type\":\"ListItem\",\"position\":2,\"name\":\"Todos los Productos\",\"item\":\"https:\\\/\\\/www.lifenatura.com\\\/es\\\/tienda\\\/\"},{\"@type\":\"ListItem\",\"position\":3,\"name\":\"Mijo descascarillado 500g &#8211; Biogr\u00e1\"}]},{\"@type\":\"WebSite\",\"@id\":\"https:\\\/\\\/www.lifenatura.com\\\/es\\\/#website\",\"url\":\"https:\\\/\\\/www.lifenatura.com\\\/es\\\/\",\"name\":\"Lifenatura\",\"description\":\"A Lifenatura \u00e9 uma loja de produtos naturais, cosm\u00e9tica natural e alimenta\u00e7\u00e3o Biol\u00f3gica.\",\"publisher\":{\"@id\":\"https:\\\/\\\/www.lifenatura.com\\\/es\\\/#organization\"},\"potentialAction\":[{\"@type\":\"SearchAction\",\"target\":{\"@type\":\"EntryPoint\",\"urlTemplate\":\"https:\\\/\\\/www.lifenatura.com\\\/es\\\/?s={search_term_string}\"},\"query-input\":{\"@type\":\"PropertyValueSpecification\",\"valueRequired\":true,\"valueName\":\"search_term_string\"}}],\"inLanguage\":\"es\"},{\"@type\":\"Organization\",\"@id\":\"https:\\\/\\\/www.lifenatura.com\\\/es\\\/#organization\",\"name\":\"Lifenatura\",\"url\":\"https:\\\/\\\/www.lifenatura.com\\\/es\\\/\",\"logo\":{\"@type\":\"ImageObject\",\"inLanguage\":\"es\",\"@id\":\"https:\\\/\\\/www.lifenatura.com\\\/es\\\/#\\\/schema\\\/logo\\\/image\\\/\",\"url\":\"https:\\\/\\\/www.lifenatura.com\\\/wp-content\\\/uploads\\\/2021\\\/07\\\/logo.png\",\"contentUrl\":\"https:\\\/\\\/www.lifenatura.com\\\/wp-content\\\/uploads\\\/2021\\\/07\\\/logo.png\",\"width\":175,\"height\":55,\"caption\":\"Lifenatura\"},\"image\":{\"@id\":\"https:\\\/\\\/www.lifenatura.com\\\/es\\\/#\\\/schema\\\/logo\\\/image\\\/\"},\"sameAs\":[\"https:\\\/\\\/www.facebook.com\\\/lifenatura\",\"https:\\\/\\\/www.instagram.com\\\/lifenaturapt\\\/\"],\"hasMerchantReturnPolicy\":{\"@type\":\"MerchantReturnPolicy\",\"merchantReturnLink\":\"https:\\\/\\\/www.lifenatura.com\\\/termos-condicoes-lifenatura\\\/\"}}]}<\/script>\n<meta property=\"product:price:amount\" content=\"3.62\" \/>\n<meta property=\"product:price:currency\" content=\"EUR\" \/>\n<meta property=\"og:availability\" content=\"instock\" \/>\n<meta property=\"product:availability\" content=\"instock\" \/>\n<meta property=\"product:retailer_item_id\" content=\"8426904170106\" \/>\n<meta property=\"product:condition\" content=\"new\" \/>\n<!-- \/ Yoast SEO Premium plugin. -->","yoast_head_json":{"title":"Mijo descascarillado 500g - Biogr\u00e1 - Na Lifenatura ao Melhor Pre\u00e7o | Envio em 48h","description":"Compre Mijo descascarillado 500g - Biogr\u00e1 com envio r\u00e1pido. Entrega em 48h e portes gr\u00e1tis em compras >35\u20ac. Aproveite j\u00e1 na Lifenatura","robots":{"index":"index","follow":"follow","max-snippet":"max-snippet:-1","max-image-preview":"max-image-preview:large","max-video-preview":"max-video-preview:-1"},"canonical":"https:\/\/www.lifenatura.com\/es\/produto\/mijo-descascarillado-500g-biogra\/","og_locale":"es_ES","og_type":"article","og_title":"Mijo descascarillado 500g - Biogr\u00e1 - Na Lifenatura ao Melhor Pre\u00e7o | Envio 48h","og_description":"Compre Mijo descascarillado 500g - Biogr\u00e1 com envio r\u00e1pido. Entrega em 48h e portes gr\u00e1tis em compras >35\u20ac. Aproveite j\u00e1 na Lifenatura","og_url":"https:\/\/www.lifenatura.com\/es\/produto\/mijo-descascarillado-500g-biogra\/","og_site_name":"Lifenatura","article_publisher":"https:\/\/www.facebook.com\/lifenatura","article_modified_time":"2024-10-27T23:10:12+00:00","og_image":[{"width":1000,"height":1000,"url":"https:\/\/www.lifenatura.com\/wp-content\/uploads\/2024\/10\/millet-descascado-biogra.jpg","type":"image\/jpeg"}],"twitter_card":"summary_large_image","twitter_misc":{"Precio":"3,62&nbsp;&euro;","Disponibilidad":"Disponible"},"schema":{"@context":"https:\/\/schema.org","@graph":[{"@type":"WebPage","@id":"https:\/\/www.lifenatura.com\/es\/produto\/mijo-descascarillado-500g-biogra\/","url":"https:\/\/www.lifenatura.com\/es\/produto\/mijo-descascarillado-500g-biogra\/","name":"Mijo descascarillado 500g - Biogr\u00e1 - Na Lifenatura ao Melhor Pre\u00e7o | Envio em 48h","isPartOf":{"@id":"https:\/\/www.lifenatura.com\/es\/#website"},"primaryImageOfPage":{"@id":"https:\/\/www.lifenatura.com\/es\/produto\/mijo-descascarillado-500g-biogra\/#primaryimage"},"image":{"@id":"https:\/\/www.lifenatura.com\/es\/produto\/mijo-descascarillado-500g-biogra\/#primaryimage"},"thumbnailUrl":"https:\/\/www.lifenatura.com\/wp-content\/uploads\/2024\/10\/millet-descascado-biogra.jpg","datePublished":"2024-10-14T22:13:30+00:00","dateModified":"2024-10-27T23:10:12+00:00","description":"Compre Mijo descascarillado 500g - Biogr\u00e1 com envio r\u00e1pido. Entrega em 48h e portes gr\u00e1tis em compras >35\u20ac. Aproveite j\u00e1 na Lifenatura","breadcrumb":{"@id":"https:\/\/www.lifenatura.com\/es\/produto\/mijo-descascarillado-500g-biogra\/#breadcrumb"},"inLanguage":"es","potentialAction":[{"@type":"ReadAction","target":["https:\/\/www.lifenatura.com\/es\/produto\/mijo-descascarillado-500g-biogra\/"]}]},{"@type":"ImageObject","inLanguage":"es","@id":"https:\/\/www.lifenatura.com\/es\/produto\/mijo-descascarillado-500g-biogra\/#primaryimage","url":"https:\/\/www.lifenatura.com\/wp-content\/uploads\/2024\/10\/millet-descascado-biogra.jpg","contentUrl":"https:\/\/www.lifenatura.com\/wp-content\/uploads\/2024\/10\/millet-descascado-biogra.jpg","width":1000,"height":1000,"caption":"Mijo descascarillado marca Biogr\u00e1"},{"@type":"BreadcrumbList","@id":"https:\/\/www.lifenatura.com\/es\/produto\/mijo-descascarillado-500g-biogra\/#breadcrumb","itemListElement":[{"@type":"ListItem","position":1,"name":"In\u00edcio","item":"https:\/\/www.lifenatura.com\/es\/"},{"@type":"ListItem","position":2,"name":"Todos los Productos","item":"https:\/\/www.lifenatura.com\/es\/tienda\/"},{"@type":"ListItem","position":3,"name":"Mijo descascarillado 500g &#8211; Biogr\u00e1"}]},{"@type":"WebSite","@id":"https:\/\/www.lifenatura.com\/es\/#website","url":"https:\/\/www.lifenatura.com\/es\/","name":"Lifenatura","description":"A Lifenatura \u00e9 uma loja de produtos naturais, cosm\u00e9tica natural e alimenta\u00e7\u00e3o Biol\u00f3gica.","publisher":{"@id":"https:\/\/www.lifenatura.com\/es\/#organization"},"potentialAction":[{"@type":"SearchAction","target":{"@type":"EntryPoint","urlTemplate":"https:\/\/www.lifenatura.com\/es\/?s={search_term_string}"},"query-input":{"@type":"PropertyValueSpecification","valueRequired":true,"valueName":"search_term_string"}}],"inLanguage":"es"},{"@type":"Organization","@id":"https:\/\/www.lifenatura.com\/es\/#organization","name":"Lifenatura","url":"https:\/\/www.lifenatura.com\/es\/","logo":{"@type":"ImageObject","inLanguage":"es","@id":"https:\/\/www.lifenatura.com\/es\/#\/schema\/logo\/image\/","url":"https:\/\/www.lifenatura.com\/wp-content\/uploads\/2021\/07\/logo.png","contentUrl":"https:\/\/www.lifenatura.com\/wp-content\/uploads\/2021\/07\/logo.png","width":175,"height":55,"caption":"Lifenatura"},"image":{"@id":"https:\/\/www.lifenatura.com\/es\/#\/schema\/logo\/image\/"},"sameAs":["https:\/\/www.facebook.com\/lifenatura","https:\/\/www.instagram.com\/lifenaturapt\/"],"hasMerchantReturnPolicy":{"@type":"MerchantReturnPolicy","merchantReturnLink":"https:\/\/www.lifenatura.com\/termos-condicoes-lifenatura\/"}}]},"product_price_amount":"3.62","product_price_currency":"EUR","og_availability":"instock","product_availability":"instock","product_retailer_item_id":"8426904170106","product_condition":"new"},"df_price":3.62,"df_sale_price":"","df_regular_price":3.62,"df_image_link":"https:\/\/www.lifenatura.com\/wp-content\/uploads\/2024\/10\/millet-descascado-biogra-300x300.jpg","_links":{"self":[{"href":"https:\/\/www.lifenatura.com\/es\/wp-json\/wp\/v2\/product\/100819","targetHints":{"allow":["GET"]}}],"collection":[{"href":"https:\/\/www.lifenatura.com\/es\/wp-json\/wp\/v2\/product"}],"about":[{"href":"https:\/\/www.lifenatura.com\/es\/wp-json\/wp\/v2\/types\/product"}],"wp:featuredmedia":[{"embeddable":true,"href":"https:\/\/www.lifenatura.com\/es\/wp-json\/wp\/v2\/media\/100470"}],"wp:attachment":[{"href":"https:\/\/www.lifenatura.com\/es\/wp-json\/wp\/v2\/media?parent=100819"}],"wp:term":[{"taxonomy":"product_brand","embeddable":true,"href":"https:\/\/www.lifenatura.com\/es\/wp-json\/wp\/v2\/product_brand?post=100819"},{"taxonomy":"product_cat","embeddable":true,"href":"https:\/\/www.lifenatura.com\/es\/wp-json\/wp\/v2\/product_cat?post=100819"},{"taxonomy":"product_tag","embeddable":true,"href":"https:\/\/www.lifenatura.com\/es\/wp-json\/wp\/v2\/product_tag?post=100819"}],"curies":[{"name":"wp","href":"https:\/\/api.w.org\/{rel}","templated":true}]}}