{"id":100266,"date":"2024-10-05T07:36:31","date_gmt":"2024-10-05T07:36:31","guid":{"rendered":"https:\/\/www.lifenatura.com\/produto\/harina-de-castanas-250g-salud-viva\/"},"modified":"2024-10-15T09:46:02","modified_gmt":"2024-10-15T09:46:02","slug":"harina-de-castanas-250g-salud-viva","status":"publish","type":"product","link":"https:\/\/www.lifenatura.com\/es\/produto\/harina-de-castanas-250g-salud-viva\/","title":{"rendered":"Harina de Casta\u00f1as 250g &#8211; Salud Viva"},"content":{"rendered":"<h2 style=\"text-align: left;\"><strong>Harina de casta\u00f1a ecol\u00f3gica rica en nutrientes<\/strong><\/h2>\n<p>&nbsp;<\/p>\n<p>La <strong>Harina de Casta\u00f1as<\/strong> de <strong>Salud<\/strong> Viva es un producto 100% natural y ecol\u00f3gico elaborado con casta\u00f1as seleccionadas, ideal para quienes desean una alternativa sana y nutritiva a las harinas convencionales. Rica en sabor y nutrientes, esta harina sin gluten es perfecta para utilizar en una gran variedad de recetas, desde panes y pasteles hasta postres.<\/p>\n<p>F\u00e1cilmente digerible y muy vers\u00e1til, es una opci\u00f3n excelente para quienes siguen una dieta equilibrada y buscan incorporar ingredientes de primera calidad a su alimentaci\u00f3n.<\/p>\n<p><strong>Principales ventajas:<\/strong><\/p>\n<ul>\n<li><strong>Sin gluten:<\/strong> Ideal para personas con intolerancia al gluten o que prefieren una dieta sin gluten.<\/li>\n<li><strong>Rico en nutrientes:<\/strong> Contiene vitaminas y minerales esenciales, como magnesio, hierro y vitamina C, que contribuyen al buen funcionamiento del organismo.<\/li>\n<li><strong>Fuente de energ\u00eda:<\/strong> la harina de casta\u00f1a es una excelente fuente de carbohidratos saludables, que ofrecen energ\u00eda duradera.<\/li>\n<li><strong>F\u00e1cil de usar en recetas:<\/strong> puede utilizarse como sustituto de otras harinas en panes, pasteles, galletas e incluso postres, a\u00f1adiendo un sabor suave y dulce.<\/li>\n<li><strong>Ecol\u00f3gico y natural:<\/strong> Elaborado con casta\u00f1as ecol\u00f3gicas, sin aditivos artificiales ni conservantes, lo que garantiza un producto puro y de alta calidad.<\/li>\n<\/ul>\n<p><strong>Adecuado para:<\/strong><\/p>\n<ul>\n<li><strong>Personas con intolerancia al gluten:<\/strong> Apto para cel\u00edacos o personas que siguen una dieta sin gluten.<\/li>\n<li><strong>Personas que buscan alimentos nutritivos:<\/strong> Ideal para quienes buscan una fuente natural de nutrientes esenciales.<\/li>\n<li><strong>Cocina sana:<\/strong> Perfecto para quienes les gusta cocinar recetas sanas e innovadoras con ingredientes ecol\u00f3gicos y de calidad.<\/li>\n<li><strong>Dieta<\/strong> equilibrada<strong>:<\/strong> Ideal para quienes siguen una dieta equilibrada y desean incluir ingredientes naturales y nutritivos en su rutina diaria.<\/li>\n<\/ul>\n<p><strong>PRESENTACI\u00d3N<\/strong><\/p>\n<p>250g<\/p>\n<p>&nbsp;<\/p>\n","protected":false},"excerpt":{"rendered":"<p>La Harina de Casta\u00f1as Salud Viva es una opci\u00f3n sana y sabrosa para quienes desean diversificar su dieta con un producto natural y nutritivo. [&#8230;]<\/p>\n<p><a class=\"btn btn-secondary understrap-read-more-link\" href=\"https:\/\/www.lifenatura.com\/es\/produto\/harina-de-castanas-250g-salud-viva\/\">Leer m\u00e1s&#8230;<span class=\"screen-reader-text\"> from Harina de Casta\u00f1as 250g &#8211; Salud Viva<\/span><\/a><\/p>\n","protected":false},"featured_media":99924,"template":"","meta":{"_acf_changed":false},"product_brand":[8295],"product_cat":[7064,7084,7074],"product_tag":[],"class_list":{"0":"post-100266","1":"product","2":"type-product","3":"status-publish","4":"has-post-thumbnail","6":"product_brand-salud-viva","7":"product_cat-alimentacion-sana","8":"product_cat-harinas","9":"product_cat-productos-alimenticios","10":"pa_caracteristicas-biologico","11":"pa_caracteristicas-sin-gluten","13":"first","14":"instock","15":"shipping-taxable","16":"purchasable","17":"product-type-simple","18":"add-to-wishlist-before_image"},"acf":[],"yoast_head":"<!-- This site is optimized with the Yoast SEO Premium plugin v27.1 (Yoast SEO v27.5) - https:\/\/yoast.com\/product\/yoast-seo-premium-wordpress\/ -->\n<title>Harina de Casta\u00f1as 250g - Salud Viva - Na Lifenatura ao Melhor Pre\u00e7o | Envio em 48h<\/title>\n<meta name=\"description\" content=\"La Harina de Casta\u00f1as Salud Viva es una opci\u00f3n sana y sabrosa para quienes desean diversificar su dieta con un producto natural y nutritivo.\" \/>\n<meta name=\"robots\" content=\"index, follow, max-snippet:-1, max-image-preview:large, max-video-preview:-1\" \/>\n<link rel=\"canonical\" href=\"https:\/\/www.lifenatura.com\/es\/produto\/harina-de-castanas-250g-salud-viva\/\" \/>\n<meta property=\"og:locale\" content=\"es_ES\" \/>\n<meta property=\"og:type\" content=\"article\" \/>\n<meta property=\"og:title\" content=\"Harina de Casta\u00f1as 250g - Salud Viva - Na Lifenatura ao Melhor Pre\u00e7o | Envio 48h\" \/>\n<meta property=\"og:description\" content=\"Compre Harina de Casta\u00f1as 250g - Salud Viva com envio r\u00e1pido. Entrega em 48h e portes gr\u00e1tis em compras &gt;35\u20ac. Aproveite j\u00e1 na Lifenatura\" \/>\n<meta property=\"og:url\" content=\"https:\/\/www.lifenatura.com\/es\/produto\/harina-de-castanas-250g-salud-viva\/\" \/>\n<meta property=\"og:site_name\" content=\"Lifenatura\" \/>\n<meta property=\"article:publisher\" content=\"https:\/\/www.facebook.com\/lifenatura\" \/>\n<meta property=\"article:modified_time\" content=\"2024-10-15T09:46:02+00:00\" \/>\n<meta property=\"og:image\" content=\"https:\/\/www.lifenatura.com\/wp-content\/uploads\/2024\/10\/farinha-castanha-salud-viva.jpg\" \/>\n\t<meta property=\"og:image:width\" content=\"1000\" \/>\n\t<meta property=\"og:image:height\" content=\"1000\" \/>\n\t<meta property=\"og:image:type\" content=\"image\/jpeg\" \/>\n<meta name=\"twitter:card\" content=\"summary_large_image\" \/>\n<meta name=\"twitter:label1\" content=\"Precio\" \/>\n\t<meta name=\"twitter:data1\" content=\"8,91&nbsp;&euro;\" \/>\n\t<meta name=\"twitter:label2\" content=\"Disponibilidad\" \/>\n\t<meta name=\"twitter:data2\" content=\"Disponible\" \/>\n<script type=\"application\/ld+json\" class=\"yoast-schema-graph\">{\"@context\":\"https:\\\/\\\/schema.org\",\"@graph\":[{\"@type\":\"WebPage\",\"@id\":\"https:\\\/\\\/www.lifenatura.com\\\/es\\\/produto\\\/harina-de-castanas-250g-salud-viva\\\/\",\"url\":\"https:\\\/\\\/www.lifenatura.com\\\/es\\\/produto\\\/harina-de-castanas-250g-salud-viva\\\/\",\"name\":\"Harina de Casta\u00f1as 250g - Salud Viva - Na Lifenatura ao Melhor Pre\u00e7o | Envio em 48h\",\"isPartOf\":{\"@id\":\"https:\\\/\\\/www.lifenatura.com\\\/es\\\/#website\"},\"primaryImageOfPage\":{\"@id\":\"https:\\\/\\\/www.lifenatura.com\\\/es\\\/produto\\\/harina-de-castanas-250g-salud-viva\\\/#primaryimage\"},\"image\":{\"@id\":\"https:\\\/\\\/www.lifenatura.com\\\/es\\\/produto\\\/harina-de-castanas-250g-salud-viva\\\/#primaryimage\"},\"thumbnailUrl\":\"https:\\\/\\\/www.lifenatura.com\\\/wp-content\\\/uploads\\\/2024\\\/10\\\/farinha-castanha-salud-viva.jpg\",\"datePublished\":\"2024-10-05T07:36:31+00:00\",\"dateModified\":\"2024-10-15T09:46:02+00:00\",\"description\":\"La Harina de Casta\u00f1as Salud Viva es una opci\u00f3n sana y sabrosa para quienes desean diversificar su dieta con un producto natural y nutritivo.\",\"breadcrumb\":{\"@id\":\"https:\\\/\\\/www.lifenatura.com\\\/es\\\/produto\\\/harina-de-castanas-250g-salud-viva\\\/#breadcrumb\"},\"inLanguage\":\"es\",\"potentialAction\":[{\"@type\":\"ReadAction\",\"target\":[\"https:\\\/\\\/www.lifenatura.com\\\/es\\\/produto\\\/harina-de-castanas-250g-salud-viva\\\/\"]}]},{\"@type\":\"ImageObject\",\"inLanguage\":\"es\",\"@id\":\"https:\\\/\\\/www.lifenatura.com\\\/es\\\/produto\\\/harina-de-castanas-250g-salud-viva\\\/#primaryimage\",\"url\":\"https:\\\/\\\/www.lifenatura.com\\\/wp-content\\\/uploads\\\/2024\\\/10\\\/farinha-castanha-salud-viva.jpg\",\"contentUrl\":\"https:\\\/\\\/www.lifenatura.com\\\/wp-content\\\/uploads\\\/2024\\\/10\\\/farinha-castanha-salud-viva.jpg\",\"width\":1000,\"height\":1000,\"caption\":\"Harina de casta\u00f1a de la marca salud viva\"},{\"@type\":\"BreadcrumbList\",\"@id\":\"https:\\\/\\\/www.lifenatura.com\\\/es\\\/produto\\\/harina-de-castanas-250g-salud-viva\\\/#breadcrumb\",\"itemListElement\":[{\"@type\":\"ListItem\",\"position\":1,\"name\":\"In\u00edcio\",\"item\":\"https:\\\/\\\/www.lifenatura.com\\\/es\\\/\"},{\"@type\":\"ListItem\",\"position\":2,\"name\":\"Todos los Productos\",\"item\":\"https:\\\/\\\/www.lifenatura.com\\\/es\\\/tienda\\\/\"},{\"@type\":\"ListItem\",\"position\":3,\"name\":\"Harina de Casta\u00f1as 250g &#8211; Salud Viva\"}]},{\"@type\":\"WebSite\",\"@id\":\"https:\\\/\\\/www.lifenatura.com\\\/es\\\/#website\",\"url\":\"https:\\\/\\\/www.lifenatura.com\\\/es\\\/\",\"name\":\"Lifenatura\",\"description\":\"A Lifenatura \u00e9 uma loja de produtos naturais, cosm\u00e9tica natural e alimenta\u00e7\u00e3o Biol\u00f3gica.\",\"publisher\":{\"@id\":\"https:\\\/\\\/www.lifenatura.com\\\/es\\\/#organization\"},\"potentialAction\":[{\"@type\":\"SearchAction\",\"target\":{\"@type\":\"EntryPoint\",\"urlTemplate\":\"https:\\\/\\\/www.lifenatura.com\\\/es\\\/?s={search_term_string}\"},\"query-input\":{\"@type\":\"PropertyValueSpecification\",\"valueRequired\":true,\"valueName\":\"search_term_string\"}}],\"inLanguage\":\"es\"},{\"@type\":\"Organization\",\"@id\":\"https:\\\/\\\/www.lifenatura.com\\\/es\\\/#organization\",\"name\":\"Lifenatura\",\"url\":\"https:\\\/\\\/www.lifenatura.com\\\/es\\\/\",\"logo\":{\"@type\":\"ImageObject\",\"inLanguage\":\"es\",\"@id\":\"https:\\\/\\\/www.lifenatura.com\\\/es\\\/#\\\/schema\\\/logo\\\/image\\\/\",\"url\":\"https:\\\/\\\/www.lifenatura.com\\\/wp-content\\\/uploads\\\/2021\\\/07\\\/logo.png\",\"contentUrl\":\"https:\\\/\\\/www.lifenatura.com\\\/wp-content\\\/uploads\\\/2021\\\/07\\\/logo.png\",\"width\":175,\"height\":55,\"caption\":\"Lifenatura\"},\"image\":{\"@id\":\"https:\\\/\\\/www.lifenatura.com\\\/es\\\/#\\\/schema\\\/logo\\\/image\\\/\"},\"sameAs\":[\"https:\\\/\\\/www.facebook.com\\\/lifenatura\",\"https:\\\/\\\/www.instagram.com\\\/lifenaturapt\\\/\"],\"hasMerchantReturnPolicy\":{\"@type\":\"MerchantReturnPolicy\",\"merchantReturnLink\":\"https:\\\/\\\/www.lifenatura.com\\\/termos-condicoes-lifenatura\\\/\"}}]}<\/script>\n<meta property=\"product:price:amount\" content=\"8.91\" \/>\n<meta property=\"product:price:currency\" content=\"EUR\" \/>\n<meta property=\"og:availability\" content=\"instock\" \/>\n<meta property=\"product:availability\" content=\"instock\" \/>\n<meta property=\"product:retailer_item_id\" content=\"17650000007\" \/>\n<meta property=\"product:condition\" content=\"new\" \/>\n<!-- \/ Yoast SEO Premium plugin. -->","yoast_head_json":{"title":"Harina de Casta\u00f1as 250g - Salud Viva - Na Lifenatura ao Melhor Pre\u00e7o | Envio em 48h","description":"La Harina de Casta\u00f1as Salud Viva es una opci\u00f3n sana y sabrosa para quienes desean diversificar su dieta con un producto natural y nutritivo.","robots":{"index":"index","follow":"follow","max-snippet":"max-snippet:-1","max-image-preview":"max-image-preview:large","max-video-preview":"max-video-preview:-1"},"canonical":"https:\/\/www.lifenatura.com\/es\/produto\/harina-de-castanas-250g-salud-viva\/","og_locale":"es_ES","og_type":"article","og_title":"Harina de Casta\u00f1as 250g - Salud Viva - Na Lifenatura ao Melhor Pre\u00e7o | Envio 48h","og_description":"Compre Harina de Casta\u00f1as 250g - Salud Viva com envio r\u00e1pido. Entrega em 48h e portes gr\u00e1tis em compras >35\u20ac. Aproveite j\u00e1 na Lifenatura","og_url":"https:\/\/www.lifenatura.com\/es\/produto\/harina-de-castanas-250g-salud-viva\/","og_site_name":"Lifenatura","article_publisher":"https:\/\/www.facebook.com\/lifenatura","article_modified_time":"2024-10-15T09:46:02+00:00","og_image":[{"width":1000,"height":1000,"url":"https:\/\/www.lifenatura.com\/wp-content\/uploads\/2024\/10\/farinha-castanha-salud-viva.jpg","type":"image\/jpeg"}],"twitter_card":"summary_large_image","twitter_misc":{"Precio":"8,91&nbsp;&euro;","Disponibilidad":"Disponible"},"schema":{"@context":"https:\/\/schema.org","@graph":[{"@type":"WebPage","@id":"https:\/\/www.lifenatura.com\/es\/produto\/harina-de-castanas-250g-salud-viva\/","url":"https:\/\/www.lifenatura.com\/es\/produto\/harina-de-castanas-250g-salud-viva\/","name":"Harina de Casta\u00f1as 250g - Salud Viva - Na Lifenatura ao Melhor Pre\u00e7o | Envio em 48h","isPartOf":{"@id":"https:\/\/www.lifenatura.com\/es\/#website"},"primaryImageOfPage":{"@id":"https:\/\/www.lifenatura.com\/es\/produto\/harina-de-castanas-250g-salud-viva\/#primaryimage"},"image":{"@id":"https:\/\/www.lifenatura.com\/es\/produto\/harina-de-castanas-250g-salud-viva\/#primaryimage"},"thumbnailUrl":"https:\/\/www.lifenatura.com\/wp-content\/uploads\/2024\/10\/farinha-castanha-salud-viva.jpg","datePublished":"2024-10-05T07:36:31+00:00","dateModified":"2024-10-15T09:46:02+00:00","description":"La Harina de Casta\u00f1as Salud Viva es una opci\u00f3n sana y sabrosa para quienes desean diversificar su dieta con un producto natural y nutritivo.","breadcrumb":{"@id":"https:\/\/www.lifenatura.com\/es\/produto\/harina-de-castanas-250g-salud-viva\/#breadcrumb"},"inLanguage":"es","potentialAction":[{"@type":"ReadAction","target":["https:\/\/www.lifenatura.com\/es\/produto\/harina-de-castanas-250g-salud-viva\/"]}]},{"@type":"ImageObject","inLanguage":"es","@id":"https:\/\/www.lifenatura.com\/es\/produto\/harina-de-castanas-250g-salud-viva\/#primaryimage","url":"https:\/\/www.lifenatura.com\/wp-content\/uploads\/2024\/10\/farinha-castanha-salud-viva.jpg","contentUrl":"https:\/\/www.lifenatura.com\/wp-content\/uploads\/2024\/10\/farinha-castanha-salud-viva.jpg","width":1000,"height":1000,"caption":"Harina de casta\u00f1a de la marca salud viva"},{"@type":"BreadcrumbList","@id":"https:\/\/www.lifenatura.com\/es\/produto\/harina-de-castanas-250g-salud-viva\/#breadcrumb","itemListElement":[{"@type":"ListItem","position":1,"name":"In\u00edcio","item":"https:\/\/www.lifenatura.com\/es\/"},{"@type":"ListItem","position":2,"name":"Todos los Productos","item":"https:\/\/www.lifenatura.com\/es\/tienda\/"},{"@type":"ListItem","position":3,"name":"Harina de Casta\u00f1as 250g &#8211; Salud Viva"}]},{"@type":"WebSite","@id":"https:\/\/www.lifenatura.com\/es\/#website","url":"https:\/\/www.lifenatura.com\/es\/","name":"Lifenatura","description":"A Lifenatura \u00e9 uma loja de produtos naturais, cosm\u00e9tica natural e alimenta\u00e7\u00e3o Biol\u00f3gica.","publisher":{"@id":"https:\/\/www.lifenatura.com\/es\/#organization"},"potentialAction":[{"@type":"SearchAction","target":{"@type":"EntryPoint","urlTemplate":"https:\/\/www.lifenatura.com\/es\/?s={search_term_string}"},"query-input":{"@type":"PropertyValueSpecification","valueRequired":true,"valueName":"search_term_string"}}],"inLanguage":"es"},{"@type":"Organization","@id":"https:\/\/www.lifenatura.com\/es\/#organization","name":"Lifenatura","url":"https:\/\/www.lifenatura.com\/es\/","logo":{"@type":"ImageObject","inLanguage":"es","@id":"https:\/\/www.lifenatura.com\/es\/#\/schema\/logo\/image\/","url":"https:\/\/www.lifenatura.com\/wp-content\/uploads\/2021\/07\/logo.png","contentUrl":"https:\/\/www.lifenatura.com\/wp-content\/uploads\/2021\/07\/logo.png","width":175,"height":55,"caption":"Lifenatura"},"image":{"@id":"https:\/\/www.lifenatura.com\/es\/#\/schema\/logo\/image\/"},"sameAs":["https:\/\/www.facebook.com\/lifenatura","https:\/\/www.instagram.com\/lifenaturapt\/"],"hasMerchantReturnPolicy":{"@type":"MerchantReturnPolicy","merchantReturnLink":"https:\/\/www.lifenatura.com\/termos-condicoes-lifenatura\/"}}]},"product_price_amount":"8.91","product_price_currency":"EUR","og_availability":"instock","product_availability":"instock","product_retailer_item_id":"17650000007","product_condition":"new"},"df_price":8.91,"df_sale_price":"","df_regular_price":8.91,"df_image_link":"https:\/\/www.lifenatura.com\/wp-content\/uploads\/2024\/10\/farinha-castanha-salud-viva-300x300.jpg","_links":{"self":[{"href":"https:\/\/www.lifenatura.com\/es\/wp-json\/wp\/v2\/product\/100266","targetHints":{"allow":["GET"]}}],"collection":[{"href":"https:\/\/www.lifenatura.com\/es\/wp-json\/wp\/v2\/product"}],"about":[{"href":"https:\/\/www.lifenatura.com\/es\/wp-json\/wp\/v2\/types\/product"}],"wp:featuredmedia":[{"embeddable":true,"href":"https:\/\/www.lifenatura.com\/es\/wp-json\/wp\/v2\/media\/99924"}],"wp:attachment":[{"href":"https:\/\/www.lifenatura.com\/es\/wp-json\/wp\/v2\/media?parent=100266"}],"wp:term":[{"taxonomy":"product_brand","embeddable":true,"href":"https:\/\/www.lifenatura.com\/es\/wp-json\/wp\/v2\/product_brand?post=100266"},{"taxonomy":"product_cat","embeddable":true,"href":"https:\/\/www.lifenatura.com\/es\/wp-json\/wp\/v2\/product_cat?post=100266"},{"taxonomy":"product_tag","embeddable":true,"href":"https:\/\/www.lifenatura.com\/es\/wp-json\/wp\/v2\/product_tag?post=100266"}],"curies":[{"name":"wp","href":"https:\/\/api.w.org\/{rel}","templated":true}]}}