{"id":100262,"date":"2024-10-10T13:41:34","date_gmt":"2024-10-10T13:41:34","guid":{"rendered":"https:\/\/www.lifenatura.com\/produto\/vinagre-de-sidra-de-manzana-sin-filtrar-500ml-naturgreen\/"},"modified":"2024-10-15T10:27:57","modified_gmt":"2024-10-15T10:27:57","slug":"vinagre-de-sidra-de-manzana-sin-filtrar-500ml-naturgreen","status":"publish","type":"product","link":"https:\/\/www.lifenatura.com\/es\/produto\/vinagre-de-sidra-de-manzana-sin-filtrar-500ml-naturgreen\/","title":{"rendered":"Vinagre de sidra de manzana sin filtrar 500ml &#8211; Naturgreen"},"content":{"rendered":"<h2 style=\"text-align: left;\"><strong>El Vinagre de Sidra de Manzana Naturgreen mejora la digesti\u00f3n<\/strong><\/h2>\n<p>&nbsp;<\/p>\n<p>El vinagre de sidra de manzana Naturgreen se elabora a partir de manzanas seleccionadas mediante un proceso de fermentaci\u00f3n natural que conserva todas las propiedades beneficiosas de la fruta. Este vinagre es un producto puro, sin filtrar, ideal para ali\u00f1ar ensaladas, utilizar en adobos o incorporar a un r\u00e9gimen diario de bienestar.<\/p>\n<p>Rico en enzimas y nutrientes, es un valioso aliado para quienes buscan un estilo de vida m\u00e1s sano. Vinagre sin filtrar.<\/p>\n<p><strong>Principales ventajas:<\/strong><\/p>\n<ul>\n<li><strong>Mejora la digesti\u00f3n:<\/strong> Este vinagre contiene enzimas naturales y probi\u00f3ticos que facilitan la digesti\u00f3n y favorecen un sistema digestivo sano.<\/li>\n<li><strong>Favorece la desintoxicaci\u00f3n del organismo:<\/strong> Con propiedades antioxidantes, ayuda a eliminar toxinas, favoreciendo la salud general.<\/li>\n<li><strong>Equilibrio del peso corporal:<\/strong> Es popular entre quienes desean controlar su peso, ya que puede ayudar a aumentar la saciedad y acelerar el metabolismo.<\/li>\n<\/ul>\n<p><strong>Adecuado para:<\/strong><\/p>\n<p>El vinagre de sidra de manzana de Naturgreen es ideal para las personas que desean incluir ingredientes naturales en su dieta para mejorar la digesti\u00f3n, desintoxicar el organismo y ayudar a mantener un peso saludable.<\/p>\n<p>El vinagre de sidra de manzana ecol\u00f3gico sin filtrar de NaturGreen no s\u00f3lo es exquisito y un gran aliado para todo tipo de salsas y vinagretas para ensaladas o cualquier plato, sino que adem\u00e1s es 100% ecol\u00f3gico. Se crea a partir de la mejor sidra asturiana mediante acidificaci\u00f3n natural y se madura en barricas de roble.<\/p>\n<p>Es un alimento probi\u00f3tico que beneficia nuestra flora intestinal y nuestro sistema inmunitario.<\/p>\n<p>Adem\u00e1s, su potente sabor es \u00e1cido y afrutado y, gracias a ello, aporta deliciosos matices a nuestros platos. Es apto para veganos y vegetarianos.<\/p>\n<p><strong>PRESENTACI\u00d3N<\/strong><\/p>\n<p>500 ml<\/p>\n<p>&nbsp;<\/p>\n","protected":false},"excerpt":{"rendered":"<p>El Vinagre de Sidra de Manzana Naturgreen, producido sin filtrar y ecol\u00f3gico, es rico en enzimas e ideal para desintoxicar y favorecer la digesti\u00f3n. [&#8230;]<\/p>\n<p><a class=\"btn btn-secondary understrap-read-more-link\" href=\"https:\/\/www.lifenatura.com\/es\/produto\/vinagre-de-sidra-de-manzana-sin-filtrar-500ml-naturgreen\/\">Leer m\u00e1s&#8230;<span class=\"screen-reader-text\"> from Vinagre de sidra de manzana sin filtrar 500ml &#8211; Naturgreen<\/span><\/a><\/p>\n","protected":false},"featured_media":100215,"template":"","meta":{"_acf_changed":false},"product_brand":[8344],"product_cat":[7077,7064,7074],"product_tag":[],"class_list":{"0":"post-100262","1":"product","2":"type-product","3":"status-publish","4":"has-post-thumbnail","6":"product_brand-naturgreen-es","7":"product_cat-aceites-vinagres","8":"product_cat-alimentacion-sana","9":"product_cat-productos-alimenticios","10":"pa_caracteristicas-biologico","11":"pa_caracteristicas-sin-gluten","12":"pa_caracteristicas-vegano","13":"pa_caracteristicas-vegetariano","15":"first","16":"instock","17":"shipping-taxable","18":"purchasable","19":"product-type-simple","20":"add-to-wishlist-before_image"},"acf":[],"yoast_head":"<!-- This site is optimized with the Yoast SEO Premium plugin v27.1 (Yoast SEO v27.6) - https:\/\/yoast.com\/product\/yoast-seo-premium-wordpress\/ -->\n<title>Vinagre de sidra de manzana sin filtrar 500ml - Naturgreen - Na Lifenatura ao Melhor Pre\u00e7o | Envio em 48h<\/title>\n<meta name=\"description\" content=\"El Vinagre de Sidra de Manzana Naturgreen, producido sin filtrar y ecol\u00f3gico, es rico en enzimas e ideal para desintoxicar y favorecer la digesti\u00f3n.\" \/>\n<meta name=\"robots\" content=\"index, follow, max-snippet:-1, max-image-preview:large, max-video-preview:-1\" \/>\n<link rel=\"canonical\" href=\"https:\/\/www.lifenatura.com\/es\/produto\/vinagre-de-sidra-de-manzana-sin-filtrar-500ml-naturgreen\/\" \/>\n<meta property=\"og:locale\" content=\"es_ES\" \/>\n<meta property=\"og:type\" content=\"article\" \/>\n<meta property=\"og:title\" content=\"Vinagre de sidra de manzana sin filtrar 500ml - Naturgreen - Na Lifenatura ao Melhor Pre\u00e7o | Envio 48h\" \/>\n<meta property=\"og:description\" content=\"Compre Vinagre de sidra de manzana sin filtrar 500ml - Naturgreen com envio r\u00e1pido. Entrega em 48h e portes gr\u00e1tis em compras &gt;35\u20ac. Aproveite j\u00e1 na Lifenatura\" \/>\n<meta property=\"og:url\" content=\"https:\/\/www.lifenatura.com\/es\/produto\/vinagre-de-sidra-de-manzana-sin-filtrar-500ml-naturgreen\/\" \/>\n<meta property=\"og:site_name\" content=\"Lifenatura\" \/>\n<meta property=\"article:publisher\" content=\"https:\/\/www.facebook.com\/lifenatura\" \/>\n<meta property=\"article:modified_time\" content=\"2024-10-15T10:27:57+00:00\" \/>\n<meta property=\"og:image\" content=\"https:\/\/www.lifenatura.com\/wp-content\/uploads\/2024\/10\/vinagre-cidra-maca-sem-filtrar-naturgreen.jpg\" \/>\n\t<meta property=\"og:image:width\" content=\"1000\" \/>\n\t<meta property=\"og:image:height\" content=\"1000\" \/>\n\t<meta property=\"og:image:type\" content=\"image\/jpeg\" \/>\n<meta name=\"twitter:card\" content=\"summary_large_image\" \/>\n<meta name=\"twitter:label1\" content=\"Precio\" \/>\n\t<meta name=\"twitter:data1\" content=\"4,42&nbsp;&euro;\" \/>\n\t<meta name=\"twitter:label2\" content=\"Disponibilidad\" \/>\n\t<meta name=\"twitter:data2\" content=\"Disponible\" \/>\n<script type=\"application\/ld+json\" class=\"yoast-schema-graph\">{\"@context\":\"https:\\\/\\\/schema.org\",\"@graph\":[{\"@type\":\"WebPage\",\"@id\":\"https:\\\/\\\/www.lifenatura.com\\\/es\\\/produto\\\/vinagre-de-sidra-de-manzana-sin-filtrar-500ml-naturgreen\\\/\",\"url\":\"https:\\\/\\\/www.lifenatura.com\\\/es\\\/produto\\\/vinagre-de-sidra-de-manzana-sin-filtrar-500ml-naturgreen\\\/\",\"name\":\"Vinagre de sidra de manzana sin filtrar 500ml - Naturgreen - Na Lifenatura ao Melhor Pre\u00e7o | Envio em 48h\",\"isPartOf\":{\"@id\":\"https:\\\/\\\/www.lifenatura.com\\\/es\\\/#website\"},\"primaryImageOfPage\":{\"@id\":\"https:\\\/\\\/www.lifenatura.com\\\/es\\\/produto\\\/vinagre-de-sidra-de-manzana-sin-filtrar-500ml-naturgreen\\\/#primaryimage\"},\"image\":{\"@id\":\"https:\\\/\\\/www.lifenatura.com\\\/es\\\/produto\\\/vinagre-de-sidra-de-manzana-sin-filtrar-500ml-naturgreen\\\/#primaryimage\"},\"thumbnailUrl\":\"https:\\\/\\\/www.lifenatura.com\\\/wp-content\\\/uploads\\\/2024\\\/10\\\/vinagre-cidra-maca-sem-filtrar-naturgreen.jpg\",\"datePublished\":\"2024-10-10T13:41:34+00:00\",\"dateModified\":\"2024-10-15T10:27:57+00:00\",\"description\":\"El Vinagre de Sidra de Manzana Naturgreen, producido sin filtrar y ecol\u00f3gico, es rico en enzimas e ideal para desintoxicar y favorecer la digesti\u00f3n.\",\"breadcrumb\":{\"@id\":\"https:\\\/\\\/www.lifenatura.com\\\/es\\\/produto\\\/vinagre-de-sidra-de-manzana-sin-filtrar-500ml-naturgreen\\\/#breadcrumb\"},\"inLanguage\":\"es\",\"potentialAction\":[{\"@type\":\"ReadAction\",\"target\":[\"https:\\\/\\\/www.lifenatura.com\\\/es\\\/produto\\\/vinagre-de-sidra-de-manzana-sin-filtrar-500ml-naturgreen\\\/\"]}]},{\"@type\":\"ImageObject\",\"inLanguage\":\"es\",\"@id\":\"https:\\\/\\\/www.lifenatura.com\\\/es\\\/produto\\\/vinagre-de-sidra-de-manzana-sin-filtrar-500ml-naturgreen\\\/#primaryimage\",\"url\":\"https:\\\/\\\/www.lifenatura.com\\\/wp-content\\\/uploads\\\/2024\\\/10\\\/vinagre-cidra-maca-sem-filtrar-naturgreen.jpg\",\"contentUrl\":\"https:\\\/\\\/www.lifenatura.com\\\/wp-content\\\/uploads\\\/2024\\\/10\\\/vinagre-cidra-maca-sem-filtrar-naturgreen.jpg\",\"width\":1000,\"height\":1000,\"caption\":\"vinagre de sidra de manzana sin filtrar de naturgreen\"},{\"@type\":\"BreadcrumbList\",\"@id\":\"https:\\\/\\\/www.lifenatura.com\\\/es\\\/produto\\\/vinagre-de-sidra-de-manzana-sin-filtrar-500ml-naturgreen\\\/#breadcrumb\",\"itemListElement\":[{\"@type\":\"ListItem\",\"position\":1,\"name\":\"In\u00edcio\",\"item\":\"https:\\\/\\\/www.lifenatura.com\\\/es\\\/\"},{\"@type\":\"ListItem\",\"position\":2,\"name\":\"Todos los Productos\",\"item\":\"https:\\\/\\\/www.lifenatura.com\\\/es\\\/tienda\\\/\"},{\"@type\":\"ListItem\",\"position\":3,\"name\":\"Vinagre de sidra de manzana sin filtrar 500ml &#8211; Naturgreen\"}]},{\"@type\":\"WebSite\",\"@id\":\"https:\\\/\\\/www.lifenatura.com\\\/es\\\/#website\",\"url\":\"https:\\\/\\\/www.lifenatura.com\\\/es\\\/\",\"name\":\"Lifenatura\",\"description\":\"A Lifenatura \u00e9 uma loja de produtos naturais, cosm\u00e9tica natural e alimenta\u00e7\u00e3o Biol\u00f3gica.\",\"publisher\":{\"@id\":\"https:\\\/\\\/www.lifenatura.com\\\/es\\\/#organization\"},\"potentialAction\":[{\"@type\":\"SearchAction\",\"target\":{\"@type\":\"EntryPoint\",\"urlTemplate\":\"https:\\\/\\\/www.lifenatura.com\\\/es\\\/?s={search_term_string}\"},\"query-input\":{\"@type\":\"PropertyValueSpecification\",\"valueRequired\":true,\"valueName\":\"search_term_string\"}}],\"inLanguage\":\"es\"},{\"@type\":\"Organization\",\"@id\":\"https:\\\/\\\/www.lifenatura.com\\\/es\\\/#organization\",\"name\":\"Lifenatura\",\"url\":\"https:\\\/\\\/www.lifenatura.com\\\/es\\\/\",\"logo\":{\"@type\":\"ImageObject\",\"inLanguage\":\"es\",\"@id\":\"https:\\\/\\\/www.lifenatura.com\\\/es\\\/#\\\/schema\\\/logo\\\/image\\\/\",\"url\":\"https:\\\/\\\/www.lifenatura.com\\\/wp-content\\\/uploads\\\/2021\\\/07\\\/logo.png\",\"contentUrl\":\"https:\\\/\\\/www.lifenatura.com\\\/wp-content\\\/uploads\\\/2021\\\/07\\\/logo.png\",\"width\":175,\"height\":55,\"caption\":\"Lifenatura\"},\"image\":{\"@id\":\"https:\\\/\\\/www.lifenatura.com\\\/es\\\/#\\\/schema\\\/logo\\\/image\\\/\"},\"sameAs\":[\"https:\\\/\\\/www.facebook.com\\\/lifenatura\",\"https:\\\/\\\/www.instagram.com\\\/lifenaturapt\\\/\"],\"hasMerchantReturnPolicy\":{\"@type\":\"MerchantReturnPolicy\",\"merchantReturnLink\":\"https:\\\/\\\/www.lifenatura.com\\\/termos-condicoes-lifenatura\\\/\"}}]}<\/script>\n<meta property=\"product:price:amount\" content=\"4.42\" \/>\n<meta property=\"product:price:currency\" content=\"EUR\" \/>\n<meta property=\"og:availability\" content=\"instock\" \/>\n<meta property=\"product:availability\" content=\"instock\" \/>\n<meta property=\"product:retailer_item_id\" content=\"8436542195959\" \/>\n<meta property=\"product:condition\" content=\"new\" \/>\n<!-- \/ Yoast SEO Premium plugin. -->","yoast_head_json":{"title":"Vinagre de sidra de manzana sin filtrar 500ml - Naturgreen - Na Lifenatura ao Melhor Pre\u00e7o | Envio em 48h","description":"El Vinagre de Sidra de Manzana Naturgreen, producido sin filtrar y ecol\u00f3gico, es rico en enzimas e ideal para desintoxicar y favorecer la digesti\u00f3n.","robots":{"index":"index","follow":"follow","max-snippet":"max-snippet:-1","max-image-preview":"max-image-preview:large","max-video-preview":"max-video-preview:-1"},"canonical":"https:\/\/www.lifenatura.com\/es\/produto\/vinagre-de-sidra-de-manzana-sin-filtrar-500ml-naturgreen\/","og_locale":"es_ES","og_type":"article","og_title":"Vinagre de sidra de manzana sin filtrar 500ml - Naturgreen - Na Lifenatura ao Melhor Pre\u00e7o | Envio 48h","og_description":"Compre Vinagre de sidra de manzana sin filtrar 500ml - Naturgreen com envio r\u00e1pido. Entrega em 48h e portes gr\u00e1tis em compras >35\u20ac. Aproveite j\u00e1 na Lifenatura","og_url":"https:\/\/www.lifenatura.com\/es\/produto\/vinagre-de-sidra-de-manzana-sin-filtrar-500ml-naturgreen\/","og_site_name":"Lifenatura","article_publisher":"https:\/\/www.facebook.com\/lifenatura","article_modified_time":"2024-10-15T10:27:57+00:00","og_image":[{"width":1000,"height":1000,"url":"https:\/\/www.lifenatura.com\/wp-content\/uploads\/2024\/10\/vinagre-cidra-maca-sem-filtrar-naturgreen.jpg","type":"image\/jpeg"}],"twitter_card":"summary_large_image","twitter_misc":{"Precio":"4,42&nbsp;&euro;","Disponibilidad":"Disponible"},"schema":{"@context":"https:\/\/schema.org","@graph":[{"@type":"WebPage","@id":"https:\/\/www.lifenatura.com\/es\/produto\/vinagre-de-sidra-de-manzana-sin-filtrar-500ml-naturgreen\/","url":"https:\/\/www.lifenatura.com\/es\/produto\/vinagre-de-sidra-de-manzana-sin-filtrar-500ml-naturgreen\/","name":"Vinagre de sidra de manzana sin filtrar 500ml - Naturgreen - Na Lifenatura ao Melhor Pre\u00e7o | Envio em 48h","isPartOf":{"@id":"https:\/\/www.lifenatura.com\/es\/#website"},"primaryImageOfPage":{"@id":"https:\/\/www.lifenatura.com\/es\/produto\/vinagre-de-sidra-de-manzana-sin-filtrar-500ml-naturgreen\/#primaryimage"},"image":{"@id":"https:\/\/www.lifenatura.com\/es\/produto\/vinagre-de-sidra-de-manzana-sin-filtrar-500ml-naturgreen\/#primaryimage"},"thumbnailUrl":"https:\/\/www.lifenatura.com\/wp-content\/uploads\/2024\/10\/vinagre-cidra-maca-sem-filtrar-naturgreen.jpg","datePublished":"2024-10-10T13:41:34+00:00","dateModified":"2024-10-15T10:27:57+00:00","description":"El Vinagre de Sidra de Manzana Naturgreen, producido sin filtrar y ecol\u00f3gico, es rico en enzimas e ideal para desintoxicar y favorecer la digesti\u00f3n.","breadcrumb":{"@id":"https:\/\/www.lifenatura.com\/es\/produto\/vinagre-de-sidra-de-manzana-sin-filtrar-500ml-naturgreen\/#breadcrumb"},"inLanguage":"es","potentialAction":[{"@type":"ReadAction","target":["https:\/\/www.lifenatura.com\/es\/produto\/vinagre-de-sidra-de-manzana-sin-filtrar-500ml-naturgreen\/"]}]},{"@type":"ImageObject","inLanguage":"es","@id":"https:\/\/www.lifenatura.com\/es\/produto\/vinagre-de-sidra-de-manzana-sin-filtrar-500ml-naturgreen\/#primaryimage","url":"https:\/\/www.lifenatura.com\/wp-content\/uploads\/2024\/10\/vinagre-cidra-maca-sem-filtrar-naturgreen.jpg","contentUrl":"https:\/\/www.lifenatura.com\/wp-content\/uploads\/2024\/10\/vinagre-cidra-maca-sem-filtrar-naturgreen.jpg","width":1000,"height":1000,"caption":"vinagre de sidra de manzana sin filtrar de naturgreen"},{"@type":"BreadcrumbList","@id":"https:\/\/www.lifenatura.com\/es\/produto\/vinagre-de-sidra-de-manzana-sin-filtrar-500ml-naturgreen\/#breadcrumb","itemListElement":[{"@type":"ListItem","position":1,"name":"In\u00edcio","item":"https:\/\/www.lifenatura.com\/es\/"},{"@type":"ListItem","position":2,"name":"Todos los Productos","item":"https:\/\/www.lifenatura.com\/es\/tienda\/"},{"@type":"ListItem","position":3,"name":"Vinagre de sidra de manzana sin filtrar 500ml &#8211; Naturgreen"}]},{"@type":"WebSite","@id":"https:\/\/www.lifenatura.com\/es\/#website","url":"https:\/\/www.lifenatura.com\/es\/","name":"Lifenatura","description":"A Lifenatura \u00e9 uma loja de produtos naturais, cosm\u00e9tica natural e alimenta\u00e7\u00e3o Biol\u00f3gica.","publisher":{"@id":"https:\/\/www.lifenatura.com\/es\/#organization"},"potentialAction":[{"@type":"SearchAction","target":{"@type":"EntryPoint","urlTemplate":"https:\/\/www.lifenatura.com\/es\/?s={search_term_string}"},"query-input":{"@type":"PropertyValueSpecification","valueRequired":true,"valueName":"search_term_string"}}],"inLanguage":"es"},{"@type":"Organization","@id":"https:\/\/www.lifenatura.com\/es\/#organization","name":"Lifenatura","url":"https:\/\/www.lifenatura.com\/es\/","logo":{"@type":"ImageObject","inLanguage":"es","@id":"https:\/\/www.lifenatura.com\/es\/#\/schema\/logo\/image\/","url":"https:\/\/www.lifenatura.com\/wp-content\/uploads\/2021\/07\/logo.png","contentUrl":"https:\/\/www.lifenatura.com\/wp-content\/uploads\/2021\/07\/logo.png","width":175,"height":55,"caption":"Lifenatura"},"image":{"@id":"https:\/\/www.lifenatura.com\/es\/#\/schema\/logo\/image\/"},"sameAs":["https:\/\/www.facebook.com\/lifenatura","https:\/\/www.instagram.com\/lifenaturapt\/"],"hasMerchantReturnPolicy":{"@type":"MerchantReturnPolicy","merchantReturnLink":"https:\/\/www.lifenatura.com\/termos-condicoes-lifenatura\/"}}]},"product_price_amount":"4.42","product_price_currency":"EUR","og_availability":"instock","product_availability":"instock","product_retailer_item_id":"8436542195959","product_condition":"new"},"df_price":4.42,"df_sale_price":"","df_regular_price":4.42,"df_image_link":"https:\/\/www.lifenatura.com\/wp-content\/uploads\/2024\/10\/vinagre-cidra-maca-sem-filtrar-naturgreen-300x300.jpg","_links":{"self":[{"href":"https:\/\/www.lifenatura.com\/es\/wp-json\/wp\/v2\/product\/100262","targetHints":{"allow":["GET"]}}],"collection":[{"href":"https:\/\/www.lifenatura.com\/es\/wp-json\/wp\/v2\/product"}],"about":[{"href":"https:\/\/www.lifenatura.com\/es\/wp-json\/wp\/v2\/types\/product"}],"wp:featuredmedia":[{"embeddable":true,"href":"https:\/\/www.lifenatura.com\/es\/wp-json\/wp\/v2\/media\/100215"}],"wp:attachment":[{"href":"https:\/\/www.lifenatura.com\/es\/wp-json\/wp\/v2\/media?parent=100262"}],"wp:term":[{"taxonomy":"product_brand","embeddable":true,"href":"https:\/\/www.lifenatura.com\/es\/wp-json\/wp\/v2\/product_brand?post=100262"},{"taxonomy":"product_cat","embeddable":true,"href":"https:\/\/www.lifenatura.com\/es\/wp-json\/wp\/v2\/product_cat?post=100262"},{"taxonomy":"product_tag","embeddable":true,"href":"https:\/\/www.lifenatura.com\/es\/wp-json\/wp\/v2\/product_tag?post=100262"}],"curies":[{"name":"wp","href":"https:\/\/api.w.org\/{rel}","templated":true}]}}