{"id":100253,"date":"2024-10-09T17:58:52","date_gmt":"2024-10-09T17:58:52","guid":{"rendered":"https:\/\/www.lifenatura.com\/produto\/aceite-de-linaza-1a-presion-fria-250ml-naturgreen\/"},"modified":"2024-10-15T10:42:26","modified_gmt":"2024-10-15T10:42:26","slug":"aceite-de-linaza-1a-presion-fria-250ml-naturgreen","status":"publish","type":"product","link":"https:\/\/www.lifenatura.com\/es\/produto\/aceite-de-linaza-1a-presion-fria-250ml-naturgreen\/","title":{"rendered":"Aceite de Linaza 1\u00aa Presi\u00f3n Fr\u00eda 250ml &#8211; Naturgreen"},"content":{"rendered":"<h2 style=\"text-align: left;\">Naturgreen 1er Aceite de Linaza Prensado en Fr\u00edo rico en Omega 3<\/h2>\n<p>&nbsp;<\/p>\n<p><strong>El Aceite de Linaza de 1\u00aa Presi\u00f3n en Fr\u00edo Naturgreen<\/strong> se obtiene de las mejores semillas de lino, cuidadosamente prensadas en fr\u00edo para preservar la riqueza de sus nutrientes naturales. Este aceite es una excelente fuente de \u00e1cidos grasos Omega 3, esenciales para la salud cardiovascular y la funci\u00f3n cerebral.<\/p>\n<p>Con su sabor suave, es ideal para ali\u00f1ar ensaladas, salsas y otros platos fr\u00edos, a\u00f1adiendo un toque sano y nutritivo a tu dieta diaria. El Aceite de Linaza Ecol\u00f3gico de NaturGreen en formato de 250 ml es una opci\u00f3n sana y ecol\u00f3gica para quienes desean mejorar su dieta consumiendo grasas saludables.<\/p>\n<p>Este aceite se obtiene por prensado en fr\u00edo de semillas de lino de cultivo ecol\u00f3gico, lo que conserva todas sus propiedades nutritivas y beneficiosas sin utilizar productos qu\u00edmicos ni pesticidas.<\/p>\n<p><strong>Principales ventajas:<\/strong><\/p>\n<ul>\n<li><strong>Rico en Omega 3:<\/strong> Favorece la salud cardiovascular, promueve la funci\u00f3n cognitiva y ayuda a reducir la inflamaci\u00f3n.<\/li>\n<li><strong>Antioxidante natural:<\/strong> Ayuda a combatir los radicales libres y protege las c\u00e9lulas del organismo.<\/li>\n<li><strong>Extra\u00eddo en fr\u00edo para mantener la calidad nutricional:<\/strong> pureza garantizada y sabor original de la linaza.<\/li>\n<\/ul>\n<p><strong>Adecuado para:<\/strong><\/p>\n<p>El aceite de linaza es ideal para cualquiera que busque una fuente natural de grasas saludables en su dieta, sobre todo para las personas que quieren cuidar su salud cardiaca, favorecer la funci\u00f3n cerebral y reforzar su sistema inmunitario. Apto para vegetarianos y veganos, y perfecto para quienes desean adoptar una dieta equilibrada rica en nutrientes esenciales.<\/p>\n<p><strong>PRESENTACI\u00d3N <\/strong><\/p>\n<p>250g<\/p>\n<p>&nbsp;<\/p>\n","protected":false},"excerpt":{"rendered":"<p>Aceite de Linaza Naturgreen, prensado en fr\u00edo y rico en Omega 3. Ideal para una dieta sana y equilibrada. \u00a1C\u00f3mpralo ahora en nuestra tienda online! [&#8230;]<\/p>\n<p><a class=\"btn btn-secondary understrap-read-more-link\" href=\"https:\/\/www.lifenatura.com\/es\/produto\/aceite-de-linaza-1a-presion-fria-250ml-naturgreen\/\">Leer m\u00e1s&#8230;<span class=\"screen-reader-text\"> from Aceite de Linaza 1\u00aa Presi\u00f3n Fr\u00eda 250ml &#8211; Naturgreen<\/span><\/a><\/p>\n","protected":false},"featured_media":100180,"template":"","meta":{"_acf_changed":false},"product_brand":[8344],"product_cat":[7077,7064,7074],"product_tag":[],"class_list":{"0":"post-100253","1":"product","2":"type-product","3":"status-publish","4":"has-post-thumbnail","6":"product_brand-naturgreen-es","7":"product_cat-aceites-vinagres","8":"product_cat-alimentacion-sana","9":"product_cat-productos-alimenticios","10":"pa_caracteristicas-biologico","11":"pa_caracteristicas-sin-azucares-anadidos","12":"pa_caracteristicas-sin-gluten","13":"pa_caracteristicas-vegano","14":"pa_caracteristicas-vegetariano","16":"first","17":"instock","18":"shipping-taxable","19":"purchasable","20":"product-type-simple","21":"add-to-wishlist-before_image"},"acf":[],"yoast_head":"<!-- This site is optimized with the Yoast SEO Premium plugin v27.1 (Yoast SEO v27.5) - https:\/\/yoast.com\/product\/yoast-seo-premium-wordpress\/ -->\n<title>Aceite de Linaza 1\u00aa Presi\u00f3n Fr\u00eda 250ml - Naturgreen - Na Lifenatura ao Melhor Pre\u00e7o | Envio em 48h<\/title>\n<meta name=\"description\" content=\"Aceite de Linaza Naturgreen, prensado en fr\u00edo y rico en Omega 3. Ideal para una dieta sana y equilibrada. \u00a1C\u00f3mpralo ahora en nuestra tienda online!\" \/>\n<meta name=\"robots\" content=\"index, follow, max-snippet:-1, max-image-preview:large, max-video-preview:-1\" \/>\n<link rel=\"canonical\" href=\"https:\/\/www.lifenatura.com\/es\/produto\/aceite-de-linaza-1a-presion-fria-250ml-naturgreen\/\" \/>\n<meta property=\"og:locale\" content=\"es_ES\" \/>\n<meta property=\"og:type\" content=\"article\" \/>\n<meta property=\"og:title\" content=\"Aceite de Linaza 1\u00aa Presi\u00f3n Fr\u00eda 250ml - Naturgreen - Na Lifenatura ao Melhor Pre\u00e7o | Envio 48h\" \/>\n<meta property=\"og:description\" content=\"Compre Aceite de Linaza 1\u00aa Presi\u00f3n Fr\u00eda 250ml - Naturgreen com envio r\u00e1pido. Entrega em 48h e portes gr\u00e1tis em compras &gt;35\u20ac. Aproveite j\u00e1 na Lifenatura\" \/>\n<meta property=\"og:url\" content=\"https:\/\/www.lifenatura.com\/es\/produto\/aceite-de-linaza-1a-presion-fria-250ml-naturgreen\/\" \/>\n<meta property=\"og:site_name\" content=\"Lifenatura\" \/>\n<meta property=\"article:publisher\" content=\"https:\/\/www.facebook.com\/lifenatura\" \/>\n<meta property=\"article:modified_time\" content=\"2024-10-15T10:42:26+00:00\" \/>\n<meta property=\"og:image\" content=\"https:\/\/www.lifenatura.com\/wp-content\/uploads\/2024\/10\/azeite-linhaca-250ml-naturgreen.jpg\" \/>\n\t<meta property=\"og:image:width\" content=\"1000\" \/>\n\t<meta property=\"og:image:height\" content=\"1000\" \/>\n\t<meta property=\"og:image:type\" content=\"image\/jpeg\" \/>\n<meta name=\"twitter:card\" content=\"summary_large_image\" \/>\n<meta name=\"twitter:label1\" content=\"Precio\" \/>\n\t<meta name=\"twitter:data1\" content=\"6,38&nbsp;&euro;\" \/>\n\t<meta name=\"twitter:label2\" content=\"Disponibilidad\" \/>\n\t<meta name=\"twitter:data2\" content=\"Disponible\" \/>\n<script type=\"application\/ld+json\" class=\"yoast-schema-graph\">{\"@context\":\"https:\\\/\\\/schema.org\",\"@graph\":[{\"@type\":\"WebPage\",\"@id\":\"https:\\\/\\\/www.lifenatura.com\\\/es\\\/produto\\\/aceite-de-linaza-1a-presion-fria-250ml-naturgreen\\\/\",\"url\":\"https:\\\/\\\/www.lifenatura.com\\\/es\\\/produto\\\/aceite-de-linaza-1a-presion-fria-250ml-naturgreen\\\/\",\"name\":\"Aceite de Linaza 1\u00aa Presi\u00f3n Fr\u00eda 250ml - Naturgreen - Na Lifenatura ao Melhor Pre\u00e7o | Envio em 48h\",\"isPartOf\":{\"@id\":\"https:\\\/\\\/www.lifenatura.com\\\/es\\\/#website\"},\"primaryImageOfPage\":{\"@id\":\"https:\\\/\\\/www.lifenatura.com\\\/es\\\/produto\\\/aceite-de-linaza-1a-presion-fria-250ml-naturgreen\\\/#primaryimage\"},\"image\":{\"@id\":\"https:\\\/\\\/www.lifenatura.com\\\/es\\\/produto\\\/aceite-de-linaza-1a-presion-fria-250ml-naturgreen\\\/#primaryimage\"},\"thumbnailUrl\":\"https:\\\/\\\/www.lifenatura.com\\\/wp-content\\\/uploads\\\/2024\\\/10\\\/azeite-linhaca-250ml-naturgreen.jpg\",\"datePublished\":\"2024-10-09T17:58:52+00:00\",\"dateModified\":\"2024-10-15T10:42:26+00:00\",\"description\":\"Aceite de Linaza Naturgreen, prensado en fr\u00edo y rico en Omega 3. Ideal para una dieta sana y equilibrada. \u00a1C\u00f3mpralo ahora en nuestra tienda online!\",\"breadcrumb\":{\"@id\":\"https:\\\/\\\/www.lifenatura.com\\\/es\\\/produto\\\/aceite-de-linaza-1a-presion-fria-250ml-naturgreen\\\/#breadcrumb\"},\"inLanguage\":\"es\",\"potentialAction\":[{\"@type\":\"ReadAction\",\"target\":[\"https:\\\/\\\/www.lifenatura.com\\\/es\\\/produto\\\/aceite-de-linaza-1a-presion-fria-250ml-naturgreen\\\/\"]}]},{\"@type\":\"ImageObject\",\"inLanguage\":\"es\",\"@id\":\"https:\\\/\\\/www.lifenatura.com\\\/es\\\/produto\\\/aceite-de-linaza-1a-presion-fria-250ml-naturgreen\\\/#primaryimage\",\"url\":\"https:\\\/\\\/www.lifenatura.com\\\/wp-content\\\/uploads\\\/2024\\\/10\\\/azeite-linhaca-250ml-naturgreen.jpg\",\"contentUrl\":\"https:\\\/\\\/www.lifenatura.com\\\/wp-content\\\/uploads\\\/2024\\\/10\\\/azeite-linhaca-250ml-naturgreen.jpg\",\"width\":1000,\"height\":1000,\"caption\":\"Naturgreen Aceite de Linaza 250ml\"},{\"@type\":\"BreadcrumbList\",\"@id\":\"https:\\\/\\\/www.lifenatura.com\\\/es\\\/produto\\\/aceite-de-linaza-1a-presion-fria-250ml-naturgreen\\\/#breadcrumb\",\"itemListElement\":[{\"@type\":\"ListItem\",\"position\":1,\"name\":\"In\u00edcio\",\"item\":\"https:\\\/\\\/www.lifenatura.com\\\/es\\\/\"},{\"@type\":\"ListItem\",\"position\":2,\"name\":\"Todos los Productos\",\"item\":\"https:\\\/\\\/www.lifenatura.com\\\/es\\\/tienda\\\/\"},{\"@type\":\"ListItem\",\"position\":3,\"name\":\"Aceite de Linaza 1\u00aa Presi\u00f3n Fr\u00eda 250ml &#8211; Naturgreen\"}]},{\"@type\":\"WebSite\",\"@id\":\"https:\\\/\\\/www.lifenatura.com\\\/es\\\/#website\",\"url\":\"https:\\\/\\\/www.lifenatura.com\\\/es\\\/\",\"name\":\"Lifenatura\",\"description\":\"A Lifenatura \u00e9 uma loja de produtos naturais, cosm\u00e9tica natural e alimenta\u00e7\u00e3o Biol\u00f3gica.\",\"publisher\":{\"@id\":\"https:\\\/\\\/www.lifenatura.com\\\/es\\\/#organization\"},\"potentialAction\":[{\"@type\":\"SearchAction\",\"target\":{\"@type\":\"EntryPoint\",\"urlTemplate\":\"https:\\\/\\\/www.lifenatura.com\\\/es\\\/?s={search_term_string}\"},\"query-input\":{\"@type\":\"PropertyValueSpecification\",\"valueRequired\":true,\"valueName\":\"search_term_string\"}}],\"inLanguage\":\"es\"},{\"@type\":\"Organization\",\"@id\":\"https:\\\/\\\/www.lifenatura.com\\\/es\\\/#organization\",\"name\":\"Lifenatura\",\"url\":\"https:\\\/\\\/www.lifenatura.com\\\/es\\\/\",\"logo\":{\"@type\":\"ImageObject\",\"inLanguage\":\"es\",\"@id\":\"https:\\\/\\\/www.lifenatura.com\\\/es\\\/#\\\/schema\\\/logo\\\/image\\\/\",\"url\":\"https:\\\/\\\/www.lifenatura.com\\\/wp-content\\\/uploads\\\/2021\\\/07\\\/logo.png\",\"contentUrl\":\"https:\\\/\\\/www.lifenatura.com\\\/wp-content\\\/uploads\\\/2021\\\/07\\\/logo.png\",\"width\":175,\"height\":55,\"caption\":\"Lifenatura\"},\"image\":{\"@id\":\"https:\\\/\\\/www.lifenatura.com\\\/es\\\/#\\\/schema\\\/logo\\\/image\\\/\"},\"sameAs\":[\"https:\\\/\\\/www.facebook.com\\\/lifenatura\",\"https:\\\/\\\/www.instagram.com\\\/lifenaturapt\\\/\"],\"hasMerchantReturnPolicy\":{\"@type\":\"MerchantReturnPolicy\",\"merchantReturnLink\":\"https:\\\/\\\/www.lifenatura.com\\\/termos-condicoes-lifenatura\\\/\"}}]}<\/script>\n<meta property=\"product:price:amount\" content=\"6.38\" \/>\n<meta property=\"product:price:currency\" content=\"EUR\" \/>\n<meta property=\"og:availability\" content=\"instock\" \/>\n<meta property=\"product:availability\" content=\"instock\" \/>\n<meta property=\"product:retailer_item_id\" content=\"8437011502209\" \/>\n<meta property=\"product:condition\" content=\"new\" \/>\n<!-- \/ Yoast SEO Premium plugin. -->","yoast_head_json":{"title":"Aceite de Linaza 1\u00aa Presi\u00f3n Fr\u00eda 250ml - Naturgreen - Na Lifenatura ao Melhor Pre\u00e7o | Envio em 48h","description":"Aceite de Linaza Naturgreen, prensado en fr\u00edo y rico en Omega 3. Ideal para una dieta sana y equilibrada. \u00a1C\u00f3mpralo ahora en nuestra tienda online!","robots":{"index":"index","follow":"follow","max-snippet":"max-snippet:-1","max-image-preview":"max-image-preview:large","max-video-preview":"max-video-preview:-1"},"canonical":"https:\/\/www.lifenatura.com\/es\/produto\/aceite-de-linaza-1a-presion-fria-250ml-naturgreen\/","og_locale":"es_ES","og_type":"article","og_title":"Aceite de Linaza 1\u00aa Presi\u00f3n Fr\u00eda 250ml - Naturgreen - Na Lifenatura ao Melhor Pre\u00e7o | Envio 48h","og_description":"Compre Aceite de Linaza 1\u00aa Presi\u00f3n Fr\u00eda 250ml - Naturgreen com envio r\u00e1pido. Entrega em 48h e portes gr\u00e1tis em compras >35\u20ac. Aproveite j\u00e1 na Lifenatura","og_url":"https:\/\/www.lifenatura.com\/es\/produto\/aceite-de-linaza-1a-presion-fria-250ml-naturgreen\/","og_site_name":"Lifenatura","article_publisher":"https:\/\/www.facebook.com\/lifenatura","article_modified_time":"2024-10-15T10:42:26+00:00","og_image":[{"width":1000,"height":1000,"url":"https:\/\/www.lifenatura.com\/wp-content\/uploads\/2024\/10\/azeite-linhaca-250ml-naturgreen.jpg","type":"image\/jpeg"}],"twitter_card":"summary_large_image","twitter_misc":{"Precio":"6,38&nbsp;&euro;","Disponibilidad":"Disponible"},"schema":{"@context":"https:\/\/schema.org","@graph":[{"@type":"WebPage","@id":"https:\/\/www.lifenatura.com\/es\/produto\/aceite-de-linaza-1a-presion-fria-250ml-naturgreen\/","url":"https:\/\/www.lifenatura.com\/es\/produto\/aceite-de-linaza-1a-presion-fria-250ml-naturgreen\/","name":"Aceite de Linaza 1\u00aa Presi\u00f3n Fr\u00eda 250ml - Naturgreen - Na Lifenatura ao Melhor Pre\u00e7o | Envio em 48h","isPartOf":{"@id":"https:\/\/www.lifenatura.com\/es\/#website"},"primaryImageOfPage":{"@id":"https:\/\/www.lifenatura.com\/es\/produto\/aceite-de-linaza-1a-presion-fria-250ml-naturgreen\/#primaryimage"},"image":{"@id":"https:\/\/www.lifenatura.com\/es\/produto\/aceite-de-linaza-1a-presion-fria-250ml-naturgreen\/#primaryimage"},"thumbnailUrl":"https:\/\/www.lifenatura.com\/wp-content\/uploads\/2024\/10\/azeite-linhaca-250ml-naturgreen.jpg","datePublished":"2024-10-09T17:58:52+00:00","dateModified":"2024-10-15T10:42:26+00:00","description":"Aceite de Linaza Naturgreen, prensado en fr\u00edo y rico en Omega 3. Ideal para una dieta sana y equilibrada. \u00a1C\u00f3mpralo ahora en nuestra tienda online!","breadcrumb":{"@id":"https:\/\/www.lifenatura.com\/es\/produto\/aceite-de-linaza-1a-presion-fria-250ml-naturgreen\/#breadcrumb"},"inLanguage":"es","potentialAction":[{"@type":"ReadAction","target":["https:\/\/www.lifenatura.com\/es\/produto\/aceite-de-linaza-1a-presion-fria-250ml-naturgreen\/"]}]},{"@type":"ImageObject","inLanguage":"es","@id":"https:\/\/www.lifenatura.com\/es\/produto\/aceite-de-linaza-1a-presion-fria-250ml-naturgreen\/#primaryimage","url":"https:\/\/www.lifenatura.com\/wp-content\/uploads\/2024\/10\/azeite-linhaca-250ml-naturgreen.jpg","contentUrl":"https:\/\/www.lifenatura.com\/wp-content\/uploads\/2024\/10\/azeite-linhaca-250ml-naturgreen.jpg","width":1000,"height":1000,"caption":"Naturgreen Aceite de Linaza 250ml"},{"@type":"BreadcrumbList","@id":"https:\/\/www.lifenatura.com\/es\/produto\/aceite-de-linaza-1a-presion-fria-250ml-naturgreen\/#breadcrumb","itemListElement":[{"@type":"ListItem","position":1,"name":"In\u00edcio","item":"https:\/\/www.lifenatura.com\/es\/"},{"@type":"ListItem","position":2,"name":"Todos los Productos","item":"https:\/\/www.lifenatura.com\/es\/tienda\/"},{"@type":"ListItem","position":3,"name":"Aceite de Linaza 1\u00aa Presi\u00f3n Fr\u00eda 250ml &#8211; Naturgreen"}]},{"@type":"WebSite","@id":"https:\/\/www.lifenatura.com\/es\/#website","url":"https:\/\/www.lifenatura.com\/es\/","name":"Lifenatura","description":"A Lifenatura \u00e9 uma loja de produtos naturais, cosm\u00e9tica natural e alimenta\u00e7\u00e3o Biol\u00f3gica.","publisher":{"@id":"https:\/\/www.lifenatura.com\/es\/#organization"},"potentialAction":[{"@type":"SearchAction","target":{"@type":"EntryPoint","urlTemplate":"https:\/\/www.lifenatura.com\/es\/?s={search_term_string}"},"query-input":{"@type":"PropertyValueSpecification","valueRequired":true,"valueName":"search_term_string"}}],"inLanguage":"es"},{"@type":"Organization","@id":"https:\/\/www.lifenatura.com\/es\/#organization","name":"Lifenatura","url":"https:\/\/www.lifenatura.com\/es\/","logo":{"@type":"ImageObject","inLanguage":"es","@id":"https:\/\/www.lifenatura.com\/es\/#\/schema\/logo\/image\/","url":"https:\/\/www.lifenatura.com\/wp-content\/uploads\/2021\/07\/logo.png","contentUrl":"https:\/\/www.lifenatura.com\/wp-content\/uploads\/2021\/07\/logo.png","width":175,"height":55,"caption":"Lifenatura"},"image":{"@id":"https:\/\/www.lifenatura.com\/es\/#\/schema\/logo\/image\/"},"sameAs":["https:\/\/www.facebook.com\/lifenatura","https:\/\/www.instagram.com\/lifenaturapt\/"],"hasMerchantReturnPolicy":{"@type":"MerchantReturnPolicy","merchantReturnLink":"https:\/\/www.lifenatura.com\/termos-condicoes-lifenatura\/"}}]},"product_price_amount":"6.38","product_price_currency":"EUR","og_availability":"instock","product_availability":"instock","product_retailer_item_id":"8437011502209","product_condition":"new"},"df_price":6.38,"df_sale_price":"","df_regular_price":6.38,"df_image_link":"https:\/\/www.lifenatura.com\/wp-content\/uploads\/2024\/10\/azeite-linhaca-250ml-naturgreen-300x300.jpg","_links":{"self":[{"href":"https:\/\/www.lifenatura.com\/es\/wp-json\/wp\/v2\/product\/100253","targetHints":{"allow":["GET"]}}],"collection":[{"href":"https:\/\/www.lifenatura.com\/es\/wp-json\/wp\/v2\/product"}],"about":[{"href":"https:\/\/www.lifenatura.com\/es\/wp-json\/wp\/v2\/types\/product"}],"wp:featuredmedia":[{"embeddable":true,"href":"https:\/\/www.lifenatura.com\/es\/wp-json\/wp\/v2\/media\/100180"}],"wp:attachment":[{"href":"https:\/\/www.lifenatura.com\/es\/wp-json\/wp\/v2\/media?parent=100253"}],"wp:term":[{"taxonomy":"product_brand","embeddable":true,"href":"https:\/\/www.lifenatura.com\/es\/wp-json\/wp\/v2\/product_brand?post=100253"},{"taxonomy":"product_cat","embeddable":true,"href":"https:\/\/www.lifenatura.com\/es\/wp-json\/wp\/v2\/product_cat?post=100253"},{"taxonomy":"product_tag","embeddable":true,"href":"https:\/\/www.lifenatura.com\/es\/wp-json\/wp\/v2\/product_tag?post=100253"}],"curies":[{"name":"wp","href":"https:\/\/api.w.org\/{rel}","templated":true}]}}