{"id":100249,"date":"2024-10-09T13:46:48","date_gmt":"2024-10-09T13:46:48","guid":{"rendered":"https:\/\/www.lifenatura.com\/produto\/aceite-de-canamo-ecologico-500ml-annabis\/"},"modified":"2025-05-14T13:47:07","modified_gmt":"2025-05-14T13:47:07","slug":"aceite-de-canamo-ecologico-500ml-annabis","status":"publish","type":"product","link":"https:\/\/www.lifenatura.com\/es\/produto\/aceite-de-canamo-ecologico-500ml-annabis\/","title":{"rendered":"Aceite de c\u00e1\u00f1amo ecol\u00f3gico 500ml &#8211; Annabis"},"content":{"rendered":"<h3 style=\"text-align: left;\"><strong>Aceite de c\u00e1\u00f1amo Annabis, rico en Omega 3<\/strong><\/h3>\n<p>&nbsp;<\/p>\n<p><strong>El Aceite de C\u00e1\u00f1amo Annabis<\/strong> es un aceite vegetal 100% natural, prensado en fr\u00edo, conocido por su riqueza en \u00e1cidos grasos esenciales, incluidos Omega 3 y Omega 6, y una amplia gama de vitaminas y minerales. Este producto es ideal para su uso diario en la cocina, contribuyendo a una dieta equilibrada y sana. Adem\u00e1s, su suave sabor a nuez lo convierte en una sabrosa elecci\u00f3n para ali\u00f1ar ensaladas, platos fr\u00edos y otros alimentos.<\/p>\n<p>Nuestro aceite de semillas de c\u00e1\u00f1amo ecol\u00f3gico es un aceite vegetal de cocina ecol\u00f3gico certificado, extra\u00eddo de semillas de c\u00e1\u00f1amo de alta calidad cultivadas ecol\u00f3gicamente. Una alternativa de aceite no refinado de la m\u00e1xima calidad, extra\u00eddo del primer prensado en fr\u00edo de semillas de c\u00e1\u00f1amo org\u00e1nico o industrial para conservar todas sus propiedades naturales.<\/p>\n<p><strong>Principales ventajas:<\/strong><\/p>\n<ul>\n<li><strong>Rico en \u00e1cidos grasos esenciales:<\/strong> Contiene Omega 3 y Omega 6, esenciales para la salud cardiovascular y cerebral.<\/li>\n<li><strong>Alto contenido en antioxidantes:<\/strong> Ayuda a combatir el envejecimiento prematuro y favorece la inmunidad.<\/li>\n<li><strong>Vers\u00e1til en la cocina:<\/strong> Ideal para a\u00f1adir a una gran variedad de platos, realzando el sabor y aportando nutrientes esenciales.<\/li>\n<\/ul>\n<p><strong>Adecuado para:<\/strong><\/p>\n<p>Este aceite es adecuado para cualquiera que desee enriquecer su dieta con grasas saludables, y es especialmente beneficioso para las personas que quieren mantener una buena salud cardiovascular, mejorar la funci\u00f3n cognitiva y promover una piel y un cabello sanos. Es adecuado para todas las edades e ideal para quienes siguen una dieta vegetariana o vegana.<\/p>\n<p><strong>PRESENTACI\u00d3N<\/strong><\/p>\n<p>500 ml<\/p>\n<p>&nbsp;<\/p>\n","protected":false},"excerpt":{"rendered":"<p>Prueba el Aceite de C\u00e1\u00f1amo Annabis. Rico en Omega 3 y Omega 6, ideal para la salud cardiovascular y el uso diario en la cocina. \u00a1C\u00f3mpralo ahora! [&#8230;]<\/p>\n<p><a class=\"btn btn-secondary understrap-read-more-link\" href=\"https:\/\/www.lifenatura.com\/es\/produto\/aceite-de-canamo-ecologico-500ml-annabis\/\">Leer m\u00e1s&#8230;<span class=\"screen-reader-text\"> from Aceite de c\u00e1\u00f1amo ecol\u00f3gico 500ml &#8211; Annabis<\/span><\/a><\/p>\n","protected":false},"featured_media":100162,"template":"","meta":{"_acf_changed":false},"product_brand":[8297],"product_cat":[7077,7064,7074],"product_tag":[],"class_list":{"0":"post-100249","1":"product","2":"type-product","3":"status-publish","4":"has-post-thumbnail","6":"product_brand-annabis","7":"product_cat-aceites-vinagres","8":"product_cat-alimentacion-sana","9":"product_cat-productos-alimenticios","10":"pa_caracteristicas-biologico","11":"pa_caracteristicas-vegano","12":"pa_caracteristicas-vegetariano","14":"first","15":"outofstock","16":"shipping-taxable","17":"purchasable","18":"product-type-simple","19":"add-to-wishlist-before_image"},"acf":[],"yoast_head":"<!-- This site is optimized with the Yoast SEO Premium plugin v27.1 (Yoast SEO v27.5) - https:\/\/yoast.com\/product\/yoast-seo-premium-wordpress\/ -->\n<title>Aceite de c\u00e1\u00f1amo ecol\u00f3gico 500ml - Annabis - Na Lifenatura ao Melhor Pre\u00e7o | Envio em 48h<\/title>\n<meta name=\"description\" content=\"Prueba el Aceite de C\u00e1\u00f1amo Annabis. Rico en Omega 3 y Omega 6, ideal para la salud cardiovascular y el uso diario en la cocina. \u00a1C\u00f3mpralo ahora!\" \/>\n<meta name=\"robots\" content=\"index, follow, max-snippet:-1, max-image-preview:large, max-video-preview:-1\" \/>\n<link rel=\"canonical\" href=\"https:\/\/www.lifenatura.com\/es\/produto\/aceite-de-canamo-ecologico-500ml-annabis\/\" \/>\n<meta property=\"og:locale\" content=\"es_ES\" \/>\n<meta property=\"og:type\" content=\"article\" \/>\n<meta property=\"og:title\" content=\"Aceite de c\u00e1\u00f1amo ecol\u00f3gico 500ml - Annabis - Na Lifenatura ao Melhor Pre\u00e7o | Envio 48h\" \/>\n<meta property=\"og:description\" content=\"Compre Aceite de c\u00e1\u00f1amo ecol\u00f3gico 500ml - Annabis com envio r\u00e1pido. Entrega em 48h e portes gr\u00e1tis em compras &gt;35\u20ac. Aproveite j\u00e1 na Lifenatura\" \/>\n<meta property=\"og:url\" content=\"https:\/\/www.lifenatura.com\/es\/produto\/aceite-de-canamo-ecologico-500ml-annabis\/\" \/>\n<meta property=\"og:site_name\" content=\"Lifenatura\" \/>\n<meta property=\"article:publisher\" content=\"https:\/\/www.facebook.com\/lifenatura\" \/>\n<meta property=\"article:modified_time\" content=\"2025-05-14T13:47:07+00:00\" \/>\n<meta property=\"og:image\" content=\"https:\/\/www.lifenatura.com\/wp-content\/uploads\/2024\/10\/azeite-canhamo-annabis.jpg\" \/>\n\t<meta property=\"og:image:width\" content=\"1000\" \/>\n\t<meta property=\"og:image:height\" content=\"1000\" \/>\n\t<meta property=\"og:image:type\" content=\"image\/jpeg\" \/>\n<meta name=\"twitter:card\" content=\"summary_large_image\" \/>\n<meta name=\"twitter:label1\" content=\"Precio\" \/>\n\t<meta name=\"twitter:data1\" content=\"25,63&nbsp;&euro;\" \/>\n\t<meta name=\"twitter:label2\" content=\"Disponibilidad\" \/>\n\t<meta name=\"twitter:data2\" content=\"Sin existencias\" \/>\n<script type=\"application\/ld+json\" class=\"yoast-schema-graph\">{\"@context\":\"https:\\\/\\\/schema.org\",\"@graph\":[{\"@type\":\"WebPage\",\"@id\":\"https:\\\/\\\/www.lifenatura.com\\\/es\\\/produto\\\/aceite-de-canamo-ecologico-500ml-annabis\\\/\",\"url\":\"https:\\\/\\\/www.lifenatura.com\\\/es\\\/produto\\\/aceite-de-canamo-ecologico-500ml-annabis\\\/\",\"name\":\"Aceite de c\u00e1\u00f1amo ecol\u00f3gico 500ml - Annabis - Na Lifenatura ao Melhor Pre\u00e7o | Envio em 48h\",\"isPartOf\":{\"@id\":\"https:\\\/\\\/www.lifenatura.com\\\/es\\\/#website\"},\"primaryImageOfPage\":{\"@id\":\"https:\\\/\\\/www.lifenatura.com\\\/es\\\/produto\\\/aceite-de-canamo-ecologico-500ml-annabis\\\/#primaryimage\"},\"image\":{\"@id\":\"https:\\\/\\\/www.lifenatura.com\\\/es\\\/produto\\\/aceite-de-canamo-ecologico-500ml-annabis\\\/#primaryimage\"},\"thumbnailUrl\":\"https:\\\/\\\/www.lifenatura.com\\\/wp-content\\\/uploads\\\/2024\\\/10\\\/azeite-canhamo-annabis.jpg\",\"datePublished\":\"2024-10-09T13:46:48+00:00\",\"dateModified\":\"2025-05-14T13:47:07+00:00\",\"description\":\"Prueba el Aceite de C\u00e1\u00f1amo Annabis. Rico en Omega 3 y Omega 6, ideal para la salud cardiovascular y el uso diario en la cocina. \u00a1C\u00f3mpralo ahora!\",\"breadcrumb\":{\"@id\":\"https:\\\/\\\/www.lifenatura.com\\\/es\\\/produto\\\/aceite-de-canamo-ecologico-500ml-annabis\\\/#breadcrumb\"},\"inLanguage\":\"es\",\"potentialAction\":[{\"@type\":\"ReadAction\",\"target\":[\"https:\\\/\\\/www.lifenatura.com\\\/es\\\/produto\\\/aceite-de-canamo-ecologico-500ml-annabis\\\/\"]}]},{\"@type\":\"ImageObject\",\"inLanguage\":\"es\",\"@id\":\"https:\\\/\\\/www.lifenatura.com\\\/es\\\/produto\\\/aceite-de-canamo-ecologico-500ml-annabis\\\/#primaryimage\",\"url\":\"https:\\\/\\\/www.lifenatura.com\\\/wp-content\\\/uploads\\\/2024\\\/10\\\/azeite-canhamo-annabis.jpg\",\"contentUrl\":\"https:\\\/\\\/www.lifenatura.com\\\/wp-content\\\/uploads\\\/2024\\\/10\\\/azeite-canhamo-annabis.jpg\",\"width\":1000,\"height\":1000,\"caption\":\"Aceite de cannabis de la marca Annabis\"},{\"@type\":\"BreadcrumbList\",\"@id\":\"https:\\\/\\\/www.lifenatura.com\\\/es\\\/produto\\\/aceite-de-canamo-ecologico-500ml-annabis\\\/#breadcrumb\",\"itemListElement\":[{\"@type\":\"ListItem\",\"position\":1,\"name\":\"In\u00edcio\",\"item\":\"https:\\\/\\\/www.lifenatura.com\\\/es\\\/\"},{\"@type\":\"ListItem\",\"position\":2,\"name\":\"Todos los Productos\",\"item\":\"https:\\\/\\\/www.lifenatura.com\\\/es\\\/tienda\\\/\"},{\"@type\":\"ListItem\",\"position\":3,\"name\":\"Aceite de c\u00e1\u00f1amo ecol\u00f3gico 500ml &#8211; Annabis\"}]},{\"@type\":\"WebSite\",\"@id\":\"https:\\\/\\\/www.lifenatura.com\\\/es\\\/#website\",\"url\":\"https:\\\/\\\/www.lifenatura.com\\\/es\\\/\",\"name\":\"Lifenatura\",\"description\":\"A Lifenatura \u00e9 uma loja de produtos naturais, cosm\u00e9tica natural e alimenta\u00e7\u00e3o Biol\u00f3gica.\",\"publisher\":{\"@id\":\"https:\\\/\\\/www.lifenatura.com\\\/es\\\/#organization\"},\"potentialAction\":[{\"@type\":\"SearchAction\",\"target\":{\"@type\":\"EntryPoint\",\"urlTemplate\":\"https:\\\/\\\/www.lifenatura.com\\\/es\\\/?s={search_term_string}\"},\"query-input\":{\"@type\":\"PropertyValueSpecification\",\"valueRequired\":true,\"valueName\":\"search_term_string\"}}],\"inLanguage\":\"es\"},{\"@type\":\"Organization\",\"@id\":\"https:\\\/\\\/www.lifenatura.com\\\/es\\\/#organization\",\"name\":\"Lifenatura\",\"url\":\"https:\\\/\\\/www.lifenatura.com\\\/es\\\/\",\"logo\":{\"@type\":\"ImageObject\",\"inLanguage\":\"es\",\"@id\":\"https:\\\/\\\/www.lifenatura.com\\\/es\\\/#\\\/schema\\\/logo\\\/image\\\/\",\"url\":\"https:\\\/\\\/www.lifenatura.com\\\/wp-content\\\/uploads\\\/2021\\\/07\\\/logo.png\",\"contentUrl\":\"https:\\\/\\\/www.lifenatura.com\\\/wp-content\\\/uploads\\\/2021\\\/07\\\/logo.png\",\"width\":175,\"height\":55,\"caption\":\"Lifenatura\"},\"image\":{\"@id\":\"https:\\\/\\\/www.lifenatura.com\\\/es\\\/#\\\/schema\\\/logo\\\/image\\\/\"},\"sameAs\":[\"https:\\\/\\\/www.facebook.com\\\/lifenatura\",\"https:\\\/\\\/www.instagram.com\\\/lifenaturapt\\\/\"],\"hasMerchantReturnPolicy\":{\"@type\":\"MerchantReturnPolicy\",\"merchantReturnLink\":\"https:\\\/\\\/www.lifenatura.com\\\/termos-condicoes-lifenatura\\\/\"}}]}<\/script>\n<meta property=\"product:price:amount\" content=\"25.63\" \/>\n<meta property=\"product:price:currency\" content=\"EUR\" \/>\n<meta property=\"og:availability\" content=\"out of stock\" \/>\n<meta property=\"product:availability\" content=\"out of stock\" \/>\n<meta property=\"product:retailer_item_id\" content=\"8594167140942\" \/>\n<meta property=\"product:condition\" content=\"new\" \/>\n<!-- \/ Yoast SEO Premium plugin. -->","yoast_head_json":{"title":"Aceite de c\u00e1\u00f1amo ecol\u00f3gico 500ml - Annabis - Na Lifenatura ao Melhor Pre\u00e7o | Envio em 48h","description":"Prueba el Aceite de C\u00e1\u00f1amo Annabis. Rico en Omega 3 y Omega 6, ideal para la salud cardiovascular y el uso diario en la cocina. \u00a1C\u00f3mpralo ahora!","robots":{"index":"index","follow":"follow","max-snippet":"max-snippet:-1","max-image-preview":"max-image-preview:large","max-video-preview":"max-video-preview:-1"},"canonical":"https:\/\/www.lifenatura.com\/es\/produto\/aceite-de-canamo-ecologico-500ml-annabis\/","og_locale":"es_ES","og_type":"article","og_title":"Aceite de c\u00e1\u00f1amo ecol\u00f3gico 500ml - Annabis - Na Lifenatura ao Melhor Pre\u00e7o | Envio 48h","og_description":"Compre Aceite de c\u00e1\u00f1amo ecol\u00f3gico 500ml - Annabis com envio r\u00e1pido. Entrega em 48h e portes gr\u00e1tis em compras >35\u20ac. Aproveite j\u00e1 na Lifenatura","og_url":"https:\/\/www.lifenatura.com\/es\/produto\/aceite-de-canamo-ecologico-500ml-annabis\/","og_site_name":"Lifenatura","article_publisher":"https:\/\/www.facebook.com\/lifenatura","article_modified_time":"2025-05-14T13:47:07+00:00","og_image":[{"width":1000,"height":1000,"url":"https:\/\/www.lifenatura.com\/wp-content\/uploads\/2024\/10\/azeite-canhamo-annabis.jpg","type":"image\/jpeg"}],"twitter_card":"summary_large_image","twitter_misc":{"Precio":"25,63&nbsp;&euro;","Disponibilidad":"Sin existencias"},"schema":{"@context":"https:\/\/schema.org","@graph":[{"@type":"WebPage","@id":"https:\/\/www.lifenatura.com\/es\/produto\/aceite-de-canamo-ecologico-500ml-annabis\/","url":"https:\/\/www.lifenatura.com\/es\/produto\/aceite-de-canamo-ecologico-500ml-annabis\/","name":"Aceite de c\u00e1\u00f1amo ecol\u00f3gico 500ml - Annabis - Na Lifenatura ao Melhor Pre\u00e7o | Envio em 48h","isPartOf":{"@id":"https:\/\/www.lifenatura.com\/es\/#website"},"primaryImageOfPage":{"@id":"https:\/\/www.lifenatura.com\/es\/produto\/aceite-de-canamo-ecologico-500ml-annabis\/#primaryimage"},"image":{"@id":"https:\/\/www.lifenatura.com\/es\/produto\/aceite-de-canamo-ecologico-500ml-annabis\/#primaryimage"},"thumbnailUrl":"https:\/\/www.lifenatura.com\/wp-content\/uploads\/2024\/10\/azeite-canhamo-annabis.jpg","datePublished":"2024-10-09T13:46:48+00:00","dateModified":"2025-05-14T13:47:07+00:00","description":"Prueba el Aceite de C\u00e1\u00f1amo Annabis. Rico en Omega 3 y Omega 6, ideal para la salud cardiovascular y el uso diario en la cocina. \u00a1C\u00f3mpralo ahora!","breadcrumb":{"@id":"https:\/\/www.lifenatura.com\/es\/produto\/aceite-de-canamo-ecologico-500ml-annabis\/#breadcrumb"},"inLanguage":"es","potentialAction":[{"@type":"ReadAction","target":["https:\/\/www.lifenatura.com\/es\/produto\/aceite-de-canamo-ecologico-500ml-annabis\/"]}]},{"@type":"ImageObject","inLanguage":"es","@id":"https:\/\/www.lifenatura.com\/es\/produto\/aceite-de-canamo-ecologico-500ml-annabis\/#primaryimage","url":"https:\/\/www.lifenatura.com\/wp-content\/uploads\/2024\/10\/azeite-canhamo-annabis.jpg","contentUrl":"https:\/\/www.lifenatura.com\/wp-content\/uploads\/2024\/10\/azeite-canhamo-annabis.jpg","width":1000,"height":1000,"caption":"Aceite de cannabis de la marca Annabis"},{"@type":"BreadcrumbList","@id":"https:\/\/www.lifenatura.com\/es\/produto\/aceite-de-canamo-ecologico-500ml-annabis\/#breadcrumb","itemListElement":[{"@type":"ListItem","position":1,"name":"In\u00edcio","item":"https:\/\/www.lifenatura.com\/es\/"},{"@type":"ListItem","position":2,"name":"Todos los Productos","item":"https:\/\/www.lifenatura.com\/es\/tienda\/"},{"@type":"ListItem","position":3,"name":"Aceite de c\u00e1\u00f1amo ecol\u00f3gico 500ml &#8211; Annabis"}]},{"@type":"WebSite","@id":"https:\/\/www.lifenatura.com\/es\/#website","url":"https:\/\/www.lifenatura.com\/es\/","name":"Lifenatura","description":"A Lifenatura \u00e9 uma loja de produtos naturais, cosm\u00e9tica natural e alimenta\u00e7\u00e3o Biol\u00f3gica.","publisher":{"@id":"https:\/\/www.lifenatura.com\/es\/#organization"},"potentialAction":[{"@type":"SearchAction","target":{"@type":"EntryPoint","urlTemplate":"https:\/\/www.lifenatura.com\/es\/?s={search_term_string}"},"query-input":{"@type":"PropertyValueSpecification","valueRequired":true,"valueName":"search_term_string"}}],"inLanguage":"es"},{"@type":"Organization","@id":"https:\/\/www.lifenatura.com\/es\/#organization","name":"Lifenatura","url":"https:\/\/www.lifenatura.com\/es\/","logo":{"@type":"ImageObject","inLanguage":"es","@id":"https:\/\/www.lifenatura.com\/es\/#\/schema\/logo\/image\/","url":"https:\/\/www.lifenatura.com\/wp-content\/uploads\/2021\/07\/logo.png","contentUrl":"https:\/\/www.lifenatura.com\/wp-content\/uploads\/2021\/07\/logo.png","width":175,"height":55,"caption":"Lifenatura"},"image":{"@id":"https:\/\/www.lifenatura.com\/es\/#\/schema\/logo\/image\/"},"sameAs":["https:\/\/www.facebook.com\/lifenatura","https:\/\/www.instagram.com\/lifenaturapt\/"],"hasMerchantReturnPolicy":{"@type":"MerchantReturnPolicy","merchantReturnLink":"https:\/\/www.lifenatura.com\/termos-condicoes-lifenatura\/"}}]},"product_price_amount":"25.63","product_price_currency":"EUR","og_availability":"out of stock","product_availability":"out of stock","product_retailer_item_id":"8594167140942","product_condition":"new"},"df_price":25.63,"df_sale_price":"","df_regular_price":25.63,"df_image_link":"https:\/\/www.lifenatura.com\/wp-content\/uploads\/2024\/10\/azeite-canhamo-annabis-300x300.jpg","_links":{"self":[{"href":"https:\/\/www.lifenatura.com\/es\/wp-json\/wp\/v2\/product\/100249","targetHints":{"allow":["GET"]}}],"collection":[{"href":"https:\/\/www.lifenatura.com\/es\/wp-json\/wp\/v2\/product"}],"about":[{"href":"https:\/\/www.lifenatura.com\/es\/wp-json\/wp\/v2\/types\/product"}],"wp:featuredmedia":[{"embeddable":true,"href":"https:\/\/www.lifenatura.com\/es\/wp-json\/wp\/v2\/media\/100162"}],"wp:attachment":[{"href":"https:\/\/www.lifenatura.com\/es\/wp-json\/wp\/v2\/media?parent=100249"}],"wp:term":[{"taxonomy":"product_brand","embeddable":true,"href":"https:\/\/www.lifenatura.com\/es\/wp-json\/wp\/v2\/product_brand?post=100249"},{"taxonomy":"product_cat","embeddable":true,"href":"https:\/\/www.lifenatura.com\/es\/wp-json\/wp\/v2\/product_cat?post=100249"},{"taxonomy":"product_tag","embeddable":true,"href":"https:\/\/www.lifenatura.com\/es\/wp-json\/wp\/v2\/product_tag?post=100249"}],"curies":[{"name":"wp","href":"https:\/\/api.w.org\/{rel}","templated":true}]}}