{"id":43775,"date":"2022-02-18T08:12:13","date_gmt":"2022-02-18T08:12:13","guid":{"rendered":"https:\/\/lifenatura.dev.agenciagetdigital.com\/?page_id=43775"},"modified":"2025-11-03T13:46:16","modified_gmt":"2025-11-03T13:46:16","slug":"costes-de-envio","status":"publish","type":"page","link":"https:\/\/www.lifenatura.com\/es\/costes-de-envio\/","title":{"rendered":"Costes de Env\u00edo"},"content":{"rendered":"\n<p><\/p>\n\n\n\n<h3 class=\"wp-block-heading\" id=\"cuales-son-los-costos-de-envio-de-mi-pedido\"><strong>\u00bfCu\u00e1les son los costos de env\u00edo de mi pedido?<\/strong><\/h3>\n\n\n\n<p><\/p>\n\n\n\n<p>Los costos de env\u00edo var\u00edan seg\u00fan el peso del pedido y su destino. Tenga en cuenta que si elige pagar el cargo (solo disponible para Portugal continental y las islas), se agregar\u00e1 al franqueo, el cargo de 2 \u20ac.<\/p>\n\n\n\n<p>Todos los env\u00edos se realizar\u00e1n con nuestros socios CORREOS y SEUR<\/p>\n\n\n\n<p><\/p>\n\n\n\n<figure class=\"wp-block-table is-style-stripes\"><table><tbody><tr><td><strong>PORTUGAL<\/strong><\/td><td><strong>0-2Kg<\/strong><\/td><td><strong>2-5Kg<\/strong><\/td><td><strong>5-10Kg<\/strong><\/td><td><strong>10-20Kg<\/strong><\/td><\/tr><tr><td><strong>HOME EXPRESS<\/strong><\/td><td>3,5\u20ac<\/td><td>4\u20ac<\/td><td>4,5\u20ac<\/td><td>5,50\u20ac<\/td><\/tr><tr><td><strong>ILHAS VIA MAR\u00cdTIMA<\/strong><\/td><td>7,85\u20ac<\/td><td>8,10\u20ac<\/td><td>9,30\u20ac<\/td><td>11,20\u20ac<\/td><\/tr><tr><td><strong>ILHAS VIA A\u00c9REA<\/strong><\/td><td>13,70\u20ac<\/td><td>18,00\u20ac<\/td><td>35,40\u20ac<\/td><td>53,15\u20ac<\/td><\/tr><tr><td><strong>DPD PONTO PICKUP<\/strong><\/td><td>2,20\u20ac<\/td><td>2,50\u20ac<\/td><td>3\u20ac<\/td><td>5,50\u20ac<\/td><\/tr><tr><td><strong>ESPA\u00d1A<\/strong><br><strong>HOME EXPRESS<\/strong><br><strong>ISLAS BALEARES<\/strong><\/td><td><br>4,50\u20ac<br>7,50\u20ac<\/td><td><br>5\u20ac<br>9,50\u20ac<\/td><td><br>7,50\u20ac<br>14,50\u20ac<\/td><td><br>12\u20ac<br>23,00\u20ac<\/td><\/tr><tr><td><strong>SEUR PUNTO PICKUP<\/strong><\/td><td>4\u20ac<\/td><td>5\u20ac<\/td><td>7,50\u20ac<\/td><td>12\u20ac<\/td><\/tr><tr><td><strong>ZONA 1<\/strong><\/td><td>12,20\u20ac<\/td><td>15,30\u20ac<\/td><td>16,20\u20ac<\/td><td>17,90\u20ac<\/td><\/tr><tr><td><strong>ZONA 2<\/strong><\/td><td>13,40\u20ac<\/td><td>17,20\u20ac<\/td><td>18,95\u20ac<\/td><td>22,60\u20ac<\/td><\/tr><tr><td><strong>ZONA 3<\/strong><\/td><td>17,50\u20ac<\/td><td>25,30\u20ac<\/td><td>38,40\u20ac<\/td><td>64,60\u20ac<\/td><\/tr><tr><td><strong>ZONA 4<\/strong><\/td><td>15,50\u20ac<\/td><td>20,50\u20ac<\/td><td>22,50\u20ac<\/td><td>25,90\u20ac<\/td><\/tr><tr><td><strong>ZONA 5<\/strong><\/td><td>18,70\u20ac*<\/td><td>23,50\u20ac*<\/td><td>23,90\u20ac*<\/td><td>26,50\u20ac*<\/td><\/tr><tr><td><strong>ZONA 6<\/strong><\/td><td>20,50\u20ac<\/td><td>29,30\u20ac<\/td><td>31,50\u20ac<\/td><td>35,20\u20ac<\/td><\/tr><tr><td><\/td><td><\/td><td><\/td><td><\/td><td><\/td><\/tr><tr><td><\/td><td><\/td><td><\/td><td>&nbsp;<\/td><td>&nbsp;<\/td><\/tr><tr><td><\/td><td><\/td><td><\/td><td>&nbsp;<\/td><td>&nbsp;<\/td><\/tr><\/tbody><\/table><\/figure>\n\n\n\n<p><\/p>\n\n\n\n<p><strong>Zona 1<\/strong>: Alemania, Polonia, Rep\u00fablica Checa<br><strong>Zona 2:<\/strong>&nbsp;Francia, M\u00f3naco, B\u00e9lgica, Hungr\u00eda, Lituania, Irlanda, Pa\u00edses Bajos, Luxemburgo, Austria, Eslovaquia<br><strong>Zona 3:<\/strong>&nbsp;Suiza<br><strong>Zona 4:&nbsp;<\/strong>Italia, Eslovenia, Dinamarca, Letonia y Croacia.<br><strong>Zona 5:<\/strong>&nbsp;Reino Unido (con el Brexit ha habido un impuesto de 5\u20ac que ya est\u00e1 incluido en el precio del env\u00edo)<br><strong>Zona 6<\/strong>: Bulgaria, Suecia, Estonia, Grecia, Ruman\u00eda y Finlandia.<\/p>\n\n\n\n<p><\/p>\n\n\n\n<h3 class=\"wp-block-heading\" id=\"cuando-recibo-el-envio-gratis\"><strong>\u00bfCu\u00e1ndo recibo el env\u00edo gratis?<\/strong><\/h3>\n\n\n\n<p><\/p>\n\n\n\n<p>Para todos los env\u00edos, tenemos env\u00edo gratuito disponible cuando se cumplen los valores m\u00ednimos de compra.<br>Estos son los valores para env\u00edo gratuito:<\/p>\n\n\n\n<p><strong>Portugal\u00a0<\/strong>&#8211; 30 \u20ac Env\u00edo gratuito<br><strong>Portugal Islas via maritimo<\/strong>\u00a0&#8211; 80 \u20ac Env\u00edo gratuito<br><strong>Portugal Islas via a\u00e9rea<\/strong>\u00a0&#8211; 180 \u20ac Env\u00edo gratuito<br><strong>Espa\u00f1a<\/strong>\u00a0&#8211; 50 \u20ac Env\u00edo gratuito<\/p>\n\n\n\n<p><strong><strong>Espa\u00f1a<\/strong><\/strong> <strong>SEUR Punto Pick-up&nbsp;<\/strong>\u2013 45\u20ac de encomenda para Portes Gr\u00e1tis<br><strong>Todos los pa\u00edses europeos&nbsp;<\/strong>&#8211; 150 \u20ac Env\u00edo gratuito<\/p>\n\n\n\n<p><\/p>\n\n\n\n<h3 class=\"wp-block-heading\" id=\"envian-a-todos-los-paises\"><strong>\u00bfEnv\u00edan a todos los pa\u00edses?<\/strong><\/h3>\n\n\n\n<p><\/p>\n\n\n\n<p>Junto con nuestros socios de env\u00edo, siempre estamos tratando de mejorar nuestros servicios de env\u00edo, por lo que no enviamos a todos los pa\u00edses del mundo, ya que todav\u00eda no podemos garantizar que su pedido llegue de manera efectiva.<\/p>\n\n\n\n<p>Por lo tanto, solo enviamos a los pa\u00edses que se describen en la siguiente lista:<\/p>\n\n\n\n<p><strong>Zona 2:<\/strong>&nbsp;Francia, M\u00f3naco, B\u00e9lgica, Hungr\u00eda, Lituania, Irlanda, Pa\u00edses Bajos, Luxemburgo, Austria, Eslovaquia<br><strong>Zona 3:<\/strong>&nbsp;Suiza<br><strong>Zona 4:&nbsp;<\/strong>Italia, Eslovenia, Dinamarca, Letonia y Croacia.<br><strong>Zona 5:<\/strong>&nbsp;Reino Unido (con el Brexit ha habido un impuesto de 5\u20ac que ya est\u00e1 incluido en el precio del env\u00edo)<br><strong>Zona 6<\/strong>: Bulgaria, Suecia, Estonia, Grecia, Ruman\u00eda y Finlandia.<\/p>\n\n\n\n<p><\/p>\n\n\n\n<h3 class=\"wp-block-heading\" id=\"cuales-son-los-plazos-de-entrega\"><strong>\u00bfCu\u00e1les son los plazos de entrega?<\/strong><\/h3>\n\n\n\n<p><\/p>\n\n\n\n<p>Los plazos de entrega son un punto muy importante que siempre intentamos mejorar, no siempre podemos cumplir nuestros objetivos, pero suponemos que el 90% de nuestros pedidos se entregan a tiempo.<\/p>\n\n\n\n<p>Para verificar cu\u00e1nto tiempo tarda su pedido en llegar a su direcci\u00f3n, vea debajo de nuestra tabla.<\/p>\n\n\n\n<p>Portugal continental &#8211; 1 d\u00eda h\u00e1bil<br>Portugal Islands By Air &#8211; 2 a 5 d\u00edas h\u00e1biles<br>Mar de las islas Portugal &#8211; 5 a 15 d\u00edas h\u00e1biles<br>Espa\u00f1a &#8211; 2-3 d\u00edas h\u00e1biles<br>Zonas 1, 2, 3 &#8211; 2 a 4 d\u00edas h\u00e1biles<br>Zonas 4, 5 &#8211; 4 a 5 d\u00edas h\u00e1biles<br>Zona 5, 6 &#8211; 5 a 10 d\u00edas h\u00e1biles<br>Estados Unidos, Canad\u00e1 y Australia: 10-20 d\u00edas h\u00e1biles<\/p>\n\n\n\n<p><\/p>\n\n\n\n<h3 class=\"wp-block-heading\" id=\"recibo-algun-aviso-cuando-se-envia-mi-pedido\"><strong>\u00bfRecibo alg\u00fan aviso cuando se env\u00eda mi pedido?<\/strong><\/h3>\n\n\n\n<p><\/p>\n\n\n\n<p>Todos nuestros env\u00edos se realizar\u00e1n de dos maneras, ya sea utilizando CTT Express o Chronopost, es la opci\u00f3n que el cliente elija.<\/p>\n\n\n\n<p>Despu\u00e9s de enviar nuestro almac\u00e9n, todos nuestros clientes reciben 1 correo electr\u00f3nico con toda la informaci\u00f3n sobre el env\u00edo. Dentro de ese correo electr\u00f3nico habr\u00e1 un c\u00f3digo que puede usarse para saber en tiempo real d\u00f3nde est\u00e1 su pedido.<\/p>\n\n\n\n<p>Si utiliza el servicio Chronopost, tambi\u00e9n puede gestionar entregas directamente desde su plataforma.<\/p>\n\n\n\n<p><\/p>\n\n\n\n<h3 class=\"wp-block-heading\" id=\"puedo-rastrear-mis-pedidos\"><strong>\u00bfPuedo rastrear mis pedidos?<\/strong><\/h3>\n\n\n\n<p><\/p>\n\n\n\n<p>Todos los pedidos enviados tienen un c\u00f3digo de seguimiento, que es proporcionado por nosotros o directamente por nuestro socio de env\u00edo.<\/p>\n\n\n\n<p>Est\u00e9n atentos a su casilla de correo electr\u00f3nico, tan pronto como su pedido salga de nuestro almac\u00e9n, le enviaremos un c\u00f3digo para que pueda seguir en tiempo real d\u00f3nde est\u00e1 su pedido.<\/p>\n\n\n\n<p>Tenemos dos tipos de env\u00edo, CTT Express y Chronopost, por lo que puede realizar un seguimiento de su pedido, hacer clic en el socio a continuaci\u00f3n (CTT Express o Chronopost) que seleccion\u00f3 para recibir su pedido y utilizar el c\u00f3digo de env\u00edo.<\/p>\n","protected":false},"excerpt":{"rendered":"<p>\u00bfCu\u00e1les son los costos de env\u00edo de mi pedido? Los costos de env\u00edo var\u00edan seg\u00fan el peso del pedido y su destino. Tenga en cuenta que si elige pagar el cargo (solo disponible para Portugal continental y las islas), se agregar\u00e1 al franqueo, el cargo de 2 \u20ac. Todos los env\u00edos se realizar\u00e1n con nuestros [&#8230;]<\/p>\n<p><a class=\"btn btn-secondary understrap-read-more-link\" href=\"https:\/\/www.lifenatura.com\/es\/costes-de-envio\/\">Leer m\u00e1s&#8230;<span class=\"screen-reader-text\"> from Costes de Env\u00edo<\/span><\/a><\/p>\n","protected":false},"author":2,"featured_media":0,"parent":0,"menu_order":0,"comment_status":"closed","ping_status":"closed","template":"","meta":{"_acf_changed":false,"footnotes":""},"class_list":["post-43775","page","type-page","status-publish","hentry"],"acf":[],"yoast_head":"<!-- This site is optimized with the Yoast SEO Premium plugin v27.1 (Yoast SEO v27.5) - https:\/\/yoast.com\/product\/yoast-seo-premium-wordpress\/ -->\n<title>Costes de Env\u00edo - Lifenatura<\/title>\n<meta name=\"description\" content=\"Estos son los costes de env\u00edo de su pedido en Lifenatura, luchamos mucho para tener un servicio de calidad.\" \/>\n<meta name=\"robots\" content=\"index, follow, max-snippet:-1, max-image-preview:large, max-video-preview:-1\" \/>\n<link rel=\"canonical\" href=\"https:\/\/www.lifenatura.com\/es\/costes-de-envio\/\" \/>\n<meta property=\"og:locale\" content=\"es_ES\" \/>\n<meta property=\"og:type\" content=\"article\" \/>\n<meta property=\"og:title\" content=\"Costes de Env\u00edo\" \/>\n<meta property=\"og:description\" content=\"Estos son los costes de env\u00edo de su pedido en Lifenatura, luchamos mucho para tener un servicio de calidad.\" \/>\n<meta property=\"og:url\" content=\"https:\/\/www.lifenatura.com\/es\/costes-de-envio\/\" \/>\n<meta property=\"og:site_name\" content=\"Lifenatura\" \/>\n<meta property=\"article:publisher\" content=\"https:\/\/www.facebook.com\/lifenatura\" \/>\n<meta property=\"article:modified_time\" content=\"2025-11-03T13:46:16+00:00\" \/>\n<meta property=\"og:image\" content=\"https:\/\/www.lifenatura.com\/wp-content\/uploads\/2021\/07\/logo.png\" \/>\n\t<meta property=\"og:image:width\" content=\"175\" \/>\n\t<meta property=\"og:image:height\" content=\"55\" \/>\n\t<meta property=\"og:image:type\" content=\"image\/png\" \/>\n<meta name=\"twitter:card\" content=\"summary_large_image\" \/>\n<meta name=\"twitter:label1\" content=\"Tiempo de lectura\" \/>\n\t<meta name=\"twitter:data1\" content=\"4 minutos\" \/>\n<script type=\"application\/ld+json\" class=\"yoast-schema-graph\">{\"@context\":\"https:\\\/\\\/schema.org\",\"@graph\":[{\"@type\":\"WebPage\",\"@id\":\"https:\\\/\\\/www.lifenatura.com\\\/es\\\/costes-de-envio\\\/\",\"url\":\"https:\\\/\\\/www.lifenatura.com\\\/es\\\/costes-de-envio\\\/\",\"name\":\"Costes de Env\u00edo - Lifenatura\",\"isPartOf\":{\"@id\":\"https:\\\/\\\/www.lifenatura.com\\\/es\\\/#website\"},\"datePublished\":\"2022-02-18T08:12:13+00:00\",\"dateModified\":\"2025-11-03T13:46:16+00:00\",\"description\":\"Estos son los costes de env\u00edo de su pedido en Lifenatura, luchamos mucho para tener un servicio de calidad.\",\"breadcrumb\":{\"@id\":\"https:\\\/\\\/www.lifenatura.com\\\/es\\\/costes-de-envio\\\/#breadcrumb\"},\"inLanguage\":\"es\",\"potentialAction\":[{\"@type\":\"ReadAction\",\"target\":[\"https:\\\/\\\/www.lifenatura.com\\\/es\\\/costes-de-envio\\\/\"]}]},{\"@type\":\"BreadcrumbList\",\"@id\":\"https:\\\/\\\/www.lifenatura.com\\\/es\\\/costes-de-envio\\\/#breadcrumb\",\"itemListElement\":[{\"@type\":\"ListItem\",\"position\":1,\"name\":\"In\u00edcio\",\"item\":\"https:\\\/\\\/www.lifenatura.com\\\/es\\\/inicio\\\/\"},{\"@type\":\"ListItem\",\"position\":2,\"name\":\"Costes de Env\u00edo\"}]},{\"@type\":\"WebSite\",\"@id\":\"https:\\\/\\\/www.lifenatura.com\\\/es\\\/#website\",\"url\":\"https:\\\/\\\/www.lifenatura.com\\\/es\\\/\",\"name\":\"Lifenatura\",\"description\":\"A Lifenatura \u00e9 uma loja de produtos naturais, cosm\u00e9tica natural e alimenta\u00e7\u00e3o Biol\u00f3gica.\",\"publisher\":{\"@id\":\"https:\\\/\\\/www.lifenatura.com\\\/es\\\/#organization\"},\"potentialAction\":[{\"@type\":\"SearchAction\",\"target\":{\"@type\":\"EntryPoint\",\"urlTemplate\":\"https:\\\/\\\/www.lifenatura.com\\\/es\\\/?s={search_term_string}\"},\"query-input\":{\"@type\":\"PropertyValueSpecification\",\"valueRequired\":true,\"valueName\":\"search_term_string\"}}],\"inLanguage\":\"es\"},{\"@type\":\"Organization\",\"@id\":\"https:\\\/\\\/www.lifenatura.com\\\/es\\\/#organization\",\"name\":\"Lifenatura\",\"url\":\"https:\\\/\\\/www.lifenatura.com\\\/es\\\/\",\"logo\":{\"@type\":\"ImageObject\",\"inLanguage\":\"es\",\"@id\":\"https:\\\/\\\/www.lifenatura.com\\\/es\\\/#\\\/schema\\\/logo\\\/image\\\/\",\"url\":\"https:\\\/\\\/www.lifenatura.com\\\/wp-content\\\/uploads\\\/2021\\\/07\\\/logo.png\",\"contentUrl\":\"https:\\\/\\\/www.lifenatura.com\\\/wp-content\\\/uploads\\\/2021\\\/07\\\/logo.png\",\"width\":175,\"height\":55,\"caption\":\"Lifenatura\"},\"image\":{\"@id\":\"https:\\\/\\\/www.lifenatura.com\\\/es\\\/#\\\/schema\\\/logo\\\/image\\\/\"},\"sameAs\":[\"https:\\\/\\\/www.facebook.com\\\/lifenatura\",\"https:\\\/\\\/www.instagram.com\\\/lifenaturapt\\\/\"],\"hasMerchantReturnPolicy\":{\"@type\":\"MerchantReturnPolicy\",\"merchantReturnLink\":\"https:\\\/\\\/www.lifenatura.com\\\/termos-condicoes-lifenatura\\\/\"}}]}<\/script>\n<!-- \/ Yoast SEO Premium plugin. -->","yoast_head_json":{"title":"Costes de Env\u00edo - Lifenatura","description":"Estos son los costes de env\u00edo de su pedido en Lifenatura, luchamos mucho para tener un servicio de calidad.","robots":{"index":"index","follow":"follow","max-snippet":"max-snippet:-1","max-image-preview":"max-image-preview:large","max-video-preview":"max-video-preview:-1"},"canonical":"https:\/\/www.lifenatura.com\/es\/costes-de-envio\/","og_locale":"es_ES","og_type":"article","og_title":"Costes de Env\u00edo","og_description":"Estos son los costes de env\u00edo de su pedido en Lifenatura, luchamos mucho para tener un servicio de calidad.","og_url":"https:\/\/www.lifenatura.com\/es\/costes-de-envio\/","og_site_name":"Lifenatura","article_publisher":"https:\/\/www.facebook.com\/lifenatura","article_modified_time":"2025-11-03T13:46:16+00:00","og_image":[{"width":175,"height":55,"url":"https:\/\/www.lifenatura.com\/wp-content\/uploads\/2021\/07\/logo.png","type":"image\/png"}],"twitter_card":"summary_large_image","twitter_misc":{"Tiempo de lectura":"4 minutos"},"schema":{"@context":"https:\/\/schema.org","@graph":[{"@type":"WebPage","@id":"https:\/\/www.lifenatura.com\/es\/costes-de-envio\/","url":"https:\/\/www.lifenatura.com\/es\/costes-de-envio\/","name":"Costes de Env\u00edo - Lifenatura","isPartOf":{"@id":"https:\/\/www.lifenatura.com\/es\/#website"},"datePublished":"2022-02-18T08:12:13+00:00","dateModified":"2025-11-03T13:46:16+00:00","description":"Estos son los costes de env\u00edo de su pedido en Lifenatura, luchamos mucho para tener un servicio de calidad.","breadcrumb":{"@id":"https:\/\/www.lifenatura.com\/es\/costes-de-envio\/#breadcrumb"},"inLanguage":"es","potentialAction":[{"@type":"ReadAction","target":["https:\/\/www.lifenatura.com\/es\/costes-de-envio\/"]}]},{"@type":"BreadcrumbList","@id":"https:\/\/www.lifenatura.com\/es\/costes-de-envio\/#breadcrumb","itemListElement":[{"@type":"ListItem","position":1,"name":"In\u00edcio","item":"https:\/\/www.lifenatura.com\/es\/inicio\/"},{"@type":"ListItem","position":2,"name":"Costes de Env\u00edo"}]},{"@type":"WebSite","@id":"https:\/\/www.lifenatura.com\/es\/#website","url":"https:\/\/www.lifenatura.com\/es\/","name":"Lifenatura","description":"A Lifenatura \u00e9 uma loja de produtos naturais, cosm\u00e9tica natural e alimenta\u00e7\u00e3o Biol\u00f3gica.","publisher":{"@id":"https:\/\/www.lifenatura.com\/es\/#organization"},"potentialAction":[{"@type":"SearchAction","target":{"@type":"EntryPoint","urlTemplate":"https:\/\/www.lifenatura.com\/es\/?s={search_term_string}"},"query-input":{"@type":"PropertyValueSpecification","valueRequired":true,"valueName":"search_term_string"}}],"inLanguage":"es"},{"@type":"Organization","@id":"https:\/\/www.lifenatura.com\/es\/#organization","name":"Lifenatura","url":"https:\/\/www.lifenatura.com\/es\/","logo":{"@type":"ImageObject","inLanguage":"es","@id":"https:\/\/www.lifenatura.com\/es\/#\/schema\/logo\/image\/","url":"https:\/\/www.lifenatura.com\/wp-content\/uploads\/2021\/07\/logo.png","contentUrl":"https:\/\/www.lifenatura.com\/wp-content\/uploads\/2021\/07\/logo.png","width":175,"height":55,"caption":"Lifenatura"},"image":{"@id":"https:\/\/www.lifenatura.com\/es\/#\/schema\/logo\/image\/"},"sameAs":["https:\/\/www.facebook.com\/lifenatura","https:\/\/www.instagram.com\/lifenaturapt\/"],"hasMerchantReturnPolicy":{"@type":"MerchantReturnPolicy","merchantReturnLink":"https:\/\/www.lifenatura.com\/termos-condicoes-lifenatura\/"}}]}},"_links":{"self":[{"href":"https:\/\/www.lifenatura.com\/es\/wp-json\/wp\/v2\/pages\/43775","targetHints":{"allow":["GET"]}}],"collection":[{"href":"https:\/\/www.lifenatura.com\/es\/wp-json\/wp\/v2\/pages"}],"about":[{"href":"https:\/\/www.lifenatura.com\/es\/wp-json\/wp\/v2\/types\/page"}],"author":[{"embeddable":true,"href":"https:\/\/www.lifenatura.com\/es\/wp-json\/wp\/v2\/users\/2"}],"replies":[{"embeddable":true,"href":"https:\/\/www.lifenatura.com\/es\/wp-json\/wp\/v2\/comments?post=43775"}],"version-history":[{"count":2,"href":"https:\/\/www.lifenatura.com\/es\/wp-json\/wp\/v2\/pages\/43775\/revisions"}],"predecessor-version":[{"id":120305,"href":"https:\/\/www.lifenatura.com\/es\/wp-json\/wp\/v2\/pages\/43775\/revisions\/120305"}],"wp:attachment":[{"href":"https:\/\/www.lifenatura.com\/es\/wp-json\/wp\/v2\/media?parent=43775"}],"curies":[{"name":"wp","href":"https:\/\/api.w.org\/{rel}","templated":true}]}}