{"id":43769,"date":"2022-02-17T20:55:20","date_gmt":"2022-02-17T20:55:20","guid":{"rendered":"https:\/\/lifenatura.dev.agenciagetdigital.com\/?page_id=43769"},"modified":"2024-06-27T15:47:22","modified_gmt":"2024-06-27T15:47:22","slug":"metodos-de-pago","status":"publish","type":"page","link":"https:\/\/www.lifenatura.com\/es\/metodos-de-pago\/","title":{"rendered":"Formas de pago"},"content":{"rendered":"\n<p><\/p>\n\n\n\n<h3 class=\"wp-block-heading\" id=\"quais-os-metodos-de-pagamentos-disponiveis\"><strong>\u00bfQu\u00e9 formas de pago hay disponibles?<\/strong><\/h3>\n\n\n\n<p><\/p>\n\n\n\n<p>En Lifenatura disponemos de varias formas de pago para que puedas pagar c\u00f3modamente tu pedido. Consulta a continuaci\u00f3n la mejor forma de pagar tu pedido.<\/p>\n\n\n\n<p><\/p>\n\n\n\n<h4 class=\"wp-block-heading\"><strong>TARJETA DE CR\u00c9DITO VISA | MASTERCARD<\/strong><\/h4>\n\n\n\n<h6 class=\"wp-block-heading\"><strong>(Pago a trav\u00e9s de la plataforma Revolut)<\/strong><\/h6>\n\n\n\n<p>Si utiliza su tarjeta de cr\u00e9dito, deber\u00e1 seleccionarla y a continuaci\u00f3n ser\u00e1 dirigido a otra p\u00e1gina de Redunicre, donde introducir\u00e1 los datos de su tarjeta de cr\u00e9dito.<\/p>\n\n\n\n<p>Lifenatura no guarda los datos de su tarjeta; esta transacci\u00f3n es gestionada por una empresa asociada a Redunicre, que cuenta con todos los requisitos de seguridad para gestionar el procesamiento de pagos.<\/p>\n\n\n\n<p><\/p>\n\n\n\n<h4 class=\"wp-block-heading\"><strong>REVOLUT PAY &#8211; GOOGLE PAY &#8211; APPLE PAY<\/strong><\/h4>\n\n\n\n<p>Nos complace presentarte los nuevos m\u00e9todos de pago que hemos implementado en nuestra tienda online, con el objetivo de que tu experiencia de compra sea a\u00fan m\u00e1s c\u00f3moda y segura.<\/p>\n\n\n\n<p>A partir de ahora, podr\u00e1s realizar tus pagos mediante Revolut Pay, Google Pay y Apple Pay. Conozcamos cada uno de ellos:<\/p>\n\n\n\n<h5 class=\"wp-block-heading\"><strong>Revolut Pay<\/strong><\/h5>\n\n\n\n<p>Revolut Pay es una innovadora soluci\u00f3n de pago ofrecida por Revolut, conocida por su facilidad de uso y rapidez en las transacciones. Al utilizar Revolut Pay, usted puede:<\/p>\n\n\n\n<p><strong>Pagar en segundos:<\/strong> Realice pagos instant\u00e1neos con solo unos clics.<br><strong>Seguridad de alto nivel:<\/strong> Todos los pagos est\u00e1n protegidos con las \u00faltimas tecnolog\u00edas de seguridad.<br><strong>Gesti\u00f3n integrada:<\/strong> Vea y controle todas sus transacciones directamente en la app de Revolut.<\/p>\n\n\n\n<figure class=\"wp-block-image size-large is-resized\"><img decoding=\"async\" width=\"1024\" height=\"341\" src=\"https:\/\/www.lifenatura.com\/wp-content\/uploads\/2024\/06\/White-B-1024x341.png\" alt=\"revolut pay\" class=\"wp-image-94076\" style=\"width:562px;height:auto\" srcset=\"https:\/\/www.lifenatura.com\/wp-content\/uploads\/2024\/06\/White-B-1024x341.png 1024w, https:\/\/www.lifenatura.com\/wp-content\/uploads\/2024\/06\/White-B-300x100.png 300w, https:\/\/www.lifenatura.com\/wp-content\/uploads\/2024\/06\/White-B-768x256.png 768w, https:\/\/www.lifenatura.com\/wp-content\/uploads\/2024\/06\/White-B-600x200.png 600w, https:\/\/www.lifenatura.com\/wp-content\/uploads\/2024\/06\/White-B-64x21.png 64w, https:\/\/www.lifenatura.com\/wp-content\/uploads\/2024\/06\/White-B.png 1200w\" sizes=\"(max-width: 1024px) 100vw, 1024px\" \/><\/figure>\n\n\n\n<h5 class=\"wp-block-heading\"><strong>Google Pay<\/strong><\/h5>\n\n\n\n<p>Google Pay es un servicio de pago digital que permite realizar compras de forma r\u00e1pida y segura a trav\u00e9s de dispositivos Android. Entre sus ventajas se incluyen:<\/p>\n\n\n\n<p><strong>Facilidad de uso:<\/strong> Paga con tu smartphone, tablet o smartwatch.<br><strong>Protecci\u00f3n de datos:<\/strong> Tu informaci\u00f3n de pago se mantiene segura y privada.<br><strong>Compatibilidad:<\/strong> Funciona con la mayor\u00eda de tarjetas de cr\u00e9dito y d\u00e9bito y es ampliamente aceptado en tiendas online.<\/p>\n\n\n\n<figure class=\"wp-block-image size-large is-resized\"><img decoding=\"async\" width=\"1024\" height=\"183\" src=\"https:\/\/www.lifenatura.com\/wp-content\/uploads\/2024\/06\/Google_Pay_Logo_2020.svg_-1024x183.png\" alt=\"google pay\" class=\"wp-image-94078\" style=\"width:325px;height:auto\" srcset=\"https:\/\/www.lifenatura.com\/wp-content\/uploads\/2024\/06\/Google_Pay_Logo_2020.svg_-1024x183.png 1024w, https:\/\/www.lifenatura.com\/wp-content\/uploads\/2024\/06\/Google_Pay_Logo_2020.svg_-300x54.png 300w, https:\/\/www.lifenatura.com\/wp-content\/uploads\/2024\/06\/Google_Pay_Logo_2020.svg_-768x137.png 768w, https:\/\/www.lifenatura.com\/wp-content\/uploads\/2024\/06\/Google_Pay_Logo_2020.svg_-1536x275.png 1536w, https:\/\/www.lifenatura.com\/wp-content\/uploads\/2024\/06\/Google_Pay_Logo_2020.svg_-2048x366.png 2048w, https:\/\/www.lifenatura.com\/wp-content\/uploads\/2024\/06\/Google_Pay_Logo_2020.svg_-600x107.png 600w, https:\/\/www.lifenatura.com\/wp-content\/uploads\/2024\/06\/Google_Pay_Logo_2020.svg_-64x11.png 64w\" sizes=\"(max-width: 1024px) 100vw, 1024px\" \/><\/figure>\n\n\n\n<h5 class=\"wp-block-heading\"><strong>Apple Pay<\/strong><\/h5>\n\n\n\n<p>Apple Pay es la soluci\u00f3n de pago de Apple, disponible para dispositivos iOS, que ofrece una forma f\u00e1cil y segura de pagar online y en tiendas f\u00edsicas. Sus principales caracter\u00edsticas son:<\/p>\n\n\n\n<p><strong>Sencillez<\/strong>: Paga con tu iPhone, iPad o Apple Watch.<br><strong>Seguridad: <\/strong>Utiliza tecnolog\u00eda de autenticaci\u00f3n biom\u00e9trica (Face ID o Touch ID) para garantizar la seguridad de tus pagos.<br><strong>Privacidad:<\/strong> Los datos de tu tarjeta no se almacenan en el dispositivo ni se comparten con los comercios.<\/p>\n\n\n\n<figure class=\"wp-block-image size-large is-resized\"><img decoding=\"async\" width=\"1024\" height=\"538\" src=\"https:\/\/www.lifenatura.com\/wp-content\/uploads\/2024\/06\/apple-pay-og-1024x538.jpg\" alt=\"revolut pay\" class=\"wp-image-94080\" style=\"width:185px;height:auto\" srcset=\"https:\/\/www.lifenatura.com\/wp-content\/uploads\/2024\/06\/apple-pay-og-1024x538.jpg 1024w, https:\/\/www.lifenatura.com\/wp-content\/uploads\/2024\/06\/apple-pay-og-300x158.jpg 300w, https:\/\/www.lifenatura.com\/wp-content\/uploads\/2024\/06\/apple-pay-og-768x403.jpg 768w, https:\/\/www.lifenatura.com\/wp-content\/uploads\/2024\/06\/apple-pay-og-600x315.jpg 600w, https:\/\/www.lifenatura.com\/wp-content\/uploads\/2024\/06\/apple-pay-og-64x34.jpg 64w, https:\/\/www.lifenatura.com\/wp-content\/uploads\/2024\/06\/apple-pay-og.jpg 1200w\" sizes=\"(max-width: 1024px) 100vw, 1024px\" \/><\/figure>\n\n\n\n<p><\/p>\n\n\n\n<h4 class=\"wp-block-heading\"><strong>SEQURA<\/strong><\/h4>\n\n\n\n<p>Pague en 3 o 4 plazos sin intereses con su tarjeta de cr\u00e9dito o d\u00e9bito con nuestro socio Sequra.<\/p>\n\n\n\n<figure class=\"wp-block-image size-full is-resized\"><img decoding=\"async\" width=\"600\" height=\"226\" src=\"https:\/\/www.lifenatura.com\/wp-content\/uploads\/2024\/06\/sequra.png\" alt=\"sequra\" class=\"wp-image-94070\" style=\"width:196px;height:auto\" srcset=\"https:\/\/www.lifenatura.com\/wp-content\/uploads\/2024\/06\/sequra.png 600w, https:\/\/www.lifenatura.com\/wp-content\/uploads\/2024\/06\/sequra-300x113.png 300w, https:\/\/www.lifenatura.com\/wp-content\/uploads\/2024\/06\/sequra-64x24.png 64w\" sizes=\"(max-width: 600px) 100vw, 600px\" \/><\/figure>\n\n\n\n<p>Disfruta hoy y paga despu\u00e9s con seQura.<\/p>\n\n\n\n<p>Tenemos nuevas soluciones de pago para que puedas comprar lo que quieras y pagar como quieras.<\/p>\n\n\n\n<p>Suena bien, \u00bfverdad? Compre con seQura en un abrir y cerrar de ojos. Sin burocracia, sin necesidad de llevar documentos y con aprobaci\u00f3n instant\u00e1nea. F\u00e1cil, r\u00e1pido y seguro.<\/p>\n\n\n\n<p>Selecciona seQura como m\u00e9todo de pago cuando completes tu pedido.<\/p>\n\n\n\n<p>Rellena 5 datos y te confirmaremos la compra al momento.<\/p>\n\n\n\n<p>Disfruta de tu compra sin pagar de golpe.<\/p>\n\n\n\n<figure class=\"wp-block-image size-full\"><img decoding=\"async\" width=\"600\" height=\"100\" src=\"https:\/\/www.lifenatura.com\/wp-content\/uploads\/2024\/06\/600x100.png\" alt=\"sequra metodos de pago\" class=\"wp-image-94072\" srcset=\"https:\/\/www.lifenatura.com\/wp-content\/uploads\/2024\/06\/600x100.png 600w, https:\/\/www.lifenatura.com\/wp-content\/uploads\/2024\/06\/600x100-300x50.png 300w, https:\/\/www.lifenatura.com\/wp-content\/uploads\/2024\/06\/600x100-64x11.png 64w\" sizes=\"(max-width: 600px) 100vw, 600px\" \/><\/figure>\n\n\n\n<p><\/p>\n\n\n\n<h4 class=\"wp-block-heading\"><strong>TRANSFER\u00caNCIA BANC\u00c1RIA<\/strong><\/h4>\n\n\n\n<p>A transfer\u00eancia demora pelo menos 2 ou 3 dias a ser validada, pelo que pedimos que nos envie um email para geral@lifenatura.com com o seu nome, n\u00famero de encomenda e comprovativo de pagamento.<\/p>\n\n\n\n<p>Desta forma, a entrega \u00e9 efectuada de uma forma mais r\u00e1pida.<\/p>\n\n\n\n<p>Para efetuar um pagamento por transfer\u00eancia banc\u00e1ria, por favor utilize os seguintes dados:<\/p>\n\n\n\n<p>Banco: Banco BPI<br>Titular: Pharma Scalabis<br>IBAN: PT50 0010 0000 3688 1220 0013 9<br>SWIFT\/BIC: BBPIPTPL<\/p>\n\n\n\n<p><\/p>\n\n\n\n<h3 class=\"wp-block-heading\"><strong>\u00bfEst\u00e1 incluido el IVA en el precio de los productos?<\/strong><\/h3>\n\n\n\n<p>S\u00ed, todos los productos incluyen el IVA.<\/p>\n\n\n\n<p><\/p>\n","protected":false},"excerpt":{"rendered":"<p>\u00bfQu\u00e9 formas de pago hay disponibles? En Lifenatura disponemos de varias formas de pago para que puedas pagar c\u00f3modamente tu pedido. Consulta a continuaci\u00f3n la mejor forma de pagar tu pedido. TARJETA DE CR\u00c9DITO VISA | MASTERCARD (Pago a trav\u00e9s de la plataforma Revolut) Si utiliza su tarjeta de cr\u00e9dito, deber\u00e1 seleccionarla y a continuaci\u00f3n [&#8230;]<\/p>\n<p><a class=\"btn btn-secondary understrap-read-more-link\" href=\"https:\/\/www.lifenatura.com\/es\/metodos-de-pago\/\">Leer m\u00e1s&#8230;<span class=\"screen-reader-text\"> from Formas de pago<\/span><\/a><\/p>\n","protected":false},"author":2,"featured_media":0,"parent":0,"menu_order":0,"comment_status":"closed","ping_status":"closed","template":"","meta":{"_acf_changed":false,"footnotes":""},"class_list":["post-43769","page","type-page","status-publish","hentry"],"acf":[],"yoast_head":"<!-- This site is optimized with the Yoast SEO Premium plugin v27.1 (Yoast SEO v27.5) - https:\/\/yoast.com\/product\/yoast-seo-premium-wordpress\/ -->\n<title>Formas de pago - Lifenatura<\/title>\n<meta name=\"description\" content=\"Lifenatura te ofrece una variedad de m\u00e9todos de pago f\u00e1ciles, seguros y r\u00e1pidos, tu pedido en 1 minuto en el proceso de compra.\" \/>\n<meta name=\"robots\" content=\"index, follow, max-snippet:-1, max-image-preview:large, max-video-preview:-1\" \/>\n<link rel=\"canonical\" href=\"https:\/\/www.lifenatura.com\/es\/metodos-de-pago\/\" \/>\n<meta property=\"og:locale\" content=\"es_ES\" \/>\n<meta property=\"og:type\" content=\"article\" \/>\n<meta property=\"og:title\" content=\"Formas de pago\" \/>\n<meta property=\"og:description\" content=\"Lifenatura te ofrece una variedad de m\u00e9todos de pago f\u00e1ciles, seguros y r\u00e1pidos, tu pedido en 1 minuto en el proceso de compra.\" \/>\n<meta property=\"og:url\" content=\"https:\/\/www.lifenatura.com\/es\/metodos-de-pago\/\" \/>\n<meta property=\"og:site_name\" content=\"Lifenatura\" \/>\n<meta property=\"article:publisher\" content=\"https:\/\/www.facebook.com\/lifenatura\" \/>\n<meta property=\"article:modified_time\" content=\"2024-06-27T15:47:22+00:00\" \/>\n<meta property=\"og:image\" content=\"https:\/\/www.lifenatura.com\/wp-content\/uploads\/2024\/06\/White-B-1024x341.png\" \/>\n<meta name=\"twitter:card\" content=\"summary_large_image\" \/>\n<meta name=\"twitter:label1\" content=\"Tiempo de lectura\" \/>\n\t<meta name=\"twitter:data1\" content=\"2 minutos\" \/>\n<script type=\"application\/ld+json\" class=\"yoast-schema-graph\">{\"@context\":\"https:\\\/\\\/schema.org\",\"@graph\":[{\"@type\":\"WebPage\",\"@id\":\"https:\\\/\\\/www.lifenatura.com\\\/es\\\/metodos-de-pago\\\/\",\"url\":\"https:\\\/\\\/www.lifenatura.com\\\/es\\\/metodos-de-pago\\\/\",\"name\":\"Formas de pago - Lifenatura\",\"isPartOf\":{\"@id\":\"https:\\\/\\\/www.lifenatura.com\\\/es\\\/#website\"},\"primaryImageOfPage\":{\"@id\":\"https:\\\/\\\/www.lifenatura.com\\\/es\\\/metodos-de-pago\\\/#primaryimage\"},\"image\":{\"@id\":\"https:\\\/\\\/www.lifenatura.com\\\/es\\\/metodos-de-pago\\\/#primaryimage\"},\"thumbnailUrl\":\"https:\\\/\\\/www.lifenatura.com\\\/wp-content\\\/uploads\\\/2024\\\/06\\\/White-B-1024x341.png\",\"datePublished\":\"2022-02-17T20:55:20+00:00\",\"dateModified\":\"2024-06-27T15:47:22+00:00\",\"description\":\"Lifenatura te ofrece una variedad de m\u00e9todos de pago f\u00e1ciles, seguros y r\u00e1pidos, tu pedido en 1 minuto en el proceso de compra.\",\"breadcrumb\":{\"@id\":\"https:\\\/\\\/www.lifenatura.com\\\/es\\\/metodos-de-pago\\\/#breadcrumb\"},\"inLanguage\":\"es\",\"potentialAction\":[{\"@type\":\"ReadAction\",\"target\":[\"https:\\\/\\\/www.lifenatura.com\\\/es\\\/metodos-de-pago\\\/\"]}]},{\"@type\":\"ImageObject\",\"inLanguage\":\"es\",\"@id\":\"https:\\\/\\\/www.lifenatura.com\\\/es\\\/metodos-de-pago\\\/#primaryimage\",\"url\":\"https:\\\/\\\/www.lifenatura.com\\\/wp-content\\\/uploads\\\/2024\\\/06\\\/White-B-1024x341.png\",\"contentUrl\":\"https:\\\/\\\/www.lifenatura.com\\\/wp-content\\\/uploads\\\/2024\\\/06\\\/White-B-1024x341.png\"},{\"@type\":\"BreadcrumbList\",\"@id\":\"https:\\\/\\\/www.lifenatura.com\\\/es\\\/metodos-de-pago\\\/#breadcrumb\",\"itemListElement\":[{\"@type\":\"ListItem\",\"position\":1,\"name\":\"In\u00edcio\",\"item\":\"https:\\\/\\\/www.lifenatura.com\\\/es\\\/\"},{\"@type\":\"ListItem\",\"position\":2,\"name\":\"Formas de pago\"}]},{\"@type\":\"WebSite\",\"@id\":\"https:\\\/\\\/www.lifenatura.com\\\/es\\\/#website\",\"url\":\"https:\\\/\\\/www.lifenatura.com\\\/es\\\/\",\"name\":\"Lifenatura\",\"description\":\"A Lifenatura \u00e9 uma loja de produtos naturais, cosm\u00e9tica natural e alimenta\u00e7\u00e3o Biol\u00f3gica.\",\"publisher\":{\"@id\":\"https:\\\/\\\/www.lifenatura.com\\\/es\\\/#organization\"},\"potentialAction\":[{\"@type\":\"SearchAction\",\"target\":{\"@type\":\"EntryPoint\",\"urlTemplate\":\"https:\\\/\\\/www.lifenatura.com\\\/es\\\/?s={search_term_string}\"},\"query-input\":{\"@type\":\"PropertyValueSpecification\",\"valueRequired\":true,\"valueName\":\"search_term_string\"}}],\"inLanguage\":\"es\"},{\"@type\":\"Organization\",\"@id\":\"https:\\\/\\\/www.lifenatura.com\\\/es\\\/#organization\",\"name\":\"Lifenatura\",\"url\":\"https:\\\/\\\/www.lifenatura.com\\\/es\\\/\",\"logo\":{\"@type\":\"ImageObject\",\"inLanguage\":\"es\",\"@id\":\"https:\\\/\\\/www.lifenatura.com\\\/es\\\/#\\\/schema\\\/logo\\\/image\\\/\",\"url\":\"https:\\\/\\\/www.lifenatura.com\\\/wp-content\\\/uploads\\\/2021\\\/07\\\/logo.png\",\"contentUrl\":\"https:\\\/\\\/www.lifenatura.com\\\/wp-content\\\/uploads\\\/2021\\\/07\\\/logo.png\",\"width\":175,\"height\":55,\"caption\":\"Lifenatura\"},\"image\":{\"@id\":\"https:\\\/\\\/www.lifenatura.com\\\/es\\\/#\\\/schema\\\/logo\\\/image\\\/\"},\"sameAs\":[\"https:\\\/\\\/www.facebook.com\\\/lifenatura\",\"https:\\\/\\\/www.instagram.com\\\/lifenaturapt\\\/\"],\"hasMerchantReturnPolicy\":{\"@type\":\"MerchantReturnPolicy\",\"merchantReturnLink\":\"https:\\\/\\\/www.lifenatura.com\\\/termos-condicoes-lifenatura\\\/\"}}]}<\/script>\n<!-- \/ Yoast SEO Premium plugin. -->","yoast_head_json":{"title":"Formas de pago - Lifenatura","description":"Lifenatura te ofrece una variedad de m\u00e9todos de pago f\u00e1ciles, seguros y r\u00e1pidos, tu pedido en 1 minuto en el proceso de compra.","robots":{"index":"index","follow":"follow","max-snippet":"max-snippet:-1","max-image-preview":"max-image-preview:large","max-video-preview":"max-video-preview:-1"},"canonical":"https:\/\/www.lifenatura.com\/es\/metodos-de-pago\/","og_locale":"es_ES","og_type":"article","og_title":"Formas de pago","og_description":"Lifenatura te ofrece una variedad de m\u00e9todos de pago f\u00e1ciles, seguros y r\u00e1pidos, tu pedido en 1 minuto en el proceso de compra.","og_url":"https:\/\/www.lifenatura.com\/es\/metodos-de-pago\/","og_site_name":"Lifenatura","article_publisher":"https:\/\/www.facebook.com\/lifenatura","article_modified_time":"2024-06-27T15:47:22+00:00","og_image":[{"url":"https:\/\/www.lifenatura.com\/wp-content\/uploads\/2024\/06\/White-B-1024x341.png","type":"","width":"","height":""}],"twitter_card":"summary_large_image","twitter_misc":{"Tiempo de lectura":"2 minutos"},"schema":{"@context":"https:\/\/schema.org","@graph":[{"@type":"WebPage","@id":"https:\/\/www.lifenatura.com\/es\/metodos-de-pago\/","url":"https:\/\/www.lifenatura.com\/es\/metodos-de-pago\/","name":"Formas de pago - Lifenatura","isPartOf":{"@id":"https:\/\/www.lifenatura.com\/es\/#website"},"primaryImageOfPage":{"@id":"https:\/\/www.lifenatura.com\/es\/metodos-de-pago\/#primaryimage"},"image":{"@id":"https:\/\/www.lifenatura.com\/es\/metodos-de-pago\/#primaryimage"},"thumbnailUrl":"https:\/\/www.lifenatura.com\/wp-content\/uploads\/2024\/06\/White-B-1024x341.png","datePublished":"2022-02-17T20:55:20+00:00","dateModified":"2024-06-27T15:47:22+00:00","description":"Lifenatura te ofrece una variedad de m\u00e9todos de pago f\u00e1ciles, seguros y r\u00e1pidos, tu pedido en 1 minuto en el proceso de compra.","breadcrumb":{"@id":"https:\/\/www.lifenatura.com\/es\/metodos-de-pago\/#breadcrumb"},"inLanguage":"es","potentialAction":[{"@type":"ReadAction","target":["https:\/\/www.lifenatura.com\/es\/metodos-de-pago\/"]}]},{"@type":"ImageObject","inLanguage":"es","@id":"https:\/\/www.lifenatura.com\/es\/metodos-de-pago\/#primaryimage","url":"https:\/\/www.lifenatura.com\/wp-content\/uploads\/2024\/06\/White-B-1024x341.png","contentUrl":"https:\/\/www.lifenatura.com\/wp-content\/uploads\/2024\/06\/White-B-1024x341.png"},{"@type":"BreadcrumbList","@id":"https:\/\/www.lifenatura.com\/es\/metodos-de-pago\/#breadcrumb","itemListElement":[{"@type":"ListItem","position":1,"name":"In\u00edcio","item":"https:\/\/www.lifenatura.com\/es\/"},{"@type":"ListItem","position":2,"name":"Formas de pago"}]},{"@type":"WebSite","@id":"https:\/\/www.lifenatura.com\/es\/#website","url":"https:\/\/www.lifenatura.com\/es\/","name":"Lifenatura","description":"A Lifenatura \u00e9 uma loja de produtos naturais, cosm\u00e9tica natural e alimenta\u00e7\u00e3o Biol\u00f3gica.","publisher":{"@id":"https:\/\/www.lifenatura.com\/es\/#organization"},"potentialAction":[{"@type":"SearchAction","target":{"@type":"EntryPoint","urlTemplate":"https:\/\/www.lifenatura.com\/es\/?s={search_term_string}"},"query-input":{"@type":"PropertyValueSpecification","valueRequired":true,"valueName":"search_term_string"}}],"inLanguage":"es"},{"@type":"Organization","@id":"https:\/\/www.lifenatura.com\/es\/#organization","name":"Lifenatura","url":"https:\/\/www.lifenatura.com\/es\/","logo":{"@type":"ImageObject","inLanguage":"es","@id":"https:\/\/www.lifenatura.com\/es\/#\/schema\/logo\/image\/","url":"https:\/\/www.lifenatura.com\/wp-content\/uploads\/2021\/07\/logo.png","contentUrl":"https:\/\/www.lifenatura.com\/wp-content\/uploads\/2021\/07\/logo.png","width":175,"height":55,"caption":"Lifenatura"},"image":{"@id":"https:\/\/www.lifenatura.com\/es\/#\/schema\/logo\/image\/"},"sameAs":["https:\/\/www.facebook.com\/lifenatura","https:\/\/www.instagram.com\/lifenaturapt\/"],"hasMerchantReturnPolicy":{"@type":"MerchantReturnPolicy","merchantReturnLink":"https:\/\/www.lifenatura.com\/termos-condicoes-lifenatura\/"}}]}},"_links":{"self":[{"href":"https:\/\/www.lifenatura.com\/es\/wp-json\/wp\/v2\/pages\/43769","targetHints":{"allow":["GET"]}}],"collection":[{"href":"https:\/\/www.lifenatura.com\/es\/wp-json\/wp\/v2\/pages"}],"about":[{"href":"https:\/\/www.lifenatura.com\/es\/wp-json\/wp\/v2\/types\/page"}],"author":[{"embeddable":true,"href":"https:\/\/www.lifenatura.com\/es\/wp-json\/wp\/v2\/users\/2"}],"replies":[{"embeddable":true,"href":"https:\/\/www.lifenatura.com\/es\/wp-json\/wp\/v2\/comments?post=43769"}],"version-history":[{"count":2,"href":"https:\/\/www.lifenatura.com\/es\/wp-json\/wp\/v2\/pages\/43769\/revisions"}],"predecessor-version":[{"id":94086,"href":"https:\/\/www.lifenatura.com\/es\/wp-json\/wp\/v2\/pages\/43769\/revisions\/94086"}],"wp:attachment":[{"href":"https:\/\/www.lifenatura.com\/es\/wp-json\/wp\/v2\/media?parent=43769"}],"curies":[{"name":"wp","href":"https:\/\/api.w.org\/{rel}","templated":true}]}}