{"id":43765,"date":"2022-02-17T18:17:23","date_gmt":"2022-02-17T18:17:23","guid":{"rendered":"https:\/\/lifenatura.dev.agenciagetdigital.com\/?page_id=43765"},"modified":"2024-04-15T13:27:50","modified_gmt":"2024-04-15T13:27:50","slug":"realizar-una-compra","status":"publish","type":"page","link":"https:\/\/www.lifenatura.com\/es\/realizar-una-compra\/","title":{"rendered":"Realizar una Compra?"},"content":{"rendered":"\n<p><\/p>\n\n\n\n<h3 class=\"wp-block-heading\" id=\"como-puedo-hacer-un-pedido\"><strong>\u00bfC\u00f3mo puedo hacer un pedido?<\/strong><\/h3>\n\n\n\n<p><\/p>\n\n\n\n<p><strong>1. EN EL SITIO WEB<\/strong><\/p>\n\n\n\n<p>Puede realizar un pedido de dos maneras simplemente iniciando sesi\u00f3n en su cuenta al final del carrito de compras o al principio.<\/p>\n\n\n\n<p>Una vez que encuentre el producto que desea, presione el bot\u00f3n &#8220;AGREGAR&#8221;. El producto se agrega a su carrito de compras donde puede cambiar la cantidad. En esta etapa, puede ir a su carrito de compras y finalizar o continuar agregando productos a su carrito de compras.<\/p>\n\n\n\n<p>Cuando desee revisar su carrito de compras, se encuentra en la parte superior derecha de su p\u00e1gina. Para verlo, simplemente haga clic en el s\u00edmbolo del carrito.<\/p>\n\n\n\n<p>Una vez que todos sus productos est\u00e1n etiquetados y agregados al carrito de compras, puede hacer clic en &#8220;Ir al carrito de compras&#8221;, aqu\u00ed es donde ingresa el c\u00f3digo promocional si tiene uno para descontar, y cuando todo est\u00e1 bien, puede hacer clic en &#8220;Realizar la encomienda&#8221;.<\/p>\n\n\n\n<p>Tambi\u00e9n puede cambiar las cantidades simplemente haciendo clic en el s\u00edmbolo &#8220;+&#8221; para agregar y &#8220;-&#8221; para restar cantidades.<\/p>\n\n\n\n<p>Pasamos al \u00faltimo paso: datos, env\u00edo y pago<br>Debe confirmar que sus datos de facturaci\u00f3n y env\u00edo son correctos.<br>Elija el m\u00e9todo de pago que prefiera y tambi\u00e9n el m\u00e9todo de entrega.<br>Finalmente, si desea dejar un comentario, escriba en el cuadro Comentarios.<br>Y si todo est\u00e1 bien, haga clic en &#8220;Pagar&#8221;<\/p>\n\n\n\n<p><\/p>\n\n\n\n<p><strong>2. POR TEL\u00c9FONO<\/strong><\/p>\n\n\n\n<p>Haga su pedido por tel\u00e9fono donde puede aclarar cualquier pregunta sobre precios, fechas y plazos de entrega.<\/p>\n\n\n\n<p>Hable con nuestro asistente a trav\u00e9s de los n\u00fameros:<br>+351 243 090 393 o<br>+351917611 062<\/p>\n\n\n\n<p>Servicio al cliente horario de apertura<br>De lunes a viernes<br>9:00 am &#8211; 6:00 pm<\/p>\n\n\n\n<p><strong>4. POR CORREO ELECTR\u00d3NICO<\/strong><\/p>\n\n\n\n<p>Env\u00edenos su pedido por correo electr\u00f3nico: geral@lifenatura.com<\/p>\n\n\n\n<p><\/p>\n\n\n\n<p><strong>5. REDES SOCIALES<\/strong><\/p>\n\n\n\n<p>Puede usar las redes sociales para hacer pedidos simplemente visitando nuestra p\u00e1gina de Facebook: https:\/\/business.facebook.com\/lifenatura<\/p>\n\n\n\n<p><br><strong>6. CHAT EN L\u00cdNEA<\/strong><\/p>\n\n\n\n<p>Durante el horario de apertura, puede hacer preguntas y hacer pedidos en nuestro chat en l\u00ednea en la esquina izquierda de la tienda.<\/p>\n\n\n\n<p>Si no est\u00e1 en l\u00ednea, d\u00e9jenos un mensaje y le responderemos r\u00e1pidamente.<\/p>\n\n\n\n<p>Servicio al cliente horario de apertura<br>De lunes a viernes<br>9:00 am &#8211; 6:00 pm<\/p>\n\n\n\n<p><\/p>\n\n\n\n<h3 class=\"wp-block-heading\" id=\"como-puedo-cancelar-cambiar-mi-pedido\"><strong>\u00bfC\u00f3mo puedo cancelar \/ cambiar mi pedido?<\/strong><\/h3>\n\n\n\n<p><\/p>\n\n\n\n<p>Despu\u00e9s de realizar un pedido, es posible realizar el cambio o cancelarlo, simplemente escr\u00edbanos un correo electr\u00f3nico, con una solicitud de cancelaci\u00f3n o cambio de productos, a la direcci\u00f3n: geral@lifenatura.com<\/p>\n\n\n\n<p>En caso de intercambio de productos, el aviso debe darse antes de enviar el pedido, para no incurrir en costos adicionales.<\/p>\n\n\n\n<p><\/p>\n\n\n\n<h3 class=\"wp-block-heading\" id=\"esta-es-mi-primera-compra-tengo-algun-descuento\"><strong>Esta es mi primera compra, \u00bftengo alg\u00fan descuento?<\/strong><\/h3>\n\n\n\n<p><\/p>\n\n\n\n<p>Hay un descuento activo para nuestros clientes que realizan su primera compra en nuestra tienda en l\u00ednea: Lifenatura.<\/p>\n\n\n\n<p>Para su primera compra, tiene derecho a un\u00a0<strong>5\u20ac de descuento<\/strong> (para pedidos m\u00e1s de 35\u20ac), para que pueda disfrutar simplemente poner en el carrito de compras Cup\u00f3n de descuento >\u00a0<strong>LIFE5<\/strong><\/p>\n\n\n\n<p>Se lanzar\u00e1n descuentos mensuales que recibir\u00e1 por correo electr\u00f3nico, est\u00e9 atento.<\/p>\n\n\n\n<p><\/p>\n\n\n\n<h3 class=\"wp-block-heading\" id=\"como-funcionan-mis-puntos-de-pedido\"><strong>\u00bfC\u00f3mo funcionan mis puntos de pedido?<\/strong><\/h3>\n\n\n\n<p><\/p>\n\n\n\n<p>La gesti\u00f3n de puntos est\u00e1 totalmente gestionada por nosotros, y el proceso es relativamente simple.<\/p>\n\n\n\n<p>Cada \u20ac gastado en su tienda en l\u00ednea contar\u00e1 1 punto<br>Cuando llegue a 250 puntos, ya puede hacer el descuento del 10% en la pr\u00f3xima compra.<\/p>\n\n\n\n<p>Para saber cu\u00e1ntos puntos tiene, simplemente inicie sesi\u00f3n en su cuenta iniciando sesi\u00f3n en nuestro sitio y haciendo clic en &#8220;Saldos y puntos&#8221;<\/p>\n\n\n\n<p><\/p>\n\n\n\n<h3 class=\"wp-block-heading\" id=\"como-puedo-devolver-mi-pedido\"><strong>\u00bfC\u00f3mo puedo devolver mi pedido?<\/strong><\/h3>\n\n\n\n<p><\/p>\n\n\n\n<p>El Cliente puede devolver los Productos que sean defectuosos o diferentes de los pedidos dentro de los 15 d\u00edas posteriores a la recepci\u00f3n del pedido.<\/p>\n","protected":false},"excerpt":{"rendered":"<p>\u00bfC\u00f3mo puedo hacer un pedido? 1. EN EL SITIO WEB Puede realizar un pedido de dos maneras simplemente iniciando sesi\u00f3n en su cuenta al final del carrito de compras o al principio. Una vez que encuentre el producto que desea, presione el bot\u00f3n &#8220;AGREGAR&#8221;. El producto se agrega a su carrito de compras donde puede [&#8230;]<\/p>\n<p><a class=\"btn btn-secondary understrap-read-more-link\" href=\"https:\/\/www.lifenatura.com\/es\/realizar-una-compra\/\">Leer m\u00e1s&#8230;<span class=\"screen-reader-text\"> from Realizar una Compra?<\/span><\/a><\/p>\n","protected":false},"author":2,"featured_media":0,"parent":0,"menu_order":0,"comment_status":"closed","ping_status":"closed","template":"","meta":{"_acf_changed":false,"footnotes":""},"class_list":["post-43765","page","type-page","status-publish","hentry"],"acf":[],"yoast_head":"<!-- This site is optimized with the Yoast SEO Premium plugin v27.1 (Yoast SEO v27.3) - https:\/\/yoast.com\/product\/yoast-seo-premium-wordpress\/ -->\n<title>Realizar una Compra? - Lifenatura<\/title>\n<meta name=\"description\" content=\"Descubre c\u00f3mo puedes realizar una compra en Lifenatura, todos los pasos y lo que necesitas saber para realizar una compra en nuestra tienda.\" \/>\n<meta name=\"robots\" content=\"index, follow, max-snippet:-1, max-image-preview:large, max-video-preview:-1\" \/>\n<link rel=\"canonical\" href=\"https:\/\/www.lifenatura.com\/es\/realizar-una-compra\/\" \/>\n<meta property=\"og:locale\" content=\"es_ES\" \/>\n<meta property=\"og:type\" content=\"article\" \/>\n<meta property=\"og:title\" content=\"Realizar una Compra?\" \/>\n<meta property=\"og:description\" content=\"Descubre c\u00f3mo puedes realizar una compra en Lifenatura, todos los pasos y lo que necesitas saber para realizar una compra en nuestra tienda.\" \/>\n<meta property=\"og:url\" content=\"https:\/\/www.lifenatura.com\/es\/realizar-una-compra\/\" \/>\n<meta property=\"og:site_name\" content=\"Lifenatura\" \/>\n<meta property=\"article:publisher\" content=\"https:\/\/www.facebook.com\/lifenatura\" \/>\n<meta property=\"article:modified_time\" content=\"2024-04-15T13:27:50+00:00\" \/>\n<meta property=\"og:image\" content=\"https:\/\/www.lifenatura.com\/wp-content\/uploads\/2021\/07\/logo.png\" \/>\n\t<meta property=\"og:image:width\" content=\"175\" \/>\n\t<meta property=\"og:image:height\" content=\"55\" \/>\n\t<meta property=\"og:image:type\" content=\"image\/png\" \/>\n<meta name=\"twitter:card\" content=\"summary_large_image\" \/>\n<meta name=\"twitter:label1\" content=\"Tiempo de lectura\" \/>\n\t<meta name=\"twitter:data1\" content=\"4 minutos\" \/>\n<!-- \/ Yoast SEO Premium plugin. -->","yoast_head_json":{"title":"Realizar una Compra? - Lifenatura","description":"Descubre c\u00f3mo puedes realizar una compra en Lifenatura, todos los pasos y lo que necesitas saber para realizar una compra en nuestra tienda.","robots":{"index":"index","follow":"follow","max-snippet":"max-snippet:-1","max-image-preview":"max-image-preview:large","max-video-preview":"max-video-preview:-1"},"canonical":"https:\/\/www.lifenatura.com\/es\/realizar-una-compra\/","og_locale":"es_ES","og_type":"article","og_title":"Realizar una Compra?","og_description":"Descubre c\u00f3mo puedes realizar una compra en Lifenatura, todos los pasos y lo que necesitas saber para realizar una compra en nuestra tienda.","og_url":"https:\/\/www.lifenatura.com\/es\/realizar-una-compra\/","og_site_name":"Lifenatura","article_publisher":"https:\/\/www.facebook.com\/lifenatura","article_modified_time":"2024-04-15T13:27:50+00:00","og_image":[{"width":175,"height":55,"url":"https:\/\/www.lifenatura.com\/wp-content\/uploads\/2021\/07\/logo.png","type":"image\/png"}],"twitter_card":"summary_large_image","twitter_misc":{"Tiempo de lectura":"4 minutos"},"schema":{"@context":"https:\/\/schema.org","@graph":[{"@type":"WebPage","@id":"https:\/\/www.lifenatura.com\/es\/realizar-una-compra\/","url":"https:\/\/www.lifenatura.com\/es\/realizar-una-compra\/","name":"Realizar una Compra? - Lifenatura","isPartOf":{"@id":"https:\/\/www.lifenatura.com\/es\/#website"},"datePublished":"2022-02-17T18:17:23+00:00","dateModified":"2024-04-15T13:27:50+00:00","description":"Descubre c\u00f3mo puedes realizar una compra en Lifenatura, todos los pasos y lo que necesitas saber para realizar una compra en nuestra tienda.","breadcrumb":{"@id":"https:\/\/www.lifenatura.com\/es\/realizar-una-compra\/#breadcrumb"},"inLanguage":"es","potentialAction":[{"@type":"ReadAction","target":["https:\/\/www.lifenatura.com\/es\/realizar-una-compra\/"]}]},{"@type":"BreadcrumbList","@id":"https:\/\/www.lifenatura.com\/es\/realizar-una-compra\/#breadcrumb","itemListElement":[{"@type":"ListItem","position":1,"name":"In\u00edcio","item":"https:\/\/www.lifenatura.com\/es\/"},{"@type":"ListItem","position":2,"name":"Realizar una Compra?"}]},{"@type":"WebSite","@id":"https:\/\/www.lifenatura.com\/es\/#website","url":"https:\/\/www.lifenatura.com\/es\/","name":"Lifenatura","description":"A Lifenatura \u00e9 uma loja de produtos naturais, cosm\u00e9tica natural e alimenta\u00e7\u00e3o Biol\u00f3gica.","publisher":{"@id":"https:\/\/www.lifenatura.com\/es\/#organization"},"potentialAction":[{"@type":"SearchAction","target":{"@type":"EntryPoint","urlTemplate":"https:\/\/www.lifenatura.com\/es\/?s={search_term_string}"},"query-input":{"@type":"PropertyValueSpecification","valueRequired":true,"valueName":"search_term_string"}}],"inLanguage":"es"},{"@type":"Organization","@id":"https:\/\/www.lifenatura.com\/es\/#organization","name":"Lifenatura","url":"https:\/\/www.lifenatura.com\/es\/","logo":{"@type":"ImageObject","inLanguage":"es","@id":"https:\/\/www.lifenatura.com\/es\/#\/schema\/logo\/image\/","url":"https:\/\/www.lifenatura.com\/wp-content\/uploads\/2021\/11\/logo.png","contentUrl":"https:\/\/www.lifenatura.com\/wp-content\/uploads\/2021\/11\/logo.png","width":175,"height":55,"caption":"Lifenatura"},"image":{"@id":"https:\/\/www.lifenatura.com\/es\/#\/schema\/logo\/image\/"},"sameAs":["https:\/\/www.facebook.com\/lifenatura","https:\/\/www.instagram.com\/lifenaturapt\/"]}]}},"_links":{"self":[{"href":"https:\/\/www.lifenatura.com\/es\/wp-json\/wp\/v2\/pages\/43765","targetHints":{"allow":["GET"]}}],"collection":[{"href":"https:\/\/www.lifenatura.com\/es\/wp-json\/wp\/v2\/pages"}],"about":[{"href":"https:\/\/www.lifenatura.com\/es\/wp-json\/wp\/v2\/types\/page"}],"author":[{"embeddable":true,"href":"https:\/\/www.lifenatura.com\/es\/wp-json\/wp\/v2\/users\/2"}],"replies":[{"embeddable":true,"href":"https:\/\/www.lifenatura.com\/es\/wp-json\/wp\/v2\/comments?post=43765"}],"version-history":[{"count":3,"href":"https:\/\/www.lifenatura.com\/es\/wp-json\/wp\/v2\/pages\/43765\/revisions"}],"predecessor-version":[{"id":89147,"href":"https:\/\/www.lifenatura.com\/es\/wp-json\/wp\/v2\/pages\/43765\/revisions\/89147"}],"wp:attachment":[{"href":"https:\/\/www.lifenatura.com\/es\/wp-json\/wp\/v2\/media?parent=43765"}],"curies":[{"name":"wp","href":"https:\/\/api.w.org\/{rel}","templated":true}]}}