{"id":43739,"date":"2022-02-17T13:50:50","date_gmt":"2022-02-17T13:50:50","guid":{"rendered":"https:\/\/lifenatura.dev.agenciagetdigital.com\/?page_id=43739"},"modified":"2022-02-17T13:53:01","modified_gmt":"2022-02-17T13:53:01","slug":"quienes-somos","status":"publish","type":"page","link":"https:\/\/www.lifenatura.com\/es\/quienes-somos\/","title":{"rendered":"Quienes Somos"},"content":{"rendered":"\n<p><\/p>\n\n\n\n<p><strong>Lifenatura<\/strong>\u00a0es una empresa que ha existido durante 10 a\u00f1os y naci\u00f3 con el objetivo de ofrecer a nuestros clientes en todo el pa\u00eds los mejores suplementos naturales, diet\u00e9ticos, productos naturales, nutrici\u00f3n deportiva, alimentos saludables y sin gluten que sean ricos en sabor, en beneficios para la salud y nutricionalmente completo.\u00a0<\/p>\n\n\n\n<p>Una empresa familiar que trabaja con el objetivo de ofrecer valor a nuestros clientes, centr\u00e1ndose en este tri\u00e1ngulo &#8211;\u00a0<strong>Calidad del producto &#8211; Variedad &#8211; Precios competitivos.<\/strong><br><br>Actualmente estamos trabajando con las mejores marcas en el segmento de mercado de productos naturales, pero siempre estamos buscando productos nuevos e innovadores, tanto en suplementos como en alimentos saludables y sin gluten.<br><\/p>\n\n\n\n<p>Lifenatura presenta no solo los mejores productos naturales, sino que tambi\u00e9n siempre buscamos suplementos y productos alimenticios innovadores y principalmente org\u00e1nicos y artesanales, por lo que vamos regularmente a ferias todos los a\u00f1os y hablamos con empresas nacionales y internacionales para garantizar a nuestros clientes los mejores productos.<\/p>\n\n\n\n<p>Lifenatura es una de las mejores tiendas en l\u00ednea de productos y suplementos naturales, aqu\u00ed puede encontrar una gama de m\u00e1s de 5000 productos.<\/p>\n\n\n\n<p>Los productos caen en duda en varias categor\u00edas, una de las cuales es Salud y bienestar, donde puede encontrar vitaminas y minerales, suplementos para su hijo, antioxidantes, control de la celulitis, probi\u00f3ticos y m\u00e1s. Aqu\u00ed dividimos el cuerpo humano en varios sistemas: digestivo, cardiovascular, muscular, nervioso, etc.<br><\/p>\n\n\n\n<p>Aqu\u00ed tambi\u00e9n encontrar\u00e1 Homeopat\u00eda, Flor de Bach, Aromaterapia y Ozonoterapia.<\/p>\n\n\n\n<p>Tambi\u00e9n tenemos la parte de Cosm\u00e9tica Natural donde tenemos las mejores cremas hidratantes, champ\u00fas, geles de ba\u00f1o, cuidado del cuerpo, etc., todo con ingredientes naturales.<\/p>\n\n\n\n<p>Otra categor\u00eda importante es la alimentaci\u00f3n saludable, aqu\u00ed encontrar\u00e1 productos sin gluten, sin lactosa y sin az\u00facares a\u00f1adidos.<\/p>\n\n\n\n<p>Por \u00faltimo, tenemos varios productos disponibles para nutrici\u00f3n deportiva donde tenemos como protagonistas los productos de Gold Nutrition, la mejor marca portuguesa de nutrici\u00f3n deportiva.<br><br>Si desea contactarnos, env\u00edenos un correo electr\u00f3nico a geral@lifenatura.com, o cont\u00e1ctenos directamente al (+351) 243 090 393.<\/p>\n","protected":false},"excerpt":{"rendered":"<p>Lifenatura\u00a0es una empresa que ha existido durante 10 a\u00f1os y naci\u00f3 con el objetivo de ofrecer a nuestros clientes en todo el pa\u00eds los mejores suplementos naturales, diet\u00e9ticos, productos naturales, nutrici\u00f3n deportiva, alimentos saludables y sin gluten que sean ricos en sabor, en beneficios para la salud y nutricionalmente completo.\u00a0 Una empresa familiar que trabaja [&#8230;]<\/p>\n<p><a class=\"btn btn-secondary understrap-read-more-link\" href=\"https:\/\/www.lifenatura.com\/es\/quienes-somos\/\">Leer m\u00e1s&#8230;<span class=\"screen-reader-text\"> from Quienes Somos<\/span><\/a><\/p>\n","protected":false},"author":2,"featured_media":0,"parent":0,"menu_order":0,"comment_status":"closed","ping_status":"closed","template":"tpl-sobre.php","meta":{"_acf_changed":false,"footnotes":""},"class_list":["post-43739","page","type-page","status-publish","hentry"],"acf":[],"yoast_head":"<!-- This site is optimized with the Yoast SEO Premium plugin v27.1 (Yoast SEO v27.4) - https:\/\/yoast.com\/product\/yoast-seo-premium-wordpress\/ -->\n<title>Quienes Somos - Lifenatura<\/title>\n<meta name=\"description\" content=\"Lifenatura\u00a0es una empresa que ha existido mas de 10 a\u00f1os y con el objetivo de ofrecer a nuestros clientes los mejores suplementos naturales\" \/>\n<meta name=\"robots\" content=\"index, follow, max-snippet:-1, max-image-preview:large, max-video-preview:-1\" \/>\n<link rel=\"canonical\" href=\"https:\/\/www.lifenatura.com\/es\/quienes-somos\/\" \/>\n<meta property=\"og:locale\" content=\"es_ES\" \/>\n<meta property=\"og:type\" content=\"article\" \/>\n<meta property=\"og:title\" content=\"Quienes Somos\" \/>\n<meta property=\"og:description\" content=\"Lifenatura\u00a0es una empresa que ha existido mas de 10 a\u00f1os y con el objetivo de ofrecer a nuestros clientes los mejores suplementos naturales\" \/>\n<meta property=\"og:url\" content=\"https:\/\/www.lifenatura.com\/es\/quienes-somos\/\" \/>\n<meta property=\"og:site_name\" content=\"Lifenatura\" \/>\n<meta property=\"article:publisher\" content=\"https:\/\/www.facebook.com\/lifenatura\" \/>\n<meta property=\"article:modified_time\" content=\"2022-02-17T13:53:01+00:00\" \/>\n<meta property=\"og:image\" content=\"https:\/\/www.lifenatura.com\/wp-content\/uploads\/2021\/07\/logo.png\" \/>\n\t<meta property=\"og:image:width\" content=\"175\" \/>\n\t<meta property=\"og:image:height\" content=\"55\" \/>\n\t<meta property=\"og:image:type\" content=\"image\/png\" \/>\n<meta name=\"twitter:card\" content=\"summary_large_image\" \/>\n<meta name=\"twitter:label1\" content=\"Tiempo de lectura\" \/>\n\t<meta name=\"twitter:data1\" content=\"2 minutos\" \/>\n<!-- \/ Yoast SEO Premium plugin. -->","yoast_head_json":{"title":"Quienes Somos - Lifenatura","description":"Lifenatura\u00a0es una empresa que ha existido mas de 10 a\u00f1os y con el objetivo de ofrecer a nuestros clientes los mejores suplementos naturales","robots":{"index":"index","follow":"follow","max-snippet":"max-snippet:-1","max-image-preview":"max-image-preview:large","max-video-preview":"max-video-preview:-1"},"canonical":"https:\/\/www.lifenatura.com\/es\/quienes-somos\/","og_locale":"es_ES","og_type":"article","og_title":"Quienes Somos","og_description":"Lifenatura\u00a0es una empresa que ha existido mas de 10 a\u00f1os y con el objetivo de ofrecer a nuestros clientes los mejores suplementos naturales","og_url":"https:\/\/www.lifenatura.com\/es\/quienes-somos\/","og_site_name":"Lifenatura","article_publisher":"https:\/\/www.facebook.com\/lifenatura","article_modified_time":"2022-02-17T13:53:01+00:00","og_image":[{"width":175,"height":55,"url":"https:\/\/www.lifenatura.com\/wp-content\/uploads\/2021\/07\/logo.png","type":"image\/png"}],"twitter_card":"summary_large_image","twitter_misc":{"Tiempo de lectura":"2 minutos"},"schema":{"@context":"https:\/\/schema.org","@graph":[{"@type":"WebPage","@id":"https:\/\/www.lifenatura.com\/es\/quienes-somos\/","url":"https:\/\/www.lifenatura.com\/es\/quienes-somos\/","name":"Quienes Somos - Lifenatura","isPartOf":{"@id":"https:\/\/www.lifenatura.com\/#website"},"datePublished":"2022-02-17T13:50:50+00:00","dateModified":"2022-02-17T13:53:01+00:00","description":"Lifenatura\u00a0es una empresa que ha existido mas de 10 a\u00f1os y con el objetivo de ofrecer a nuestros clientes los mejores suplementos naturales","breadcrumb":{"@id":"https:\/\/www.lifenatura.com\/es\/quienes-somos\/#breadcrumb"},"inLanguage":"es","potentialAction":[{"@type":"ReadAction","target":["https:\/\/www.lifenatura.com\/es\/quienes-somos\/"]}]},{"@type":"BreadcrumbList","@id":"https:\/\/www.lifenatura.com\/es\/quienes-somos\/#breadcrumb","itemListElement":[{"@type":"ListItem","position":1,"name":"In\u00edcio","item":"https:\/\/www.lifenatura.com\/es\/"},{"@type":"ListItem","position":2,"name":"Quienes Somos"}]},{"@type":"WebSite","@id":"https:\/\/www.lifenatura.com\/#website","url":"https:\/\/www.lifenatura.com\/","name":"Lifenatura","description":"A Lifenatura \u00e9 uma loja de produtos naturais, cosm\u00e9tica natural e alimenta\u00e7\u00e3o Biol\u00f3gica.","publisher":{"@id":"https:\/\/www.lifenatura.com\/#organization"},"potentialAction":[{"@type":"SearchAction","target":{"@type":"EntryPoint","urlTemplate":"https:\/\/www.lifenatura.com\/?s={search_term_string}"},"query-input":{"@type":"PropertyValueSpecification","valueRequired":true,"valueName":"search_term_string"}}],"inLanguage":"es"},{"@type":"Organization","@id":"https:\/\/www.lifenatura.com\/#organization","name":"Lifenatura","url":"https:\/\/www.lifenatura.com\/","logo":{"@type":"ImageObject","inLanguage":"es","@id":"https:\/\/www.lifenatura.com\/#\/schema\/logo\/image\/","url":"https:\/\/www.lifenatura.com\/wp-content\/uploads\/2021\/11\/logo.png","contentUrl":"https:\/\/www.lifenatura.com\/wp-content\/uploads\/2021\/11\/logo.png","width":175,"height":55,"caption":"Lifenatura"},"image":{"@id":"https:\/\/www.lifenatura.com\/#\/schema\/logo\/image\/"},"sameAs":["https:\/\/www.facebook.com\/lifenatura","https:\/\/www.instagram.com\/lifenaturapt\/"]}]}},"_links":{"self":[{"href":"https:\/\/www.lifenatura.com\/es\/wp-json\/wp\/v2\/pages\/43739","targetHints":{"allow":["GET"]}}],"collection":[{"href":"https:\/\/www.lifenatura.com\/es\/wp-json\/wp\/v2\/pages"}],"about":[{"href":"https:\/\/www.lifenatura.com\/es\/wp-json\/wp\/v2\/types\/page"}],"author":[{"embeddable":true,"href":"https:\/\/www.lifenatura.com\/es\/wp-json\/wp\/v2\/users\/2"}],"replies":[{"embeddable":true,"href":"https:\/\/www.lifenatura.com\/es\/wp-json\/wp\/v2\/comments?post=43739"}],"version-history":[{"count":2,"href":"https:\/\/www.lifenatura.com\/es\/wp-json\/wp\/v2\/pages\/43739\/revisions"}],"predecessor-version":[{"id":43741,"href":"https:\/\/www.lifenatura.com\/es\/wp-json\/wp\/v2\/pages\/43739\/revisions\/43741"}],"wp:attachment":[{"href":"https:\/\/www.lifenatura.com\/es\/wp-json\/wp\/v2\/media?parent=43739"}],"curies":[{"name":"wp","href":"https:\/\/api.w.org\/{rel}","templated":true}]}}