{"id":41879,"date":"2021-11-15T16:02:39","date_gmt":"2021-11-15T16:02:39","guid":{"rendered":"https:\/\/lifenatura.dev.agenciagetdigital.com\/?page_id=41879"},"modified":"2022-02-18T08:19:28","modified_gmt":"2022-02-18T08:19:28","slug":"servicio-al-cliente","status":"publish","type":"page","link":"https:\/\/www.lifenatura.com\/es\/servicio-al-cliente\/","title":{"rendered":"Servicio al cliente"},"content":{"rendered":"","protected":false},"excerpt":{"rendered":"<p> [&#8230;]<\/p>\n<p><a class=\"btn btn-secondary understrap-read-more-link\" href=\"https:\/\/www.lifenatura.com\/es\/servicio-al-cliente\/\">Leer m\u00e1s&#8230;<span class=\"screen-reader-text\"> from Servicio al cliente<\/span><\/a><\/p>\n","protected":false},"author":1,"featured_media":0,"parent":0,"menu_order":0,"comment_status":"closed","ping_status":"closed","template":"tpl-informacoes.php","meta":{"_acf_changed":false,"footnotes":""},"class_list":["post-41879","page","type-page","status-publish","hentry"],"acf":[],"yoast_head":"<!-- This site is optimized with the Yoast SEO Premium plugin v27.1 (Yoast SEO v27.4) - https:\/\/yoast.com\/product\/yoast-seo-premium-wordpress\/ -->\n<title>Servicio al cliente - Lifenatura<\/title>\n<meta name=\"description\" content=\"Nos tomamos muy en serio la atenci\u00f3n al cliente, por eso hemos creado una lista de preguntas frecuentes donde puede responder sus preguntas.\" \/>\n<meta name=\"robots\" content=\"index, follow, max-snippet:-1, max-image-preview:large, max-video-preview:-1\" \/>\n<link rel=\"canonical\" href=\"https:\/\/www.lifenatura.com\/es\/servicio-al-cliente\/\" \/>\n<meta property=\"og:locale\" content=\"es_ES\" \/>\n<meta property=\"og:type\" content=\"article\" \/>\n<meta property=\"og:title\" content=\"Servicio al cliente\" \/>\n<meta property=\"og:description\" content=\"Nos tomamos muy en serio la atenci\u00f3n al cliente, por eso hemos creado una lista de preguntas frecuentes donde puede responder sus preguntas.\" \/>\n<meta property=\"og:url\" content=\"https:\/\/www.lifenatura.com\/es\/servicio-al-cliente\/\" \/>\n<meta property=\"og:site_name\" content=\"Lifenatura\" \/>\n<meta property=\"article:publisher\" content=\"https:\/\/www.facebook.com\/lifenatura\" \/>\n<meta property=\"article:modified_time\" content=\"2022-02-18T08:19:28+00:00\" \/>\n<meta property=\"og:image\" content=\"https:\/\/www.lifenatura.com\/wp-content\/uploads\/2021\/07\/logo.png\" \/>\n\t<meta property=\"og:image:width\" content=\"175\" \/>\n\t<meta property=\"og:image:height\" content=\"55\" \/>\n\t<meta property=\"og:image:type\" content=\"image\/png\" \/>\n<meta name=\"twitter:card\" content=\"summary_large_image\" \/>\n<!-- \/ Yoast SEO Premium plugin. -->","yoast_head_json":{"title":"Servicio al cliente - Lifenatura","description":"Nos tomamos muy en serio la atenci\u00f3n al cliente, por eso hemos creado una lista de preguntas frecuentes donde puede responder sus preguntas.","robots":{"index":"index","follow":"follow","max-snippet":"max-snippet:-1","max-image-preview":"max-image-preview:large","max-video-preview":"max-video-preview:-1"},"canonical":"https:\/\/www.lifenatura.com\/es\/servicio-al-cliente\/","og_locale":"es_ES","og_type":"article","og_title":"Servicio al cliente","og_description":"Nos tomamos muy en serio la atenci\u00f3n al cliente, por eso hemos creado una lista de preguntas frecuentes donde puede responder sus preguntas.","og_url":"https:\/\/www.lifenatura.com\/es\/servicio-al-cliente\/","og_site_name":"Lifenatura","article_publisher":"https:\/\/www.facebook.com\/lifenatura","article_modified_time":"2022-02-18T08:19:28+00:00","og_image":[{"width":175,"height":55,"url":"https:\/\/www.lifenatura.com\/wp-content\/uploads\/2021\/07\/logo.png","type":"image\/png"}],"twitter_card":"summary_large_image","schema":{"@context":"https:\/\/schema.org","@graph":[{"@type":"WebPage","@id":"https:\/\/www.lifenatura.com\/es\/servicio-al-cliente\/","url":"https:\/\/www.lifenatura.com\/es\/servicio-al-cliente\/","name":"Servicio al cliente - Lifenatura","isPartOf":{"@id":"https:\/\/www.lifenatura.com\/#website"},"datePublished":"2021-11-15T16:02:39+00:00","dateModified":"2022-02-18T08:19:28+00:00","description":"Nos tomamos muy en serio la atenci\u00f3n al cliente, por eso hemos creado una lista de preguntas frecuentes donde puede responder sus preguntas.","breadcrumb":{"@id":"https:\/\/www.lifenatura.com\/es\/servicio-al-cliente\/#breadcrumb"},"inLanguage":"es","potentialAction":[{"@type":"ReadAction","target":["https:\/\/www.lifenatura.com\/es\/servicio-al-cliente\/"]}]},{"@type":"BreadcrumbList","@id":"https:\/\/www.lifenatura.com\/es\/servicio-al-cliente\/#breadcrumb","itemListElement":[{"@type":"ListItem","position":1,"name":"In\u00edcio","item":"https:\/\/www.lifenatura.com\/es\/"},{"@type":"ListItem","position":2,"name":"Servicio al cliente"}]},{"@type":"WebSite","@id":"https:\/\/www.lifenatura.com\/#website","url":"https:\/\/www.lifenatura.com\/","name":"Lifenatura","description":"A Lifenatura \u00e9 uma loja de produtos naturais, cosm\u00e9tica natural e alimenta\u00e7\u00e3o Biol\u00f3gica.","publisher":{"@id":"https:\/\/www.lifenatura.com\/#organization"},"potentialAction":[{"@type":"SearchAction","target":{"@type":"EntryPoint","urlTemplate":"https:\/\/www.lifenatura.com\/?s={search_term_string}"},"query-input":{"@type":"PropertyValueSpecification","valueRequired":true,"valueName":"search_term_string"}}],"inLanguage":"es"},{"@type":"Organization","@id":"https:\/\/www.lifenatura.com\/#organization","name":"Lifenatura","url":"https:\/\/www.lifenatura.com\/","logo":{"@type":"ImageObject","inLanguage":"es","@id":"https:\/\/www.lifenatura.com\/#\/schema\/logo\/image\/","url":"https:\/\/www.lifenatura.com\/wp-content\/uploads\/2021\/11\/logo.png","contentUrl":"https:\/\/www.lifenatura.com\/wp-content\/uploads\/2021\/11\/logo.png","width":175,"height":55,"caption":"Lifenatura"},"image":{"@id":"https:\/\/www.lifenatura.com\/#\/schema\/logo\/image\/"},"sameAs":["https:\/\/www.facebook.com\/lifenatura","https:\/\/www.instagram.com\/lifenaturapt\/"]}]}},"_links":{"self":[{"href":"https:\/\/www.lifenatura.com\/es\/wp-json\/wp\/v2\/pages\/41879","targetHints":{"allow":["GET"]}}],"collection":[{"href":"https:\/\/www.lifenatura.com\/es\/wp-json\/wp\/v2\/pages"}],"about":[{"href":"https:\/\/www.lifenatura.com\/es\/wp-json\/wp\/v2\/types\/page"}],"author":[{"embeddable":true,"href":"https:\/\/www.lifenatura.com\/es\/wp-json\/wp\/v2\/users\/1"}],"replies":[{"embeddable":true,"href":"https:\/\/www.lifenatura.com\/es\/wp-json\/wp\/v2\/comments?post=41879"}],"version-history":[{"count":3,"href":"https:\/\/www.lifenatura.com\/es\/wp-json\/wp\/v2\/pages\/41879\/revisions"}],"predecessor-version":[{"id":43778,"href":"https:\/\/www.lifenatura.com\/es\/wp-json\/wp\/v2\/pages\/41879\/revisions\/43778"}],"wp:attachment":[{"href":"https:\/\/www.lifenatura.com\/es\/wp-json\/wp\/v2\/media?parent=41879"}],"curies":[{"name":"wp","href":"https:\/\/api.w.org\/{rel}","templated":true}]}}