{"id":12328,"date":"2021-07-15T16:21:50","date_gmt":"2021-07-15T16:21:50","guid":{"rendered":"https:\/\/lifenatura.dev.agenciagetdigital.com\/?page_id=12328"},"modified":"2026-03-02T07:13:41","modified_gmt":"2026-03-02T07:13:41","slug":"inicio","status":"publish","type":"page","link":"https:\/\/www.lifenatura.com\/es\/","title":{"rendered":"Lifenatura Su Tienda de Productos Naturales y Cosm\u00e9tica Natural"},"content":{"rendered":"","protected":false},"excerpt":{"rendered":"<p> [&#8230;]<\/p>\n<p><a class=\"btn btn-secondary understrap-read-more-link\" href=\"https:\/\/www.lifenatura.com\/es\/\">Leer m\u00e1s&#8230;<span class=\"screen-reader-text\"> from Lifenatura Su Tienda de Productos Naturales y Cosm\u00e9tica Natural<\/span><\/a><\/p>\n","protected":false},"author":1,"featured_media":43025,"parent":0,"menu_order":0,"comment_status":"closed","ping_status":"closed","template":"tpl-home.php","meta":{"_acf_changed":false,"footnotes":""},"class_list":["post-12328","page","type-page","status-publish","has-post-thumbnail","hentry"],"acf":[],"yoast_head":"<!-- This site is optimized with the Yoast SEO Premium plugin v27.1 (Yoast SEO v27.3) - https:\/\/yoast.com\/product\/yoast-seo-premium-wordpress\/ -->\n<title>Lifenatura Su Tienda de Productos Naturales y Cosm\u00e9tica Natural<\/title>\n<meta name=\"description\" content=\"Lifenatura, tienda online con m\u00e1s 10 a\u00f1os de experiencia, especializada en productos naturales, alimentos sin gluten y cosm\u00e9ticos naturales.\" \/>\n<meta name=\"robots\" content=\"index, follow, max-snippet:-1, max-image-preview:large, max-video-preview:-1\" \/>\n<link rel=\"canonical\" href=\"https:\/\/www.lifenatura.com\/es\/\" \/>\n<meta property=\"og:locale\" content=\"es_ES\" \/>\n<meta property=\"og:type\" content=\"article\" \/>\n<meta property=\"og:title\" content=\"Lifenatura Su Tienda de Productos Naturales y Cosm\u00e9tica Natural\" \/>\n<meta property=\"og:description\" content=\"Lifenatura, tienda online con m\u00e1s 10 a\u00f1os de experiencia, especializada en productos naturales, alimentos sin gluten y cosm\u00e9ticos naturales.\" \/>\n<meta property=\"og:url\" content=\"https:\/\/www.lifenatura.com\/es\/\" \/>\n<meta property=\"og:site_name\" content=\"Lifenatura\" \/>\n<meta property=\"article:publisher\" content=\"https:\/\/www.facebook.com\/lifenatura\" \/>\n<meta property=\"article:modified_time\" content=\"2026-03-02T07:13:41+00:00\" \/>\n<meta property=\"og:image\" content=\"https:\/\/www.lifenatura.com\/wp-content\/uploads\/2022\/01\/favicon.jpg\" \/>\n\t<meta property=\"og:image:width\" content=\"515\" \/>\n\t<meta property=\"og:image:height\" content=\"515\" \/>\n\t<meta property=\"og:image:type\" content=\"image\/jpeg\" \/>\n<meta name=\"twitter:card\" content=\"summary_large_image\" \/>\n<meta name=\"twitter:label1\" content=\"Tiempo de lectura\" \/>\n\t<meta name=\"twitter:data1\" content=\"1 minuto\" \/>\n<!-- \/ Yoast SEO Premium plugin. -->","yoast_head_json":{"title":"Lifenatura Su Tienda de Productos Naturales y Cosm\u00e9tica Natural","description":"Lifenatura, tienda online con m\u00e1s 10 a\u00f1os de experiencia, especializada en productos naturales, alimentos sin gluten y cosm\u00e9ticos naturales.","robots":{"index":"index","follow":"follow","max-snippet":"max-snippet:-1","max-image-preview":"max-image-preview:large","max-video-preview":"max-video-preview:-1"},"canonical":"https:\/\/www.lifenatura.com\/es\/","og_locale":"es_ES","og_type":"article","og_title":"Lifenatura Su Tienda de Productos Naturales y Cosm\u00e9tica Natural","og_description":"Lifenatura, tienda online con m\u00e1s 10 a\u00f1os de experiencia, especializada en productos naturales, alimentos sin gluten y cosm\u00e9ticos naturales.","og_url":"https:\/\/www.lifenatura.com\/es\/","og_site_name":"Lifenatura","article_publisher":"https:\/\/www.facebook.com\/lifenatura","article_modified_time":"2026-03-02T07:13:41+00:00","og_image":[{"width":515,"height":515,"url":"https:\/\/www.lifenatura.com\/wp-content\/uploads\/2022\/01\/favicon.jpg","type":"image\/jpeg"}],"twitter_card":"summary_large_image","twitter_misc":{"Tiempo de lectura":"1 minuto"},"schema":{"@context":"https:\/\/schema.org","@graph":[{"@type":"WebPage","@id":"https:\/\/www.lifenatura.com\/es\/","url":"https:\/\/www.lifenatura.com\/es\/","name":"Lifenatura Su Tienda de Productos Naturales y Cosm\u00e9tica Natural","isPartOf":{"@id":"https:\/\/www.lifenatura.com\/es\/#website"},"primaryImageOfPage":{"@id":"https:\/\/www.lifenatura.com\/es\/#primaryimage"},"image":{"@id":"https:\/\/www.lifenatura.com\/es\/#primaryimage"},"thumbnailUrl":"https:\/\/www.lifenatura.com\/wp-content\/uploads\/2022\/01\/favicon.jpg","datePublished":"2021-07-15T16:21:50+00:00","dateModified":"2026-03-02T07:13:41+00:00","description":"Lifenatura, tienda online con m\u00e1s 10 a\u00f1os de experiencia, especializada en productos naturales, alimentos sin gluten y cosm\u00e9ticos naturales.","breadcrumb":{"@id":"https:\/\/www.lifenatura.com\/es\/#breadcrumb"},"inLanguage":"es","potentialAction":[{"@type":"ReadAction","target":["https:\/\/www.lifenatura.com\/es\/"]}]},{"@type":"ImageObject","inLanguage":"es","@id":"https:\/\/www.lifenatura.com\/es\/#primaryimage","url":"https:\/\/www.lifenatura.com\/wp-content\/uploads\/2022\/01\/favicon.jpg","contentUrl":"https:\/\/www.lifenatura.com\/wp-content\/uploads\/2022\/01\/favicon.jpg","width":515,"height":515,"caption":"favicon lifenatura"},{"@type":"BreadcrumbList","@id":"https:\/\/www.lifenatura.com\/es\/#breadcrumb","itemListElement":[{"@type":"ListItem","position":1,"name":"In\u00edcio","item":"https:\/\/www.lifenatura.com\/es\/"},{"@type":"ListItem","position":2,"name":"Lifenatura Su Tienda de Productos Naturales y Cosm\u00e9tica Natural"}]},{"@type":"WebSite","@id":"https:\/\/www.lifenatura.com\/es\/#website","url":"https:\/\/www.lifenatura.com\/es\/","name":"Lifenatura","description":"A Lifenatura \u00e9 uma loja de produtos naturais, cosm\u00e9tica natural e alimenta\u00e7\u00e3o Biol\u00f3gica.","publisher":{"@id":"https:\/\/www.lifenatura.com\/es\/#organization"},"potentialAction":[{"@type":"SearchAction","target":{"@type":"EntryPoint","urlTemplate":"https:\/\/www.lifenatura.com\/es\/?s={search_term_string}"},"query-input":{"@type":"PropertyValueSpecification","valueRequired":true,"valueName":"search_term_string"}}],"inLanguage":"es"},{"@type":"Organization","@id":"https:\/\/www.lifenatura.com\/es\/#organization","name":"Lifenatura","url":"https:\/\/www.lifenatura.com\/es\/","logo":{"@type":"ImageObject","inLanguage":"es","@id":"https:\/\/www.lifenatura.com\/es\/#\/schema\/logo\/image\/","url":"https:\/\/www.lifenatura.com\/wp-content\/uploads\/2021\/11\/logo.png","contentUrl":"https:\/\/www.lifenatura.com\/wp-content\/uploads\/2021\/11\/logo.png","width":175,"height":55,"caption":"Lifenatura"},"image":{"@id":"https:\/\/www.lifenatura.com\/es\/#\/schema\/logo\/image\/"},"sameAs":["https:\/\/www.facebook.com\/lifenatura","https:\/\/www.instagram.com\/lifenaturapt\/"]}]}},"_links":{"self":[{"href":"https:\/\/www.lifenatura.com\/es\/wp-json\/wp\/v2\/pages\/12328","targetHints":{"allow":["GET"]}}],"collection":[{"href":"https:\/\/www.lifenatura.com\/es\/wp-json\/wp\/v2\/pages"}],"about":[{"href":"https:\/\/www.lifenatura.com\/es\/wp-json\/wp\/v2\/types\/page"}],"author":[{"embeddable":true,"href":"https:\/\/www.lifenatura.com\/es\/wp-json\/wp\/v2\/users\/1"}],"replies":[{"embeddable":true,"href":"https:\/\/www.lifenatura.com\/es\/wp-json\/wp\/v2\/comments?post=12328"}],"version-history":[{"count":3,"href":"https:\/\/www.lifenatura.com\/es\/wp-json\/wp\/v2\/pages\/12328\/revisions"}],"predecessor-version":[{"id":127519,"href":"https:\/\/www.lifenatura.com\/es\/wp-json\/wp\/v2\/pages\/12328\/revisions\/127519"}],"wp:featuredmedia":[{"embeddable":true,"href":"https:\/\/www.lifenatura.com\/es\/wp-json\/wp\/v2\/media\/43025"}],"wp:attachment":[{"href":"https:\/\/www.lifenatura.com\/es\/wp-json\/wp\/v2\/media?parent=12328"}],"curies":[{"name":"wp","href":"https:\/\/api.w.org\/{rel}","templated":true}]}}